{"id":86765,"date":"2026-02-23T10:02:53","date_gmt":"2026-02-23T08:02:53","guid":{"rendered":"https:\/\/kidsplay.lt\/produktas\/balansinis-dviratis-3in1-juodai-metines-spalvos\/"},"modified":"2026-04-13T11:03:17","modified_gmt":"2026-04-13T08:03:17","slug":"balansinis-dviratis-3in1-juodai-metines-spalvos","status":"publish","type":"product","link":"https:\/\/kidsplay.lt\/lv\/products\/balansinis-dviratis-3in1-juodai-metines-spalvos\/","title":{"rendered":"Balansinis Dviratis 3in1 \u2013 Juodai M\u0117tin\u0117s Spalvos"},"content":{"rendered":"<p>Renkantis dviratuk\u0105 vaikui svarbiausia u\u017etikrinti saugum\u0105, komfort\u0105 ir patog\u0173 naudojim\u0105. \u0160is 3in1 modelis b\u016btent tai ir si\u016blo. Tai triratukas, balansinis dviratis ir klasikinis dviratis viename \u2013 sprendimas, kuris tarnaus vaikui ilg\u0105 laik\u0105, prisitaikydamas prie jo \u012fg\u016bd\u017ei\u0173 ir augimo.<\/p>\n<p>Lengva, tvirta plienin\u0117 konstrukcija garantuoja ilgaam\u017ei\u0161kum\u0105, o nuimami pedalai ir papildomi ratukai leid\u017eia naudoti dvirat\u012f trimis skirtingais b\u016bdais:<\/p>\n<p> \tkaip balansin\u012f dviratuk\u0105, kai nuimami pedalai ir papildomi ratukai,<br \/>\n \tkaip triratuk\u0105, kai naudojami papildomi ratukai,<br \/>\n \tkaip klasikin\u012f dvirat\u012f, kai vaikas jau pasiruo\u0161\u0119s savaranki\u0161kai minti.<\/p>\n<p>Reguliuojama mink\u0161ta s\u0117dyn\u0117, neslystan\u010dios rankenos, vairo apsauga i\u0161 putplas\u010dio ir EVA ratukai u\u017etikrina patog\u0173 ir saug\u0173 va\u017eiavim\u0105. Va\u017ein\u0117jimas lauke ne tik lavina vaiko motorik\u0105, bet ir skatina aktyv\u0173 gyvenimo b\u016bd\u0105.<\/p>\n<p>Dviratukas sveria tik 5 kg, tod\u0117l j\u012f lengva ne\u0161ti ir transportuoti.<\/p>\n<p>Dviratuko matmenys<\/p>\n<p> \ts\u0117dyn\u0117s plotis: 12 cm<br \/>\n \ts\u0117dyn\u0117s ilgis: 21 cm<br \/>\n \tmaksimalus s\u0117dyn\u0117s auk\u0161tis nuo \u017eem\u0117s: 44 cm<br \/>\n \tminimalus s\u0117dyn\u0117s auk\u0161tis nuo \u017eem\u0117s: 34 cm<br \/>\n \tmaksimalus rankenos auk\u0161tis nuo \u017eem\u0117s: 94 cm<br \/>\n \tminimalus rankenos auk\u0161tis nuo \u017eem\u0117s: 84 cm<br \/>\n \tmaksimalus rankenos ilgis: 85 cm<br \/>\n \tminimalus rankenos ilgis: 75 cm<br \/>\n \tst\u016bmimo rankenos plotis: 38 cm<br \/>\n \tauk\u0161tis iki st\u016bmimo rankenos: 59 cm<br \/>\n \tatstumas nuo vairo iki s\u0117dyn\u0117s: ~9 cm<br \/>\n \tgalini\u0173 rat\u0173 plotis: ~40 cm<br \/>\n \tma\u017eo rato skersmuo: 11 cm<br \/>\n \tdidelio rato skersmuo: 26 cm<br \/>\n \tatstumas nuo s\u0117dyn\u0117s iki pedal\u0173: ~30 cm<\/p>\n<p>Pakuot\u0117<\/p>\n<p> \tpakuot\u0117s matmenys: 69 \u00d7 19 \u00d7 29 cm<br \/>\n \tpakuot\u0117s svoris: 5,5 kg<\/p>","protected":false},"excerpt":{"rendered":"<p>Renkantis dviratuk\u0105 vaikui svarbiausia u\u017etikrinti saugum\u0105, komfort\u0105 ir patog\u0173 naudojim\u0105. \u0160is 3in1 modelis b\u016btent tai ir si\u016blo. Tai triratukas, balansinis<\/p>","protected":false},"featured_media":86767,"template":"","meta":{"_acf_changed":false,"_glsr_average":0,"_glsr_ranking":0,"_glsr_reviews":0},"product_brand":[],"product_cat":[240,237],"product_tag":[],"class_list":{"0":"post-86765","1":"product","2":"type-product","3":"status-publish","4":"has-post-thumbnail","6":"product_cat-balansiniai-dviratukai","7":"product_cat-judejimo-priemones","8":"\"style=\"background-color: #2ecc711c;\"","10":"first","11":"instock","12":"purchasable","13":"product-type-simple"},"acf":[],"yoast_head":"<!-- This site is optimized with the Yoast SEO plugin v27.3 - https:\/\/yoast.com\/product\/yoast-seo-wordpress\/ -->\n<title>Balansinis Dviratis 3in1 \u2013 Juodai M\u0117tin\u0117s Spalvos<\/title>\n<meta name=\"description\" content=\"Balansinis Dviratis 3in1 \u2013 Juodai M\u0117tin\u0117s Spalvos - KidsPlay. Did\u017eiausias vaik\u0173 \u017eaisl\u0173 pasirinkimas.\" \/>\n<meta name=\"robots\" content=\"index, follow, max-snippet:-1, max-image-preview:large, max-video-preview:-1\" \/>\n<link rel=\"canonical\" href=\"https:\/\/kidsplay.lt\/lv\/products\/balansinis-dviratis-3in1-juodai-metines-spalvos\/\" \/>\n<meta property=\"og:locale\" content=\"lv_LV\" \/>\n<meta property=\"og:type\" content=\"article\" \/>\n<meta property=\"og:title\" content=\"Balansinis Dviratis 3in1 \u2013 Juodai M\u0117tin\u0117s Spalvos\" \/>\n<meta property=\"og:description\" content=\"Balansinis Dviratis 3in1 \u2013 Juodai M\u0117tin\u0117s Spalvos - KidsPlay. Did\u017eiausias vaik\u0173 \u017eaisl\u0173 pasirinkimas.\" \/>\n<meta property=\"og:url\" content=\"https:\/\/kidsplay.lt\/lv\/products\/balansinis-dviratis-3in1-juodai-metines-spalvos\/\" \/>\n<meta property=\"og:site_name\" content=\"KidsPlay\" \/>\n<meta property=\"article:publisher\" content=\"https:\/\/www.facebook.com\/www.kidsplay.lt\" \/>\n<meta property=\"article:modified_time\" content=\"2026-04-13T08:03:17+00:00\" \/>\n<meta property=\"og:image\" content=\"https:\/\/kidsplay.lt\/wp-content\/uploads\/2026\/02\/Balansinis-Dviratis-3in1-\u2013-Juodai-Metines-Spalvos.jpg\" \/>\n\t<meta property=\"og:image:width\" content=\"826\" \/>\n\t<meta property=\"og:image:height\" content=\"578\" \/>\n\t<meta property=\"og:image:type\" content=\"image\/jpeg\" \/>\n<meta name=\"twitter:card\" content=\"summary_large_image\" \/>\n<meta name=\"twitter:label1\" content=\"Est. reading time\" \/>\n\t<meta name=\"twitter:data1\" content=\"1 min\u016bte\" \/>\n<script type=\"application\/ld+json\" class=\"yoast-schema-graph\">{\"@context\":\"https:\\\/\\\/schema.org\",\"@graph\":[{\"@type\":\"WebPage\",\"@id\":\"https:\\\/\\\/kidsplay.lt\\\/produktas\\\/balansinis-dviratis-3in1-juodai-metines-spalvos\\\/\",\"url\":\"https:\\\/\\\/kidsplay.lt\\\/produktas\\\/balansinis-dviratis-3in1-juodai-metines-spalvos\\\/\",\"name\":\"Balansinis Dviratis 3in1 \u2013 Juodai M\u0117tin\u0117s Spalvos\",\"isPartOf\":{\"@id\":\"https:\\\/\\\/kidsplay.lt\\\/#website\"},\"primaryImageOfPage\":{\"@id\":\"https:\\\/\\\/kidsplay.lt\\\/produktas\\\/balansinis-dviratis-3in1-juodai-metines-spalvos\\\/#primaryimage\"},\"image\":{\"@id\":\"https:\\\/\\\/kidsplay.lt\\\/produktas\\\/balansinis-dviratis-3in1-juodai-metines-spalvos\\\/#primaryimage\"},\"thumbnailUrl\":\"https:\\\/\\\/kidsplay.lt\\\/wp-content\\\/uploads\\\/2026\\\/02\\\/Balansinis-Dviratis-3in1-\u2013-Juodai-Metines-Spalvos.jpg\",\"datePublished\":\"2026-02-23T08:02:53+00:00\",\"dateModified\":\"2026-04-13T08:03:17+00:00\",\"description\":\"Balansinis Dviratis 3in1 \u2013 Juodai M\u0117tin\u0117s Spalvos - KidsPlay. Did\u017eiausias vaik\u0173 \u017eaisl\u0173 pasirinkimas.\",\"breadcrumb\":{\"@id\":\"https:\\\/\\\/kidsplay.lt\\\/produktas\\\/balansinis-dviratis-3in1-juodai-metines-spalvos\\\/#breadcrumb\"},\"inLanguage\":\"lv-LV\",\"potentialAction\":[{\"@type\":\"ReadAction\",\"target\":[\"https:\\\/\\\/kidsplay.lt\\\/produktas\\\/balansinis-dviratis-3in1-juodai-metines-spalvos\\\/\"]}]},{\"@type\":\"ImageObject\",\"inLanguage\":\"lv-LV\",\"@id\":\"https:\\\/\\\/kidsplay.lt\\\/produktas\\\/balansinis-dviratis-3in1-juodai-metines-spalvos\\\/#primaryimage\",\"url\":\"https:\\\/\\\/kidsplay.lt\\\/wp-content\\\/uploads\\\/2026\\\/02\\\/Balansinis-Dviratis-3in1-\u2013-Juodai-Metines-Spalvos.jpg\",\"contentUrl\":\"https:\\\/\\\/kidsplay.lt\\\/wp-content\\\/uploads\\\/2026\\\/02\\\/Balansinis-Dviratis-3in1-\u2013-Juodai-Metines-Spalvos.jpg\",\"width\":826,\"height\":578,\"caption\":\"Balansinis Dviratis 3in1 \u2013 Juodai M\u0117tin\u0117s Spalvos\"},{\"@type\":\"BreadcrumbList\",\"@id\":\"https:\\\/\\\/kidsplay.lt\\\/produktas\\\/balansinis-dviratis-3in1-juodai-metines-spalvos\\\/#breadcrumb\",\"itemListElement\":[{\"@type\":\"ListItem\",\"position\":1,\"name\":\"Pagrindinis\",\"item\":\"https:\\\/\\\/kidsplay.lt\\\/\"},{\"@type\":\"ListItem\",\"position\":2,\"name\":\"Parduotuv\u0117\",\"item\":\"https:\\\/\\\/kidsplay.lt\\\/parduotuve\\\/\"},{\"@type\":\"ListItem\",\"position\":3,\"name\":\"Balansinis Dviratis 3in1 \u2013 Juodai M\u0117tin\u0117s Spalvos\"}]},{\"@type\":\"WebSite\",\"@id\":\"https:\\\/\\\/kidsplay.lt\\\/#website\",\"url\":\"https:\\\/\\\/kidsplay.lt\\\/\",\"name\":\"Kidsplay.lt\",\"description\":\"\u012evairios prek\u0117s vaikams\",\"publisher\":{\"@id\":\"https:\\\/\\\/kidsplay.lt\\\/#organization\"},\"alternateName\":\"Kidsplay\",\"potentialAction\":[{\"@type\":\"SearchAction\",\"target\":{\"@type\":\"EntryPoint\",\"urlTemplate\":\"https:\\\/\\\/kidsplay.lt\\\/?s={search_term_string}\"},\"query-input\":{\"@type\":\"PropertyValueSpecification\",\"valueRequired\":true,\"valueName\":\"search_term_string\"}}],\"inLanguage\":\"lv-LV\"},{\"@type\":\"Organization\",\"@id\":\"https:\\\/\\\/kidsplay.lt\\\/#organization\",\"name\":\"KidsPlay\",\"url\":\"https:\\\/\\\/kidsplay.lt\\\/\",\"logo\":{\"@type\":\"ImageObject\",\"inLanguage\":\"lv-LV\",\"@id\":\"https:\\\/\\\/kidsplay.lt\\\/#\\\/schema\\\/logo\\\/image\\\/\",\"url\":\"https:\\\/\\\/kidsplay.lt\\\/wp-content\\\/uploads\\\/2023\\\/07\\\/kidsplay-logo.png\",\"contentUrl\":\"https:\\\/\\\/kidsplay.lt\\\/wp-content\\\/uploads\\\/2023\\\/07\\\/kidsplay-logo.png\",\"width\":451,\"height\":98,\"caption\":\"KidsPlay\"},\"image\":{\"@id\":\"https:\\\/\\\/kidsplay.lt\\\/#\\\/schema\\\/logo\\\/image\\\/\"},\"sameAs\":[\"https:\\\/\\\/www.facebook.com\\\/www.kidsplay.lt\"]}]}<\/script>\n<!-- \/ Yoast SEO plugin. -->","yoast_head_json":{"title":"Balansinis Dviratis 3in1 \u2013 Juodai M\u0117tin\u0117s Spalvos","description":"Balansinis Dviratis 3in1 \u2013 Juodai M\u0117tin\u0117s Spalvos - KidsPlay. Did\u017eiausias vaik\u0173 \u017eaisl\u0173 pasirinkimas.","robots":{"index":"index","follow":"follow","max-snippet":"max-snippet:-1","max-image-preview":"max-image-preview:large","max-video-preview":"max-video-preview:-1"},"canonical":"https:\/\/kidsplay.lt\/lv\/products\/balansinis-dviratis-3in1-juodai-metines-spalvos\/","og_locale":"lv_LV","og_type":"article","og_title":"Balansinis Dviratis 3in1 \u2013 Juodai M\u0117tin\u0117s Spalvos","og_description":"Balansinis Dviratis 3in1 \u2013 Juodai M\u0117tin\u0117s Spalvos - KidsPlay. Did\u017eiausias vaik\u0173 \u017eaisl\u0173 pasirinkimas.","og_url":"https:\/\/kidsplay.lt\/lv\/products\/balansinis-dviratis-3in1-juodai-metines-spalvos\/","og_site_name":"KidsPlay","article_publisher":"https:\/\/www.facebook.com\/www.kidsplay.lt","article_modified_time":"2026-04-13T08:03:17+00:00","og_image":[{"width":826,"height":578,"url":"https:\/\/kidsplay.lt\/wp-content\/uploads\/2026\/02\/Balansinis-Dviratis-3in1-\u2013-Juodai-Metines-Spalvos.jpg","type":"image\/jpeg"}],"twitter_card":"summary_large_image","twitter_misc":{"Est. reading time":"1 min\u016bte"},"schema":{"@context":"https:\/\/schema.org","@graph":[{"@type":"WebPage","@id":"https:\/\/kidsplay.lt\/produktas\/balansinis-dviratis-3in1-juodai-metines-spalvos\/","url":"https:\/\/kidsplay.lt\/produktas\/balansinis-dviratis-3in1-juodai-metines-spalvos\/","name":"Balansinis Dviratis 3in1 \u2013 Juodai M\u0117tin\u0117s Spalvos","isPartOf":{"@id":"https:\/\/kidsplay.lt\/#website"},"primaryImageOfPage":{"@id":"https:\/\/kidsplay.lt\/produktas\/balansinis-dviratis-3in1-juodai-metines-spalvos\/#primaryimage"},"image":{"@id":"https:\/\/kidsplay.lt\/produktas\/balansinis-dviratis-3in1-juodai-metines-spalvos\/#primaryimage"},"thumbnailUrl":"https:\/\/kidsplay.lt\/wp-content\/uploads\/2026\/02\/Balansinis-Dviratis-3in1-\u2013-Juodai-Metines-Spalvos.jpg","datePublished":"2026-02-23T08:02:53+00:00","dateModified":"2026-04-13T08:03:17+00:00","description":"Balansinis Dviratis 3in1 \u2013 Juodai M\u0117tin\u0117s Spalvos - KidsPlay. Did\u017eiausias vaik\u0173 \u017eaisl\u0173 pasirinkimas.","breadcrumb":{"@id":"https:\/\/kidsplay.lt\/produktas\/balansinis-dviratis-3in1-juodai-metines-spalvos\/#breadcrumb"},"inLanguage":"lv-LV","potentialAction":[{"@type":"ReadAction","target":["https:\/\/kidsplay.lt\/produktas\/balansinis-dviratis-3in1-juodai-metines-spalvos\/"]}]},{"@type":"ImageObject","inLanguage":"lv-LV","@id":"https:\/\/kidsplay.lt\/produktas\/balansinis-dviratis-3in1-juodai-metines-spalvos\/#primaryimage","url":"https:\/\/kidsplay.lt\/wp-content\/uploads\/2026\/02\/Balansinis-Dviratis-3in1-\u2013-Juodai-Metines-Spalvos.jpg","contentUrl":"https:\/\/kidsplay.lt\/wp-content\/uploads\/2026\/02\/Balansinis-Dviratis-3in1-\u2013-Juodai-Metines-Spalvos.jpg","width":826,"height":578,"caption":"Balansinis Dviratis 3in1 \u2013 Juodai M\u0117tin\u0117s Spalvos"},{"@type":"BreadcrumbList","@id":"https:\/\/kidsplay.lt\/produktas\/balansinis-dviratis-3in1-juodai-metines-spalvos\/#breadcrumb","itemListElement":[{"@type":"ListItem","position":1,"name":"Pagrindinis","item":"https:\/\/kidsplay.lt\/"},{"@type":"ListItem","position":2,"name":"Parduotuv\u0117","item":"https:\/\/kidsplay.lt\/parduotuve\/"},{"@type":"ListItem","position":3,"name":"Balansinis Dviratis 3in1 \u2013 Juodai M\u0117tin\u0117s Spalvos"}]},{"@type":"WebSite","@id":"https:\/\/kidsplay.lt\/#website","url":"https:\/\/kidsplay.lt\/","name":"B\u0113rnu sp\u0113les.lv","description":"\u012evairios prek\u0117s vaikams","publisher":{"@id":"https:\/\/kidsplay.lt\/#organization"},"alternateName":"Kidsplay","potentialAction":[{"@type":"SearchAction","target":{"@type":"EntryPoint","urlTemplate":"https:\/\/kidsplay.lt\/?s={search_term_string}"},"query-input":{"@type":"PropertyValueSpecification","valueRequired":true,"valueName":"search_term_string"}}],"inLanguage":"lv-LV"},{"@type":"Organization","@id":"https:\/\/kidsplay.lt\/#organization","name":"B\u0113rnu sp\u0113le","url":"https:\/\/kidsplay.lt\/","logo":{"@type":"ImageObject","inLanguage":"lv-LV","@id":"https:\/\/kidsplay.lt\/#\/schema\/logo\/image\/","url":"https:\/\/kidsplay.lt\/wp-content\/uploads\/2023\/07\/kidsplay-logo.png","contentUrl":"https:\/\/kidsplay.lt\/wp-content\/uploads\/2023\/07\/kidsplay-logo.png","width":451,"height":98,"caption":"KidsPlay"},"image":{"@id":"https:\/\/kidsplay.lt\/#\/schema\/logo\/image\/"},"sameAs":["https:\/\/www.facebook.com\/www.kidsplay.lt"]}]}},"_links":{"self":[{"href":"https:\/\/kidsplay.lt\/lv\/wp-json\/wp\/v2\/product\/86765","targetHints":{"allow":["GET"]}}],"collection":[{"href":"https:\/\/kidsplay.lt\/lv\/wp-json\/wp\/v2\/product"}],"about":[{"href":"https:\/\/kidsplay.lt\/lv\/wp-json\/wp\/v2\/types\/product"}],"version-history":[{"count":1,"href":"https:\/\/kidsplay.lt\/lv\/wp-json\/wp\/v2\/product\/86765\/revisions"}],"predecessor-version":[{"id":86766,"href":"https:\/\/kidsplay.lt\/lv\/wp-json\/wp\/v2\/product\/86765\/revisions\/86766"}],"wp:featuredmedia":[{"embeddable":true,"href":"https:\/\/kidsplay.lt\/lv\/wp-json\/wp\/v2\/media\/86767"}],"wp:attachment":[{"href":"https:\/\/kidsplay.lt\/lv\/wp-json\/wp\/v2\/media?parent=86765"}],"wp:term":[{"taxonomy":"product_brand","embeddable":true,"href":"https:\/\/kidsplay.lt\/lv\/wp-json\/wp\/v2\/product_brand?post=86765"},{"taxonomy":"product_cat","embeddable":true,"href":"https:\/\/kidsplay.lt\/lv\/wp-json\/wp\/v2\/product_cat?post=86765"},{"taxonomy":"product_tag","embeddable":true,"href":"https:\/\/kidsplay.lt\/lv\/wp-json\/wp\/v2\/product_tag?post=86765"}],"curies":[{"name":"wp","href":"https:\/\/api.w.org\/{rel}","templated":true}]}}