{"id":86786,"date":"2026-02-23T10:03:17","date_gmt":"2026-02-23T08:03:17","guid":{"rendered":"https:\/\/kidsplay.lt\/produktas\/pro300-raudonas-triratukas\/"},"modified":"2026-04-10T09:56:11","modified_gmt":"2026-04-10T06:56:11","slug":"pro300-raudonas-triratukas","status":"publish","type":"product","link":"https:\/\/kidsplay.lt\/lv\/products\/pro300-raudonas-triratukas\/","title":{"rendered":"PRO300 sarkans tr\u012bsritenis"},"content":{"rendered":"<p>Ar j\u016bs\u0173 ma\u017eylis toks aktyvus, kad ve\u017eim\u0117lyje i\u0161s\u0117d\u0117ti tiesiog ne\u012fmanoma? \u0160is triratukas yra puikus sprendimas. Jis ne tik skatina vaik\u0105 daugiau jud\u0117ti, bet ir padeda formuoti \u012fprot\u012f aktyviai leisti laik\u0105 lauke. D\u0117l stogelio su UV filtru ir t\u0117v\u0173 valdomos st\u016bmimo rankenos triratukas gali atlikti ir ve\u017eim\u0117lio funkcij\u0105.<\/p>\n<p>Ro\u017einis triratukas \u201eauga\u201c kartu su vaiku. \u012eg\u016bd\u017eiams tobul\u0117jant, galima nuimti apsaugin\u012f lank\u0105, ranken\u0105, sulankstyti pakojus ir leisti vaikui prad\u0117ti mokytis minti pedalus. Tai puikus b\u016bdas pereiti nuo pasyvaus va\u017eiavimo prie aktyvaus.<\/p>\n<p>Konstrukcijoje numatytas erdvus krep\u0161elis tarp galini\u0173 rat\u0173, kuriame telpa \u017eaislai ar smulk\u016bs pirkiniai, o ant st\u016bmimo rankenos pritvirtintas ma\u017eas u\u017esegamas krep\u0161elis t\u0117vams. Mink\u0161tas apsauginis tur\u0117klas u\u017etikrina, kad vaikas s\u0117d\u0117s saugiai ir nei\u0161kris. Ant vairo sumontuotas trimit\u0117lio tipo skambutis leis ma\u017eyliui dr\u0105siai prane\u0161ti apie savo kelion\u0119.<\/p>\n<p>Triratukas skirtas vaikams nuo 6 iki 60 m\u0117nesi\u0173, kuri\u0173 svoris nevir\u0161ija 25 kg. Jis pagamintas i\u0161 patvari\u0173, atspari\u0173 med\u017eiag\u0173, o mink\u0161ti EVA ratukai u\u017etikrina tyl\u0173 ir skland\u0173 ried\u0117jim\u0105. Pakuot\u0117je rasite visus reikalingus var\u017etus, \u012frankius ir ai\u0161ki\u0105 surinkimo instrukcij\u0105.<\/p>\n<p>Triratuko matmenys<\/p>\n<p> \tgalinio rato skersmuo: 19 cm<br \/>\n \tpriekinio rato skersmuo: 23 cm<br \/>\n \ts\u0117dyn\u0117s plotis: 25 cm<br \/>\n \ts\u0117dyn\u0117s ilgis: 17 cm<br \/>\n \tatlo\u0161o auk\u0161tis: 35 cm<br \/>\n \tbendras auk\u0161tis: ~97 cm<br \/>\n \tplotis: 47 cm<br \/>\n \tilgis: ~100 cm<br \/>\n \tst\u016bmimo rankenos plotis: 40 cm<br \/>\n \tauk\u0161tis nuo grind\u0173 iki rankenos: 57 cm<br \/>\n \tatstumas nuo pakoj\u0173 iki s\u0117dyn\u0117s: 20 cm<br \/>\n \tauk\u0161tis nuo \u017eem\u0117s iki apsauginio tur\u0117klo: 50 cm<br \/>\n \ttur\u0117klo plotis: 26 cm<br \/>\n \ttur\u0117klo ilgis: 22 cm<br \/>\n \trankenos ilgis: 82 cm<br \/>\n \trankenos auk\u0161tis: 86 cm<br \/>\n \tranken\u0173 laikikli\u0173 plotis: 28 cm<\/p>\n<p>Pakuot\u0117<\/p>\n<p> \tpakuot\u0117s dydis: 59 \u00d7 31 \u00d7 39,5 cm<br \/>\n \tsvoris: 8 kg<\/p>","protected":false},"excerpt":{"rendered":"<p>Ar j\u016bs\u0173 ma\u017eylis toks aktyvus, kad ve\u017eim\u0117lyje i\u0161s\u0117d\u0117ti tiesiog ne\u012fmanoma? \u0160is triratukas yra puikus sprendimas. Jis ne tik skatina vaik\u0105<\/p>","protected":false},"featured_media":86788,"template":"","meta":{"_acf_changed":false,"_glsr_average":0,"_glsr_ranking":0,"_glsr_reviews":0},"product_brand":[],"product_cat":[237,239],"product_tag":[],"class_list":{"0":"post-86786","1":"product","2":"type-product","3":"status-publish","4":"has-post-thumbnail","6":"product_cat-judejimo-priemones","7":"product_cat-triratukai","8":"\"style=\"background-color: #2ecc711c;\"","10":"first","11":"instock","12":"purchasable","13":"product-type-simple"},"acf":[],"yoast_head":"<!-- This site is optimized with the Yoast SEO plugin v27.3 - https:\/\/yoast.com\/product\/yoast-seo-wordpress\/ -->\n<title>PRO300 Raudonas triratukas<\/title>\n<meta name=\"description\" content=\"PRO300 Raudonas triratukas - KidsPlay. Did\u017eiausias vaik\u0173 \u017eaisl\u0173 pasirinkimas.\" \/>\n<meta name=\"robots\" content=\"index, follow, max-snippet:-1, max-image-preview:large, max-video-preview:-1\" \/>\n<link rel=\"canonical\" href=\"https:\/\/kidsplay.lt\/lv\/products\/pro300-raudonas-triratukas\/\" \/>\n<meta property=\"og:locale\" content=\"lv_LV\" \/>\n<meta property=\"og:type\" content=\"article\" \/>\n<meta property=\"og:title\" content=\"PRO300 Raudonas triratukas\" \/>\n<meta property=\"og:description\" content=\"PRO300 Raudonas triratukas - KidsPlay. Did\u017eiausias vaik\u0173 \u017eaisl\u0173 pasirinkimas.\" \/>\n<meta property=\"og:url\" content=\"https:\/\/kidsplay.lt\/lv\/products\/pro300-raudonas-triratukas\/\" \/>\n<meta property=\"og:site_name\" content=\"KidsPlay\" \/>\n<meta property=\"article:publisher\" content=\"https:\/\/www.facebook.com\/www.kidsplay.lt\" \/>\n<meta property=\"article:modified_time\" content=\"2026-04-10T06:56:11+00:00\" \/>\n<meta property=\"og:image\" content=\"https:\/\/kidsplay.lt\/wp-content\/uploads\/2026\/02\/PRO300-Raudonas-triratukas.jpg\" \/>\n\t<meta property=\"og:image:width\" content=\"826\" \/>\n\t<meta property=\"og:image:height\" content=\"578\" \/>\n\t<meta property=\"og:image:type\" content=\"image\/jpeg\" \/>\n<meta name=\"twitter:card\" content=\"summary_large_image\" \/>\n<meta name=\"twitter:label1\" content=\"Est. reading time\" \/>\n\t<meta name=\"twitter:data1\" content=\"1 min\u016bte\" \/>\n<script type=\"application\/ld+json\" class=\"yoast-schema-graph\">{\"@context\":\"https:\\\/\\\/schema.org\",\"@graph\":[{\"@type\":\"WebPage\",\"@id\":\"https:\\\/\\\/kidsplay.lt\\\/produktas\\\/pro300-raudonas-triratukas\\\/\",\"url\":\"https:\\\/\\\/kidsplay.lt\\\/produktas\\\/pro300-raudonas-triratukas\\\/\",\"name\":\"PRO300 Raudonas triratukas\",\"isPartOf\":{\"@id\":\"https:\\\/\\\/kidsplay.lt\\\/#website\"},\"primaryImageOfPage\":{\"@id\":\"https:\\\/\\\/kidsplay.lt\\\/produktas\\\/pro300-raudonas-triratukas\\\/#primaryimage\"},\"image\":{\"@id\":\"https:\\\/\\\/kidsplay.lt\\\/produktas\\\/pro300-raudonas-triratukas\\\/#primaryimage\"},\"thumbnailUrl\":\"https:\\\/\\\/kidsplay.lt\\\/wp-content\\\/uploads\\\/2026\\\/02\\\/PRO300-Raudonas-triratukas.jpg\",\"datePublished\":\"2026-02-23T08:03:17+00:00\",\"dateModified\":\"2026-04-10T06:56:11+00:00\",\"description\":\"PRO300 Raudonas triratukas - KidsPlay. Did\u017eiausias vaik\u0173 \u017eaisl\u0173 pasirinkimas.\",\"breadcrumb\":{\"@id\":\"https:\\\/\\\/kidsplay.lt\\\/produktas\\\/pro300-raudonas-triratukas\\\/#breadcrumb\"},\"inLanguage\":\"lv-LV\",\"potentialAction\":[{\"@type\":\"ReadAction\",\"target\":[\"https:\\\/\\\/kidsplay.lt\\\/produktas\\\/pro300-raudonas-triratukas\\\/\"]}]},{\"@type\":\"ImageObject\",\"inLanguage\":\"lv-LV\",\"@id\":\"https:\\\/\\\/kidsplay.lt\\\/produktas\\\/pro300-raudonas-triratukas\\\/#primaryimage\",\"url\":\"https:\\\/\\\/kidsplay.lt\\\/wp-content\\\/uploads\\\/2026\\\/02\\\/PRO300-Raudonas-triratukas.jpg\",\"contentUrl\":\"https:\\\/\\\/kidsplay.lt\\\/wp-content\\\/uploads\\\/2026\\\/02\\\/PRO300-Raudonas-triratukas.jpg\",\"width\":826,\"height\":578,\"caption\":\"PRO300 Raudonas triratukas\"},{\"@type\":\"BreadcrumbList\",\"@id\":\"https:\\\/\\\/kidsplay.lt\\\/produktas\\\/pro300-raudonas-triratukas\\\/#breadcrumb\",\"itemListElement\":[{\"@type\":\"ListItem\",\"position\":1,\"name\":\"Pagrindinis\",\"item\":\"https:\\\/\\\/kidsplay.lt\\\/\"},{\"@type\":\"ListItem\",\"position\":2,\"name\":\"Parduotuv\u0117\",\"item\":\"https:\\\/\\\/kidsplay.lt\\\/parduotuve\\\/\"},{\"@type\":\"ListItem\",\"position\":3,\"name\":\"PRO300 Raudonas triratukas\"}]},{\"@type\":\"WebSite\",\"@id\":\"https:\\\/\\\/kidsplay.lt\\\/#website\",\"url\":\"https:\\\/\\\/kidsplay.lt\\\/\",\"name\":\"Kidsplay.lt\",\"description\":\"\u012evairios prek\u0117s vaikams\",\"publisher\":{\"@id\":\"https:\\\/\\\/kidsplay.lt\\\/#organization\"},\"alternateName\":\"Kidsplay\",\"potentialAction\":[{\"@type\":\"SearchAction\",\"target\":{\"@type\":\"EntryPoint\",\"urlTemplate\":\"https:\\\/\\\/kidsplay.lt\\\/?s={search_term_string}\"},\"query-input\":{\"@type\":\"PropertyValueSpecification\",\"valueRequired\":true,\"valueName\":\"search_term_string\"}}],\"inLanguage\":\"lv-LV\"},{\"@type\":\"Organization\",\"@id\":\"https:\\\/\\\/kidsplay.lt\\\/#organization\",\"name\":\"KidsPlay\",\"url\":\"https:\\\/\\\/kidsplay.lt\\\/\",\"logo\":{\"@type\":\"ImageObject\",\"inLanguage\":\"lv-LV\",\"@id\":\"https:\\\/\\\/kidsplay.lt\\\/#\\\/schema\\\/logo\\\/image\\\/\",\"url\":\"https:\\\/\\\/kidsplay.lt\\\/wp-content\\\/uploads\\\/2023\\\/07\\\/kidsplay-logo.png\",\"contentUrl\":\"https:\\\/\\\/kidsplay.lt\\\/wp-content\\\/uploads\\\/2023\\\/07\\\/kidsplay-logo.png\",\"width\":451,\"height\":98,\"caption\":\"KidsPlay\"},\"image\":{\"@id\":\"https:\\\/\\\/kidsplay.lt\\\/#\\\/schema\\\/logo\\\/image\\\/\"},\"sameAs\":[\"https:\\\/\\\/www.facebook.com\\\/www.kidsplay.lt\"]}]}<\/script>\n<!-- \/ Yoast SEO plugin. -->","yoast_head_json":{"title":"PRO300 sarkans tr\u012bsritenis","description":"PRO300 Raudonas triratukas - KidsPlay. Did\u017eiausias vaik\u0173 \u017eaisl\u0173 pasirinkimas.","robots":{"index":"index","follow":"follow","max-snippet":"max-snippet:-1","max-image-preview":"max-image-preview:large","max-video-preview":"max-video-preview:-1"},"canonical":"https:\/\/kidsplay.lt\/lv\/products\/pro300-raudonas-triratukas\/","og_locale":"lv_LV","og_type":"article","og_title":"PRO300 Raudonas triratukas","og_description":"PRO300 Raudonas triratukas - KidsPlay. Did\u017eiausias vaik\u0173 \u017eaisl\u0173 pasirinkimas.","og_url":"https:\/\/kidsplay.lt\/lv\/products\/pro300-raudonas-triratukas\/","og_site_name":"KidsPlay","article_publisher":"https:\/\/www.facebook.com\/www.kidsplay.lt","article_modified_time":"2026-04-10T06:56:11+00:00","og_image":[{"width":826,"height":578,"url":"https:\/\/kidsplay.lt\/wp-content\/uploads\/2026\/02\/PRO300-Raudonas-triratukas.jpg","type":"image\/jpeg"}],"twitter_card":"summary_large_image","twitter_misc":{"Est. reading time":"1 min\u016bte"},"schema":{"@context":"https:\/\/schema.org","@graph":[{"@type":"WebPage","@id":"https:\/\/kidsplay.lt\/produktas\/pro300-raudonas-triratukas\/","url":"https:\/\/kidsplay.lt\/produktas\/pro300-raudonas-triratukas\/","name":"PRO300 sarkans tr\u012bsritenis","isPartOf":{"@id":"https:\/\/kidsplay.lt\/#website"},"primaryImageOfPage":{"@id":"https:\/\/kidsplay.lt\/produktas\/pro300-raudonas-triratukas\/#primaryimage"},"image":{"@id":"https:\/\/kidsplay.lt\/produktas\/pro300-raudonas-triratukas\/#primaryimage"},"thumbnailUrl":"https:\/\/kidsplay.lt\/wp-content\/uploads\/2026\/02\/PRO300-Raudonas-triratukas.jpg","datePublished":"2026-02-23T08:03:17+00:00","dateModified":"2026-04-10T06:56:11+00:00","description":"PRO300 Raudonas triratukas - KidsPlay. Did\u017eiausias vaik\u0173 \u017eaisl\u0173 pasirinkimas.","breadcrumb":{"@id":"https:\/\/kidsplay.lt\/produktas\/pro300-raudonas-triratukas\/#breadcrumb"},"inLanguage":"lv-LV","potentialAction":[{"@type":"ReadAction","target":["https:\/\/kidsplay.lt\/produktas\/pro300-raudonas-triratukas\/"]}]},{"@type":"ImageObject","inLanguage":"lv-LV","@id":"https:\/\/kidsplay.lt\/produktas\/pro300-raudonas-triratukas\/#primaryimage","url":"https:\/\/kidsplay.lt\/wp-content\/uploads\/2026\/02\/PRO300-Raudonas-triratukas.jpg","contentUrl":"https:\/\/kidsplay.lt\/wp-content\/uploads\/2026\/02\/PRO300-Raudonas-triratukas.jpg","width":826,"height":578,"caption":"PRO300 Raudonas triratukas"},{"@type":"BreadcrumbList","@id":"https:\/\/kidsplay.lt\/produktas\/pro300-raudonas-triratukas\/#breadcrumb","itemListElement":[{"@type":"ListItem","position":1,"name":"Pagrindinis","item":"https:\/\/kidsplay.lt\/"},{"@type":"ListItem","position":2,"name":"Parduotuv\u0117","item":"https:\/\/kidsplay.lt\/parduotuve\/"},{"@type":"ListItem","position":3,"name":"PRO300 Raudonas triratukas"}]},{"@type":"WebSite","@id":"https:\/\/kidsplay.lt\/#website","url":"https:\/\/kidsplay.lt\/","name":"B\u0113rnu sp\u0113les.lv","description":"\u012evairios prek\u0117s vaikams","publisher":{"@id":"https:\/\/kidsplay.lt\/#organization"},"alternateName":"Kidsplay","potentialAction":[{"@type":"SearchAction","target":{"@type":"EntryPoint","urlTemplate":"https:\/\/kidsplay.lt\/?s={search_term_string}"},"query-input":{"@type":"PropertyValueSpecification","valueRequired":true,"valueName":"search_term_string"}}],"inLanguage":"lv-LV"},{"@type":"Organization","@id":"https:\/\/kidsplay.lt\/#organization","name":"B\u0113rnu sp\u0113le","url":"https:\/\/kidsplay.lt\/","logo":{"@type":"ImageObject","inLanguage":"lv-LV","@id":"https:\/\/kidsplay.lt\/#\/schema\/logo\/image\/","url":"https:\/\/kidsplay.lt\/wp-content\/uploads\/2023\/07\/kidsplay-logo.png","contentUrl":"https:\/\/kidsplay.lt\/wp-content\/uploads\/2023\/07\/kidsplay-logo.png","width":451,"height":98,"caption":"KidsPlay"},"image":{"@id":"https:\/\/kidsplay.lt\/#\/schema\/logo\/image\/"},"sameAs":["https:\/\/www.facebook.com\/www.kidsplay.lt"]}]}},"_links":{"self":[{"href":"https:\/\/kidsplay.lt\/lv\/wp-json\/wp\/v2\/product\/86786","targetHints":{"allow":["GET"]}}],"collection":[{"href":"https:\/\/kidsplay.lt\/lv\/wp-json\/wp\/v2\/product"}],"about":[{"href":"https:\/\/kidsplay.lt\/lv\/wp-json\/wp\/v2\/types\/product"}],"version-history":[{"count":1,"href":"https:\/\/kidsplay.lt\/lv\/wp-json\/wp\/v2\/product\/86786\/revisions"}],"predecessor-version":[{"id":86787,"href":"https:\/\/kidsplay.lt\/lv\/wp-json\/wp\/v2\/product\/86786\/revisions\/86787"}],"wp:featuredmedia":[{"embeddable":true,"href":"https:\/\/kidsplay.lt\/lv\/wp-json\/wp\/v2\/media\/86788"}],"wp:attachment":[{"href":"https:\/\/kidsplay.lt\/lv\/wp-json\/wp\/v2\/media?parent=86786"}],"wp:term":[{"taxonomy":"product_brand","embeddable":true,"href":"https:\/\/kidsplay.lt\/lv\/wp-json\/wp\/v2\/product_brand?post=86786"},{"taxonomy":"product_cat","embeddable":true,"href":"https:\/\/kidsplay.lt\/lv\/wp-json\/wp\/v2\/product_cat?post=86786"},{"taxonomy":"product_tag","embeddable":true,"href":"https:\/\/kidsplay.lt\/lv\/wp-json\/wp\/v2\/product_tag?post=86786"}],"curies":[{"name":"wp","href":"https:\/\/api.w.org\/{rel}","templated":true}]}}