{"id":86842,"date":"2026-02-23T10:05:45","date_gmt":"2026-02-23T08:05:45","guid":{"rendered":"https:\/\/kidsplay.lt\/produktas\/magiskas-kosmetinis-staliukas-su-svieselemis-garsais-ir-mp3-jungtimi\/"},"modified":"2026-04-15T15:41:25","modified_gmt":"2026-04-15T12:41:25","slug":"magiskas-kosmetinis-staliukas-su-svieselemis-garsais-ir-mp3-jungtimi","status":"publish","type":"product","link":"https:\/\/kidsplay.lt\/lv\/products\/magiskas-kosmetinis-staliukas-su-svieselemis-garsais-ir-mp3-jungtimi\/","title":{"rendered":"Magi\u0161kas kosmetinis staliukas su \u0161viesel\u0117mis, garsais ir MP3 jungtimi"},"content":{"rendered":"<p>Jei j\u016bs\u0173 dukra m\u0117gsta \u017eaisti su makia\u017eu, \u0161i kosmetin\u0117 bus tobulas pasirinkimas. Stalelio durel\u0117s atsidaro stebuklinga lazdele. Atidaromas tualetinis staliukas taps nuostabia ma\u017eosios princes\u0117s kambario puo\u0161mena. Didelis kosmetinis staliukas su garsais, \u0161viesel\u0117mis, MP3 prijungimo galimybe, tikrai veikian\u010diu d\u017eiovintuvu ir holograma veidrodyje.<\/p>\n<p>Kosmetinis staliukas turi daug element\u0173:<\/p>\n<p> \t\u0161ukos<br \/>\n \t\u201ekvepal\u0173\u201c buteliukai<br \/>\n \td\u017eiovintuvas<br \/>\n \tkaroliai ir daugyb\u0117 kit\u0173 aksesuar\u0173 ma\u017eajai stileivai<br \/>\n \tstebuklinga lazdel\u0117<\/p>\n<p>Veidrod\u0117liai atsidaro su magi\u0161ka lazdele. Atidarius groja muzika ir mirksi \u0161viesel\u0117s. Kai vaikas nesinaudoja staliuku, veidrod\u0117liai automati\u0161kai u\u017esidaro ma\u017edaug po 3 minu\u010di\u0173. Yra galimyb\u0117 prijungti MP3 grotuv\u0105. D\u017eiovintuvas veikia su baterijomis. Vir\u0161 veidrod\u017eio \u012fmontuota \u0161viesel\u0117.<\/p>\n<p>I\u0161matavimai<br \/>\nKosmetinio staliuko:<\/p>\n<p> \tauk\u0161tis: 74 cm<br \/>\n \tplotis: apie 46 cm<br \/>\n \tgylis: 30 cm<br \/>\n \tk\u0117dut\u0117s auk\u0161tis: 24 cm<\/p>\n<p>Pakuot\u0117s dydis: 72 \u00d7 56 \u00d7 7 cm<\/p>","protected":false},"excerpt":{"rendered":"<p>Jei j\u016bs\u0173 dukra m\u0117gsta \u017eaisti su makia\u017eu, \u0161i kosmetin\u0117 bus tobulas pasirinkimas. Stalelio durel\u0117s atsidaro stebuklinga lazdele. Atidaromas tualetinis staliukas<\/p>","protected":false},"featured_media":86844,"template":"","meta":{"_acf_changed":false,"_glsr_average":0,"_glsr_ranking":0,"_glsr_reviews":0},"product_brand":[],"product_cat":[403,399,229],"product_tag":[],"class_list":{"0":"post-86842","1":"product","2":"type-product","3":"status-publish","4":"has-post-thumbnail","6":"product_cat-mada-ir-grozis","7":"product_cat-vaidmenu-zaidimai-2","8":"product_cat-zaislai-vaikams","9":"\"style=\"background-color: #2ecc711c;\"","11":"first","12":"instock","13":"purchasable","14":"product-type-simple"},"acf":[],"yoast_head":"<!-- This site is optimized with the Yoast SEO plugin v27.4 - https:\/\/yoast.com\/product\/yoast-seo-wordpress\/ -->\n<title>Magi\u0161kas kosmetinis staliukas su \u0161viesel\u0117mis, garsais ir MP3 jungtimi<\/title>\n<meta name=\"description\" content=\"Magi\u0161kas kosmetinis staliukas su \u0161viesel\u0117mis, garsais ir MP3 jungtimi - KidsPlay. Did\u017eiausias vaik\u0173 \u017eaisl\u0173 pasirinkimas.\" \/>\n<meta name=\"robots\" content=\"index, follow, max-snippet:-1, max-image-preview:large, max-video-preview:-1\" \/>\n<link rel=\"canonical\" href=\"https:\/\/kidsplay.lt\/lv\/products\/magiskas-kosmetinis-staliukas-su-svieselemis-garsais-ir-mp3-jungtimi\/\" \/>\n<meta property=\"og:locale\" content=\"lv_LV\" \/>\n<meta property=\"og:type\" content=\"article\" \/>\n<meta property=\"og:title\" content=\"Magi\u0161kas kosmetinis staliukas su \u0161viesel\u0117mis, garsais ir MP3 jungtimi\" \/>\n<meta property=\"og:description\" content=\"Magi\u0161kas kosmetinis staliukas su \u0161viesel\u0117mis, garsais ir MP3 jungtimi - KidsPlay. Did\u017eiausias vaik\u0173 \u017eaisl\u0173 pasirinkimas.\" \/>\n<meta property=\"og:url\" content=\"https:\/\/kidsplay.lt\/lv\/products\/magiskas-kosmetinis-staliukas-su-svieselemis-garsais-ir-mp3-jungtimi\/\" \/>\n<meta property=\"og:site_name\" content=\"KidsPlay\" \/>\n<meta property=\"article:publisher\" content=\"https:\/\/www.facebook.com\/www.kidsplay.lt\" \/>\n<meta property=\"article:modified_time\" content=\"2026-04-15T12:41:25+00:00\" \/>\n<meta property=\"og:image\" content=\"https:\/\/kidsplay.lt\/wp-content\/uploads\/2026\/02\/Magiskas-kosmetinis-staliukas-su-svieselemis-garsais-ir-MP3-jungtimi.jpg\" \/>\n\t<meta property=\"og:image:width\" content=\"826\" \/>\n\t<meta property=\"og:image:height\" content=\"578\" \/>\n\t<meta property=\"og:image:type\" content=\"image\/jpeg\" \/>\n<meta name=\"twitter:card\" content=\"summary_large_image\" \/>\n<meta name=\"twitter:label1\" content=\"Est. reading time\" \/>\n\t<meta name=\"twitter:data1\" content=\"1 min\u016bte\" \/>\n<script type=\"application\/ld+json\" class=\"yoast-schema-graph\">{\"@context\":\"https:\\\/\\\/schema.org\",\"@graph\":[{\"@type\":\"WebPage\",\"@id\":\"https:\\\/\\\/kidsplay.lt\\\/produktas\\\/magiskas-kosmetinis-staliukas-su-svieselemis-garsais-ir-mp3-jungtimi\\\/\",\"url\":\"https:\\\/\\\/kidsplay.lt\\\/produktas\\\/magiskas-kosmetinis-staliukas-su-svieselemis-garsais-ir-mp3-jungtimi\\\/\",\"name\":\"Magi\u0161kas kosmetinis staliukas su \u0161viesel\u0117mis, garsais ir MP3 jungtimi\",\"isPartOf\":{\"@id\":\"https:\\\/\\\/kidsplay.lt\\\/#website\"},\"primaryImageOfPage\":{\"@id\":\"https:\\\/\\\/kidsplay.lt\\\/produktas\\\/magiskas-kosmetinis-staliukas-su-svieselemis-garsais-ir-mp3-jungtimi\\\/#primaryimage\"},\"image\":{\"@id\":\"https:\\\/\\\/kidsplay.lt\\\/produktas\\\/magiskas-kosmetinis-staliukas-su-svieselemis-garsais-ir-mp3-jungtimi\\\/#primaryimage\"},\"thumbnailUrl\":\"https:\\\/\\\/kidsplay.lt\\\/wp-content\\\/uploads\\\/2026\\\/02\\\/Magiskas-kosmetinis-staliukas-su-svieselemis-garsais-ir-MP3-jungtimi.jpg\",\"datePublished\":\"2026-02-23T08:05:45+00:00\",\"dateModified\":\"2026-04-15T12:41:25+00:00\",\"description\":\"Magi\u0161kas kosmetinis staliukas su \u0161viesel\u0117mis, garsais ir MP3 jungtimi - KidsPlay. Did\u017eiausias vaik\u0173 \u017eaisl\u0173 pasirinkimas.\",\"breadcrumb\":{\"@id\":\"https:\\\/\\\/kidsplay.lt\\\/produktas\\\/magiskas-kosmetinis-staliukas-su-svieselemis-garsais-ir-mp3-jungtimi\\\/#breadcrumb\"},\"inLanguage\":\"lv-LV\",\"potentialAction\":[{\"@type\":\"ReadAction\",\"target\":[\"https:\\\/\\\/kidsplay.lt\\\/produktas\\\/magiskas-kosmetinis-staliukas-su-svieselemis-garsais-ir-mp3-jungtimi\\\/\"]}]},{\"@type\":\"ImageObject\",\"inLanguage\":\"lv-LV\",\"@id\":\"https:\\\/\\\/kidsplay.lt\\\/produktas\\\/magiskas-kosmetinis-staliukas-su-svieselemis-garsais-ir-mp3-jungtimi\\\/#primaryimage\",\"url\":\"https:\\\/\\\/kidsplay.lt\\\/wp-content\\\/uploads\\\/2026\\\/02\\\/Magiskas-kosmetinis-staliukas-su-svieselemis-garsais-ir-MP3-jungtimi.jpg\",\"contentUrl\":\"https:\\\/\\\/kidsplay.lt\\\/wp-content\\\/uploads\\\/2026\\\/02\\\/Magiskas-kosmetinis-staliukas-su-svieselemis-garsais-ir-MP3-jungtimi.jpg\",\"width\":826,\"height\":578,\"caption\":\"Magi\u0161kas kosmetinis staliukas su \u0161viesel\u0117mis\"},{\"@type\":\"BreadcrumbList\",\"@id\":\"https:\\\/\\\/kidsplay.lt\\\/produktas\\\/magiskas-kosmetinis-staliukas-su-svieselemis-garsais-ir-mp3-jungtimi\\\/#breadcrumb\",\"itemListElement\":[{\"@type\":\"ListItem\",\"position\":1,\"name\":\"Pagrindinis\",\"item\":\"https:\\\/\\\/kidsplay.lt\\\/\"},{\"@type\":\"ListItem\",\"position\":2,\"name\":\"Parduotuv\u0117\",\"item\":\"https:\\\/\\\/kidsplay.lt\\\/parduotuve\\\/\"},{\"@type\":\"ListItem\",\"position\":3,\"name\":\"Magi\u0161kas kosmetinis staliukas su \u0161viesel\u0117mis, garsais ir MP3 jungtimi\"}]},{\"@type\":\"WebSite\",\"@id\":\"https:\\\/\\\/kidsplay.lt\\\/#website\",\"url\":\"https:\\\/\\\/kidsplay.lt\\\/\",\"name\":\"Kidsplay.lt\",\"description\":\"\u012evairios prek\u0117s vaikams\",\"publisher\":{\"@id\":\"https:\\\/\\\/kidsplay.lt\\\/#organization\"},\"alternateName\":\"Kidsplay\",\"potentialAction\":[{\"@type\":\"SearchAction\",\"target\":{\"@type\":\"EntryPoint\",\"urlTemplate\":\"https:\\\/\\\/kidsplay.lt\\\/?s={search_term_string}\"},\"query-input\":{\"@type\":\"PropertyValueSpecification\",\"valueRequired\":true,\"valueName\":\"search_term_string\"}}],\"inLanguage\":\"lv-LV\"},{\"@type\":\"Organization\",\"@id\":\"https:\\\/\\\/kidsplay.lt\\\/#organization\",\"name\":\"KidsPlay\",\"url\":\"https:\\\/\\\/kidsplay.lt\\\/\",\"logo\":{\"@type\":\"ImageObject\",\"inLanguage\":\"lv-LV\",\"@id\":\"https:\\\/\\\/kidsplay.lt\\\/#\\\/schema\\\/logo\\\/image\\\/\",\"url\":\"https:\\\/\\\/kidsplay.lt\\\/wp-content\\\/uploads\\\/2023\\\/07\\\/kidsplay-logo.png\",\"contentUrl\":\"https:\\\/\\\/kidsplay.lt\\\/wp-content\\\/uploads\\\/2023\\\/07\\\/kidsplay-logo.png\",\"width\":451,\"height\":98,\"caption\":\"KidsPlay\"},\"image\":{\"@id\":\"https:\\\/\\\/kidsplay.lt\\\/#\\\/schema\\\/logo\\\/image\\\/\"},\"sameAs\":[\"https:\\\/\\\/www.facebook.com\\\/www.kidsplay.lt\"]}]}<\/script>\n<!-- \/ Yoast SEO plugin. -->","yoast_head_json":{"title":"Magi\u0161kas kosmetinis staliukas su \u0161viesel\u0117mis, garsais ir MP3 jungtimi","description":"Magi\u0161kas kosmetinis staliukas su \u0161viesel\u0117mis, garsais ir MP3 jungtimi - KidsPlay. Did\u017eiausias vaik\u0173 \u017eaisl\u0173 pasirinkimas.","robots":{"index":"index","follow":"follow","max-snippet":"max-snippet:-1","max-image-preview":"max-image-preview:large","max-video-preview":"max-video-preview:-1"},"canonical":"https:\/\/kidsplay.lt\/lv\/products\/magiskas-kosmetinis-staliukas-su-svieselemis-garsais-ir-mp3-jungtimi\/","og_locale":"lv_LV","og_type":"article","og_title":"Magi\u0161kas kosmetinis staliukas su \u0161viesel\u0117mis, garsais ir MP3 jungtimi","og_description":"Magi\u0161kas kosmetinis staliukas su \u0161viesel\u0117mis, garsais ir MP3 jungtimi - KidsPlay. Did\u017eiausias vaik\u0173 \u017eaisl\u0173 pasirinkimas.","og_url":"https:\/\/kidsplay.lt\/lv\/products\/magiskas-kosmetinis-staliukas-su-svieselemis-garsais-ir-mp3-jungtimi\/","og_site_name":"KidsPlay","article_publisher":"https:\/\/www.facebook.com\/www.kidsplay.lt","article_modified_time":"2026-04-15T12:41:25+00:00","og_image":[{"width":826,"height":578,"url":"https:\/\/kidsplay.lt\/wp-content\/uploads\/2026\/02\/Magiskas-kosmetinis-staliukas-su-svieselemis-garsais-ir-MP3-jungtimi.jpg","type":"image\/jpeg"}],"twitter_card":"summary_large_image","twitter_misc":{"Est. reading time":"1 min\u016bte"},"schema":{"@context":"https:\/\/schema.org","@graph":[{"@type":"WebPage","@id":"https:\/\/kidsplay.lt\/produktas\/magiskas-kosmetinis-staliukas-su-svieselemis-garsais-ir-mp3-jungtimi\/","url":"https:\/\/kidsplay.lt\/produktas\/magiskas-kosmetinis-staliukas-su-svieselemis-garsais-ir-mp3-jungtimi\/","name":"Magi\u0161kas kosmetinis staliukas su \u0161viesel\u0117mis, garsais ir MP3 jungtimi","isPartOf":{"@id":"https:\/\/kidsplay.lt\/#website"},"primaryImageOfPage":{"@id":"https:\/\/kidsplay.lt\/produktas\/magiskas-kosmetinis-staliukas-su-svieselemis-garsais-ir-mp3-jungtimi\/#primaryimage"},"image":{"@id":"https:\/\/kidsplay.lt\/produktas\/magiskas-kosmetinis-staliukas-su-svieselemis-garsais-ir-mp3-jungtimi\/#primaryimage"},"thumbnailUrl":"https:\/\/kidsplay.lt\/wp-content\/uploads\/2026\/02\/Magiskas-kosmetinis-staliukas-su-svieselemis-garsais-ir-MP3-jungtimi.jpg","datePublished":"2026-02-23T08:05:45+00:00","dateModified":"2026-04-15T12:41:25+00:00","description":"Magi\u0161kas kosmetinis staliukas su \u0161viesel\u0117mis, garsais ir MP3 jungtimi - KidsPlay. Did\u017eiausias vaik\u0173 \u017eaisl\u0173 pasirinkimas.","breadcrumb":{"@id":"https:\/\/kidsplay.lt\/produktas\/magiskas-kosmetinis-staliukas-su-svieselemis-garsais-ir-mp3-jungtimi\/#breadcrumb"},"inLanguage":"lv-LV","potentialAction":[{"@type":"ReadAction","target":["https:\/\/kidsplay.lt\/produktas\/magiskas-kosmetinis-staliukas-su-svieselemis-garsais-ir-mp3-jungtimi\/"]}]},{"@type":"ImageObject","inLanguage":"lv-LV","@id":"https:\/\/kidsplay.lt\/produktas\/magiskas-kosmetinis-staliukas-su-svieselemis-garsais-ir-mp3-jungtimi\/#primaryimage","url":"https:\/\/kidsplay.lt\/wp-content\/uploads\/2026\/02\/Magiskas-kosmetinis-staliukas-su-svieselemis-garsais-ir-MP3-jungtimi.jpg","contentUrl":"https:\/\/kidsplay.lt\/wp-content\/uploads\/2026\/02\/Magiskas-kosmetinis-staliukas-su-svieselemis-garsais-ir-MP3-jungtimi.jpg","width":826,"height":578,"caption":"Magi\u0161kas kosmetinis staliukas su \u0161viesel\u0117mis"},{"@type":"BreadcrumbList","@id":"https:\/\/kidsplay.lt\/produktas\/magiskas-kosmetinis-staliukas-su-svieselemis-garsais-ir-mp3-jungtimi\/#breadcrumb","itemListElement":[{"@type":"ListItem","position":1,"name":"Pagrindinis","item":"https:\/\/kidsplay.lt\/"},{"@type":"ListItem","position":2,"name":"Parduotuv\u0117","item":"https:\/\/kidsplay.lt\/parduotuve\/"},{"@type":"ListItem","position":3,"name":"Magi\u0161kas kosmetinis staliukas su \u0161viesel\u0117mis, garsais ir MP3 jungtimi"}]},{"@type":"WebSite","@id":"https:\/\/kidsplay.lt\/#website","url":"https:\/\/kidsplay.lt\/","name":"B\u0113rnu sp\u0113les.lv","description":"\u012evairios prek\u0117s vaikams","publisher":{"@id":"https:\/\/kidsplay.lt\/#organization"},"alternateName":"Kidsplay","potentialAction":[{"@type":"SearchAction","target":{"@type":"EntryPoint","urlTemplate":"https:\/\/kidsplay.lt\/?s={search_term_string}"},"query-input":{"@type":"PropertyValueSpecification","valueRequired":true,"valueName":"search_term_string"}}],"inLanguage":"lv-LV"},{"@type":"Organization","@id":"https:\/\/kidsplay.lt\/#organization","name":"B\u0113rnu sp\u0113le","url":"https:\/\/kidsplay.lt\/","logo":{"@type":"ImageObject","inLanguage":"lv-LV","@id":"https:\/\/kidsplay.lt\/#\/schema\/logo\/image\/","url":"https:\/\/kidsplay.lt\/wp-content\/uploads\/2023\/07\/kidsplay-logo.png","contentUrl":"https:\/\/kidsplay.lt\/wp-content\/uploads\/2023\/07\/kidsplay-logo.png","width":451,"height":98,"caption":"KidsPlay"},"image":{"@id":"https:\/\/kidsplay.lt\/#\/schema\/logo\/image\/"},"sameAs":["https:\/\/www.facebook.com\/www.kidsplay.lt"]}]}},"_links":{"self":[{"href":"https:\/\/kidsplay.lt\/lv\/wp-json\/wp\/v2\/product\/86842","targetHints":{"allow":["GET"]}}],"collection":[{"href":"https:\/\/kidsplay.lt\/lv\/wp-json\/wp\/v2\/product"}],"about":[{"href":"https:\/\/kidsplay.lt\/lv\/wp-json\/wp\/v2\/types\/product"}],"version-history":[{"count":1,"href":"https:\/\/kidsplay.lt\/lv\/wp-json\/wp\/v2\/product\/86842\/revisions"}],"predecessor-version":[{"id":86843,"href":"https:\/\/kidsplay.lt\/lv\/wp-json\/wp\/v2\/product\/86842\/revisions\/86843"}],"wp:featuredmedia":[{"embeddable":true,"href":"https:\/\/kidsplay.lt\/lv\/wp-json\/wp\/v2\/media\/86844"}],"wp:attachment":[{"href":"https:\/\/kidsplay.lt\/lv\/wp-json\/wp\/v2\/media?parent=86842"}],"wp:term":[{"taxonomy":"product_brand","embeddable":true,"href":"https:\/\/kidsplay.lt\/lv\/wp-json\/wp\/v2\/product_brand?post=86842"},{"taxonomy":"product_cat","embeddable":true,"href":"https:\/\/kidsplay.lt\/lv\/wp-json\/wp\/v2\/product_cat?post=86842"},{"taxonomy":"product_tag","embeddable":true,"href":"https:\/\/kidsplay.lt\/lv\/wp-json\/wp\/v2\/product_tag?post=86842"}],"curies":[{"name":"wp","href":"https:\/\/api.w.org\/{rel}","templated":true}]}}