{"id":86957,"date":"2026-02-24T19:56:30","date_gmt":"2026-02-24T17:56:30","guid":{"rendered":"https:\/\/kidsplay.lt\/produktas\/masterkidz-medziagos-ir-fakturos-12-montessori-jutiminiu-kaladeliu\/"},"modified":"2026-04-07T09:52:23","modified_gmt":"2026-04-07T06:52:23","slug":"masterkidz-medziagos-ir-fakturos-12-montessori-jutiminiu-kaladeliu","status":"publish","type":"product","link":"https:\/\/kidsplay.lt\/lv\/products\/masterkidz-medziagos-ir-fakturos-12-montessori-jutiminiu-kaladeliu\/","title":{"rendered":"Masterkidz materi\u0101li un tekst\u016bras \u2013 12 Montessori sensorie bloki"},"content":{"rendered":"<p>Masterkidz jutimin\u0117s d\u0117lion\u0117s papildymas \u2013 tai puikus b\u016bdas praturtinti sensorin\u0119 veikl\u0105 ir pakyl\u0117ti lyt\u0117jimo poj\u016b\u010dio lavinim\u0105 \u012f auk\u0161tesn\u012f lyg\u012f. Rinkinyje yra 12 medini\u0173 kalad\u0117li\u0173: 7 su skirting\u0173 med\u017eiag\u0173 imitacijomis ir 5 su \u012fvairiomis fakt\u016bromis. Vaiko u\u017eduotis \u2013 atpa\u017einti kalad\u0117l\u0119 vien tik liesdamas, tod\u0117l \u017eaidimas tampa ir \u012ftraukiantis, ir lavinantis. Rinkinys idealiai tinka naudoti kartu su jutimine d\u0117\u017eute \u00a0(ME04055).<br \/>\nRaksturojums<\/p>\n<p> \tPagaminta i\u0161 med\u017eio \u2013 tvarus, aplinkai draugi\u0161kas pasirinkimas<br \/>\n \t12 kalad\u0117li\u0173: 7 su med\u017eiag\u0173 motyvais, 5 su skirtingomis fakt\u016bromis<br \/>\n \tAtpa\u017einimas vyksta vien tik per lyt\u0117jimo poj\u016bt\u012f<br \/>\n \tMedin\u0117 d\u0117klo l\u0117k\u0161tel\u0117 patogiam laikymui<\/p>\n<p>Rota\u013clietu lav\u012bna<\/p>\n<p> \tLyt\u0117jimo poj\u016bt\u012f ir sensorin\u0119 percepcij\u0105<br \/>\n \tGeb\u0117jim\u0105 atskirti fakt\u016bras ir med\u017eiagas<br \/>\n \tSmulki\u0105j\u0105 motorik\u0105 ir judesi\u0173 koordinacij\u0105<\/p>","protected":false},"excerpt":{"rendered":"<p>Masterkidz jutimin\u0117s d\u0117lion\u0117s papildymas \u2013 tai puikus b\u016bdas praturtinti sensorin\u0119 veikl\u0105 ir pakyl\u0117ti lyt\u0117jimo poj\u016b\u010dio lavinim\u0105 \u012f auk\u0161tesn\u012f lyg\u012f. Rinkinyje<\/p>","protected":false},"featured_media":86959,"template":"","meta":{"_acf_changed":false,"_glsr_average":0,"_glsr_ranking":0,"_glsr_reviews":0},"product_brand":[],"product_cat":[673,229],"product_tag":[],"class_list":{"0":"post-86957","1":"product","2":"type-product","3":"status-publish","4":"has-post-thumbnail","6":"product_cat-ugdomosios-priemones","7":"product_cat-zaislai-vaikams","8":"\"style=\"background-color: #2ecc711c;\"","10":"first","11":"instock","12":"purchasable","13":"product-type-simple"},"acf":[],"yoast_head":"<!-- This site is optimized with the Yoast SEO plugin v27.3 - https:\/\/yoast.com\/product\/yoast-seo-wordpress\/ -->\n<title>Masterkidz med\u017eiagos ir fakt\u016bros \u2013 12 Montessori jutimini\u0173 kalad\u0117li\u0173<\/title>\n<meta name=\"description\" content=\"Masterkidz med\u017eiagos ir fakt\u016bros \u2013 12 Montessori jutimini\u0173 kalad\u0117li\u0173 - KidsPlay. Did\u017eiausias vaik\u0173 \u017eaisl\u0173 pasirinkimas.\" \/>\n<meta name=\"robots\" content=\"index, follow, max-snippet:-1, max-image-preview:large, max-video-preview:-1\" \/>\n<link rel=\"canonical\" href=\"https:\/\/kidsplay.lt\/lv\/products\/masterkidz-medziagos-ir-fakturos-12-montessori-jutiminiu-kaladeliu\/\" \/>\n<meta property=\"og:locale\" content=\"lv_LV\" \/>\n<meta property=\"og:type\" content=\"article\" \/>\n<meta property=\"og:title\" content=\"Masterkidz med\u017eiagos ir fakt\u016bros \u2013 12 Montessori jutimini\u0173 kalad\u0117li\u0173\" \/>\n<meta property=\"og:description\" content=\"Masterkidz med\u017eiagos ir fakt\u016bros \u2013 12 Montessori jutimini\u0173 kalad\u0117li\u0173 - KidsPlay. Did\u017eiausias vaik\u0173 \u017eaisl\u0173 pasirinkimas.\" \/>\n<meta property=\"og:url\" content=\"https:\/\/kidsplay.lt\/lv\/products\/masterkidz-medziagos-ir-fakturos-12-montessori-jutiminiu-kaladeliu\/\" \/>\n<meta property=\"og:site_name\" content=\"KidsPlay\" \/>\n<meta property=\"article:publisher\" content=\"https:\/\/www.facebook.com\/www.kidsplay.lt\" \/>\n<meta property=\"article:modified_time\" content=\"2026-04-07T06:52:23+00:00\" \/>\n<meta property=\"og:image\" content=\"https:\/\/kidsplay.lt\/wp-content\/uploads\/2026\/02\/Masterkidz-medziagos-ir-fakturos-\u2013-12-Montessori-jutiminiu-kaladeliu.jpg\" \/>\n\t<meta property=\"og:image:width\" content=\"2500\" \/>\n\t<meta property=\"og:image:height\" content=\"2388\" \/>\n\t<meta property=\"og:image:type\" content=\"image\/jpeg\" \/>\n<meta name=\"twitter:card\" content=\"summary_large_image\" \/>\n<meta name=\"twitter:label1\" content=\"Est. reading time\" \/>\n\t<meta name=\"twitter:data1\" content=\"1 min\u016bte\" \/>\n<script type=\"application\/ld+json\" class=\"yoast-schema-graph\">{\"@context\":\"https:\\\/\\\/schema.org\",\"@graph\":[{\"@type\":\"WebPage\",\"@id\":\"https:\\\/\\\/kidsplay.lt\\\/produktas\\\/masterkidz-medziagos-ir-fakturos-12-montessori-jutiminiu-kaladeliu\\\/\",\"url\":\"https:\\\/\\\/kidsplay.lt\\\/produktas\\\/masterkidz-medziagos-ir-fakturos-12-montessori-jutiminiu-kaladeliu\\\/\",\"name\":\"Masterkidz med\u017eiagos ir fakt\u016bros \u2013 12 Montessori jutimini\u0173 kalad\u0117li\u0173\",\"isPartOf\":{\"@id\":\"https:\\\/\\\/kidsplay.lt\\\/#website\"},\"primaryImageOfPage\":{\"@id\":\"https:\\\/\\\/kidsplay.lt\\\/produktas\\\/masterkidz-medziagos-ir-fakturos-12-montessori-jutiminiu-kaladeliu\\\/#primaryimage\"},\"image\":{\"@id\":\"https:\\\/\\\/kidsplay.lt\\\/produktas\\\/masterkidz-medziagos-ir-fakturos-12-montessori-jutiminiu-kaladeliu\\\/#primaryimage\"},\"thumbnailUrl\":\"https:\\\/\\\/kidsplay.lt\\\/wp-content\\\/uploads\\\/2026\\\/02\\\/Masterkidz-medziagos-ir-fakturos-\u2013-12-Montessori-jutiminiu-kaladeliu.jpg\",\"datePublished\":\"2026-02-24T17:56:30+00:00\",\"dateModified\":\"2026-04-07T06:52:23+00:00\",\"description\":\"Masterkidz med\u017eiagos ir fakt\u016bros \u2013 12 Montessori jutimini\u0173 kalad\u0117li\u0173 - KidsPlay. Did\u017eiausias vaik\u0173 \u017eaisl\u0173 pasirinkimas.\",\"breadcrumb\":{\"@id\":\"https:\\\/\\\/kidsplay.lt\\\/produktas\\\/masterkidz-medziagos-ir-fakturos-12-montessori-jutiminiu-kaladeliu\\\/#breadcrumb\"},\"inLanguage\":\"lv-LV\",\"potentialAction\":[{\"@type\":\"ReadAction\",\"target\":[\"https:\\\/\\\/kidsplay.lt\\\/produktas\\\/masterkidz-medziagos-ir-fakturos-12-montessori-jutiminiu-kaladeliu\\\/\"]}]},{\"@type\":\"ImageObject\",\"inLanguage\":\"lv-LV\",\"@id\":\"https:\\\/\\\/kidsplay.lt\\\/produktas\\\/masterkidz-medziagos-ir-fakturos-12-montessori-jutiminiu-kaladeliu\\\/#primaryimage\",\"url\":\"https:\\\/\\\/kidsplay.lt\\\/wp-content\\\/uploads\\\/2026\\\/02\\\/Masterkidz-medziagos-ir-fakturos-\u2013-12-Montessori-jutiminiu-kaladeliu.jpg\",\"contentUrl\":\"https:\\\/\\\/kidsplay.lt\\\/wp-content\\\/uploads\\\/2026\\\/02\\\/Masterkidz-medziagos-ir-fakturos-\u2013-12-Montessori-jutiminiu-kaladeliu.jpg\",\"width\":2500,\"height\":2388,\"caption\":\"Masterkidz med\u017eiagos ir fakt\u016bros \u2013 12 Montessori jutimini\u0173 kalad\u0117li\u0173\"},{\"@type\":\"BreadcrumbList\",\"@id\":\"https:\\\/\\\/kidsplay.lt\\\/produktas\\\/masterkidz-medziagos-ir-fakturos-12-montessori-jutiminiu-kaladeliu\\\/#breadcrumb\",\"itemListElement\":[{\"@type\":\"ListItem\",\"position\":1,\"name\":\"Pagrindinis\",\"item\":\"https:\\\/\\\/kidsplay.lt\\\/\"},{\"@type\":\"ListItem\",\"position\":2,\"name\":\"Parduotuv\u0117\",\"item\":\"https:\\\/\\\/kidsplay.lt\\\/parduotuve\\\/\"},{\"@type\":\"ListItem\",\"position\":3,\"name\":\"Masterkidz med\u017eiagos ir fakt\u016bros \u2013 12 Montessori jutimini\u0173 kalad\u0117li\u0173\"}]},{\"@type\":\"WebSite\",\"@id\":\"https:\\\/\\\/kidsplay.lt\\\/#website\",\"url\":\"https:\\\/\\\/kidsplay.lt\\\/\",\"name\":\"Kidsplay.lt\",\"description\":\"\u012evairios prek\u0117s vaikams\",\"publisher\":{\"@id\":\"https:\\\/\\\/kidsplay.lt\\\/#organization\"},\"alternateName\":\"Kidsplay\",\"potentialAction\":[{\"@type\":\"SearchAction\",\"target\":{\"@type\":\"EntryPoint\",\"urlTemplate\":\"https:\\\/\\\/kidsplay.lt\\\/?s={search_term_string}\"},\"query-input\":{\"@type\":\"PropertyValueSpecification\",\"valueRequired\":true,\"valueName\":\"search_term_string\"}}],\"inLanguage\":\"lv-LV\"},{\"@type\":\"Organization\",\"@id\":\"https:\\\/\\\/kidsplay.lt\\\/#organization\",\"name\":\"KidsPlay\",\"url\":\"https:\\\/\\\/kidsplay.lt\\\/\",\"logo\":{\"@type\":\"ImageObject\",\"inLanguage\":\"lv-LV\",\"@id\":\"https:\\\/\\\/kidsplay.lt\\\/#\\\/schema\\\/logo\\\/image\\\/\",\"url\":\"https:\\\/\\\/kidsplay.lt\\\/wp-content\\\/uploads\\\/2023\\\/07\\\/kidsplay-logo.png\",\"contentUrl\":\"https:\\\/\\\/kidsplay.lt\\\/wp-content\\\/uploads\\\/2023\\\/07\\\/kidsplay-logo.png\",\"width\":451,\"height\":98,\"caption\":\"KidsPlay\"},\"image\":{\"@id\":\"https:\\\/\\\/kidsplay.lt\\\/#\\\/schema\\\/logo\\\/image\\\/\"},\"sameAs\":[\"https:\\\/\\\/www.facebook.com\\\/www.kidsplay.lt\"]}]}<\/script>\n<!-- \/ Yoast SEO plugin. -->","yoast_head_json":{"title":"Masterkidz materi\u0101li un tekst\u016bras \u2013 12 Montessori sensorie bloki","description":"Masterkidz med\u017eiagos ir fakt\u016bros \u2013 12 Montessori jutimini\u0173 kalad\u0117li\u0173 - KidsPlay. Did\u017eiausias vaik\u0173 \u017eaisl\u0173 pasirinkimas.","robots":{"index":"index","follow":"follow","max-snippet":"max-snippet:-1","max-image-preview":"max-image-preview:large","max-video-preview":"max-video-preview:-1"},"canonical":"https:\/\/kidsplay.lt\/lv\/products\/masterkidz-medziagos-ir-fakturos-12-montessori-jutiminiu-kaladeliu\/","og_locale":"lv_LV","og_type":"article","og_title":"Masterkidz med\u017eiagos ir fakt\u016bros \u2013 12 Montessori jutimini\u0173 kalad\u0117li\u0173","og_description":"Masterkidz med\u017eiagos ir fakt\u016bros \u2013 12 Montessori jutimini\u0173 kalad\u0117li\u0173 - KidsPlay. Did\u017eiausias vaik\u0173 \u017eaisl\u0173 pasirinkimas.","og_url":"https:\/\/kidsplay.lt\/lv\/products\/masterkidz-medziagos-ir-fakturos-12-montessori-jutiminiu-kaladeliu\/","og_site_name":"KidsPlay","article_publisher":"https:\/\/www.facebook.com\/www.kidsplay.lt","article_modified_time":"2026-04-07T06:52:23+00:00","og_image":[{"width":2500,"height":2388,"url":"https:\/\/kidsplay.lt\/wp-content\/uploads\/2026\/02\/Masterkidz-medziagos-ir-fakturos-\u2013-12-Montessori-jutiminiu-kaladeliu.jpg","type":"image\/jpeg"}],"twitter_card":"summary_large_image","twitter_misc":{"Est. reading time":"1 min\u016bte"},"schema":{"@context":"https:\/\/schema.org","@graph":[{"@type":"WebPage","@id":"https:\/\/kidsplay.lt\/produktas\/masterkidz-medziagos-ir-fakturos-12-montessori-jutiminiu-kaladeliu\/","url":"https:\/\/kidsplay.lt\/produktas\/masterkidz-medziagos-ir-fakturos-12-montessori-jutiminiu-kaladeliu\/","name":"Masterkidz materi\u0101li un tekst\u016bras \u2013 12 Montessori sensorie bloki","isPartOf":{"@id":"https:\/\/kidsplay.lt\/#website"},"primaryImageOfPage":{"@id":"https:\/\/kidsplay.lt\/produktas\/masterkidz-medziagos-ir-fakturos-12-montessori-jutiminiu-kaladeliu\/#primaryimage"},"image":{"@id":"https:\/\/kidsplay.lt\/produktas\/masterkidz-medziagos-ir-fakturos-12-montessori-jutiminiu-kaladeliu\/#primaryimage"},"thumbnailUrl":"https:\/\/kidsplay.lt\/wp-content\/uploads\/2026\/02\/Masterkidz-medziagos-ir-fakturos-\u2013-12-Montessori-jutiminiu-kaladeliu.jpg","datePublished":"2026-02-24T17:56:30+00:00","dateModified":"2026-04-07T06:52:23+00:00","description":"Masterkidz med\u017eiagos ir fakt\u016bros \u2013 12 Montessori jutimini\u0173 kalad\u0117li\u0173 - KidsPlay. Did\u017eiausias vaik\u0173 \u017eaisl\u0173 pasirinkimas.","breadcrumb":{"@id":"https:\/\/kidsplay.lt\/produktas\/masterkidz-medziagos-ir-fakturos-12-montessori-jutiminiu-kaladeliu\/#breadcrumb"},"inLanguage":"lv-LV","potentialAction":[{"@type":"ReadAction","target":["https:\/\/kidsplay.lt\/produktas\/masterkidz-medziagos-ir-fakturos-12-montessori-jutiminiu-kaladeliu\/"]}]},{"@type":"ImageObject","inLanguage":"lv-LV","@id":"https:\/\/kidsplay.lt\/produktas\/masterkidz-medziagos-ir-fakturos-12-montessori-jutiminiu-kaladeliu\/#primaryimage","url":"https:\/\/kidsplay.lt\/wp-content\/uploads\/2026\/02\/Masterkidz-medziagos-ir-fakturos-\u2013-12-Montessori-jutiminiu-kaladeliu.jpg","contentUrl":"https:\/\/kidsplay.lt\/wp-content\/uploads\/2026\/02\/Masterkidz-medziagos-ir-fakturos-\u2013-12-Montessori-jutiminiu-kaladeliu.jpg","width":2500,"height":2388,"caption":"Masterkidz med\u017eiagos ir fakt\u016bros \u2013 12 Montessori jutimini\u0173 kalad\u0117li\u0173"},{"@type":"BreadcrumbList","@id":"https:\/\/kidsplay.lt\/produktas\/masterkidz-medziagos-ir-fakturos-12-montessori-jutiminiu-kaladeliu\/#breadcrumb","itemListElement":[{"@type":"ListItem","position":1,"name":"Pagrindinis","item":"https:\/\/kidsplay.lt\/"},{"@type":"ListItem","position":2,"name":"Parduotuv\u0117","item":"https:\/\/kidsplay.lt\/parduotuve\/"},{"@type":"ListItem","position":3,"name":"Masterkidz med\u017eiagos ir fakt\u016bros \u2013 12 Montessori jutimini\u0173 kalad\u0117li\u0173"}]},{"@type":"WebSite","@id":"https:\/\/kidsplay.lt\/#website","url":"https:\/\/kidsplay.lt\/","name":"B\u0113rnu sp\u0113les.lv","description":"\u012evairios prek\u0117s vaikams","publisher":{"@id":"https:\/\/kidsplay.lt\/#organization"},"alternateName":"Kidsplay","potentialAction":[{"@type":"SearchAction","target":{"@type":"EntryPoint","urlTemplate":"https:\/\/kidsplay.lt\/?s={search_term_string}"},"query-input":{"@type":"PropertyValueSpecification","valueRequired":true,"valueName":"search_term_string"}}],"inLanguage":"lv-LV"},{"@type":"Organization","@id":"https:\/\/kidsplay.lt\/#organization","name":"B\u0113rnu sp\u0113le","url":"https:\/\/kidsplay.lt\/","logo":{"@type":"ImageObject","inLanguage":"lv-LV","@id":"https:\/\/kidsplay.lt\/#\/schema\/logo\/image\/","url":"https:\/\/kidsplay.lt\/wp-content\/uploads\/2023\/07\/kidsplay-logo.png","contentUrl":"https:\/\/kidsplay.lt\/wp-content\/uploads\/2023\/07\/kidsplay-logo.png","width":451,"height":98,"caption":"KidsPlay"},"image":{"@id":"https:\/\/kidsplay.lt\/#\/schema\/logo\/image\/"},"sameAs":["https:\/\/www.facebook.com\/www.kidsplay.lt"]}]}},"_links":{"self":[{"href":"https:\/\/kidsplay.lt\/lv\/wp-json\/wp\/v2\/product\/86957","targetHints":{"allow":["GET"]}}],"collection":[{"href":"https:\/\/kidsplay.lt\/lv\/wp-json\/wp\/v2\/product"}],"about":[{"href":"https:\/\/kidsplay.lt\/lv\/wp-json\/wp\/v2\/types\/product"}],"version-history":[{"count":1,"href":"https:\/\/kidsplay.lt\/lv\/wp-json\/wp\/v2\/product\/86957\/revisions"}],"predecessor-version":[{"id":86958,"href":"https:\/\/kidsplay.lt\/lv\/wp-json\/wp\/v2\/product\/86957\/revisions\/86958"}],"wp:featuredmedia":[{"embeddable":true,"href":"https:\/\/kidsplay.lt\/lv\/wp-json\/wp\/v2\/media\/86959"}],"wp:attachment":[{"href":"https:\/\/kidsplay.lt\/lv\/wp-json\/wp\/v2\/media?parent=86957"}],"wp:term":[{"taxonomy":"product_brand","embeddable":true,"href":"https:\/\/kidsplay.lt\/lv\/wp-json\/wp\/v2\/product_brand?post=86957"},{"taxonomy":"product_cat","embeddable":true,"href":"https:\/\/kidsplay.lt\/lv\/wp-json\/wp\/v2\/product_cat?post=86957"},{"taxonomy":"product_tag","embeddable":true,"href":"https:\/\/kidsplay.lt\/lv\/wp-json\/wp\/v2\/product_tag?post=86957"}],"curies":[{"name":"wp","href":"https:\/\/api.w.org\/{rel}","templated":true}]}}