{"id":86971,"date":"2026-02-24T19:56:53","date_gmt":"2026-02-24T17:56:53","guid":{"rendered":"https:\/\/kidsplay.lt\/produktas\/masterkidz-4-statybiniu-ploksteliu-rinkinys-stem-sieninei-lentai\/"},"modified":"2026-04-13T14:14:17","modified_gmt":"2026-04-13T11:14:17","slug":"masterkidz-4-statybiniu-ploksteliu-rinkinys-stem-sieninei-lentai","status":"publish","type":"product","link":"https:\/\/kidsplay.lt\/lv\/products\/masterkidz-4-statybiniu-ploksteliu-rinkinys-stem-sieninei-lentai\/","title":{"rendered":"MASTERKIDZ 4 da\u013cu STEM sienas t\u0101feles kluc\u012b\u0161u komplekts"},"content":{"rendered":"<p>Paverskite \u012fprast\u0105 STEM sien\u0105 interaktyvia k\u016brybos erdve su \u0161ia Masterkidz statyb\u0173 baze! Tai i\u0161manus priedas, leid\u017eiantis vaikams kurti erdvines konstrukcijas, eksperimentuoti su formomis ir lavinti technin\u012f m\u0105stym\u0105. Speciali pavir\u0161iaus strukt\u016bra su i\u0161kiliais ta\u0161keliais leid\u017eia lengvai tvirtinti \u012fvairius statybinius elementus ir kurti be joki\u0173 apribojim\u0173.<\/p>\n<p>Plyt\u0105 galima paprastai \u012fspausti \u012f bet kuri\u0105 STEM sienin\u0119 lent\u0105, taip i\u0161ple\u010diant jos galimybes ir suteikiant dar daugiau k\u016brybin\u0117s veiklos tiek namuose, tiek ugdymo \u012fstaigose.<\/p>\n<p>\u2757 Su \u0161iuo pagrindu suderinami kalad\u0117li\u0173 rinkiniai: ME29010, ME29027, ME29089 \u2757<\/p>\n<p>Raksturojums<\/p>\n<p> \tSpeciali i\u0161kili\u0173 ta\u0161keli\u0173 strukt\u016bra leid\u017eia lengvai tvirtinti kalad\u0117les<br \/>\n \tGreitas montavimas \u2013 tiesiog \u012fspaud\u017eiama \u012f STEM lent\u0105<br \/>\n \tPuikiai tinka mokykloms, dar\u017eeliams, k\u016brybiniams kampeliams ir namams<br \/>\n \tSuderinama su populiariais kalad\u0117li\u0173 preki\u0173 \u017eenklais<br \/>\n \tPatvarus ir saugus sprendimas aktyviam \u017eaidimui<\/p>\n<p>Lavinamos kompetencijos<\/p>\n<p> \tK\u016brybi\u0161kumas ir vaizduot\u0117<br \/>\n \tVizualin\u0117 percepcija ir aki\u0173\u2013rank\u0173 koordinacija<br \/>\n \tBendradarbiavimas ir \u017eaidimas kartu<br \/>\n \tKonstrukcinis m\u0105stymas ir problem\u0173 sprendimas<\/p>\n<p>Suderinama su \u0161iomis STEM lentomis:<br \/>\nME10971 ME12838 ME15358 ME15365 ME11343 ME09548 ME10964 ME15372 ME15389 ME25166 ME09531 ME30849<\/p>","protected":false},"excerpt":{"rendered":"<p>Paverskite \u012fprast\u0105 STEM sien\u0105 interaktyvia k\u016brybos erdve su \u0161ia Masterkidz statyb\u0173 baze! Tai i\u0161manus priedas, leid\u017eiantis vaikams kurti erdvines konstrukcijas,<\/p>","protected":false},"featured_media":86973,"template":"","meta":{"_acf_changed":false,"_glsr_average":0,"_glsr_ranking":0,"_glsr_reviews":0},"product_brand":[],"product_cat":[673,229],"product_tag":[],"class_list":{"0":"post-86971","1":"product","2":"type-product","3":"status-publish","4":"has-post-thumbnail","6":"product_cat-ugdomosios-priemones","7":"product_cat-zaislai-vaikams","8":"\"style=\"background-color: #2ecc711c;\"","10":"first","11":"instock","12":"purchasable","13":"product-type-simple"},"acf":[],"yoast_head":"<!-- This site is optimized with the Yoast SEO plugin v27.3 - https:\/\/yoast.com\/product\/yoast-seo-wordpress\/ -->\n<title>MASTERKIDZ 4 statybini\u0173 plok\u0161teli\u0173 rinkinys STEM sieninei lentai<\/title>\n<meta name=\"description\" content=\"MASTERKIDZ 4 statybini\u0173 plok\u0161teli\u0173 rinkinys STEM sieninei lentai - KidsPlay. Did\u017eiausias vaik\u0173 \u017eaisl\u0173 pasirinkimas.\" \/>\n<meta name=\"robots\" content=\"index, follow, max-snippet:-1, max-image-preview:large, max-video-preview:-1\" \/>\n<link rel=\"canonical\" href=\"https:\/\/kidsplay.lt\/lv\/products\/masterkidz-4-statybiniu-ploksteliu-rinkinys-stem-sieninei-lentai\/\" \/>\n<meta property=\"og:locale\" content=\"lv_LV\" \/>\n<meta property=\"og:type\" content=\"article\" \/>\n<meta property=\"og:title\" content=\"MASTERKIDZ 4 statybini\u0173 plok\u0161teli\u0173 rinkinys STEM sieninei lentai\" \/>\n<meta property=\"og:description\" content=\"MASTERKIDZ 4 statybini\u0173 plok\u0161teli\u0173 rinkinys STEM sieninei lentai - KidsPlay. Did\u017eiausias vaik\u0173 \u017eaisl\u0173 pasirinkimas.\" \/>\n<meta property=\"og:url\" content=\"https:\/\/kidsplay.lt\/lv\/products\/masterkidz-4-statybiniu-ploksteliu-rinkinys-stem-sieninei-lentai\/\" \/>\n<meta property=\"og:site_name\" content=\"KidsPlay\" \/>\n<meta property=\"article:publisher\" content=\"https:\/\/www.facebook.com\/www.kidsplay.lt\" \/>\n<meta property=\"article:modified_time\" content=\"2026-04-13T11:14:17+00:00\" \/>\n<meta property=\"og:image\" content=\"https:\/\/kidsplay.lt\/wp-content\/uploads\/2026\/02\/MASTERKIDZ-4-statybiniu-ploksteliu-rinkinys-STEM-sieninei-lentai.jpg\" \/>\n\t<meta property=\"og:image:width\" content=\"1000\" \/>\n\t<meta property=\"og:image:height\" content=\"1000\" \/>\n\t<meta property=\"og:image:type\" content=\"image\/jpeg\" \/>\n<meta name=\"twitter:card\" content=\"summary_large_image\" \/>\n<meta name=\"twitter:label1\" content=\"Est. reading time\" \/>\n\t<meta name=\"twitter:data1\" content=\"1 min\u016bte\" \/>\n<script type=\"application\/ld+json\" class=\"yoast-schema-graph\">{\"@context\":\"https:\\\/\\\/schema.org\",\"@graph\":[{\"@type\":\"WebPage\",\"@id\":\"https:\\\/\\\/kidsplay.lt\\\/produktas\\\/masterkidz-4-statybiniu-ploksteliu-rinkinys-stem-sieninei-lentai\\\/\",\"url\":\"https:\\\/\\\/kidsplay.lt\\\/produktas\\\/masterkidz-4-statybiniu-ploksteliu-rinkinys-stem-sieninei-lentai\\\/\",\"name\":\"MASTERKIDZ 4 statybini\u0173 plok\u0161teli\u0173 rinkinys STEM sieninei lentai\",\"isPartOf\":{\"@id\":\"https:\\\/\\\/kidsplay.lt\\\/#website\"},\"primaryImageOfPage\":{\"@id\":\"https:\\\/\\\/kidsplay.lt\\\/produktas\\\/masterkidz-4-statybiniu-ploksteliu-rinkinys-stem-sieninei-lentai\\\/#primaryimage\"},\"image\":{\"@id\":\"https:\\\/\\\/kidsplay.lt\\\/produktas\\\/masterkidz-4-statybiniu-ploksteliu-rinkinys-stem-sieninei-lentai\\\/#primaryimage\"},\"thumbnailUrl\":\"https:\\\/\\\/kidsplay.lt\\\/wp-content\\\/uploads\\\/2026\\\/02\\\/MASTERKIDZ-4-statybiniu-ploksteliu-rinkinys-STEM-sieninei-lentai.jpg\",\"datePublished\":\"2026-02-24T17:56:53+00:00\",\"dateModified\":\"2026-04-13T11:14:17+00:00\",\"description\":\"MASTERKIDZ 4 statybini\u0173 plok\u0161teli\u0173 rinkinys STEM sieninei lentai - KidsPlay. Did\u017eiausias vaik\u0173 \u017eaisl\u0173 pasirinkimas.\",\"breadcrumb\":{\"@id\":\"https:\\\/\\\/kidsplay.lt\\\/produktas\\\/masterkidz-4-statybiniu-ploksteliu-rinkinys-stem-sieninei-lentai\\\/#breadcrumb\"},\"inLanguage\":\"lv-LV\",\"potentialAction\":[{\"@type\":\"ReadAction\",\"target\":[\"https:\\\/\\\/kidsplay.lt\\\/produktas\\\/masterkidz-4-statybiniu-ploksteliu-rinkinys-stem-sieninei-lentai\\\/\"]}]},{\"@type\":\"ImageObject\",\"inLanguage\":\"lv-LV\",\"@id\":\"https:\\\/\\\/kidsplay.lt\\\/produktas\\\/masterkidz-4-statybiniu-ploksteliu-rinkinys-stem-sieninei-lentai\\\/#primaryimage\",\"url\":\"https:\\\/\\\/kidsplay.lt\\\/wp-content\\\/uploads\\\/2026\\\/02\\\/MASTERKIDZ-4-statybiniu-ploksteliu-rinkinys-STEM-sieninei-lentai.jpg\",\"contentUrl\":\"https:\\\/\\\/kidsplay.lt\\\/wp-content\\\/uploads\\\/2026\\\/02\\\/MASTERKIDZ-4-statybiniu-ploksteliu-rinkinys-STEM-sieninei-lentai.jpg\",\"width\":1000,\"height\":1000,\"caption\":\"MASTERKIDZ 4 statybini\u0173 plok\u0161teli\u0173 rinkinys STEM sieninei lentai\"},{\"@type\":\"BreadcrumbList\",\"@id\":\"https:\\\/\\\/kidsplay.lt\\\/produktas\\\/masterkidz-4-statybiniu-ploksteliu-rinkinys-stem-sieninei-lentai\\\/#breadcrumb\",\"itemListElement\":[{\"@type\":\"ListItem\",\"position\":1,\"name\":\"Pagrindinis\",\"item\":\"https:\\\/\\\/kidsplay.lt\\\/\"},{\"@type\":\"ListItem\",\"position\":2,\"name\":\"Parduotuv\u0117\",\"item\":\"https:\\\/\\\/kidsplay.lt\\\/parduotuve\\\/\"},{\"@type\":\"ListItem\",\"position\":3,\"name\":\"MASTERKIDZ 4 statybini\u0173 plok\u0161teli\u0173 rinkinys STEM sieninei lentai\"}]},{\"@type\":\"WebSite\",\"@id\":\"https:\\\/\\\/kidsplay.lt\\\/#website\",\"url\":\"https:\\\/\\\/kidsplay.lt\\\/\",\"name\":\"Kidsplay.lt\",\"description\":\"\u012evairios prek\u0117s vaikams\",\"publisher\":{\"@id\":\"https:\\\/\\\/kidsplay.lt\\\/#organization\"},\"alternateName\":\"Kidsplay\",\"potentialAction\":[{\"@type\":\"SearchAction\",\"target\":{\"@type\":\"EntryPoint\",\"urlTemplate\":\"https:\\\/\\\/kidsplay.lt\\\/?s={search_term_string}\"},\"query-input\":{\"@type\":\"PropertyValueSpecification\",\"valueRequired\":true,\"valueName\":\"search_term_string\"}}],\"inLanguage\":\"lv-LV\"},{\"@type\":\"Organization\",\"@id\":\"https:\\\/\\\/kidsplay.lt\\\/#organization\",\"name\":\"KidsPlay\",\"url\":\"https:\\\/\\\/kidsplay.lt\\\/\",\"logo\":{\"@type\":\"ImageObject\",\"inLanguage\":\"lv-LV\",\"@id\":\"https:\\\/\\\/kidsplay.lt\\\/#\\\/schema\\\/logo\\\/image\\\/\",\"url\":\"https:\\\/\\\/kidsplay.lt\\\/wp-content\\\/uploads\\\/2023\\\/07\\\/kidsplay-logo.png\",\"contentUrl\":\"https:\\\/\\\/kidsplay.lt\\\/wp-content\\\/uploads\\\/2023\\\/07\\\/kidsplay-logo.png\",\"width\":451,\"height\":98,\"caption\":\"KidsPlay\"},\"image\":{\"@id\":\"https:\\\/\\\/kidsplay.lt\\\/#\\\/schema\\\/logo\\\/image\\\/\"},\"sameAs\":[\"https:\\\/\\\/www.facebook.com\\\/www.kidsplay.lt\"]}]}<\/script>\n<!-- \/ Yoast SEO plugin. -->","yoast_head_json":{"title":"MASTERKIDZ 4 da\u013cu STEM sienas t\u0101feles kluc\u012b\u0161u komplekts","description":"MASTERKIDZ 4 statybini\u0173 plok\u0161teli\u0173 rinkinys STEM sieninei lentai - KidsPlay. Did\u017eiausias vaik\u0173 \u017eaisl\u0173 pasirinkimas.","robots":{"index":"index","follow":"follow","max-snippet":"max-snippet:-1","max-image-preview":"max-image-preview:large","max-video-preview":"max-video-preview:-1"},"canonical":"https:\/\/kidsplay.lt\/lv\/products\/masterkidz-4-statybiniu-ploksteliu-rinkinys-stem-sieninei-lentai\/","og_locale":"lv_LV","og_type":"article","og_title":"MASTERKIDZ 4 statybini\u0173 plok\u0161teli\u0173 rinkinys STEM sieninei lentai","og_description":"MASTERKIDZ 4 statybini\u0173 plok\u0161teli\u0173 rinkinys STEM sieninei lentai - KidsPlay. Did\u017eiausias vaik\u0173 \u017eaisl\u0173 pasirinkimas.","og_url":"https:\/\/kidsplay.lt\/lv\/products\/masterkidz-4-statybiniu-ploksteliu-rinkinys-stem-sieninei-lentai\/","og_site_name":"KidsPlay","article_publisher":"https:\/\/www.facebook.com\/www.kidsplay.lt","article_modified_time":"2026-04-13T11:14:17+00:00","og_image":[{"width":1000,"height":1000,"url":"https:\/\/kidsplay.lt\/wp-content\/uploads\/2026\/02\/MASTERKIDZ-4-statybiniu-ploksteliu-rinkinys-STEM-sieninei-lentai.jpg","type":"image\/jpeg"}],"twitter_card":"summary_large_image","twitter_misc":{"Est. reading time":"1 min\u016bte"},"schema":{"@context":"https:\/\/schema.org","@graph":[{"@type":"WebPage","@id":"https:\/\/kidsplay.lt\/produktas\/masterkidz-4-statybiniu-ploksteliu-rinkinys-stem-sieninei-lentai\/","url":"https:\/\/kidsplay.lt\/produktas\/masterkidz-4-statybiniu-ploksteliu-rinkinys-stem-sieninei-lentai\/","name":"MASTERKIDZ 4 da\u013cu STEM sienas t\u0101feles kluc\u012b\u0161u komplekts","isPartOf":{"@id":"https:\/\/kidsplay.lt\/#website"},"primaryImageOfPage":{"@id":"https:\/\/kidsplay.lt\/produktas\/masterkidz-4-statybiniu-ploksteliu-rinkinys-stem-sieninei-lentai\/#primaryimage"},"image":{"@id":"https:\/\/kidsplay.lt\/produktas\/masterkidz-4-statybiniu-ploksteliu-rinkinys-stem-sieninei-lentai\/#primaryimage"},"thumbnailUrl":"https:\/\/kidsplay.lt\/wp-content\/uploads\/2026\/02\/MASTERKIDZ-4-statybiniu-ploksteliu-rinkinys-STEM-sieninei-lentai.jpg","datePublished":"2026-02-24T17:56:53+00:00","dateModified":"2026-04-13T11:14:17+00:00","description":"MASTERKIDZ 4 statybini\u0173 plok\u0161teli\u0173 rinkinys STEM sieninei lentai - KidsPlay. Did\u017eiausias vaik\u0173 \u017eaisl\u0173 pasirinkimas.","breadcrumb":{"@id":"https:\/\/kidsplay.lt\/produktas\/masterkidz-4-statybiniu-ploksteliu-rinkinys-stem-sieninei-lentai\/#breadcrumb"},"inLanguage":"lv-LV","potentialAction":[{"@type":"ReadAction","target":["https:\/\/kidsplay.lt\/produktas\/masterkidz-4-statybiniu-ploksteliu-rinkinys-stem-sieninei-lentai\/"]}]},{"@type":"ImageObject","inLanguage":"lv-LV","@id":"https:\/\/kidsplay.lt\/produktas\/masterkidz-4-statybiniu-ploksteliu-rinkinys-stem-sieninei-lentai\/#primaryimage","url":"https:\/\/kidsplay.lt\/wp-content\/uploads\/2026\/02\/MASTERKIDZ-4-statybiniu-ploksteliu-rinkinys-STEM-sieninei-lentai.jpg","contentUrl":"https:\/\/kidsplay.lt\/wp-content\/uploads\/2026\/02\/MASTERKIDZ-4-statybiniu-ploksteliu-rinkinys-STEM-sieninei-lentai.jpg","width":1000,"height":1000,"caption":"MASTERKIDZ 4 statybini\u0173 plok\u0161teli\u0173 rinkinys STEM sieninei lentai"},{"@type":"BreadcrumbList","@id":"https:\/\/kidsplay.lt\/produktas\/masterkidz-4-statybiniu-ploksteliu-rinkinys-stem-sieninei-lentai\/#breadcrumb","itemListElement":[{"@type":"ListItem","position":1,"name":"Pagrindinis","item":"https:\/\/kidsplay.lt\/"},{"@type":"ListItem","position":2,"name":"Parduotuv\u0117","item":"https:\/\/kidsplay.lt\/parduotuve\/"},{"@type":"ListItem","position":3,"name":"MASTERKIDZ 4 statybini\u0173 plok\u0161teli\u0173 rinkinys STEM sieninei lentai"}]},{"@type":"WebSite","@id":"https:\/\/kidsplay.lt\/#website","url":"https:\/\/kidsplay.lt\/","name":"B\u0113rnu sp\u0113les.lv","description":"\u012evairios prek\u0117s vaikams","publisher":{"@id":"https:\/\/kidsplay.lt\/#organization"},"alternateName":"Kidsplay","potentialAction":[{"@type":"SearchAction","target":{"@type":"EntryPoint","urlTemplate":"https:\/\/kidsplay.lt\/?s={search_term_string}"},"query-input":{"@type":"PropertyValueSpecification","valueRequired":true,"valueName":"search_term_string"}}],"inLanguage":"lv-LV"},{"@type":"Organization","@id":"https:\/\/kidsplay.lt\/#organization","name":"B\u0113rnu sp\u0113le","url":"https:\/\/kidsplay.lt\/","logo":{"@type":"ImageObject","inLanguage":"lv-LV","@id":"https:\/\/kidsplay.lt\/#\/schema\/logo\/image\/","url":"https:\/\/kidsplay.lt\/wp-content\/uploads\/2023\/07\/kidsplay-logo.png","contentUrl":"https:\/\/kidsplay.lt\/wp-content\/uploads\/2023\/07\/kidsplay-logo.png","width":451,"height":98,"caption":"KidsPlay"},"image":{"@id":"https:\/\/kidsplay.lt\/#\/schema\/logo\/image\/"},"sameAs":["https:\/\/www.facebook.com\/www.kidsplay.lt"]}]}},"_links":{"self":[{"href":"https:\/\/kidsplay.lt\/lv\/wp-json\/wp\/v2\/product\/86971","targetHints":{"allow":["GET"]}}],"collection":[{"href":"https:\/\/kidsplay.lt\/lv\/wp-json\/wp\/v2\/product"}],"about":[{"href":"https:\/\/kidsplay.lt\/lv\/wp-json\/wp\/v2\/types\/product"}],"version-history":[{"count":1,"href":"https:\/\/kidsplay.lt\/lv\/wp-json\/wp\/v2\/product\/86971\/revisions"}],"predecessor-version":[{"id":86972,"href":"https:\/\/kidsplay.lt\/lv\/wp-json\/wp\/v2\/product\/86971\/revisions\/86972"}],"wp:featuredmedia":[{"embeddable":true,"href":"https:\/\/kidsplay.lt\/lv\/wp-json\/wp\/v2\/media\/86973"}],"wp:attachment":[{"href":"https:\/\/kidsplay.lt\/lv\/wp-json\/wp\/v2\/media?parent=86971"}],"wp:term":[{"taxonomy":"product_brand","embeddable":true,"href":"https:\/\/kidsplay.lt\/lv\/wp-json\/wp\/v2\/product_brand?post=86971"},{"taxonomy":"product_cat","embeddable":true,"href":"https:\/\/kidsplay.lt\/lv\/wp-json\/wp\/v2\/product_cat?post=86971"},{"taxonomy":"product_tag","embeddable":true,"href":"https:\/\/kidsplay.lt\/lv\/wp-json\/wp\/v2\/product_tag?post=86971"}],"curies":[{"name":"wp","href":"https:\/\/api.w.org\/{rel}","templated":true}]}}