{"id":86982,"date":"2026-02-24T19:58:56","date_gmt":"2026-02-24T17:58:56","guid":{"rendered":"https:\/\/kidsplay.lt\/produktas\/woopie-vandens-staliukas-2%e2%80%91in%e2%80%911-su-anciuku-ir-kriokliu-9-priedai\/"},"modified":"2026-04-20T07:42:32","modified_gmt":"2026-04-20T04:42:32","slug":"woopie-vandens-staliukas-2-in-1-su-anciuku-ir-kriokliu-9-priedai","status":"publish","type":"product","link":"https:\/\/kidsplay.lt\/lv\/products\/woopie-vandens-staliukas-2-in-1-su-anciuku-ir-kriokliu-9-priedai\/","title":{"rendered":"WOOPIE 2-in-1 \u016bdens galds ar p\u012bli un \u016bdenskritumu, 9 aksesu\u0101ri"},"content":{"rendered":"<p>WOOPIE smil\u0161u un \u016bdens galds ir lieliska rota\u013cu stacija mazajiem p\u0113tniekiem, kuriem pat\u012bk sp\u0113l\u0113ties ar \u016bdeni, smilt\u012bm un form\u0101m. Komplekt\u0101 ietilpst 10 aksesu\u0101ri, tostarp l\u0101psta, gr\u0101bek\u013ci, spainis, formas un \u012bpa\u0161a p\u012bles kask\u0101de, kas piestiprin\u0101s pie galda. Ielejot \u016bdeni p\u012bles galv\u0101, no t\u0101s kn\u0101bja izpl\u016bst straume, grie\u017eot dzirnavas un radot nelielu &quot;\u016bdenskritumu&quot; - \u012bsts atkl\u0101jums b\u0113rniem.<\/p>\n<p>P\u012bli var no\u0146emt no galda un piestiprin\u0101t pie sienas vai vannas istabas fl\u012bz\u0113m, izmantojot pies\u016bcek\u0146us. Tai ir ar\u012b zobu birstes tur\u0113t\u0101js, t\u0101p\u0113c t\u0101 var k\u013c\u016bt par jautru vannas istabas deta\u013cu, kas piel\u0101gota b\u0113rna augumam.<\/p>\n<p>Galds ir lieliski piem\u0113rots sp\u0113l\u0113m gan br\u012bv\u0101 dab\u0101, gan m\u0101j\u0101s, pludmal\u0113 vai smil\u0161u kast\u0113.<\/p>\n<p>Raksturojums<\/p>\n<p> \tPiem\u0113rots b\u0113rniem no 3 gadu vecuma<br \/>\n \t2 vien\u0101: grunts\u016bdens tvertne + \u016bdenskrituma funkcija<br \/>\n \tKomplekt\u0101 ietilpst 10 preces<br \/>\n \tP\u012ble ar pies\u016bcek\u0146iem \u2013 var piestiprin\u0101t pie sienas vai vannas<br \/>\n \tP\u012blei ir zobu birstes tur\u0113t\u0101js.<br \/>\n \tPiem\u0113rots gan \u0101ra, gan iek\u0161telpu sp\u0113l\u0113m<br \/>\n \tViegli saliekams<\/p>\n<p>Komplekt\u0101 atrad\u012bsiet:<\/p>\n<p> \tSaliekamais galds<br \/>\n \tP\u012ble ar \u016bdens dzirnav\u0101m<br \/>\n \t4 veidnes<br \/>\n \tSpainis<br \/>\n \t\u012apa\u0161a \u016bdens kauss<br \/>\n \tL\u0101psta<br \/>\n \tGr\u0101bek\u013ci<\/p>","protected":false},"excerpt":{"rendered":"<p>WOOPIE sm\u0117lio ir vandens staliukas \u2013 tai nuostabi \u017eaisl\u0173 stotel\u0117 ma\u017eiesiems tyrin\u0117tojams, m\u0117gstantiems \u017eaisti su vandeniu, sm\u0117liu ir formel\u0117mis. Rinkinyje<\/p>","protected":false},"featured_media":86984,"template":"","meta":{"_acf_changed":false,"_glsr_average":0,"_glsr_ranking":0,"_glsr_reviews":0},"product_brand":[],"product_cat":[395,229],"product_tag":[],"class_list":{"0":"post-86982","1":"product","2":"type-product","3":"status-publish","4":"has-post-thumbnail","6":"product_cat-vandens-ir-smelio-staliukai","7":"product_cat-zaislai-vaikams","8":"\"style=\"background-color: #2ecc711c;\"","10":"first","11":"instock","12":"purchasable","13":"product-type-simple"},"acf":[],"yoast_head":"<!-- This site is optimized with the Yoast SEO plugin v27.4 - https:\/\/yoast.com\/product\/yoast-seo-wordpress\/ -->\n<title>WOOPIE vandens staliukas 2\u2011in\u20111 su an\u010diuku ir kriokliu, 9 priedai<\/title>\n<meta name=\"description\" content=\"WOOPIE vandens staliukas 2\u2011in\u20111 su an\u010diuku ir kriokliu, 9 priedai - KidsPlay. Did\u017eiausias vaik\u0173 \u017eaisl\u0173 pasirinkimas.\" \/>\n<meta name=\"robots\" content=\"index, follow, max-snippet:-1, max-image-preview:large, max-video-preview:-1\" \/>\n<link rel=\"canonical\" href=\"https:\/\/kidsplay.lt\/lv\/products\/woopie-vandens-staliukas-2-in-1-su-anciuku-ir-kriokliu-9-priedai\/\" \/>\n<meta property=\"og:locale\" content=\"lv_LV\" \/>\n<meta property=\"og:type\" content=\"article\" \/>\n<meta property=\"og:title\" content=\"WOOPIE vandens staliukas 2\u2011in\u20111 su an\u010diuku ir kriokliu, 9 priedai\" \/>\n<meta property=\"og:description\" content=\"WOOPIE vandens staliukas 2\u2011in\u20111 su an\u010diuku ir kriokliu, 9 priedai - KidsPlay. Did\u017eiausias vaik\u0173 \u017eaisl\u0173 pasirinkimas.\" \/>\n<meta property=\"og:url\" content=\"https:\/\/kidsplay.lt\/lv\/products\/woopie-vandens-staliukas-2-in-1-su-anciuku-ir-kriokliu-9-priedai\/\" \/>\n<meta property=\"og:site_name\" content=\"KidsPlay\" \/>\n<meta property=\"article:publisher\" content=\"https:\/\/www.facebook.com\/www.kidsplay.lt\" \/>\n<meta property=\"article:modified_time\" content=\"2026-04-20T04:42:32+00:00\" \/>\n<meta property=\"og:image\" content=\"https:\/\/kidsplay.lt\/wp-content\/uploads\/2026\/02\/WOOPIE-vandens-staliukas-2\u2011in\u20111-su-anciuku-ir-kriokliu-9-priedai.jpg\" \/>\n\t<meta property=\"og:image:width\" content=\"1000\" \/>\n\t<meta property=\"og:image:height\" content=\"1000\" \/>\n\t<meta property=\"og:image:type\" content=\"image\/jpeg\" \/>\n<meta name=\"twitter:card\" content=\"summary_large_image\" \/>\n<meta name=\"twitter:label1\" content=\"Est. reading time\" \/>\n\t<meta name=\"twitter:data1\" content=\"1 min\u016bte\" \/>\n<script type=\"application\/ld+json\" class=\"yoast-schema-graph\">{\"@context\":\"https:\\\/\\\/schema.org\",\"@graph\":[{\"@type\":\"WebPage\",\"@id\":\"https:\\\/\\\/kidsplay.lt\\\/produktas\\\/woopie-vandens-staliukas-2-in-1-su-anciuku-ir-kriokliu-9-priedai\\\/\",\"url\":\"https:\\\/\\\/kidsplay.lt\\\/produktas\\\/woopie-vandens-staliukas-2-in-1-su-anciuku-ir-kriokliu-9-priedai\\\/\",\"name\":\"WOOPIE vandens staliukas 2\u2011in\u20111 su an\u010diuku ir kriokliu, 9 priedai\",\"isPartOf\":{\"@id\":\"https:\\\/\\\/kidsplay.lt\\\/#website\"},\"primaryImageOfPage\":{\"@id\":\"https:\\\/\\\/kidsplay.lt\\\/produktas\\\/woopie-vandens-staliukas-2-in-1-su-anciuku-ir-kriokliu-9-priedai\\\/#primaryimage\"},\"image\":{\"@id\":\"https:\\\/\\\/kidsplay.lt\\\/produktas\\\/woopie-vandens-staliukas-2-in-1-su-anciuku-ir-kriokliu-9-priedai\\\/#primaryimage\"},\"thumbnailUrl\":\"https:\\\/\\\/kidsplay.lt\\\/wp-content\\\/uploads\\\/2026\\\/02\\\/WOOPIE-vandens-staliukas-2\u2011in\u20111-su-anciuku-ir-kriokliu-9-priedai.jpg\",\"datePublished\":\"2026-02-24T17:58:56+00:00\",\"dateModified\":\"2026-04-20T04:42:32+00:00\",\"description\":\"WOOPIE vandens staliukas 2\u2011in\u20111 su an\u010diuku ir kriokliu, 9 priedai - KidsPlay. Did\u017eiausias vaik\u0173 \u017eaisl\u0173 pasirinkimas.\",\"breadcrumb\":{\"@id\":\"https:\\\/\\\/kidsplay.lt\\\/produktas\\\/woopie-vandens-staliukas-2-in-1-su-anciuku-ir-kriokliu-9-priedai\\\/#breadcrumb\"},\"inLanguage\":\"lv-LV\",\"potentialAction\":[{\"@type\":\"ReadAction\",\"target\":[\"https:\\\/\\\/kidsplay.lt\\\/produktas\\\/woopie-vandens-staliukas-2-in-1-su-anciuku-ir-kriokliu-9-priedai\\\/\"]}]},{\"@type\":\"ImageObject\",\"inLanguage\":\"lv-LV\",\"@id\":\"https:\\\/\\\/kidsplay.lt\\\/produktas\\\/woopie-vandens-staliukas-2-in-1-su-anciuku-ir-kriokliu-9-priedai\\\/#primaryimage\",\"url\":\"https:\\\/\\\/kidsplay.lt\\\/wp-content\\\/uploads\\\/2026\\\/02\\\/WOOPIE-vandens-staliukas-2\u2011in\u20111-su-anciuku-ir-kriokliu-9-priedai.jpg\",\"contentUrl\":\"https:\\\/\\\/kidsplay.lt\\\/wp-content\\\/uploads\\\/2026\\\/02\\\/WOOPIE-vandens-staliukas-2\u2011in\u20111-su-anciuku-ir-kriokliu-9-priedai.jpg\",\"width\":1000,\"height\":1000,\"caption\":\"WOOPIE vandens staliukas 2\u2011in\u20111 su an\u010diuku ir kriokliu\"},{\"@type\":\"BreadcrumbList\",\"@id\":\"https:\\\/\\\/kidsplay.lt\\\/produktas\\\/woopie-vandens-staliukas-2-in-1-su-anciuku-ir-kriokliu-9-priedai\\\/#breadcrumb\",\"itemListElement\":[{\"@type\":\"ListItem\",\"position\":1,\"name\":\"Pagrindinis\",\"item\":\"https:\\\/\\\/kidsplay.lt\\\/\"},{\"@type\":\"ListItem\",\"position\":2,\"name\":\"Parduotuv\u0117\",\"item\":\"https:\\\/\\\/kidsplay.lt\\\/parduotuve\\\/\"},{\"@type\":\"ListItem\",\"position\":3,\"name\":\"WOOPIE vandens staliukas 2\u2011in\u20111 su an\u010diuku ir kriokliu, 9 priedai\"}]},{\"@type\":\"WebSite\",\"@id\":\"https:\\\/\\\/kidsplay.lt\\\/#website\",\"url\":\"https:\\\/\\\/kidsplay.lt\\\/\",\"name\":\"Kidsplay.lt\",\"description\":\"\u012evairios prek\u0117s vaikams\",\"publisher\":{\"@id\":\"https:\\\/\\\/kidsplay.lt\\\/#organization\"},\"alternateName\":\"Kidsplay\",\"potentialAction\":[{\"@type\":\"SearchAction\",\"target\":{\"@type\":\"EntryPoint\",\"urlTemplate\":\"https:\\\/\\\/kidsplay.lt\\\/?s={search_term_string}\"},\"query-input\":{\"@type\":\"PropertyValueSpecification\",\"valueRequired\":true,\"valueName\":\"search_term_string\"}}],\"inLanguage\":\"lv-LV\"},{\"@type\":\"Organization\",\"@id\":\"https:\\\/\\\/kidsplay.lt\\\/#organization\",\"name\":\"KidsPlay\",\"url\":\"https:\\\/\\\/kidsplay.lt\\\/\",\"logo\":{\"@type\":\"ImageObject\",\"inLanguage\":\"lv-LV\",\"@id\":\"https:\\\/\\\/kidsplay.lt\\\/#\\\/schema\\\/logo\\\/image\\\/\",\"url\":\"https:\\\/\\\/kidsplay.lt\\\/wp-content\\\/uploads\\\/2023\\\/07\\\/kidsplay-logo.png\",\"contentUrl\":\"https:\\\/\\\/kidsplay.lt\\\/wp-content\\\/uploads\\\/2023\\\/07\\\/kidsplay-logo.png\",\"width\":451,\"height\":98,\"caption\":\"KidsPlay\"},\"image\":{\"@id\":\"https:\\\/\\\/kidsplay.lt\\\/#\\\/schema\\\/logo\\\/image\\\/\"},\"sameAs\":[\"https:\\\/\\\/www.facebook.com\\\/www.kidsplay.lt\"]}]}<\/script>\n<!-- \/ Yoast SEO plugin. -->","yoast_head_json":{"title":"WOOPIE 2-in-1 \u016bdens galds ar p\u012bli un \u016bdenskritumu, 9 aksesu\u0101ri","description":"WOOPIE vandens staliukas 2\u2011in\u20111 su an\u010diuku ir kriokliu, 9 priedai - KidsPlay. Did\u017eiausias vaik\u0173 \u017eaisl\u0173 pasirinkimas.","robots":{"index":"index","follow":"follow","max-snippet":"max-snippet:-1","max-image-preview":"max-image-preview:large","max-video-preview":"max-video-preview:-1"},"canonical":"https:\/\/kidsplay.lt\/lv\/products\/woopie-vandens-staliukas-2-in-1-su-anciuku-ir-kriokliu-9-priedai\/","og_locale":"lv_LV","og_type":"article","og_title":"WOOPIE vandens staliukas 2\u2011in\u20111 su an\u010diuku ir kriokliu, 9 priedai","og_description":"WOOPIE vandens staliukas 2\u2011in\u20111 su an\u010diuku ir kriokliu, 9 priedai - KidsPlay. Did\u017eiausias vaik\u0173 \u017eaisl\u0173 pasirinkimas.","og_url":"https:\/\/kidsplay.lt\/lv\/products\/woopie-vandens-staliukas-2-in-1-su-anciuku-ir-kriokliu-9-priedai\/","og_site_name":"KidsPlay","article_publisher":"https:\/\/www.facebook.com\/www.kidsplay.lt","article_modified_time":"2026-04-20T04:42:32+00:00","og_image":[{"width":1000,"height":1000,"url":"https:\/\/kidsplay.lt\/wp-content\/uploads\/2026\/02\/WOOPIE-vandens-staliukas-2\u2011in\u20111-su-anciuku-ir-kriokliu-9-priedai.jpg","type":"image\/jpeg"}],"twitter_card":"summary_large_image","twitter_misc":{"Est. reading time":"1 min\u016bte"},"schema":{"@context":"https:\/\/schema.org","@graph":[{"@type":"WebPage","@id":"https:\/\/kidsplay.lt\/produktas\/woopie-vandens-staliukas-2-in-1-su-anciuku-ir-kriokliu-9-priedai\/","url":"https:\/\/kidsplay.lt\/produktas\/woopie-vandens-staliukas-2-in-1-su-anciuku-ir-kriokliu-9-priedai\/","name":"WOOPIE 2-in-1 \u016bdens galds ar p\u012bli un \u016bdenskritumu, 9 aksesu\u0101ri","isPartOf":{"@id":"https:\/\/kidsplay.lt\/#website"},"primaryImageOfPage":{"@id":"https:\/\/kidsplay.lt\/produktas\/woopie-vandens-staliukas-2-in-1-su-anciuku-ir-kriokliu-9-priedai\/#primaryimage"},"image":{"@id":"https:\/\/kidsplay.lt\/produktas\/woopie-vandens-staliukas-2-in-1-su-anciuku-ir-kriokliu-9-priedai\/#primaryimage"},"thumbnailUrl":"https:\/\/kidsplay.lt\/wp-content\/uploads\/2026\/02\/WOOPIE-vandens-staliukas-2\u2011in\u20111-su-anciuku-ir-kriokliu-9-priedai.jpg","datePublished":"2026-02-24T17:58:56+00:00","dateModified":"2026-04-20T04:42:32+00:00","description":"WOOPIE vandens staliukas 2\u2011in\u20111 su an\u010diuku ir kriokliu, 9 priedai - KidsPlay. Did\u017eiausias vaik\u0173 \u017eaisl\u0173 pasirinkimas.","breadcrumb":{"@id":"https:\/\/kidsplay.lt\/produktas\/woopie-vandens-staliukas-2-in-1-su-anciuku-ir-kriokliu-9-priedai\/#breadcrumb"},"inLanguage":"lv-LV","potentialAction":[{"@type":"ReadAction","target":["https:\/\/kidsplay.lt\/produktas\/woopie-vandens-staliukas-2-in-1-su-anciuku-ir-kriokliu-9-priedai\/"]}]},{"@type":"ImageObject","inLanguage":"lv-LV","@id":"https:\/\/kidsplay.lt\/produktas\/woopie-vandens-staliukas-2-in-1-su-anciuku-ir-kriokliu-9-priedai\/#primaryimage","url":"https:\/\/kidsplay.lt\/wp-content\/uploads\/2026\/02\/WOOPIE-vandens-staliukas-2\u2011in\u20111-su-anciuku-ir-kriokliu-9-priedai.jpg","contentUrl":"https:\/\/kidsplay.lt\/wp-content\/uploads\/2026\/02\/WOOPIE-vandens-staliukas-2\u2011in\u20111-su-anciuku-ir-kriokliu-9-priedai.jpg","width":1000,"height":1000,"caption":"WOOPIE vandens staliukas 2\u2011in\u20111 su an\u010diuku ir kriokliu"},{"@type":"BreadcrumbList","@id":"https:\/\/kidsplay.lt\/produktas\/woopie-vandens-staliukas-2-in-1-su-anciuku-ir-kriokliu-9-priedai\/#breadcrumb","itemListElement":[{"@type":"ListItem","position":1,"name":"Pagrindinis","item":"https:\/\/kidsplay.lt\/"},{"@type":"ListItem","position":2,"name":"Parduotuv\u0117","item":"https:\/\/kidsplay.lt\/parduotuve\/"},{"@type":"ListItem","position":3,"name":"WOOPIE vandens staliukas 2\u2011in\u20111 su an\u010diuku ir kriokliu, 9 priedai"}]},{"@type":"WebSite","@id":"https:\/\/kidsplay.lt\/#website","url":"https:\/\/kidsplay.lt\/","name":"B\u0113rnu sp\u0113les.lv","description":"\u012evairios prek\u0117s vaikams","publisher":{"@id":"https:\/\/kidsplay.lt\/#organization"},"alternateName":"Kidsplay","potentialAction":[{"@type":"SearchAction","target":{"@type":"EntryPoint","urlTemplate":"https:\/\/kidsplay.lt\/?s={search_term_string}"},"query-input":{"@type":"PropertyValueSpecification","valueRequired":true,"valueName":"search_term_string"}}],"inLanguage":"lv-LV"},{"@type":"Organization","@id":"https:\/\/kidsplay.lt\/#organization","name":"B\u0113rnu sp\u0113le","url":"https:\/\/kidsplay.lt\/","logo":{"@type":"ImageObject","inLanguage":"lv-LV","@id":"https:\/\/kidsplay.lt\/#\/schema\/logo\/image\/","url":"https:\/\/kidsplay.lt\/wp-content\/uploads\/2023\/07\/kidsplay-logo.png","contentUrl":"https:\/\/kidsplay.lt\/wp-content\/uploads\/2023\/07\/kidsplay-logo.png","width":451,"height":98,"caption":"KidsPlay"},"image":{"@id":"https:\/\/kidsplay.lt\/#\/schema\/logo\/image\/"},"sameAs":["https:\/\/www.facebook.com\/www.kidsplay.lt"]}]}},"_links":{"self":[{"href":"https:\/\/kidsplay.lt\/lv\/wp-json\/wp\/v2\/product\/86982","targetHints":{"allow":["GET"]}}],"collection":[{"href":"https:\/\/kidsplay.lt\/lv\/wp-json\/wp\/v2\/product"}],"about":[{"href":"https:\/\/kidsplay.lt\/lv\/wp-json\/wp\/v2\/types\/product"}],"version-history":[{"count":1,"href":"https:\/\/kidsplay.lt\/lv\/wp-json\/wp\/v2\/product\/86982\/revisions"}],"predecessor-version":[{"id":86983,"href":"https:\/\/kidsplay.lt\/lv\/wp-json\/wp\/v2\/product\/86982\/revisions\/86983"}],"wp:featuredmedia":[{"embeddable":true,"href":"https:\/\/kidsplay.lt\/lv\/wp-json\/wp\/v2\/media\/86984"}],"wp:attachment":[{"href":"https:\/\/kidsplay.lt\/lv\/wp-json\/wp\/v2\/media?parent=86982"}],"wp:term":[{"taxonomy":"product_brand","embeddable":true,"href":"https:\/\/kidsplay.lt\/lv\/wp-json\/wp\/v2\/product_brand?post=86982"},{"taxonomy":"product_cat","embeddable":true,"href":"https:\/\/kidsplay.lt\/lv\/wp-json\/wp\/v2\/product_cat?post=86982"},{"taxonomy":"product_tag","embeddable":true,"href":"https:\/\/kidsplay.lt\/lv\/wp-json\/wp\/v2\/product_tag?post=86982"}],"curies":[{"name":"wp","href":"https:\/\/api.w.org\/{rel}","templated":true}]}}