{"id":86999,"date":"2026-02-24T19:59:45","date_gmt":"2026-02-24T17:59:45","guid":{"rendered":"https:\/\/kidsplay.lt\/produktas\/lauko-zaidimu-aiksteles-uola\/"},"modified":"2026-04-07T09:52:47","modified_gmt":"2026-04-07T06:52:47","slug":"lauko-zaidimu-aiksteles-uola","status":"publish","type":"product","link":"https:\/\/kidsplay.lt\/lv\/products\/lauko-zaidimu-aiksteles-uola\/","title":{"rendered":"\u0100ra rota\u013cu laukuma akmens"},"content":{"rendered":"<p>STEP2 \u201eSkyward Summit\u201c laipiojimo kalnas \u2013 tai \u012fsp\u016bdingas, itin tvirtas ir aktyviam \u017eaidimui sukurtas lauko \u017eaidim\u0173 kompleksas, kuris kvie\u010dia vaikus \u012f tikr\u0105 nuotyki\u0173 pasaul\u012f. \u0160i 203 cm auk\u0161\u010dio konstrukcija su daugiau nei 9 m\u00b2 \u017eaidim\u0173 ploto suteikia galimyb\u0119 laipioti, tyrin\u0117ti, lavinti j\u0117g\u0105, pusiausvyr\u0105 ir dr\u0105s\u0105. Net 4 skirtingi laipiojimo pavir\u0161iai leid\u017eia vaikams rinktis i\u0161 \u012fvairi\u0173 sud\u0117tingumo lygi\u0173 ir kurti savo mar\u0161rutus.<\/p>\n<p>Puikiai tinka tiek nam\u0173 kiemui, tiek dar\u017eeliams, mokykloms ar rekreacin\u0117ms erdv\u0117ms \u2013 tai saugi, stabili ir ilgaam\u017e\u0117 investicija \u012f vaik\u0173 aktyvum\u0105.<\/p>\n<p>Raksturojums<\/p>\n<p> \tNet 4 unikal\u016bs laipiojimo pavir\u0161iai<br \/>\n \tKomplekte yra \u017eem\u0117s tvirtinimo ankeriai didesniam stabilumui<br \/>\n \t2 elastingi cargo tinklai ir 9 laipiojimo laikikliai<br \/>\n \tVir\u0161uje \u2013 balta v\u0117liava, kuri\u0105 galima \u201eu\u017ekariauti\u201c<br \/>\n \tDidel\u0117 keliamoji galia \u2013 iki 145,1 kg<br \/>\n \tSkirta naudoti lauke, ant tinkamo pagrindo<br \/>\n \tLengva prie\u017ei\u016bra \u2013 galima valyti dezinfekcin\u0117mis servet\u0117l\u0117mis ar buitin\u0117mis priemon\u0117mis<br \/>\n \tMatmenys: 203 \u00d7 203 \u00d7 132 cm<br \/>\n \tReikalingas suaugusiojo surinkimas<\/p>\n<p>Rinkinyje rasite<\/p>\n<p> \tLaipiojimo sieneles<br \/>\n \t2 laipiojimo tinklus<br \/>\n \t1 grind\u0173 tinkl\u0105<br \/>\n \t9 laipiojimo laikiklius<br \/>\n \t2 \u017eem\u0117s ankerius<br \/>\n \tV\u0117liav\u0105 vir\u0161\u016bnei<\/p>","protected":false},"excerpt":{"rendered":"<p>STEP2 \u201eSkyward Summit\u201c laipiojimo kalnas \u2013 tai \u012fsp\u016bdingas, itin tvirtas ir aktyviam \u017eaidimui sukurtas lauko \u017eaidim\u0173 kompleksas, kuris kvie\u010dia vaikus<\/p>","protected":false},"featured_media":87001,"template":"","meta":{"_acf_changed":false,"_glsr_average":0,"_glsr_ranking":0,"_glsr_reviews":0},"product_brand":[],"product_cat":[233,382],"product_tag":[],"class_list":{"0":"post-86999","1":"product","2":"type-product","3":"status-publish","4":"has-post-thumbnail","6":"product_cat-lauko-pramogos","7":"product_cat-zaidimu-aiksteles","8":"\"style=\"background-color: #2ecc711c;\"","10":"first","11":"instock","12":"purchasable","13":"product-type-simple"},"acf":[],"yoast_head":"<!-- This site is optimized with the Yoast SEO plugin v27.3 - https:\/\/yoast.com\/product\/yoast-seo-wordpress\/ -->\n<title>Lauko \u017eaidim\u0173 aik\u0161tel\u0117s uola<\/title>\n<meta name=\"description\" content=\"Lauko \u017eaidim\u0173 aik\u0161tel\u0117s uola - KidsPlay. Did\u017eiausias vaik\u0173 \u017eaisl\u0173 pasirinkimas.\" \/>\n<meta name=\"robots\" content=\"index, follow, max-snippet:-1, max-image-preview:large, max-video-preview:-1\" \/>\n<link rel=\"canonical\" href=\"https:\/\/kidsplay.lt\/lv\/products\/lauko-zaidimu-aiksteles-uola\/\" \/>\n<meta property=\"og:locale\" content=\"lv_LV\" \/>\n<meta property=\"og:type\" content=\"article\" \/>\n<meta property=\"og:title\" content=\"Lauko \u017eaidim\u0173 aik\u0161tel\u0117s uola\" \/>\n<meta property=\"og:description\" content=\"Lauko \u017eaidim\u0173 aik\u0161tel\u0117s uola - KidsPlay. Did\u017eiausias vaik\u0173 \u017eaisl\u0173 pasirinkimas.\" \/>\n<meta property=\"og:url\" content=\"https:\/\/kidsplay.lt\/lv\/products\/lauko-zaidimu-aiksteles-uola\/\" \/>\n<meta property=\"og:site_name\" content=\"KidsPlay\" \/>\n<meta property=\"article:publisher\" content=\"https:\/\/www.facebook.com\/www.kidsplay.lt\" \/>\n<meta property=\"article:modified_time\" content=\"2026-04-07T06:52:47+00:00\" \/>\n<meta property=\"og:image\" content=\"https:\/\/kidsplay.lt\/wp-content\/uploads\/2026\/02\/Lauko-zaidimu-aiksteles-uola.jpg\" \/>\n\t<meta property=\"og:image:width\" content=\"2560\" \/>\n\t<meta property=\"og:image:height\" content=\"2560\" \/>\n\t<meta property=\"og:image:type\" content=\"image\/jpeg\" \/>\n<meta name=\"twitter:card\" content=\"summary_large_image\" \/>\n<meta name=\"twitter:label1\" content=\"Est. reading time\" \/>\n\t<meta name=\"twitter:data1\" content=\"1 min\u016bte\" \/>\n<script type=\"application\/ld+json\" class=\"yoast-schema-graph\">{\"@context\":\"https:\\\/\\\/schema.org\",\"@graph\":[{\"@type\":\"WebPage\",\"@id\":\"https:\\\/\\\/kidsplay.lt\\\/produktas\\\/lauko-zaidimu-aiksteles-uola\\\/\",\"url\":\"https:\\\/\\\/kidsplay.lt\\\/produktas\\\/lauko-zaidimu-aiksteles-uola\\\/\",\"name\":\"Lauko \u017eaidim\u0173 aik\u0161tel\u0117s uola\",\"isPartOf\":{\"@id\":\"https:\\\/\\\/kidsplay.lt\\\/#website\"},\"primaryImageOfPage\":{\"@id\":\"https:\\\/\\\/kidsplay.lt\\\/produktas\\\/lauko-zaidimu-aiksteles-uola\\\/#primaryimage\"},\"image\":{\"@id\":\"https:\\\/\\\/kidsplay.lt\\\/produktas\\\/lauko-zaidimu-aiksteles-uola\\\/#primaryimage\"},\"thumbnailUrl\":\"https:\\\/\\\/kidsplay.lt\\\/wp-content\\\/uploads\\\/2026\\\/02\\\/Lauko-zaidimu-aiksteles-uola.jpg\",\"datePublished\":\"2026-02-24T17:59:45+00:00\",\"dateModified\":\"2026-04-07T06:52:47+00:00\",\"description\":\"Lauko \u017eaidim\u0173 aik\u0161tel\u0117s uola - KidsPlay. Did\u017eiausias vaik\u0173 \u017eaisl\u0173 pasirinkimas.\",\"breadcrumb\":{\"@id\":\"https:\\\/\\\/kidsplay.lt\\\/produktas\\\/lauko-zaidimu-aiksteles-uola\\\/#breadcrumb\"},\"inLanguage\":\"lv-LV\",\"potentialAction\":[{\"@type\":\"ReadAction\",\"target\":[\"https:\\\/\\\/kidsplay.lt\\\/produktas\\\/lauko-zaidimu-aiksteles-uola\\\/\"]}]},{\"@type\":\"ImageObject\",\"inLanguage\":\"lv-LV\",\"@id\":\"https:\\\/\\\/kidsplay.lt\\\/produktas\\\/lauko-zaidimu-aiksteles-uola\\\/#primaryimage\",\"url\":\"https:\\\/\\\/kidsplay.lt\\\/wp-content\\\/uploads\\\/2026\\\/02\\\/Lauko-zaidimu-aiksteles-uola.jpg\",\"contentUrl\":\"https:\\\/\\\/kidsplay.lt\\\/wp-content\\\/uploads\\\/2026\\\/02\\\/Lauko-zaidimu-aiksteles-uola.jpg\",\"width\":2560,\"height\":2560,\"caption\":\"Lauko \u017eaidim\u0173 aik\u0161tel\u0117s uola\"},{\"@type\":\"BreadcrumbList\",\"@id\":\"https:\\\/\\\/kidsplay.lt\\\/produktas\\\/lauko-zaidimu-aiksteles-uola\\\/#breadcrumb\",\"itemListElement\":[{\"@type\":\"ListItem\",\"position\":1,\"name\":\"Pagrindinis\",\"item\":\"https:\\\/\\\/kidsplay.lt\\\/\"},{\"@type\":\"ListItem\",\"position\":2,\"name\":\"Parduotuv\u0117\",\"item\":\"https:\\\/\\\/kidsplay.lt\\\/parduotuve\\\/\"},{\"@type\":\"ListItem\",\"position\":3,\"name\":\"Lauko \u017eaidim\u0173 aik\u0161tel\u0117s uola\"}]},{\"@type\":\"WebSite\",\"@id\":\"https:\\\/\\\/kidsplay.lt\\\/#website\",\"url\":\"https:\\\/\\\/kidsplay.lt\\\/\",\"name\":\"Kidsplay.lt\",\"description\":\"\u012evairios prek\u0117s vaikams\",\"publisher\":{\"@id\":\"https:\\\/\\\/kidsplay.lt\\\/#organization\"},\"alternateName\":\"Kidsplay\",\"potentialAction\":[{\"@type\":\"SearchAction\",\"target\":{\"@type\":\"EntryPoint\",\"urlTemplate\":\"https:\\\/\\\/kidsplay.lt\\\/?s={search_term_string}\"},\"query-input\":{\"@type\":\"PropertyValueSpecification\",\"valueRequired\":true,\"valueName\":\"search_term_string\"}}],\"inLanguage\":\"lv-LV\"},{\"@type\":\"Organization\",\"@id\":\"https:\\\/\\\/kidsplay.lt\\\/#organization\",\"name\":\"KidsPlay\",\"url\":\"https:\\\/\\\/kidsplay.lt\\\/\",\"logo\":{\"@type\":\"ImageObject\",\"inLanguage\":\"lv-LV\",\"@id\":\"https:\\\/\\\/kidsplay.lt\\\/#\\\/schema\\\/logo\\\/image\\\/\",\"url\":\"https:\\\/\\\/kidsplay.lt\\\/wp-content\\\/uploads\\\/2023\\\/07\\\/kidsplay-logo.png\",\"contentUrl\":\"https:\\\/\\\/kidsplay.lt\\\/wp-content\\\/uploads\\\/2023\\\/07\\\/kidsplay-logo.png\",\"width\":451,\"height\":98,\"caption\":\"KidsPlay\"},\"image\":{\"@id\":\"https:\\\/\\\/kidsplay.lt\\\/#\\\/schema\\\/logo\\\/image\\\/\"},\"sameAs\":[\"https:\\\/\\\/www.facebook.com\\\/www.kidsplay.lt\"]}]}<\/script>\n<!-- \/ Yoast SEO plugin. -->","yoast_head_json":{"title":"\u0100ra rota\u013cu laukuma akmens","description":"Lauko \u017eaidim\u0173 aik\u0161tel\u0117s uola - KidsPlay. Did\u017eiausias vaik\u0173 \u017eaisl\u0173 pasirinkimas.","robots":{"index":"index","follow":"follow","max-snippet":"max-snippet:-1","max-image-preview":"max-image-preview:large","max-video-preview":"max-video-preview:-1"},"canonical":"https:\/\/kidsplay.lt\/lv\/products\/lauko-zaidimu-aiksteles-uola\/","og_locale":"lv_LV","og_type":"article","og_title":"Lauko \u017eaidim\u0173 aik\u0161tel\u0117s uola","og_description":"Lauko \u017eaidim\u0173 aik\u0161tel\u0117s uola - KidsPlay. Did\u017eiausias vaik\u0173 \u017eaisl\u0173 pasirinkimas.","og_url":"https:\/\/kidsplay.lt\/lv\/products\/lauko-zaidimu-aiksteles-uola\/","og_site_name":"KidsPlay","article_publisher":"https:\/\/www.facebook.com\/www.kidsplay.lt","article_modified_time":"2026-04-07T06:52:47+00:00","og_image":[{"width":2560,"height":2560,"url":"https:\/\/kidsplay.lt\/wp-content\/uploads\/2026\/02\/Lauko-zaidimu-aiksteles-uola.jpg","type":"image\/jpeg"}],"twitter_card":"summary_large_image","twitter_misc":{"Est. reading time":"1 min\u016bte"},"schema":{"@context":"https:\/\/schema.org","@graph":[{"@type":"WebPage","@id":"https:\/\/kidsplay.lt\/produktas\/lauko-zaidimu-aiksteles-uola\/","url":"https:\/\/kidsplay.lt\/produktas\/lauko-zaidimu-aiksteles-uola\/","name":"\u0100ra rota\u013cu laukuma akmens","isPartOf":{"@id":"https:\/\/kidsplay.lt\/#website"},"primaryImageOfPage":{"@id":"https:\/\/kidsplay.lt\/produktas\/lauko-zaidimu-aiksteles-uola\/#primaryimage"},"image":{"@id":"https:\/\/kidsplay.lt\/produktas\/lauko-zaidimu-aiksteles-uola\/#primaryimage"},"thumbnailUrl":"https:\/\/kidsplay.lt\/wp-content\/uploads\/2026\/02\/Lauko-zaidimu-aiksteles-uola.jpg","datePublished":"2026-02-24T17:59:45+00:00","dateModified":"2026-04-07T06:52:47+00:00","description":"Lauko \u017eaidim\u0173 aik\u0161tel\u0117s uola - KidsPlay. Did\u017eiausias vaik\u0173 \u017eaisl\u0173 pasirinkimas.","breadcrumb":{"@id":"https:\/\/kidsplay.lt\/produktas\/lauko-zaidimu-aiksteles-uola\/#breadcrumb"},"inLanguage":"lv-LV","potentialAction":[{"@type":"ReadAction","target":["https:\/\/kidsplay.lt\/produktas\/lauko-zaidimu-aiksteles-uola\/"]}]},{"@type":"ImageObject","inLanguage":"lv-LV","@id":"https:\/\/kidsplay.lt\/produktas\/lauko-zaidimu-aiksteles-uola\/#primaryimage","url":"https:\/\/kidsplay.lt\/wp-content\/uploads\/2026\/02\/Lauko-zaidimu-aiksteles-uola.jpg","contentUrl":"https:\/\/kidsplay.lt\/wp-content\/uploads\/2026\/02\/Lauko-zaidimu-aiksteles-uola.jpg","width":2560,"height":2560,"caption":"Lauko \u017eaidim\u0173 aik\u0161tel\u0117s uola"},{"@type":"BreadcrumbList","@id":"https:\/\/kidsplay.lt\/produktas\/lauko-zaidimu-aiksteles-uola\/#breadcrumb","itemListElement":[{"@type":"ListItem","position":1,"name":"Pagrindinis","item":"https:\/\/kidsplay.lt\/"},{"@type":"ListItem","position":2,"name":"Parduotuv\u0117","item":"https:\/\/kidsplay.lt\/parduotuve\/"},{"@type":"ListItem","position":3,"name":"Lauko \u017eaidim\u0173 aik\u0161tel\u0117s uola"}]},{"@type":"WebSite","@id":"https:\/\/kidsplay.lt\/#website","url":"https:\/\/kidsplay.lt\/","name":"B\u0113rnu sp\u0113les.lv","description":"\u012evairios prek\u0117s vaikams","publisher":{"@id":"https:\/\/kidsplay.lt\/#organization"},"alternateName":"Kidsplay","potentialAction":[{"@type":"SearchAction","target":{"@type":"EntryPoint","urlTemplate":"https:\/\/kidsplay.lt\/?s={search_term_string}"},"query-input":{"@type":"PropertyValueSpecification","valueRequired":true,"valueName":"search_term_string"}}],"inLanguage":"lv-LV"},{"@type":"Organization","@id":"https:\/\/kidsplay.lt\/#organization","name":"B\u0113rnu sp\u0113le","url":"https:\/\/kidsplay.lt\/","logo":{"@type":"ImageObject","inLanguage":"lv-LV","@id":"https:\/\/kidsplay.lt\/#\/schema\/logo\/image\/","url":"https:\/\/kidsplay.lt\/wp-content\/uploads\/2023\/07\/kidsplay-logo.png","contentUrl":"https:\/\/kidsplay.lt\/wp-content\/uploads\/2023\/07\/kidsplay-logo.png","width":451,"height":98,"caption":"KidsPlay"},"image":{"@id":"https:\/\/kidsplay.lt\/#\/schema\/logo\/image\/"},"sameAs":["https:\/\/www.facebook.com\/www.kidsplay.lt"]}]}},"_links":{"self":[{"href":"https:\/\/kidsplay.lt\/lv\/wp-json\/wp\/v2\/product\/86999","targetHints":{"allow":["GET"]}}],"collection":[{"href":"https:\/\/kidsplay.lt\/lv\/wp-json\/wp\/v2\/product"}],"about":[{"href":"https:\/\/kidsplay.lt\/lv\/wp-json\/wp\/v2\/types\/product"}],"version-history":[{"count":1,"href":"https:\/\/kidsplay.lt\/lv\/wp-json\/wp\/v2\/product\/86999\/revisions"}],"predecessor-version":[{"id":87000,"href":"https:\/\/kidsplay.lt\/lv\/wp-json\/wp\/v2\/product\/86999\/revisions\/87000"}],"wp:featuredmedia":[{"embeddable":true,"href":"https:\/\/kidsplay.lt\/lv\/wp-json\/wp\/v2\/media\/87001"}],"wp:attachment":[{"href":"https:\/\/kidsplay.lt\/lv\/wp-json\/wp\/v2\/media?parent=86999"}],"wp:term":[{"taxonomy":"product_brand","embeddable":true,"href":"https:\/\/kidsplay.lt\/lv\/wp-json\/wp\/v2\/product_brand?post=86999"},{"taxonomy":"product_cat","embeddable":true,"href":"https:\/\/kidsplay.lt\/lv\/wp-json\/wp\/v2\/product_cat?post=86999"},{"taxonomy":"product_tag","embeddable":true,"href":"https:\/\/kidsplay.lt\/lv\/wp-json\/wp\/v2\/product_tag?post=86999"}],"curies":[{"name":"wp","href":"https:\/\/api.w.org\/{rel}","templated":true}]}}