{"id":87014,"date":"2026-02-24T20:00:24","date_gmt":"2026-02-24T18:00:24","guid":{"rendered":"https:\/\/kidsplay.lt\/produktas\/woopie-parduotuvele-supermarketas-su-ledais-ir-saldumynais-sviesos-ir-garsai-55-priedai\/"},"modified":"2026-04-07T09:52:57","modified_gmt":"2026-04-07T06:52:57","slug":"woopie-parduotuvele-supermarketas-su-ledais-ir-saldumynais-sviesos-ir-garsai-55-priedai","status":"publish","type":"product","link":"https:\/\/kidsplay.lt\/lv\/products\/woopie-parduotuvele-supermarketas-su-ledais-ir-saldumynais-sviesos-ir-garsai-55-priedai\/","title":{"rendered":"WOOPIE veikals-lielveikals ar sald\u0113jumu un konfekt\u0113m, gaism\u0101m un ska\u0146\u0101m + 55 aksesu\u0101riem"},"content":{"rendered":"<p>WOOPIE led\u0173 ir parduotuv\u0117l\u0117s stendas \u2013 tai k\u016brybi\u0161kas, daugiafunkcis \u017eaidim\u0173 rinkinys, sukurtas ma\u017eiesiems verslininkams ir fantazijos meistrams. Spalvinga konstrukcija gali virsti led\u0173 kiosku, kepykla, virtuv\u0117le, laikra\u0161\u010di\u0173 kiosku ar limonado stendu \u2013 tik vaiko vaizduot\u0117 nustato ribas. Tvirtas r\u0117mas ir saugios med\u017eiagos u\u017etikrina ilgaam\u017e\u012f ir saug\u0173 \u017eaidim\u0105.<\/p>\n<p>\u0160is stendas ne tik \u012ftraukia \u012f smagius vaidmen\u0173 \u017eaidimus, bet ir padeda vaikams mokytis pinig\u0173 valdymo, skai\u010diavimo, bendravimo ir savaranki\u0161kumo. Puikiai tinka gimtadieniams, \u017eaidimams kieme, klas\u0117je ar dar\u017eelyje.<\/p>\n<p>Raksturojums<\/p>\n<p> \tTinka vaikams nuo 3 met\u0173<br \/>\n \tSaugios, tvirtos ir ilgaam\u017e\u0117s med\u017eiagos<br \/>\n \tPuikiai tinka bet kokiai progai \u2013 namams, dar\u017eeliui, \u0161vent\u0117ms<br \/>\n \tAtidaromas led\u0173 skyrelis<br \/>\n \tProdukt\u0173 skeneris leid\u017eia garsus<br \/>\n \tKasos mygtukai taip pat skleid\u017eia garsus<br \/>\n \tKasa turi \u0161viesos efektus<br \/>\n \tKorteli\u0173 terminalas leid\u017eia gars\u0105 mokant kortele<br \/>\n \tStendas pa\u017eym\u0117tas moderni\u0173 technologij\u0173 simboliais (pvz., Wi\u2011Fi)<\/p>\n<p>Rinkinyje rasite<\/p>\n<p> \tKasos aparat\u0105<br \/>\n \tKorteli\u0173 terminal\u0105<br \/>\n \tProdukt\u0173 skener\u012f<br \/>\n \t55 parduotuv\u0117l\u0117s priedus, tarp j\u0173:<\/p>\n<p> \tLedus<br \/>\n \tBandeles<br \/>\n \tSultis<br \/>\n \tJogurt\u0105<br \/>\n \tPien\u0105<br \/>\n \tSausainius<br \/>\n \tPicos gabal\u0117lius<br \/>\n \tMok\u0117jimo kortel\u0119<br \/>\n \tPinigus<\/p>\n<p>Rota\u013clietu lav\u012bna<\/p>\n<p> \tRado\u0161ums un izt\u0113le<br \/>\n \tSocialinius ir komunikacinius \u012fg\u016bd\u017eius<br \/>\n \tSkai\u010diavimo ir matematikos pagrindus<br \/>\n \tSmalk\u0101s motorikas prasmes<br \/>\n \tSavaranki\u0161kum\u0105 ir pasitik\u0117jim\u0105 savimi<\/p>","protected":false},"excerpt":{"rendered":"<p>WOOPIE led\u0173 ir parduotuv\u0117l\u0117s stendas \u2013 tai k\u016brybi\u0161kas, daugiafunkcis \u017eaidim\u0173 rinkinys, sukurtas ma\u017eiesiems verslininkams ir fantazijos meistrams. Spalvinga konstrukcija gali<\/p>","protected":false},"featured_media":87016,"template":"","meta":{"_acf_changed":false,"_glsr_average":0,"_glsr_ranking":0,"_glsr_reviews":0},"product_brand":[],"product_cat":[893,399],"product_tag":[],"class_list":{"0":"post-87014","1":"product","2":"type-product","3":"status-publish","4":"has-post-thumbnail","6":"product_cat-parduotuves","7":"product_cat-vaidmenu-zaidimai-2","8":"\"style=\"background-color: #2ecc711c;\"","10":"first","11":"instock","12":"purchasable","13":"product-type-simple"},"acf":[],"yoast_head":"<!-- This site is optimized with the Yoast SEO plugin v27.3 - https:\/\/yoast.com\/product\/yoast-seo-wordpress\/ -->\n<title>WOOPIE parduotuv\u0117l\u0117\u2013supermarketas su ledais ir saldumynais, \u0161viesos ir garsai + 55 priedai<\/title>\n<meta name=\"description\" content=\"WOOPIE parduotuv\u0117l\u0117\u2013supermarketas su ledais ir saldumynais, \u0161viesos ir garsai + 55 priedai - KidsPlay. Did\u017eiausias vaik\u0173 \u017eaisl\u0173 pasirinkimas.\" \/>\n<meta name=\"robots\" content=\"index, follow, max-snippet:-1, max-image-preview:large, max-video-preview:-1\" \/>\n<link rel=\"canonical\" href=\"https:\/\/kidsplay.lt\/lv\/products\/woopie-parduotuvele-supermarketas-su-ledais-ir-saldumynais-sviesos-ir-garsai-55-priedai\/\" \/>\n<meta property=\"og:locale\" content=\"lv_LV\" \/>\n<meta property=\"og:type\" content=\"article\" \/>\n<meta property=\"og:title\" content=\"WOOPIE parduotuv\u0117l\u0117\u2013supermarketas su ledais ir saldumynais, \u0161viesos ir garsai + 55 priedai\" \/>\n<meta property=\"og:description\" content=\"WOOPIE parduotuv\u0117l\u0117\u2013supermarketas su ledais ir saldumynais, \u0161viesos ir garsai + 55 priedai - KidsPlay. Did\u017eiausias vaik\u0173 \u017eaisl\u0173 pasirinkimas.\" \/>\n<meta property=\"og:url\" content=\"https:\/\/kidsplay.lt\/lv\/products\/woopie-parduotuvele-supermarketas-su-ledais-ir-saldumynais-sviesos-ir-garsai-55-priedai\/\" \/>\n<meta property=\"og:site_name\" content=\"KidsPlay\" \/>\n<meta property=\"article:publisher\" content=\"https:\/\/www.facebook.com\/www.kidsplay.lt\" \/>\n<meta property=\"article:modified_time\" content=\"2026-04-07T06:52:57+00:00\" \/>\n<meta property=\"og:image\" content=\"https:\/\/kidsplay.lt\/wp-content\/uploads\/2026\/02\/WOOPIE-parduotuvele\u2013supermarketas-su-ledais-ir-saldumynais-sviesos-ir-garsai-55-priedai.jpg\" \/>\n\t<meta property=\"og:image:width\" content=\"650\" \/>\n\t<meta property=\"og:image:height\" content=\"650\" \/>\n\t<meta property=\"og:image:type\" content=\"image\/jpeg\" \/>\n<meta name=\"twitter:card\" content=\"summary_large_image\" \/>\n<meta name=\"twitter:label1\" content=\"Est. reading time\" \/>\n\t<meta name=\"twitter:data1\" content=\"1 min\u016bte\" \/>\n<script type=\"application\/ld+json\" class=\"yoast-schema-graph\">{\"@context\":\"https:\\\/\\\/schema.org\",\"@graph\":[{\"@type\":\"WebPage\",\"@id\":\"https:\\\/\\\/kidsplay.lt\\\/produktas\\\/woopie-parduotuvele-supermarketas-su-ledais-ir-saldumynais-sviesos-ir-garsai-55-priedai\\\/\",\"url\":\"https:\\\/\\\/kidsplay.lt\\\/produktas\\\/woopie-parduotuvele-supermarketas-su-ledais-ir-saldumynais-sviesos-ir-garsai-55-priedai\\\/\",\"name\":\"WOOPIE parduotuv\u0117l\u0117\u2013supermarketas su ledais ir saldumynais, \u0161viesos ir garsai + 55 priedai\",\"isPartOf\":{\"@id\":\"https:\\\/\\\/kidsplay.lt\\\/#website\"},\"primaryImageOfPage\":{\"@id\":\"https:\\\/\\\/kidsplay.lt\\\/produktas\\\/woopie-parduotuvele-supermarketas-su-ledais-ir-saldumynais-sviesos-ir-garsai-55-priedai\\\/#primaryimage\"},\"image\":{\"@id\":\"https:\\\/\\\/kidsplay.lt\\\/produktas\\\/woopie-parduotuvele-supermarketas-su-ledais-ir-saldumynais-sviesos-ir-garsai-55-priedai\\\/#primaryimage\"},\"thumbnailUrl\":\"https:\\\/\\\/kidsplay.lt\\\/wp-content\\\/uploads\\\/2026\\\/02\\\/WOOPIE-parduotuvele\u2013supermarketas-su-ledais-ir-saldumynais-sviesos-ir-garsai-55-priedai.jpg\",\"datePublished\":\"2026-02-24T18:00:24+00:00\",\"dateModified\":\"2026-04-07T06:52:57+00:00\",\"description\":\"WOOPIE parduotuv\u0117l\u0117\u2013supermarketas su ledais ir saldumynais, \u0161viesos ir garsai + 55 priedai - KidsPlay. Did\u017eiausias vaik\u0173 \u017eaisl\u0173 pasirinkimas.\",\"breadcrumb\":{\"@id\":\"https:\\\/\\\/kidsplay.lt\\\/produktas\\\/woopie-parduotuvele-supermarketas-su-ledais-ir-saldumynais-sviesos-ir-garsai-55-priedai\\\/#breadcrumb\"},\"inLanguage\":\"lv-LV\",\"potentialAction\":[{\"@type\":\"ReadAction\",\"target\":[\"https:\\\/\\\/kidsplay.lt\\\/produktas\\\/woopie-parduotuvele-supermarketas-su-ledais-ir-saldumynais-sviesos-ir-garsai-55-priedai\\\/\"]}]},{\"@type\":\"ImageObject\",\"inLanguage\":\"lv-LV\",\"@id\":\"https:\\\/\\\/kidsplay.lt\\\/produktas\\\/woopie-parduotuvele-supermarketas-su-ledais-ir-saldumynais-sviesos-ir-garsai-55-priedai\\\/#primaryimage\",\"url\":\"https:\\\/\\\/kidsplay.lt\\\/wp-content\\\/uploads\\\/2026\\\/02\\\/WOOPIE-parduotuvele\u2013supermarketas-su-ledais-ir-saldumynais-sviesos-ir-garsai-55-priedai.jpg\",\"contentUrl\":\"https:\\\/\\\/kidsplay.lt\\\/wp-content\\\/uploads\\\/2026\\\/02\\\/WOOPIE-parduotuvele\u2013supermarketas-su-ledais-ir-saldumynais-sviesos-ir-garsai-55-priedai.jpg\",\"width\":650,\"height\":650,\"caption\":\"WOOPIE parduotuv\u0117l\u0117\u2013supermarketas su ledais ir saldumynais\"},{\"@type\":\"BreadcrumbList\",\"@id\":\"https:\\\/\\\/kidsplay.lt\\\/produktas\\\/woopie-parduotuvele-supermarketas-su-ledais-ir-saldumynais-sviesos-ir-garsai-55-priedai\\\/#breadcrumb\",\"itemListElement\":[{\"@type\":\"ListItem\",\"position\":1,\"name\":\"Pagrindinis\",\"item\":\"https:\\\/\\\/kidsplay.lt\\\/\"},{\"@type\":\"ListItem\",\"position\":2,\"name\":\"Parduotuv\u0117\",\"item\":\"https:\\\/\\\/kidsplay.lt\\\/parduotuve\\\/\"},{\"@type\":\"ListItem\",\"position\":3,\"name\":\"WOOPIE parduotuv\u0117l\u0117\u2013supermarketas su ledais ir saldumynais, \u0161viesos ir garsai + 55 priedai\"}]},{\"@type\":\"WebSite\",\"@id\":\"https:\\\/\\\/kidsplay.lt\\\/#website\",\"url\":\"https:\\\/\\\/kidsplay.lt\\\/\",\"name\":\"Kidsplay.lt\",\"description\":\"\u012evairios prek\u0117s vaikams\",\"publisher\":{\"@id\":\"https:\\\/\\\/kidsplay.lt\\\/#organization\"},\"alternateName\":\"Kidsplay\",\"potentialAction\":[{\"@type\":\"SearchAction\",\"target\":{\"@type\":\"EntryPoint\",\"urlTemplate\":\"https:\\\/\\\/kidsplay.lt\\\/?s={search_term_string}\"},\"query-input\":{\"@type\":\"PropertyValueSpecification\",\"valueRequired\":true,\"valueName\":\"search_term_string\"}}],\"inLanguage\":\"lv-LV\"},{\"@type\":\"Organization\",\"@id\":\"https:\\\/\\\/kidsplay.lt\\\/#organization\",\"name\":\"KidsPlay\",\"url\":\"https:\\\/\\\/kidsplay.lt\\\/\",\"logo\":{\"@type\":\"ImageObject\",\"inLanguage\":\"lv-LV\",\"@id\":\"https:\\\/\\\/kidsplay.lt\\\/#\\\/schema\\\/logo\\\/image\\\/\",\"url\":\"https:\\\/\\\/kidsplay.lt\\\/wp-content\\\/uploads\\\/2023\\\/07\\\/kidsplay-logo.png\",\"contentUrl\":\"https:\\\/\\\/kidsplay.lt\\\/wp-content\\\/uploads\\\/2023\\\/07\\\/kidsplay-logo.png\",\"width\":451,\"height\":98,\"caption\":\"KidsPlay\"},\"image\":{\"@id\":\"https:\\\/\\\/kidsplay.lt\\\/#\\\/schema\\\/logo\\\/image\\\/\"},\"sameAs\":[\"https:\\\/\\\/www.facebook.com\\\/www.kidsplay.lt\"]}]}<\/script>\n<!-- \/ Yoast SEO plugin. -->","yoast_head_json":{"title":"WOOPIE veikals-lielveikals ar sald\u0113jumu un konfekt\u0113m, gaism\u0101m un ska\u0146\u0101m + 55 aksesu\u0101riem","description":"WOOPIE parduotuv\u0117l\u0117\u2013supermarketas su ledais ir saldumynais, \u0161viesos ir garsai + 55 priedai - KidsPlay. Did\u017eiausias vaik\u0173 \u017eaisl\u0173 pasirinkimas.","robots":{"index":"index","follow":"follow","max-snippet":"max-snippet:-1","max-image-preview":"max-image-preview:large","max-video-preview":"max-video-preview:-1"},"canonical":"https:\/\/kidsplay.lt\/lv\/products\/woopie-parduotuvele-supermarketas-su-ledais-ir-saldumynais-sviesos-ir-garsai-55-priedai\/","og_locale":"lv_LV","og_type":"article","og_title":"WOOPIE parduotuv\u0117l\u0117\u2013supermarketas su ledais ir saldumynais, \u0161viesos ir garsai + 55 priedai","og_description":"WOOPIE parduotuv\u0117l\u0117\u2013supermarketas su ledais ir saldumynais, \u0161viesos ir garsai + 55 priedai - KidsPlay. Did\u017eiausias vaik\u0173 \u017eaisl\u0173 pasirinkimas.","og_url":"https:\/\/kidsplay.lt\/lv\/products\/woopie-parduotuvele-supermarketas-su-ledais-ir-saldumynais-sviesos-ir-garsai-55-priedai\/","og_site_name":"KidsPlay","article_publisher":"https:\/\/www.facebook.com\/www.kidsplay.lt","article_modified_time":"2026-04-07T06:52:57+00:00","og_image":[{"width":650,"height":650,"url":"https:\/\/kidsplay.lt\/wp-content\/uploads\/2026\/02\/WOOPIE-parduotuvele\u2013supermarketas-su-ledais-ir-saldumynais-sviesos-ir-garsai-55-priedai.jpg","type":"image\/jpeg"}],"twitter_card":"summary_large_image","twitter_misc":{"Est. reading time":"1 min\u016bte"},"schema":{"@context":"https:\/\/schema.org","@graph":[{"@type":"WebPage","@id":"https:\/\/kidsplay.lt\/produktas\/woopie-parduotuvele-supermarketas-su-ledais-ir-saldumynais-sviesos-ir-garsai-55-priedai\/","url":"https:\/\/kidsplay.lt\/produktas\/woopie-parduotuvele-supermarketas-su-ledais-ir-saldumynais-sviesos-ir-garsai-55-priedai\/","name":"WOOPIE veikals-lielveikals ar sald\u0113jumu un konfekt\u0113m, gaism\u0101m un ska\u0146\u0101m + 55 aksesu\u0101riem","isPartOf":{"@id":"https:\/\/kidsplay.lt\/#website"},"primaryImageOfPage":{"@id":"https:\/\/kidsplay.lt\/produktas\/woopie-parduotuvele-supermarketas-su-ledais-ir-saldumynais-sviesos-ir-garsai-55-priedai\/#primaryimage"},"image":{"@id":"https:\/\/kidsplay.lt\/produktas\/woopie-parduotuvele-supermarketas-su-ledais-ir-saldumynais-sviesos-ir-garsai-55-priedai\/#primaryimage"},"thumbnailUrl":"https:\/\/kidsplay.lt\/wp-content\/uploads\/2026\/02\/WOOPIE-parduotuvele\u2013supermarketas-su-ledais-ir-saldumynais-sviesos-ir-garsai-55-priedai.jpg","datePublished":"2026-02-24T18:00:24+00:00","dateModified":"2026-04-07T06:52:57+00:00","description":"WOOPIE parduotuv\u0117l\u0117\u2013supermarketas su ledais ir saldumynais, \u0161viesos ir garsai + 55 priedai - KidsPlay. Did\u017eiausias vaik\u0173 \u017eaisl\u0173 pasirinkimas.","breadcrumb":{"@id":"https:\/\/kidsplay.lt\/produktas\/woopie-parduotuvele-supermarketas-su-ledais-ir-saldumynais-sviesos-ir-garsai-55-priedai\/#breadcrumb"},"inLanguage":"lv-LV","potentialAction":[{"@type":"ReadAction","target":["https:\/\/kidsplay.lt\/produktas\/woopie-parduotuvele-supermarketas-su-ledais-ir-saldumynais-sviesos-ir-garsai-55-priedai\/"]}]},{"@type":"ImageObject","inLanguage":"lv-LV","@id":"https:\/\/kidsplay.lt\/produktas\/woopie-parduotuvele-supermarketas-su-ledais-ir-saldumynais-sviesos-ir-garsai-55-priedai\/#primaryimage","url":"https:\/\/kidsplay.lt\/wp-content\/uploads\/2026\/02\/WOOPIE-parduotuvele\u2013supermarketas-su-ledais-ir-saldumynais-sviesos-ir-garsai-55-priedai.jpg","contentUrl":"https:\/\/kidsplay.lt\/wp-content\/uploads\/2026\/02\/WOOPIE-parduotuvele\u2013supermarketas-su-ledais-ir-saldumynais-sviesos-ir-garsai-55-priedai.jpg","width":650,"height":650,"caption":"WOOPIE parduotuv\u0117l\u0117\u2013supermarketas su ledais ir saldumynais"},{"@type":"BreadcrumbList","@id":"https:\/\/kidsplay.lt\/produktas\/woopie-parduotuvele-supermarketas-su-ledais-ir-saldumynais-sviesos-ir-garsai-55-priedai\/#breadcrumb","itemListElement":[{"@type":"ListItem","position":1,"name":"Pagrindinis","item":"https:\/\/kidsplay.lt\/"},{"@type":"ListItem","position":2,"name":"Parduotuv\u0117","item":"https:\/\/kidsplay.lt\/parduotuve\/"},{"@type":"ListItem","position":3,"name":"WOOPIE parduotuv\u0117l\u0117\u2013supermarketas su ledais ir saldumynais, \u0161viesos ir garsai + 55 priedai"}]},{"@type":"WebSite","@id":"https:\/\/kidsplay.lt\/#website","url":"https:\/\/kidsplay.lt\/","name":"B\u0113rnu sp\u0113les.lv","description":"\u012evairios prek\u0117s vaikams","publisher":{"@id":"https:\/\/kidsplay.lt\/#organization"},"alternateName":"Kidsplay","potentialAction":[{"@type":"SearchAction","target":{"@type":"EntryPoint","urlTemplate":"https:\/\/kidsplay.lt\/?s={search_term_string}"},"query-input":{"@type":"PropertyValueSpecification","valueRequired":true,"valueName":"search_term_string"}}],"inLanguage":"lv-LV"},{"@type":"Organization","@id":"https:\/\/kidsplay.lt\/#organization","name":"B\u0113rnu sp\u0113le","url":"https:\/\/kidsplay.lt\/","logo":{"@type":"ImageObject","inLanguage":"lv-LV","@id":"https:\/\/kidsplay.lt\/#\/schema\/logo\/image\/","url":"https:\/\/kidsplay.lt\/wp-content\/uploads\/2023\/07\/kidsplay-logo.png","contentUrl":"https:\/\/kidsplay.lt\/wp-content\/uploads\/2023\/07\/kidsplay-logo.png","width":451,"height":98,"caption":"KidsPlay"},"image":{"@id":"https:\/\/kidsplay.lt\/#\/schema\/logo\/image\/"},"sameAs":["https:\/\/www.facebook.com\/www.kidsplay.lt"]}]}},"_links":{"self":[{"href":"https:\/\/kidsplay.lt\/lv\/wp-json\/wp\/v2\/product\/87014","targetHints":{"allow":["GET"]}}],"collection":[{"href":"https:\/\/kidsplay.lt\/lv\/wp-json\/wp\/v2\/product"}],"about":[{"href":"https:\/\/kidsplay.lt\/lv\/wp-json\/wp\/v2\/types\/product"}],"version-history":[{"count":1,"href":"https:\/\/kidsplay.lt\/lv\/wp-json\/wp\/v2\/product\/87014\/revisions"}],"predecessor-version":[{"id":87015,"href":"https:\/\/kidsplay.lt\/lv\/wp-json\/wp\/v2\/product\/87014\/revisions\/87015"}],"wp:featuredmedia":[{"embeddable":true,"href":"https:\/\/kidsplay.lt\/lv\/wp-json\/wp\/v2\/media\/87016"}],"wp:attachment":[{"href":"https:\/\/kidsplay.lt\/lv\/wp-json\/wp\/v2\/media?parent=87014"}],"wp:term":[{"taxonomy":"product_brand","embeddable":true,"href":"https:\/\/kidsplay.lt\/lv\/wp-json\/wp\/v2\/product_brand?post=87014"},{"taxonomy":"product_cat","embeddable":true,"href":"https:\/\/kidsplay.lt\/lv\/wp-json\/wp\/v2\/product_cat?post=87014"},{"taxonomy":"product_tag","embeddable":true,"href":"https:\/\/kidsplay.lt\/lv\/wp-json\/wp\/v2\/product_tag?post=87014"}],"curies":[{"name":"wp","href":"https:\/\/api.w.org\/{rel}","templated":true}]}}