{"id":87057,"date":"2026-02-24T20:02:08","date_gmt":"2026-02-24T18:02:08","guid":{"rendered":"https:\/\/kidsplay.lt\/produktas\/feber-balansinis-dviratukas-motofeber-bluey\/"},"modified":"2026-02-28T17:30:34","modified_gmt":"2026-02-28T15:30:34","slug":"feber-balansinis-dviratukas-motofeber-bluey","status":"publish","type":"product","link":"https:\/\/kidsplay.lt\/lv\/products\/feber-balansinis-dviratukas-motofeber-bluey\/","title":{"rendered":"FEBER balansinis dviratukas MOTOFEBER Bluey"},"content":{"rendered":"<p>Motorfeber Bluey paspirtukas\u2013va\u017eiuokl\u0117 \u2013 tai svajoni\u0173 \u017eaislas ma\u017eiesiems nuotyki\u0173 m\u0117g\u0117jams! Vaikai akimirksniu pam\u0117gs \u0161\u012f lengv\u0105 ir stabil\u0173 va\u017eiuokl\u012f su Bluey licencija. Tvirti, plat\u016bs ratai padeda i\u0161laikyti pusiausvyr\u0105, o tyl\u016bs ratukai leid\u017eia patogiai va\u017ein\u0117ti tiek namuose, tiek lauke. Tai \u017eaislas, kuris nat\u016braliai lavina balans\u0105, koordinacij\u0105 ir motorik\u0105, kartu suteikdamas daug d\u017eiaugsmo.<\/p>\n<p>S\u0117dyn\u0117s auk\u0161tis \u2013 29 cm, tod\u0117l va\u017eiuokl\u0117 puikiai tinka vaikams nuo 18 m\u0117nesi\u0173 iki 3 met\u0173. Konstrukcija yra lengva, bet tvirta (2,86 kg), tod\u0117l \u017eaislas patogus tiek vaikui, tiek t\u0117vams.<\/p>\n<p>Raksturojums<\/p>\n<p> \tTinka vaikams nuo 18 m\u0117n. iki 3 met\u0173<br \/>\n \tPlat\u016bs, stabil\u016bs ratai padeda i\u0161laikyti pusiausvyr\u0105<br \/>\n \tTyl\u016bs ratukai \u2013 puikiai tinka naudoti namuose<br \/>\n \tS\u0117dyn\u0117s auk\u0161tis: 29 cm<br \/>\n \tLengva, bet tvirta konstrukcija: 2,86 kg<br \/>\n \tLavina motorik\u0105, koordinacij\u0105 ir pa\u017eintinius \u012fg\u016bd\u017eius<br \/>\n \tTinka naudoti viduje ir lauke<\/p>","protected":false},"excerpt":{"rendered":"<p>Motorfeber Bluey paspirtukas\u2013va\u017eiuokl\u0117 \u2013 tai svajoni\u0173 \u017eaislas ma\u017eiesiems nuotyki\u0173 m\u0117g\u0117jams! Vaikai akimirksniu pam\u0117gs \u0161\u012f lengv\u0105 ir stabil\u0173 va\u017eiuokl\u012f su Bluey<\/p>","protected":false},"featured_media":87059,"template":"","meta":{"_acf_changed":false,"_glsr_average":0,"_glsr_ranking":0,"_glsr_reviews":0},"product_brand":[],"product_cat":[240,237],"product_tag":[],"class_list":{"0":"post-87057","1":"product","2":"type-product","3":"status-publish","4":"has-post-thumbnail","6":"product_cat-balansiniai-dviratukai","7":"product_cat-judejimo-priemones","8":"\"style=\"background-color: #2ecc711c;\"","10":"first","11":"outofstock","12":"purchasable","13":"product-type-simple"},"acf":[],"yoast_head":"<!-- This site is optimized with the Yoast SEO plugin v27.4 - https:\/\/yoast.com\/product\/yoast-seo-wordpress\/ -->\n<title>FEBER balansinis dviratukas MOTOFEBER Bluey<\/title>\n<meta name=\"description\" content=\"FEBER balansinis dviratukas MOTOFEBER Bluey - KidsPlay. Did\u017eiausias vaik\u0173 \u017eaisl\u0173 pasirinkimas.\" \/>\n<meta name=\"robots\" content=\"index, follow, max-snippet:-1, max-image-preview:large, max-video-preview:-1\" \/>\n<link rel=\"canonical\" href=\"https:\/\/kidsplay.lt\/lv\/products\/feber-balansinis-dviratukas-motofeber-bluey\/\" \/>\n<meta property=\"og:locale\" content=\"lv_LV\" \/>\n<meta property=\"og:type\" content=\"article\" \/>\n<meta property=\"og:title\" content=\"FEBER balansinis dviratukas MOTOFEBER Bluey\" \/>\n<meta property=\"og:description\" content=\"FEBER balansinis dviratukas MOTOFEBER Bluey - KidsPlay. Did\u017eiausias vaik\u0173 \u017eaisl\u0173 pasirinkimas.\" \/>\n<meta property=\"og:url\" content=\"https:\/\/kidsplay.lt\/lv\/products\/feber-balansinis-dviratukas-motofeber-bluey\/\" \/>\n<meta property=\"og:site_name\" content=\"KidsPlay\" \/>\n<meta property=\"article:publisher\" content=\"https:\/\/www.facebook.com\/www.kidsplay.lt\" \/>\n<meta property=\"article:modified_time\" content=\"2026-02-28T15:30:34+00:00\" \/>\n<meta property=\"og:image\" content=\"https:\/\/kidsplay.lt\/wp-content\/uploads\/2026\/02\/FEBER-balansinis-dviratukas-MOTOFEBER-Bluey.jpg\" \/>\n\t<meta property=\"og:image:width\" content=\"2560\" \/>\n\t<meta property=\"og:image:height\" content=\"2560\" \/>\n\t<meta property=\"og:image:type\" content=\"image\/jpeg\" \/>\n<meta name=\"twitter:card\" content=\"summary_large_image\" \/>\n<meta name=\"twitter:label1\" content=\"Est. reading time\" \/>\n\t<meta name=\"twitter:data1\" content=\"1 min\u016bte\" \/>\n<script type=\"application\/ld+json\" class=\"yoast-schema-graph\">{\"@context\":\"https:\\\/\\\/schema.org\",\"@graph\":[{\"@type\":\"WebPage\",\"@id\":\"https:\\\/\\\/kidsplay.lt\\\/produktas\\\/feber-balansinis-dviratukas-motofeber-bluey\\\/\",\"url\":\"https:\\\/\\\/kidsplay.lt\\\/produktas\\\/feber-balansinis-dviratukas-motofeber-bluey\\\/\",\"name\":\"FEBER balansinis dviratukas MOTOFEBER Bluey\",\"isPartOf\":{\"@id\":\"https:\\\/\\\/kidsplay.lt\\\/#website\"},\"primaryImageOfPage\":{\"@id\":\"https:\\\/\\\/kidsplay.lt\\\/produktas\\\/feber-balansinis-dviratukas-motofeber-bluey\\\/#primaryimage\"},\"image\":{\"@id\":\"https:\\\/\\\/kidsplay.lt\\\/produktas\\\/feber-balansinis-dviratukas-motofeber-bluey\\\/#primaryimage\"},\"thumbnailUrl\":\"https:\\\/\\\/kidsplay.lt\\\/wp-content\\\/uploads\\\/2026\\\/02\\\/FEBER-balansinis-dviratukas-MOTOFEBER-Bluey.jpg\",\"datePublished\":\"2026-02-24T18:02:08+00:00\",\"dateModified\":\"2026-02-28T15:30:34+00:00\",\"description\":\"FEBER balansinis dviratukas MOTOFEBER Bluey - KidsPlay. Did\u017eiausias vaik\u0173 \u017eaisl\u0173 pasirinkimas.\",\"breadcrumb\":{\"@id\":\"https:\\\/\\\/kidsplay.lt\\\/produktas\\\/feber-balansinis-dviratukas-motofeber-bluey\\\/#breadcrumb\"},\"inLanguage\":\"lv-LV\",\"potentialAction\":[{\"@type\":\"ReadAction\",\"target\":[\"https:\\\/\\\/kidsplay.lt\\\/produktas\\\/feber-balansinis-dviratukas-motofeber-bluey\\\/\"]}]},{\"@type\":\"ImageObject\",\"inLanguage\":\"lv-LV\",\"@id\":\"https:\\\/\\\/kidsplay.lt\\\/produktas\\\/feber-balansinis-dviratukas-motofeber-bluey\\\/#primaryimage\",\"url\":\"https:\\\/\\\/kidsplay.lt\\\/wp-content\\\/uploads\\\/2026\\\/02\\\/FEBER-balansinis-dviratukas-MOTOFEBER-Bluey.jpg\",\"contentUrl\":\"https:\\\/\\\/kidsplay.lt\\\/wp-content\\\/uploads\\\/2026\\\/02\\\/FEBER-balansinis-dviratukas-MOTOFEBER-Bluey.jpg\",\"width\":2560,\"height\":2560,\"caption\":\"FEBER balansinis dviratukas MOTOFEBER Bluey\"},{\"@type\":\"BreadcrumbList\",\"@id\":\"https:\\\/\\\/kidsplay.lt\\\/produktas\\\/feber-balansinis-dviratukas-motofeber-bluey\\\/#breadcrumb\",\"itemListElement\":[{\"@type\":\"ListItem\",\"position\":1,\"name\":\"Pagrindinis\",\"item\":\"https:\\\/\\\/kidsplay.lt\\\/\"},{\"@type\":\"ListItem\",\"position\":2,\"name\":\"Parduotuv\u0117\",\"item\":\"https:\\\/\\\/kidsplay.lt\\\/parduotuve\\\/\"},{\"@type\":\"ListItem\",\"position\":3,\"name\":\"FEBER balansinis dviratukas MOTOFEBER Bluey\"}]},{\"@type\":\"WebSite\",\"@id\":\"https:\\\/\\\/kidsplay.lt\\\/#website\",\"url\":\"https:\\\/\\\/kidsplay.lt\\\/\",\"name\":\"Kidsplay.lt\",\"description\":\"\u012evairios prek\u0117s vaikams\",\"publisher\":{\"@id\":\"https:\\\/\\\/kidsplay.lt\\\/#organization\"},\"alternateName\":\"Kidsplay\",\"potentialAction\":[{\"@type\":\"SearchAction\",\"target\":{\"@type\":\"EntryPoint\",\"urlTemplate\":\"https:\\\/\\\/kidsplay.lt\\\/?s={search_term_string}\"},\"query-input\":{\"@type\":\"PropertyValueSpecification\",\"valueRequired\":true,\"valueName\":\"search_term_string\"}}],\"inLanguage\":\"lv-LV\"},{\"@type\":\"Organization\",\"@id\":\"https:\\\/\\\/kidsplay.lt\\\/#organization\",\"name\":\"KidsPlay\",\"url\":\"https:\\\/\\\/kidsplay.lt\\\/\",\"logo\":{\"@type\":\"ImageObject\",\"inLanguage\":\"lv-LV\",\"@id\":\"https:\\\/\\\/kidsplay.lt\\\/#\\\/schema\\\/logo\\\/image\\\/\",\"url\":\"https:\\\/\\\/kidsplay.lt\\\/wp-content\\\/uploads\\\/2023\\\/07\\\/kidsplay-logo.png\",\"contentUrl\":\"https:\\\/\\\/kidsplay.lt\\\/wp-content\\\/uploads\\\/2023\\\/07\\\/kidsplay-logo.png\",\"width\":451,\"height\":98,\"caption\":\"KidsPlay\"},\"image\":{\"@id\":\"https:\\\/\\\/kidsplay.lt\\\/#\\\/schema\\\/logo\\\/image\\\/\"},\"sameAs\":[\"https:\\\/\\\/www.facebook.com\\\/www.kidsplay.lt\"]}]}<\/script>\n<!-- \/ Yoast SEO plugin. -->","yoast_head_json":{"title":"FEBER balansinis dviratukas MOTOFEBER Bluey","description":"FEBER balansinis dviratukas MOTOFEBER Bluey - KidsPlay. Did\u017eiausias vaik\u0173 \u017eaisl\u0173 pasirinkimas.","robots":{"index":"index","follow":"follow","max-snippet":"max-snippet:-1","max-image-preview":"max-image-preview:large","max-video-preview":"max-video-preview:-1"},"canonical":"https:\/\/kidsplay.lt\/lv\/products\/feber-balansinis-dviratukas-motofeber-bluey\/","og_locale":"lv_LV","og_type":"article","og_title":"FEBER balansinis dviratukas MOTOFEBER Bluey","og_description":"FEBER balansinis dviratukas MOTOFEBER Bluey - KidsPlay. Did\u017eiausias vaik\u0173 \u017eaisl\u0173 pasirinkimas.","og_url":"https:\/\/kidsplay.lt\/lv\/products\/feber-balansinis-dviratukas-motofeber-bluey\/","og_site_name":"KidsPlay","article_publisher":"https:\/\/www.facebook.com\/www.kidsplay.lt","article_modified_time":"2026-02-28T15:30:34+00:00","og_image":[{"width":2560,"height":2560,"url":"https:\/\/kidsplay.lt\/wp-content\/uploads\/2026\/02\/FEBER-balansinis-dviratukas-MOTOFEBER-Bluey.jpg","type":"image\/jpeg"}],"twitter_card":"summary_large_image","twitter_misc":{"Est. reading time":"1 min\u016bte"},"schema":{"@context":"https:\/\/schema.org","@graph":[{"@type":"WebPage","@id":"https:\/\/kidsplay.lt\/produktas\/feber-balansinis-dviratukas-motofeber-bluey\/","url":"https:\/\/kidsplay.lt\/produktas\/feber-balansinis-dviratukas-motofeber-bluey\/","name":"FEBER balansinis dviratukas MOTOFEBER Bluey","isPartOf":{"@id":"https:\/\/kidsplay.lt\/#website"},"primaryImageOfPage":{"@id":"https:\/\/kidsplay.lt\/produktas\/feber-balansinis-dviratukas-motofeber-bluey\/#primaryimage"},"image":{"@id":"https:\/\/kidsplay.lt\/produktas\/feber-balansinis-dviratukas-motofeber-bluey\/#primaryimage"},"thumbnailUrl":"https:\/\/kidsplay.lt\/wp-content\/uploads\/2026\/02\/FEBER-balansinis-dviratukas-MOTOFEBER-Bluey.jpg","datePublished":"2026-02-24T18:02:08+00:00","dateModified":"2026-02-28T15:30:34+00:00","description":"FEBER balansinis dviratukas MOTOFEBER Bluey - KidsPlay. Did\u017eiausias vaik\u0173 \u017eaisl\u0173 pasirinkimas.","breadcrumb":{"@id":"https:\/\/kidsplay.lt\/produktas\/feber-balansinis-dviratukas-motofeber-bluey\/#breadcrumb"},"inLanguage":"lv-LV","potentialAction":[{"@type":"ReadAction","target":["https:\/\/kidsplay.lt\/produktas\/feber-balansinis-dviratukas-motofeber-bluey\/"]}]},{"@type":"ImageObject","inLanguage":"lv-LV","@id":"https:\/\/kidsplay.lt\/produktas\/feber-balansinis-dviratukas-motofeber-bluey\/#primaryimage","url":"https:\/\/kidsplay.lt\/wp-content\/uploads\/2026\/02\/FEBER-balansinis-dviratukas-MOTOFEBER-Bluey.jpg","contentUrl":"https:\/\/kidsplay.lt\/wp-content\/uploads\/2026\/02\/FEBER-balansinis-dviratukas-MOTOFEBER-Bluey.jpg","width":2560,"height":2560,"caption":"FEBER balansinis dviratukas MOTOFEBER Bluey"},{"@type":"BreadcrumbList","@id":"https:\/\/kidsplay.lt\/produktas\/feber-balansinis-dviratukas-motofeber-bluey\/#breadcrumb","itemListElement":[{"@type":"ListItem","position":1,"name":"Pagrindinis","item":"https:\/\/kidsplay.lt\/"},{"@type":"ListItem","position":2,"name":"Parduotuv\u0117","item":"https:\/\/kidsplay.lt\/parduotuve\/"},{"@type":"ListItem","position":3,"name":"FEBER balansinis dviratukas MOTOFEBER Bluey"}]},{"@type":"WebSite","@id":"https:\/\/kidsplay.lt\/#website","url":"https:\/\/kidsplay.lt\/","name":"B\u0113rnu sp\u0113les.lv","description":"\u012evairios prek\u0117s vaikams","publisher":{"@id":"https:\/\/kidsplay.lt\/#organization"},"alternateName":"Kidsplay","potentialAction":[{"@type":"SearchAction","target":{"@type":"EntryPoint","urlTemplate":"https:\/\/kidsplay.lt\/?s={search_term_string}"},"query-input":{"@type":"PropertyValueSpecification","valueRequired":true,"valueName":"search_term_string"}}],"inLanguage":"lv-LV"},{"@type":"Organization","@id":"https:\/\/kidsplay.lt\/#organization","name":"B\u0113rnu sp\u0113le","url":"https:\/\/kidsplay.lt\/","logo":{"@type":"ImageObject","inLanguage":"lv-LV","@id":"https:\/\/kidsplay.lt\/#\/schema\/logo\/image\/","url":"https:\/\/kidsplay.lt\/wp-content\/uploads\/2023\/07\/kidsplay-logo.png","contentUrl":"https:\/\/kidsplay.lt\/wp-content\/uploads\/2023\/07\/kidsplay-logo.png","width":451,"height":98,"caption":"KidsPlay"},"image":{"@id":"https:\/\/kidsplay.lt\/#\/schema\/logo\/image\/"},"sameAs":["https:\/\/www.facebook.com\/www.kidsplay.lt"]}]}},"_links":{"self":[{"href":"https:\/\/kidsplay.lt\/lv\/wp-json\/wp\/v2\/product\/87057","targetHints":{"allow":["GET"]}}],"collection":[{"href":"https:\/\/kidsplay.lt\/lv\/wp-json\/wp\/v2\/product"}],"about":[{"href":"https:\/\/kidsplay.lt\/lv\/wp-json\/wp\/v2\/types\/product"}],"version-history":[{"count":1,"href":"https:\/\/kidsplay.lt\/lv\/wp-json\/wp\/v2\/product\/87057\/revisions"}],"predecessor-version":[{"id":87058,"href":"https:\/\/kidsplay.lt\/lv\/wp-json\/wp\/v2\/product\/87057\/revisions\/87058"}],"wp:featuredmedia":[{"embeddable":true,"href":"https:\/\/kidsplay.lt\/lv\/wp-json\/wp\/v2\/media\/87059"}],"wp:attachment":[{"href":"https:\/\/kidsplay.lt\/lv\/wp-json\/wp\/v2\/media?parent=87057"}],"wp:term":[{"taxonomy":"product_brand","embeddable":true,"href":"https:\/\/kidsplay.lt\/lv\/wp-json\/wp\/v2\/product_brand?post=87057"},{"taxonomy":"product_cat","embeddable":true,"href":"https:\/\/kidsplay.lt\/lv\/wp-json\/wp\/v2\/product_cat?post=87057"},{"taxonomy":"product_tag","embeddable":true,"href":"https:\/\/kidsplay.lt\/lv\/wp-json\/wp\/v2\/product_tag?post=87057"}],"curies":[{"name":"wp","href":"https:\/\/api.w.org\/{rel}","templated":true}]}}