{"id":87077,"date":"2026-02-24T20:03:35","date_gmt":"2026-02-24T18:03:35","guid":{"rendered":"https:\/\/kidsplay.lt\/produktas\/woopie-royal-madinga-lele-lily\/"},"modified":"2026-04-13T14:15:20","modified_gmt":"2026-04-13T11:15:20","slug":"woopie-royal-madinga-lele-lily","status":"publish","type":"product","link":"https:\/\/kidsplay.lt\/lv\/products\/woopie-royal-madinga-lele-lily\/","title":{"rendered":"WOOPIE ROYAL modes lelle Lilija"},"content":{"rendered":"<p>Woopie l\u0117l\u0117 princes\u0117 Lily \u2013 tai nuostabi dovana ma\u017eajai pasak\u0173 ir magi\u0161k\u0173 istorij\u0173 myl\u0117tojai. Lily turi ilgus, \u0161viesius plaukus, kuriuos galima \u0161ukuoti ir kurti \u012fvairias \u0161ukuosenas, taip lavinant vaiko smulki\u0105j\u0105 motorik\u0105 ir k\u016brybi\u0161kum\u0105. Ji vilki \u012fsp\u016bding\u0105, ilg\u0105 purpurin\u0119\u2011ro\u017ein\u0119 puo\u0161ni\u0105 suknel\u0119 su korsetu ir p\u016bstomis rankov\u0117mis, dekoruot\u0105 blizgiomis detal\u0117mis. Ant galvos \u2013 skaidri violetin\u0117 tiara, suteikianti jai tikr\u0105 karali\u0161k\u0105 \u012fvaizd\u012f.<\/p>\n<p>\u0160i l\u0117l\u0117 \u012fkvepia kurti pasak\u0173 scenarijus, vaidinti princesi\u0173 nuotykius ir lavinti vaizduot\u0119. Puikiai tinka vaikams nuo 3 met\u0173.<\/p>\n<p>Raksturojums<\/p>\n<p> \tIeteicams b\u0113rniem no 3 gadu vecuma<br \/>\n \tIlgi, \u0161vies\u016bs plaukai \u2013 puikiai tinka \u0161ukavimui ir \u0161ukuosenoms<br \/>\n \tPuo\u0161ni purpurin\u0117\u2011ro\u017ein\u0117 suknel\u0117 su blizgiomis detal\u0117mis<br \/>\n \tKomplekte yra kar\u016bna\/tiara<br \/>\n \tSkatina vaidybinius \u017eaidimus ir pasak\u0173 k\u016brim\u0105<br \/>\n \tPagaminta i\u0161 saugi\u0173, vaikams tinkam\u0173 med\u017eiag\u0173<\/p>\n<p>Komplekt\u0101 atrad\u012bsiet:<\/p>\n<p> \tL\u0117l\u0119 princes\u0119 Lily su suknele<br \/>\n \tKar\u016bn\u0105\/tiar\u0105<\/p>\n<p>Rota\u013clietu lav\u012bna<\/p>\n<p> \tVaizduot\u0119 ir k\u016brybi\u0161kum\u0105<br \/>\n \tSocialinius \u012fg\u016bd\u017eius per vaidybinius \u017eaidimus<\/p>","protected":false},"excerpt":{"rendered":"<p>Woopie l\u0117l\u0117 princes\u0117 Lily \u2013 tai nuostabi dovana ma\u017eajai pasak\u0173 ir magi\u0161k\u0173 istorij\u0173 myl\u0117tojai. Lily turi ilgus, \u0161viesius plaukus, kuriuos<\/p>","protected":false},"featured_media":87079,"template":"","meta":{"_acf_changed":false,"_glsr_average":0,"_glsr_ranking":0,"_glsr_reviews":0},"product_brand":[],"product_cat":[443,229],"product_tag":[],"class_list":{"0":"post-87077","1":"product","2":"type-product","3":"status-publish","4":"has-post-thumbnail","6":"product_cat-leles-ir-priedai","7":"product_cat-zaislai-vaikams","8":"\"style=\"background-color: #2ecc711c;\"","10":"first","11":"instock","12":"purchasable","13":"product-type-simple"},"acf":[],"yoast_head":"<!-- This site is optimized with the Yoast SEO plugin v27.4 - https:\/\/yoast.com\/product\/yoast-seo-wordpress\/ -->\n<title>WOOPIE ROYAL madinga l\u0117l\u0117 Lily<\/title>\n<meta name=\"description\" content=\"WOOPIE ROYAL madinga l\u0117l\u0117 Lily - KidsPlay. Did\u017eiausias vaik\u0173 \u017eaisl\u0173 pasirinkimas.\" \/>\n<meta name=\"robots\" content=\"index, follow, max-snippet:-1, max-image-preview:large, max-video-preview:-1\" \/>\n<link rel=\"canonical\" href=\"https:\/\/kidsplay.lt\/lv\/products\/woopie-royal-madinga-lele-lily\/\" \/>\n<meta property=\"og:locale\" content=\"lv_LV\" \/>\n<meta property=\"og:type\" content=\"article\" \/>\n<meta property=\"og:title\" content=\"WOOPIE ROYAL madinga l\u0117l\u0117 Lily\" \/>\n<meta property=\"og:description\" content=\"WOOPIE ROYAL madinga l\u0117l\u0117 Lily - KidsPlay. Did\u017eiausias vaik\u0173 \u017eaisl\u0173 pasirinkimas.\" \/>\n<meta property=\"og:url\" content=\"https:\/\/kidsplay.lt\/lv\/products\/woopie-royal-madinga-lele-lily\/\" \/>\n<meta property=\"og:site_name\" content=\"KidsPlay\" \/>\n<meta property=\"article:publisher\" content=\"https:\/\/www.facebook.com\/www.kidsplay.lt\" \/>\n<meta property=\"article:modified_time\" content=\"2026-04-13T11:15:20+00:00\" \/>\n<meta property=\"og:image\" content=\"https:\/\/kidsplay.lt\/wp-content\/uploads\/2026\/02\/WOOPIE-ROYAL-madinga-lele-Lily.jpg\" \/>\n\t<meta property=\"og:image:width\" content=\"1000\" \/>\n\t<meta property=\"og:image:height\" content=\"1000\" \/>\n\t<meta property=\"og:image:type\" content=\"image\/jpeg\" \/>\n<meta name=\"twitter:card\" content=\"summary_large_image\" \/>\n<meta name=\"twitter:label1\" content=\"Est. reading time\" \/>\n\t<meta name=\"twitter:data1\" content=\"1 min\u016bte\" \/>\n<script type=\"application\/ld+json\" class=\"yoast-schema-graph\">{\"@context\":\"https:\\\/\\\/schema.org\",\"@graph\":[{\"@type\":\"WebPage\",\"@id\":\"https:\\\/\\\/kidsplay.lt\\\/produktas\\\/woopie-royal-madinga-lele-lily\\\/\",\"url\":\"https:\\\/\\\/kidsplay.lt\\\/produktas\\\/woopie-royal-madinga-lele-lily\\\/\",\"name\":\"WOOPIE ROYAL madinga l\u0117l\u0117 Lily\",\"isPartOf\":{\"@id\":\"https:\\\/\\\/kidsplay.lt\\\/#website\"},\"primaryImageOfPage\":{\"@id\":\"https:\\\/\\\/kidsplay.lt\\\/produktas\\\/woopie-royal-madinga-lele-lily\\\/#primaryimage\"},\"image\":{\"@id\":\"https:\\\/\\\/kidsplay.lt\\\/produktas\\\/woopie-royal-madinga-lele-lily\\\/#primaryimage\"},\"thumbnailUrl\":\"https:\\\/\\\/kidsplay.lt\\\/wp-content\\\/uploads\\\/2026\\\/02\\\/WOOPIE-ROYAL-madinga-lele-Lily.jpg\",\"datePublished\":\"2026-02-24T18:03:35+00:00\",\"dateModified\":\"2026-04-13T11:15:20+00:00\",\"description\":\"WOOPIE ROYAL madinga l\u0117l\u0117 Lily - KidsPlay. Did\u017eiausias vaik\u0173 \u017eaisl\u0173 pasirinkimas.\",\"breadcrumb\":{\"@id\":\"https:\\\/\\\/kidsplay.lt\\\/produktas\\\/woopie-royal-madinga-lele-lily\\\/#breadcrumb\"},\"inLanguage\":\"lv-LV\",\"potentialAction\":[{\"@type\":\"ReadAction\",\"target\":[\"https:\\\/\\\/kidsplay.lt\\\/produktas\\\/woopie-royal-madinga-lele-lily\\\/\"]}]},{\"@type\":\"ImageObject\",\"inLanguage\":\"lv-LV\",\"@id\":\"https:\\\/\\\/kidsplay.lt\\\/produktas\\\/woopie-royal-madinga-lele-lily\\\/#primaryimage\",\"url\":\"https:\\\/\\\/kidsplay.lt\\\/wp-content\\\/uploads\\\/2026\\\/02\\\/WOOPIE-ROYAL-madinga-lele-Lily.jpg\",\"contentUrl\":\"https:\\\/\\\/kidsplay.lt\\\/wp-content\\\/uploads\\\/2026\\\/02\\\/WOOPIE-ROYAL-madinga-lele-Lily.jpg\",\"width\":1000,\"height\":1000,\"caption\":\"WOOPIE ROYAL madinga l\u0117l\u0117 Lily\"},{\"@type\":\"BreadcrumbList\",\"@id\":\"https:\\\/\\\/kidsplay.lt\\\/produktas\\\/woopie-royal-madinga-lele-lily\\\/#breadcrumb\",\"itemListElement\":[{\"@type\":\"ListItem\",\"position\":1,\"name\":\"Pagrindinis\",\"item\":\"https:\\\/\\\/kidsplay.lt\\\/\"},{\"@type\":\"ListItem\",\"position\":2,\"name\":\"Parduotuv\u0117\",\"item\":\"https:\\\/\\\/kidsplay.lt\\\/parduotuve\\\/\"},{\"@type\":\"ListItem\",\"position\":3,\"name\":\"WOOPIE ROYAL madinga l\u0117l\u0117 Lily\"}]},{\"@type\":\"WebSite\",\"@id\":\"https:\\\/\\\/kidsplay.lt\\\/#website\",\"url\":\"https:\\\/\\\/kidsplay.lt\\\/\",\"name\":\"Kidsplay.lt\",\"description\":\"\u012evairios prek\u0117s vaikams\",\"publisher\":{\"@id\":\"https:\\\/\\\/kidsplay.lt\\\/#organization\"},\"alternateName\":\"Kidsplay\",\"potentialAction\":[{\"@type\":\"SearchAction\",\"target\":{\"@type\":\"EntryPoint\",\"urlTemplate\":\"https:\\\/\\\/kidsplay.lt\\\/?s={search_term_string}\"},\"query-input\":{\"@type\":\"PropertyValueSpecification\",\"valueRequired\":true,\"valueName\":\"search_term_string\"}}],\"inLanguage\":\"lv-LV\"},{\"@type\":\"Organization\",\"@id\":\"https:\\\/\\\/kidsplay.lt\\\/#organization\",\"name\":\"KidsPlay\",\"url\":\"https:\\\/\\\/kidsplay.lt\\\/\",\"logo\":{\"@type\":\"ImageObject\",\"inLanguage\":\"lv-LV\",\"@id\":\"https:\\\/\\\/kidsplay.lt\\\/#\\\/schema\\\/logo\\\/image\\\/\",\"url\":\"https:\\\/\\\/kidsplay.lt\\\/wp-content\\\/uploads\\\/2023\\\/07\\\/kidsplay-logo.png\",\"contentUrl\":\"https:\\\/\\\/kidsplay.lt\\\/wp-content\\\/uploads\\\/2023\\\/07\\\/kidsplay-logo.png\",\"width\":451,\"height\":98,\"caption\":\"KidsPlay\"},\"image\":{\"@id\":\"https:\\\/\\\/kidsplay.lt\\\/#\\\/schema\\\/logo\\\/image\\\/\"},\"sameAs\":[\"https:\\\/\\\/www.facebook.com\\\/www.kidsplay.lt\"]}]}<\/script>\n<!-- \/ Yoast SEO plugin. -->","yoast_head_json":{"title":"WOOPIE ROYAL modes lelle Lilija","description":"WOOPIE ROYAL madinga l\u0117l\u0117 Lily - KidsPlay. Did\u017eiausias vaik\u0173 \u017eaisl\u0173 pasirinkimas.","robots":{"index":"index","follow":"follow","max-snippet":"max-snippet:-1","max-image-preview":"max-image-preview:large","max-video-preview":"max-video-preview:-1"},"canonical":"https:\/\/kidsplay.lt\/lv\/products\/woopie-royal-madinga-lele-lily\/","og_locale":"lv_LV","og_type":"article","og_title":"WOOPIE ROYAL madinga l\u0117l\u0117 Lily","og_description":"WOOPIE ROYAL madinga l\u0117l\u0117 Lily - KidsPlay. Did\u017eiausias vaik\u0173 \u017eaisl\u0173 pasirinkimas.","og_url":"https:\/\/kidsplay.lt\/lv\/products\/woopie-royal-madinga-lele-lily\/","og_site_name":"KidsPlay","article_publisher":"https:\/\/www.facebook.com\/www.kidsplay.lt","article_modified_time":"2026-04-13T11:15:20+00:00","og_image":[{"width":1000,"height":1000,"url":"https:\/\/kidsplay.lt\/wp-content\/uploads\/2026\/02\/WOOPIE-ROYAL-madinga-lele-Lily.jpg","type":"image\/jpeg"}],"twitter_card":"summary_large_image","twitter_misc":{"Est. reading time":"1 min\u016bte"},"schema":{"@context":"https:\/\/schema.org","@graph":[{"@type":"WebPage","@id":"https:\/\/kidsplay.lt\/produktas\/woopie-royal-madinga-lele-lily\/","url":"https:\/\/kidsplay.lt\/produktas\/woopie-royal-madinga-lele-lily\/","name":"WOOPIE ROYAL modes lelle Lilija","isPartOf":{"@id":"https:\/\/kidsplay.lt\/#website"},"primaryImageOfPage":{"@id":"https:\/\/kidsplay.lt\/produktas\/woopie-royal-madinga-lele-lily\/#primaryimage"},"image":{"@id":"https:\/\/kidsplay.lt\/produktas\/woopie-royal-madinga-lele-lily\/#primaryimage"},"thumbnailUrl":"https:\/\/kidsplay.lt\/wp-content\/uploads\/2026\/02\/WOOPIE-ROYAL-madinga-lele-Lily.jpg","datePublished":"2026-02-24T18:03:35+00:00","dateModified":"2026-04-13T11:15:20+00:00","description":"WOOPIE ROYAL madinga l\u0117l\u0117 Lily - KidsPlay. Did\u017eiausias vaik\u0173 \u017eaisl\u0173 pasirinkimas.","breadcrumb":{"@id":"https:\/\/kidsplay.lt\/produktas\/woopie-royal-madinga-lele-lily\/#breadcrumb"},"inLanguage":"lv-LV","potentialAction":[{"@type":"ReadAction","target":["https:\/\/kidsplay.lt\/produktas\/woopie-royal-madinga-lele-lily\/"]}]},{"@type":"ImageObject","inLanguage":"lv-LV","@id":"https:\/\/kidsplay.lt\/produktas\/woopie-royal-madinga-lele-lily\/#primaryimage","url":"https:\/\/kidsplay.lt\/wp-content\/uploads\/2026\/02\/WOOPIE-ROYAL-madinga-lele-Lily.jpg","contentUrl":"https:\/\/kidsplay.lt\/wp-content\/uploads\/2026\/02\/WOOPIE-ROYAL-madinga-lele-Lily.jpg","width":1000,"height":1000,"caption":"WOOPIE ROYAL madinga l\u0117l\u0117 Lily"},{"@type":"BreadcrumbList","@id":"https:\/\/kidsplay.lt\/produktas\/woopie-royal-madinga-lele-lily\/#breadcrumb","itemListElement":[{"@type":"ListItem","position":1,"name":"Pagrindinis","item":"https:\/\/kidsplay.lt\/"},{"@type":"ListItem","position":2,"name":"Parduotuv\u0117","item":"https:\/\/kidsplay.lt\/parduotuve\/"},{"@type":"ListItem","position":3,"name":"WOOPIE ROYAL madinga l\u0117l\u0117 Lily"}]},{"@type":"WebSite","@id":"https:\/\/kidsplay.lt\/#website","url":"https:\/\/kidsplay.lt\/","name":"B\u0113rnu sp\u0113les.lv","description":"\u012evairios prek\u0117s vaikams","publisher":{"@id":"https:\/\/kidsplay.lt\/#organization"},"alternateName":"Kidsplay","potentialAction":[{"@type":"SearchAction","target":{"@type":"EntryPoint","urlTemplate":"https:\/\/kidsplay.lt\/?s={search_term_string}"},"query-input":{"@type":"PropertyValueSpecification","valueRequired":true,"valueName":"search_term_string"}}],"inLanguage":"lv-LV"},{"@type":"Organization","@id":"https:\/\/kidsplay.lt\/#organization","name":"B\u0113rnu sp\u0113le","url":"https:\/\/kidsplay.lt\/","logo":{"@type":"ImageObject","inLanguage":"lv-LV","@id":"https:\/\/kidsplay.lt\/#\/schema\/logo\/image\/","url":"https:\/\/kidsplay.lt\/wp-content\/uploads\/2023\/07\/kidsplay-logo.png","contentUrl":"https:\/\/kidsplay.lt\/wp-content\/uploads\/2023\/07\/kidsplay-logo.png","width":451,"height":98,"caption":"KidsPlay"},"image":{"@id":"https:\/\/kidsplay.lt\/#\/schema\/logo\/image\/"},"sameAs":["https:\/\/www.facebook.com\/www.kidsplay.lt"]}]}},"_links":{"self":[{"href":"https:\/\/kidsplay.lt\/lv\/wp-json\/wp\/v2\/product\/87077","targetHints":{"allow":["GET"]}}],"collection":[{"href":"https:\/\/kidsplay.lt\/lv\/wp-json\/wp\/v2\/product"}],"about":[{"href":"https:\/\/kidsplay.lt\/lv\/wp-json\/wp\/v2\/types\/product"}],"version-history":[{"count":1,"href":"https:\/\/kidsplay.lt\/lv\/wp-json\/wp\/v2\/product\/87077\/revisions"}],"predecessor-version":[{"id":87078,"href":"https:\/\/kidsplay.lt\/lv\/wp-json\/wp\/v2\/product\/87077\/revisions\/87078"}],"wp:featuredmedia":[{"embeddable":true,"href":"https:\/\/kidsplay.lt\/lv\/wp-json\/wp\/v2\/media\/87079"}],"wp:attachment":[{"href":"https:\/\/kidsplay.lt\/lv\/wp-json\/wp\/v2\/media?parent=87077"}],"wp:term":[{"taxonomy":"product_brand","embeddable":true,"href":"https:\/\/kidsplay.lt\/lv\/wp-json\/wp\/v2\/product_brand?post=87077"},{"taxonomy":"product_cat","embeddable":true,"href":"https:\/\/kidsplay.lt\/lv\/wp-json\/wp\/v2\/product_cat?post=87077"},{"taxonomy":"product_tag","embeddable":true,"href":"https:\/\/kidsplay.lt\/lv\/wp-json\/wp\/v2\/product_tag?post=87077"}],"curies":[{"name":"wp","href":"https:\/\/api.w.org\/{rel}","templated":true}]}}