{"id":87105,"date":"2026-02-24T20:07:53","date_gmt":"2026-02-24T18:07:53","guid":{"rendered":"https:\/\/kidsplay.lt\/produktas\/woopie-zalia-dezute-xxl-montessori-edukacine-6-viename-sensorine-dezute-7-8-men\/"},"modified":"2026-04-07T09:55:54","modified_gmt":"2026-04-07T06:55:54","slug":"woopie-zalia-dezute-xxl-montessori-edukacine-6-viename-sensorine-dezute-7-8-men","status":"publish","type":"product","link":"https:\/\/kidsplay.lt\/lv\/products\/woopie-zalia-dezute-xxl-montessori-edukacine-6-viename-sensorine-dezute-7-8-men\/","title":{"rendered":"WOOPIE \u017dALIA d\u0117\u017eut\u0117 XXL Montessori edukacin\u0117 6 viename sensorin\u0117 d\u0117\u017eut\u0117 7\u20138 m\u0117n."},"content":{"rendered":"<p>WOOPIE 6 viename edukacin\u0117 d\u0117\u017eut\u0117 \u2013 tai i\u0161samus Montessori sensorini\u0173 ir edukacini\u0173 \u017eaisl\u0173 rinkinys, sukurtas k\u016bdikiams nuo 7 iki 8 m\u0117nesi\u0173. \u0160i unikali d\u0117\u017eut\u0117 pilna u\u017eduo\u010di\u0173, kurios skatina sveik\u0105 vaiko psikomotorin\u012f vystym\u0105si. Rinkinys stimuliuoja visas poj\u016b\u010di\u0173 sritis \u2013 reg\u0105, lyt\u0117jim\u0105 ir klaus\u0105, taip pat lavina login\u012f m\u0105stym\u0105 ir rank\u0173 bei aki\u0173 koordinacij\u0105. I\u0161sami t\u0117v\u0173 instrukcija padeda lengvai supa\u017eindinti vaik\u0105 su kiekvienu \u017eaislu ir maksimaliai i\u0161naudoti rinkinio edukacin\u012f potencial\u0105.<br \/>\nCharakteristika:<\/p>\n<p>Vaikams nuo 7\u20138 m\u0117nesi\u0173<\/p>\n<p>6 \u017eaislai vienoje pakuot\u0117je<\/p>\n<p>Pagal Montessori metodik\u0105<\/p>\n<p>Skatina sensorin\u012f ir psikomotorin\u012f vystym\u0105si<\/p>\n<p>Saugios ir tvarios med\u017eiagos<\/p>\n<p>Rinkin\u012f sudaro:<\/p>\n<p>Medinis kiau\u0161inis su stoveliu<\/p>\n<p>Medin\u0117 daugiaspalv\u0117 \u017eaidim\u0173 d\u0117\u017eut\u0117 su 3 mediniais kamuoliukais<\/p>\n<p>10 paveiksl\u0117li\u0173 korteli\u0173 su 20 modeli\u0173 vardams ir objektams jungti<\/p>\n<p>8 mink\u0161ti guminiai sensoriniai blokai su gyv\u016bnais, geometrin\u0117mis fig\u016bromis formoms, skai\u010diams ir kt.<\/p>\n<p>Medin\u0117 knygel\u0117 su \u016bkiniais gyv\u016bnais<\/p>\n<p>Medinis bar\u0161ku\u010diu \u017eaislinis automobilis \u2013 E\u017eiukas<\/p>\n<p>Instrukcij\u0173 knygel\u0117<\/p>\n<p>\u017daislas lavina:<\/p>\n<p>Poj\u016b\u010di\u0173 stimuliacij\u0105: reg\u0105, lyt\u0117jim\u0105 ir klaus\u0105<\/p>\n<p>Rank\u0173 ir aki\u0173 koordinacij\u0105<\/p>\n<p>Login\u012f m\u0105stym\u0105<\/p>\n<p>Smulkiosios motorikos \u012fg\u016bd\u017eius (tikslum\u0105 valdant rank\u0105)<\/p>\n<p>Kalbos vystym\u0105si ir vizualin\u0119 atmint\u012f<\/p>","protected":false},"excerpt":{"rendered":"<p>WOOPIE 6 viename edukacin\u0117 d\u0117\u017eut\u0117 \u2013 tai i\u0161samus Montessori sensorini\u0173 ir edukacini\u0173 \u017eaisl\u0173 rinkinys, sukurtas k\u016bdikiams nuo 7 iki 8<\/p>","protected":false},"featured_media":87107,"template":"","meta":{"_acf_changed":false,"_glsr_average":0,"_glsr_ranking":0,"_glsr_reviews":0},"product_brand":[],"product_cat":[388,229],"product_tag":[],"class_list":{"0":"post-87105","1":"product","2":"type-product","3":"status-publish","4":"has-post-thumbnail","6":"product_cat-edukaciniai-lavinamieji-zaislai","7":"product_cat-zaislai-vaikams","8":"\"style=\"background-color: #2ecc711c;\"","10":"first","11":"instock","12":"purchasable","13":"product-type-simple"},"acf":[],"yoast_head":"<!-- This site is optimized with the Yoast SEO plugin v27.3 - https:\/\/yoast.com\/product\/yoast-seo-wordpress\/ -->\n<title>WOOPIE \u017dALIA d\u0117\u017eut\u0117 XXL Montessori edukacin\u0117 6 viename sensorin\u0117 d\u0117\u017eut\u0117 7\u20138 m\u0117n.<\/title>\n<meta name=\"description\" content=\"WOOPIE \u017dALIA d\u0117\u017eut\u0117 XXL Montessori edukacin\u0117 6 viename sensorin\u0117 d\u0117\u017eut\u0117 7\u20138 m\u0117n. - KidsPlay. Did\u017eiausias vaik\u0173 \u017eaisl\u0173 pasirinkimas.\" \/>\n<meta name=\"robots\" content=\"index, follow, max-snippet:-1, max-image-preview:large, max-video-preview:-1\" \/>\n<link rel=\"canonical\" href=\"https:\/\/kidsplay.lt\/lv\/products\/woopie-zalia-dezute-xxl-montessori-edukacine-6-viename-sensorine-dezute-7-8-men\/\" \/>\n<meta property=\"og:locale\" content=\"lv_LV\" \/>\n<meta property=\"og:type\" content=\"article\" \/>\n<meta property=\"og:title\" content=\"WOOPIE \u017dALIA d\u0117\u017eut\u0117 XXL Montessori edukacin\u0117 6 viename sensorin\u0117 d\u0117\u017eut\u0117 7\u20138 m\u0117n.\" \/>\n<meta property=\"og:description\" content=\"WOOPIE \u017dALIA d\u0117\u017eut\u0117 XXL Montessori edukacin\u0117 6 viename sensorin\u0117 d\u0117\u017eut\u0117 7\u20138 m\u0117n. - KidsPlay. Did\u017eiausias vaik\u0173 \u017eaisl\u0173 pasirinkimas.\" \/>\n<meta property=\"og:url\" content=\"https:\/\/kidsplay.lt\/lv\/products\/woopie-zalia-dezute-xxl-montessori-edukacine-6-viename-sensorine-dezute-7-8-men\/\" \/>\n<meta property=\"og:site_name\" content=\"KidsPlay\" \/>\n<meta property=\"article:publisher\" content=\"https:\/\/www.facebook.com\/www.kidsplay.lt\" \/>\n<meta property=\"article:modified_time\" content=\"2026-04-07T06:55:54+00:00\" \/>\n<meta property=\"og:image\" content=\"https:\/\/kidsplay.lt\/wp-content\/uploads\/2026\/02\/WOOPIE-ZALIA-dezute-XXL-Montessori-edukacine-6-viename-sensorine-dezute-7\u20138-men.jpg\" \/>\n\t<meta property=\"og:image:width\" content=\"1000\" \/>\n\t<meta property=\"og:image:height\" content=\"1000\" \/>\n\t<meta property=\"og:image:type\" content=\"image\/jpeg\" \/>\n<meta name=\"twitter:card\" content=\"summary_large_image\" \/>\n<meta name=\"twitter:label1\" content=\"Est. reading time\" \/>\n\t<meta name=\"twitter:data1\" content=\"1 min\u016bte\" \/>\n<script type=\"application\/ld+json\" class=\"yoast-schema-graph\">{\"@context\":\"https:\\\/\\\/schema.org\",\"@graph\":[{\"@type\":\"WebPage\",\"@id\":\"https:\\\/\\\/kidsplay.lt\\\/produktas\\\/woopie-zalia-dezute-xxl-montessori-edukacine-6-viename-sensorine-dezute-7-8-men\\\/\",\"url\":\"https:\\\/\\\/kidsplay.lt\\\/produktas\\\/woopie-zalia-dezute-xxl-montessori-edukacine-6-viename-sensorine-dezute-7-8-men\\\/\",\"name\":\"WOOPIE \u017dALIA d\u0117\u017eut\u0117 XXL Montessori edukacin\u0117 6 viename sensorin\u0117 d\u0117\u017eut\u0117 7\u20138 m\u0117n.\",\"isPartOf\":{\"@id\":\"https:\\\/\\\/kidsplay.lt\\\/#website\"},\"primaryImageOfPage\":{\"@id\":\"https:\\\/\\\/kidsplay.lt\\\/produktas\\\/woopie-zalia-dezute-xxl-montessori-edukacine-6-viename-sensorine-dezute-7-8-men\\\/#primaryimage\"},\"image\":{\"@id\":\"https:\\\/\\\/kidsplay.lt\\\/produktas\\\/woopie-zalia-dezute-xxl-montessori-edukacine-6-viename-sensorine-dezute-7-8-men\\\/#primaryimage\"},\"thumbnailUrl\":\"https:\\\/\\\/kidsplay.lt\\\/wp-content\\\/uploads\\\/2026\\\/02\\\/WOOPIE-ZALIA-dezute-XXL-Montessori-edukacine-6-viename-sensorine-dezute-7\u20138-men.jpg\",\"datePublished\":\"2026-02-24T18:07:53+00:00\",\"dateModified\":\"2026-04-07T06:55:54+00:00\",\"description\":\"WOOPIE \u017dALIA d\u0117\u017eut\u0117 XXL Montessori edukacin\u0117 6 viename sensorin\u0117 d\u0117\u017eut\u0117 7\u20138 m\u0117n. - KidsPlay. Did\u017eiausias vaik\u0173 \u017eaisl\u0173 pasirinkimas.\",\"breadcrumb\":{\"@id\":\"https:\\\/\\\/kidsplay.lt\\\/produktas\\\/woopie-zalia-dezute-xxl-montessori-edukacine-6-viename-sensorine-dezute-7-8-men\\\/#breadcrumb\"},\"inLanguage\":\"lv-LV\",\"potentialAction\":[{\"@type\":\"ReadAction\",\"target\":[\"https:\\\/\\\/kidsplay.lt\\\/produktas\\\/woopie-zalia-dezute-xxl-montessori-edukacine-6-viename-sensorine-dezute-7-8-men\\\/\"]}]},{\"@type\":\"ImageObject\",\"inLanguage\":\"lv-LV\",\"@id\":\"https:\\\/\\\/kidsplay.lt\\\/produktas\\\/woopie-zalia-dezute-xxl-montessori-edukacine-6-viename-sensorine-dezute-7-8-men\\\/#primaryimage\",\"url\":\"https:\\\/\\\/kidsplay.lt\\\/wp-content\\\/uploads\\\/2026\\\/02\\\/WOOPIE-ZALIA-dezute-XXL-Montessori-edukacine-6-viename-sensorine-dezute-7\u20138-men.jpg\",\"contentUrl\":\"https:\\\/\\\/kidsplay.lt\\\/wp-content\\\/uploads\\\/2026\\\/02\\\/WOOPIE-ZALIA-dezute-XXL-Montessori-edukacine-6-viename-sensorine-dezute-7\u20138-men.jpg\",\"width\":1000,\"height\":1000,\"caption\":\"WOOPIE \u017dALIA d\u0117\u017eut\u0117 XXL Montessori edukacin\u0117 6 viename sensorin\u0117 d\u0117\u017eut\u0117 7\u20138 m\u0117n.\"},{\"@type\":\"BreadcrumbList\",\"@id\":\"https:\\\/\\\/kidsplay.lt\\\/produktas\\\/woopie-zalia-dezute-xxl-montessori-edukacine-6-viename-sensorine-dezute-7-8-men\\\/#breadcrumb\",\"itemListElement\":[{\"@type\":\"ListItem\",\"position\":1,\"name\":\"Pagrindinis\",\"item\":\"https:\\\/\\\/kidsplay.lt\\\/\"},{\"@type\":\"ListItem\",\"position\":2,\"name\":\"Parduotuv\u0117\",\"item\":\"https:\\\/\\\/kidsplay.lt\\\/parduotuve\\\/\"},{\"@type\":\"ListItem\",\"position\":3,\"name\":\"WOOPIE \u017dALIA d\u0117\u017eut\u0117 XXL Montessori edukacin\u0117 6 viename sensorin\u0117 d\u0117\u017eut\u0117 7\u20138 m\u0117n.\"}]},{\"@type\":\"WebSite\",\"@id\":\"https:\\\/\\\/kidsplay.lt\\\/#website\",\"url\":\"https:\\\/\\\/kidsplay.lt\\\/\",\"name\":\"Kidsplay.lt\",\"description\":\"\u012evairios prek\u0117s vaikams\",\"publisher\":{\"@id\":\"https:\\\/\\\/kidsplay.lt\\\/#organization\"},\"alternateName\":\"Kidsplay\",\"potentialAction\":[{\"@type\":\"SearchAction\",\"target\":{\"@type\":\"EntryPoint\",\"urlTemplate\":\"https:\\\/\\\/kidsplay.lt\\\/?s={search_term_string}\"},\"query-input\":{\"@type\":\"PropertyValueSpecification\",\"valueRequired\":true,\"valueName\":\"search_term_string\"}}],\"inLanguage\":\"lv-LV\"},{\"@type\":\"Organization\",\"@id\":\"https:\\\/\\\/kidsplay.lt\\\/#organization\",\"name\":\"KidsPlay\",\"url\":\"https:\\\/\\\/kidsplay.lt\\\/\",\"logo\":{\"@type\":\"ImageObject\",\"inLanguage\":\"lv-LV\",\"@id\":\"https:\\\/\\\/kidsplay.lt\\\/#\\\/schema\\\/logo\\\/image\\\/\",\"url\":\"https:\\\/\\\/kidsplay.lt\\\/wp-content\\\/uploads\\\/2023\\\/07\\\/kidsplay-logo.png\",\"contentUrl\":\"https:\\\/\\\/kidsplay.lt\\\/wp-content\\\/uploads\\\/2023\\\/07\\\/kidsplay-logo.png\",\"width\":451,\"height\":98,\"caption\":\"KidsPlay\"},\"image\":{\"@id\":\"https:\\\/\\\/kidsplay.lt\\\/#\\\/schema\\\/logo\\\/image\\\/\"},\"sameAs\":[\"https:\\\/\\\/www.facebook.com\\\/www.kidsplay.lt\"]}]}<\/script>\n<!-- \/ Yoast SEO plugin. -->","yoast_head_json":{"title":"WOOPIE \u017dALIA d\u0117\u017eut\u0117 XXL Montessori edukacin\u0117 6 viename sensorin\u0117 d\u0117\u017eut\u0117 7\u20138 m\u0117n.","description":"WOOPIE \u017dALIA d\u0117\u017eut\u0117 XXL Montessori edukacin\u0117 6 viename sensorin\u0117 d\u0117\u017eut\u0117 7\u20138 m\u0117n. - KidsPlay. Did\u017eiausias vaik\u0173 \u017eaisl\u0173 pasirinkimas.","robots":{"index":"index","follow":"follow","max-snippet":"max-snippet:-1","max-image-preview":"max-image-preview:large","max-video-preview":"max-video-preview:-1"},"canonical":"https:\/\/kidsplay.lt\/lv\/products\/woopie-zalia-dezute-xxl-montessori-edukacine-6-viename-sensorine-dezute-7-8-men\/","og_locale":"lv_LV","og_type":"article","og_title":"WOOPIE \u017dALIA d\u0117\u017eut\u0117 XXL Montessori edukacin\u0117 6 viename sensorin\u0117 d\u0117\u017eut\u0117 7\u20138 m\u0117n.","og_description":"WOOPIE \u017dALIA d\u0117\u017eut\u0117 XXL Montessori edukacin\u0117 6 viename sensorin\u0117 d\u0117\u017eut\u0117 7\u20138 m\u0117n. - KidsPlay. Did\u017eiausias vaik\u0173 \u017eaisl\u0173 pasirinkimas.","og_url":"https:\/\/kidsplay.lt\/lv\/products\/woopie-zalia-dezute-xxl-montessori-edukacine-6-viename-sensorine-dezute-7-8-men\/","og_site_name":"KidsPlay","article_publisher":"https:\/\/www.facebook.com\/www.kidsplay.lt","article_modified_time":"2026-04-07T06:55:54+00:00","og_image":[{"width":1000,"height":1000,"url":"https:\/\/kidsplay.lt\/wp-content\/uploads\/2026\/02\/WOOPIE-ZALIA-dezute-XXL-Montessori-edukacine-6-viename-sensorine-dezute-7\u20138-men.jpg","type":"image\/jpeg"}],"twitter_card":"summary_large_image","twitter_misc":{"Est. reading time":"1 min\u016bte"},"schema":{"@context":"https:\/\/schema.org","@graph":[{"@type":"WebPage","@id":"https:\/\/kidsplay.lt\/produktas\/woopie-zalia-dezute-xxl-montessori-edukacine-6-viename-sensorine-dezute-7-8-men\/","url":"https:\/\/kidsplay.lt\/produktas\/woopie-zalia-dezute-xxl-montessori-edukacine-6-viename-sensorine-dezute-7-8-men\/","name":"WOOPIE \u017dALIA d\u0117\u017eut\u0117 XXL Montessori edukacin\u0117 6 viename sensorin\u0117 d\u0117\u017eut\u0117 7\u20138 m\u0117n.","isPartOf":{"@id":"https:\/\/kidsplay.lt\/#website"},"primaryImageOfPage":{"@id":"https:\/\/kidsplay.lt\/produktas\/woopie-zalia-dezute-xxl-montessori-edukacine-6-viename-sensorine-dezute-7-8-men\/#primaryimage"},"image":{"@id":"https:\/\/kidsplay.lt\/produktas\/woopie-zalia-dezute-xxl-montessori-edukacine-6-viename-sensorine-dezute-7-8-men\/#primaryimage"},"thumbnailUrl":"https:\/\/kidsplay.lt\/wp-content\/uploads\/2026\/02\/WOOPIE-ZALIA-dezute-XXL-Montessori-edukacine-6-viename-sensorine-dezute-7\u20138-men.jpg","datePublished":"2026-02-24T18:07:53+00:00","dateModified":"2026-04-07T06:55:54+00:00","description":"WOOPIE \u017dALIA d\u0117\u017eut\u0117 XXL Montessori edukacin\u0117 6 viename sensorin\u0117 d\u0117\u017eut\u0117 7\u20138 m\u0117n. - KidsPlay. Did\u017eiausias vaik\u0173 \u017eaisl\u0173 pasirinkimas.","breadcrumb":{"@id":"https:\/\/kidsplay.lt\/produktas\/woopie-zalia-dezute-xxl-montessori-edukacine-6-viename-sensorine-dezute-7-8-men\/#breadcrumb"},"inLanguage":"lv-LV","potentialAction":[{"@type":"ReadAction","target":["https:\/\/kidsplay.lt\/produktas\/woopie-zalia-dezute-xxl-montessori-edukacine-6-viename-sensorine-dezute-7-8-men\/"]}]},{"@type":"ImageObject","inLanguage":"lv-LV","@id":"https:\/\/kidsplay.lt\/produktas\/woopie-zalia-dezute-xxl-montessori-edukacine-6-viename-sensorine-dezute-7-8-men\/#primaryimage","url":"https:\/\/kidsplay.lt\/wp-content\/uploads\/2026\/02\/WOOPIE-ZALIA-dezute-XXL-Montessori-edukacine-6-viename-sensorine-dezute-7\u20138-men.jpg","contentUrl":"https:\/\/kidsplay.lt\/wp-content\/uploads\/2026\/02\/WOOPIE-ZALIA-dezute-XXL-Montessori-edukacine-6-viename-sensorine-dezute-7\u20138-men.jpg","width":1000,"height":1000,"caption":"WOOPIE \u017dALIA d\u0117\u017eut\u0117 XXL Montessori edukacin\u0117 6 viename sensorin\u0117 d\u0117\u017eut\u0117 7\u20138 m\u0117n."},{"@type":"BreadcrumbList","@id":"https:\/\/kidsplay.lt\/produktas\/woopie-zalia-dezute-xxl-montessori-edukacine-6-viename-sensorine-dezute-7-8-men\/#breadcrumb","itemListElement":[{"@type":"ListItem","position":1,"name":"Pagrindinis","item":"https:\/\/kidsplay.lt\/"},{"@type":"ListItem","position":2,"name":"Parduotuv\u0117","item":"https:\/\/kidsplay.lt\/parduotuve\/"},{"@type":"ListItem","position":3,"name":"WOOPIE \u017dALIA d\u0117\u017eut\u0117 XXL Montessori edukacin\u0117 6 viename sensorin\u0117 d\u0117\u017eut\u0117 7\u20138 m\u0117n."}]},{"@type":"WebSite","@id":"https:\/\/kidsplay.lt\/#website","url":"https:\/\/kidsplay.lt\/","name":"B\u0113rnu sp\u0113les.lv","description":"\u012evairios prek\u0117s vaikams","publisher":{"@id":"https:\/\/kidsplay.lt\/#organization"},"alternateName":"Kidsplay","potentialAction":[{"@type":"SearchAction","target":{"@type":"EntryPoint","urlTemplate":"https:\/\/kidsplay.lt\/?s={search_term_string}"},"query-input":{"@type":"PropertyValueSpecification","valueRequired":true,"valueName":"search_term_string"}}],"inLanguage":"lv-LV"},{"@type":"Organization","@id":"https:\/\/kidsplay.lt\/#organization","name":"B\u0113rnu sp\u0113le","url":"https:\/\/kidsplay.lt\/","logo":{"@type":"ImageObject","inLanguage":"lv-LV","@id":"https:\/\/kidsplay.lt\/#\/schema\/logo\/image\/","url":"https:\/\/kidsplay.lt\/wp-content\/uploads\/2023\/07\/kidsplay-logo.png","contentUrl":"https:\/\/kidsplay.lt\/wp-content\/uploads\/2023\/07\/kidsplay-logo.png","width":451,"height":98,"caption":"KidsPlay"},"image":{"@id":"https:\/\/kidsplay.lt\/#\/schema\/logo\/image\/"},"sameAs":["https:\/\/www.facebook.com\/www.kidsplay.lt"]}]}},"_links":{"self":[{"href":"https:\/\/kidsplay.lt\/lv\/wp-json\/wp\/v2\/product\/87105","targetHints":{"allow":["GET"]}}],"collection":[{"href":"https:\/\/kidsplay.lt\/lv\/wp-json\/wp\/v2\/product"}],"about":[{"href":"https:\/\/kidsplay.lt\/lv\/wp-json\/wp\/v2\/types\/product"}],"version-history":[{"count":1,"href":"https:\/\/kidsplay.lt\/lv\/wp-json\/wp\/v2\/product\/87105\/revisions"}],"predecessor-version":[{"id":87106,"href":"https:\/\/kidsplay.lt\/lv\/wp-json\/wp\/v2\/product\/87105\/revisions\/87106"}],"wp:featuredmedia":[{"embeddable":true,"href":"https:\/\/kidsplay.lt\/lv\/wp-json\/wp\/v2\/media\/87107"}],"wp:attachment":[{"href":"https:\/\/kidsplay.lt\/lv\/wp-json\/wp\/v2\/media?parent=87105"}],"wp:term":[{"taxonomy":"product_brand","embeddable":true,"href":"https:\/\/kidsplay.lt\/lv\/wp-json\/wp\/v2\/product_brand?post=87105"},{"taxonomy":"product_cat","embeddable":true,"href":"https:\/\/kidsplay.lt\/lv\/wp-json\/wp\/v2\/product_cat?post=87105"},{"taxonomy":"product_tag","embeddable":true,"href":"https:\/\/kidsplay.lt\/lv\/wp-json\/wp\/v2\/product_tag?post=87105"}],"curies":[{"name":"wp","href":"https:\/\/api.w.org\/{rel}","templated":true}]}}