{"id":87108,"date":"2026-02-24T20:07:58","date_gmt":"2026-02-24T18:07:58","guid":{"rendered":"https:\/\/kidsplay.lt\/produktas\/woopie-green-xxl-montessori-sensorinis-ir-edukacinis-rinkinys-7%e2%80%91in%e2%80%911-0-2men\/"},"modified":"2026-04-20T07:45:23","modified_gmt":"2026-04-20T04:45:23","slug":"woopie-green-xxl-montessori-sensorinis-ir-edukacinis-rinkinys-7-in-1-0-2men","status":"publish","type":"product","link":"https:\/\/kidsplay.lt\/lv\/products\/woopie-green-xxl-montessori-sensorinis-ir-edukacinis-rinkinys-7-in-1-0-2men\/","title":{"rendered":"WOOPIE GREEN XXL Montessori sensoriskais un izgl\u012btojo\u0161ais komplekts 7-in-1 0-2 m\u0113ne\u0161i"},"content":{"rendered":"<p>Atkl\u0101jiet WOOPIE GREEN izgl\u012btojo\u0161o kast\u012bti mazu\u013ciem no 0 l\u012bdz 2 m\u0113ne\u0161u vecumam \u2014 r\u016bp\u012bgi izstr\u0101d\u0101tu komplektu, kas pal\u012bdz\u0113s j\u016bsu mazajam iepaz\u012bt pasauli jau no pirmajiem dz\u012bves br\u012b\u017eiem. Iek\u0161pus\u0113 j\u016bs atrad\u012bsiet 6 sensorus un izgl\u012btojo\u0161us r\u012bkus, kas izstr\u0101d\u0101ti saska\u0146\u0101 ar Montessori principiem, lai maigi stimul\u0113tu j\u016bsu mazu\u013ca redzi, dzirdi, tausti un veicin\u0101tu pirm\u0101s psihomotor\u0101s prasmes.<\/p>\n<p>Komplekt\u0101 ietilpst ar\u012b vec\u0101ku ce\u013cvedis, kas pal\u012bdz\u0113s saprast, kad un k\u0101 iepaz\u012bstin\u0101t ar katru rota\u013clietu, lai vislab\u0101k veicin\u0101tu mazu\u013ca att\u012bst\u012bbu. T\u0101 ir lieliska d\u0101vana jaundzimu\u0161ajam vai jaunajai m\u0101mi\u0146ai \u2013 praktiska, est\u0113tiska un j\u0113gpilna.<\/p>\n<p>Raksturojums<\/p>\n<p> \tParedz\u0113ts z\u012bdai\u0146iem no 0 l\u012bdz 2 m\u0113ne\u0161iem<br \/>\n \tVien\u0101 kast\u0113 l\u012bdz pat 6 izgl\u012btojo\u0161\u0101m rota\u013cliet\u0101m<br \/>\n \tIzstr\u0101d\u0101ts saska\u0146\u0101 ar Montessori metodikas principiem<br \/>\n \tVeicina vesel\u012bgu psihomotorisko att\u012bst\u012bbu<br \/>\n \tIek\u013cauts vec\u0101ku ce\u013cvedis<br \/>\n \tLieliska d\u0101vana jaundzimu\u0161ajam vai jaunai m\u0101mi\u0146ai<\/p>\n<p>Komplekt\u0101 atrad\u012bsiet:<\/p>\n<p> \tKaruselis &quot;Nakts debesis&quot; - maigas zvaig\u017e\u0146u, m\u0113ness un m\u0101ko\u0146u fig\u016bras nomierina un att\u012bsta redzi<br \/>\n \tDivpus\u0113jas kontrastkartes \u2013 stiprina vizu\u0101lo fokusu un koncentr\u0113\u0161an\u0101s sp\u0113jas<br \/>\n \tKontrast\u0113jo\u0161a pl\u012b\u0161a bumba \u2013 veicina satver\u0161anu, motorikas prasmes un laiku uz v\u0113dera<br \/>\n \tSensorais trusis \u2013 iem\u012b\u013cota rota\u013clieta \u2013 sniedz dro\u0161\u012bbas saj\u016btu<br \/>\n \tMaiga kontrasta gr\u0101mata ar ska\u0146\u0101m \u2013 att\u012bsta redzi, dzirdi un smalko motoriku<br \/>\n \tKoka videi draudz\u012bga grabul\u012bte &quot;Za\u0137is&quot; - nomierina zobus n\u0101rstojo\u0161us mazu\u013cus un att\u012bsta taustes prasmes<br \/>\n \tKoka &quot;mazu\u013cu&quot; kluc\u012b\u0161i \u2014 lieliski piem\u0113roti fotogr\u0101fij\u0101m un istabas dekoram<\/p>\n<p>Lav\u012bnu komplekts<\/p>\n<p> \tRedze, dzirde un tauste<br \/>\n \tRoku-acu koordin\u0101cija<br \/>\n \tLo\u0123isk\u0101 dom\u0101\u0161ana un nov\u0113ro\u0161ana<br \/>\n \tSmalk\u0101s un rupj\u0101s motorikas prasmes<br \/>\n \tEmocion\u0101la saikne un dro\u0161\u012bbas saj\u016bta<\/p>","protected":false},"excerpt":{"rendered":"<p>Atrask WOOPIE GREEN edukacin\u0119 d\u0117\u017eut\u0119 0\u20132 m\u0117n. k\u016bdikiams \u2013 kruop\u0161\u010diai sudaryt\u0105 rinkin\u012f, kuris padeda ma\u017eyliui pa\u017einti pasaul\u012f nuo pirm\u0173j\u0173 gyvenimo<\/p>","protected":false},"featured_media":80540,"template":"","meta":{"_acf_changed":false,"_glsr_average":0,"_glsr_ranking":0,"_glsr_reviews":0},"product_brand":[],"product_cat":[396,229],"product_tag":[],"class_list":{"0":"post-87108","1":"product","2":"type-product","3":"status-publish","4":"has-post-thumbnail","6":"product_cat-kudikiu-zaislai-vaikams2","7":"product_cat-zaislai-vaikams","8":"\"style=\"background-color: #2ecc711c;\"","10":"first","11":"instock","12":"purchasable","13":"product-type-simple"},"acf":[],"yoast_head":"<!-- This site is optimized with the Yoast SEO plugin v27.4 - https:\/\/yoast.com\/product\/yoast-seo-wordpress\/ -->\n<title>WOOPIE GREEN XXL Montessori sensorinis ir edukacinis rinkinys 7\u2011in\u20111 0-2m\u0117n<\/title>\n<meta name=\"description\" content=\"WOOPIE GREEN XXL Montessori sensorinis ir edukacinis rinkinys 7\u2011in\u20111 0-2m\u0117n - KidsPlay. Did\u017eiausias vaik\u0173 \u017eaisl\u0173 pasirinkimas.\" \/>\n<meta name=\"robots\" content=\"index, follow, max-snippet:-1, max-image-preview:large, max-video-preview:-1\" \/>\n<link rel=\"canonical\" href=\"https:\/\/kidsplay.lt\/lv\/products\/woopie-green-xxl-montessori-sensorinis-ir-edukacinis-rinkinys-7-in-1-0-2men\/\" \/>\n<meta property=\"og:locale\" content=\"lv_LV\" \/>\n<meta property=\"og:type\" content=\"article\" \/>\n<meta property=\"og:title\" content=\"WOOPIE GREEN XXL Montessori sensorinis ir edukacinis rinkinys 7\u2011in\u20111 0-2m\u0117n\" \/>\n<meta property=\"og:description\" content=\"WOOPIE GREEN XXL Montessori sensorinis ir edukacinis rinkinys 7\u2011in\u20111 0-2m\u0117n - KidsPlay. Did\u017eiausias vaik\u0173 \u017eaisl\u0173 pasirinkimas.\" \/>\n<meta property=\"og:url\" content=\"https:\/\/kidsplay.lt\/lv\/products\/woopie-green-xxl-montessori-sensorinis-ir-edukacinis-rinkinys-7-in-1-0-2men\/\" \/>\n<meta property=\"og:site_name\" content=\"KidsPlay\" \/>\n<meta property=\"article:publisher\" content=\"https:\/\/www.facebook.com\/www.kidsplay.lt\" \/>\n<meta property=\"article:modified_time\" content=\"2026-04-20T04:45:23+00:00\" \/>\n<meta property=\"og:image\" content=\"https:\/\/kidsplay.lt\/wp-content\/uploads\/2025\/11\/WOOPIE-GREEN-Box-XXL-Montessori-Box-Educational-7in1-Sensorine-0-2-men.jpg\" \/>\n\t<meta property=\"og:image:width\" content=\"1000\" \/>\n\t<meta property=\"og:image:height\" content=\"1000\" \/>\n\t<meta property=\"og:image:type\" content=\"image\/jpeg\" \/>\n<meta name=\"twitter:card\" content=\"summary_large_image\" \/>\n<meta name=\"twitter:label1\" content=\"Est. reading time\" \/>\n\t<meta name=\"twitter:data1\" content=\"1 min\u016bte\" \/>\n<script type=\"application\/ld+json\" class=\"yoast-schema-graph\">{\"@context\":\"https:\\\/\\\/schema.org\",\"@graph\":[{\"@type\":\"WebPage\",\"@id\":\"https:\\\/\\\/kidsplay.lt\\\/produktas\\\/woopie-green-xxl-montessori-sensorinis-ir-edukacinis-rinkinys-7-in-1-0-2men\\\/\",\"url\":\"https:\\\/\\\/kidsplay.lt\\\/produktas\\\/woopie-green-xxl-montessori-sensorinis-ir-edukacinis-rinkinys-7-in-1-0-2men\\\/\",\"name\":\"WOOPIE GREEN XXL Montessori sensorinis ir edukacinis rinkinys 7\u2011in\u20111 0-2m\u0117n\",\"isPartOf\":{\"@id\":\"https:\\\/\\\/kidsplay.lt\\\/#website\"},\"primaryImageOfPage\":{\"@id\":\"https:\\\/\\\/kidsplay.lt\\\/produktas\\\/woopie-green-xxl-montessori-sensorinis-ir-edukacinis-rinkinys-7-in-1-0-2men\\\/#primaryimage\"},\"image\":{\"@id\":\"https:\\\/\\\/kidsplay.lt\\\/produktas\\\/woopie-green-xxl-montessori-sensorinis-ir-edukacinis-rinkinys-7-in-1-0-2men\\\/#primaryimage\"},\"thumbnailUrl\":\"https:\\\/\\\/kidsplay.lt\\\/wp-content\\\/uploads\\\/2025\\\/11\\\/WOOPIE-GREEN-Box-XXL-Montessori-Box-Educational-7in1-Sensorine-0-2-men.jpg\",\"datePublished\":\"2026-02-24T18:07:58+00:00\",\"dateModified\":\"2026-04-20T04:45:23+00:00\",\"description\":\"WOOPIE GREEN XXL Montessori sensorinis ir edukacinis rinkinys 7\u2011in\u20111 0-2m\u0117n - KidsPlay. Did\u017eiausias vaik\u0173 \u017eaisl\u0173 pasirinkimas.\",\"breadcrumb\":{\"@id\":\"https:\\\/\\\/kidsplay.lt\\\/produktas\\\/woopie-green-xxl-montessori-sensorinis-ir-edukacinis-rinkinys-7-in-1-0-2men\\\/#breadcrumb\"},\"inLanguage\":\"lv-LV\",\"potentialAction\":[{\"@type\":\"ReadAction\",\"target\":[\"https:\\\/\\\/kidsplay.lt\\\/produktas\\\/woopie-green-xxl-montessori-sensorinis-ir-edukacinis-rinkinys-7-in-1-0-2men\\\/\"]}]},{\"@type\":\"ImageObject\",\"inLanguage\":\"lv-LV\",\"@id\":\"https:\\\/\\\/kidsplay.lt\\\/produktas\\\/woopie-green-xxl-montessori-sensorinis-ir-edukacinis-rinkinys-7-in-1-0-2men\\\/#primaryimage\",\"url\":\"https:\\\/\\\/kidsplay.lt\\\/wp-content\\\/uploads\\\/2025\\\/11\\\/WOOPIE-GREEN-Box-XXL-Montessori-Box-Educational-7in1-Sensorine-0-2-men.jpg\",\"contentUrl\":\"https:\\\/\\\/kidsplay.lt\\\/wp-content\\\/uploads\\\/2025\\\/11\\\/WOOPIE-GREEN-Box-XXL-Montessori-Box-Educational-7in1-Sensorine-0-2-men.jpg\",\"width\":1000,\"height\":1000,\"caption\":\"WOOPIE GREEN XXL Montessori sensorinis ir edukacinis rinkinys 7\u2011in\u20111 0-2m\u0117n\"},{\"@type\":\"BreadcrumbList\",\"@id\":\"https:\\\/\\\/kidsplay.lt\\\/produktas\\\/woopie-green-xxl-montessori-sensorinis-ir-edukacinis-rinkinys-7-in-1-0-2men\\\/#breadcrumb\",\"itemListElement\":[{\"@type\":\"ListItem\",\"position\":1,\"name\":\"Pagrindinis\",\"item\":\"https:\\\/\\\/kidsplay.lt\\\/\"},{\"@type\":\"ListItem\",\"position\":2,\"name\":\"Parduotuv\u0117\",\"item\":\"https:\\\/\\\/kidsplay.lt\\\/parduotuve\\\/\"},{\"@type\":\"ListItem\",\"position\":3,\"name\":\"WOOPIE GREEN XXL Montessori sensorinis ir edukacinis rinkinys 7\u2011in\u20111 0-2m\u0117n\"}]},{\"@type\":\"WebSite\",\"@id\":\"https:\\\/\\\/kidsplay.lt\\\/#website\",\"url\":\"https:\\\/\\\/kidsplay.lt\\\/\",\"name\":\"Kidsplay.lt\",\"description\":\"\u012evairios prek\u0117s vaikams\",\"publisher\":{\"@id\":\"https:\\\/\\\/kidsplay.lt\\\/#organization\"},\"alternateName\":\"Kidsplay\",\"potentialAction\":[{\"@type\":\"SearchAction\",\"target\":{\"@type\":\"EntryPoint\",\"urlTemplate\":\"https:\\\/\\\/kidsplay.lt\\\/?s={search_term_string}\"},\"query-input\":{\"@type\":\"PropertyValueSpecification\",\"valueRequired\":true,\"valueName\":\"search_term_string\"}}],\"inLanguage\":\"lv-LV\"},{\"@type\":\"Organization\",\"@id\":\"https:\\\/\\\/kidsplay.lt\\\/#organization\",\"name\":\"KidsPlay\",\"url\":\"https:\\\/\\\/kidsplay.lt\\\/\",\"logo\":{\"@type\":\"ImageObject\",\"inLanguage\":\"lv-LV\",\"@id\":\"https:\\\/\\\/kidsplay.lt\\\/#\\\/schema\\\/logo\\\/image\\\/\",\"url\":\"https:\\\/\\\/kidsplay.lt\\\/wp-content\\\/uploads\\\/2023\\\/07\\\/kidsplay-logo.png\",\"contentUrl\":\"https:\\\/\\\/kidsplay.lt\\\/wp-content\\\/uploads\\\/2023\\\/07\\\/kidsplay-logo.png\",\"width\":451,\"height\":98,\"caption\":\"KidsPlay\"},\"image\":{\"@id\":\"https:\\\/\\\/kidsplay.lt\\\/#\\\/schema\\\/logo\\\/image\\\/\"},\"sameAs\":[\"https:\\\/\\\/www.facebook.com\\\/www.kidsplay.lt\"]}]}<\/script>\n<!-- \/ Yoast SEO plugin. -->","yoast_head_json":{"title":"WOOPIE GREEN XXL Montessori sensoriskais un izgl\u012btojo\u0161ais komplekts 7-in-1 0-2 m\u0113ne\u0161i","description":"WOOPIE GREEN XXL Montessori sensorinis ir edukacinis rinkinys 7\u2011in\u20111 0-2m\u0117n - KidsPlay. Did\u017eiausias vaik\u0173 \u017eaisl\u0173 pasirinkimas.","robots":{"index":"index","follow":"follow","max-snippet":"max-snippet:-1","max-image-preview":"max-image-preview:large","max-video-preview":"max-video-preview:-1"},"canonical":"https:\/\/kidsplay.lt\/lv\/products\/woopie-green-xxl-montessori-sensorinis-ir-edukacinis-rinkinys-7-in-1-0-2men\/","og_locale":"lv_LV","og_type":"article","og_title":"WOOPIE GREEN XXL Montessori sensorinis ir edukacinis rinkinys 7\u2011in\u20111 0-2m\u0117n","og_description":"WOOPIE GREEN XXL Montessori sensorinis ir edukacinis rinkinys 7\u2011in\u20111 0-2m\u0117n - KidsPlay. Did\u017eiausias vaik\u0173 \u017eaisl\u0173 pasirinkimas.","og_url":"https:\/\/kidsplay.lt\/lv\/products\/woopie-green-xxl-montessori-sensorinis-ir-edukacinis-rinkinys-7-in-1-0-2men\/","og_site_name":"KidsPlay","article_publisher":"https:\/\/www.facebook.com\/www.kidsplay.lt","article_modified_time":"2026-04-20T04:45:23+00:00","og_image":[{"width":1000,"height":1000,"url":"https:\/\/kidsplay.lt\/wp-content\/uploads\/2025\/11\/WOOPIE-GREEN-Box-XXL-Montessori-Box-Educational-7in1-Sensorine-0-2-men.jpg","type":"image\/jpeg"}],"twitter_card":"summary_large_image","twitter_misc":{"Est. reading time":"1 min\u016bte"},"schema":{"@context":"https:\/\/schema.org","@graph":[{"@type":"WebPage","@id":"https:\/\/kidsplay.lt\/produktas\/woopie-green-xxl-montessori-sensorinis-ir-edukacinis-rinkinys-7-in-1-0-2men\/","url":"https:\/\/kidsplay.lt\/produktas\/woopie-green-xxl-montessori-sensorinis-ir-edukacinis-rinkinys-7-in-1-0-2men\/","name":"WOOPIE GREEN XXL Montessori sensoriskais un izgl\u012btojo\u0161ais komplekts 7-in-1 0-2 m\u0113ne\u0161i","isPartOf":{"@id":"https:\/\/kidsplay.lt\/#website"},"primaryImageOfPage":{"@id":"https:\/\/kidsplay.lt\/produktas\/woopie-green-xxl-montessori-sensorinis-ir-edukacinis-rinkinys-7-in-1-0-2men\/#primaryimage"},"image":{"@id":"https:\/\/kidsplay.lt\/produktas\/woopie-green-xxl-montessori-sensorinis-ir-edukacinis-rinkinys-7-in-1-0-2men\/#primaryimage"},"thumbnailUrl":"https:\/\/kidsplay.lt\/wp-content\/uploads\/2025\/11\/WOOPIE-GREEN-Box-XXL-Montessori-Box-Educational-7in1-Sensorine-0-2-men.jpg","datePublished":"2026-02-24T18:07:58+00:00","dateModified":"2026-04-20T04:45:23+00:00","description":"WOOPIE GREEN XXL Montessori sensorinis ir edukacinis rinkinys 7\u2011in\u20111 0-2m\u0117n - KidsPlay. Did\u017eiausias vaik\u0173 \u017eaisl\u0173 pasirinkimas.","breadcrumb":{"@id":"https:\/\/kidsplay.lt\/produktas\/woopie-green-xxl-montessori-sensorinis-ir-edukacinis-rinkinys-7-in-1-0-2men\/#breadcrumb"},"inLanguage":"lv-LV","potentialAction":[{"@type":"ReadAction","target":["https:\/\/kidsplay.lt\/produktas\/woopie-green-xxl-montessori-sensorinis-ir-edukacinis-rinkinys-7-in-1-0-2men\/"]}]},{"@type":"ImageObject","inLanguage":"lv-LV","@id":"https:\/\/kidsplay.lt\/produktas\/woopie-green-xxl-montessori-sensorinis-ir-edukacinis-rinkinys-7-in-1-0-2men\/#primaryimage","url":"https:\/\/kidsplay.lt\/wp-content\/uploads\/2025\/11\/WOOPIE-GREEN-Box-XXL-Montessori-Box-Educational-7in1-Sensorine-0-2-men.jpg","contentUrl":"https:\/\/kidsplay.lt\/wp-content\/uploads\/2025\/11\/WOOPIE-GREEN-Box-XXL-Montessori-Box-Educational-7in1-Sensorine-0-2-men.jpg","width":1000,"height":1000,"caption":"WOOPIE GREEN XXL Montessori sensorinis ir edukacinis rinkinys 7\u2011in\u20111 0-2m\u0117n"},{"@type":"BreadcrumbList","@id":"https:\/\/kidsplay.lt\/produktas\/woopie-green-xxl-montessori-sensorinis-ir-edukacinis-rinkinys-7-in-1-0-2men\/#breadcrumb","itemListElement":[{"@type":"ListItem","position":1,"name":"Pagrindinis","item":"https:\/\/kidsplay.lt\/"},{"@type":"ListItem","position":2,"name":"Parduotuv\u0117","item":"https:\/\/kidsplay.lt\/parduotuve\/"},{"@type":"ListItem","position":3,"name":"WOOPIE GREEN XXL Montessori sensorinis ir edukacinis rinkinys 7\u2011in\u20111 0-2m\u0117n"}]},{"@type":"WebSite","@id":"https:\/\/kidsplay.lt\/#website","url":"https:\/\/kidsplay.lt\/","name":"B\u0113rnu sp\u0113les.lv","description":"\u012evairios prek\u0117s vaikams","publisher":{"@id":"https:\/\/kidsplay.lt\/#organization"},"alternateName":"Kidsplay","potentialAction":[{"@type":"SearchAction","target":{"@type":"EntryPoint","urlTemplate":"https:\/\/kidsplay.lt\/?s={search_term_string}"},"query-input":{"@type":"PropertyValueSpecification","valueRequired":true,"valueName":"search_term_string"}}],"inLanguage":"lv-LV"},{"@type":"Organization","@id":"https:\/\/kidsplay.lt\/#organization","name":"B\u0113rnu sp\u0113le","url":"https:\/\/kidsplay.lt\/","logo":{"@type":"ImageObject","inLanguage":"lv-LV","@id":"https:\/\/kidsplay.lt\/#\/schema\/logo\/image\/","url":"https:\/\/kidsplay.lt\/wp-content\/uploads\/2023\/07\/kidsplay-logo.png","contentUrl":"https:\/\/kidsplay.lt\/wp-content\/uploads\/2023\/07\/kidsplay-logo.png","width":451,"height":98,"caption":"KidsPlay"},"image":{"@id":"https:\/\/kidsplay.lt\/#\/schema\/logo\/image\/"},"sameAs":["https:\/\/www.facebook.com\/www.kidsplay.lt"]}]}},"_links":{"self":[{"href":"https:\/\/kidsplay.lt\/lv\/wp-json\/wp\/v2\/product\/87108","targetHints":{"allow":["GET"]}}],"collection":[{"href":"https:\/\/kidsplay.lt\/lv\/wp-json\/wp\/v2\/product"}],"about":[{"href":"https:\/\/kidsplay.lt\/lv\/wp-json\/wp\/v2\/types\/product"}],"version-history":[{"count":1,"href":"https:\/\/kidsplay.lt\/lv\/wp-json\/wp\/v2\/product\/87108\/revisions"}],"predecessor-version":[{"id":87109,"href":"https:\/\/kidsplay.lt\/lv\/wp-json\/wp\/v2\/product\/87108\/revisions\/87109"}],"wp:featuredmedia":[{"embeddable":true,"href":"https:\/\/kidsplay.lt\/lv\/wp-json\/wp\/v2\/media\/80540"}],"wp:attachment":[{"href":"https:\/\/kidsplay.lt\/lv\/wp-json\/wp\/v2\/media?parent=87108"}],"wp:term":[{"taxonomy":"product_brand","embeddable":true,"href":"https:\/\/kidsplay.lt\/lv\/wp-json\/wp\/v2\/product_brand?post=87108"},{"taxonomy":"product_cat","embeddable":true,"href":"https:\/\/kidsplay.lt\/lv\/wp-json\/wp\/v2\/product_cat?post=87108"},{"taxonomy":"product_tag","embeddable":true,"href":"https:\/\/kidsplay.lt\/lv\/wp-json\/wp\/v2\/product_tag?post=87108"}],"curies":[{"name":"wp","href":"https:\/\/api.w.org\/{rel}","templated":true}]}}