{"id":87136,"date":"2026-02-24T20:09:14","date_gmt":"2026-02-24T18:09:14","guid":{"rendered":"https:\/\/kidsplay.lt\/produktas\/woopie-royal-lele-emi-stilinga-princese-su-aksesuarais-29-cm\/"},"modified":"2026-04-07T09:56:36","modified_gmt":"2026-04-07T06:56:36","slug":"woopie-royal-lele-emi-stilinga-princese-su-aksesuarais-29-cm","status":"publish","type":"product","link":"https:\/\/kidsplay.lt\/lv\/products\/woopie-royal-lele-emi-stilinga-princese-su-aksesuarais-29-cm\/","title":{"rendered":"WOOPIE ROYAL L\u0117l\u0117 Emi \u2013 Stilinga Princes\u0117 su Aksesuarais (29 cm)"},"content":{"rendered":"<p>Atrask elegancij\u0105 ir \u017eaves\u012f su Emi \u2013 WOOPIE ROYAL kolekcijos princese, kuri su\u017eav\u0117s kiekvien\u0105 ma\u017e\u0105j\u0105 stilist\u0119. Emi vilki i\u0161skirtin\u0119, plat\u0117jan\u010di\u0105 suknel\u0119 su tiulio sluoksniu ir dekoratyvine kaspino detale, o jos ilgi, blizg\u016bs fioletiniai\u2013sidabriniai plaukai kvie\u010dia kurti \u012fvairias \u0161ukuosenas. Blizganti kar\u016bna ir subtil\u016bs aksesuarai suteikia l\u0117lei tikros karali\u0161kos damos \u012fvaizd\u012f.<\/p>\n<p>Tai puikus pasirinkimas vaikams, kurie m\u0117gsta mados pasaul\u012f, pasak\u0173 istorijas ir k\u016brybi\u0161k\u0105 \u017eaidim\u0105. Su Emi kiekviena diena gali tapti eleganti\u0161ka nuotyki\u0173 pilna pasaka.<\/p>\n<p>Raksturojums<\/p>\n<p> \tRekomenduojama vaikams nuo 3 met\u0173<br \/>\n \tL\u0117l\u0117s auk\u0161tis: apie 29 cm<br \/>\n \tStilinga \u017ealia suknel\u0117 su tiuliu ir dekoratyvine kaspino detale<br \/>\n \tIlgi, blizg\u016bs plaukai \u2013 puikiai tinka \u0161ukuoti ir kurti \u0161ukuosenas<br \/>\n \tJudan\u010dios gal\u016bn\u0117s \u2013 galima pastatyti \u012fvairiose pozose<br \/>\n \tEleganti\u0161kas, klasikinis dizainas ir kruop\u0161\u010diai apgalvotos detal\u0117s<\/p>\n<p>Komplekta saturs<\/p>\n<p> \tL\u0117l\u0117 Emily su eleganti\u0161ka \u017ealia suknele<br \/>\n \tMadingi aksesuarai: kar\u016bna, bateliai, g\u0117li\u0173 puok\u0161tel\u0117<\/p>","protected":false},"excerpt":{"rendered":"<p>Atrask elegancij\u0105 ir \u017eaves\u012f su Emi \u2013 WOOPIE ROYAL kolekcijos princese, kuri su\u017eav\u0117s kiekvien\u0105 ma\u017e\u0105j\u0105 stilist\u0119. Emi vilki i\u0161skirtin\u0119, plat\u0117jan\u010di\u0105<\/p>","protected":false},"featured_media":87138,"template":"","meta":{"_acf_changed":false,"_glsr_average":0,"_glsr_ranking":0,"_glsr_reviews":0},"product_brand":[],"product_cat":[443,229],"product_tag":[],"class_list":{"0":"post-87136","1":"product","2":"type-product","3":"status-publish","4":"has-post-thumbnail","6":"product_cat-leles-ir-priedai","7":"product_cat-zaislai-vaikams","8":"\"style=\"background-color: #2ecc711c;\"","10":"first","11":"instock","12":"purchasable","13":"product-type-simple"},"acf":[],"yoast_head":"<!-- This site is optimized with the Yoast SEO plugin v27.3 - https:\/\/yoast.com\/product\/yoast-seo-wordpress\/ -->\n<title>WOOPIE ROYAL L\u0117l\u0117 Emi \u2013 Stilinga Princes\u0117 su Aksesuarais (29 cm)<\/title>\n<meta name=\"description\" content=\"WOOPIE ROYAL L\u0117l\u0117 Emi \u2013 Stilinga Princes\u0117 su Aksesuarais (29 cm) - KidsPlay. Did\u017eiausias vaik\u0173 \u017eaisl\u0173 pasirinkimas.\" \/>\n<meta name=\"robots\" content=\"index, follow, max-snippet:-1, max-image-preview:large, max-video-preview:-1\" \/>\n<link rel=\"canonical\" href=\"https:\/\/kidsplay.lt\/lv\/products\/woopie-royal-lele-emi-stilinga-princese-su-aksesuarais-29-cm\/\" \/>\n<meta property=\"og:locale\" content=\"lv_LV\" \/>\n<meta property=\"og:type\" content=\"article\" \/>\n<meta property=\"og:title\" content=\"WOOPIE ROYAL L\u0117l\u0117 Emi \u2013 Stilinga Princes\u0117 su Aksesuarais (29 cm)\" \/>\n<meta property=\"og:description\" content=\"WOOPIE ROYAL L\u0117l\u0117 Emi \u2013 Stilinga Princes\u0117 su Aksesuarais (29 cm) - KidsPlay. Did\u017eiausias vaik\u0173 \u017eaisl\u0173 pasirinkimas.\" \/>\n<meta property=\"og:url\" content=\"https:\/\/kidsplay.lt\/lv\/products\/woopie-royal-lele-emi-stilinga-princese-su-aksesuarais-29-cm\/\" \/>\n<meta property=\"og:site_name\" content=\"KidsPlay\" \/>\n<meta property=\"article:publisher\" content=\"https:\/\/www.facebook.com\/www.kidsplay.lt\" \/>\n<meta property=\"article:modified_time\" content=\"2026-04-07T06:56:36+00:00\" \/>\n<meta property=\"og:image\" content=\"https:\/\/kidsplay.lt\/wp-content\/uploads\/2026\/02\/WOOPIE-ROYAL-Lele-Emi-\u2013-Stilinga-Princese-su-Aksesuarais-29-cm.jpg\" \/>\n\t<meta property=\"og:image:width\" content=\"1000\" \/>\n\t<meta property=\"og:image:height\" content=\"1000\" \/>\n\t<meta property=\"og:image:type\" content=\"image\/jpeg\" \/>\n<meta name=\"twitter:card\" content=\"summary_large_image\" \/>\n<meta name=\"twitter:label1\" content=\"Est. reading time\" \/>\n\t<meta name=\"twitter:data1\" content=\"1 min\u016bte\" \/>\n<script type=\"application\/ld+json\" class=\"yoast-schema-graph\">{\"@context\":\"https:\\\/\\\/schema.org\",\"@graph\":[{\"@type\":\"WebPage\",\"@id\":\"https:\\\/\\\/kidsplay.lt\\\/produktas\\\/woopie-royal-lele-emi-stilinga-princese-su-aksesuarais-29-cm\\\/\",\"url\":\"https:\\\/\\\/kidsplay.lt\\\/produktas\\\/woopie-royal-lele-emi-stilinga-princese-su-aksesuarais-29-cm\\\/\",\"name\":\"WOOPIE ROYAL L\u0117l\u0117 Emi \u2013 Stilinga Princes\u0117 su Aksesuarais (29 cm)\",\"isPartOf\":{\"@id\":\"https:\\\/\\\/kidsplay.lt\\\/#website\"},\"primaryImageOfPage\":{\"@id\":\"https:\\\/\\\/kidsplay.lt\\\/produktas\\\/woopie-royal-lele-emi-stilinga-princese-su-aksesuarais-29-cm\\\/#primaryimage\"},\"image\":{\"@id\":\"https:\\\/\\\/kidsplay.lt\\\/produktas\\\/woopie-royal-lele-emi-stilinga-princese-su-aksesuarais-29-cm\\\/#primaryimage\"},\"thumbnailUrl\":\"https:\\\/\\\/kidsplay.lt\\\/wp-content\\\/uploads\\\/2026\\\/02\\\/WOOPIE-ROYAL-Lele-Emi-\u2013-Stilinga-Princese-su-Aksesuarais-29-cm.jpg\",\"datePublished\":\"2026-02-24T18:09:14+00:00\",\"dateModified\":\"2026-04-07T06:56:36+00:00\",\"description\":\"WOOPIE ROYAL L\u0117l\u0117 Emi \u2013 Stilinga Princes\u0117 su Aksesuarais (29 cm) - KidsPlay. Did\u017eiausias vaik\u0173 \u017eaisl\u0173 pasirinkimas.\",\"breadcrumb\":{\"@id\":\"https:\\\/\\\/kidsplay.lt\\\/produktas\\\/woopie-royal-lele-emi-stilinga-princese-su-aksesuarais-29-cm\\\/#breadcrumb\"},\"inLanguage\":\"lv-LV\",\"potentialAction\":[{\"@type\":\"ReadAction\",\"target\":[\"https:\\\/\\\/kidsplay.lt\\\/produktas\\\/woopie-royal-lele-emi-stilinga-princese-su-aksesuarais-29-cm\\\/\"]}]},{\"@type\":\"ImageObject\",\"inLanguage\":\"lv-LV\",\"@id\":\"https:\\\/\\\/kidsplay.lt\\\/produktas\\\/woopie-royal-lele-emi-stilinga-princese-su-aksesuarais-29-cm\\\/#primaryimage\",\"url\":\"https:\\\/\\\/kidsplay.lt\\\/wp-content\\\/uploads\\\/2026\\\/02\\\/WOOPIE-ROYAL-Lele-Emi-\u2013-Stilinga-Princese-su-Aksesuarais-29-cm.jpg\",\"contentUrl\":\"https:\\\/\\\/kidsplay.lt\\\/wp-content\\\/uploads\\\/2026\\\/02\\\/WOOPIE-ROYAL-Lele-Emi-\u2013-Stilinga-Princese-su-Aksesuarais-29-cm.jpg\",\"width\":1000,\"height\":1000,\"caption\":\"WOOPIE ROYAL L\u0117l\u0117 Emi \u2013 Stilinga Princes\u0117 su Aksesuarais (29 cm)\"},{\"@type\":\"BreadcrumbList\",\"@id\":\"https:\\\/\\\/kidsplay.lt\\\/produktas\\\/woopie-royal-lele-emi-stilinga-princese-su-aksesuarais-29-cm\\\/#breadcrumb\",\"itemListElement\":[{\"@type\":\"ListItem\",\"position\":1,\"name\":\"Pagrindinis\",\"item\":\"https:\\\/\\\/kidsplay.lt\\\/\"},{\"@type\":\"ListItem\",\"position\":2,\"name\":\"Parduotuv\u0117\",\"item\":\"https:\\\/\\\/kidsplay.lt\\\/parduotuve\\\/\"},{\"@type\":\"ListItem\",\"position\":3,\"name\":\"WOOPIE ROYAL L\u0117l\u0117 Emi \u2013 Stilinga Princes\u0117 su Aksesuarais (29 cm)\"}]},{\"@type\":\"WebSite\",\"@id\":\"https:\\\/\\\/kidsplay.lt\\\/#website\",\"url\":\"https:\\\/\\\/kidsplay.lt\\\/\",\"name\":\"Kidsplay.lt\",\"description\":\"\u012evairios prek\u0117s vaikams\",\"publisher\":{\"@id\":\"https:\\\/\\\/kidsplay.lt\\\/#organization\"},\"alternateName\":\"Kidsplay\",\"potentialAction\":[{\"@type\":\"SearchAction\",\"target\":{\"@type\":\"EntryPoint\",\"urlTemplate\":\"https:\\\/\\\/kidsplay.lt\\\/?s={search_term_string}\"},\"query-input\":{\"@type\":\"PropertyValueSpecification\",\"valueRequired\":true,\"valueName\":\"search_term_string\"}}],\"inLanguage\":\"lv-LV\"},{\"@type\":\"Organization\",\"@id\":\"https:\\\/\\\/kidsplay.lt\\\/#organization\",\"name\":\"KidsPlay\",\"url\":\"https:\\\/\\\/kidsplay.lt\\\/\",\"logo\":{\"@type\":\"ImageObject\",\"inLanguage\":\"lv-LV\",\"@id\":\"https:\\\/\\\/kidsplay.lt\\\/#\\\/schema\\\/logo\\\/image\\\/\",\"url\":\"https:\\\/\\\/kidsplay.lt\\\/wp-content\\\/uploads\\\/2023\\\/07\\\/kidsplay-logo.png\",\"contentUrl\":\"https:\\\/\\\/kidsplay.lt\\\/wp-content\\\/uploads\\\/2023\\\/07\\\/kidsplay-logo.png\",\"width\":451,\"height\":98,\"caption\":\"KidsPlay\"},\"image\":{\"@id\":\"https:\\\/\\\/kidsplay.lt\\\/#\\\/schema\\\/logo\\\/image\\\/\"},\"sameAs\":[\"https:\\\/\\\/www.facebook.com\\\/www.kidsplay.lt\"]}]}<\/script>\n<!-- \/ Yoast SEO plugin. -->","yoast_head_json":{"title":"WOOPIE ROYAL L\u0117l\u0117 Emi \u2013 Stilinga Princes\u0117 su Aksesuarais (29 cm)","description":"WOOPIE ROYAL L\u0117l\u0117 Emi \u2013 Stilinga Princes\u0117 su Aksesuarais (29 cm) - KidsPlay. Did\u017eiausias vaik\u0173 \u017eaisl\u0173 pasirinkimas.","robots":{"index":"index","follow":"follow","max-snippet":"max-snippet:-1","max-image-preview":"max-image-preview:large","max-video-preview":"max-video-preview:-1"},"canonical":"https:\/\/kidsplay.lt\/lv\/products\/woopie-royal-lele-emi-stilinga-princese-su-aksesuarais-29-cm\/","og_locale":"lv_LV","og_type":"article","og_title":"WOOPIE ROYAL L\u0117l\u0117 Emi \u2013 Stilinga Princes\u0117 su Aksesuarais (29 cm)","og_description":"WOOPIE ROYAL L\u0117l\u0117 Emi \u2013 Stilinga Princes\u0117 su Aksesuarais (29 cm) - KidsPlay. Did\u017eiausias vaik\u0173 \u017eaisl\u0173 pasirinkimas.","og_url":"https:\/\/kidsplay.lt\/lv\/products\/woopie-royal-lele-emi-stilinga-princese-su-aksesuarais-29-cm\/","og_site_name":"KidsPlay","article_publisher":"https:\/\/www.facebook.com\/www.kidsplay.lt","article_modified_time":"2026-04-07T06:56:36+00:00","og_image":[{"width":1000,"height":1000,"url":"https:\/\/kidsplay.lt\/wp-content\/uploads\/2026\/02\/WOOPIE-ROYAL-Lele-Emi-\u2013-Stilinga-Princese-su-Aksesuarais-29-cm.jpg","type":"image\/jpeg"}],"twitter_card":"summary_large_image","twitter_misc":{"Est. reading time":"1 min\u016bte"},"schema":{"@context":"https:\/\/schema.org","@graph":[{"@type":"WebPage","@id":"https:\/\/kidsplay.lt\/produktas\/woopie-royal-lele-emi-stilinga-princese-su-aksesuarais-29-cm\/","url":"https:\/\/kidsplay.lt\/produktas\/woopie-royal-lele-emi-stilinga-princese-su-aksesuarais-29-cm\/","name":"WOOPIE ROYAL L\u0117l\u0117 Emi \u2013 Stilinga Princes\u0117 su Aksesuarais (29 cm)","isPartOf":{"@id":"https:\/\/kidsplay.lt\/#website"},"primaryImageOfPage":{"@id":"https:\/\/kidsplay.lt\/produktas\/woopie-royal-lele-emi-stilinga-princese-su-aksesuarais-29-cm\/#primaryimage"},"image":{"@id":"https:\/\/kidsplay.lt\/produktas\/woopie-royal-lele-emi-stilinga-princese-su-aksesuarais-29-cm\/#primaryimage"},"thumbnailUrl":"https:\/\/kidsplay.lt\/wp-content\/uploads\/2026\/02\/WOOPIE-ROYAL-Lele-Emi-\u2013-Stilinga-Princese-su-Aksesuarais-29-cm.jpg","datePublished":"2026-02-24T18:09:14+00:00","dateModified":"2026-04-07T06:56:36+00:00","description":"WOOPIE ROYAL L\u0117l\u0117 Emi \u2013 Stilinga Princes\u0117 su Aksesuarais (29 cm) - KidsPlay. Did\u017eiausias vaik\u0173 \u017eaisl\u0173 pasirinkimas.","breadcrumb":{"@id":"https:\/\/kidsplay.lt\/produktas\/woopie-royal-lele-emi-stilinga-princese-su-aksesuarais-29-cm\/#breadcrumb"},"inLanguage":"lv-LV","potentialAction":[{"@type":"ReadAction","target":["https:\/\/kidsplay.lt\/produktas\/woopie-royal-lele-emi-stilinga-princese-su-aksesuarais-29-cm\/"]}]},{"@type":"ImageObject","inLanguage":"lv-LV","@id":"https:\/\/kidsplay.lt\/produktas\/woopie-royal-lele-emi-stilinga-princese-su-aksesuarais-29-cm\/#primaryimage","url":"https:\/\/kidsplay.lt\/wp-content\/uploads\/2026\/02\/WOOPIE-ROYAL-Lele-Emi-\u2013-Stilinga-Princese-su-Aksesuarais-29-cm.jpg","contentUrl":"https:\/\/kidsplay.lt\/wp-content\/uploads\/2026\/02\/WOOPIE-ROYAL-Lele-Emi-\u2013-Stilinga-Princese-su-Aksesuarais-29-cm.jpg","width":1000,"height":1000,"caption":"WOOPIE ROYAL L\u0117l\u0117 Emi \u2013 Stilinga Princes\u0117 su Aksesuarais (29 cm)"},{"@type":"BreadcrumbList","@id":"https:\/\/kidsplay.lt\/produktas\/woopie-royal-lele-emi-stilinga-princese-su-aksesuarais-29-cm\/#breadcrumb","itemListElement":[{"@type":"ListItem","position":1,"name":"Pagrindinis","item":"https:\/\/kidsplay.lt\/"},{"@type":"ListItem","position":2,"name":"Parduotuv\u0117","item":"https:\/\/kidsplay.lt\/parduotuve\/"},{"@type":"ListItem","position":3,"name":"WOOPIE ROYAL L\u0117l\u0117 Emi \u2013 Stilinga Princes\u0117 su Aksesuarais (29 cm)"}]},{"@type":"WebSite","@id":"https:\/\/kidsplay.lt\/#website","url":"https:\/\/kidsplay.lt\/","name":"B\u0113rnu sp\u0113les.lv","description":"\u012evairios prek\u0117s vaikams","publisher":{"@id":"https:\/\/kidsplay.lt\/#organization"},"alternateName":"Kidsplay","potentialAction":[{"@type":"SearchAction","target":{"@type":"EntryPoint","urlTemplate":"https:\/\/kidsplay.lt\/?s={search_term_string}"},"query-input":{"@type":"PropertyValueSpecification","valueRequired":true,"valueName":"search_term_string"}}],"inLanguage":"lv-LV"},{"@type":"Organization","@id":"https:\/\/kidsplay.lt\/#organization","name":"B\u0113rnu sp\u0113le","url":"https:\/\/kidsplay.lt\/","logo":{"@type":"ImageObject","inLanguage":"lv-LV","@id":"https:\/\/kidsplay.lt\/#\/schema\/logo\/image\/","url":"https:\/\/kidsplay.lt\/wp-content\/uploads\/2023\/07\/kidsplay-logo.png","contentUrl":"https:\/\/kidsplay.lt\/wp-content\/uploads\/2023\/07\/kidsplay-logo.png","width":451,"height":98,"caption":"KidsPlay"},"image":{"@id":"https:\/\/kidsplay.lt\/#\/schema\/logo\/image\/"},"sameAs":["https:\/\/www.facebook.com\/www.kidsplay.lt"]}]}},"_links":{"self":[{"href":"https:\/\/kidsplay.lt\/lv\/wp-json\/wp\/v2\/product\/87136","targetHints":{"allow":["GET"]}}],"collection":[{"href":"https:\/\/kidsplay.lt\/lv\/wp-json\/wp\/v2\/product"}],"about":[{"href":"https:\/\/kidsplay.lt\/lv\/wp-json\/wp\/v2\/types\/product"}],"version-history":[{"count":1,"href":"https:\/\/kidsplay.lt\/lv\/wp-json\/wp\/v2\/product\/87136\/revisions"}],"predecessor-version":[{"id":87137,"href":"https:\/\/kidsplay.lt\/lv\/wp-json\/wp\/v2\/product\/87136\/revisions\/87137"}],"wp:featuredmedia":[{"embeddable":true,"href":"https:\/\/kidsplay.lt\/lv\/wp-json\/wp\/v2\/media\/87138"}],"wp:attachment":[{"href":"https:\/\/kidsplay.lt\/lv\/wp-json\/wp\/v2\/media?parent=87136"}],"wp:term":[{"taxonomy":"product_brand","embeddable":true,"href":"https:\/\/kidsplay.lt\/lv\/wp-json\/wp\/v2\/product_brand?post=87136"},{"taxonomy":"product_cat","embeddable":true,"href":"https:\/\/kidsplay.lt\/lv\/wp-json\/wp\/v2\/product_cat?post=87136"},{"taxonomy":"product_tag","embeddable":true,"href":"https:\/\/kidsplay.lt\/lv\/wp-json\/wp\/v2\/product_tag?post=87136"}],"curies":[{"name":"wp","href":"https:\/\/api.w.org\/{rel}","templated":true}]}}