{"id":87146,"date":"2026-02-24T20:09:37","date_gmt":"2026-02-24T18:09:37","guid":{"rendered":"https:\/\/kidsplay.lt\/produktas\/woopie-royal-lele-emi-su-roziniu-meskucio-kostiumu\/"},"modified":"2026-04-13T14:18:07","modified_gmt":"2026-04-13T11:18:07","slug":"woopie-royal-lele-emi-su-roziniu-meskucio-kostiumu","status":"publish","type":"product","link":"https:\/\/kidsplay.lt\/lv\/products\/woopie-royal-lele-emi-su-roziniu-meskucio-kostiumu\/","title":{"rendered":"WOOPIE ROYAL lelle Emi ar roz\u0101 rota\u013cu l\u0101c\u012b\u0161a kost\u012bmu"},"content":{"rendered":"<p>Susipa\u017eink su \u017eavia Emi \u2013 WOOPIE ROYAL kolekcijos l\u0117le, kuri su\u017eav\u0117s savo mink\u0161tu, ro\u017einiu, gyv\u016bn\u0117lio stiliaus kostiumu. \u0160is \u0161iltas ir p\u016bkuotas kombinezonas su kapi\u0161onu suteikia l\u0117lei i\u0161skirtin\u012f jaukum\u0105 ir \u017eaisming\u0105 charakter\u012f. Emi puikiai tinka tiek k\u016brybi\u0161kiems vaidmen\u0173 \u017eaidimams, tiek \u0161velniems prisiglaudimams prie\u0161 mieg\u0105.<\/p>\n<p>Auk\u0161tos kokyb\u0117s med\u017eiagos, kruop\u0161\u010diai apgalvotos detal\u0117s ir \u0161ukuoti tinkami plaukai paver\u010dia j\u0105 mylima drauge kiekvienai ma\u017eajai stilistei.<\/p>\n<p>Raksturojums<\/p>\n<p> \tRekomenduojama vaikams nuo 3 met\u0173<br \/>\n \tL\u0117l\u0117s auk\u0161tis: apie 29 cm<br \/>\n \tMink\u0161tas, p\u016bkuotas ro\u017einis kostiumas su gyv\u016bn\u0117lio kapi\u0161onu<br \/>\n \tJudan\u010dios gal\u016bn\u0117s \u2013 galima pastatyti \u012fvairiose pozose<br \/>\n \tPuikiai tinka \u017eaidimams, stilizavimui ir kolekcionavimui<br \/>\n \tPagaminta i\u0161 saugi\u0173, vaikams draugi\u0161k\u0173 med\u017eiag\u0173<\/p>\n<p>Komplekta saturs<\/p>\n<p> \tL\u0117l\u0117 Emily su ro\u017einiu p\u016bkuotu kostiumu<br \/>\n \tPlauk\u0173 \u0161ukos \u0161ukuosenoms kurti<\/p>","protected":false},"excerpt":{"rendered":"<p>Susipa\u017eink su \u017eavia Emi \u2013 WOOPIE ROYAL kolekcijos l\u0117le, kuri su\u017eav\u0117s savo mink\u0161tu, ro\u017einiu, gyv\u016bn\u0117lio stiliaus kostiumu. \u0160is \u0161iltas ir<\/p>","protected":false},"featured_media":87148,"template":"","meta":{"_acf_changed":false,"_glsr_average":0,"_glsr_ranking":0,"_glsr_reviews":0},"product_brand":[],"product_cat":[443,229],"product_tag":[],"class_list":{"0":"post-87146","1":"product","2":"type-product","3":"status-publish","4":"has-post-thumbnail","6":"product_cat-leles-ir-priedai","7":"product_cat-zaislai-vaikams","8":"\"style=\"background-color: #2ecc711c;\"","10":"first","11":"instock","12":"purchasable","13":"product-type-simple"},"acf":[],"yoast_head":"<!-- This site is optimized with the Yoast SEO plugin v27.3 - https:\/\/yoast.com\/product\/yoast-seo-wordpress\/ -->\n<title>WOOPIE ROYAL L\u0117l\u0117 Emi su Ro\u017einiu Me\u0161ku\u010dio Kostiumu<\/title>\n<meta name=\"description\" content=\"WOOPIE ROYAL L\u0117l\u0117 Emi su Ro\u017einiu Me\u0161ku\u010dio Kostiumu - KidsPlay. Did\u017eiausias vaik\u0173 \u017eaisl\u0173 pasirinkimas.\" \/>\n<meta name=\"robots\" content=\"index, follow, max-snippet:-1, max-image-preview:large, max-video-preview:-1\" \/>\n<link rel=\"canonical\" href=\"https:\/\/kidsplay.lt\/lv\/products\/woopie-royal-lele-emi-su-roziniu-meskucio-kostiumu\/\" \/>\n<meta property=\"og:locale\" content=\"lv_LV\" \/>\n<meta property=\"og:type\" content=\"article\" \/>\n<meta property=\"og:title\" content=\"WOOPIE ROYAL L\u0117l\u0117 Emi su Ro\u017einiu Me\u0161ku\u010dio Kostiumu\" \/>\n<meta property=\"og:description\" content=\"WOOPIE ROYAL L\u0117l\u0117 Emi su Ro\u017einiu Me\u0161ku\u010dio Kostiumu - KidsPlay. Did\u017eiausias vaik\u0173 \u017eaisl\u0173 pasirinkimas.\" \/>\n<meta property=\"og:url\" content=\"https:\/\/kidsplay.lt\/lv\/products\/woopie-royal-lele-emi-su-roziniu-meskucio-kostiumu\/\" \/>\n<meta property=\"og:site_name\" content=\"KidsPlay\" \/>\n<meta property=\"article:publisher\" content=\"https:\/\/www.facebook.com\/www.kidsplay.lt\" \/>\n<meta property=\"article:modified_time\" content=\"2026-04-13T11:18:07+00:00\" \/>\n<meta property=\"og:image\" content=\"https:\/\/kidsplay.lt\/wp-content\/uploads\/2026\/02\/WOOPIE-ROYAL-Lele-Emi-su-Roziniu-Meskucio-Kostiumu.jpg\" \/>\n\t<meta property=\"og:image:width\" content=\"1000\" \/>\n\t<meta property=\"og:image:height\" content=\"1000\" \/>\n\t<meta property=\"og:image:type\" content=\"image\/jpeg\" \/>\n<meta name=\"twitter:card\" content=\"summary_large_image\" \/>\n<meta name=\"twitter:label1\" content=\"Est. reading time\" \/>\n\t<meta name=\"twitter:data1\" content=\"1 min\u016bte\" \/>\n<script type=\"application\/ld+json\" class=\"yoast-schema-graph\">{\"@context\":\"https:\\\/\\\/schema.org\",\"@graph\":[{\"@type\":\"WebPage\",\"@id\":\"https:\\\/\\\/kidsplay.lt\\\/produktas\\\/woopie-royal-lele-emi-su-roziniu-meskucio-kostiumu\\\/\",\"url\":\"https:\\\/\\\/kidsplay.lt\\\/produktas\\\/woopie-royal-lele-emi-su-roziniu-meskucio-kostiumu\\\/\",\"name\":\"WOOPIE ROYAL L\u0117l\u0117 Emi su Ro\u017einiu Me\u0161ku\u010dio Kostiumu\",\"isPartOf\":{\"@id\":\"https:\\\/\\\/kidsplay.lt\\\/#website\"},\"primaryImageOfPage\":{\"@id\":\"https:\\\/\\\/kidsplay.lt\\\/produktas\\\/woopie-royal-lele-emi-su-roziniu-meskucio-kostiumu\\\/#primaryimage\"},\"image\":{\"@id\":\"https:\\\/\\\/kidsplay.lt\\\/produktas\\\/woopie-royal-lele-emi-su-roziniu-meskucio-kostiumu\\\/#primaryimage\"},\"thumbnailUrl\":\"https:\\\/\\\/kidsplay.lt\\\/wp-content\\\/uploads\\\/2026\\\/02\\\/WOOPIE-ROYAL-Lele-Emi-su-Roziniu-Meskucio-Kostiumu.jpg\",\"datePublished\":\"2026-02-24T18:09:37+00:00\",\"dateModified\":\"2026-04-13T11:18:07+00:00\",\"description\":\"WOOPIE ROYAL L\u0117l\u0117 Emi su Ro\u017einiu Me\u0161ku\u010dio Kostiumu - KidsPlay. Did\u017eiausias vaik\u0173 \u017eaisl\u0173 pasirinkimas.\",\"breadcrumb\":{\"@id\":\"https:\\\/\\\/kidsplay.lt\\\/produktas\\\/woopie-royal-lele-emi-su-roziniu-meskucio-kostiumu\\\/#breadcrumb\"},\"inLanguage\":\"lv-LV\",\"potentialAction\":[{\"@type\":\"ReadAction\",\"target\":[\"https:\\\/\\\/kidsplay.lt\\\/produktas\\\/woopie-royal-lele-emi-su-roziniu-meskucio-kostiumu\\\/\"]}]},{\"@type\":\"ImageObject\",\"inLanguage\":\"lv-LV\",\"@id\":\"https:\\\/\\\/kidsplay.lt\\\/produktas\\\/woopie-royal-lele-emi-su-roziniu-meskucio-kostiumu\\\/#primaryimage\",\"url\":\"https:\\\/\\\/kidsplay.lt\\\/wp-content\\\/uploads\\\/2026\\\/02\\\/WOOPIE-ROYAL-Lele-Emi-su-Roziniu-Meskucio-Kostiumu.jpg\",\"contentUrl\":\"https:\\\/\\\/kidsplay.lt\\\/wp-content\\\/uploads\\\/2026\\\/02\\\/WOOPIE-ROYAL-Lele-Emi-su-Roziniu-Meskucio-Kostiumu.jpg\",\"width\":1000,\"height\":1000,\"caption\":\"WOOPIE ROYAL L\u0117l\u0117 Emi su Ro\u017einiu Me\u0161ku\u010dio Kostiumu\"},{\"@type\":\"BreadcrumbList\",\"@id\":\"https:\\\/\\\/kidsplay.lt\\\/produktas\\\/woopie-royal-lele-emi-su-roziniu-meskucio-kostiumu\\\/#breadcrumb\",\"itemListElement\":[{\"@type\":\"ListItem\",\"position\":1,\"name\":\"Pagrindinis\",\"item\":\"https:\\\/\\\/kidsplay.lt\\\/\"},{\"@type\":\"ListItem\",\"position\":2,\"name\":\"Parduotuv\u0117\",\"item\":\"https:\\\/\\\/kidsplay.lt\\\/parduotuve\\\/\"},{\"@type\":\"ListItem\",\"position\":3,\"name\":\"WOOPIE ROYAL L\u0117l\u0117 Emi su Ro\u017einiu Me\u0161ku\u010dio Kostiumu\"}]},{\"@type\":\"WebSite\",\"@id\":\"https:\\\/\\\/kidsplay.lt\\\/#website\",\"url\":\"https:\\\/\\\/kidsplay.lt\\\/\",\"name\":\"Kidsplay.lt\",\"description\":\"\u012evairios prek\u0117s vaikams\",\"publisher\":{\"@id\":\"https:\\\/\\\/kidsplay.lt\\\/#organization\"},\"alternateName\":\"Kidsplay\",\"potentialAction\":[{\"@type\":\"SearchAction\",\"target\":{\"@type\":\"EntryPoint\",\"urlTemplate\":\"https:\\\/\\\/kidsplay.lt\\\/?s={search_term_string}\"},\"query-input\":{\"@type\":\"PropertyValueSpecification\",\"valueRequired\":true,\"valueName\":\"search_term_string\"}}],\"inLanguage\":\"lv-LV\"},{\"@type\":\"Organization\",\"@id\":\"https:\\\/\\\/kidsplay.lt\\\/#organization\",\"name\":\"KidsPlay\",\"url\":\"https:\\\/\\\/kidsplay.lt\\\/\",\"logo\":{\"@type\":\"ImageObject\",\"inLanguage\":\"lv-LV\",\"@id\":\"https:\\\/\\\/kidsplay.lt\\\/#\\\/schema\\\/logo\\\/image\\\/\",\"url\":\"https:\\\/\\\/kidsplay.lt\\\/wp-content\\\/uploads\\\/2023\\\/07\\\/kidsplay-logo.png\",\"contentUrl\":\"https:\\\/\\\/kidsplay.lt\\\/wp-content\\\/uploads\\\/2023\\\/07\\\/kidsplay-logo.png\",\"width\":451,\"height\":98,\"caption\":\"KidsPlay\"},\"image\":{\"@id\":\"https:\\\/\\\/kidsplay.lt\\\/#\\\/schema\\\/logo\\\/image\\\/\"},\"sameAs\":[\"https:\\\/\\\/www.facebook.com\\\/www.kidsplay.lt\"]}]}<\/script>\n<!-- \/ Yoast SEO plugin. -->","yoast_head_json":{"title":"WOOPIE ROYAL lelle Emi ar roz\u0101 rota\u013cu l\u0101c\u012b\u0161a kost\u012bmu","description":"WOOPIE ROYAL L\u0117l\u0117 Emi su Ro\u017einiu Me\u0161ku\u010dio Kostiumu - KidsPlay. Did\u017eiausias vaik\u0173 \u017eaisl\u0173 pasirinkimas.","robots":{"index":"index","follow":"follow","max-snippet":"max-snippet:-1","max-image-preview":"max-image-preview:large","max-video-preview":"max-video-preview:-1"},"canonical":"https:\/\/kidsplay.lt\/lv\/products\/woopie-royal-lele-emi-su-roziniu-meskucio-kostiumu\/","og_locale":"lv_LV","og_type":"article","og_title":"WOOPIE ROYAL L\u0117l\u0117 Emi su Ro\u017einiu Me\u0161ku\u010dio Kostiumu","og_description":"WOOPIE ROYAL L\u0117l\u0117 Emi su Ro\u017einiu Me\u0161ku\u010dio Kostiumu - KidsPlay. Did\u017eiausias vaik\u0173 \u017eaisl\u0173 pasirinkimas.","og_url":"https:\/\/kidsplay.lt\/lv\/products\/woopie-royal-lele-emi-su-roziniu-meskucio-kostiumu\/","og_site_name":"KidsPlay","article_publisher":"https:\/\/www.facebook.com\/www.kidsplay.lt","article_modified_time":"2026-04-13T11:18:07+00:00","og_image":[{"width":1000,"height":1000,"url":"https:\/\/kidsplay.lt\/wp-content\/uploads\/2026\/02\/WOOPIE-ROYAL-Lele-Emi-su-Roziniu-Meskucio-Kostiumu.jpg","type":"image\/jpeg"}],"twitter_card":"summary_large_image","twitter_misc":{"Est. reading time":"1 min\u016bte"},"schema":{"@context":"https:\/\/schema.org","@graph":[{"@type":"WebPage","@id":"https:\/\/kidsplay.lt\/produktas\/woopie-royal-lele-emi-su-roziniu-meskucio-kostiumu\/","url":"https:\/\/kidsplay.lt\/produktas\/woopie-royal-lele-emi-su-roziniu-meskucio-kostiumu\/","name":"WOOPIE ROYAL lelle Emi ar roz\u0101 rota\u013cu l\u0101c\u012b\u0161a kost\u012bmu","isPartOf":{"@id":"https:\/\/kidsplay.lt\/#website"},"primaryImageOfPage":{"@id":"https:\/\/kidsplay.lt\/produktas\/woopie-royal-lele-emi-su-roziniu-meskucio-kostiumu\/#primaryimage"},"image":{"@id":"https:\/\/kidsplay.lt\/produktas\/woopie-royal-lele-emi-su-roziniu-meskucio-kostiumu\/#primaryimage"},"thumbnailUrl":"https:\/\/kidsplay.lt\/wp-content\/uploads\/2026\/02\/WOOPIE-ROYAL-Lele-Emi-su-Roziniu-Meskucio-Kostiumu.jpg","datePublished":"2026-02-24T18:09:37+00:00","dateModified":"2026-04-13T11:18:07+00:00","description":"WOOPIE ROYAL L\u0117l\u0117 Emi su Ro\u017einiu Me\u0161ku\u010dio Kostiumu - KidsPlay. Did\u017eiausias vaik\u0173 \u017eaisl\u0173 pasirinkimas.","breadcrumb":{"@id":"https:\/\/kidsplay.lt\/produktas\/woopie-royal-lele-emi-su-roziniu-meskucio-kostiumu\/#breadcrumb"},"inLanguage":"lv-LV","potentialAction":[{"@type":"ReadAction","target":["https:\/\/kidsplay.lt\/produktas\/woopie-royal-lele-emi-su-roziniu-meskucio-kostiumu\/"]}]},{"@type":"ImageObject","inLanguage":"lv-LV","@id":"https:\/\/kidsplay.lt\/produktas\/woopie-royal-lele-emi-su-roziniu-meskucio-kostiumu\/#primaryimage","url":"https:\/\/kidsplay.lt\/wp-content\/uploads\/2026\/02\/WOOPIE-ROYAL-Lele-Emi-su-Roziniu-Meskucio-Kostiumu.jpg","contentUrl":"https:\/\/kidsplay.lt\/wp-content\/uploads\/2026\/02\/WOOPIE-ROYAL-Lele-Emi-su-Roziniu-Meskucio-Kostiumu.jpg","width":1000,"height":1000,"caption":"WOOPIE ROYAL L\u0117l\u0117 Emi su Ro\u017einiu Me\u0161ku\u010dio Kostiumu"},{"@type":"BreadcrumbList","@id":"https:\/\/kidsplay.lt\/produktas\/woopie-royal-lele-emi-su-roziniu-meskucio-kostiumu\/#breadcrumb","itemListElement":[{"@type":"ListItem","position":1,"name":"Pagrindinis","item":"https:\/\/kidsplay.lt\/"},{"@type":"ListItem","position":2,"name":"Parduotuv\u0117","item":"https:\/\/kidsplay.lt\/parduotuve\/"},{"@type":"ListItem","position":3,"name":"WOOPIE ROYAL L\u0117l\u0117 Emi su Ro\u017einiu Me\u0161ku\u010dio Kostiumu"}]},{"@type":"WebSite","@id":"https:\/\/kidsplay.lt\/#website","url":"https:\/\/kidsplay.lt\/","name":"B\u0113rnu sp\u0113les.lv","description":"\u012evairios prek\u0117s vaikams","publisher":{"@id":"https:\/\/kidsplay.lt\/#organization"},"alternateName":"Kidsplay","potentialAction":[{"@type":"SearchAction","target":{"@type":"EntryPoint","urlTemplate":"https:\/\/kidsplay.lt\/?s={search_term_string}"},"query-input":{"@type":"PropertyValueSpecification","valueRequired":true,"valueName":"search_term_string"}}],"inLanguage":"lv-LV"},{"@type":"Organization","@id":"https:\/\/kidsplay.lt\/#organization","name":"B\u0113rnu sp\u0113le","url":"https:\/\/kidsplay.lt\/","logo":{"@type":"ImageObject","inLanguage":"lv-LV","@id":"https:\/\/kidsplay.lt\/#\/schema\/logo\/image\/","url":"https:\/\/kidsplay.lt\/wp-content\/uploads\/2023\/07\/kidsplay-logo.png","contentUrl":"https:\/\/kidsplay.lt\/wp-content\/uploads\/2023\/07\/kidsplay-logo.png","width":451,"height":98,"caption":"KidsPlay"},"image":{"@id":"https:\/\/kidsplay.lt\/#\/schema\/logo\/image\/"},"sameAs":["https:\/\/www.facebook.com\/www.kidsplay.lt"]}]}},"_links":{"self":[{"href":"https:\/\/kidsplay.lt\/lv\/wp-json\/wp\/v2\/product\/87146","targetHints":{"allow":["GET"]}}],"collection":[{"href":"https:\/\/kidsplay.lt\/lv\/wp-json\/wp\/v2\/product"}],"about":[{"href":"https:\/\/kidsplay.lt\/lv\/wp-json\/wp\/v2\/types\/product"}],"version-history":[{"count":1,"href":"https:\/\/kidsplay.lt\/lv\/wp-json\/wp\/v2\/product\/87146\/revisions"}],"predecessor-version":[{"id":87147,"href":"https:\/\/kidsplay.lt\/lv\/wp-json\/wp\/v2\/product\/87146\/revisions\/87147"}],"wp:featuredmedia":[{"embeddable":true,"href":"https:\/\/kidsplay.lt\/lv\/wp-json\/wp\/v2\/media\/87148"}],"wp:attachment":[{"href":"https:\/\/kidsplay.lt\/lv\/wp-json\/wp\/v2\/media?parent=87146"}],"wp:term":[{"taxonomy":"product_brand","embeddable":true,"href":"https:\/\/kidsplay.lt\/lv\/wp-json\/wp\/v2\/product_brand?post=87146"},{"taxonomy":"product_cat","embeddable":true,"href":"https:\/\/kidsplay.lt\/lv\/wp-json\/wp\/v2\/product_cat?post=87146"},{"taxonomy":"product_tag","embeddable":true,"href":"https:\/\/kidsplay.lt\/lv\/wp-json\/wp\/v2\/product_tag?post=87146"}],"curies":[{"name":"wp","href":"https:\/\/api.w.org\/{rel}","templated":true}]}}