{"id":87156,"date":"2026-02-24T20:09:59","date_gmt":"2026-02-24T18:09:59","guid":{"rendered":"https:\/\/kidsplay.lt\/produktas\/woopie-royal-lele-emi-feja-su-spalvotais-sparnais-ir-balionais\/"},"modified":"2026-04-13T14:18:15","modified_gmt":"2026-04-13T11:18:15","slug":"woopie-royal-lele-emi-feja-su-spalvotais-sparnais-ir-balionais","status":"publish","type":"product","link":"https:\/\/kidsplay.lt\/lv\/products\/woopie-royal-lele-emi-feja-su-spalvotais-sparnais-ir-balionais\/","title":{"rendered":"WOOPIE ROYAL lelle Emi \u2013 feja ar kr\u0101sainiem sp\u0101rniem un baloniem"},"content":{"rendered":"<p>Leiskis \u012f stebukling\u0105 pasak\u0173 pasaul\u012f kartu su Emi \u2013 WOOPIE ROYAL kolekcijos f\u0117ja, kuri \u017eavi savo \u017evilgan\u010diais, spalvotais sparnais ir eleganti\u0161ka, pastelini\u0173 atspalvi\u0173 suknele. Kruop\u0161\u010diai apgalvotos detal\u0117s, tiulio sluoksniai ir subtil\u016bs blizgu\u010diai paver\u010dia j\u0105 tikra pasak\u0173 heroje, \u012fkvepian\u010dia kurti nuotykius, pilnus magijos ir fantazijos.<\/p>\n<p>Tai puikus pasirinkimas ma\u017eosioms svajotojoms, m\u0117gstan\u010dioms vaidmen\u0173 \u017eaidimus, stilingas istorijas ir k\u016brybi\u0161k\u0105 \u017eaidim\u0105. Emi taps mylima drauge, su kuria kiekviena diena gali virsti stebuklinga kelione.<\/p>\n<p>Raksturojums<\/p>\n<p> \tAuk\u0161tos kokyb\u0117s l\u0117l\u0117, tinkama vaikams nuo 3 met\u0173<br \/>\n \tL\u0117l\u0117s auk\u0161tis: apie 29 cm<br \/>\n \tSpalvota, plat\u0117janti f\u0117jos suknel\u0117 su tiuliu ir blizgu\u010diais<br \/>\n \tJudan\u010dios gal\u016bn\u0117s \u2013 galima pastatyti \u012fvairiose pozose<br \/>\n \tBajeciniai sparnai ro\u017ein\u0117s, violetin\u0117s ir \u017ealios spalv\u0173<br \/>\n \tIlgi, spalvoti plaukai ir eleganti\u0161kas makia\u017eas<\/p>\n<p>Komplekta saturs<\/p>\n<p> \tL\u0117l\u0117 Emi f\u0117jos aprangoje<br \/>\n \t2 plauk\u0173 segtukai<br \/>\n \tSpalvot\u0173 balion\u0117li\u0173 rinkinys<\/p>","protected":false},"excerpt":{"rendered":"<p>Leiskis \u012f stebukling\u0105 pasak\u0173 pasaul\u012f kartu su Emi \u2013 WOOPIE ROYAL kolekcijos f\u0117ja, kuri \u017eavi savo \u017evilgan\u010diais, spalvotais sparnais ir<\/p>","protected":false},"featured_media":87158,"template":"","meta":{"_acf_changed":false,"_glsr_average":0,"_glsr_ranking":0,"_glsr_reviews":0},"product_brand":[],"product_cat":[443,229],"product_tag":[],"class_list":{"0":"post-87156","1":"product","2":"type-product","3":"status-publish","4":"has-post-thumbnail","6":"product_cat-leles-ir-priedai","7":"product_cat-zaislai-vaikams","8":"\"style=\"background-color: #2ecc711c;\"","10":"first","11":"instock","12":"purchasable","13":"product-type-simple"},"acf":[],"yoast_head":"<!-- This site is optimized with the Yoast SEO plugin v27.4 - https:\/\/yoast.com\/product\/yoast-seo-wordpress\/ -->\n<title>WOOPIE ROYAL L\u0117l\u0117 Emi \u2013 F\u0117ja su Spalvotais Sparnais ir Balionais<\/title>\n<meta name=\"description\" content=\"WOOPIE ROYAL L\u0117l\u0117 Emi \u2013 F\u0117ja su Spalvotais Sparnais ir Balionais - KidsPlay. Did\u017eiausias vaik\u0173 \u017eaisl\u0173 pasirinkimas.\" \/>\n<meta name=\"robots\" content=\"index, follow, max-snippet:-1, max-image-preview:large, max-video-preview:-1\" \/>\n<link rel=\"canonical\" href=\"https:\/\/kidsplay.lt\/lv\/products\/woopie-royal-lele-emi-feja-su-spalvotais-sparnais-ir-balionais\/\" \/>\n<meta property=\"og:locale\" content=\"lv_LV\" \/>\n<meta property=\"og:type\" content=\"article\" \/>\n<meta property=\"og:title\" content=\"WOOPIE ROYAL L\u0117l\u0117 Emi \u2013 F\u0117ja su Spalvotais Sparnais ir Balionais\" \/>\n<meta property=\"og:description\" content=\"WOOPIE ROYAL L\u0117l\u0117 Emi \u2013 F\u0117ja su Spalvotais Sparnais ir Balionais - KidsPlay. Did\u017eiausias vaik\u0173 \u017eaisl\u0173 pasirinkimas.\" \/>\n<meta property=\"og:url\" content=\"https:\/\/kidsplay.lt\/lv\/products\/woopie-royal-lele-emi-feja-su-spalvotais-sparnais-ir-balionais\/\" \/>\n<meta property=\"og:site_name\" content=\"KidsPlay\" \/>\n<meta property=\"article:publisher\" content=\"https:\/\/www.facebook.com\/www.kidsplay.lt\" \/>\n<meta property=\"article:modified_time\" content=\"2026-04-13T11:18:15+00:00\" \/>\n<meta property=\"og:image\" content=\"https:\/\/kidsplay.lt\/wp-content\/uploads\/2026\/02\/WOOPIE-ROYAL-Lele-Emi-\u2013-Feja-su-Spalvotais-Sparnais-ir-Balionais.jpg\" \/>\n\t<meta property=\"og:image:width\" content=\"1000\" \/>\n\t<meta property=\"og:image:height\" content=\"1000\" \/>\n\t<meta property=\"og:image:type\" content=\"image\/jpeg\" \/>\n<meta name=\"twitter:card\" content=\"summary_large_image\" \/>\n<meta name=\"twitter:label1\" content=\"Est. reading time\" \/>\n\t<meta name=\"twitter:data1\" content=\"1 min\u016bte\" \/>\n<script type=\"application\/ld+json\" class=\"yoast-schema-graph\">{\"@context\":\"https:\\\/\\\/schema.org\",\"@graph\":[{\"@type\":\"WebPage\",\"@id\":\"https:\\\/\\\/kidsplay.lt\\\/produktas\\\/woopie-royal-lele-emi-feja-su-spalvotais-sparnais-ir-balionais\\\/\",\"url\":\"https:\\\/\\\/kidsplay.lt\\\/produktas\\\/woopie-royal-lele-emi-feja-su-spalvotais-sparnais-ir-balionais\\\/\",\"name\":\"WOOPIE ROYAL L\u0117l\u0117 Emi \u2013 F\u0117ja su Spalvotais Sparnais ir Balionais\",\"isPartOf\":{\"@id\":\"https:\\\/\\\/kidsplay.lt\\\/#website\"},\"primaryImageOfPage\":{\"@id\":\"https:\\\/\\\/kidsplay.lt\\\/produktas\\\/woopie-royal-lele-emi-feja-su-spalvotais-sparnais-ir-balionais\\\/#primaryimage\"},\"image\":{\"@id\":\"https:\\\/\\\/kidsplay.lt\\\/produktas\\\/woopie-royal-lele-emi-feja-su-spalvotais-sparnais-ir-balionais\\\/#primaryimage\"},\"thumbnailUrl\":\"https:\\\/\\\/kidsplay.lt\\\/wp-content\\\/uploads\\\/2026\\\/02\\\/WOOPIE-ROYAL-Lele-Emi-\u2013-Feja-su-Spalvotais-Sparnais-ir-Balionais.jpg\",\"datePublished\":\"2026-02-24T18:09:59+00:00\",\"dateModified\":\"2026-04-13T11:18:15+00:00\",\"description\":\"WOOPIE ROYAL L\u0117l\u0117 Emi \u2013 F\u0117ja su Spalvotais Sparnais ir Balionais - KidsPlay. Did\u017eiausias vaik\u0173 \u017eaisl\u0173 pasirinkimas.\",\"breadcrumb\":{\"@id\":\"https:\\\/\\\/kidsplay.lt\\\/produktas\\\/woopie-royal-lele-emi-feja-su-spalvotais-sparnais-ir-balionais\\\/#breadcrumb\"},\"inLanguage\":\"lv-LV\",\"potentialAction\":[{\"@type\":\"ReadAction\",\"target\":[\"https:\\\/\\\/kidsplay.lt\\\/produktas\\\/woopie-royal-lele-emi-feja-su-spalvotais-sparnais-ir-balionais\\\/\"]}]},{\"@type\":\"ImageObject\",\"inLanguage\":\"lv-LV\",\"@id\":\"https:\\\/\\\/kidsplay.lt\\\/produktas\\\/woopie-royal-lele-emi-feja-su-spalvotais-sparnais-ir-balionais\\\/#primaryimage\",\"url\":\"https:\\\/\\\/kidsplay.lt\\\/wp-content\\\/uploads\\\/2026\\\/02\\\/WOOPIE-ROYAL-Lele-Emi-\u2013-Feja-su-Spalvotais-Sparnais-ir-Balionais.jpg\",\"contentUrl\":\"https:\\\/\\\/kidsplay.lt\\\/wp-content\\\/uploads\\\/2026\\\/02\\\/WOOPIE-ROYAL-Lele-Emi-\u2013-Feja-su-Spalvotais-Sparnais-ir-Balionais.jpg\",\"width\":1000,\"height\":1000,\"caption\":\"WOOPIE ROYAL L\u0117l\u0117 Emi \u2013 F\u0117ja su Spalvotais Sparnais ir Balionais\"},{\"@type\":\"BreadcrumbList\",\"@id\":\"https:\\\/\\\/kidsplay.lt\\\/produktas\\\/woopie-royal-lele-emi-feja-su-spalvotais-sparnais-ir-balionais\\\/#breadcrumb\",\"itemListElement\":[{\"@type\":\"ListItem\",\"position\":1,\"name\":\"Pagrindinis\",\"item\":\"https:\\\/\\\/kidsplay.lt\\\/\"},{\"@type\":\"ListItem\",\"position\":2,\"name\":\"Parduotuv\u0117\",\"item\":\"https:\\\/\\\/kidsplay.lt\\\/parduotuve\\\/\"},{\"@type\":\"ListItem\",\"position\":3,\"name\":\"WOOPIE ROYAL L\u0117l\u0117 Emi \u2013 F\u0117ja su Spalvotais Sparnais ir Balionais\"}]},{\"@type\":\"WebSite\",\"@id\":\"https:\\\/\\\/kidsplay.lt\\\/#website\",\"url\":\"https:\\\/\\\/kidsplay.lt\\\/\",\"name\":\"Kidsplay.lt\",\"description\":\"\u012evairios prek\u0117s vaikams\",\"publisher\":{\"@id\":\"https:\\\/\\\/kidsplay.lt\\\/#organization\"},\"alternateName\":\"Kidsplay\",\"potentialAction\":[{\"@type\":\"SearchAction\",\"target\":{\"@type\":\"EntryPoint\",\"urlTemplate\":\"https:\\\/\\\/kidsplay.lt\\\/?s={search_term_string}\"},\"query-input\":{\"@type\":\"PropertyValueSpecification\",\"valueRequired\":true,\"valueName\":\"search_term_string\"}}],\"inLanguage\":\"lv-LV\"},{\"@type\":\"Organization\",\"@id\":\"https:\\\/\\\/kidsplay.lt\\\/#organization\",\"name\":\"KidsPlay\",\"url\":\"https:\\\/\\\/kidsplay.lt\\\/\",\"logo\":{\"@type\":\"ImageObject\",\"inLanguage\":\"lv-LV\",\"@id\":\"https:\\\/\\\/kidsplay.lt\\\/#\\\/schema\\\/logo\\\/image\\\/\",\"url\":\"https:\\\/\\\/kidsplay.lt\\\/wp-content\\\/uploads\\\/2023\\\/07\\\/kidsplay-logo.png\",\"contentUrl\":\"https:\\\/\\\/kidsplay.lt\\\/wp-content\\\/uploads\\\/2023\\\/07\\\/kidsplay-logo.png\",\"width\":451,\"height\":98,\"caption\":\"KidsPlay\"},\"image\":{\"@id\":\"https:\\\/\\\/kidsplay.lt\\\/#\\\/schema\\\/logo\\\/image\\\/\"},\"sameAs\":[\"https:\\\/\\\/www.facebook.com\\\/www.kidsplay.lt\"]}]}<\/script>\n<!-- \/ Yoast SEO plugin. -->","yoast_head_json":{"title":"WOOPIE ROYAL lelle Emi \u2013 feja ar kr\u0101sainiem sp\u0101rniem un baloniem","description":"WOOPIE ROYAL L\u0117l\u0117 Emi \u2013 F\u0117ja su Spalvotais Sparnais ir Balionais - KidsPlay. Did\u017eiausias vaik\u0173 \u017eaisl\u0173 pasirinkimas.","robots":{"index":"index","follow":"follow","max-snippet":"max-snippet:-1","max-image-preview":"max-image-preview:large","max-video-preview":"max-video-preview:-1"},"canonical":"https:\/\/kidsplay.lt\/lv\/products\/woopie-royal-lele-emi-feja-su-spalvotais-sparnais-ir-balionais\/","og_locale":"lv_LV","og_type":"article","og_title":"WOOPIE ROYAL L\u0117l\u0117 Emi \u2013 F\u0117ja su Spalvotais Sparnais ir Balionais","og_description":"WOOPIE ROYAL L\u0117l\u0117 Emi \u2013 F\u0117ja su Spalvotais Sparnais ir Balionais - KidsPlay. Did\u017eiausias vaik\u0173 \u017eaisl\u0173 pasirinkimas.","og_url":"https:\/\/kidsplay.lt\/lv\/products\/woopie-royal-lele-emi-feja-su-spalvotais-sparnais-ir-balionais\/","og_site_name":"KidsPlay","article_publisher":"https:\/\/www.facebook.com\/www.kidsplay.lt","article_modified_time":"2026-04-13T11:18:15+00:00","og_image":[{"width":1000,"height":1000,"url":"https:\/\/kidsplay.lt\/wp-content\/uploads\/2026\/02\/WOOPIE-ROYAL-Lele-Emi-\u2013-Feja-su-Spalvotais-Sparnais-ir-Balionais.jpg","type":"image\/jpeg"}],"twitter_card":"summary_large_image","twitter_misc":{"Est. reading time":"1 min\u016bte"},"schema":{"@context":"https:\/\/schema.org","@graph":[{"@type":"WebPage","@id":"https:\/\/kidsplay.lt\/produktas\/woopie-royal-lele-emi-feja-su-spalvotais-sparnais-ir-balionais\/","url":"https:\/\/kidsplay.lt\/produktas\/woopie-royal-lele-emi-feja-su-spalvotais-sparnais-ir-balionais\/","name":"WOOPIE ROYAL lelle Emi \u2013 feja ar kr\u0101sainiem sp\u0101rniem un baloniem","isPartOf":{"@id":"https:\/\/kidsplay.lt\/#website"},"primaryImageOfPage":{"@id":"https:\/\/kidsplay.lt\/produktas\/woopie-royal-lele-emi-feja-su-spalvotais-sparnais-ir-balionais\/#primaryimage"},"image":{"@id":"https:\/\/kidsplay.lt\/produktas\/woopie-royal-lele-emi-feja-su-spalvotais-sparnais-ir-balionais\/#primaryimage"},"thumbnailUrl":"https:\/\/kidsplay.lt\/wp-content\/uploads\/2026\/02\/WOOPIE-ROYAL-Lele-Emi-\u2013-Feja-su-Spalvotais-Sparnais-ir-Balionais.jpg","datePublished":"2026-02-24T18:09:59+00:00","dateModified":"2026-04-13T11:18:15+00:00","description":"WOOPIE ROYAL L\u0117l\u0117 Emi \u2013 F\u0117ja su Spalvotais Sparnais ir Balionais - KidsPlay. Did\u017eiausias vaik\u0173 \u017eaisl\u0173 pasirinkimas.","breadcrumb":{"@id":"https:\/\/kidsplay.lt\/produktas\/woopie-royal-lele-emi-feja-su-spalvotais-sparnais-ir-balionais\/#breadcrumb"},"inLanguage":"lv-LV","potentialAction":[{"@type":"ReadAction","target":["https:\/\/kidsplay.lt\/produktas\/woopie-royal-lele-emi-feja-su-spalvotais-sparnais-ir-balionais\/"]}]},{"@type":"ImageObject","inLanguage":"lv-LV","@id":"https:\/\/kidsplay.lt\/produktas\/woopie-royal-lele-emi-feja-su-spalvotais-sparnais-ir-balionais\/#primaryimage","url":"https:\/\/kidsplay.lt\/wp-content\/uploads\/2026\/02\/WOOPIE-ROYAL-Lele-Emi-\u2013-Feja-su-Spalvotais-Sparnais-ir-Balionais.jpg","contentUrl":"https:\/\/kidsplay.lt\/wp-content\/uploads\/2026\/02\/WOOPIE-ROYAL-Lele-Emi-\u2013-Feja-su-Spalvotais-Sparnais-ir-Balionais.jpg","width":1000,"height":1000,"caption":"WOOPIE ROYAL L\u0117l\u0117 Emi \u2013 F\u0117ja su Spalvotais Sparnais ir Balionais"},{"@type":"BreadcrumbList","@id":"https:\/\/kidsplay.lt\/produktas\/woopie-royal-lele-emi-feja-su-spalvotais-sparnais-ir-balionais\/#breadcrumb","itemListElement":[{"@type":"ListItem","position":1,"name":"Pagrindinis","item":"https:\/\/kidsplay.lt\/"},{"@type":"ListItem","position":2,"name":"Parduotuv\u0117","item":"https:\/\/kidsplay.lt\/parduotuve\/"},{"@type":"ListItem","position":3,"name":"WOOPIE ROYAL L\u0117l\u0117 Emi \u2013 F\u0117ja su Spalvotais Sparnais ir Balionais"}]},{"@type":"WebSite","@id":"https:\/\/kidsplay.lt\/#website","url":"https:\/\/kidsplay.lt\/","name":"B\u0113rnu sp\u0113les.lv","description":"\u012evairios prek\u0117s vaikams","publisher":{"@id":"https:\/\/kidsplay.lt\/#organization"},"alternateName":"Kidsplay","potentialAction":[{"@type":"SearchAction","target":{"@type":"EntryPoint","urlTemplate":"https:\/\/kidsplay.lt\/?s={search_term_string}"},"query-input":{"@type":"PropertyValueSpecification","valueRequired":true,"valueName":"search_term_string"}}],"inLanguage":"lv-LV"},{"@type":"Organization","@id":"https:\/\/kidsplay.lt\/#organization","name":"B\u0113rnu sp\u0113le","url":"https:\/\/kidsplay.lt\/","logo":{"@type":"ImageObject","inLanguage":"lv-LV","@id":"https:\/\/kidsplay.lt\/#\/schema\/logo\/image\/","url":"https:\/\/kidsplay.lt\/wp-content\/uploads\/2023\/07\/kidsplay-logo.png","contentUrl":"https:\/\/kidsplay.lt\/wp-content\/uploads\/2023\/07\/kidsplay-logo.png","width":451,"height":98,"caption":"KidsPlay"},"image":{"@id":"https:\/\/kidsplay.lt\/#\/schema\/logo\/image\/"},"sameAs":["https:\/\/www.facebook.com\/www.kidsplay.lt"]}]}},"_links":{"self":[{"href":"https:\/\/kidsplay.lt\/lv\/wp-json\/wp\/v2\/product\/87156","targetHints":{"allow":["GET"]}}],"collection":[{"href":"https:\/\/kidsplay.lt\/lv\/wp-json\/wp\/v2\/product"}],"about":[{"href":"https:\/\/kidsplay.lt\/lv\/wp-json\/wp\/v2\/types\/product"}],"version-history":[{"count":1,"href":"https:\/\/kidsplay.lt\/lv\/wp-json\/wp\/v2\/product\/87156\/revisions"}],"predecessor-version":[{"id":87157,"href":"https:\/\/kidsplay.lt\/lv\/wp-json\/wp\/v2\/product\/87156\/revisions\/87157"}],"wp:featuredmedia":[{"embeddable":true,"href":"https:\/\/kidsplay.lt\/lv\/wp-json\/wp\/v2\/media\/87158"}],"wp:attachment":[{"href":"https:\/\/kidsplay.lt\/lv\/wp-json\/wp\/v2\/media?parent=87156"}],"wp:term":[{"taxonomy":"product_brand","embeddable":true,"href":"https:\/\/kidsplay.lt\/lv\/wp-json\/wp\/v2\/product_brand?post=87156"},{"taxonomy":"product_cat","embeddable":true,"href":"https:\/\/kidsplay.lt\/lv\/wp-json\/wp\/v2\/product_cat?post=87156"},{"taxonomy":"product_tag","embeddable":true,"href":"https:\/\/kidsplay.lt\/lv\/wp-json\/wp\/v2\/product_tag?post=87156"}],"curies":[{"name":"wp","href":"https:\/\/api.w.org\/{rel}","templated":true}]}}