{"id":87161,"date":"2026-02-24T20:10:11","date_gmt":"2026-02-24T18:10:11","guid":{"rendered":"https:\/\/kidsplay.lt\/produktas\/woopie-royal-lele-emi-sventine-princese-su-meskuciu\/"},"modified":"2026-04-13T14:18:18","modified_gmt":"2026-04-13T11:18:18","slug":"woopie-royal-lele-emi-sventine-princese-su-meskuciu","status":"publish","type":"product","link":"https:\/\/kidsplay.lt\/lv\/products\/woopie-royal-lele-emi-sventine-princese-su-meskuciu\/","title":{"rendered":"WOOPIE ROYAL lelle Emi \u2013 sv\u0113tku princese ar rota\u013cu l\u0101c\u012bti"},"content":{"rendered":"<p>Leisk savo vaikui pasinerti \u012f \u017eiemos pasak\u0105 su Emi \u2013 WOOPIE ROYAL kolekcijos l\u0117le, kuri \u017eavi \u0161velniu stiliumi, elegancija ir mielomis detal\u0117mis. Emi vilki \u017eiemin\u0119 suknel\u0119 su p\u016bkuotais rankogaliais ir dekoratyviniais pomponais, o jos ilgi, rudi plaukai papuo\u0161ti kar\u016bna suteikia tikros \u017eiemos princes\u0117s \u012fvaizd\u012f.<\/p>\n<p>Rinkinyje esantis mielas me\u0161kiukas, dovan\u0117l\u0117, tortas ir l\u0117k\u0161tut\u0117 su gabal\u0117liu torto leid\u017eia kurti \u0161ventines istorijas, \u017eaisti gimtadienio scenas ar rengti \u017eiemos arbatos vakar\u0117lius. Tai \u017eaislas, kuris \u012fkvepia fantazijai ir suteikia daug jauki\u0173 akimirk\u0173.<\/p>\n<p>Auk\u0161ta kokyb\u0117, modernus dizainas ir kruop\u0161\u010diai apgalvotos detal\u0117s paver\u010dia \u0161\u012f rinkin\u012f puikia dovana ma\u017eajai stilistei.<\/p>\n<p>Raksturojums<\/p>\n<p> \tIeteicams b\u0113rniem no 3 gadu vecuma<br \/>\n \tStilinga \u017eiemin\u0117 suknel\u0117 su pomponais ir p\u016bkuotais rankogaliais<br \/>\n \tIlgi rudi plaukai su eleganti\u0161ka kar\u016bna<br \/>\n \tMielas me\u0161kiukas \u2013 puikus \u017eaidim\u0173 draugas<br \/>\n \t\u0160ventiniai aksesuarai: dovan\u0117l\u0117, tortas, l\u0117k\u0161tut\u0117<br \/>\n \tJudan\u010dios gal\u016bn\u0117s \u2013 lengva pastatyti \u012fvairiose pozose<br \/>\n \tAuk\u0161ta kokyb\u0117, saugios med\u017eiagos<br \/>\n \tDaili, dovanai tinkama pakuot\u0117<\/p>\n<p>Komplekta saturs<\/p>\n<p> \tL\u0117l\u0117 Emilka<br \/>\n \tKar\u016bna<br \/>\n \tMe\u0161kiukas<br \/>\n \tBateliai su kulniukais<br \/>\n \t\u017diemin\u0117 suknel\u0117<br \/>\n \tDovan\u0173 d\u0117\u017eut\u0117<br \/>\n \tTortas ir l\u0117k\u0161tut\u0117 su torto gabal\u0117liu<\/p>\n<p>Rota\u013clietu lav\u012bna<\/p>\n<p> \tk\u016brybi\u0161kum\u0105 ir vaizduot\u0119<br \/>\n \tsmulki\u0105j\u0105 motorik\u0105 ir koordinacij\u0105<br \/>\n \tvaidmen\u0173 \u017eaidimo \u012fg\u016bd\u017eius<br \/>\n \tkantryb\u0119 ir kruop\u0161tum\u0105<br \/>\n \tgeb\u0117jim\u0105 kurti istorijas<\/p>\n<p>Pakuot\u0117s matmenys: 28 \u00d7 6 \u00d7 32,5 cm<\/p>","protected":false},"excerpt":{"rendered":"<p>Leisk savo vaikui pasinerti \u012f \u017eiemos pasak\u0105 su Emi \u2013 WOOPIE ROYAL kolekcijos l\u0117le, kuri \u017eavi \u0161velniu stiliumi, elegancija ir<\/p>","protected":false},"featured_media":87163,"template":"","meta":{"_acf_changed":false,"_glsr_average":0,"_glsr_ranking":0,"_glsr_reviews":0},"product_brand":[],"product_cat":[443,229],"product_tag":[],"class_list":{"0":"post-87161","1":"product","2":"type-product","3":"status-publish","4":"has-post-thumbnail","6":"product_cat-leles-ir-priedai","7":"product_cat-zaislai-vaikams","8":"\"style=\"background-color: #2ecc711c;\"","10":"first","11":"instock","12":"purchasable","13":"product-type-simple"},"acf":[],"yoast_head":"<!-- This site is optimized with the Yoast SEO plugin v27.4 - https:\/\/yoast.com\/product\/yoast-seo-wordpress\/ -->\n<title>WOOPIE ROYAL L\u0117l\u0117 Emi \u2013 \u0160ventin\u0117 Princes\u0117 su Me\u0161ku\u010diu<\/title>\n<meta name=\"description\" content=\"WOOPIE ROYAL L\u0117l\u0117 Emi \u2013 \u0160ventin\u0117 Princes\u0117 su Me\u0161ku\u010diu - KidsPlay. Did\u017eiausias vaik\u0173 \u017eaisl\u0173 pasirinkimas.\" \/>\n<meta name=\"robots\" content=\"index, follow, max-snippet:-1, max-image-preview:large, max-video-preview:-1\" \/>\n<link rel=\"canonical\" href=\"https:\/\/kidsplay.lt\/lv\/products\/woopie-royal-lele-emi-sventine-princese-su-meskuciu\/\" \/>\n<meta property=\"og:locale\" content=\"lv_LV\" \/>\n<meta property=\"og:type\" content=\"article\" \/>\n<meta property=\"og:title\" content=\"WOOPIE ROYAL L\u0117l\u0117 Emi \u2013 \u0160ventin\u0117 Princes\u0117 su Me\u0161ku\u010diu\" \/>\n<meta property=\"og:description\" content=\"WOOPIE ROYAL L\u0117l\u0117 Emi \u2013 \u0160ventin\u0117 Princes\u0117 su Me\u0161ku\u010diu - KidsPlay. Did\u017eiausias vaik\u0173 \u017eaisl\u0173 pasirinkimas.\" \/>\n<meta property=\"og:url\" content=\"https:\/\/kidsplay.lt\/lv\/products\/woopie-royal-lele-emi-sventine-princese-su-meskuciu\/\" \/>\n<meta property=\"og:site_name\" content=\"KidsPlay\" \/>\n<meta property=\"article:publisher\" content=\"https:\/\/www.facebook.com\/www.kidsplay.lt\" \/>\n<meta property=\"article:modified_time\" content=\"2026-04-13T11:18:18+00:00\" \/>\n<meta property=\"og:image\" content=\"https:\/\/kidsplay.lt\/wp-content\/uploads\/2026\/02\/WOOPIE-ROYAL-Lele-Emi-\u2013-Sventine-Princese-su-Meskuciu.jpg\" \/>\n\t<meta property=\"og:image:width\" content=\"1000\" \/>\n\t<meta property=\"og:image:height\" content=\"1000\" \/>\n\t<meta property=\"og:image:type\" content=\"image\/jpeg\" \/>\n<meta name=\"twitter:card\" content=\"summary_large_image\" \/>\n<meta name=\"twitter:label1\" content=\"Est. reading time\" \/>\n\t<meta name=\"twitter:data1\" content=\"1 min\u016bte\" \/>\n<script type=\"application\/ld+json\" class=\"yoast-schema-graph\">{\"@context\":\"https:\\\/\\\/schema.org\",\"@graph\":[{\"@type\":\"WebPage\",\"@id\":\"https:\\\/\\\/kidsplay.lt\\\/produktas\\\/woopie-royal-lele-emi-sventine-princese-su-meskuciu\\\/\",\"url\":\"https:\\\/\\\/kidsplay.lt\\\/produktas\\\/woopie-royal-lele-emi-sventine-princese-su-meskuciu\\\/\",\"name\":\"WOOPIE ROYAL L\u0117l\u0117 Emi \u2013 \u0160ventin\u0117 Princes\u0117 su Me\u0161ku\u010diu\",\"isPartOf\":{\"@id\":\"https:\\\/\\\/kidsplay.lt\\\/#website\"},\"primaryImageOfPage\":{\"@id\":\"https:\\\/\\\/kidsplay.lt\\\/produktas\\\/woopie-royal-lele-emi-sventine-princese-su-meskuciu\\\/#primaryimage\"},\"image\":{\"@id\":\"https:\\\/\\\/kidsplay.lt\\\/produktas\\\/woopie-royal-lele-emi-sventine-princese-su-meskuciu\\\/#primaryimage\"},\"thumbnailUrl\":\"https:\\\/\\\/kidsplay.lt\\\/wp-content\\\/uploads\\\/2026\\\/02\\\/WOOPIE-ROYAL-Lele-Emi-\u2013-Sventine-Princese-su-Meskuciu.jpg\",\"datePublished\":\"2026-02-24T18:10:11+00:00\",\"dateModified\":\"2026-04-13T11:18:18+00:00\",\"description\":\"WOOPIE ROYAL L\u0117l\u0117 Emi \u2013 \u0160ventin\u0117 Princes\u0117 su Me\u0161ku\u010diu - KidsPlay. Did\u017eiausias vaik\u0173 \u017eaisl\u0173 pasirinkimas.\",\"breadcrumb\":{\"@id\":\"https:\\\/\\\/kidsplay.lt\\\/produktas\\\/woopie-royal-lele-emi-sventine-princese-su-meskuciu\\\/#breadcrumb\"},\"inLanguage\":\"lv-LV\",\"potentialAction\":[{\"@type\":\"ReadAction\",\"target\":[\"https:\\\/\\\/kidsplay.lt\\\/produktas\\\/woopie-royal-lele-emi-sventine-princese-su-meskuciu\\\/\"]}]},{\"@type\":\"ImageObject\",\"inLanguage\":\"lv-LV\",\"@id\":\"https:\\\/\\\/kidsplay.lt\\\/produktas\\\/woopie-royal-lele-emi-sventine-princese-su-meskuciu\\\/#primaryimage\",\"url\":\"https:\\\/\\\/kidsplay.lt\\\/wp-content\\\/uploads\\\/2026\\\/02\\\/WOOPIE-ROYAL-Lele-Emi-\u2013-Sventine-Princese-su-Meskuciu.jpg\",\"contentUrl\":\"https:\\\/\\\/kidsplay.lt\\\/wp-content\\\/uploads\\\/2026\\\/02\\\/WOOPIE-ROYAL-Lele-Emi-\u2013-Sventine-Princese-su-Meskuciu.jpg\",\"width\":1000,\"height\":1000,\"caption\":\"WOOPIE ROYAL L\u0117l\u0117 Emi \u2013 \u0160ventin\u0117 Princes\u0117 su Me\u0161ku\u010diu\"},{\"@type\":\"BreadcrumbList\",\"@id\":\"https:\\\/\\\/kidsplay.lt\\\/produktas\\\/woopie-royal-lele-emi-sventine-princese-su-meskuciu\\\/#breadcrumb\",\"itemListElement\":[{\"@type\":\"ListItem\",\"position\":1,\"name\":\"Pagrindinis\",\"item\":\"https:\\\/\\\/kidsplay.lt\\\/\"},{\"@type\":\"ListItem\",\"position\":2,\"name\":\"Parduotuv\u0117\",\"item\":\"https:\\\/\\\/kidsplay.lt\\\/parduotuve\\\/\"},{\"@type\":\"ListItem\",\"position\":3,\"name\":\"WOOPIE ROYAL L\u0117l\u0117 Emi \u2013 \u0160ventin\u0117 Princes\u0117 su Me\u0161ku\u010diu\"}]},{\"@type\":\"WebSite\",\"@id\":\"https:\\\/\\\/kidsplay.lt\\\/#website\",\"url\":\"https:\\\/\\\/kidsplay.lt\\\/\",\"name\":\"Kidsplay.lt\",\"description\":\"\u012evairios prek\u0117s vaikams\",\"publisher\":{\"@id\":\"https:\\\/\\\/kidsplay.lt\\\/#organization\"},\"alternateName\":\"Kidsplay\",\"potentialAction\":[{\"@type\":\"SearchAction\",\"target\":{\"@type\":\"EntryPoint\",\"urlTemplate\":\"https:\\\/\\\/kidsplay.lt\\\/?s={search_term_string}\"},\"query-input\":{\"@type\":\"PropertyValueSpecification\",\"valueRequired\":true,\"valueName\":\"search_term_string\"}}],\"inLanguage\":\"lv-LV\"},{\"@type\":\"Organization\",\"@id\":\"https:\\\/\\\/kidsplay.lt\\\/#organization\",\"name\":\"KidsPlay\",\"url\":\"https:\\\/\\\/kidsplay.lt\\\/\",\"logo\":{\"@type\":\"ImageObject\",\"inLanguage\":\"lv-LV\",\"@id\":\"https:\\\/\\\/kidsplay.lt\\\/#\\\/schema\\\/logo\\\/image\\\/\",\"url\":\"https:\\\/\\\/kidsplay.lt\\\/wp-content\\\/uploads\\\/2023\\\/07\\\/kidsplay-logo.png\",\"contentUrl\":\"https:\\\/\\\/kidsplay.lt\\\/wp-content\\\/uploads\\\/2023\\\/07\\\/kidsplay-logo.png\",\"width\":451,\"height\":98,\"caption\":\"KidsPlay\"},\"image\":{\"@id\":\"https:\\\/\\\/kidsplay.lt\\\/#\\\/schema\\\/logo\\\/image\\\/\"},\"sameAs\":[\"https:\\\/\\\/www.facebook.com\\\/www.kidsplay.lt\"]}]}<\/script>\n<!-- \/ Yoast SEO plugin. -->","yoast_head_json":{"title":"WOOPIE ROYAL lelle Emi \u2013 sv\u0113tku princese ar rota\u013cu l\u0101c\u012bti","description":"WOOPIE ROYAL L\u0117l\u0117 Emi \u2013 \u0160ventin\u0117 Princes\u0117 su Me\u0161ku\u010diu - KidsPlay. Did\u017eiausias vaik\u0173 \u017eaisl\u0173 pasirinkimas.","robots":{"index":"index","follow":"follow","max-snippet":"max-snippet:-1","max-image-preview":"max-image-preview:large","max-video-preview":"max-video-preview:-1"},"canonical":"https:\/\/kidsplay.lt\/lv\/products\/woopie-royal-lele-emi-sventine-princese-su-meskuciu\/","og_locale":"lv_LV","og_type":"article","og_title":"WOOPIE ROYAL L\u0117l\u0117 Emi \u2013 \u0160ventin\u0117 Princes\u0117 su Me\u0161ku\u010diu","og_description":"WOOPIE ROYAL L\u0117l\u0117 Emi \u2013 \u0160ventin\u0117 Princes\u0117 su Me\u0161ku\u010diu - KidsPlay. Did\u017eiausias vaik\u0173 \u017eaisl\u0173 pasirinkimas.","og_url":"https:\/\/kidsplay.lt\/lv\/products\/woopie-royal-lele-emi-sventine-princese-su-meskuciu\/","og_site_name":"KidsPlay","article_publisher":"https:\/\/www.facebook.com\/www.kidsplay.lt","article_modified_time":"2026-04-13T11:18:18+00:00","og_image":[{"width":1000,"height":1000,"url":"https:\/\/kidsplay.lt\/wp-content\/uploads\/2026\/02\/WOOPIE-ROYAL-Lele-Emi-\u2013-Sventine-Princese-su-Meskuciu.jpg","type":"image\/jpeg"}],"twitter_card":"summary_large_image","twitter_misc":{"Est. reading time":"1 min\u016bte"},"schema":{"@context":"https:\/\/schema.org","@graph":[{"@type":"WebPage","@id":"https:\/\/kidsplay.lt\/produktas\/woopie-royal-lele-emi-sventine-princese-su-meskuciu\/","url":"https:\/\/kidsplay.lt\/produktas\/woopie-royal-lele-emi-sventine-princese-su-meskuciu\/","name":"WOOPIE ROYAL lelle Emi \u2013 sv\u0113tku princese ar rota\u013cu l\u0101c\u012bti","isPartOf":{"@id":"https:\/\/kidsplay.lt\/#website"},"primaryImageOfPage":{"@id":"https:\/\/kidsplay.lt\/produktas\/woopie-royal-lele-emi-sventine-princese-su-meskuciu\/#primaryimage"},"image":{"@id":"https:\/\/kidsplay.lt\/produktas\/woopie-royal-lele-emi-sventine-princese-su-meskuciu\/#primaryimage"},"thumbnailUrl":"https:\/\/kidsplay.lt\/wp-content\/uploads\/2026\/02\/WOOPIE-ROYAL-Lele-Emi-\u2013-Sventine-Princese-su-Meskuciu.jpg","datePublished":"2026-02-24T18:10:11+00:00","dateModified":"2026-04-13T11:18:18+00:00","description":"WOOPIE ROYAL L\u0117l\u0117 Emi \u2013 \u0160ventin\u0117 Princes\u0117 su Me\u0161ku\u010diu - KidsPlay. Did\u017eiausias vaik\u0173 \u017eaisl\u0173 pasirinkimas.","breadcrumb":{"@id":"https:\/\/kidsplay.lt\/produktas\/woopie-royal-lele-emi-sventine-princese-su-meskuciu\/#breadcrumb"},"inLanguage":"lv-LV","potentialAction":[{"@type":"ReadAction","target":["https:\/\/kidsplay.lt\/produktas\/woopie-royal-lele-emi-sventine-princese-su-meskuciu\/"]}]},{"@type":"ImageObject","inLanguage":"lv-LV","@id":"https:\/\/kidsplay.lt\/produktas\/woopie-royal-lele-emi-sventine-princese-su-meskuciu\/#primaryimage","url":"https:\/\/kidsplay.lt\/wp-content\/uploads\/2026\/02\/WOOPIE-ROYAL-Lele-Emi-\u2013-Sventine-Princese-su-Meskuciu.jpg","contentUrl":"https:\/\/kidsplay.lt\/wp-content\/uploads\/2026\/02\/WOOPIE-ROYAL-Lele-Emi-\u2013-Sventine-Princese-su-Meskuciu.jpg","width":1000,"height":1000,"caption":"WOOPIE ROYAL L\u0117l\u0117 Emi \u2013 \u0160ventin\u0117 Princes\u0117 su Me\u0161ku\u010diu"},{"@type":"BreadcrumbList","@id":"https:\/\/kidsplay.lt\/produktas\/woopie-royal-lele-emi-sventine-princese-su-meskuciu\/#breadcrumb","itemListElement":[{"@type":"ListItem","position":1,"name":"Pagrindinis","item":"https:\/\/kidsplay.lt\/"},{"@type":"ListItem","position":2,"name":"Parduotuv\u0117","item":"https:\/\/kidsplay.lt\/parduotuve\/"},{"@type":"ListItem","position":3,"name":"WOOPIE ROYAL L\u0117l\u0117 Emi \u2013 \u0160ventin\u0117 Princes\u0117 su Me\u0161ku\u010diu"}]},{"@type":"WebSite","@id":"https:\/\/kidsplay.lt\/#website","url":"https:\/\/kidsplay.lt\/","name":"B\u0113rnu sp\u0113les.lv","description":"\u012evairios prek\u0117s vaikams","publisher":{"@id":"https:\/\/kidsplay.lt\/#organization"},"alternateName":"Kidsplay","potentialAction":[{"@type":"SearchAction","target":{"@type":"EntryPoint","urlTemplate":"https:\/\/kidsplay.lt\/?s={search_term_string}"},"query-input":{"@type":"PropertyValueSpecification","valueRequired":true,"valueName":"search_term_string"}}],"inLanguage":"lv-LV"},{"@type":"Organization","@id":"https:\/\/kidsplay.lt\/#organization","name":"B\u0113rnu sp\u0113le","url":"https:\/\/kidsplay.lt\/","logo":{"@type":"ImageObject","inLanguage":"lv-LV","@id":"https:\/\/kidsplay.lt\/#\/schema\/logo\/image\/","url":"https:\/\/kidsplay.lt\/wp-content\/uploads\/2023\/07\/kidsplay-logo.png","contentUrl":"https:\/\/kidsplay.lt\/wp-content\/uploads\/2023\/07\/kidsplay-logo.png","width":451,"height":98,"caption":"KidsPlay"},"image":{"@id":"https:\/\/kidsplay.lt\/#\/schema\/logo\/image\/"},"sameAs":["https:\/\/www.facebook.com\/www.kidsplay.lt"]}]}},"_links":{"self":[{"href":"https:\/\/kidsplay.lt\/lv\/wp-json\/wp\/v2\/product\/87161","targetHints":{"allow":["GET"]}}],"collection":[{"href":"https:\/\/kidsplay.lt\/lv\/wp-json\/wp\/v2\/product"}],"about":[{"href":"https:\/\/kidsplay.lt\/lv\/wp-json\/wp\/v2\/types\/product"}],"version-history":[{"count":1,"href":"https:\/\/kidsplay.lt\/lv\/wp-json\/wp\/v2\/product\/87161\/revisions"}],"predecessor-version":[{"id":87162,"href":"https:\/\/kidsplay.lt\/lv\/wp-json\/wp\/v2\/product\/87161\/revisions\/87162"}],"wp:featuredmedia":[{"embeddable":true,"href":"https:\/\/kidsplay.lt\/lv\/wp-json\/wp\/v2\/media\/87163"}],"wp:attachment":[{"href":"https:\/\/kidsplay.lt\/lv\/wp-json\/wp\/v2\/media?parent=87161"}],"wp:term":[{"taxonomy":"product_brand","embeddable":true,"href":"https:\/\/kidsplay.lt\/lv\/wp-json\/wp\/v2\/product_brand?post=87161"},{"taxonomy":"product_cat","embeddable":true,"href":"https:\/\/kidsplay.lt\/lv\/wp-json\/wp\/v2\/product_cat?post=87161"},{"taxonomy":"product_tag","embeddable":true,"href":"https:\/\/kidsplay.lt\/lv\/wp-json\/wp\/v2\/product_tag?post=87161"}],"curies":[{"name":"wp","href":"https:\/\/api.w.org\/{rel}","templated":true}]}}