{"id":87166,"date":"2026-02-24T20:10:22","date_gmt":"2026-02-24T18:10:22","guid":{"rendered":"https:\/\/kidsplay.lt\/produktas\/woopie-royal-lele-emi-su-zydra-tiuline-suknele\/"},"modified":"2026-04-07T09:56:58","modified_gmt":"2026-04-07T06:56:58","slug":"woopie-royal-lele-emi-su-zydra-tiuline-suknele","status":"publish","type":"product","link":"https:\/\/kidsplay.lt\/lv\/products\/woopie-royal-lele-emi-su-zydra-tiuline-suknele\/","title":{"rendered":"WOOPIE ROYAL L\u0117l\u0117 Emi su \u017dydra Tiuline Suknele"},"content":{"rendered":"<p>Atrask elegancij\u0105 ir \u017eaves\u012f su Emi \u2013 WOOPIE ROYAL kolekcijos princese, kuri su\u017eav\u0117s savo \u0161velnia i\u0161vaizda, \u017evilgan\u010dia \u017eydra suknele ir kruop\u0161\u010diai apgalvotomis detal\u0117mis. Emi turi ilgus, rudus plaukus, papuo\u0161tus kar\u016bna, o jos lengvai plat\u0117janti suknel\u0117 su tiuliu, kaspinu ir blizgiais akcentais suteikia tikros pasak\u0173 heroj\u0117s \u012fvaizd\u012f.<\/p>\n<p>Tai \u017eaislas, kuris \u012fkvepia kurti istorijas, \u017eaisti mados \u017eaidimus ir lavinti k\u016brybi\u0161kum\u0105. Daili pakuot\u0117 paver\u010dia \u0161i\u0105 l\u0117l\u0119 puikia dovana bet kuriai ma\u017eajai stilistei.<\/p>\n<p>Raksturojums<\/p>\n<p> \tRekomenduojama vaikams nuo 3 met\u0173<br \/>\n \tEleganti\u0161ka l\u0117l\u0117 su ilgais rudais plaukais<br \/>\n \tMadinga \u017eydra suknel\u0117 su tiuliu, kaspinu ir dekoratyviniais akcentais<br \/>\n \tStilinga kar\u016bna, suteikianti karali\u0161k\u0105 \u012fvaizd\u012f<br \/>\n \tModernus dizainas, \u012fkv\u0117ptas mados podium\u0173<br \/>\n \tJudan\u010dios gal\u016bn\u0117s \u2013 galima pastatyti \u012fvairiose pozose<br \/>\n \tSaugios, patvarios ir vaikams draugi\u0161kos med\u017eiagos<br \/>\n \tDaili, skaidriu langu dekoruota pakuot\u0117 \u2013 puikiai tinka dovanai<\/p>\n<p>Komplekta saturs<\/p>\n<p> \tL\u0117l\u0117 Emi<br \/>\n \t\u017dydra suknel\u0117<br \/>\n \tSidabriniai bateliai<br \/>\n \tKar\u016bna<br \/>\n \tG\u0117li\u0173 puok\u0161tel\u0117<\/p>\n<p>Rota\u013clietu lav\u012bna<\/p>\n<p> \tk\u016brybi\u0161kum\u0105 ir vaizduot\u0119<br \/>\n \tsmulki\u0105j\u0105 motorik\u0105 ir koordinacij\u0105<br \/>\n \tgeb\u0117jim\u0105 kurti istorijas ir vaidinti<br \/>\n \tempatij\u0105 ir r\u016bpestingum\u0105<\/p>\n<p>Produkto matmenys: 32 \u00d7 8 \u00d7 4 cm Pakuot\u0117s matmenys: 27 \u00d7 6 \u00d7 32 cm<\/p>","protected":false},"excerpt":{"rendered":"<p>Atrask elegancij\u0105 ir \u017eaves\u012f su Emi \u2013 WOOPIE ROYAL kolekcijos princese, kuri su\u017eav\u0117s savo \u0161velnia i\u0161vaizda, \u017evilgan\u010dia \u017eydra suknele ir<\/p>","protected":false},"featured_media":87168,"template":"","meta":{"_acf_changed":false,"_glsr_average":0,"_glsr_ranking":0,"_glsr_reviews":0},"product_brand":[],"product_cat":[443,229],"product_tag":[],"class_list":{"0":"post-87166","1":"product","2":"type-product","3":"status-publish","4":"has-post-thumbnail","6":"product_cat-leles-ir-priedai","7":"product_cat-zaislai-vaikams","8":"\"style=\"background-color: #2ecc711c;\"","10":"first","11":"instock","12":"purchasable","13":"product-type-simple"},"acf":[],"yoast_head":"<!-- This site is optimized with the Yoast SEO plugin v27.3 - https:\/\/yoast.com\/product\/yoast-seo-wordpress\/ -->\n<title>WOOPIE ROYAL L\u0117l\u0117 Emi su \u017dydra Tiuline Suknele<\/title>\n<meta name=\"description\" content=\"WOOPIE ROYAL L\u0117l\u0117 Emi su \u017dydra Tiuline Suknele - KidsPlay. Did\u017eiausias vaik\u0173 \u017eaisl\u0173 pasirinkimas.\" \/>\n<meta name=\"robots\" content=\"index, follow, max-snippet:-1, max-image-preview:large, max-video-preview:-1\" \/>\n<link rel=\"canonical\" href=\"https:\/\/kidsplay.lt\/lv\/products\/woopie-royal-lele-emi-su-zydra-tiuline-suknele\/\" \/>\n<meta property=\"og:locale\" content=\"lv_LV\" \/>\n<meta property=\"og:type\" content=\"article\" \/>\n<meta property=\"og:title\" content=\"WOOPIE ROYAL L\u0117l\u0117 Emi su \u017dydra Tiuline Suknele\" \/>\n<meta property=\"og:description\" content=\"WOOPIE ROYAL L\u0117l\u0117 Emi su \u017dydra Tiuline Suknele - KidsPlay. Did\u017eiausias vaik\u0173 \u017eaisl\u0173 pasirinkimas.\" \/>\n<meta property=\"og:url\" content=\"https:\/\/kidsplay.lt\/lv\/products\/woopie-royal-lele-emi-su-zydra-tiuline-suknele\/\" \/>\n<meta property=\"og:site_name\" content=\"KidsPlay\" \/>\n<meta property=\"article:publisher\" content=\"https:\/\/www.facebook.com\/www.kidsplay.lt\" \/>\n<meta property=\"article:modified_time\" content=\"2026-04-07T06:56:58+00:00\" \/>\n<meta property=\"og:image\" content=\"https:\/\/kidsplay.lt\/wp-content\/uploads\/2026\/02\/WOOPIE-ROYAL-Lele-Emi-su-Zydra-Tiuline-Suknele.jpg\" \/>\n\t<meta property=\"og:image:width\" content=\"1000\" \/>\n\t<meta property=\"og:image:height\" content=\"1000\" \/>\n\t<meta property=\"og:image:type\" content=\"image\/jpeg\" \/>\n<meta name=\"twitter:card\" content=\"summary_large_image\" \/>\n<meta name=\"twitter:label1\" content=\"Est. reading time\" \/>\n\t<meta name=\"twitter:data1\" content=\"1 min\u016bte\" \/>\n<script type=\"application\/ld+json\" class=\"yoast-schema-graph\">{\"@context\":\"https:\\\/\\\/schema.org\",\"@graph\":[{\"@type\":\"WebPage\",\"@id\":\"https:\\\/\\\/kidsplay.lt\\\/produktas\\\/woopie-royal-lele-emi-su-zydra-tiuline-suknele\\\/\",\"url\":\"https:\\\/\\\/kidsplay.lt\\\/produktas\\\/woopie-royal-lele-emi-su-zydra-tiuline-suknele\\\/\",\"name\":\"WOOPIE ROYAL L\u0117l\u0117 Emi su \u017dydra Tiuline Suknele\",\"isPartOf\":{\"@id\":\"https:\\\/\\\/kidsplay.lt\\\/#website\"},\"primaryImageOfPage\":{\"@id\":\"https:\\\/\\\/kidsplay.lt\\\/produktas\\\/woopie-royal-lele-emi-su-zydra-tiuline-suknele\\\/#primaryimage\"},\"image\":{\"@id\":\"https:\\\/\\\/kidsplay.lt\\\/produktas\\\/woopie-royal-lele-emi-su-zydra-tiuline-suknele\\\/#primaryimage\"},\"thumbnailUrl\":\"https:\\\/\\\/kidsplay.lt\\\/wp-content\\\/uploads\\\/2026\\\/02\\\/WOOPIE-ROYAL-Lele-Emi-su-Zydra-Tiuline-Suknele.jpg\",\"datePublished\":\"2026-02-24T18:10:22+00:00\",\"dateModified\":\"2026-04-07T06:56:58+00:00\",\"description\":\"WOOPIE ROYAL L\u0117l\u0117 Emi su \u017dydra Tiuline Suknele - KidsPlay. Did\u017eiausias vaik\u0173 \u017eaisl\u0173 pasirinkimas.\",\"breadcrumb\":{\"@id\":\"https:\\\/\\\/kidsplay.lt\\\/produktas\\\/woopie-royal-lele-emi-su-zydra-tiuline-suknele\\\/#breadcrumb\"},\"inLanguage\":\"lv-LV\",\"potentialAction\":[{\"@type\":\"ReadAction\",\"target\":[\"https:\\\/\\\/kidsplay.lt\\\/produktas\\\/woopie-royal-lele-emi-su-zydra-tiuline-suknele\\\/\"]}]},{\"@type\":\"ImageObject\",\"inLanguage\":\"lv-LV\",\"@id\":\"https:\\\/\\\/kidsplay.lt\\\/produktas\\\/woopie-royal-lele-emi-su-zydra-tiuline-suknele\\\/#primaryimage\",\"url\":\"https:\\\/\\\/kidsplay.lt\\\/wp-content\\\/uploads\\\/2026\\\/02\\\/WOOPIE-ROYAL-Lele-Emi-su-Zydra-Tiuline-Suknele.jpg\",\"contentUrl\":\"https:\\\/\\\/kidsplay.lt\\\/wp-content\\\/uploads\\\/2026\\\/02\\\/WOOPIE-ROYAL-Lele-Emi-su-Zydra-Tiuline-Suknele.jpg\",\"width\":1000,\"height\":1000,\"caption\":\"WOOPIE ROYAL L\u0117l\u0117 Emi su \u017dydra Tiuline Suknele\"},{\"@type\":\"BreadcrumbList\",\"@id\":\"https:\\\/\\\/kidsplay.lt\\\/produktas\\\/woopie-royal-lele-emi-su-zydra-tiuline-suknele\\\/#breadcrumb\",\"itemListElement\":[{\"@type\":\"ListItem\",\"position\":1,\"name\":\"Pagrindinis\",\"item\":\"https:\\\/\\\/kidsplay.lt\\\/\"},{\"@type\":\"ListItem\",\"position\":2,\"name\":\"Parduotuv\u0117\",\"item\":\"https:\\\/\\\/kidsplay.lt\\\/parduotuve\\\/\"},{\"@type\":\"ListItem\",\"position\":3,\"name\":\"WOOPIE ROYAL L\u0117l\u0117 Emi su \u017dydra Tiuline Suknele\"}]},{\"@type\":\"WebSite\",\"@id\":\"https:\\\/\\\/kidsplay.lt\\\/#website\",\"url\":\"https:\\\/\\\/kidsplay.lt\\\/\",\"name\":\"Kidsplay.lt\",\"description\":\"\u012evairios prek\u0117s vaikams\",\"publisher\":{\"@id\":\"https:\\\/\\\/kidsplay.lt\\\/#organization\"},\"alternateName\":\"Kidsplay\",\"potentialAction\":[{\"@type\":\"SearchAction\",\"target\":{\"@type\":\"EntryPoint\",\"urlTemplate\":\"https:\\\/\\\/kidsplay.lt\\\/?s={search_term_string}\"},\"query-input\":{\"@type\":\"PropertyValueSpecification\",\"valueRequired\":true,\"valueName\":\"search_term_string\"}}],\"inLanguage\":\"lv-LV\"},{\"@type\":\"Organization\",\"@id\":\"https:\\\/\\\/kidsplay.lt\\\/#organization\",\"name\":\"KidsPlay\",\"url\":\"https:\\\/\\\/kidsplay.lt\\\/\",\"logo\":{\"@type\":\"ImageObject\",\"inLanguage\":\"lv-LV\",\"@id\":\"https:\\\/\\\/kidsplay.lt\\\/#\\\/schema\\\/logo\\\/image\\\/\",\"url\":\"https:\\\/\\\/kidsplay.lt\\\/wp-content\\\/uploads\\\/2023\\\/07\\\/kidsplay-logo.png\",\"contentUrl\":\"https:\\\/\\\/kidsplay.lt\\\/wp-content\\\/uploads\\\/2023\\\/07\\\/kidsplay-logo.png\",\"width\":451,\"height\":98,\"caption\":\"KidsPlay\"},\"image\":{\"@id\":\"https:\\\/\\\/kidsplay.lt\\\/#\\\/schema\\\/logo\\\/image\\\/\"},\"sameAs\":[\"https:\\\/\\\/www.facebook.com\\\/www.kidsplay.lt\"]}]}<\/script>\n<!-- \/ Yoast SEO plugin. -->","yoast_head_json":{"title":"WOOPIE ROYAL L\u0117l\u0117 Emi su \u017dydra Tiuline Suknele","description":"WOOPIE ROYAL L\u0117l\u0117 Emi su \u017dydra Tiuline Suknele - KidsPlay. Did\u017eiausias vaik\u0173 \u017eaisl\u0173 pasirinkimas.","robots":{"index":"index","follow":"follow","max-snippet":"max-snippet:-1","max-image-preview":"max-image-preview:large","max-video-preview":"max-video-preview:-1"},"canonical":"https:\/\/kidsplay.lt\/lv\/products\/woopie-royal-lele-emi-su-zydra-tiuline-suknele\/","og_locale":"lv_LV","og_type":"article","og_title":"WOOPIE ROYAL L\u0117l\u0117 Emi su \u017dydra Tiuline Suknele","og_description":"WOOPIE ROYAL L\u0117l\u0117 Emi su \u017dydra Tiuline Suknele - KidsPlay. Did\u017eiausias vaik\u0173 \u017eaisl\u0173 pasirinkimas.","og_url":"https:\/\/kidsplay.lt\/lv\/products\/woopie-royal-lele-emi-su-zydra-tiuline-suknele\/","og_site_name":"KidsPlay","article_publisher":"https:\/\/www.facebook.com\/www.kidsplay.lt","article_modified_time":"2026-04-07T06:56:58+00:00","og_image":[{"width":1000,"height":1000,"url":"https:\/\/kidsplay.lt\/wp-content\/uploads\/2026\/02\/WOOPIE-ROYAL-Lele-Emi-su-Zydra-Tiuline-Suknele.jpg","type":"image\/jpeg"}],"twitter_card":"summary_large_image","twitter_misc":{"Est. reading time":"1 min\u016bte"},"schema":{"@context":"https:\/\/schema.org","@graph":[{"@type":"WebPage","@id":"https:\/\/kidsplay.lt\/produktas\/woopie-royal-lele-emi-su-zydra-tiuline-suknele\/","url":"https:\/\/kidsplay.lt\/produktas\/woopie-royal-lele-emi-su-zydra-tiuline-suknele\/","name":"WOOPIE ROYAL L\u0117l\u0117 Emi su \u017dydra Tiuline Suknele","isPartOf":{"@id":"https:\/\/kidsplay.lt\/#website"},"primaryImageOfPage":{"@id":"https:\/\/kidsplay.lt\/produktas\/woopie-royal-lele-emi-su-zydra-tiuline-suknele\/#primaryimage"},"image":{"@id":"https:\/\/kidsplay.lt\/produktas\/woopie-royal-lele-emi-su-zydra-tiuline-suknele\/#primaryimage"},"thumbnailUrl":"https:\/\/kidsplay.lt\/wp-content\/uploads\/2026\/02\/WOOPIE-ROYAL-Lele-Emi-su-Zydra-Tiuline-Suknele.jpg","datePublished":"2026-02-24T18:10:22+00:00","dateModified":"2026-04-07T06:56:58+00:00","description":"WOOPIE ROYAL L\u0117l\u0117 Emi su \u017dydra Tiuline Suknele - KidsPlay. Did\u017eiausias vaik\u0173 \u017eaisl\u0173 pasirinkimas.","breadcrumb":{"@id":"https:\/\/kidsplay.lt\/produktas\/woopie-royal-lele-emi-su-zydra-tiuline-suknele\/#breadcrumb"},"inLanguage":"lv-LV","potentialAction":[{"@type":"ReadAction","target":["https:\/\/kidsplay.lt\/produktas\/woopie-royal-lele-emi-su-zydra-tiuline-suknele\/"]}]},{"@type":"ImageObject","inLanguage":"lv-LV","@id":"https:\/\/kidsplay.lt\/produktas\/woopie-royal-lele-emi-su-zydra-tiuline-suknele\/#primaryimage","url":"https:\/\/kidsplay.lt\/wp-content\/uploads\/2026\/02\/WOOPIE-ROYAL-Lele-Emi-su-Zydra-Tiuline-Suknele.jpg","contentUrl":"https:\/\/kidsplay.lt\/wp-content\/uploads\/2026\/02\/WOOPIE-ROYAL-Lele-Emi-su-Zydra-Tiuline-Suknele.jpg","width":1000,"height":1000,"caption":"WOOPIE ROYAL L\u0117l\u0117 Emi su \u017dydra Tiuline Suknele"},{"@type":"BreadcrumbList","@id":"https:\/\/kidsplay.lt\/produktas\/woopie-royal-lele-emi-su-zydra-tiuline-suknele\/#breadcrumb","itemListElement":[{"@type":"ListItem","position":1,"name":"Pagrindinis","item":"https:\/\/kidsplay.lt\/"},{"@type":"ListItem","position":2,"name":"Parduotuv\u0117","item":"https:\/\/kidsplay.lt\/parduotuve\/"},{"@type":"ListItem","position":3,"name":"WOOPIE ROYAL L\u0117l\u0117 Emi su \u017dydra Tiuline Suknele"}]},{"@type":"WebSite","@id":"https:\/\/kidsplay.lt\/#website","url":"https:\/\/kidsplay.lt\/","name":"B\u0113rnu sp\u0113les.lv","description":"\u012evairios prek\u0117s vaikams","publisher":{"@id":"https:\/\/kidsplay.lt\/#organization"},"alternateName":"Kidsplay","potentialAction":[{"@type":"SearchAction","target":{"@type":"EntryPoint","urlTemplate":"https:\/\/kidsplay.lt\/?s={search_term_string}"},"query-input":{"@type":"PropertyValueSpecification","valueRequired":true,"valueName":"search_term_string"}}],"inLanguage":"lv-LV"},{"@type":"Organization","@id":"https:\/\/kidsplay.lt\/#organization","name":"B\u0113rnu sp\u0113le","url":"https:\/\/kidsplay.lt\/","logo":{"@type":"ImageObject","inLanguage":"lv-LV","@id":"https:\/\/kidsplay.lt\/#\/schema\/logo\/image\/","url":"https:\/\/kidsplay.lt\/wp-content\/uploads\/2023\/07\/kidsplay-logo.png","contentUrl":"https:\/\/kidsplay.lt\/wp-content\/uploads\/2023\/07\/kidsplay-logo.png","width":451,"height":98,"caption":"KidsPlay"},"image":{"@id":"https:\/\/kidsplay.lt\/#\/schema\/logo\/image\/"},"sameAs":["https:\/\/www.facebook.com\/www.kidsplay.lt"]}]}},"_links":{"self":[{"href":"https:\/\/kidsplay.lt\/lv\/wp-json\/wp\/v2\/product\/87166","targetHints":{"allow":["GET"]}}],"collection":[{"href":"https:\/\/kidsplay.lt\/lv\/wp-json\/wp\/v2\/product"}],"about":[{"href":"https:\/\/kidsplay.lt\/lv\/wp-json\/wp\/v2\/types\/product"}],"version-history":[{"count":1,"href":"https:\/\/kidsplay.lt\/lv\/wp-json\/wp\/v2\/product\/87166\/revisions"}],"predecessor-version":[{"id":87167,"href":"https:\/\/kidsplay.lt\/lv\/wp-json\/wp\/v2\/product\/87166\/revisions\/87167"}],"wp:featuredmedia":[{"embeddable":true,"href":"https:\/\/kidsplay.lt\/lv\/wp-json\/wp\/v2\/media\/87168"}],"wp:attachment":[{"href":"https:\/\/kidsplay.lt\/lv\/wp-json\/wp\/v2\/media?parent=87166"}],"wp:term":[{"taxonomy":"product_brand","embeddable":true,"href":"https:\/\/kidsplay.lt\/lv\/wp-json\/wp\/v2\/product_brand?post=87166"},{"taxonomy":"product_cat","embeddable":true,"href":"https:\/\/kidsplay.lt\/lv\/wp-json\/wp\/v2\/product_cat?post=87166"},{"taxonomy":"product_tag","embeddable":true,"href":"https:\/\/kidsplay.lt\/lv\/wp-json\/wp\/v2\/product_tag?post=87166"}],"curies":[{"name":"wp","href":"https:\/\/api.w.org\/{rel}","templated":true}]}}