{"id":87236,"date":"2026-02-24T20:14:51","date_gmt":"2026-02-24T18:14:51","guid":{"rendered":"https:\/\/kidsplay.lt\/produktas\/woopie-lele-su-suniuku-ir-paspirtuku\/"},"modified":"2026-04-13T14:20:27","modified_gmt":"2026-04-13T11:20:27","slug":"woopie-lele-su-suniuku-ir-paspirtuku","status":"publish","type":"product","link":"https:\/\/kidsplay.lt\/lv\/products\/woopie-lele-su-suniuku-ir-paspirtuku\/","title":{"rendered":"WOOPIE lelle ar kuc\u0113nu un skrejriteni"},"content":{"rendered":"<p>\u0160i \u017eavinga Ankiki l\u0117l\u0117 i\u0161 WOOPIE! u\u017ekariaus kiekvienos \u017eaismingos mergait\u0117s \u0161ird\u012f. \u0160is rinkinys suteikia daugyb\u0119 k\u016brybinio \u017eaidimo galimybi\u0173, skatinan\u010di\u0173 kurti nuostabias istorijas. L\u0117l\u0117 vilki mading\u0105 aprang\u0105 ir j\u0105 lydi mielas baltas \u0161uniukas, o prid\u0117tas\u00a0paspirtukas\u00a0suteiks \u017eaidimui dar daugiau nuotyki\u0173. Tobula dovana vaikams nuo 3 met\u0173 \u2014 suteikia valandas linksm\u0173 ir lavinan\u010di\u0173 \u017eaidim\u0173.<\/p>\n<p>Funkcijas:<\/p>\n<p> \tB\u0113rniem no 3 gadu vecuma<br \/>\n \tRinkinys temomis aktyviam laisvalaikiui (paspirtukas) ir gyv\u016bn\u0173 prie\u017ei\u016brai<br \/>\n \tL\u0117l\u0117 turi \u017eaving\u0105 i\u0161vaizd\u0105 \u2014 blondin\u0117 \u0161ukuosena, m\u0117lynos akys, madinga palaidin\u0117 su ra\u0161tu ir sm\u0117lio\u2013oran\u017ein\u0117s dry\u017euotos spalvos sijonas<\/p>\n<p>Rinkin\u012f sudaro:<\/p>\n<p> \tAnkiki l\u0117l\u0117<br \/>\n \tBaltos spalvos \u0161uniuko fig\u016br\u0117l\u0117<br \/>\n \tPaspirtukas<\/p>\n<p>Rota\u013clietu lav\u012bna:<\/p>\n<p> \tRado\u0161ums un izt\u0113le<br \/>\n \tSocialinius \u012fg\u016bd\u017eius<br \/>\n \tSmulkiosios motorikos \u012fg\u016bd\u017eius<br \/>\n \tJautrum\u0105 ir empatij\u0105<br \/>\n \tEmocij\u0173 atpa\u017einim\u0105<\/p>","protected":false},"excerpt":{"rendered":"<p>\u0160i \u017eavinga Ankiki l\u0117l\u0117 i\u0161 WOOPIE! u\u017ekariaus kiekvienos \u017eaismingos mergait\u0117s \u0161ird\u012f. \u0160is rinkinys suteikia daugyb\u0119 k\u016brybinio \u017eaidimo galimybi\u0173, skatinan\u010di\u0173 kurti<\/p>","protected":false},"featured_media":87238,"template":"","meta":{"_acf_changed":false,"_glsr_average":0,"_glsr_ranking":0,"_glsr_reviews":0},"product_brand":[],"product_cat":[443,229],"product_tag":[],"class_list":{"0":"post-87236","1":"product","2":"type-product","3":"status-publish","4":"has-post-thumbnail","6":"product_cat-leles-ir-priedai","7":"product_cat-zaislai-vaikams","8":"\"style=\"background-color: #2ecc711c;\"","10":"first","11":"instock","12":"purchasable","13":"product-type-simple"},"acf":[],"yoast_head":"<!-- This site is optimized with the Yoast SEO plugin v27.4 - https:\/\/yoast.com\/product\/yoast-seo-wordpress\/ -->\n<title>WOOPIE l\u0117l\u0117 su \u0161uniuku ir paspirtuku<\/title>\n<meta name=\"description\" content=\"WOOPIE l\u0117l\u0117 su \u0161uniuku ir paspirtuku - KidsPlay. Did\u017eiausias vaik\u0173 \u017eaisl\u0173 pasirinkimas.\" \/>\n<meta name=\"robots\" content=\"index, follow, max-snippet:-1, max-image-preview:large, max-video-preview:-1\" \/>\n<link rel=\"canonical\" href=\"https:\/\/kidsplay.lt\/lv\/products\/woopie-lele-su-suniuku-ir-paspirtuku\/\" \/>\n<meta property=\"og:locale\" content=\"lv_LV\" \/>\n<meta property=\"og:type\" content=\"article\" \/>\n<meta property=\"og:title\" content=\"WOOPIE l\u0117l\u0117 su \u0161uniuku ir paspirtuku\" \/>\n<meta property=\"og:description\" content=\"WOOPIE l\u0117l\u0117 su \u0161uniuku ir paspirtuku - KidsPlay. Did\u017eiausias vaik\u0173 \u017eaisl\u0173 pasirinkimas.\" \/>\n<meta property=\"og:url\" content=\"https:\/\/kidsplay.lt\/lv\/products\/woopie-lele-su-suniuku-ir-paspirtuku\/\" \/>\n<meta property=\"og:site_name\" content=\"KidsPlay\" \/>\n<meta property=\"article:publisher\" content=\"https:\/\/www.facebook.com\/www.kidsplay.lt\" \/>\n<meta property=\"article:modified_time\" content=\"2026-04-13T11:20:27+00:00\" \/>\n<meta property=\"og:image\" content=\"https:\/\/kidsplay.lt\/wp-content\/uploads\/2026\/02\/WOOPIE-lele-su-suniuku-ir-paspirtuku.jpg\" \/>\n\t<meta property=\"og:image:width\" content=\"1000\" \/>\n\t<meta property=\"og:image:height\" content=\"1000\" \/>\n\t<meta property=\"og:image:type\" content=\"image\/jpeg\" \/>\n<meta name=\"twitter:card\" content=\"summary_large_image\" \/>\n<meta name=\"twitter:label1\" content=\"Est. reading time\" \/>\n\t<meta name=\"twitter:data1\" content=\"1 min\u016bte\" \/>\n<script type=\"application\/ld+json\" class=\"yoast-schema-graph\">{\"@context\":\"https:\\\/\\\/schema.org\",\"@graph\":[{\"@type\":\"WebPage\",\"@id\":\"https:\\\/\\\/kidsplay.lt\\\/produktas\\\/woopie-lele-su-suniuku-ir-paspirtuku\\\/\",\"url\":\"https:\\\/\\\/kidsplay.lt\\\/produktas\\\/woopie-lele-su-suniuku-ir-paspirtuku\\\/\",\"name\":\"WOOPIE l\u0117l\u0117 su \u0161uniuku ir paspirtuku\",\"isPartOf\":{\"@id\":\"https:\\\/\\\/kidsplay.lt\\\/#website\"},\"primaryImageOfPage\":{\"@id\":\"https:\\\/\\\/kidsplay.lt\\\/produktas\\\/woopie-lele-su-suniuku-ir-paspirtuku\\\/#primaryimage\"},\"image\":{\"@id\":\"https:\\\/\\\/kidsplay.lt\\\/produktas\\\/woopie-lele-su-suniuku-ir-paspirtuku\\\/#primaryimage\"},\"thumbnailUrl\":\"https:\\\/\\\/kidsplay.lt\\\/wp-content\\\/uploads\\\/2026\\\/02\\\/WOOPIE-lele-su-suniuku-ir-paspirtuku.jpg\",\"datePublished\":\"2026-02-24T18:14:51+00:00\",\"dateModified\":\"2026-04-13T11:20:27+00:00\",\"description\":\"WOOPIE l\u0117l\u0117 su \u0161uniuku ir paspirtuku - KidsPlay. Did\u017eiausias vaik\u0173 \u017eaisl\u0173 pasirinkimas.\",\"breadcrumb\":{\"@id\":\"https:\\\/\\\/kidsplay.lt\\\/produktas\\\/woopie-lele-su-suniuku-ir-paspirtuku\\\/#breadcrumb\"},\"inLanguage\":\"lv-LV\",\"potentialAction\":[{\"@type\":\"ReadAction\",\"target\":[\"https:\\\/\\\/kidsplay.lt\\\/produktas\\\/woopie-lele-su-suniuku-ir-paspirtuku\\\/\"]}]},{\"@type\":\"ImageObject\",\"inLanguage\":\"lv-LV\",\"@id\":\"https:\\\/\\\/kidsplay.lt\\\/produktas\\\/woopie-lele-su-suniuku-ir-paspirtuku\\\/#primaryimage\",\"url\":\"https:\\\/\\\/kidsplay.lt\\\/wp-content\\\/uploads\\\/2026\\\/02\\\/WOOPIE-lele-su-suniuku-ir-paspirtuku.jpg\",\"contentUrl\":\"https:\\\/\\\/kidsplay.lt\\\/wp-content\\\/uploads\\\/2026\\\/02\\\/WOOPIE-lele-su-suniuku-ir-paspirtuku.jpg\",\"width\":1000,\"height\":1000,\"caption\":\"WOOPIE l\u0117l\u0117 su \u0161uniuku ir paspirtuku\"},{\"@type\":\"BreadcrumbList\",\"@id\":\"https:\\\/\\\/kidsplay.lt\\\/produktas\\\/woopie-lele-su-suniuku-ir-paspirtuku\\\/#breadcrumb\",\"itemListElement\":[{\"@type\":\"ListItem\",\"position\":1,\"name\":\"Pagrindinis\",\"item\":\"https:\\\/\\\/kidsplay.lt\\\/\"},{\"@type\":\"ListItem\",\"position\":2,\"name\":\"Parduotuv\u0117\",\"item\":\"https:\\\/\\\/kidsplay.lt\\\/parduotuve\\\/\"},{\"@type\":\"ListItem\",\"position\":3,\"name\":\"WOOPIE l\u0117l\u0117 su \u0161uniuku ir paspirtuku\"}]},{\"@type\":\"WebSite\",\"@id\":\"https:\\\/\\\/kidsplay.lt\\\/#website\",\"url\":\"https:\\\/\\\/kidsplay.lt\\\/\",\"name\":\"Kidsplay.lt\",\"description\":\"\u012evairios prek\u0117s vaikams\",\"publisher\":{\"@id\":\"https:\\\/\\\/kidsplay.lt\\\/#organization\"},\"alternateName\":\"Kidsplay\",\"potentialAction\":[{\"@type\":\"SearchAction\",\"target\":{\"@type\":\"EntryPoint\",\"urlTemplate\":\"https:\\\/\\\/kidsplay.lt\\\/?s={search_term_string}\"},\"query-input\":{\"@type\":\"PropertyValueSpecification\",\"valueRequired\":true,\"valueName\":\"search_term_string\"}}],\"inLanguage\":\"lv-LV\"},{\"@type\":\"Organization\",\"@id\":\"https:\\\/\\\/kidsplay.lt\\\/#organization\",\"name\":\"KidsPlay\",\"url\":\"https:\\\/\\\/kidsplay.lt\\\/\",\"logo\":{\"@type\":\"ImageObject\",\"inLanguage\":\"lv-LV\",\"@id\":\"https:\\\/\\\/kidsplay.lt\\\/#\\\/schema\\\/logo\\\/image\\\/\",\"url\":\"https:\\\/\\\/kidsplay.lt\\\/wp-content\\\/uploads\\\/2023\\\/07\\\/kidsplay-logo.png\",\"contentUrl\":\"https:\\\/\\\/kidsplay.lt\\\/wp-content\\\/uploads\\\/2023\\\/07\\\/kidsplay-logo.png\",\"width\":451,\"height\":98,\"caption\":\"KidsPlay\"},\"image\":{\"@id\":\"https:\\\/\\\/kidsplay.lt\\\/#\\\/schema\\\/logo\\\/image\\\/\"},\"sameAs\":[\"https:\\\/\\\/www.facebook.com\\\/www.kidsplay.lt\"]}]}<\/script>\n<!-- \/ Yoast SEO plugin. -->","yoast_head_json":{"title":"WOOPIE lelle ar kuc\u0113nu un skrejriteni","description":"WOOPIE l\u0117l\u0117 su \u0161uniuku ir paspirtuku - KidsPlay. Did\u017eiausias vaik\u0173 \u017eaisl\u0173 pasirinkimas.","robots":{"index":"index","follow":"follow","max-snippet":"max-snippet:-1","max-image-preview":"max-image-preview:large","max-video-preview":"max-video-preview:-1"},"canonical":"https:\/\/kidsplay.lt\/lv\/products\/woopie-lele-su-suniuku-ir-paspirtuku\/","og_locale":"lv_LV","og_type":"article","og_title":"WOOPIE l\u0117l\u0117 su \u0161uniuku ir paspirtuku","og_description":"WOOPIE l\u0117l\u0117 su \u0161uniuku ir paspirtuku - KidsPlay. Did\u017eiausias vaik\u0173 \u017eaisl\u0173 pasirinkimas.","og_url":"https:\/\/kidsplay.lt\/lv\/products\/woopie-lele-su-suniuku-ir-paspirtuku\/","og_site_name":"KidsPlay","article_publisher":"https:\/\/www.facebook.com\/www.kidsplay.lt","article_modified_time":"2026-04-13T11:20:27+00:00","og_image":[{"width":1000,"height":1000,"url":"https:\/\/kidsplay.lt\/wp-content\/uploads\/2026\/02\/WOOPIE-lele-su-suniuku-ir-paspirtuku.jpg","type":"image\/jpeg"}],"twitter_card":"summary_large_image","twitter_misc":{"Est. reading time":"1 min\u016bte"},"schema":{"@context":"https:\/\/schema.org","@graph":[{"@type":"WebPage","@id":"https:\/\/kidsplay.lt\/produktas\/woopie-lele-su-suniuku-ir-paspirtuku\/","url":"https:\/\/kidsplay.lt\/produktas\/woopie-lele-su-suniuku-ir-paspirtuku\/","name":"WOOPIE lelle ar kuc\u0113nu un skrejriteni","isPartOf":{"@id":"https:\/\/kidsplay.lt\/#website"},"primaryImageOfPage":{"@id":"https:\/\/kidsplay.lt\/produktas\/woopie-lele-su-suniuku-ir-paspirtuku\/#primaryimage"},"image":{"@id":"https:\/\/kidsplay.lt\/produktas\/woopie-lele-su-suniuku-ir-paspirtuku\/#primaryimage"},"thumbnailUrl":"https:\/\/kidsplay.lt\/wp-content\/uploads\/2026\/02\/WOOPIE-lele-su-suniuku-ir-paspirtuku.jpg","datePublished":"2026-02-24T18:14:51+00:00","dateModified":"2026-04-13T11:20:27+00:00","description":"WOOPIE l\u0117l\u0117 su \u0161uniuku ir paspirtuku - KidsPlay. Did\u017eiausias vaik\u0173 \u017eaisl\u0173 pasirinkimas.","breadcrumb":{"@id":"https:\/\/kidsplay.lt\/produktas\/woopie-lele-su-suniuku-ir-paspirtuku\/#breadcrumb"},"inLanguage":"lv-LV","potentialAction":[{"@type":"ReadAction","target":["https:\/\/kidsplay.lt\/produktas\/woopie-lele-su-suniuku-ir-paspirtuku\/"]}]},{"@type":"ImageObject","inLanguage":"lv-LV","@id":"https:\/\/kidsplay.lt\/produktas\/woopie-lele-su-suniuku-ir-paspirtuku\/#primaryimage","url":"https:\/\/kidsplay.lt\/wp-content\/uploads\/2026\/02\/WOOPIE-lele-su-suniuku-ir-paspirtuku.jpg","contentUrl":"https:\/\/kidsplay.lt\/wp-content\/uploads\/2026\/02\/WOOPIE-lele-su-suniuku-ir-paspirtuku.jpg","width":1000,"height":1000,"caption":"WOOPIE l\u0117l\u0117 su \u0161uniuku ir paspirtuku"},{"@type":"BreadcrumbList","@id":"https:\/\/kidsplay.lt\/produktas\/woopie-lele-su-suniuku-ir-paspirtuku\/#breadcrumb","itemListElement":[{"@type":"ListItem","position":1,"name":"Pagrindinis","item":"https:\/\/kidsplay.lt\/"},{"@type":"ListItem","position":2,"name":"Parduotuv\u0117","item":"https:\/\/kidsplay.lt\/parduotuve\/"},{"@type":"ListItem","position":3,"name":"WOOPIE l\u0117l\u0117 su \u0161uniuku ir paspirtuku"}]},{"@type":"WebSite","@id":"https:\/\/kidsplay.lt\/#website","url":"https:\/\/kidsplay.lt\/","name":"B\u0113rnu sp\u0113les.lv","description":"\u012evairios prek\u0117s vaikams","publisher":{"@id":"https:\/\/kidsplay.lt\/#organization"},"alternateName":"Kidsplay","potentialAction":[{"@type":"SearchAction","target":{"@type":"EntryPoint","urlTemplate":"https:\/\/kidsplay.lt\/?s={search_term_string}"},"query-input":{"@type":"PropertyValueSpecification","valueRequired":true,"valueName":"search_term_string"}}],"inLanguage":"lv-LV"},{"@type":"Organization","@id":"https:\/\/kidsplay.lt\/#organization","name":"B\u0113rnu sp\u0113le","url":"https:\/\/kidsplay.lt\/","logo":{"@type":"ImageObject","inLanguage":"lv-LV","@id":"https:\/\/kidsplay.lt\/#\/schema\/logo\/image\/","url":"https:\/\/kidsplay.lt\/wp-content\/uploads\/2023\/07\/kidsplay-logo.png","contentUrl":"https:\/\/kidsplay.lt\/wp-content\/uploads\/2023\/07\/kidsplay-logo.png","width":451,"height":98,"caption":"KidsPlay"},"image":{"@id":"https:\/\/kidsplay.lt\/#\/schema\/logo\/image\/"},"sameAs":["https:\/\/www.facebook.com\/www.kidsplay.lt"]}]}},"_links":{"self":[{"href":"https:\/\/kidsplay.lt\/lv\/wp-json\/wp\/v2\/product\/87236","targetHints":{"allow":["GET"]}}],"collection":[{"href":"https:\/\/kidsplay.lt\/lv\/wp-json\/wp\/v2\/product"}],"about":[{"href":"https:\/\/kidsplay.lt\/lv\/wp-json\/wp\/v2\/types\/product"}],"version-history":[{"count":1,"href":"https:\/\/kidsplay.lt\/lv\/wp-json\/wp\/v2\/product\/87236\/revisions"}],"predecessor-version":[{"id":87237,"href":"https:\/\/kidsplay.lt\/lv\/wp-json\/wp\/v2\/product\/87236\/revisions\/87237"}],"wp:featuredmedia":[{"embeddable":true,"href":"https:\/\/kidsplay.lt\/lv\/wp-json\/wp\/v2\/media\/87238"}],"wp:attachment":[{"href":"https:\/\/kidsplay.lt\/lv\/wp-json\/wp\/v2\/media?parent=87236"}],"wp:term":[{"taxonomy":"product_brand","embeddable":true,"href":"https:\/\/kidsplay.lt\/lv\/wp-json\/wp\/v2\/product_brand?post=87236"},{"taxonomy":"product_cat","embeddable":true,"href":"https:\/\/kidsplay.lt\/lv\/wp-json\/wp\/v2\/product_cat?post=87236"},{"taxonomy":"product_tag","embeddable":true,"href":"https:\/\/kidsplay.lt\/lv\/wp-json\/wp\/v2\/product_tag?post=87236"}],"curies":[{"name":"wp","href":"https:\/\/api.w.org\/{rel}","templated":true}]}}