{"id":87240,"date":"2026-02-24T20:15:03","date_gmt":"2026-02-24T18:15:03","guid":{"rendered":"https:\/\/kidsplay.lt\/produktas\/woopie-princeses-lele-su-arkliuku-rinkinys\/"},"modified":"2026-04-07T09:59:18","modified_gmt":"2026-04-07T06:59:18","slug":"woopie-princeses-lele-su-arkliuku-rinkinys","status":"publish","type":"product","link":"https:\/\/kidsplay.lt\/lv\/products\/woopie-princeses-lele-su-arkliuku-rinkinys\/","title":{"rendered":"WOOPIE princes\u0117s l\u0117l\u0117 su arkliuku \u2014 rinkinys"},"content":{"rendered":"<p>\u012esijauskite \u012f pasak\u0173 pasaul\u012f su\u00a0Ankiki! \u0160is \u017eavingas\u00a0WOOPIE rinkinys\u00a0nukels j\u016bs\u0173 vaik\u0105 \u012f magi\u0161k\u0105 \u0161al\u012f, piln\u0105 svajoni\u0173 ir nuotyki\u0173. Princes\u0117 Ankiki ir jos gra\u017eus\u00a0baltas arkliukas\u00a0su ro\u017eine kar\u010diais yra tobulos \u017eaidim\u0173 draug\u0117s kiekvienam ma\u017eam fantazij\u0173 myl\u0117tojui. Rinkinys sukurtas atid\u017eiai apgalvojant kiekvien\u0105 detal\u0119, siekiant ugdyti vaiko k\u016brybi\u0161kum\u0105 ir vaizduot\u0119. Tai puiki dovanos id\u0117ja, kuri suteiks daug d\u017eiaugsmo ir \u0161ypsen\u0173!<\/p>\n<p>Funkcijas:<\/p>\n<p> \tL\u0117l\u0117 su judan\u010diais s\u0105nariais<br \/>\n \tSaugus vaikams nuo 3 met\u0173<br \/>\n \tAuk\u0161tos kokyb\u0117s med\u017eiagos ir apdirbimas<br \/>\n \tPuikiai tinka gyv\u016bn\u0173 ir arkli\u0173 myl\u0117tojams<\/p>\n<p>Rinkin\u012f sudaro:<\/p>\n<p> \tAnkiki l\u0117l\u0117 su suknele ir kar\u016bna<br \/>\n \tBaltas arkliukas su ro\u017eine kar\u010diais ir uodega<br \/>\n \tRo\u017ein\u0117 pakinkt\u0173 ir balno komplektacija<\/p>\n<p>\u017daislas lavina:<\/p>\n<p> \tVaizduot\u0119 ir k\u016brybi\u0161kum\u0105<br \/>\n \tPasakojimo \u012fg\u016bd\u017eius<br \/>\n \tKoordinacij\u0105 ir rank\u0173 miklum\u0105<br \/>\n \tEmpatij\u0105 ir r\u016bpest\u012f gyv\u016bnais<\/p>","protected":false},"excerpt":{"rendered":"<p>\u012esijauskite \u012f pasak\u0173 pasaul\u012f su\u00a0Ankiki! \u0160is \u017eavingas\u00a0WOOPIE rinkinys\u00a0nukels j\u016bs\u0173 vaik\u0105 \u012f magi\u0161k\u0105 \u0161al\u012f, piln\u0105 svajoni\u0173 ir nuotyki\u0173. Princes\u0117 Ankiki ir<\/p>","protected":false},"featured_media":87242,"template":"","meta":{"_acf_changed":false,"_glsr_average":0,"_glsr_ranking":0,"_glsr_reviews":0},"product_brand":[],"product_cat":[443,229],"product_tag":[],"class_list":{"0":"post-87240","1":"product","2":"type-product","3":"status-publish","4":"has-post-thumbnail","6":"product_cat-leles-ir-priedai","7":"product_cat-zaislai-vaikams","8":"\"style=\"background-color: #2ecc711c;\"","10":"first","11":"instock","12":"purchasable","13":"product-type-simple"},"acf":[],"yoast_head":"<!-- This site is optimized with the Yoast SEO plugin v27.3 - https:\/\/yoast.com\/product\/yoast-seo-wordpress\/ -->\n<title>WOOPIE princes\u0117s l\u0117l\u0117 su arkliuku \u2014 rinkinys<\/title>\n<meta name=\"description\" content=\"WOOPIE princes\u0117s l\u0117l\u0117 su arkliuku \u2014 rinkinys - KidsPlay. Did\u017eiausias vaik\u0173 \u017eaisl\u0173 pasirinkimas.\" \/>\n<meta name=\"robots\" content=\"index, follow, max-snippet:-1, max-image-preview:large, max-video-preview:-1\" \/>\n<link rel=\"canonical\" href=\"https:\/\/kidsplay.lt\/lv\/products\/woopie-princeses-lele-su-arkliuku-rinkinys\/\" \/>\n<meta property=\"og:locale\" content=\"lv_LV\" \/>\n<meta property=\"og:type\" content=\"article\" \/>\n<meta property=\"og:title\" content=\"WOOPIE princes\u0117s l\u0117l\u0117 su arkliuku \u2014 rinkinys\" \/>\n<meta property=\"og:description\" content=\"WOOPIE princes\u0117s l\u0117l\u0117 su arkliuku \u2014 rinkinys - KidsPlay. Did\u017eiausias vaik\u0173 \u017eaisl\u0173 pasirinkimas.\" \/>\n<meta property=\"og:url\" content=\"https:\/\/kidsplay.lt\/lv\/products\/woopie-princeses-lele-su-arkliuku-rinkinys\/\" \/>\n<meta property=\"og:site_name\" content=\"KidsPlay\" \/>\n<meta property=\"article:publisher\" content=\"https:\/\/www.facebook.com\/www.kidsplay.lt\" \/>\n<meta property=\"article:modified_time\" content=\"2026-04-07T06:59:18+00:00\" \/>\n<meta property=\"og:image\" content=\"https:\/\/kidsplay.lt\/wp-content\/uploads\/2026\/02\/WOOPIE-princeses-lele-su-arkliuku-\u2014-rinkinys.jpg\" \/>\n\t<meta property=\"og:image:width\" content=\"1000\" \/>\n\t<meta property=\"og:image:height\" content=\"1000\" \/>\n\t<meta property=\"og:image:type\" content=\"image\/jpeg\" \/>\n<meta name=\"twitter:card\" content=\"summary_large_image\" \/>\n<meta name=\"twitter:label1\" content=\"Est. reading time\" \/>\n\t<meta name=\"twitter:data1\" content=\"1 min\u016bte\" \/>\n<script type=\"application\/ld+json\" class=\"yoast-schema-graph\">{\"@context\":\"https:\\\/\\\/schema.org\",\"@graph\":[{\"@type\":\"WebPage\",\"@id\":\"https:\\\/\\\/kidsplay.lt\\\/produktas\\\/woopie-princeses-lele-su-arkliuku-rinkinys\\\/\",\"url\":\"https:\\\/\\\/kidsplay.lt\\\/produktas\\\/woopie-princeses-lele-su-arkliuku-rinkinys\\\/\",\"name\":\"WOOPIE princes\u0117s l\u0117l\u0117 su arkliuku \u2014 rinkinys\",\"isPartOf\":{\"@id\":\"https:\\\/\\\/kidsplay.lt\\\/#website\"},\"primaryImageOfPage\":{\"@id\":\"https:\\\/\\\/kidsplay.lt\\\/produktas\\\/woopie-princeses-lele-su-arkliuku-rinkinys\\\/#primaryimage\"},\"image\":{\"@id\":\"https:\\\/\\\/kidsplay.lt\\\/produktas\\\/woopie-princeses-lele-su-arkliuku-rinkinys\\\/#primaryimage\"},\"thumbnailUrl\":\"https:\\\/\\\/kidsplay.lt\\\/wp-content\\\/uploads\\\/2026\\\/02\\\/WOOPIE-princeses-lele-su-arkliuku-\u2014-rinkinys.jpg\",\"datePublished\":\"2026-02-24T18:15:03+00:00\",\"dateModified\":\"2026-04-07T06:59:18+00:00\",\"description\":\"WOOPIE princes\u0117s l\u0117l\u0117 su arkliuku \u2014 rinkinys - KidsPlay. Did\u017eiausias vaik\u0173 \u017eaisl\u0173 pasirinkimas.\",\"breadcrumb\":{\"@id\":\"https:\\\/\\\/kidsplay.lt\\\/produktas\\\/woopie-princeses-lele-su-arkliuku-rinkinys\\\/#breadcrumb\"},\"inLanguage\":\"lv-LV\",\"potentialAction\":[{\"@type\":\"ReadAction\",\"target\":[\"https:\\\/\\\/kidsplay.lt\\\/produktas\\\/woopie-princeses-lele-su-arkliuku-rinkinys\\\/\"]}]},{\"@type\":\"ImageObject\",\"inLanguage\":\"lv-LV\",\"@id\":\"https:\\\/\\\/kidsplay.lt\\\/produktas\\\/woopie-princeses-lele-su-arkliuku-rinkinys\\\/#primaryimage\",\"url\":\"https:\\\/\\\/kidsplay.lt\\\/wp-content\\\/uploads\\\/2026\\\/02\\\/WOOPIE-princeses-lele-su-arkliuku-\u2014-rinkinys.jpg\",\"contentUrl\":\"https:\\\/\\\/kidsplay.lt\\\/wp-content\\\/uploads\\\/2026\\\/02\\\/WOOPIE-princeses-lele-su-arkliuku-\u2014-rinkinys.jpg\",\"width\":1000,\"height\":1000,\"caption\":\"WOOPIE princes\u0117s l\u0117l\u0117 su arkliuku \u2014 rinkinys\"},{\"@type\":\"BreadcrumbList\",\"@id\":\"https:\\\/\\\/kidsplay.lt\\\/produktas\\\/woopie-princeses-lele-su-arkliuku-rinkinys\\\/#breadcrumb\",\"itemListElement\":[{\"@type\":\"ListItem\",\"position\":1,\"name\":\"Pagrindinis\",\"item\":\"https:\\\/\\\/kidsplay.lt\\\/\"},{\"@type\":\"ListItem\",\"position\":2,\"name\":\"Parduotuv\u0117\",\"item\":\"https:\\\/\\\/kidsplay.lt\\\/parduotuve\\\/\"},{\"@type\":\"ListItem\",\"position\":3,\"name\":\"WOOPIE princes\u0117s l\u0117l\u0117 su arkliuku \u2014 rinkinys\"}]},{\"@type\":\"WebSite\",\"@id\":\"https:\\\/\\\/kidsplay.lt\\\/#website\",\"url\":\"https:\\\/\\\/kidsplay.lt\\\/\",\"name\":\"Kidsplay.lt\",\"description\":\"\u012evairios prek\u0117s vaikams\",\"publisher\":{\"@id\":\"https:\\\/\\\/kidsplay.lt\\\/#organization\"},\"alternateName\":\"Kidsplay\",\"potentialAction\":[{\"@type\":\"SearchAction\",\"target\":{\"@type\":\"EntryPoint\",\"urlTemplate\":\"https:\\\/\\\/kidsplay.lt\\\/?s={search_term_string}\"},\"query-input\":{\"@type\":\"PropertyValueSpecification\",\"valueRequired\":true,\"valueName\":\"search_term_string\"}}],\"inLanguage\":\"lv-LV\"},{\"@type\":\"Organization\",\"@id\":\"https:\\\/\\\/kidsplay.lt\\\/#organization\",\"name\":\"KidsPlay\",\"url\":\"https:\\\/\\\/kidsplay.lt\\\/\",\"logo\":{\"@type\":\"ImageObject\",\"inLanguage\":\"lv-LV\",\"@id\":\"https:\\\/\\\/kidsplay.lt\\\/#\\\/schema\\\/logo\\\/image\\\/\",\"url\":\"https:\\\/\\\/kidsplay.lt\\\/wp-content\\\/uploads\\\/2023\\\/07\\\/kidsplay-logo.png\",\"contentUrl\":\"https:\\\/\\\/kidsplay.lt\\\/wp-content\\\/uploads\\\/2023\\\/07\\\/kidsplay-logo.png\",\"width\":451,\"height\":98,\"caption\":\"KidsPlay\"},\"image\":{\"@id\":\"https:\\\/\\\/kidsplay.lt\\\/#\\\/schema\\\/logo\\\/image\\\/\"},\"sameAs\":[\"https:\\\/\\\/www.facebook.com\\\/www.kidsplay.lt\"]}]}<\/script>\n<!-- \/ Yoast SEO plugin. -->","yoast_head_json":{"title":"WOOPIE princes\u0117s l\u0117l\u0117 su arkliuku \u2014 rinkinys","description":"WOOPIE princes\u0117s l\u0117l\u0117 su arkliuku \u2014 rinkinys - KidsPlay. Did\u017eiausias vaik\u0173 \u017eaisl\u0173 pasirinkimas.","robots":{"index":"index","follow":"follow","max-snippet":"max-snippet:-1","max-image-preview":"max-image-preview:large","max-video-preview":"max-video-preview:-1"},"canonical":"https:\/\/kidsplay.lt\/lv\/products\/woopie-princeses-lele-su-arkliuku-rinkinys\/","og_locale":"lv_LV","og_type":"article","og_title":"WOOPIE princes\u0117s l\u0117l\u0117 su arkliuku \u2014 rinkinys","og_description":"WOOPIE princes\u0117s l\u0117l\u0117 su arkliuku \u2014 rinkinys - KidsPlay. Did\u017eiausias vaik\u0173 \u017eaisl\u0173 pasirinkimas.","og_url":"https:\/\/kidsplay.lt\/lv\/products\/woopie-princeses-lele-su-arkliuku-rinkinys\/","og_site_name":"KidsPlay","article_publisher":"https:\/\/www.facebook.com\/www.kidsplay.lt","article_modified_time":"2026-04-07T06:59:18+00:00","og_image":[{"width":1000,"height":1000,"url":"https:\/\/kidsplay.lt\/wp-content\/uploads\/2026\/02\/WOOPIE-princeses-lele-su-arkliuku-\u2014-rinkinys.jpg","type":"image\/jpeg"}],"twitter_card":"summary_large_image","twitter_misc":{"Est. reading time":"1 min\u016bte"},"schema":{"@context":"https:\/\/schema.org","@graph":[{"@type":"WebPage","@id":"https:\/\/kidsplay.lt\/produktas\/woopie-princeses-lele-su-arkliuku-rinkinys\/","url":"https:\/\/kidsplay.lt\/produktas\/woopie-princeses-lele-su-arkliuku-rinkinys\/","name":"WOOPIE princes\u0117s l\u0117l\u0117 su arkliuku \u2014 rinkinys","isPartOf":{"@id":"https:\/\/kidsplay.lt\/#website"},"primaryImageOfPage":{"@id":"https:\/\/kidsplay.lt\/produktas\/woopie-princeses-lele-su-arkliuku-rinkinys\/#primaryimage"},"image":{"@id":"https:\/\/kidsplay.lt\/produktas\/woopie-princeses-lele-su-arkliuku-rinkinys\/#primaryimage"},"thumbnailUrl":"https:\/\/kidsplay.lt\/wp-content\/uploads\/2026\/02\/WOOPIE-princeses-lele-su-arkliuku-\u2014-rinkinys.jpg","datePublished":"2026-02-24T18:15:03+00:00","dateModified":"2026-04-07T06:59:18+00:00","description":"WOOPIE princes\u0117s l\u0117l\u0117 su arkliuku \u2014 rinkinys - KidsPlay. Did\u017eiausias vaik\u0173 \u017eaisl\u0173 pasirinkimas.","breadcrumb":{"@id":"https:\/\/kidsplay.lt\/produktas\/woopie-princeses-lele-su-arkliuku-rinkinys\/#breadcrumb"},"inLanguage":"lv-LV","potentialAction":[{"@type":"ReadAction","target":["https:\/\/kidsplay.lt\/produktas\/woopie-princeses-lele-su-arkliuku-rinkinys\/"]}]},{"@type":"ImageObject","inLanguage":"lv-LV","@id":"https:\/\/kidsplay.lt\/produktas\/woopie-princeses-lele-su-arkliuku-rinkinys\/#primaryimage","url":"https:\/\/kidsplay.lt\/wp-content\/uploads\/2026\/02\/WOOPIE-princeses-lele-su-arkliuku-\u2014-rinkinys.jpg","contentUrl":"https:\/\/kidsplay.lt\/wp-content\/uploads\/2026\/02\/WOOPIE-princeses-lele-su-arkliuku-\u2014-rinkinys.jpg","width":1000,"height":1000,"caption":"WOOPIE princes\u0117s l\u0117l\u0117 su arkliuku \u2014 rinkinys"},{"@type":"BreadcrumbList","@id":"https:\/\/kidsplay.lt\/produktas\/woopie-princeses-lele-su-arkliuku-rinkinys\/#breadcrumb","itemListElement":[{"@type":"ListItem","position":1,"name":"Pagrindinis","item":"https:\/\/kidsplay.lt\/"},{"@type":"ListItem","position":2,"name":"Parduotuv\u0117","item":"https:\/\/kidsplay.lt\/parduotuve\/"},{"@type":"ListItem","position":3,"name":"WOOPIE princes\u0117s l\u0117l\u0117 su arkliuku \u2014 rinkinys"}]},{"@type":"WebSite","@id":"https:\/\/kidsplay.lt\/#website","url":"https:\/\/kidsplay.lt\/","name":"B\u0113rnu sp\u0113les.lv","description":"\u012evairios prek\u0117s vaikams","publisher":{"@id":"https:\/\/kidsplay.lt\/#organization"},"alternateName":"Kidsplay","potentialAction":[{"@type":"SearchAction","target":{"@type":"EntryPoint","urlTemplate":"https:\/\/kidsplay.lt\/?s={search_term_string}"},"query-input":{"@type":"PropertyValueSpecification","valueRequired":true,"valueName":"search_term_string"}}],"inLanguage":"lv-LV"},{"@type":"Organization","@id":"https:\/\/kidsplay.lt\/#organization","name":"B\u0113rnu sp\u0113le","url":"https:\/\/kidsplay.lt\/","logo":{"@type":"ImageObject","inLanguage":"lv-LV","@id":"https:\/\/kidsplay.lt\/#\/schema\/logo\/image\/","url":"https:\/\/kidsplay.lt\/wp-content\/uploads\/2023\/07\/kidsplay-logo.png","contentUrl":"https:\/\/kidsplay.lt\/wp-content\/uploads\/2023\/07\/kidsplay-logo.png","width":451,"height":98,"caption":"KidsPlay"},"image":{"@id":"https:\/\/kidsplay.lt\/#\/schema\/logo\/image\/"},"sameAs":["https:\/\/www.facebook.com\/www.kidsplay.lt"]}]}},"_links":{"self":[{"href":"https:\/\/kidsplay.lt\/lv\/wp-json\/wp\/v2\/product\/87240","targetHints":{"allow":["GET"]}}],"collection":[{"href":"https:\/\/kidsplay.lt\/lv\/wp-json\/wp\/v2\/product"}],"about":[{"href":"https:\/\/kidsplay.lt\/lv\/wp-json\/wp\/v2\/types\/product"}],"version-history":[{"count":1,"href":"https:\/\/kidsplay.lt\/lv\/wp-json\/wp\/v2\/product\/87240\/revisions"}],"predecessor-version":[{"id":87241,"href":"https:\/\/kidsplay.lt\/lv\/wp-json\/wp\/v2\/product\/87240\/revisions\/87241"}],"wp:featuredmedia":[{"embeddable":true,"href":"https:\/\/kidsplay.lt\/lv\/wp-json\/wp\/v2\/media\/87242"}],"wp:attachment":[{"href":"https:\/\/kidsplay.lt\/lv\/wp-json\/wp\/v2\/media?parent=87240"}],"wp:term":[{"taxonomy":"product_brand","embeddable":true,"href":"https:\/\/kidsplay.lt\/lv\/wp-json\/wp\/v2\/product_brand?post=87240"},{"taxonomy":"product_cat","embeddable":true,"href":"https:\/\/kidsplay.lt\/lv\/wp-json\/wp\/v2\/product_cat?post=87240"},{"taxonomy":"product_tag","embeddable":true,"href":"https:\/\/kidsplay.lt\/lv\/wp-json\/wp\/v2\/product_tag?post=87240"}],"curies":[{"name":"wp","href":"https:\/\/api.w.org\/{rel}","templated":true}]}}