{"id":87250,"date":"2026-02-24T20:15:29","date_gmt":"2026-02-24T18:15:29","guid":{"rendered":"https:\/\/kidsplay.lt\/produktas\/woopie-dvieju-leliu-gimtadienio-rinkinys-saldainiai-ir-pyragai\/"},"modified":"2026-04-13T14:20:41","modified_gmt":"2026-04-13T11:20:41","slug":"woopie-dvieju-leliu-gimtadienio-rinkinys-saldainiai-ir-pyragai","status":"publish","type":"product","link":"https:\/\/kidsplay.lt\/lv\/products\/woopie-dvieju-leliu-gimtadienio-rinkinys-saldainiai-ir-pyragai\/","title":{"rendered":"WOOPIE divu le\u013c\u013cu dzim\u0161anas dienas komplekts \u2014 &quot;Saldumi un k\u016bkas&quot;\u201e"},"content":{"rendered":"<p>Pasiruo\u0161kite sald\u017eiausiam vakar\u0117liui su nuostabiu\u00a0WOOPIE ROYAL Niki \u201eHappy Birthday\u201c rinkiniu! \u0160is i\u0161skirtinis komplektas apima dvi \u017eavingas mini l\u0117lytes teminiuose, ry\u0161kiaspalviuose kostium\u0117liuose \u2014 viena \u201eCandy\u201c, kita \u201eCakes\u201c stiliaus. Kiekviena l\u0117lyt\u0117 pasiruo\u0161usi \u0161v\u0119sti ir laiko gra\u017e\u0173 \u0161irdies formos balion\u0105. Tai idealus \u017eaislas vaidmeniniams gimtadienio \u017eaidimams, tort\u0173 kepimui ir vakar\u0117li\u0173 rengimui. Rinkinys skatina k\u016brybi\u0161kum\u0105 ir leid\u017eia vaikams kurti beribes d\u017eiaugsmingas istorijas.<\/p>\n<p>Funkcijas:<\/p>\n<p> \tRinkin\u012f sudaro dvi l\u0117lyt\u0117s, tod\u0117l puikiai tinka \u017eaisti poromis i\u0161 karto.<br \/>\n \t\u017daislas skirtas vaikams nuo 3 met\u0173.<br \/>\n \tL\u0117lyt\u0117s turi \u0161viesius plaukus ir vilki madingus sijon\u0117lius bei mar\u0161kin\u0117lius su grafika.<br \/>\n \tKiekviena l\u0117lyt\u0117 turi \u0161irdies formos balion\u0105.<\/p>\n<p>Komplekt\u0101 ietilpst:<\/p>\n<p> \t2 x Ankiki mini l\u0117lyt\u0117s<br \/>\n \t2 x \u0161irdies formos balionai<br \/>\n \t1 x dekoratyvin\u0117 d\u0117\u017eut\u0117 su gimtadienio motyvais (tortai, dovanos, konfeti)<\/p>\n<p>\u017daislas ugdo:<\/p>\n<p> \tVaizduot\u0119 ir k\u016brybi\u0161kum\u0105: skatina kurti savo \u017eaidim\u0173 scenarijus (vakar\u0117lius, susitikimus).<br \/>\n \tSocialinius \u012fg\u016bd\u017eius: padeda mokytis vaidybos ir empatijos.<br \/>\n \tRank\u0173 ir aki\u0173 koordinacij\u0105: manipuliuojant ma\u017eomis l\u0117lyt\u0117mis ir priedais.<br \/>\n \tEmocij\u0173 atpa\u017einim\u0105: per d\u017eiaugsming\u0173 ir \u0161ventini\u0173 akimirk\u0173 inscenizavim\u0105.<\/p>","protected":false},"excerpt":{"rendered":"<p>Pasiruo\u0161kite sald\u017eiausiam vakar\u0117liui su nuostabiu\u00a0WOOPIE ROYAL Niki \u201eHappy Birthday\u201c rinkiniu! \u0160is i\u0161skirtinis komplektas apima dvi \u017eavingas mini l\u0117lytes teminiuose, ry\u0161kiaspalviuose<\/p>","protected":false},"featured_media":87252,"template":"","meta":{"_acf_changed":false,"_glsr_average":0,"_glsr_ranking":0,"_glsr_reviews":0},"product_brand":[],"product_cat":[443,229],"product_tag":[],"class_list":{"0":"post-87250","1":"product","2":"type-product","3":"status-publish","4":"has-post-thumbnail","6":"product_cat-leles-ir-priedai","7":"product_cat-zaislai-vaikams","8":"\"style=\"background-color: #2ecc711c;\"","10":"first","11":"instock","12":"purchasable","13":"product-type-simple"},"acf":[],"yoast_head":"<!-- This site is optimized with the Yoast SEO plugin v27.4 - https:\/\/yoast.com\/product\/yoast-seo-wordpress\/ -->\n<title>WOOPIE dviej\u0173 l\u0117li\u0173 gimtadienio rinkinys \u2014 \u201eSaldainiai ir Pyragai\u201c<\/title>\n<meta name=\"description\" content=\"WOOPIE dviej\u0173 l\u0117li\u0173 gimtadienio rinkinys \u2014 \u201eSaldainiai ir Pyragai\u201c - KidsPlay. Did\u017eiausias vaik\u0173 \u017eaisl\u0173 pasirinkimas.\" \/>\n<meta name=\"robots\" content=\"index, follow, max-snippet:-1, max-image-preview:large, max-video-preview:-1\" \/>\n<link rel=\"canonical\" href=\"https:\/\/kidsplay.lt\/lv\/products\/woopie-dvieju-leliu-gimtadienio-rinkinys-saldainiai-ir-pyragai\/\" \/>\n<meta property=\"og:locale\" content=\"lv_LV\" \/>\n<meta property=\"og:type\" content=\"article\" \/>\n<meta property=\"og:title\" content=\"WOOPIE dviej\u0173 l\u0117li\u0173 gimtadienio rinkinys \u2014 \u201eSaldainiai ir Pyragai\u201c\" \/>\n<meta property=\"og:description\" content=\"WOOPIE dviej\u0173 l\u0117li\u0173 gimtadienio rinkinys \u2014 \u201eSaldainiai ir Pyragai\u201c - KidsPlay. Did\u017eiausias vaik\u0173 \u017eaisl\u0173 pasirinkimas.\" \/>\n<meta property=\"og:url\" content=\"https:\/\/kidsplay.lt\/lv\/products\/woopie-dvieju-leliu-gimtadienio-rinkinys-saldainiai-ir-pyragai\/\" \/>\n<meta property=\"og:site_name\" content=\"KidsPlay\" \/>\n<meta property=\"article:publisher\" content=\"https:\/\/www.facebook.com\/www.kidsplay.lt\" \/>\n<meta property=\"article:modified_time\" content=\"2026-04-13T11:20:41+00:00\" \/>\n<meta property=\"og:image\" content=\"https:\/\/kidsplay.lt\/wp-content\/uploads\/2026\/02\/WOOPIE-dvieju-leliu-gimtadienio-rinkinys-\u2014-\u201eSaldainiai-ir-Pyragai.jpg\" \/>\n\t<meta property=\"og:image:width\" content=\"1000\" \/>\n\t<meta property=\"og:image:height\" content=\"1000\" \/>\n\t<meta property=\"og:image:type\" content=\"image\/jpeg\" \/>\n<meta name=\"twitter:card\" content=\"summary_large_image\" \/>\n<meta name=\"twitter:label1\" content=\"Est. reading time\" \/>\n\t<meta name=\"twitter:data1\" content=\"1 min\u016bte\" \/>\n<script type=\"application\/ld+json\" class=\"yoast-schema-graph\">{\"@context\":\"https:\\\/\\\/schema.org\",\"@graph\":[{\"@type\":\"WebPage\",\"@id\":\"https:\\\/\\\/kidsplay.lt\\\/produktas\\\/woopie-dvieju-leliu-gimtadienio-rinkinys-saldainiai-ir-pyragai\\\/\",\"url\":\"https:\\\/\\\/kidsplay.lt\\\/produktas\\\/woopie-dvieju-leliu-gimtadienio-rinkinys-saldainiai-ir-pyragai\\\/\",\"name\":\"WOOPIE dviej\u0173 l\u0117li\u0173 gimtadienio rinkinys \u2014 \u201eSaldainiai ir Pyragai\u201c\",\"isPartOf\":{\"@id\":\"https:\\\/\\\/kidsplay.lt\\\/#website\"},\"primaryImageOfPage\":{\"@id\":\"https:\\\/\\\/kidsplay.lt\\\/produktas\\\/woopie-dvieju-leliu-gimtadienio-rinkinys-saldainiai-ir-pyragai\\\/#primaryimage\"},\"image\":{\"@id\":\"https:\\\/\\\/kidsplay.lt\\\/produktas\\\/woopie-dvieju-leliu-gimtadienio-rinkinys-saldainiai-ir-pyragai\\\/#primaryimage\"},\"thumbnailUrl\":\"https:\\\/\\\/kidsplay.lt\\\/wp-content\\\/uploads\\\/2026\\\/02\\\/WOOPIE-dvieju-leliu-gimtadienio-rinkinys-\u2014-\u201eSaldainiai-ir-Pyragai.jpg\",\"datePublished\":\"2026-02-24T18:15:29+00:00\",\"dateModified\":\"2026-04-13T11:20:41+00:00\",\"description\":\"WOOPIE dviej\u0173 l\u0117li\u0173 gimtadienio rinkinys \u2014 \u201eSaldainiai ir Pyragai\u201c - KidsPlay. Did\u017eiausias vaik\u0173 \u017eaisl\u0173 pasirinkimas.\",\"breadcrumb\":{\"@id\":\"https:\\\/\\\/kidsplay.lt\\\/produktas\\\/woopie-dvieju-leliu-gimtadienio-rinkinys-saldainiai-ir-pyragai\\\/#breadcrumb\"},\"inLanguage\":\"lv-LV\",\"potentialAction\":[{\"@type\":\"ReadAction\",\"target\":[\"https:\\\/\\\/kidsplay.lt\\\/produktas\\\/woopie-dvieju-leliu-gimtadienio-rinkinys-saldainiai-ir-pyragai\\\/\"]}]},{\"@type\":\"ImageObject\",\"inLanguage\":\"lv-LV\",\"@id\":\"https:\\\/\\\/kidsplay.lt\\\/produktas\\\/woopie-dvieju-leliu-gimtadienio-rinkinys-saldainiai-ir-pyragai\\\/#primaryimage\",\"url\":\"https:\\\/\\\/kidsplay.lt\\\/wp-content\\\/uploads\\\/2026\\\/02\\\/WOOPIE-dvieju-leliu-gimtadienio-rinkinys-\u2014-\u201eSaldainiai-ir-Pyragai.jpg\",\"contentUrl\":\"https:\\\/\\\/kidsplay.lt\\\/wp-content\\\/uploads\\\/2026\\\/02\\\/WOOPIE-dvieju-leliu-gimtadienio-rinkinys-\u2014-\u201eSaldainiai-ir-Pyragai.jpg\",\"width\":1000,\"height\":1000,\"caption\":\"WOOPIE dviej\u0173 l\u0117li\u0173 gimtadienio rinkinys \u2014 \u201eSaldainiai ir Pyragai\u201c\"},{\"@type\":\"BreadcrumbList\",\"@id\":\"https:\\\/\\\/kidsplay.lt\\\/produktas\\\/woopie-dvieju-leliu-gimtadienio-rinkinys-saldainiai-ir-pyragai\\\/#breadcrumb\",\"itemListElement\":[{\"@type\":\"ListItem\",\"position\":1,\"name\":\"Pagrindinis\",\"item\":\"https:\\\/\\\/kidsplay.lt\\\/\"},{\"@type\":\"ListItem\",\"position\":2,\"name\":\"Parduotuv\u0117\",\"item\":\"https:\\\/\\\/kidsplay.lt\\\/parduotuve\\\/\"},{\"@type\":\"ListItem\",\"position\":3,\"name\":\"WOOPIE dviej\u0173 l\u0117li\u0173 gimtadienio rinkinys \u2014 \u201eSaldainiai ir Pyragai\u201c\"}]},{\"@type\":\"WebSite\",\"@id\":\"https:\\\/\\\/kidsplay.lt\\\/#website\",\"url\":\"https:\\\/\\\/kidsplay.lt\\\/\",\"name\":\"Kidsplay.lt\",\"description\":\"\u012evairios prek\u0117s vaikams\",\"publisher\":{\"@id\":\"https:\\\/\\\/kidsplay.lt\\\/#organization\"},\"alternateName\":\"Kidsplay\",\"potentialAction\":[{\"@type\":\"SearchAction\",\"target\":{\"@type\":\"EntryPoint\",\"urlTemplate\":\"https:\\\/\\\/kidsplay.lt\\\/?s={search_term_string}\"},\"query-input\":{\"@type\":\"PropertyValueSpecification\",\"valueRequired\":true,\"valueName\":\"search_term_string\"}}],\"inLanguage\":\"lv-LV\"},{\"@type\":\"Organization\",\"@id\":\"https:\\\/\\\/kidsplay.lt\\\/#organization\",\"name\":\"KidsPlay\",\"url\":\"https:\\\/\\\/kidsplay.lt\\\/\",\"logo\":{\"@type\":\"ImageObject\",\"inLanguage\":\"lv-LV\",\"@id\":\"https:\\\/\\\/kidsplay.lt\\\/#\\\/schema\\\/logo\\\/image\\\/\",\"url\":\"https:\\\/\\\/kidsplay.lt\\\/wp-content\\\/uploads\\\/2023\\\/07\\\/kidsplay-logo.png\",\"contentUrl\":\"https:\\\/\\\/kidsplay.lt\\\/wp-content\\\/uploads\\\/2023\\\/07\\\/kidsplay-logo.png\",\"width\":451,\"height\":98,\"caption\":\"KidsPlay\"},\"image\":{\"@id\":\"https:\\\/\\\/kidsplay.lt\\\/#\\\/schema\\\/logo\\\/image\\\/\"},\"sameAs\":[\"https:\\\/\\\/www.facebook.com\\\/www.kidsplay.lt\"]}]}<\/script>\n<!-- \/ Yoast SEO plugin. -->","yoast_head_json":{"title":"WOOPIE divu le\u013c\u013cu dzim\u0161anas dienas komplekts \u2014 &quot;Saldumi un k\u016bkas&quot;\u201e","description":"WOOPIE dviej\u0173 l\u0117li\u0173 gimtadienio rinkinys \u2014 \u201eSaldainiai ir Pyragai\u201c - KidsPlay. Did\u017eiausias vaik\u0173 \u017eaisl\u0173 pasirinkimas.","robots":{"index":"index","follow":"follow","max-snippet":"max-snippet:-1","max-image-preview":"max-image-preview:large","max-video-preview":"max-video-preview:-1"},"canonical":"https:\/\/kidsplay.lt\/lv\/products\/woopie-dvieju-leliu-gimtadienio-rinkinys-saldainiai-ir-pyragai\/","og_locale":"lv_LV","og_type":"article","og_title":"WOOPIE dviej\u0173 l\u0117li\u0173 gimtadienio rinkinys \u2014 \u201eSaldainiai ir Pyragai\u201c","og_description":"WOOPIE dviej\u0173 l\u0117li\u0173 gimtadienio rinkinys \u2014 \u201eSaldainiai ir Pyragai\u201c - KidsPlay. Did\u017eiausias vaik\u0173 \u017eaisl\u0173 pasirinkimas.","og_url":"https:\/\/kidsplay.lt\/lv\/products\/woopie-dvieju-leliu-gimtadienio-rinkinys-saldainiai-ir-pyragai\/","og_site_name":"KidsPlay","article_publisher":"https:\/\/www.facebook.com\/www.kidsplay.lt","article_modified_time":"2026-04-13T11:20:41+00:00","og_image":[{"width":1000,"height":1000,"url":"https:\/\/kidsplay.lt\/wp-content\/uploads\/2026\/02\/WOOPIE-dvieju-leliu-gimtadienio-rinkinys-\u2014-\u201eSaldainiai-ir-Pyragai.jpg","type":"image\/jpeg"}],"twitter_card":"summary_large_image","twitter_misc":{"Est. reading time":"1 min\u016bte"},"schema":{"@context":"https:\/\/schema.org","@graph":[{"@type":"WebPage","@id":"https:\/\/kidsplay.lt\/produktas\/woopie-dvieju-leliu-gimtadienio-rinkinys-saldainiai-ir-pyragai\/","url":"https:\/\/kidsplay.lt\/produktas\/woopie-dvieju-leliu-gimtadienio-rinkinys-saldainiai-ir-pyragai\/","name":"WOOPIE divu le\u013c\u013cu dzim\u0161anas dienas komplekts \u2014 &quot;Saldumi un k\u016bkas&quot;\u201e","isPartOf":{"@id":"https:\/\/kidsplay.lt\/#website"},"primaryImageOfPage":{"@id":"https:\/\/kidsplay.lt\/produktas\/woopie-dvieju-leliu-gimtadienio-rinkinys-saldainiai-ir-pyragai\/#primaryimage"},"image":{"@id":"https:\/\/kidsplay.lt\/produktas\/woopie-dvieju-leliu-gimtadienio-rinkinys-saldainiai-ir-pyragai\/#primaryimage"},"thumbnailUrl":"https:\/\/kidsplay.lt\/wp-content\/uploads\/2026\/02\/WOOPIE-dvieju-leliu-gimtadienio-rinkinys-\u2014-\u201eSaldainiai-ir-Pyragai.jpg","datePublished":"2026-02-24T18:15:29+00:00","dateModified":"2026-04-13T11:20:41+00:00","description":"WOOPIE dviej\u0173 l\u0117li\u0173 gimtadienio rinkinys \u2014 \u201eSaldainiai ir Pyragai\u201c - KidsPlay. Did\u017eiausias vaik\u0173 \u017eaisl\u0173 pasirinkimas.","breadcrumb":{"@id":"https:\/\/kidsplay.lt\/produktas\/woopie-dvieju-leliu-gimtadienio-rinkinys-saldainiai-ir-pyragai\/#breadcrumb"},"inLanguage":"lv-LV","potentialAction":[{"@type":"ReadAction","target":["https:\/\/kidsplay.lt\/produktas\/woopie-dvieju-leliu-gimtadienio-rinkinys-saldainiai-ir-pyragai\/"]}]},{"@type":"ImageObject","inLanguage":"lv-LV","@id":"https:\/\/kidsplay.lt\/produktas\/woopie-dvieju-leliu-gimtadienio-rinkinys-saldainiai-ir-pyragai\/#primaryimage","url":"https:\/\/kidsplay.lt\/wp-content\/uploads\/2026\/02\/WOOPIE-dvieju-leliu-gimtadienio-rinkinys-\u2014-\u201eSaldainiai-ir-Pyragai.jpg","contentUrl":"https:\/\/kidsplay.lt\/wp-content\/uploads\/2026\/02\/WOOPIE-dvieju-leliu-gimtadienio-rinkinys-\u2014-\u201eSaldainiai-ir-Pyragai.jpg","width":1000,"height":1000,"caption":"WOOPIE dviej\u0173 l\u0117li\u0173 gimtadienio rinkinys \u2014 \u201eSaldainiai ir Pyragai\u201c"},{"@type":"BreadcrumbList","@id":"https:\/\/kidsplay.lt\/produktas\/woopie-dvieju-leliu-gimtadienio-rinkinys-saldainiai-ir-pyragai\/#breadcrumb","itemListElement":[{"@type":"ListItem","position":1,"name":"Pagrindinis","item":"https:\/\/kidsplay.lt\/"},{"@type":"ListItem","position":2,"name":"Parduotuv\u0117","item":"https:\/\/kidsplay.lt\/parduotuve\/"},{"@type":"ListItem","position":3,"name":"WOOPIE dviej\u0173 l\u0117li\u0173 gimtadienio rinkinys \u2014 \u201eSaldainiai ir Pyragai\u201c"}]},{"@type":"WebSite","@id":"https:\/\/kidsplay.lt\/#website","url":"https:\/\/kidsplay.lt\/","name":"B\u0113rnu sp\u0113les.lv","description":"\u012evairios prek\u0117s vaikams","publisher":{"@id":"https:\/\/kidsplay.lt\/#organization"},"alternateName":"Kidsplay","potentialAction":[{"@type":"SearchAction","target":{"@type":"EntryPoint","urlTemplate":"https:\/\/kidsplay.lt\/?s={search_term_string}"},"query-input":{"@type":"PropertyValueSpecification","valueRequired":true,"valueName":"search_term_string"}}],"inLanguage":"lv-LV"},{"@type":"Organization","@id":"https:\/\/kidsplay.lt\/#organization","name":"B\u0113rnu sp\u0113le","url":"https:\/\/kidsplay.lt\/","logo":{"@type":"ImageObject","inLanguage":"lv-LV","@id":"https:\/\/kidsplay.lt\/#\/schema\/logo\/image\/","url":"https:\/\/kidsplay.lt\/wp-content\/uploads\/2023\/07\/kidsplay-logo.png","contentUrl":"https:\/\/kidsplay.lt\/wp-content\/uploads\/2023\/07\/kidsplay-logo.png","width":451,"height":98,"caption":"KidsPlay"},"image":{"@id":"https:\/\/kidsplay.lt\/#\/schema\/logo\/image\/"},"sameAs":["https:\/\/www.facebook.com\/www.kidsplay.lt"]}]}},"_links":{"self":[{"href":"https:\/\/kidsplay.lt\/lv\/wp-json\/wp\/v2\/product\/87250","targetHints":{"allow":["GET"]}}],"collection":[{"href":"https:\/\/kidsplay.lt\/lv\/wp-json\/wp\/v2\/product"}],"about":[{"href":"https:\/\/kidsplay.lt\/lv\/wp-json\/wp\/v2\/types\/product"}],"version-history":[{"count":1,"href":"https:\/\/kidsplay.lt\/lv\/wp-json\/wp\/v2\/product\/87250\/revisions"}],"predecessor-version":[{"id":87251,"href":"https:\/\/kidsplay.lt\/lv\/wp-json\/wp\/v2\/product\/87250\/revisions\/87251"}],"wp:featuredmedia":[{"embeddable":true,"href":"https:\/\/kidsplay.lt\/lv\/wp-json\/wp\/v2\/media\/87252"}],"wp:attachment":[{"href":"https:\/\/kidsplay.lt\/lv\/wp-json\/wp\/v2\/media?parent=87250"}],"wp:term":[{"taxonomy":"product_brand","embeddable":true,"href":"https:\/\/kidsplay.lt\/lv\/wp-json\/wp\/v2\/product_brand?post=87250"},{"taxonomy":"product_cat","embeddable":true,"href":"https:\/\/kidsplay.lt\/lv\/wp-json\/wp\/v2\/product_cat?post=87250"},{"taxonomy":"product_tag","embeddable":true,"href":"https:\/\/kidsplay.lt\/lv\/wp-json\/wp\/v2\/product_tag?post=87250"}],"curies":[{"name":"wp","href":"https:\/\/api.w.org\/{rel}","templated":true}]}}