{"id":87255,"date":"2026-02-24T20:15:41","date_gmt":"2026-02-24T18:15:41","guid":{"rendered":"https:\/\/kidsplay.lt\/produktas\/woopie-paspirtukas-su-lele-ir-suniuku\/"},"modified":"2026-04-13T14:20:45","modified_gmt":"2026-04-13T11:20:45","slug":"woopie-paspirtukas-su-lele-ir-suniuku","status":"publish","type":"product","link":"https:\/\/kidsplay.lt\/lv\/products\/woopie-paspirtukas-su-lele-ir-suniuku\/","title":{"rendered":"WOOPIE skrejritenis ar lelli un kuc\u0113nu"},"content":{"rendered":"<p>Atraskite linksm\u0173 nuotyki\u0173 pasaul\u012f su\u00a0WOOPIE Ankiki l\u0117le\u00a0ir jos mielu \u0161uniuku! \u0160i ry\u0161ki l\u0117l\u0117 su paspirtuku ir priekaba suteiks valand\u0173 vaizduot\u0117s kupino \u017eaidimo. Ji turi gra\u017eius blondinus plaukus ir \u017eaving\u0105 ro\u017ein\u0119 aprang\u0105, kuri patraukia ak\u012f. Tinka vaikams nuo 3 met\u0173 ir daugiau \u2014 rinkinys yra saugus ir lengvai naudojamas. \u0160is rinkinys nukels j\u016bs\u0173 vaik\u0105 \u012f mini nuotyki\u0173 ir d\u017eiaugsmo pasaul\u012f!<\/p>\n<p>Funkcijas:<\/p>\n<p> \tB\u0113rniem no 3 gadu vecuma<br \/>\n \tL\u0117l\u0117 su priedais \u2013 paspirtukas, \u0161uniukas, \u0161almas<br \/>\n \tStilinga ro\u017ein\u0117 apranga su u\u017era\u0161u \u201elove\u201c<\/p>\n<p>Rinkin\u012f sudaro:<\/p>\n<p> \tL\u0117l\u0117 ro\u017ein\u0117je suknel\u0117je<br \/>\n \tSpalvingas paspirtukas su priekaba<br \/>\n \tMa\u017eas \u0161uniukas priekaboje<br \/>\n \tGeltonas apsauginis \u0161almas l\u0117lei<\/p>\n<p>Rota\u013clietu lav\u012bna:<\/p>\n<p> \tVaiko k\u016brybi\u0161kum\u0105 ir vaizduot\u0119<br \/>\n \tSocialinius \u012fg\u016bd\u017eius per vaidmeninius \u017eaidimus<br \/>\n \tRank\u0173 ir aki\u0173 koordinacij\u0105 manipuliuojant priedais<br \/>\n \tEmpatij\u0105 ir r\u016bpestingum\u0105 \u017eaid\u017eiant su \u0161uniuku<br \/>\n \tPasakojimo \u012fg\u016bd\u017eius kuriant savo nuotykius<\/p>","protected":false},"excerpt":{"rendered":"<p>Atraskite linksm\u0173 nuotyki\u0173 pasaul\u012f su\u00a0WOOPIE Ankiki l\u0117le\u00a0ir jos mielu \u0161uniuku! \u0160i ry\u0161ki l\u0117l\u0117 su paspirtuku ir priekaba suteiks valand\u0173 vaizduot\u0117s<\/p>","protected":false},"featured_media":87257,"template":"","meta":{"_acf_changed":false,"_glsr_average":0,"_glsr_ranking":0,"_glsr_reviews":0},"product_brand":[],"product_cat":[443,229],"product_tag":[],"class_list":{"0":"post-87255","1":"product","2":"type-product","3":"status-publish","4":"has-post-thumbnail","6":"product_cat-leles-ir-priedai","7":"product_cat-zaislai-vaikams","8":"\"style=\"background-color: #2ecc711c;\"","10":"first","11":"instock","12":"purchasable","13":"product-type-simple"},"acf":[],"yoast_head":"<!-- This site is optimized with the Yoast SEO plugin v27.3 - https:\/\/yoast.com\/product\/yoast-seo-wordpress\/ -->\n<title>WOOPIE paspirtukas su l\u0117le ir \u0161uniuku<\/title>\n<meta name=\"description\" content=\"WOOPIE paspirtukas su l\u0117le ir \u0161uniuku - KidsPlay. Did\u017eiausias vaik\u0173 \u017eaisl\u0173 pasirinkimas.\" \/>\n<meta name=\"robots\" content=\"index, follow, max-snippet:-1, max-image-preview:large, max-video-preview:-1\" \/>\n<link rel=\"canonical\" href=\"https:\/\/kidsplay.lt\/lv\/products\/woopie-paspirtukas-su-lele-ir-suniuku\/\" \/>\n<meta property=\"og:locale\" content=\"lv_LV\" \/>\n<meta property=\"og:type\" content=\"article\" \/>\n<meta property=\"og:title\" content=\"WOOPIE paspirtukas su l\u0117le ir \u0161uniuku\" \/>\n<meta property=\"og:description\" content=\"WOOPIE paspirtukas su l\u0117le ir \u0161uniuku - KidsPlay. Did\u017eiausias vaik\u0173 \u017eaisl\u0173 pasirinkimas.\" \/>\n<meta property=\"og:url\" content=\"https:\/\/kidsplay.lt\/lv\/products\/woopie-paspirtukas-su-lele-ir-suniuku\/\" \/>\n<meta property=\"og:site_name\" content=\"KidsPlay\" \/>\n<meta property=\"article:publisher\" content=\"https:\/\/www.facebook.com\/www.kidsplay.lt\" \/>\n<meta property=\"article:modified_time\" content=\"2026-04-13T11:20:45+00:00\" \/>\n<meta property=\"og:image\" content=\"https:\/\/kidsplay.lt\/wp-content\/uploads\/2026\/02\/WOOPIE-paspirtukas-su-lele-ir-suniuku.jpg\" \/>\n\t<meta property=\"og:image:width\" content=\"1000\" \/>\n\t<meta property=\"og:image:height\" content=\"1000\" \/>\n\t<meta property=\"og:image:type\" content=\"image\/jpeg\" \/>\n<meta name=\"twitter:card\" content=\"summary_large_image\" \/>\n<meta name=\"twitter:label1\" content=\"Est. reading time\" \/>\n\t<meta name=\"twitter:data1\" content=\"1 min\u016bte\" \/>\n<script type=\"application\/ld+json\" class=\"yoast-schema-graph\">{\"@context\":\"https:\\\/\\\/schema.org\",\"@graph\":[{\"@type\":\"WebPage\",\"@id\":\"https:\\\/\\\/kidsplay.lt\\\/produktas\\\/woopie-paspirtukas-su-lele-ir-suniuku\\\/\",\"url\":\"https:\\\/\\\/kidsplay.lt\\\/produktas\\\/woopie-paspirtukas-su-lele-ir-suniuku\\\/\",\"name\":\"WOOPIE paspirtukas su l\u0117le ir \u0161uniuku\",\"isPartOf\":{\"@id\":\"https:\\\/\\\/kidsplay.lt\\\/#website\"},\"primaryImageOfPage\":{\"@id\":\"https:\\\/\\\/kidsplay.lt\\\/produktas\\\/woopie-paspirtukas-su-lele-ir-suniuku\\\/#primaryimage\"},\"image\":{\"@id\":\"https:\\\/\\\/kidsplay.lt\\\/produktas\\\/woopie-paspirtukas-su-lele-ir-suniuku\\\/#primaryimage\"},\"thumbnailUrl\":\"https:\\\/\\\/kidsplay.lt\\\/wp-content\\\/uploads\\\/2026\\\/02\\\/WOOPIE-paspirtukas-su-lele-ir-suniuku.jpg\",\"datePublished\":\"2026-02-24T18:15:41+00:00\",\"dateModified\":\"2026-04-13T11:20:45+00:00\",\"description\":\"WOOPIE paspirtukas su l\u0117le ir \u0161uniuku - KidsPlay. Did\u017eiausias vaik\u0173 \u017eaisl\u0173 pasirinkimas.\",\"breadcrumb\":{\"@id\":\"https:\\\/\\\/kidsplay.lt\\\/produktas\\\/woopie-paspirtukas-su-lele-ir-suniuku\\\/#breadcrumb\"},\"inLanguage\":\"lv-LV\",\"potentialAction\":[{\"@type\":\"ReadAction\",\"target\":[\"https:\\\/\\\/kidsplay.lt\\\/produktas\\\/woopie-paspirtukas-su-lele-ir-suniuku\\\/\"]}]},{\"@type\":\"ImageObject\",\"inLanguage\":\"lv-LV\",\"@id\":\"https:\\\/\\\/kidsplay.lt\\\/produktas\\\/woopie-paspirtukas-su-lele-ir-suniuku\\\/#primaryimage\",\"url\":\"https:\\\/\\\/kidsplay.lt\\\/wp-content\\\/uploads\\\/2026\\\/02\\\/WOOPIE-paspirtukas-su-lele-ir-suniuku.jpg\",\"contentUrl\":\"https:\\\/\\\/kidsplay.lt\\\/wp-content\\\/uploads\\\/2026\\\/02\\\/WOOPIE-paspirtukas-su-lele-ir-suniuku.jpg\",\"width\":1000,\"height\":1000,\"caption\":\"WOOPIE paspirtukas su l\u0117le ir \u0161uniuku\"},{\"@type\":\"BreadcrumbList\",\"@id\":\"https:\\\/\\\/kidsplay.lt\\\/produktas\\\/woopie-paspirtukas-su-lele-ir-suniuku\\\/#breadcrumb\",\"itemListElement\":[{\"@type\":\"ListItem\",\"position\":1,\"name\":\"Pagrindinis\",\"item\":\"https:\\\/\\\/kidsplay.lt\\\/\"},{\"@type\":\"ListItem\",\"position\":2,\"name\":\"Parduotuv\u0117\",\"item\":\"https:\\\/\\\/kidsplay.lt\\\/parduotuve\\\/\"},{\"@type\":\"ListItem\",\"position\":3,\"name\":\"WOOPIE paspirtukas su l\u0117le ir \u0161uniuku\"}]},{\"@type\":\"WebSite\",\"@id\":\"https:\\\/\\\/kidsplay.lt\\\/#website\",\"url\":\"https:\\\/\\\/kidsplay.lt\\\/\",\"name\":\"Kidsplay.lt\",\"description\":\"\u012evairios prek\u0117s vaikams\",\"publisher\":{\"@id\":\"https:\\\/\\\/kidsplay.lt\\\/#organization\"},\"alternateName\":\"Kidsplay\",\"potentialAction\":[{\"@type\":\"SearchAction\",\"target\":{\"@type\":\"EntryPoint\",\"urlTemplate\":\"https:\\\/\\\/kidsplay.lt\\\/?s={search_term_string}\"},\"query-input\":{\"@type\":\"PropertyValueSpecification\",\"valueRequired\":true,\"valueName\":\"search_term_string\"}}],\"inLanguage\":\"lv-LV\"},{\"@type\":\"Organization\",\"@id\":\"https:\\\/\\\/kidsplay.lt\\\/#organization\",\"name\":\"KidsPlay\",\"url\":\"https:\\\/\\\/kidsplay.lt\\\/\",\"logo\":{\"@type\":\"ImageObject\",\"inLanguage\":\"lv-LV\",\"@id\":\"https:\\\/\\\/kidsplay.lt\\\/#\\\/schema\\\/logo\\\/image\\\/\",\"url\":\"https:\\\/\\\/kidsplay.lt\\\/wp-content\\\/uploads\\\/2023\\\/07\\\/kidsplay-logo.png\",\"contentUrl\":\"https:\\\/\\\/kidsplay.lt\\\/wp-content\\\/uploads\\\/2023\\\/07\\\/kidsplay-logo.png\",\"width\":451,\"height\":98,\"caption\":\"KidsPlay\"},\"image\":{\"@id\":\"https:\\\/\\\/kidsplay.lt\\\/#\\\/schema\\\/logo\\\/image\\\/\"},\"sameAs\":[\"https:\\\/\\\/www.facebook.com\\\/www.kidsplay.lt\"]}]}<\/script>\n<!-- \/ Yoast SEO plugin. -->","yoast_head_json":{"title":"WOOPIE skrejritenis ar lelli un kuc\u0113nu","description":"WOOPIE paspirtukas su l\u0117le ir \u0161uniuku - KidsPlay. Did\u017eiausias vaik\u0173 \u017eaisl\u0173 pasirinkimas.","robots":{"index":"index","follow":"follow","max-snippet":"max-snippet:-1","max-image-preview":"max-image-preview:large","max-video-preview":"max-video-preview:-1"},"canonical":"https:\/\/kidsplay.lt\/lv\/products\/woopie-paspirtukas-su-lele-ir-suniuku\/","og_locale":"lv_LV","og_type":"article","og_title":"WOOPIE paspirtukas su l\u0117le ir \u0161uniuku","og_description":"WOOPIE paspirtukas su l\u0117le ir \u0161uniuku - KidsPlay. Did\u017eiausias vaik\u0173 \u017eaisl\u0173 pasirinkimas.","og_url":"https:\/\/kidsplay.lt\/lv\/products\/woopie-paspirtukas-su-lele-ir-suniuku\/","og_site_name":"KidsPlay","article_publisher":"https:\/\/www.facebook.com\/www.kidsplay.lt","article_modified_time":"2026-04-13T11:20:45+00:00","og_image":[{"width":1000,"height":1000,"url":"https:\/\/kidsplay.lt\/wp-content\/uploads\/2026\/02\/WOOPIE-paspirtukas-su-lele-ir-suniuku.jpg","type":"image\/jpeg"}],"twitter_card":"summary_large_image","twitter_misc":{"Est. reading time":"1 min\u016bte"},"schema":{"@context":"https:\/\/schema.org","@graph":[{"@type":"WebPage","@id":"https:\/\/kidsplay.lt\/produktas\/woopie-paspirtukas-su-lele-ir-suniuku\/","url":"https:\/\/kidsplay.lt\/produktas\/woopie-paspirtukas-su-lele-ir-suniuku\/","name":"WOOPIE skrejritenis ar lelli un kuc\u0113nu","isPartOf":{"@id":"https:\/\/kidsplay.lt\/#website"},"primaryImageOfPage":{"@id":"https:\/\/kidsplay.lt\/produktas\/woopie-paspirtukas-su-lele-ir-suniuku\/#primaryimage"},"image":{"@id":"https:\/\/kidsplay.lt\/produktas\/woopie-paspirtukas-su-lele-ir-suniuku\/#primaryimage"},"thumbnailUrl":"https:\/\/kidsplay.lt\/wp-content\/uploads\/2026\/02\/WOOPIE-paspirtukas-su-lele-ir-suniuku.jpg","datePublished":"2026-02-24T18:15:41+00:00","dateModified":"2026-04-13T11:20:45+00:00","description":"WOOPIE paspirtukas su l\u0117le ir \u0161uniuku - KidsPlay. Did\u017eiausias vaik\u0173 \u017eaisl\u0173 pasirinkimas.","breadcrumb":{"@id":"https:\/\/kidsplay.lt\/produktas\/woopie-paspirtukas-su-lele-ir-suniuku\/#breadcrumb"},"inLanguage":"lv-LV","potentialAction":[{"@type":"ReadAction","target":["https:\/\/kidsplay.lt\/produktas\/woopie-paspirtukas-su-lele-ir-suniuku\/"]}]},{"@type":"ImageObject","inLanguage":"lv-LV","@id":"https:\/\/kidsplay.lt\/produktas\/woopie-paspirtukas-su-lele-ir-suniuku\/#primaryimage","url":"https:\/\/kidsplay.lt\/wp-content\/uploads\/2026\/02\/WOOPIE-paspirtukas-su-lele-ir-suniuku.jpg","contentUrl":"https:\/\/kidsplay.lt\/wp-content\/uploads\/2026\/02\/WOOPIE-paspirtukas-su-lele-ir-suniuku.jpg","width":1000,"height":1000,"caption":"WOOPIE paspirtukas su l\u0117le ir \u0161uniuku"},{"@type":"BreadcrumbList","@id":"https:\/\/kidsplay.lt\/produktas\/woopie-paspirtukas-su-lele-ir-suniuku\/#breadcrumb","itemListElement":[{"@type":"ListItem","position":1,"name":"Pagrindinis","item":"https:\/\/kidsplay.lt\/"},{"@type":"ListItem","position":2,"name":"Parduotuv\u0117","item":"https:\/\/kidsplay.lt\/parduotuve\/"},{"@type":"ListItem","position":3,"name":"WOOPIE paspirtukas su l\u0117le ir \u0161uniuku"}]},{"@type":"WebSite","@id":"https:\/\/kidsplay.lt\/#website","url":"https:\/\/kidsplay.lt\/","name":"B\u0113rnu sp\u0113les.lv","description":"\u012evairios prek\u0117s vaikams","publisher":{"@id":"https:\/\/kidsplay.lt\/#organization"},"alternateName":"Kidsplay","potentialAction":[{"@type":"SearchAction","target":{"@type":"EntryPoint","urlTemplate":"https:\/\/kidsplay.lt\/?s={search_term_string}"},"query-input":{"@type":"PropertyValueSpecification","valueRequired":true,"valueName":"search_term_string"}}],"inLanguage":"lv-LV"},{"@type":"Organization","@id":"https:\/\/kidsplay.lt\/#organization","name":"B\u0113rnu sp\u0113le","url":"https:\/\/kidsplay.lt\/","logo":{"@type":"ImageObject","inLanguage":"lv-LV","@id":"https:\/\/kidsplay.lt\/#\/schema\/logo\/image\/","url":"https:\/\/kidsplay.lt\/wp-content\/uploads\/2023\/07\/kidsplay-logo.png","contentUrl":"https:\/\/kidsplay.lt\/wp-content\/uploads\/2023\/07\/kidsplay-logo.png","width":451,"height":98,"caption":"KidsPlay"},"image":{"@id":"https:\/\/kidsplay.lt\/#\/schema\/logo\/image\/"},"sameAs":["https:\/\/www.facebook.com\/www.kidsplay.lt"]}]}},"_links":{"self":[{"href":"https:\/\/kidsplay.lt\/lv\/wp-json\/wp\/v2\/product\/87255","targetHints":{"allow":["GET"]}}],"collection":[{"href":"https:\/\/kidsplay.lt\/lv\/wp-json\/wp\/v2\/product"}],"about":[{"href":"https:\/\/kidsplay.lt\/lv\/wp-json\/wp\/v2\/types\/product"}],"version-history":[{"count":1,"href":"https:\/\/kidsplay.lt\/lv\/wp-json\/wp\/v2\/product\/87255\/revisions"}],"predecessor-version":[{"id":87256,"href":"https:\/\/kidsplay.lt\/lv\/wp-json\/wp\/v2\/product\/87255\/revisions\/87256"}],"wp:featuredmedia":[{"embeddable":true,"href":"https:\/\/kidsplay.lt\/lv\/wp-json\/wp\/v2\/media\/87257"}],"wp:attachment":[{"href":"https:\/\/kidsplay.lt\/lv\/wp-json\/wp\/v2\/media?parent=87255"}],"wp:term":[{"taxonomy":"product_brand","embeddable":true,"href":"https:\/\/kidsplay.lt\/lv\/wp-json\/wp\/v2\/product_brand?post=87255"},{"taxonomy":"product_cat","embeddable":true,"href":"https:\/\/kidsplay.lt\/lv\/wp-json\/wp\/v2\/product_cat?post=87255"},{"taxonomy":"product_tag","embeddable":true,"href":"https:\/\/kidsplay.lt\/lv\/wp-json\/wp\/v2\/product_tag?post=87255"}],"curies":[{"name":"wp","href":"https:\/\/api.w.org\/{rel}","templated":true}]}}