{"id":87262,"date":"2026-02-24T20:16:43","date_gmt":"2026-02-24T18:16:43","guid":{"rendered":"https:\/\/kidsplay.lt\/produktas\/woopie-lele-meskute\/"},"modified":"2026-04-07T10:00:23","modified_gmt":"2026-04-07T07:00:23","slug":"woopie-lele-meskute","status":"publish","type":"product","link":"https:\/\/kidsplay.lt\/lv\/products\/woopie-lele-meskute\/","title":{"rendered":"WOOPIE L\u0117l\u0117 Me\u0161kut\u0117"},"content":{"rendered":"<p>Leisk vaikui pasinerti \u012f spalv\u0173, linksmybi\u0173 ir fantazijos pasaul\u012f su WOOPIE ROYAL l\u0117le Me\u0161kute, kuri dievina laik\u0105 pramog\u0173 parke! L\u0117l\u0117 vilki miel\u0105, mink\u0161t\u0105 violetinio me\u0161kiuko kostium\u0105, kur\u012f galima lengvai nuimti ir pakeisti jos stili\u0173.<\/p>\n<p>Rinkinyje esantys \u0161irdeli\u0173 formos balionai ir lunaparko bilietai leid\u017eia kurti \u017eaismingas istorijas apie atrakcionus, karuseles ir smagius nuotykius. Tai \u017eaislas, kuris \u012fkvepia k\u016brybi\u0161kumui, lavina empatij\u0105 ir suteikia daug d\u017eiaugsmo ma\u017eosioms svajotojoms.<\/p>\n<p>Raksturojums<\/p>\n<p> \tRekomenduojama vaikams nuo 3 met\u0173<br \/>\n \tAuk\u0161tos kokyb\u0117s, saug\u016bs ir malon\u016bs liesti med\u017eiag\u0173 elementai<br \/>\n \tNuimamas me\u0161kiuko kostiumas (kepur\u0117 ir leten\u0117l\u0117s)<br \/>\n \tSpalvingas, \u017eaismingas dizainas, skatinantis \u012fsitraukti \u012f \u017eaidim\u0105<\/p>\n<p>Komplekta saturs<\/p>\n<p> \tL\u0117l\u0117 su violetiniu me\u0161kiuko kostiumu<br \/>\n \tNuimama kepur\u0117 ir leten\u0117l\u0117s<br \/>\n \tSpalvoti \u0161irdeli\u0173 balionai<br \/>\n \tLunaparko bilietai<\/p>\n<p>Rota\u013clietu lav\u012bna<\/p>\n<p> \tk\u016brybi\u0161kum\u0105 ir vaizduot\u0119<br \/>\n \tempatij\u0105 ir r\u016bpestingum\u0105<br \/>\n \tsmulki\u0105j\u0105 motorik\u0105 ir koordinacij\u0105<br \/>\n \tvaidmen\u0173 \u017eaidimo \u012fg\u016bd\u017eius ir istorij\u0173 k\u016brim\u0105<\/p>","protected":false},"excerpt":{"rendered":"<p>Leisk vaikui pasinerti \u012f spalv\u0173, linksmybi\u0173 ir fantazijos pasaul\u012f su WOOPIE ROYAL l\u0117le Me\u0161kute, kuri dievina laik\u0105 pramog\u0173 parke! L\u0117l\u0117<\/p>","protected":false},"featured_media":87264,"template":"","meta":{"_acf_changed":false,"_glsr_average":0,"_glsr_ranking":0,"_glsr_reviews":0},"product_brand":[],"product_cat":[443,229],"product_tag":[],"class_list":{"0":"post-87262","1":"product","2":"type-product","3":"status-publish","4":"has-post-thumbnail","6":"product_cat-leles-ir-priedai","7":"product_cat-zaislai-vaikams","8":"\"style=\"background-color: #2ecc711c;\"","10":"first","11":"instock","12":"purchasable","13":"product-type-simple"},"acf":[],"yoast_head":"<!-- This site is optimized with the Yoast SEO plugin v27.3 - https:\/\/yoast.com\/product\/yoast-seo-wordpress\/ -->\n<title>WOOPIE L\u0117l\u0117 Me\u0161kut\u0117<\/title>\n<meta name=\"description\" content=\"WOOPIE L\u0117l\u0117 Me\u0161kut\u0117 - KidsPlay. Did\u017eiausias vaik\u0173 \u017eaisl\u0173 pasirinkimas.\" \/>\n<meta name=\"robots\" content=\"index, follow, max-snippet:-1, max-image-preview:large, max-video-preview:-1\" \/>\n<link rel=\"canonical\" href=\"https:\/\/kidsplay.lt\/lv\/products\/woopie-lele-meskute\/\" \/>\n<meta property=\"og:locale\" content=\"lv_LV\" \/>\n<meta property=\"og:type\" content=\"article\" \/>\n<meta property=\"og:title\" content=\"WOOPIE L\u0117l\u0117 Me\u0161kut\u0117\" \/>\n<meta property=\"og:description\" content=\"WOOPIE L\u0117l\u0117 Me\u0161kut\u0117 - KidsPlay. Did\u017eiausias vaik\u0173 \u017eaisl\u0173 pasirinkimas.\" \/>\n<meta property=\"og:url\" content=\"https:\/\/kidsplay.lt\/lv\/products\/woopie-lele-meskute\/\" \/>\n<meta property=\"og:site_name\" content=\"KidsPlay\" \/>\n<meta property=\"article:publisher\" content=\"https:\/\/www.facebook.com\/www.kidsplay.lt\" \/>\n<meta property=\"article:modified_time\" content=\"2026-04-07T07:00:23+00:00\" \/>\n<meta property=\"og:image\" content=\"https:\/\/kidsplay.lt\/wp-content\/uploads\/2026\/02\/WOOPIE-Lele-Meskute.jpg\" \/>\n\t<meta property=\"og:image:width\" content=\"1000\" \/>\n\t<meta property=\"og:image:height\" content=\"1000\" \/>\n\t<meta property=\"og:image:type\" content=\"image\/jpeg\" \/>\n<meta name=\"twitter:card\" content=\"summary_large_image\" \/>\n<meta name=\"twitter:label1\" content=\"Est. reading time\" \/>\n\t<meta name=\"twitter:data1\" content=\"1 min\u016bte\" \/>\n<script type=\"application\/ld+json\" class=\"yoast-schema-graph\">{\"@context\":\"https:\\\/\\\/schema.org\",\"@graph\":[{\"@type\":\"WebPage\",\"@id\":\"https:\\\/\\\/kidsplay.lt\\\/produktas\\\/woopie-lele-meskute\\\/\",\"url\":\"https:\\\/\\\/kidsplay.lt\\\/produktas\\\/woopie-lele-meskute\\\/\",\"name\":\"WOOPIE L\u0117l\u0117 Me\u0161kut\u0117\",\"isPartOf\":{\"@id\":\"https:\\\/\\\/kidsplay.lt\\\/#website\"},\"primaryImageOfPage\":{\"@id\":\"https:\\\/\\\/kidsplay.lt\\\/produktas\\\/woopie-lele-meskute\\\/#primaryimage\"},\"image\":{\"@id\":\"https:\\\/\\\/kidsplay.lt\\\/produktas\\\/woopie-lele-meskute\\\/#primaryimage\"},\"thumbnailUrl\":\"https:\\\/\\\/kidsplay.lt\\\/wp-content\\\/uploads\\\/2026\\\/02\\\/WOOPIE-Lele-Meskute.jpg\",\"datePublished\":\"2026-02-24T18:16:43+00:00\",\"dateModified\":\"2026-04-07T07:00:23+00:00\",\"description\":\"WOOPIE L\u0117l\u0117 Me\u0161kut\u0117 - KidsPlay. Did\u017eiausias vaik\u0173 \u017eaisl\u0173 pasirinkimas.\",\"breadcrumb\":{\"@id\":\"https:\\\/\\\/kidsplay.lt\\\/produktas\\\/woopie-lele-meskute\\\/#breadcrumb\"},\"inLanguage\":\"lv-LV\",\"potentialAction\":[{\"@type\":\"ReadAction\",\"target\":[\"https:\\\/\\\/kidsplay.lt\\\/produktas\\\/woopie-lele-meskute\\\/\"]}]},{\"@type\":\"ImageObject\",\"inLanguage\":\"lv-LV\",\"@id\":\"https:\\\/\\\/kidsplay.lt\\\/produktas\\\/woopie-lele-meskute\\\/#primaryimage\",\"url\":\"https:\\\/\\\/kidsplay.lt\\\/wp-content\\\/uploads\\\/2026\\\/02\\\/WOOPIE-Lele-Meskute.jpg\",\"contentUrl\":\"https:\\\/\\\/kidsplay.lt\\\/wp-content\\\/uploads\\\/2026\\\/02\\\/WOOPIE-Lele-Meskute.jpg\",\"width\":1000,\"height\":1000,\"caption\":\"WOOPIE L\u0117l\u0117 Me\u0161kut\u0117\"},{\"@type\":\"BreadcrumbList\",\"@id\":\"https:\\\/\\\/kidsplay.lt\\\/produktas\\\/woopie-lele-meskute\\\/#breadcrumb\",\"itemListElement\":[{\"@type\":\"ListItem\",\"position\":1,\"name\":\"Pagrindinis\",\"item\":\"https:\\\/\\\/kidsplay.lt\\\/\"},{\"@type\":\"ListItem\",\"position\":2,\"name\":\"Parduotuv\u0117\",\"item\":\"https:\\\/\\\/kidsplay.lt\\\/parduotuve\\\/\"},{\"@type\":\"ListItem\",\"position\":3,\"name\":\"WOOPIE L\u0117l\u0117 Me\u0161kut\u0117\"}]},{\"@type\":\"WebSite\",\"@id\":\"https:\\\/\\\/kidsplay.lt\\\/#website\",\"url\":\"https:\\\/\\\/kidsplay.lt\\\/\",\"name\":\"Kidsplay.lt\",\"description\":\"\u012evairios prek\u0117s vaikams\",\"publisher\":{\"@id\":\"https:\\\/\\\/kidsplay.lt\\\/#organization\"},\"alternateName\":\"Kidsplay\",\"potentialAction\":[{\"@type\":\"SearchAction\",\"target\":{\"@type\":\"EntryPoint\",\"urlTemplate\":\"https:\\\/\\\/kidsplay.lt\\\/?s={search_term_string}\"},\"query-input\":{\"@type\":\"PropertyValueSpecification\",\"valueRequired\":true,\"valueName\":\"search_term_string\"}}],\"inLanguage\":\"lv-LV\"},{\"@type\":\"Organization\",\"@id\":\"https:\\\/\\\/kidsplay.lt\\\/#organization\",\"name\":\"KidsPlay\",\"url\":\"https:\\\/\\\/kidsplay.lt\\\/\",\"logo\":{\"@type\":\"ImageObject\",\"inLanguage\":\"lv-LV\",\"@id\":\"https:\\\/\\\/kidsplay.lt\\\/#\\\/schema\\\/logo\\\/image\\\/\",\"url\":\"https:\\\/\\\/kidsplay.lt\\\/wp-content\\\/uploads\\\/2023\\\/07\\\/kidsplay-logo.png\",\"contentUrl\":\"https:\\\/\\\/kidsplay.lt\\\/wp-content\\\/uploads\\\/2023\\\/07\\\/kidsplay-logo.png\",\"width\":451,\"height\":98,\"caption\":\"KidsPlay\"},\"image\":{\"@id\":\"https:\\\/\\\/kidsplay.lt\\\/#\\\/schema\\\/logo\\\/image\\\/\"},\"sameAs\":[\"https:\\\/\\\/www.facebook.com\\\/www.kidsplay.lt\"]}]}<\/script>\n<!-- \/ Yoast SEO plugin. -->","yoast_head_json":{"title":"WOOPIE L\u0117l\u0117 Me\u0161kut\u0117","description":"WOOPIE L\u0117l\u0117 Me\u0161kut\u0117 - KidsPlay. Did\u017eiausias vaik\u0173 \u017eaisl\u0173 pasirinkimas.","robots":{"index":"index","follow":"follow","max-snippet":"max-snippet:-1","max-image-preview":"max-image-preview:large","max-video-preview":"max-video-preview:-1"},"canonical":"https:\/\/kidsplay.lt\/lv\/products\/woopie-lele-meskute\/","og_locale":"lv_LV","og_type":"article","og_title":"WOOPIE L\u0117l\u0117 Me\u0161kut\u0117","og_description":"WOOPIE L\u0117l\u0117 Me\u0161kut\u0117 - KidsPlay. Did\u017eiausias vaik\u0173 \u017eaisl\u0173 pasirinkimas.","og_url":"https:\/\/kidsplay.lt\/lv\/products\/woopie-lele-meskute\/","og_site_name":"KidsPlay","article_publisher":"https:\/\/www.facebook.com\/www.kidsplay.lt","article_modified_time":"2026-04-07T07:00:23+00:00","og_image":[{"width":1000,"height":1000,"url":"https:\/\/kidsplay.lt\/wp-content\/uploads\/2026\/02\/WOOPIE-Lele-Meskute.jpg","type":"image\/jpeg"}],"twitter_card":"summary_large_image","twitter_misc":{"Est. reading time":"1 min\u016bte"},"schema":{"@context":"https:\/\/schema.org","@graph":[{"@type":"WebPage","@id":"https:\/\/kidsplay.lt\/produktas\/woopie-lele-meskute\/","url":"https:\/\/kidsplay.lt\/produktas\/woopie-lele-meskute\/","name":"WOOPIE L\u0117l\u0117 Me\u0161kut\u0117","isPartOf":{"@id":"https:\/\/kidsplay.lt\/#website"},"primaryImageOfPage":{"@id":"https:\/\/kidsplay.lt\/produktas\/woopie-lele-meskute\/#primaryimage"},"image":{"@id":"https:\/\/kidsplay.lt\/produktas\/woopie-lele-meskute\/#primaryimage"},"thumbnailUrl":"https:\/\/kidsplay.lt\/wp-content\/uploads\/2026\/02\/WOOPIE-Lele-Meskute.jpg","datePublished":"2026-02-24T18:16:43+00:00","dateModified":"2026-04-07T07:00:23+00:00","description":"WOOPIE L\u0117l\u0117 Me\u0161kut\u0117 - KidsPlay. Did\u017eiausias vaik\u0173 \u017eaisl\u0173 pasirinkimas.","breadcrumb":{"@id":"https:\/\/kidsplay.lt\/produktas\/woopie-lele-meskute\/#breadcrumb"},"inLanguage":"lv-LV","potentialAction":[{"@type":"ReadAction","target":["https:\/\/kidsplay.lt\/produktas\/woopie-lele-meskute\/"]}]},{"@type":"ImageObject","inLanguage":"lv-LV","@id":"https:\/\/kidsplay.lt\/produktas\/woopie-lele-meskute\/#primaryimage","url":"https:\/\/kidsplay.lt\/wp-content\/uploads\/2026\/02\/WOOPIE-Lele-Meskute.jpg","contentUrl":"https:\/\/kidsplay.lt\/wp-content\/uploads\/2026\/02\/WOOPIE-Lele-Meskute.jpg","width":1000,"height":1000,"caption":"WOOPIE L\u0117l\u0117 Me\u0161kut\u0117"},{"@type":"BreadcrumbList","@id":"https:\/\/kidsplay.lt\/produktas\/woopie-lele-meskute\/#breadcrumb","itemListElement":[{"@type":"ListItem","position":1,"name":"Pagrindinis","item":"https:\/\/kidsplay.lt\/"},{"@type":"ListItem","position":2,"name":"Parduotuv\u0117","item":"https:\/\/kidsplay.lt\/parduotuve\/"},{"@type":"ListItem","position":3,"name":"WOOPIE L\u0117l\u0117 Me\u0161kut\u0117"}]},{"@type":"WebSite","@id":"https:\/\/kidsplay.lt\/#website","url":"https:\/\/kidsplay.lt\/","name":"B\u0113rnu sp\u0113les.lv","description":"\u012evairios prek\u0117s vaikams","publisher":{"@id":"https:\/\/kidsplay.lt\/#organization"},"alternateName":"Kidsplay","potentialAction":[{"@type":"SearchAction","target":{"@type":"EntryPoint","urlTemplate":"https:\/\/kidsplay.lt\/?s={search_term_string}"},"query-input":{"@type":"PropertyValueSpecification","valueRequired":true,"valueName":"search_term_string"}}],"inLanguage":"lv-LV"},{"@type":"Organization","@id":"https:\/\/kidsplay.lt\/#organization","name":"B\u0113rnu sp\u0113le","url":"https:\/\/kidsplay.lt\/","logo":{"@type":"ImageObject","inLanguage":"lv-LV","@id":"https:\/\/kidsplay.lt\/#\/schema\/logo\/image\/","url":"https:\/\/kidsplay.lt\/wp-content\/uploads\/2023\/07\/kidsplay-logo.png","contentUrl":"https:\/\/kidsplay.lt\/wp-content\/uploads\/2023\/07\/kidsplay-logo.png","width":451,"height":98,"caption":"KidsPlay"},"image":{"@id":"https:\/\/kidsplay.lt\/#\/schema\/logo\/image\/"},"sameAs":["https:\/\/www.facebook.com\/www.kidsplay.lt"]}]}},"_links":{"self":[{"href":"https:\/\/kidsplay.lt\/lv\/wp-json\/wp\/v2\/product\/87262","targetHints":{"allow":["GET"]}}],"collection":[{"href":"https:\/\/kidsplay.lt\/lv\/wp-json\/wp\/v2\/product"}],"about":[{"href":"https:\/\/kidsplay.lt\/lv\/wp-json\/wp\/v2\/types\/product"}],"version-history":[{"count":1,"href":"https:\/\/kidsplay.lt\/lv\/wp-json\/wp\/v2\/product\/87262\/revisions"}],"predecessor-version":[{"id":87263,"href":"https:\/\/kidsplay.lt\/lv\/wp-json\/wp\/v2\/product\/87262\/revisions\/87263"}],"wp:featuredmedia":[{"embeddable":true,"href":"https:\/\/kidsplay.lt\/lv\/wp-json\/wp\/v2\/media\/87264"}],"wp:attachment":[{"href":"https:\/\/kidsplay.lt\/lv\/wp-json\/wp\/v2\/media?parent=87262"}],"wp:term":[{"taxonomy":"product_brand","embeddable":true,"href":"https:\/\/kidsplay.lt\/lv\/wp-json\/wp\/v2\/product_brand?post=87262"},{"taxonomy":"product_cat","embeddable":true,"href":"https:\/\/kidsplay.lt\/lv\/wp-json\/wp\/v2\/product_cat?post=87262"},{"taxonomy":"product_tag","embeddable":true,"href":"https:\/\/kidsplay.lt\/lv\/wp-json\/wp\/v2\/product_tag?post=87262"}],"curies":[{"name":"wp","href":"https:\/\/api.w.org\/{rel}","templated":true}]}}