{"id":87300,"date":"2026-02-24T20:18:08","date_gmt":"2026-02-24T18:18:08","guid":{"rendered":"https:\/\/kidsplay.lt\/produktas\/viga-medine-sensorine-manipuliacine-lenta-vaizdine-delione\/"},"modified":"2026-04-07T10:01:03","modified_gmt":"2026-04-07T07:01:03","slug":"viga-medine-sensorine-manipuliacine-lenta-vaizdine-delione","status":"publish","type":"product","link":"https:\/\/kidsplay.lt\/lv\/products\/viga-medine-sensorine-manipuliacine-lenta-vaizdine-delione\/","title":{"rendered":"VIGA koka sensor\u0101s manipul\u0101cijas d\u0113lis \u2013 vizu\u0101l\u0101 puzle"},"content":{"rendered":"<p>Atrask \u017eaidim\u0105, kuris vienu metu lavina, d\u017eiugina ir taupo viet\u0105! WOOPIE sieninis aktyvumo panelis \u2013 tai interaktyvi magnetin\u0117 pinball tipo \u017eaidimo lenta, kuri\u0105 galima patogiai pritvirtinti prie sienos. Ji neu\u017eima grind\u0173 ploto, tod\u0117l puikiai tinka tiek ma\u017eiems vaik\u0173 kambariams, tiek \u017eaidim\u0173 erdv\u0117ms.<\/p>\n<p>Vaikas valdo spalvotas kamuoliuk\u0173 trajektorijas naudodamas magnetin\u012f ra\u0161ikl\u012f ir elastingas juosteles, nukreipdamas kamuoliukus \u012f tikslus. Kiekvienas ta\u0161kas reikalauja vis daugiau tikslumo, tod\u0117l \u017eaidimas nat\u016braliai lavina koncentracij\u0105, login\u012f m\u0105stym\u0105 ir rank\u0173\u2013aki\u0173 koordinacij\u0105. Tai puikus b\u016bdas mokytis per judes\u012f ir smag\u0173 i\u0161\u0161\u016bk\u012f.<\/p>\n<p>Raksturojums<\/p>\n<p> \tRekomenduojama vaikams nuo 3 met\u0173<br \/>\n \tOriginali sienin\u0117 pinball \u017eaidimo lenta<br \/>\n \tPuikus sprendimas ma\u017eoms erdv\u0117ms \u2013 montuojama ant sienos<br \/>\n \tMagnetinis ra\u0161iklis leid\u017eia valdyti kamuoliuk\u0173 jud\u0117jim\u0105<br \/>\n \tLavina smulki\u0105j\u0105 motorik\u0105 ir login\u012f m\u0105stym\u0105<br \/>\n \tPagaminta i\u0161 saugi\u0173, kokybi\u0161k\u0173 med\u017eiag\u0173<\/p>\n<p>Komplekta saturs<\/p>\n<p> \tSieninis aktyvumo panelis su pinball \u017eaidimu<br \/>\n \tMagnetinis ra\u0161iklis<\/p>\n<p>Rota\u013clietu lav\u012bna<\/p>\n<p> \trank\u0173\u2013aki\u0173 koordinacij\u0105<br \/>\n \tkoncentracij\u0105<br \/>\n \tproblem\u0173 sprendimo \u012fg\u016bd\u017eius<br \/>\n \tprie\u017easties\u2013pasekm\u0117s suvokim\u0105<br \/>\n \tsmulki\u0105j\u0105 motorik\u0105<\/p>","protected":false},"excerpt":{"rendered":"<p>Atrask \u017eaidim\u0105, kuris vienu metu lavina, d\u017eiugina ir taupo viet\u0105! WOOPIE sieninis aktyvumo panelis \u2013 tai interaktyvi magnetin\u0117 pinball tipo<\/p>","protected":false},"featured_media":87302,"template":"","meta":{"_acf_changed":false,"_glsr_average":0,"_glsr_ranking":0,"_glsr_reviews":0},"product_brand":[],"product_cat":[673,229],"product_tag":[],"class_list":{"0":"post-87300","1":"product","2":"type-product","3":"status-publish","4":"has-post-thumbnail","6":"product_cat-ugdomosios-priemones","7":"product_cat-zaislai-vaikams","8":"\"style=\"background-color: #2ecc711c;\"","10":"first","11":"instock","12":"purchasable","13":"product-type-simple"},"acf":[],"yoast_head":"<!-- This site is optimized with the Yoast SEO plugin v27.3 - https:\/\/yoast.com\/product\/yoast-seo-wordpress\/ -->\n<title>VIGA Medin\u0117 Sensorin\u0117 Manipuliacin\u0117 Lenta \u2013 Vaizdin\u0117 D\u0117lion\u0117<\/title>\n<meta name=\"description\" content=\"VIGA Medin\u0117 Sensorin\u0117 Manipuliacin\u0117 Lenta \u2013 Vaizdin\u0117 D\u0117lion\u0117 - KidsPlay. Did\u017eiausias vaik\u0173 \u017eaisl\u0173 pasirinkimas.\" \/>\n<meta name=\"robots\" content=\"index, follow, max-snippet:-1, max-image-preview:large, max-video-preview:-1\" \/>\n<link rel=\"canonical\" href=\"https:\/\/kidsplay.lt\/lv\/products\/viga-medine-sensorine-manipuliacine-lenta-vaizdine-delione\/\" \/>\n<meta property=\"og:locale\" content=\"lv_LV\" \/>\n<meta property=\"og:type\" content=\"article\" \/>\n<meta property=\"og:title\" content=\"VIGA Medin\u0117 Sensorin\u0117 Manipuliacin\u0117 Lenta \u2013 Vaizdin\u0117 D\u0117lion\u0117\" \/>\n<meta property=\"og:description\" content=\"VIGA Medin\u0117 Sensorin\u0117 Manipuliacin\u0117 Lenta \u2013 Vaizdin\u0117 D\u0117lion\u0117 - KidsPlay. Did\u017eiausias vaik\u0173 \u017eaisl\u0173 pasirinkimas.\" \/>\n<meta property=\"og:url\" content=\"https:\/\/kidsplay.lt\/lv\/products\/viga-medine-sensorine-manipuliacine-lenta-vaizdine-delione\/\" \/>\n<meta property=\"og:site_name\" content=\"KidsPlay\" \/>\n<meta property=\"article:publisher\" content=\"https:\/\/www.facebook.com\/www.kidsplay.lt\" \/>\n<meta property=\"article:modified_time\" content=\"2026-04-07T07:01:03+00:00\" \/>\n<meta property=\"og:image\" content=\"https:\/\/kidsplay.lt\/wp-content\/uploads\/2026\/02\/VIGA-Medine-Sensorine-Manipuliacine-Lenta-\u2013-Vaizdine-Delione.jpg\" \/>\n\t<meta property=\"og:image:width\" content=\"1000\" \/>\n\t<meta property=\"og:image:height\" content=\"1000\" \/>\n\t<meta property=\"og:image:type\" content=\"image\/jpeg\" \/>\n<meta name=\"twitter:card\" content=\"summary_large_image\" \/>\n<meta name=\"twitter:label1\" content=\"Est. reading time\" \/>\n\t<meta name=\"twitter:data1\" content=\"1 min\u016bte\" \/>\n<script type=\"application\/ld+json\" class=\"yoast-schema-graph\">{\"@context\":\"https:\\\/\\\/schema.org\",\"@graph\":[{\"@type\":\"WebPage\",\"@id\":\"https:\\\/\\\/kidsplay.lt\\\/produktas\\\/viga-medine-sensorine-manipuliacine-lenta-vaizdine-delione\\\/\",\"url\":\"https:\\\/\\\/kidsplay.lt\\\/produktas\\\/viga-medine-sensorine-manipuliacine-lenta-vaizdine-delione\\\/\",\"name\":\"VIGA Medin\u0117 Sensorin\u0117 Manipuliacin\u0117 Lenta \u2013 Vaizdin\u0117 D\u0117lion\u0117\",\"isPartOf\":{\"@id\":\"https:\\\/\\\/kidsplay.lt\\\/#website\"},\"primaryImageOfPage\":{\"@id\":\"https:\\\/\\\/kidsplay.lt\\\/produktas\\\/viga-medine-sensorine-manipuliacine-lenta-vaizdine-delione\\\/#primaryimage\"},\"image\":{\"@id\":\"https:\\\/\\\/kidsplay.lt\\\/produktas\\\/viga-medine-sensorine-manipuliacine-lenta-vaizdine-delione\\\/#primaryimage\"},\"thumbnailUrl\":\"https:\\\/\\\/kidsplay.lt\\\/wp-content\\\/uploads\\\/2026\\\/02\\\/VIGA-Medine-Sensorine-Manipuliacine-Lenta-\u2013-Vaizdine-Delione.jpg\",\"datePublished\":\"2026-02-24T18:18:08+00:00\",\"dateModified\":\"2026-04-07T07:01:03+00:00\",\"description\":\"VIGA Medin\u0117 Sensorin\u0117 Manipuliacin\u0117 Lenta \u2013 Vaizdin\u0117 D\u0117lion\u0117 - KidsPlay. Did\u017eiausias vaik\u0173 \u017eaisl\u0173 pasirinkimas.\",\"breadcrumb\":{\"@id\":\"https:\\\/\\\/kidsplay.lt\\\/produktas\\\/viga-medine-sensorine-manipuliacine-lenta-vaizdine-delione\\\/#breadcrumb\"},\"inLanguage\":\"lv-LV\",\"potentialAction\":[{\"@type\":\"ReadAction\",\"target\":[\"https:\\\/\\\/kidsplay.lt\\\/produktas\\\/viga-medine-sensorine-manipuliacine-lenta-vaizdine-delione\\\/\"]}]},{\"@type\":\"ImageObject\",\"inLanguage\":\"lv-LV\",\"@id\":\"https:\\\/\\\/kidsplay.lt\\\/produktas\\\/viga-medine-sensorine-manipuliacine-lenta-vaizdine-delione\\\/#primaryimage\",\"url\":\"https:\\\/\\\/kidsplay.lt\\\/wp-content\\\/uploads\\\/2026\\\/02\\\/VIGA-Medine-Sensorine-Manipuliacine-Lenta-\u2013-Vaizdine-Delione.jpg\",\"contentUrl\":\"https:\\\/\\\/kidsplay.lt\\\/wp-content\\\/uploads\\\/2026\\\/02\\\/VIGA-Medine-Sensorine-Manipuliacine-Lenta-\u2013-Vaizdine-Delione.jpg\",\"width\":1000,\"height\":1000,\"caption\":\"VIGA Medin\u0117 Sensorin\u0117 Manipuliacin\u0117 Lenta \u2013 Vaizdin\u0117 D\u0117lion\u0117\"},{\"@type\":\"BreadcrumbList\",\"@id\":\"https:\\\/\\\/kidsplay.lt\\\/produktas\\\/viga-medine-sensorine-manipuliacine-lenta-vaizdine-delione\\\/#breadcrumb\",\"itemListElement\":[{\"@type\":\"ListItem\",\"position\":1,\"name\":\"Pagrindinis\",\"item\":\"https:\\\/\\\/kidsplay.lt\\\/\"},{\"@type\":\"ListItem\",\"position\":2,\"name\":\"Parduotuv\u0117\",\"item\":\"https:\\\/\\\/kidsplay.lt\\\/parduotuve\\\/\"},{\"@type\":\"ListItem\",\"position\":3,\"name\":\"VIGA Medin\u0117 Sensorin\u0117 Manipuliacin\u0117 Lenta \u2013 Vaizdin\u0117 D\u0117lion\u0117\"}]},{\"@type\":\"WebSite\",\"@id\":\"https:\\\/\\\/kidsplay.lt\\\/#website\",\"url\":\"https:\\\/\\\/kidsplay.lt\\\/\",\"name\":\"Kidsplay.lt\",\"description\":\"\u012evairios prek\u0117s vaikams\",\"publisher\":{\"@id\":\"https:\\\/\\\/kidsplay.lt\\\/#organization\"},\"alternateName\":\"Kidsplay\",\"potentialAction\":[{\"@type\":\"SearchAction\",\"target\":{\"@type\":\"EntryPoint\",\"urlTemplate\":\"https:\\\/\\\/kidsplay.lt\\\/?s={search_term_string}\"},\"query-input\":{\"@type\":\"PropertyValueSpecification\",\"valueRequired\":true,\"valueName\":\"search_term_string\"}}],\"inLanguage\":\"lv-LV\"},{\"@type\":\"Organization\",\"@id\":\"https:\\\/\\\/kidsplay.lt\\\/#organization\",\"name\":\"KidsPlay\",\"url\":\"https:\\\/\\\/kidsplay.lt\\\/\",\"logo\":{\"@type\":\"ImageObject\",\"inLanguage\":\"lv-LV\",\"@id\":\"https:\\\/\\\/kidsplay.lt\\\/#\\\/schema\\\/logo\\\/image\\\/\",\"url\":\"https:\\\/\\\/kidsplay.lt\\\/wp-content\\\/uploads\\\/2023\\\/07\\\/kidsplay-logo.png\",\"contentUrl\":\"https:\\\/\\\/kidsplay.lt\\\/wp-content\\\/uploads\\\/2023\\\/07\\\/kidsplay-logo.png\",\"width\":451,\"height\":98,\"caption\":\"KidsPlay\"},\"image\":{\"@id\":\"https:\\\/\\\/kidsplay.lt\\\/#\\\/schema\\\/logo\\\/image\\\/\"},\"sameAs\":[\"https:\\\/\\\/www.facebook.com\\\/www.kidsplay.lt\"]}]}<\/script>\n<!-- \/ Yoast SEO plugin. -->","yoast_head_json":{"title":"VIGA koka sensor\u0101s manipul\u0101cijas d\u0113lis \u2013 vizu\u0101l\u0101 puzle","description":"VIGA Medin\u0117 Sensorin\u0117 Manipuliacin\u0117 Lenta \u2013 Vaizdin\u0117 D\u0117lion\u0117 - KidsPlay. Did\u017eiausias vaik\u0173 \u017eaisl\u0173 pasirinkimas.","robots":{"index":"index","follow":"follow","max-snippet":"max-snippet:-1","max-image-preview":"max-image-preview:large","max-video-preview":"max-video-preview:-1"},"canonical":"https:\/\/kidsplay.lt\/lv\/products\/viga-medine-sensorine-manipuliacine-lenta-vaizdine-delione\/","og_locale":"lv_LV","og_type":"article","og_title":"VIGA Medin\u0117 Sensorin\u0117 Manipuliacin\u0117 Lenta \u2013 Vaizdin\u0117 D\u0117lion\u0117","og_description":"VIGA Medin\u0117 Sensorin\u0117 Manipuliacin\u0117 Lenta \u2013 Vaizdin\u0117 D\u0117lion\u0117 - KidsPlay. Did\u017eiausias vaik\u0173 \u017eaisl\u0173 pasirinkimas.","og_url":"https:\/\/kidsplay.lt\/lv\/products\/viga-medine-sensorine-manipuliacine-lenta-vaizdine-delione\/","og_site_name":"KidsPlay","article_publisher":"https:\/\/www.facebook.com\/www.kidsplay.lt","article_modified_time":"2026-04-07T07:01:03+00:00","og_image":[{"width":1000,"height":1000,"url":"https:\/\/kidsplay.lt\/wp-content\/uploads\/2026\/02\/VIGA-Medine-Sensorine-Manipuliacine-Lenta-\u2013-Vaizdine-Delione.jpg","type":"image\/jpeg"}],"twitter_card":"summary_large_image","twitter_misc":{"Est. reading time":"1 min\u016bte"},"schema":{"@context":"https:\/\/schema.org","@graph":[{"@type":"WebPage","@id":"https:\/\/kidsplay.lt\/produktas\/viga-medine-sensorine-manipuliacine-lenta-vaizdine-delione\/","url":"https:\/\/kidsplay.lt\/produktas\/viga-medine-sensorine-manipuliacine-lenta-vaizdine-delione\/","name":"VIGA koka sensor\u0101s manipul\u0101cijas d\u0113lis \u2013 vizu\u0101l\u0101 puzle","isPartOf":{"@id":"https:\/\/kidsplay.lt\/#website"},"primaryImageOfPage":{"@id":"https:\/\/kidsplay.lt\/produktas\/viga-medine-sensorine-manipuliacine-lenta-vaizdine-delione\/#primaryimage"},"image":{"@id":"https:\/\/kidsplay.lt\/produktas\/viga-medine-sensorine-manipuliacine-lenta-vaizdine-delione\/#primaryimage"},"thumbnailUrl":"https:\/\/kidsplay.lt\/wp-content\/uploads\/2026\/02\/VIGA-Medine-Sensorine-Manipuliacine-Lenta-\u2013-Vaizdine-Delione.jpg","datePublished":"2026-02-24T18:18:08+00:00","dateModified":"2026-04-07T07:01:03+00:00","description":"VIGA Medin\u0117 Sensorin\u0117 Manipuliacin\u0117 Lenta \u2013 Vaizdin\u0117 D\u0117lion\u0117 - KidsPlay. Did\u017eiausias vaik\u0173 \u017eaisl\u0173 pasirinkimas.","breadcrumb":{"@id":"https:\/\/kidsplay.lt\/produktas\/viga-medine-sensorine-manipuliacine-lenta-vaizdine-delione\/#breadcrumb"},"inLanguage":"lv-LV","potentialAction":[{"@type":"ReadAction","target":["https:\/\/kidsplay.lt\/produktas\/viga-medine-sensorine-manipuliacine-lenta-vaizdine-delione\/"]}]},{"@type":"ImageObject","inLanguage":"lv-LV","@id":"https:\/\/kidsplay.lt\/produktas\/viga-medine-sensorine-manipuliacine-lenta-vaizdine-delione\/#primaryimage","url":"https:\/\/kidsplay.lt\/wp-content\/uploads\/2026\/02\/VIGA-Medine-Sensorine-Manipuliacine-Lenta-\u2013-Vaizdine-Delione.jpg","contentUrl":"https:\/\/kidsplay.lt\/wp-content\/uploads\/2026\/02\/VIGA-Medine-Sensorine-Manipuliacine-Lenta-\u2013-Vaizdine-Delione.jpg","width":1000,"height":1000,"caption":"VIGA Medin\u0117 Sensorin\u0117 Manipuliacin\u0117 Lenta \u2013 Vaizdin\u0117 D\u0117lion\u0117"},{"@type":"BreadcrumbList","@id":"https:\/\/kidsplay.lt\/produktas\/viga-medine-sensorine-manipuliacine-lenta-vaizdine-delione\/#breadcrumb","itemListElement":[{"@type":"ListItem","position":1,"name":"Pagrindinis","item":"https:\/\/kidsplay.lt\/"},{"@type":"ListItem","position":2,"name":"Parduotuv\u0117","item":"https:\/\/kidsplay.lt\/parduotuve\/"},{"@type":"ListItem","position":3,"name":"VIGA Medin\u0117 Sensorin\u0117 Manipuliacin\u0117 Lenta \u2013 Vaizdin\u0117 D\u0117lion\u0117"}]},{"@type":"WebSite","@id":"https:\/\/kidsplay.lt\/#website","url":"https:\/\/kidsplay.lt\/","name":"B\u0113rnu sp\u0113les.lv","description":"\u012evairios prek\u0117s vaikams","publisher":{"@id":"https:\/\/kidsplay.lt\/#organization"},"alternateName":"Kidsplay","potentialAction":[{"@type":"SearchAction","target":{"@type":"EntryPoint","urlTemplate":"https:\/\/kidsplay.lt\/?s={search_term_string}"},"query-input":{"@type":"PropertyValueSpecification","valueRequired":true,"valueName":"search_term_string"}}],"inLanguage":"lv-LV"},{"@type":"Organization","@id":"https:\/\/kidsplay.lt\/#organization","name":"B\u0113rnu sp\u0113le","url":"https:\/\/kidsplay.lt\/","logo":{"@type":"ImageObject","inLanguage":"lv-LV","@id":"https:\/\/kidsplay.lt\/#\/schema\/logo\/image\/","url":"https:\/\/kidsplay.lt\/wp-content\/uploads\/2023\/07\/kidsplay-logo.png","contentUrl":"https:\/\/kidsplay.lt\/wp-content\/uploads\/2023\/07\/kidsplay-logo.png","width":451,"height":98,"caption":"KidsPlay"},"image":{"@id":"https:\/\/kidsplay.lt\/#\/schema\/logo\/image\/"},"sameAs":["https:\/\/www.facebook.com\/www.kidsplay.lt"]}]}},"_links":{"self":[{"href":"https:\/\/kidsplay.lt\/lv\/wp-json\/wp\/v2\/product\/87300","targetHints":{"allow":["GET"]}}],"collection":[{"href":"https:\/\/kidsplay.lt\/lv\/wp-json\/wp\/v2\/product"}],"about":[{"href":"https:\/\/kidsplay.lt\/lv\/wp-json\/wp\/v2\/types\/product"}],"version-history":[{"count":1,"href":"https:\/\/kidsplay.lt\/lv\/wp-json\/wp\/v2\/product\/87300\/revisions"}],"predecessor-version":[{"id":87301,"href":"https:\/\/kidsplay.lt\/lv\/wp-json\/wp\/v2\/product\/87300\/revisions\/87301"}],"wp:featuredmedia":[{"embeddable":true,"href":"https:\/\/kidsplay.lt\/lv\/wp-json\/wp\/v2\/media\/87302"}],"wp:attachment":[{"href":"https:\/\/kidsplay.lt\/lv\/wp-json\/wp\/v2\/media?parent=87300"}],"wp:term":[{"taxonomy":"product_brand","embeddable":true,"href":"https:\/\/kidsplay.lt\/lv\/wp-json\/wp\/v2\/product_brand?post=87300"},{"taxonomy":"product_cat","embeddable":true,"href":"https:\/\/kidsplay.lt\/lv\/wp-json\/wp\/v2\/product_cat?post=87300"},{"taxonomy":"product_tag","embeddable":true,"href":"https:\/\/kidsplay.lt\/lv\/wp-json\/wp\/v2\/product_tag?post=87300"}],"curies":[{"name":"wp","href":"https:\/\/api.w.org\/{rel}","templated":true}]}}