{"id":87461,"date":"2026-02-24T20:26:00","date_gmt":"2026-02-24T18:26:00","guid":{"rendered":"https:\/\/kidsplay.lt\/produktas\/woopie-royal-vintazine-lele-kudikiams-24-cm-su-zuikio-suknele-ir-kepure\/"},"modified":"2026-04-07T10:05:48","modified_gmt":"2026-04-07T07:05:48","slug":"woopie-royal-vintazine-lele-kudikiams-24-cm-su-zuikio-suknele-ir-kepure","status":"publish","type":"product","link":"https:\/\/kidsplay.lt\/lv\/products\/woopie-royal-vintazine-lele-kudikiams-24-cm-su-zuikio-suknele-ir-kepure\/","title":{"rendered":"WOOPIE ROYAL Vintage lelle 24 cm ar za\u0137a kleitu un cepuri"},"content":{"rendered":"<p>Susipa\u017einkite su miela l\u0117lyte\u00a0, kuri pavogs kiekvieno ma\u017eylio \u0161ird\u012f! \u0160i \u017eavinga\u00a0WOOPIE\u00a0prek\u0117s \u017eenklo l\u0117l\u0117 atrodo kaip tikras k\u016bdikis \u2013 ji turi \u017eaving\u0105 \u0161ypsen\u0105, tikrovi\u0161kus veido bruo\u017eus ir mink\u0161tus, pastelini\u0173 spalv\u0173 drabu\u017eius. D\u0117l ma\u017eo dyd\u017eio (24 cm) ji puikiai telpa \u012f ma\u017eas rankytes ir gali lyd\u0117ti j\u016bs\u0173 vaik\u0105 bet kur \u2013 namuose, pasivaik\u0161\u010diojimuose ar kelion\u0117se. \u017daidimai aukl\u0117jant lavina empatij\u0105, r\u016bpest\u012f ir vaizduot\u0119. Tai puiki dovanos id\u0117ja, kuri sujungia \u017eaidimo d\u017eiaugsm\u0105 su atsakomyb\u0117s mokymusi!<\/p>\n<p>Rakstur\u012bgs:<\/p>\n<p> \t&#8211; L\u0117l\u0117s auk\u0161tis: 24 cm<br \/>\n \t&#8211; Realisti\u0161ka i\u0161vaizda \u2013 besi\u0161ypsantis veidas ir subtil\u016bs veido bruo\u017eai<br \/>\n \t&#8211; \u017davus pastelini\u0173 spalv\u0173 apranga su n\u0117riniais ir kaspinu<br \/>\n \t&#8211; Mink\u0161ta kepur\u0117 su ilgomis zuikio ausimis\u00a0<br \/>\n \t&#8211; L\u0117l\u0117 yra lengva ir patogi \u2013 puikiai tinka ma\u017eoms rankyt\u0117ms<br \/>\n \t&#8211; Auk\u0161ta darb\u0173 kokyb\u0117 \u2013 saugios med\u017eiagos ir d\u0117mesys detal\u0117ms<\/p>\n<p>\u00a0Rota\u013clieta att\u012bst\u0101s:<\/p>\n<p> \t&#8211;\u00a0\u00a0Empatija ir r\u016bpestis kitais<br \/>\n \t&#8211;\u00a0\u00a0Vaidmen\u0173 \u017eaidimo ir socialinio \u017eaidimo \u012fg\u016bd\u017eiai<br \/>\n \t&#8211;\u00a0\u00a0Vaizduot\u0117 ir k\u016brybi\u0161kumas<br \/>\n \t&#8211;\u00a0\u00a0Ma\u017e\u0173 rank\u0173 miklumas ir koordinacija<br \/>\n \t&#8211;\u00a0Atsakingumo ir r\u016bpestingumo jausmas<\/p>","protected":false},"excerpt":{"rendered":"<p>Susipa\u017einkite su miela l\u0117lyte\u00a0, kuri pavogs kiekvieno ma\u017eylio \u0161ird\u012f! \u0160i \u017eavinga\u00a0WOOPIE\u00a0prek\u0117s \u017eenklo l\u0117l\u0117 atrodo kaip tikras k\u016bdikis \u2013 ji turi<\/p>","protected":false},"featured_media":77501,"template":"","meta":{"_acf_changed":false,"_glsr_average":0,"_glsr_ranking":0,"_glsr_reviews":0},"product_brand":[],"product_cat":[443,229],"product_tag":[],"class_list":{"0":"post-87461","1":"product","2":"type-product","3":"status-publish","4":"has-post-thumbnail","6":"product_cat-leles-ir-priedai","7":"product_cat-zaislai-vaikams","8":"\"style=\"background-color: #2ecc711c;\"","10":"first","11":"instock","12":"purchasable","13":"product-type-simple"},"acf":[],"yoast_head":"<!-- This site is optimized with the Yoast SEO plugin v27.3 - https:\/\/yoast.com\/product\/yoast-seo-wordpress\/ -->\n<title>WOOPIE ROYAL Vinta\u017ein\u0117 l\u0117l\u0117 k\u016bdikiams 24 cm su zuikio suknele ir kepure<\/title>\n<meta name=\"description\" content=\"WOOPIE ROYAL Vinta\u017ein\u0117 l\u0117l\u0117 k\u016bdikiams 24 cm su zuikio suknele ir kepure - KidsPlay. Did\u017eiausias vaik\u0173 \u017eaisl\u0173 pasirinkimas.\" \/>\n<meta name=\"robots\" content=\"index, follow, max-snippet:-1, max-image-preview:large, max-video-preview:-1\" \/>\n<link rel=\"canonical\" href=\"https:\/\/kidsplay.lt\/lv\/products\/woopie-royal-vintazine-lele-kudikiams-24-cm-su-zuikio-suknele-ir-kepure\/\" \/>\n<meta property=\"og:locale\" content=\"lv_LV\" \/>\n<meta property=\"og:type\" content=\"article\" \/>\n<meta property=\"og:title\" content=\"WOOPIE ROYAL Vinta\u017ein\u0117 l\u0117l\u0117 k\u016bdikiams 24 cm su zuikio suknele ir kepure\" \/>\n<meta property=\"og:description\" content=\"WOOPIE ROYAL Vinta\u017ein\u0117 l\u0117l\u0117 k\u016bdikiams 24 cm su zuikio suknele ir kepure - KidsPlay. Did\u017eiausias vaik\u0173 \u017eaisl\u0173 pasirinkimas.\" \/>\n<meta property=\"og:url\" content=\"https:\/\/kidsplay.lt\/lv\/products\/woopie-royal-vintazine-lele-kudikiams-24-cm-su-zuikio-suknele-ir-kepure\/\" \/>\n<meta property=\"og:site_name\" content=\"KidsPlay\" \/>\n<meta property=\"article:publisher\" content=\"https:\/\/www.facebook.com\/www.kidsplay.lt\" \/>\n<meta property=\"article:modified_time\" content=\"2026-04-07T07:05:48+00:00\" \/>\n<meta property=\"og:image\" content=\"https:\/\/kidsplay.lt\/wp-content\/uploads\/2025\/10\/WOOPIE-ROYAL-Vintazine-lele-kudikiams-24-cm-su-zuikio-suknele-ir-kepure.jpg\" \/>\n\t<meta property=\"og:image:width\" content=\"1000\" \/>\n\t<meta property=\"og:image:height\" content=\"1000\" \/>\n\t<meta property=\"og:image:type\" content=\"image\/jpeg\" \/>\n<meta name=\"twitter:card\" content=\"summary_large_image\" \/>\n<meta name=\"twitter:label1\" content=\"Est. reading time\" \/>\n\t<meta name=\"twitter:data1\" content=\"1 min\u016bte\" \/>\n<script type=\"application\/ld+json\" class=\"yoast-schema-graph\">{\"@context\":\"https:\\\/\\\/schema.org\",\"@graph\":[{\"@type\":\"WebPage\",\"@id\":\"https:\\\/\\\/kidsplay.lt\\\/produktas\\\/woopie-royal-vintazine-lele-kudikiams-24-cm-su-zuikio-suknele-ir-kepure\\\/\",\"url\":\"https:\\\/\\\/kidsplay.lt\\\/produktas\\\/woopie-royal-vintazine-lele-kudikiams-24-cm-su-zuikio-suknele-ir-kepure\\\/\",\"name\":\"WOOPIE ROYAL Vinta\u017ein\u0117 l\u0117l\u0117 k\u016bdikiams 24 cm su zuikio suknele ir kepure\",\"isPartOf\":{\"@id\":\"https:\\\/\\\/kidsplay.lt\\\/#website\"},\"primaryImageOfPage\":{\"@id\":\"https:\\\/\\\/kidsplay.lt\\\/produktas\\\/woopie-royal-vintazine-lele-kudikiams-24-cm-su-zuikio-suknele-ir-kepure\\\/#primaryimage\"},\"image\":{\"@id\":\"https:\\\/\\\/kidsplay.lt\\\/produktas\\\/woopie-royal-vintazine-lele-kudikiams-24-cm-su-zuikio-suknele-ir-kepure\\\/#primaryimage\"},\"thumbnailUrl\":\"https:\\\/\\\/kidsplay.lt\\\/wp-content\\\/uploads\\\/2025\\\/10\\\/WOOPIE-ROYAL-Vintazine-lele-kudikiams-24-cm-su-zuikio-suknele-ir-kepure.jpg\",\"datePublished\":\"2026-02-24T18:26:00+00:00\",\"dateModified\":\"2026-04-07T07:05:48+00:00\",\"description\":\"WOOPIE ROYAL Vinta\u017ein\u0117 l\u0117l\u0117 k\u016bdikiams 24 cm su zuikio suknele ir kepure - KidsPlay. Did\u017eiausias vaik\u0173 \u017eaisl\u0173 pasirinkimas.\",\"breadcrumb\":{\"@id\":\"https:\\\/\\\/kidsplay.lt\\\/produktas\\\/woopie-royal-vintazine-lele-kudikiams-24-cm-su-zuikio-suknele-ir-kepure\\\/#breadcrumb\"},\"inLanguage\":\"lv-LV\",\"potentialAction\":[{\"@type\":\"ReadAction\",\"target\":[\"https:\\\/\\\/kidsplay.lt\\\/produktas\\\/woopie-royal-vintazine-lele-kudikiams-24-cm-su-zuikio-suknele-ir-kepure\\\/\"]}]},{\"@type\":\"ImageObject\",\"inLanguage\":\"lv-LV\",\"@id\":\"https:\\\/\\\/kidsplay.lt\\\/produktas\\\/woopie-royal-vintazine-lele-kudikiams-24-cm-su-zuikio-suknele-ir-kepure\\\/#primaryimage\",\"url\":\"https:\\\/\\\/kidsplay.lt\\\/wp-content\\\/uploads\\\/2025\\\/10\\\/WOOPIE-ROYAL-Vintazine-lele-kudikiams-24-cm-su-zuikio-suknele-ir-kepure.jpg\",\"contentUrl\":\"https:\\\/\\\/kidsplay.lt\\\/wp-content\\\/uploads\\\/2025\\\/10\\\/WOOPIE-ROYAL-Vintazine-lele-kudikiams-24-cm-su-zuikio-suknele-ir-kepure.jpg\",\"width\":1000,\"height\":1000,\"caption\":\"WOOPIE ROYAL Vinta\u017ein\u0117 l\u0117l\u0117 k\u016bdikiams 24 cm su zuikio suknele ir kepure\"},{\"@type\":\"BreadcrumbList\",\"@id\":\"https:\\\/\\\/kidsplay.lt\\\/produktas\\\/woopie-royal-vintazine-lele-kudikiams-24-cm-su-zuikio-suknele-ir-kepure\\\/#breadcrumb\",\"itemListElement\":[{\"@type\":\"ListItem\",\"position\":1,\"name\":\"Pagrindinis\",\"item\":\"https:\\\/\\\/kidsplay.lt\\\/\"},{\"@type\":\"ListItem\",\"position\":2,\"name\":\"Parduotuv\u0117\",\"item\":\"https:\\\/\\\/kidsplay.lt\\\/parduotuve\\\/\"},{\"@type\":\"ListItem\",\"position\":3,\"name\":\"WOOPIE ROYAL Vinta\u017ein\u0117 l\u0117l\u0117 k\u016bdikiams 24 cm su zuikio suknele ir kepure\"}]},{\"@type\":\"WebSite\",\"@id\":\"https:\\\/\\\/kidsplay.lt\\\/#website\",\"url\":\"https:\\\/\\\/kidsplay.lt\\\/\",\"name\":\"Kidsplay.lt\",\"description\":\"\u012evairios prek\u0117s vaikams\",\"publisher\":{\"@id\":\"https:\\\/\\\/kidsplay.lt\\\/#organization\"},\"alternateName\":\"Kidsplay\",\"potentialAction\":[{\"@type\":\"SearchAction\",\"target\":{\"@type\":\"EntryPoint\",\"urlTemplate\":\"https:\\\/\\\/kidsplay.lt\\\/?s={search_term_string}\"},\"query-input\":{\"@type\":\"PropertyValueSpecification\",\"valueRequired\":true,\"valueName\":\"search_term_string\"}}],\"inLanguage\":\"lv-LV\"},{\"@type\":\"Organization\",\"@id\":\"https:\\\/\\\/kidsplay.lt\\\/#organization\",\"name\":\"KidsPlay\",\"url\":\"https:\\\/\\\/kidsplay.lt\\\/\",\"logo\":{\"@type\":\"ImageObject\",\"inLanguage\":\"lv-LV\",\"@id\":\"https:\\\/\\\/kidsplay.lt\\\/#\\\/schema\\\/logo\\\/image\\\/\",\"url\":\"https:\\\/\\\/kidsplay.lt\\\/wp-content\\\/uploads\\\/2023\\\/07\\\/kidsplay-logo.png\",\"contentUrl\":\"https:\\\/\\\/kidsplay.lt\\\/wp-content\\\/uploads\\\/2023\\\/07\\\/kidsplay-logo.png\",\"width\":451,\"height\":98,\"caption\":\"KidsPlay\"},\"image\":{\"@id\":\"https:\\\/\\\/kidsplay.lt\\\/#\\\/schema\\\/logo\\\/image\\\/\"},\"sameAs\":[\"https:\\\/\\\/www.facebook.com\\\/www.kidsplay.lt\"]}]}<\/script>\n<!-- \/ Yoast SEO plugin. -->","yoast_head_json":{"title":"WOOPIE ROYAL Vintage lelle 24 cm ar za\u0137a kleitu un cepuri","description":"WOOPIE ROYAL Vinta\u017ein\u0117 l\u0117l\u0117 k\u016bdikiams 24 cm su zuikio suknele ir kepure - KidsPlay. Did\u017eiausias vaik\u0173 \u017eaisl\u0173 pasirinkimas.","robots":{"index":"index","follow":"follow","max-snippet":"max-snippet:-1","max-image-preview":"max-image-preview:large","max-video-preview":"max-video-preview:-1"},"canonical":"https:\/\/kidsplay.lt\/lv\/products\/woopie-royal-vintazine-lele-kudikiams-24-cm-su-zuikio-suknele-ir-kepure\/","og_locale":"lv_LV","og_type":"article","og_title":"WOOPIE ROYAL Vinta\u017ein\u0117 l\u0117l\u0117 k\u016bdikiams 24 cm su zuikio suknele ir kepure","og_description":"WOOPIE ROYAL Vinta\u017ein\u0117 l\u0117l\u0117 k\u016bdikiams 24 cm su zuikio suknele ir kepure - KidsPlay. Did\u017eiausias vaik\u0173 \u017eaisl\u0173 pasirinkimas.","og_url":"https:\/\/kidsplay.lt\/lv\/products\/woopie-royal-vintazine-lele-kudikiams-24-cm-su-zuikio-suknele-ir-kepure\/","og_site_name":"KidsPlay","article_publisher":"https:\/\/www.facebook.com\/www.kidsplay.lt","article_modified_time":"2026-04-07T07:05:48+00:00","og_image":[{"width":1000,"height":1000,"url":"https:\/\/kidsplay.lt\/wp-content\/uploads\/2025\/10\/WOOPIE-ROYAL-Vintazine-lele-kudikiams-24-cm-su-zuikio-suknele-ir-kepure.jpg","type":"image\/jpeg"}],"twitter_card":"summary_large_image","twitter_misc":{"Est. reading time":"1 min\u016bte"},"schema":{"@context":"https:\/\/schema.org","@graph":[{"@type":"WebPage","@id":"https:\/\/kidsplay.lt\/produktas\/woopie-royal-vintazine-lele-kudikiams-24-cm-su-zuikio-suknele-ir-kepure\/","url":"https:\/\/kidsplay.lt\/produktas\/woopie-royal-vintazine-lele-kudikiams-24-cm-su-zuikio-suknele-ir-kepure\/","name":"WOOPIE ROYAL Vintage lelle 24 cm ar za\u0137a kleitu un cepuri","isPartOf":{"@id":"https:\/\/kidsplay.lt\/#website"},"primaryImageOfPage":{"@id":"https:\/\/kidsplay.lt\/produktas\/woopie-royal-vintazine-lele-kudikiams-24-cm-su-zuikio-suknele-ir-kepure\/#primaryimage"},"image":{"@id":"https:\/\/kidsplay.lt\/produktas\/woopie-royal-vintazine-lele-kudikiams-24-cm-su-zuikio-suknele-ir-kepure\/#primaryimage"},"thumbnailUrl":"https:\/\/kidsplay.lt\/wp-content\/uploads\/2025\/10\/WOOPIE-ROYAL-Vintazine-lele-kudikiams-24-cm-su-zuikio-suknele-ir-kepure.jpg","datePublished":"2026-02-24T18:26:00+00:00","dateModified":"2026-04-07T07:05:48+00:00","description":"WOOPIE ROYAL Vinta\u017ein\u0117 l\u0117l\u0117 k\u016bdikiams 24 cm su zuikio suknele ir kepure - KidsPlay. Did\u017eiausias vaik\u0173 \u017eaisl\u0173 pasirinkimas.","breadcrumb":{"@id":"https:\/\/kidsplay.lt\/produktas\/woopie-royal-vintazine-lele-kudikiams-24-cm-su-zuikio-suknele-ir-kepure\/#breadcrumb"},"inLanguage":"lv-LV","potentialAction":[{"@type":"ReadAction","target":["https:\/\/kidsplay.lt\/produktas\/woopie-royal-vintazine-lele-kudikiams-24-cm-su-zuikio-suknele-ir-kepure\/"]}]},{"@type":"ImageObject","inLanguage":"lv-LV","@id":"https:\/\/kidsplay.lt\/produktas\/woopie-royal-vintazine-lele-kudikiams-24-cm-su-zuikio-suknele-ir-kepure\/#primaryimage","url":"https:\/\/kidsplay.lt\/wp-content\/uploads\/2025\/10\/WOOPIE-ROYAL-Vintazine-lele-kudikiams-24-cm-su-zuikio-suknele-ir-kepure.jpg","contentUrl":"https:\/\/kidsplay.lt\/wp-content\/uploads\/2025\/10\/WOOPIE-ROYAL-Vintazine-lele-kudikiams-24-cm-su-zuikio-suknele-ir-kepure.jpg","width":1000,"height":1000,"caption":"WOOPIE ROYAL Vinta\u017ein\u0117 l\u0117l\u0117 k\u016bdikiams 24 cm su zuikio suknele ir kepure"},{"@type":"BreadcrumbList","@id":"https:\/\/kidsplay.lt\/produktas\/woopie-royal-vintazine-lele-kudikiams-24-cm-su-zuikio-suknele-ir-kepure\/#breadcrumb","itemListElement":[{"@type":"ListItem","position":1,"name":"Pagrindinis","item":"https:\/\/kidsplay.lt\/"},{"@type":"ListItem","position":2,"name":"Parduotuv\u0117","item":"https:\/\/kidsplay.lt\/parduotuve\/"},{"@type":"ListItem","position":3,"name":"WOOPIE ROYAL Vinta\u017ein\u0117 l\u0117l\u0117 k\u016bdikiams 24 cm su zuikio suknele ir kepure"}]},{"@type":"WebSite","@id":"https:\/\/kidsplay.lt\/#website","url":"https:\/\/kidsplay.lt\/","name":"B\u0113rnu sp\u0113les.lv","description":"\u012evairios prek\u0117s vaikams","publisher":{"@id":"https:\/\/kidsplay.lt\/#organization"},"alternateName":"Kidsplay","potentialAction":[{"@type":"SearchAction","target":{"@type":"EntryPoint","urlTemplate":"https:\/\/kidsplay.lt\/?s={search_term_string}"},"query-input":{"@type":"PropertyValueSpecification","valueRequired":true,"valueName":"search_term_string"}}],"inLanguage":"lv-LV"},{"@type":"Organization","@id":"https:\/\/kidsplay.lt\/#organization","name":"B\u0113rnu sp\u0113le","url":"https:\/\/kidsplay.lt\/","logo":{"@type":"ImageObject","inLanguage":"lv-LV","@id":"https:\/\/kidsplay.lt\/#\/schema\/logo\/image\/","url":"https:\/\/kidsplay.lt\/wp-content\/uploads\/2023\/07\/kidsplay-logo.png","contentUrl":"https:\/\/kidsplay.lt\/wp-content\/uploads\/2023\/07\/kidsplay-logo.png","width":451,"height":98,"caption":"KidsPlay"},"image":{"@id":"https:\/\/kidsplay.lt\/#\/schema\/logo\/image\/"},"sameAs":["https:\/\/www.facebook.com\/www.kidsplay.lt"]}]}},"_links":{"self":[{"href":"https:\/\/kidsplay.lt\/lv\/wp-json\/wp\/v2\/product\/87461","targetHints":{"allow":["GET"]}}],"collection":[{"href":"https:\/\/kidsplay.lt\/lv\/wp-json\/wp\/v2\/product"}],"about":[{"href":"https:\/\/kidsplay.lt\/lv\/wp-json\/wp\/v2\/types\/product"}],"version-history":[{"count":1,"href":"https:\/\/kidsplay.lt\/lv\/wp-json\/wp\/v2\/product\/87461\/revisions"}],"predecessor-version":[{"id":87462,"href":"https:\/\/kidsplay.lt\/lv\/wp-json\/wp\/v2\/product\/87461\/revisions\/87462"}],"wp:featuredmedia":[{"embeddable":true,"href":"https:\/\/kidsplay.lt\/lv\/wp-json\/wp\/v2\/media\/77501"}],"wp:attachment":[{"href":"https:\/\/kidsplay.lt\/lv\/wp-json\/wp\/v2\/media?parent=87461"}],"wp:term":[{"taxonomy":"product_brand","embeddable":true,"href":"https:\/\/kidsplay.lt\/lv\/wp-json\/wp\/v2\/product_brand?post=87461"},{"taxonomy":"product_cat","embeddable":true,"href":"https:\/\/kidsplay.lt\/lv\/wp-json\/wp\/v2\/product_cat?post=87461"},{"taxonomy":"product_tag","embeddable":true,"href":"https:\/\/kidsplay.lt\/lv\/wp-json\/wp\/v2\/product_tag?post=87461"}],"curies":[{"name":"wp","href":"https:\/\/api.w.org\/{rel}","templated":true}]}}