{"id":87493,"date":"2026-02-24T20:27:53","date_gmt":"2026-02-24T18:27:53","guid":{"rendered":"https:\/\/kidsplay.lt\/produktas\/woopie-vilos-leliu-namelis-su-aksesuarais-ir-svieciancia-lele-296vnt\/"},"modified":"2026-04-13T14:28:24","modified_gmt":"2026-04-13T11:28:24","slug":"woopie-vilos-leliu-namelis-su-aksesuarais-ir-svieciancia-lele-296vnt","status":"publish","type":"product","link":"https:\/\/kidsplay.lt\/lv\/products\/woopie-vilos-leliu-namelis-su-aksesuarais-ir-svieciancia-lele-296vnt\/","title":{"rendered":"WOOPIE vilos l\u0117li\u0173 namelis su aksesuarais ir \u0161vie\u010dian\u010dia l\u0117le 296vnt"},"content":{"rendered":"<p>Susipa\u017einkite, nuostabus\u00a0trij\u0173 auk\u0161t\u0173 l\u0117li\u0173 namelis\u00a0su ro\u017einiu stogu, kuris taps j\u016bs\u0173 vaiko m\u0117gstamiausia vieta \u017eaisti! Ta\u00a0gra\u017ei vila\u00a0\u012fsp\u016bding\u0173 matmen\u0173 jis buvo suprojektuotas su\u00a0d\u0117mesys kiekvienai detaleid\u0117l to jis atrodo kaip tikri namai. Komplekt\u0105 sudaro\u00a0net 296 elementai\u00a0surinkti, \u012fskaitant turting\u0105 interjero apstatym\u0105 ir\u00a0mieli baldai(tai leis ma\u017eajai dizainerei pa\u010diai sutvarkyti kiekvien\u0105 kambar\u012f.\u00a0Namas turi\u00a0naktinis ap\u0161vietimas, kuris suteikia jam magi\u0161k\u0105 charakter\u012f. Tai tobulas \u017eaislas, kuris vystosi\u00a0k\u016brybi\u0161kumas, vaizduot\u0117\u00a0ir rankiniai \u012fg\u016bd\u017eiai. Komplekte yra viskas, ko reikia norint sukurti svajoni\u0173 l\u0117li\u0173 namus: nuo bald\u0173, iki aksesuar\u0173, iki \u017eavios buto l\u0117l\u0117s. \u017daidimas namuose dar niekada nebuvo toks realus ir sukeliantis priklausomyb\u0119!\u00a0Skaidr\u0117, laiptai ir terasa\u00a0tai yra papildomi elementai, kurie pa\u012fvairins linksmybes ir leis \u017eaisti daugyb\u0119 scenarij\u0173. D\u0117l tvirtos konstrukcijos namas suteikia ilgas valandas fantasti\u0161k\u0173 ir saugi\u0173 pramog\u0173.<\/p>\n<p>Raksturojums:<\/p>\n<p> \t&#8211; Vaiki\u0161kas \u017eaislas i\u0161\u00a03 met\u0173.<br \/>\n \t&#8211; Triauk\u0161t\u0117 vila\u00a0ro\u017ein\u0117s spalvos su sodu.<br \/>\n \t&#8211; \u012erengtas su\u00a0naktinis ap\u0161vietimas, d\u0117l ko namas \u0161vie\u010dia tamsoje.<br \/>\n \t&#8211;\u00a0Iki\u00a0296 prek\u0117s\u00a0k\u016brybiniam surinkimui ir i\u0161d\u0117stymui.<br \/>\n \t&#8211; Turtinga \u012franga, \u012fskaitant baldus ir aksesuarus.<br \/>\n \t&#8211; \u012etraukta\u00a0viena l\u0117l\u0117, pasiruo\u0161\u0119s \u012fsikelti.<br \/>\n \t&#8211; Skaidr\u0117s ir laiptai \u012f vir\u0161utinius auk\u0161tus.<br \/>\n \t&#8211; Galia:\u00a02 x AA baterija\u00a0(ne\u012ftraukta).<\/p>\n<p>Komplekt\u0101 ietilpst:<\/p>\n<p> \t&#8211; Elementai trij\u0173 auk\u0161t\u0173 koted\u017eui statyti.<br \/>\n \t&#8211; Baldai interjero dizainui (stalas, k\u0117d\u0117s, lova, drabu\u017ei\u0173 spinta ir dar daugiau).<br \/>\n \t&#8211; Sodo aksesuarai (sk\u0117tis, gultai).<br \/>\n \t&#8211; Viena l\u0117l\u0117 su pob\u016bvi\u0173 sal\u0117s apranga.<br \/>\n \t&#8211; \u0160viesi girlianda.<br \/>\n \t&#8211; Originali pakuot\u0117, puikiai tinka kaip dovana.<\/p>\n<p>Rota\u013clieta att\u012bst\u0101s:<\/p>\n<p> \t&#8211; Rankiniai \u012fg\u016bd\u017eiai ir aki\u0173 ir rank\u0173 koordinavimas.<br \/>\n \t&#8211; K\u016brybi\u0161kumas ir vaizduot\u0117, leid\u017eianti kurti savo istorijas.<br \/>\n \t&#8211; Socialiniai \u012fg\u016bd\u017eiai vaidinant vaidmenis su draugais.<\/p>","protected":false},"excerpt":{"rendered":"<p>Susipa\u017einkite, nuostabus\u00a0trij\u0173 auk\u0161t\u0173 l\u0117li\u0173 namelis\u00a0su ro\u017einiu stogu, kuris taps j\u016bs\u0173 vaiko m\u0117gstamiausia vieta \u017eaisti! Ta\u00a0gra\u017ei vila\u00a0\u012fsp\u016bding\u0173 matmen\u0173 jis buvo suprojektuotas<\/p>","protected":false},"featured_media":67902,"template":"","meta":{"_acf_changed":false,"_glsr_average":0,"_glsr_ranking":0,"_glsr_reviews":0},"product_brand":[],"product_cat":[443,283],"product_tag":[],"class_list":{"0":"post-87493","1":"product","2":"type-product","3":"status-publish","4":"has-post-thumbnail","6":"product_cat-leles-ir-priedai","7":"product_cat-leliu-nameliai","8":"\"style=\"background-color: #2ecc711c;\"","10":"first","11":"instock","12":"purchasable","13":"product-type-simple"},"acf":[],"yoast_head":"<!-- This site is optimized with the Yoast SEO plugin v27.3 - https:\/\/yoast.com\/product\/yoast-seo-wordpress\/ -->\n<title>WOOPIE vilos l\u0117li\u0173 namelis su aksesuarais ir \u0161vie\u010dian\u010dia l\u0117le 296vnt<\/title>\n<meta name=\"description\" content=\"WOOPIE vilos l\u0117li\u0173 namelis su aksesuarais ir \u0161vie\u010dian\u010dia l\u0117le 296vnt - KidsPlay. Did\u017eiausias vaik\u0173 \u017eaisl\u0173 pasirinkimas.\" \/>\n<meta name=\"robots\" content=\"index, follow, max-snippet:-1, max-image-preview:large, max-video-preview:-1\" \/>\n<link rel=\"canonical\" href=\"https:\/\/kidsplay.lt\/lv\/products\/woopie-vilos-leliu-namelis-su-aksesuarais-ir-svieciancia-lele-296vnt\/\" \/>\n<meta property=\"og:locale\" content=\"lv_LV\" \/>\n<meta property=\"og:type\" content=\"article\" \/>\n<meta property=\"og:title\" content=\"WOOPIE vilos l\u0117li\u0173 namelis su aksesuarais ir \u0161vie\u010dian\u010dia l\u0117le 296vnt\" \/>\n<meta property=\"og:description\" content=\"WOOPIE vilos l\u0117li\u0173 namelis su aksesuarais ir \u0161vie\u010dian\u010dia l\u0117le 296vnt - KidsPlay. Did\u017eiausias vaik\u0173 \u017eaisl\u0173 pasirinkimas.\" \/>\n<meta property=\"og:url\" content=\"https:\/\/kidsplay.lt\/lv\/products\/woopie-vilos-leliu-namelis-su-aksesuarais-ir-svieciancia-lele-296vnt\/\" \/>\n<meta property=\"og:site_name\" content=\"KidsPlay\" \/>\n<meta property=\"article:publisher\" content=\"https:\/\/www.facebook.com\/www.kidsplay.lt\" \/>\n<meta property=\"article:modified_time\" content=\"2026-04-13T11:28:24+00:00\" \/>\n<meta property=\"og:image\" content=\"https:\/\/kidsplay.lt\/wp-content\/uploads\/2025\/10\/WOOPIE-leliu-namelio-vila-su-aksesuarais-ir-svieciancia-lele-296-vnt.jpg\" \/>\n\t<meta property=\"og:image:width\" content=\"1000\" \/>\n\t<meta property=\"og:image:height\" content=\"1000\" \/>\n\t<meta property=\"og:image:type\" content=\"image\/jpeg\" \/>\n<meta name=\"twitter:card\" content=\"summary_large_image\" \/>\n<meta name=\"twitter:label1\" content=\"Est. reading time\" \/>\n\t<meta name=\"twitter:data1\" content=\"2 min\u016btes\" \/>\n<script type=\"application\/ld+json\" class=\"yoast-schema-graph\">{\"@context\":\"https:\\\/\\\/schema.org\",\"@graph\":[{\"@type\":\"WebPage\",\"@id\":\"https:\\\/\\\/kidsplay.lt\\\/produktas\\\/woopie-vilos-leliu-namelis-su-aksesuarais-ir-svieciancia-lele-296vnt\\\/\",\"url\":\"https:\\\/\\\/kidsplay.lt\\\/produktas\\\/woopie-vilos-leliu-namelis-su-aksesuarais-ir-svieciancia-lele-296vnt\\\/\",\"name\":\"WOOPIE vilos l\u0117li\u0173 namelis su aksesuarais ir \u0161vie\u010dian\u010dia l\u0117le 296vnt\",\"isPartOf\":{\"@id\":\"https:\\\/\\\/kidsplay.lt\\\/#website\"},\"primaryImageOfPage\":{\"@id\":\"https:\\\/\\\/kidsplay.lt\\\/produktas\\\/woopie-vilos-leliu-namelis-su-aksesuarais-ir-svieciancia-lele-296vnt\\\/#primaryimage\"},\"image\":{\"@id\":\"https:\\\/\\\/kidsplay.lt\\\/produktas\\\/woopie-vilos-leliu-namelis-su-aksesuarais-ir-svieciancia-lele-296vnt\\\/#primaryimage\"},\"thumbnailUrl\":\"https:\\\/\\\/kidsplay.lt\\\/wp-content\\\/uploads\\\/2025\\\/10\\\/WOOPIE-leliu-namelio-vila-su-aksesuarais-ir-svieciancia-lele-296-vnt.jpg\",\"datePublished\":\"2026-02-24T18:27:53+00:00\",\"dateModified\":\"2026-04-13T11:28:24+00:00\",\"description\":\"WOOPIE vilos l\u0117li\u0173 namelis su aksesuarais ir \u0161vie\u010dian\u010dia l\u0117le 296vnt - KidsPlay. Did\u017eiausias vaik\u0173 \u017eaisl\u0173 pasirinkimas.\",\"breadcrumb\":{\"@id\":\"https:\\\/\\\/kidsplay.lt\\\/produktas\\\/woopie-vilos-leliu-namelis-su-aksesuarais-ir-svieciancia-lele-296vnt\\\/#breadcrumb\"},\"inLanguage\":\"lv-LV\",\"potentialAction\":[{\"@type\":\"ReadAction\",\"target\":[\"https:\\\/\\\/kidsplay.lt\\\/produktas\\\/woopie-vilos-leliu-namelis-su-aksesuarais-ir-svieciancia-lele-296vnt\\\/\"]}]},{\"@type\":\"ImageObject\",\"inLanguage\":\"lv-LV\",\"@id\":\"https:\\\/\\\/kidsplay.lt\\\/produktas\\\/woopie-vilos-leliu-namelis-su-aksesuarais-ir-svieciancia-lele-296vnt\\\/#primaryimage\",\"url\":\"https:\\\/\\\/kidsplay.lt\\\/wp-content\\\/uploads\\\/2025\\\/10\\\/WOOPIE-leliu-namelio-vila-su-aksesuarais-ir-svieciancia-lele-296-vnt.jpg\",\"contentUrl\":\"https:\\\/\\\/kidsplay.lt\\\/wp-content\\\/uploads\\\/2025\\\/10\\\/WOOPIE-leliu-namelio-vila-su-aksesuarais-ir-svieciancia-lele-296-vnt.jpg\",\"width\":1000,\"height\":1000,\"caption\":\"WOOPIE vilos l\u0117li\u0173 namelis su aksesuarais ir \u0161vie\u010dian\u010dia l\u0117le 296vnt\"},{\"@type\":\"BreadcrumbList\",\"@id\":\"https:\\\/\\\/kidsplay.lt\\\/produktas\\\/woopie-vilos-leliu-namelis-su-aksesuarais-ir-svieciancia-lele-296vnt\\\/#breadcrumb\",\"itemListElement\":[{\"@type\":\"ListItem\",\"position\":1,\"name\":\"Pagrindinis\",\"item\":\"https:\\\/\\\/kidsplay.lt\\\/\"},{\"@type\":\"ListItem\",\"position\":2,\"name\":\"Parduotuv\u0117\",\"item\":\"https:\\\/\\\/kidsplay.lt\\\/parduotuve\\\/\"},{\"@type\":\"ListItem\",\"position\":3,\"name\":\"WOOPIE vilos l\u0117li\u0173 namelis su aksesuarais ir \u0161vie\u010dian\u010dia l\u0117le 296vnt\"}]},{\"@type\":\"WebSite\",\"@id\":\"https:\\\/\\\/kidsplay.lt\\\/#website\",\"url\":\"https:\\\/\\\/kidsplay.lt\\\/\",\"name\":\"Kidsplay.lt\",\"description\":\"\u012evairios prek\u0117s vaikams\",\"publisher\":{\"@id\":\"https:\\\/\\\/kidsplay.lt\\\/#organization\"},\"alternateName\":\"Kidsplay\",\"potentialAction\":[{\"@type\":\"SearchAction\",\"target\":{\"@type\":\"EntryPoint\",\"urlTemplate\":\"https:\\\/\\\/kidsplay.lt\\\/?s={search_term_string}\"},\"query-input\":{\"@type\":\"PropertyValueSpecification\",\"valueRequired\":true,\"valueName\":\"search_term_string\"}}],\"inLanguage\":\"lv-LV\"},{\"@type\":\"Organization\",\"@id\":\"https:\\\/\\\/kidsplay.lt\\\/#organization\",\"name\":\"KidsPlay\",\"url\":\"https:\\\/\\\/kidsplay.lt\\\/\",\"logo\":{\"@type\":\"ImageObject\",\"inLanguage\":\"lv-LV\",\"@id\":\"https:\\\/\\\/kidsplay.lt\\\/#\\\/schema\\\/logo\\\/image\\\/\",\"url\":\"https:\\\/\\\/kidsplay.lt\\\/wp-content\\\/uploads\\\/2023\\\/07\\\/kidsplay-logo.png\",\"contentUrl\":\"https:\\\/\\\/kidsplay.lt\\\/wp-content\\\/uploads\\\/2023\\\/07\\\/kidsplay-logo.png\",\"width\":451,\"height\":98,\"caption\":\"KidsPlay\"},\"image\":{\"@id\":\"https:\\\/\\\/kidsplay.lt\\\/#\\\/schema\\\/logo\\\/image\\\/\"},\"sameAs\":[\"https:\\\/\\\/www.facebook.com\\\/www.kidsplay.lt\"]}]}<\/script>\n<!-- \/ Yoast SEO plugin. -->","yoast_head_json":{"title":"WOOPIE vilos l\u0117li\u0173 namelis su aksesuarais ir \u0161vie\u010dian\u010dia l\u0117le 296vnt","description":"WOOPIE vilos l\u0117li\u0173 namelis su aksesuarais ir \u0161vie\u010dian\u010dia l\u0117le 296vnt - KidsPlay. Did\u017eiausias vaik\u0173 \u017eaisl\u0173 pasirinkimas.","robots":{"index":"index","follow":"follow","max-snippet":"max-snippet:-1","max-image-preview":"max-image-preview:large","max-video-preview":"max-video-preview:-1"},"canonical":"https:\/\/kidsplay.lt\/lv\/products\/woopie-vilos-leliu-namelis-su-aksesuarais-ir-svieciancia-lele-296vnt\/","og_locale":"lv_LV","og_type":"article","og_title":"WOOPIE vilos l\u0117li\u0173 namelis su aksesuarais ir \u0161vie\u010dian\u010dia l\u0117le 296vnt","og_description":"WOOPIE vilos l\u0117li\u0173 namelis su aksesuarais ir \u0161vie\u010dian\u010dia l\u0117le 296vnt - KidsPlay. Did\u017eiausias vaik\u0173 \u017eaisl\u0173 pasirinkimas.","og_url":"https:\/\/kidsplay.lt\/lv\/products\/woopie-vilos-leliu-namelis-su-aksesuarais-ir-svieciancia-lele-296vnt\/","og_site_name":"KidsPlay","article_publisher":"https:\/\/www.facebook.com\/www.kidsplay.lt","article_modified_time":"2026-04-13T11:28:24+00:00","og_image":[{"width":1000,"height":1000,"url":"https:\/\/kidsplay.lt\/wp-content\/uploads\/2025\/10\/WOOPIE-leliu-namelio-vila-su-aksesuarais-ir-svieciancia-lele-296-vnt.jpg","type":"image\/jpeg"}],"twitter_card":"summary_large_image","twitter_misc":{"Est. reading time":"2 min\u016btes"},"schema":{"@context":"https:\/\/schema.org","@graph":[{"@type":"WebPage","@id":"https:\/\/kidsplay.lt\/produktas\/woopie-vilos-leliu-namelis-su-aksesuarais-ir-svieciancia-lele-296vnt\/","url":"https:\/\/kidsplay.lt\/produktas\/woopie-vilos-leliu-namelis-su-aksesuarais-ir-svieciancia-lele-296vnt\/","name":"WOOPIE vilos l\u0117li\u0173 namelis su aksesuarais ir \u0161vie\u010dian\u010dia l\u0117le 296vnt","isPartOf":{"@id":"https:\/\/kidsplay.lt\/#website"},"primaryImageOfPage":{"@id":"https:\/\/kidsplay.lt\/produktas\/woopie-vilos-leliu-namelis-su-aksesuarais-ir-svieciancia-lele-296vnt\/#primaryimage"},"image":{"@id":"https:\/\/kidsplay.lt\/produktas\/woopie-vilos-leliu-namelis-su-aksesuarais-ir-svieciancia-lele-296vnt\/#primaryimage"},"thumbnailUrl":"https:\/\/kidsplay.lt\/wp-content\/uploads\/2025\/10\/WOOPIE-leliu-namelio-vila-su-aksesuarais-ir-svieciancia-lele-296-vnt.jpg","datePublished":"2026-02-24T18:27:53+00:00","dateModified":"2026-04-13T11:28:24+00:00","description":"WOOPIE vilos l\u0117li\u0173 namelis su aksesuarais ir \u0161vie\u010dian\u010dia l\u0117le 296vnt - KidsPlay. Did\u017eiausias vaik\u0173 \u017eaisl\u0173 pasirinkimas.","breadcrumb":{"@id":"https:\/\/kidsplay.lt\/produktas\/woopie-vilos-leliu-namelis-su-aksesuarais-ir-svieciancia-lele-296vnt\/#breadcrumb"},"inLanguage":"lv-LV","potentialAction":[{"@type":"ReadAction","target":["https:\/\/kidsplay.lt\/produktas\/woopie-vilos-leliu-namelis-su-aksesuarais-ir-svieciancia-lele-296vnt\/"]}]},{"@type":"ImageObject","inLanguage":"lv-LV","@id":"https:\/\/kidsplay.lt\/produktas\/woopie-vilos-leliu-namelis-su-aksesuarais-ir-svieciancia-lele-296vnt\/#primaryimage","url":"https:\/\/kidsplay.lt\/wp-content\/uploads\/2025\/10\/WOOPIE-leliu-namelio-vila-su-aksesuarais-ir-svieciancia-lele-296-vnt.jpg","contentUrl":"https:\/\/kidsplay.lt\/wp-content\/uploads\/2025\/10\/WOOPIE-leliu-namelio-vila-su-aksesuarais-ir-svieciancia-lele-296-vnt.jpg","width":1000,"height":1000,"caption":"WOOPIE vilos l\u0117li\u0173 namelis su aksesuarais ir \u0161vie\u010dian\u010dia l\u0117le 296vnt"},{"@type":"BreadcrumbList","@id":"https:\/\/kidsplay.lt\/produktas\/woopie-vilos-leliu-namelis-su-aksesuarais-ir-svieciancia-lele-296vnt\/#breadcrumb","itemListElement":[{"@type":"ListItem","position":1,"name":"Pagrindinis","item":"https:\/\/kidsplay.lt\/"},{"@type":"ListItem","position":2,"name":"Parduotuv\u0117","item":"https:\/\/kidsplay.lt\/parduotuve\/"},{"@type":"ListItem","position":3,"name":"WOOPIE vilos l\u0117li\u0173 namelis su aksesuarais ir \u0161vie\u010dian\u010dia l\u0117le 296vnt"}]},{"@type":"WebSite","@id":"https:\/\/kidsplay.lt\/#website","url":"https:\/\/kidsplay.lt\/","name":"B\u0113rnu sp\u0113les.lv","description":"\u012evairios prek\u0117s vaikams","publisher":{"@id":"https:\/\/kidsplay.lt\/#organization"},"alternateName":"Kidsplay","potentialAction":[{"@type":"SearchAction","target":{"@type":"EntryPoint","urlTemplate":"https:\/\/kidsplay.lt\/?s={search_term_string}"},"query-input":{"@type":"PropertyValueSpecification","valueRequired":true,"valueName":"search_term_string"}}],"inLanguage":"lv-LV"},{"@type":"Organization","@id":"https:\/\/kidsplay.lt\/#organization","name":"B\u0113rnu sp\u0113le","url":"https:\/\/kidsplay.lt\/","logo":{"@type":"ImageObject","inLanguage":"lv-LV","@id":"https:\/\/kidsplay.lt\/#\/schema\/logo\/image\/","url":"https:\/\/kidsplay.lt\/wp-content\/uploads\/2023\/07\/kidsplay-logo.png","contentUrl":"https:\/\/kidsplay.lt\/wp-content\/uploads\/2023\/07\/kidsplay-logo.png","width":451,"height":98,"caption":"KidsPlay"},"image":{"@id":"https:\/\/kidsplay.lt\/#\/schema\/logo\/image\/"},"sameAs":["https:\/\/www.facebook.com\/www.kidsplay.lt"]}]}},"_links":{"self":[{"href":"https:\/\/kidsplay.lt\/lv\/wp-json\/wp\/v2\/product\/87493","targetHints":{"allow":["GET"]}}],"collection":[{"href":"https:\/\/kidsplay.lt\/lv\/wp-json\/wp\/v2\/product"}],"about":[{"href":"https:\/\/kidsplay.lt\/lv\/wp-json\/wp\/v2\/types\/product"}],"version-history":[{"count":1,"href":"https:\/\/kidsplay.lt\/lv\/wp-json\/wp\/v2\/product\/87493\/revisions"}],"predecessor-version":[{"id":87494,"href":"https:\/\/kidsplay.lt\/lv\/wp-json\/wp\/v2\/product\/87493\/revisions\/87494"}],"wp:featuredmedia":[{"embeddable":true,"href":"https:\/\/kidsplay.lt\/lv\/wp-json\/wp\/v2\/media\/67902"}],"wp:attachment":[{"href":"https:\/\/kidsplay.lt\/lv\/wp-json\/wp\/v2\/media?parent=87493"}],"wp:term":[{"taxonomy":"product_brand","embeddable":true,"href":"https:\/\/kidsplay.lt\/lv\/wp-json\/wp\/v2\/product_brand?post=87493"},{"taxonomy":"product_cat","embeddable":true,"href":"https:\/\/kidsplay.lt\/lv\/wp-json\/wp\/v2\/product_cat?post=87493"},{"taxonomy":"product_tag","embeddable":true,"href":"https:\/\/kidsplay.lt\/lv\/wp-json\/wp\/v2\/product_tag?post=87493"}],"curies":[{"name":"wp","href":"https:\/\/api.w.org\/{rel}","templated":true}]}}