{"id":87531,"date":"2026-02-24T20:29:38","date_gmt":"2026-02-24T18:29:38","guid":{"rendered":"https:\/\/kidsplay.lt\/produktas\/tooky-toy-medinis-pasidaryk-pats-stalas\/"},"modified":"2026-04-07T10:08:45","modified_gmt":"2026-04-07T07:08:45","slug":"tooky-toy-medinis-pasidaryk-pats-stalas","status":"publish","type":"product","link":"https:\/\/kidsplay.lt\/lv\/products\/tooky-toy-medinis-pasidaryk-pats-stalas\/","title":{"rendered":"TOOKY TOY koka DIY galds"},"content":{"rendered":"<p>Medinis \u201ePasidaryk pats\u201c stalas \u2013 TOOKY TOY<br \/>\nMedinis \u201eTOOKY TOY\u201c pasidaryk pats stalas \u2013 tai kiekvieno ma\u017eojo meistro svajon\u0117s i\u0161sipildymas. \u0160is \u017eaislinis darbastalis leid\u017eia vaikams pasijusti tikrais meistrais, lavinant k\u016brybi\u0161kum\u0105, rank\u0173 miklum\u0105 ir login\u012f m\u0105stym\u0105.<br \/>\nRinkin\u012f sudaro stalas su daugybe \u017eaislini\u0173 \u012franki\u0173 ir pried\u0173, toki\u0173 kaip pj\u016bklas, plaktukas, ver\u017eliaraktis, atsuktuvas, repl\u0117s, matavimo juosta, var\u017etai, ver\u017el\u0117s, pover\u017el\u0117s bei krumpliara\u010diai. Patogios lentynos ir laikikliai u\u017etikrina, kad visi \u012frankiai b\u016bt\u0173 lengvai pasiekiami ir tvarkingai laikomi.<br \/>\nStalas turi integruot\u0105 \u017eaislin\u012f laikrod\u012f, kuris suteikia papildom\u0173 \u017eaidimo galimybi\u0173. Visi kampai ir kra\u0161tai yra u\u017eapvalinti, tod\u0117l \u017eaislas yra visi\u0161kai saugus vaikams.<\/p>\n<p>Raksturojums:<\/p>\n<p>B\u0113rniem no 3 gadu vecuma<\/p>\n<p>Medinis stalas su vietomis \u012frankiams laikyti<\/p>\n<p>Prie stalo pritvirtintas \u017eaislinis laikrodis<\/p>\n<p>\u017daisliniai \u012frankiai: pj\u016bklas, plaktukas, ver\u017eliaraktis, atsuktuvas, repl\u0117s, matavimo juosta<\/p>\n<p>Priedai: var\u017etai, ver\u017el\u0117s, pover\u017el\u0117s, krumpliara\u010diai, plok\u0161t\u0117s<\/p>\n<p>Galimyb\u0117 tvirtinti priedus prie stalo<\/p>\n<p>Pagaminta i\u0161 auk\u0161tos kokyb\u0117s medienos<\/p>\n<p>Da\u017eyta netoksi\u0161kais, vaikams saugiais da\u017eais<\/p>","protected":false},"excerpt":{"rendered":"<p>Medinis \u201ePasidaryk pats\u201c stalas \u2013 TOOKY TOY Medinis \u201eTOOKY TOY\u201c pasidaryk pats stalas \u2013 tai kiekvieno ma\u017eojo meistro svajon\u0117s i\u0161sipildymas.<\/p>","protected":false},"featured_media":82663,"template":"","meta":{"_acf_changed":false,"_glsr_average":0,"_glsr_ranking":0,"_glsr_reviews":0},"product_brand":[],"product_cat":[402,399],"product_tag":[],"class_list":{"0":"post-87531","1":"product","2":"type-product","3":"status-publish","4":"has-post-thumbnail","6":"product_cat-dirbtuves-ir-irankiai","7":"product_cat-vaidmenu-zaidimai-2","8":"\"style=\"background-color: #2ecc711c;\"","10":"first","11":"instock","12":"purchasable","13":"product-type-simple"},"acf":[],"yoast_head":"<!-- This site is optimized with the Yoast SEO plugin v27.3 - https:\/\/yoast.com\/product\/yoast-seo-wordpress\/ -->\n<title>TOOKY TOY Medinis \u201ePasidaryk pats\u201c stalas<\/title>\n<meta name=\"description\" content=\"TOOKY TOY Medinis \u201ePasidaryk pats\u201c stalas - KidsPlay. Did\u017eiausias vaik\u0173 \u017eaisl\u0173 pasirinkimas.\" \/>\n<meta name=\"robots\" content=\"index, follow, max-snippet:-1, max-image-preview:large, max-video-preview:-1\" \/>\n<link rel=\"canonical\" href=\"https:\/\/kidsplay.lt\/lv\/products\/tooky-toy-medinis-pasidaryk-pats-stalas\/\" \/>\n<meta property=\"og:locale\" content=\"lv_LV\" \/>\n<meta property=\"og:type\" content=\"article\" \/>\n<meta property=\"og:title\" content=\"TOOKY TOY Medinis \u201ePasidaryk pats\u201c stalas\" \/>\n<meta property=\"og:description\" content=\"TOOKY TOY Medinis \u201ePasidaryk pats\u201c stalas - KidsPlay. Did\u017eiausias vaik\u0173 \u017eaisl\u0173 pasirinkimas.\" \/>\n<meta property=\"og:url\" content=\"https:\/\/kidsplay.lt\/lv\/products\/tooky-toy-medinis-pasidaryk-pats-stalas\/\" \/>\n<meta property=\"og:site_name\" content=\"KidsPlay\" \/>\n<meta property=\"article:publisher\" content=\"https:\/\/www.facebook.com\/www.kidsplay.lt\" \/>\n<meta property=\"article:modified_time\" content=\"2026-04-07T07:08:45+00:00\" \/>\n<meta property=\"og:image\" content=\"https:\/\/kidsplay.lt\/wp-content\/uploads\/2025\/12\/TOOKY-TOY-Mediniu-dirbtuviu-rinkinys-XL-Small-Tinker-Table-Accessories-46-vnt.jpg\" \/>\n\t<meta property=\"og:image:width\" content=\"2560\" \/>\n\t<meta property=\"og:image:height\" content=\"2560\" \/>\n\t<meta property=\"og:image:type\" content=\"image\/jpeg\" \/>\n<meta name=\"twitter:card\" content=\"summary_large_image\" \/>\n<meta name=\"twitter:label1\" content=\"Est. reading time\" \/>\n\t<meta name=\"twitter:data1\" content=\"1 min\u016bte\" \/>\n<script type=\"application\/ld+json\" class=\"yoast-schema-graph\">{\"@context\":\"https:\\\/\\\/schema.org\",\"@graph\":[{\"@type\":\"WebPage\",\"@id\":\"https:\\\/\\\/kidsplay.lt\\\/produktas\\\/tooky-toy-medinis-pasidaryk-pats-stalas\\\/\",\"url\":\"https:\\\/\\\/kidsplay.lt\\\/produktas\\\/tooky-toy-medinis-pasidaryk-pats-stalas\\\/\",\"name\":\"TOOKY TOY Medinis \u201ePasidaryk pats\u201c stalas\",\"isPartOf\":{\"@id\":\"https:\\\/\\\/kidsplay.lt\\\/#website\"},\"primaryImageOfPage\":{\"@id\":\"https:\\\/\\\/kidsplay.lt\\\/produktas\\\/tooky-toy-medinis-pasidaryk-pats-stalas\\\/#primaryimage\"},\"image\":{\"@id\":\"https:\\\/\\\/kidsplay.lt\\\/produktas\\\/tooky-toy-medinis-pasidaryk-pats-stalas\\\/#primaryimage\"},\"thumbnailUrl\":\"https:\\\/\\\/kidsplay.lt\\\/wp-content\\\/uploads\\\/2025\\\/12\\\/TOOKY-TOY-Mediniu-dirbtuviu-rinkinys-XL-Small-Tinker-Table-Accessories-46-vnt.jpg\",\"datePublished\":\"2026-02-24T18:29:38+00:00\",\"dateModified\":\"2026-04-07T07:08:45+00:00\",\"description\":\"TOOKY TOY Medinis \u201ePasidaryk pats\u201c stalas - KidsPlay. Did\u017eiausias vaik\u0173 \u017eaisl\u0173 pasirinkimas.\",\"breadcrumb\":{\"@id\":\"https:\\\/\\\/kidsplay.lt\\\/produktas\\\/tooky-toy-medinis-pasidaryk-pats-stalas\\\/#breadcrumb\"},\"inLanguage\":\"lv-LV\",\"potentialAction\":[{\"@type\":\"ReadAction\",\"target\":[\"https:\\\/\\\/kidsplay.lt\\\/produktas\\\/tooky-toy-medinis-pasidaryk-pats-stalas\\\/\"]}]},{\"@type\":\"ImageObject\",\"inLanguage\":\"lv-LV\",\"@id\":\"https:\\\/\\\/kidsplay.lt\\\/produktas\\\/tooky-toy-medinis-pasidaryk-pats-stalas\\\/#primaryimage\",\"url\":\"https:\\\/\\\/kidsplay.lt\\\/wp-content\\\/uploads\\\/2025\\\/12\\\/TOOKY-TOY-Mediniu-dirbtuviu-rinkinys-XL-Small-Tinker-Table-Accessories-46-vnt.jpg\",\"contentUrl\":\"https:\\\/\\\/kidsplay.lt\\\/wp-content\\\/uploads\\\/2025\\\/12\\\/TOOKY-TOY-Mediniu-dirbtuviu-rinkinys-XL-Small-Tinker-Table-Accessories-46-vnt.jpg\",\"width\":2560,\"height\":2560,\"caption\":\"TOOKY TOY Medinis \u201ePasidaryk pats\u201c stalas\"},{\"@type\":\"BreadcrumbList\",\"@id\":\"https:\\\/\\\/kidsplay.lt\\\/produktas\\\/tooky-toy-medinis-pasidaryk-pats-stalas\\\/#breadcrumb\",\"itemListElement\":[{\"@type\":\"ListItem\",\"position\":1,\"name\":\"Pagrindinis\",\"item\":\"https:\\\/\\\/kidsplay.lt\\\/\"},{\"@type\":\"ListItem\",\"position\":2,\"name\":\"Parduotuv\u0117\",\"item\":\"https:\\\/\\\/kidsplay.lt\\\/parduotuve\\\/\"},{\"@type\":\"ListItem\",\"position\":3,\"name\":\"TOOKY TOY Medinis \u201ePasidaryk pats\u201c stalas\"}]},{\"@type\":\"WebSite\",\"@id\":\"https:\\\/\\\/kidsplay.lt\\\/#website\",\"url\":\"https:\\\/\\\/kidsplay.lt\\\/\",\"name\":\"Kidsplay.lt\",\"description\":\"\u012evairios prek\u0117s vaikams\",\"publisher\":{\"@id\":\"https:\\\/\\\/kidsplay.lt\\\/#organization\"},\"alternateName\":\"Kidsplay\",\"potentialAction\":[{\"@type\":\"SearchAction\",\"target\":{\"@type\":\"EntryPoint\",\"urlTemplate\":\"https:\\\/\\\/kidsplay.lt\\\/?s={search_term_string}\"},\"query-input\":{\"@type\":\"PropertyValueSpecification\",\"valueRequired\":true,\"valueName\":\"search_term_string\"}}],\"inLanguage\":\"lv-LV\"},{\"@type\":\"Organization\",\"@id\":\"https:\\\/\\\/kidsplay.lt\\\/#organization\",\"name\":\"KidsPlay\",\"url\":\"https:\\\/\\\/kidsplay.lt\\\/\",\"logo\":{\"@type\":\"ImageObject\",\"inLanguage\":\"lv-LV\",\"@id\":\"https:\\\/\\\/kidsplay.lt\\\/#\\\/schema\\\/logo\\\/image\\\/\",\"url\":\"https:\\\/\\\/kidsplay.lt\\\/wp-content\\\/uploads\\\/2023\\\/07\\\/kidsplay-logo.png\",\"contentUrl\":\"https:\\\/\\\/kidsplay.lt\\\/wp-content\\\/uploads\\\/2023\\\/07\\\/kidsplay-logo.png\",\"width\":451,\"height\":98,\"caption\":\"KidsPlay\"},\"image\":{\"@id\":\"https:\\\/\\\/kidsplay.lt\\\/#\\\/schema\\\/logo\\\/image\\\/\"},\"sameAs\":[\"https:\\\/\\\/www.facebook.com\\\/www.kidsplay.lt\"]}]}<\/script>\n<!-- \/ Yoast SEO plugin. -->","yoast_head_json":{"title":"TOOKY TOY koka DIY galds","description":"TOOKY TOY Medinis \u201ePasidaryk pats\u201c stalas - KidsPlay. Did\u017eiausias vaik\u0173 \u017eaisl\u0173 pasirinkimas.","robots":{"index":"index","follow":"follow","max-snippet":"max-snippet:-1","max-image-preview":"max-image-preview:large","max-video-preview":"max-video-preview:-1"},"canonical":"https:\/\/kidsplay.lt\/lv\/products\/tooky-toy-medinis-pasidaryk-pats-stalas\/","og_locale":"lv_LV","og_type":"article","og_title":"TOOKY TOY Medinis \u201ePasidaryk pats\u201c stalas","og_description":"TOOKY TOY Medinis \u201ePasidaryk pats\u201c stalas - KidsPlay. Did\u017eiausias vaik\u0173 \u017eaisl\u0173 pasirinkimas.","og_url":"https:\/\/kidsplay.lt\/lv\/products\/tooky-toy-medinis-pasidaryk-pats-stalas\/","og_site_name":"KidsPlay","article_publisher":"https:\/\/www.facebook.com\/www.kidsplay.lt","article_modified_time":"2026-04-07T07:08:45+00:00","og_image":[{"width":2560,"height":2560,"url":"https:\/\/kidsplay.lt\/wp-content\/uploads\/2025\/12\/TOOKY-TOY-Mediniu-dirbtuviu-rinkinys-XL-Small-Tinker-Table-Accessories-46-vnt.jpg","type":"image\/jpeg"}],"twitter_card":"summary_large_image","twitter_misc":{"Est. reading time":"1 min\u016bte"},"schema":{"@context":"https:\/\/schema.org","@graph":[{"@type":"WebPage","@id":"https:\/\/kidsplay.lt\/produktas\/tooky-toy-medinis-pasidaryk-pats-stalas\/","url":"https:\/\/kidsplay.lt\/produktas\/tooky-toy-medinis-pasidaryk-pats-stalas\/","name":"TOOKY TOY koka DIY galds","isPartOf":{"@id":"https:\/\/kidsplay.lt\/#website"},"primaryImageOfPage":{"@id":"https:\/\/kidsplay.lt\/produktas\/tooky-toy-medinis-pasidaryk-pats-stalas\/#primaryimage"},"image":{"@id":"https:\/\/kidsplay.lt\/produktas\/tooky-toy-medinis-pasidaryk-pats-stalas\/#primaryimage"},"thumbnailUrl":"https:\/\/kidsplay.lt\/wp-content\/uploads\/2025\/12\/TOOKY-TOY-Mediniu-dirbtuviu-rinkinys-XL-Small-Tinker-Table-Accessories-46-vnt.jpg","datePublished":"2026-02-24T18:29:38+00:00","dateModified":"2026-04-07T07:08:45+00:00","description":"TOOKY TOY Medinis \u201ePasidaryk pats\u201c stalas - KidsPlay. Did\u017eiausias vaik\u0173 \u017eaisl\u0173 pasirinkimas.","breadcrumb":{"@id":"https:\/\/kidsplay.lt\/produktas\/tooky-toy-medinis-pasidaryk-pats-stalas\/#breadcrumb"},"inLanguage":"lv-LV","potentialAction":[{"@type":"ReadAction","target":["https:\/\/kidsplay.lt\/produktas\/tooky-toy-medinis-pasidaryk-pats-stalas\/"]}]},{"@type":"ImageObject","inLanguage":"lv-LV","@id":"https:\/\/kidsplay.lt\/produktas\/tooky-toy-medinis-pasidaryk-pats-stalas\/#primaryimage","url":"https:\/\/kidsplay.lt\/wp-content\/uploads\/2025\/12\/TOOKY-TOY-Mediniu-dirbtuviu-rinkinys-XL-Small-Tinker-Table-Accessories-46-vnt.jpg","contentUrl":"https:\/\/kidsplay.lt\/wp-content\/uploads\/2025\/12\/TOOKY-TOY-Mediniu-dirbtuviu-rinkinys-XL-Small-Tinker-Table-Accessories-46-vnt.jpg","width":2560,"height":2560,"caption":"TOOKY TOY Medinis \u201ePasidaryk pats\u201c stalas"},{"@type":"BreadcrumbList","@id":"https:\/\/kidsplay.lt\/produktas\/tooky-toy-medinis-pasidaryk-pats-stalas\/#breadcrumb","itemListElement":[{"@type":"ListItem","position":1,"name":"Pagrindinis","item":"https:\/\/kidsplay.lt\/"},{"@type":"ListItem","position":2,"name":"Parduotuv\u0117","item":"https:\/\/kidsplay.lt\/parduotuve\/"},{"@type":"ListItem","position":3,"name":"TOOKY TOY Medinis \u201ePasidaryk pats\u201c stalas"}]},{"@type":"WebSite","@id":"https:\/\/kidsplay.lt\/#website","url":"https:\/\/kidsplay.lt\/","name":"B\u0113rnu sp\u0113les.lv","description":"\u012evairios prek\u0117s vaikams","publisher":{"@id":"https:\/\/kidsplay.lt\/#organization"},"alternateName":"Kidsplay","potentialAction":[{"@type":"SearchAction","target":{"@type":"EntryPoint","urlTemplate":"https:\/\/kidsplay.lt\/?s={search_term_string}"},"query-input":{"@type":"PropertyValueSpecification","valueRequired":true,"valueName":"search_term_string"}}],"inLanguage":"lv-LV"},{"@type":"Organization","@id":"https:\/\/kidsplay.lt\/#organization","name":"B\u0113rnu sp\u0113le","url":"https:\/\/kidsplay.lt\/","logo":{"@type":"ImageObject","inLanguage":"lv-LV","@id":"https:\/\/kidsplay.lt\/#\/schema\/logo\/image\/","url":"https:\/\/kidsplay.lt\/wp-content\/uploads\/2023\/07\/kidsplay-logo.png","contentUrl":"https:\/\/kidsplay.lt\/wp-content\/uploads\/2023\/07\/kidsplay-logo.png","width":451,"height":98,"caption":"KidsPlay"},"image":{"@id":"https:\/\/kidsplay.lt\/#\/schema\/logo\/image\/"},"sameAs":["https:\/\/www.facebook.com\/www.kidsplay.lt"]}]}},"_links":{"self":[{"href":"https:\/\/kidsplay.lt\/lv\/wp-json\/wp\/v2\/product\/87531","targetHints":{"allow":["GET"]}}],"collection":[{"href":"https:\/\/kidsplay.lt\/lv\/wp-json\/wp\/v2\/product"}],"about":[{"href":"https:\/\/kidsplay.lt\/lv\/wp-json\/wp\/v2\/types\/product"}],"version-history":[{"count":1,"href":"https:\/\/kidsplay.lt\/lv\/wp-json\/wp\/v2\/product\/87531\/revisions"}],"predecessor-version":[{"id":87532,"href":"https:\/\/kidsplay.lt\/lv\/wp-json\/wp\/v2\/product\/87531\/revisions\/87532"}],"wp:featuredmedia":[{"embeddable":true,"href":"https:\/\/kidsplay.lt\/lv\/wp-json\/wp\/v2\/media\/82663"}],"wp:attachment":[{"href":"https:\/\/kidsplay.lt\/lv\/wp-json\/wp\/v2\/media?parent=87531"}],"wp:term":[{"taxonomy":"product_brand","embeddable":true,"href":"https:\/\/kidsplay.lt\/lv\/wp-json\/wp\/v2\/product_brand?post=87531"},{"taxonomy":"product_cat","embeddable":true,"href":"https:\/\/kidsplay.lt\/lv\/wp-json\/wp\/v2\/product_cat?post=87531"},{"taxonomy":"product_tag","embeddable":true,"href":"https:\/\/kidsplay.lt\/lv\/wp-json\/wp\/v2\/product_tag?post=87531"}],"curies":[{"name":"wp","href":"https:\/\/api.w.org\/{rel}","templated":true}]}}