{"id":87572,"date":"2026-02-24T20:31:52","date_gmt":"2026-02-24T18:31:52","guid":{"rendered":"https:\/\/kidsplay.lt\/produktas\/woopie-badminton-rocket-and-aileron-rinkinys-2-vnt\/"},"modified":"2026-04-13T14:29:48","modified_gmt":"2026-04-13T11:29:48","slug":"woopie-badminton-rocket-and-aileron-rinkinys-2-vnt","status":"publish","type":"product","link":"https:\/\/kidsplay.lt\/lv\/products\/woopie-badminton-rocket-and-aileron-rinkinys-2-vnt\/","title":{"rendered":"WOOPIE Badminton Rocket and Aileron rinkinys 2 vnt."},"content":{"rendered":"<p>Rinkinys\u00a0Raketos\u00a0i\u0161 mark\u0117s\u00a0Woopie\u00a0tikrai\u00a0skatina\u00a0vaikai ir suaugusieji praleisti laik\u0105\u00a0aktyviai\u00a0lauke. Badmintono \u017eaidimas vystosi\u00a0paj\u0117gumai\u00a0variklis\u00a0vaikas vadinamasis \u201egrub\u016bs motoriniai \u012fg\u016bd\u017eiai&#8221;. Raketos turi\u00a0patogus\u00a0tobula rankena\u00a0d\u0117l\u00a0rankenos\u00a0vaikai ir d\u0117ka lankstaus tinklelio leid\u017eia:\u00a0tolesnis poveikis\u201e.<\/p>\n<p>Raksturojums:<\/p>\n<p> \t&#8211; nustatyta u\u017e\u00a02 \u017emon\u0117s,<br \/>\n \t&#8211; patogu\u00a0rankena\u00a0vaikui,<br \/>\n \t&#8211; vystosi\u00a0motoriniai \u012fg\u016bd\u017eiai\u00a0vaikas,<br \/>\n \t&#8211; skatina\u00a0aktyviai leid\u017eiant laik\u0105\u00a0laikas lauke<br \/>\n \t&#8211;\u00a0komplekt\u0105 sudaro 2 raket\u0117s ir 2 eleronai<\/p>","protected":false},"excerpt":{"rendered":"<p>Rinkinys\u00a0Raketos\u00a0i\u0161 mark\u0117s\u00a0Woopie\u00a0tikrai\u00a0skatina\u00a0vaikai ir suaugusieji praleisti laik\u0105\u00a0aktyviai\u00a0lauke. Badmintono \u017eaidimas vystosi\u00a0paj\u0117gumai\u00a0variklis\u00a0vaikas vadinamasis \u201egrub\u016bs motoriniai \u012fg\u016bd\u017eiai&#8221;. Raketos turi\u00a0patogus\u00a0tobula rankena\u00a0d\u0117l\u00a0rankenos\u00a0vaikai ir d\u0117ka lankstaus tinklelio<\/p>","protected":false},"featured_media":75139,"template":"","meta":{"_acf_changed":false,"_glsr_average":0,"_glsr_ranking":0,"_glsr_reviews":0},"product_brand":[],"product_cat":[233,430],"product_tag":[],"class_list":{"0":"post-87572","1":"product","2":"type-product","3":"status-publish","4":"has-post-thumbnail","6":"product_cat-lauko-pramogos","7":"product_cat-zaidimai-ir-linksmybes","8":"\"style=\"background-color: #2ecc711c;\"","10":"first","11":"instock","12":"purchasable","13":"product-type-simple"},"acf":[],"yoast_head":"<!-- This site is optimized with the Yoast SEO plugin v27.3 - https:\/\/yoast.com\/product\/yoast-seo-wordpress\/ -->\n<title>WOOPIE Badminton Rocket and Aileron rinkinys 2 vnt.<\/title>\n<meta name=\"description\" content=\"WOOPIE Badminton Rocket and Aileron rinkinys 2 vnt. - KidsPlay. Did\u017eiausias vaik\u0173 \u017eaisl\u0173 pasirinkimas.\" \/>\n<meta name=\"robots\" content=\"index, follow, max-snippet:-1, max-image-preview:large, max-video-preview:-1\" \/>\n<link rel=\"canonical\" href=\"https:\/\/kidsplay.lt\/lv\/products\/woopie-badminton-rocket-and-aileron-rinkinys-2-vnt\/\" \/>\n<meta property=\"og:locale\" content=\"lv_LV\" \/>\n<meta property=\"og:type\" content=\"article\" \/>\n<meta property=\"og:title\" content=\"WOOPIE Badminton Rocket and Aileron rinkinys 2 vnt.\" \/>\n<meta property=\"og:description\" content=\"WOOPIE Badminton Rocket and Aileron rinkinys 2 vnt. - KidsPlay. Did\u017eiausias vaik\u0173 \u017eaisl\u0173 pasirinkimas.\" \/>\n<meta property=\"og:url\" content=\"https:\/\/kidsplay.lt\/lv\/products\/woopie-badminton-rocket-and-aileron-rinkinys-2-vnt\/\" \/>\n<meta property=\"og:site_name\" content=\"KidsPlay\" \/>\n<meta property=\"article:publisher\" content=\"https:\/\/www.facebook.com\/www.kidsplay.lt\" \/>\n<meta property=\"article:modified_time\" content=\"2026-04-13T11:29:48+00:00\" \/>\n<meta property=\"og:image\" content=\"https:\/\/kidsplay.lt\/wp-content\/uploads\/2025\/10\/WOOPIE-Badminton-Rocket-and-Aileron-rinkinys-2-vnt.jpg\" \/>\n\t<meta property=\"og:image:width\" content=\"2560\" \/>\n\t<meta property=\"og:image:height\" content=\"2560\" \/>\n\t<meta property=\"og:image:type\" content=\"image\/jpeg\" \/>\n<meta name=\"twitter:card\" content=\"summary_large_image\" \/>\n<script type=\"application\/ld+json\" class=\"yoast-schema-graph\">{\"@context\":\"https:\\\/\\\/schema.org\",\"@graph\":[{\"@type\":\"WebPage\",\"@id\":\"https:\\\/\\\/kidsplay.lt\\\/produktas\\\/woopie-badminton-rocket-and-aileron-rinkinys-2-vnt\\\/\",\"url\":\"https:\\\/\\\/kidsplay.lt\\\/produktas\\\/woopie-badminton-rocket-and-aileron-rinkinys-2-vnt\\\/\",\"name\":\"WOOPIE Badminton Rocket and Aileron rinkinys 2 vnt.\",\"isPartOf\":{\"@id\":\"https:\\\/\\\/kidsplay.lt\\\/#website\"},\"primaryImageOfPage\":{\"@id\":\"https:\\\/\\\/kidsplay.lt\\\/produktas\\\/woopie-badminton-rocket-and-aileron-rinkinys-2-vnt\\\/#primaryimage\"},\"image\":{\"@id\":\"https:\\\/\\\/kidsplay.lt\\\/produktas\\\/woopie-badminton-rocket-and-aileron-rinkinys-2-vnt\\\/#primaryimage\"},\"thumbnailUrl\":\"https:\\\/\\\/kidsplay.lt\\\/wp-content\\\/uploads\\\/2025\\\/10\\\/WOOPIE-Badminton-Rocket-and-Aileron-rinkinys-2-vnt.jpg\",\"datePublished\":\"2026-02-24T18:31:52+00:00\",\"dateModified\":\"2026-04-13T11:29:48+00:00\",\"description\":\"WOOPIE Badminton Rocket and Aileron rinkinys 2 vnt. - KidsPlay. Did\u017eiausias vaik\u0173 \u017eaisl\u0173 pasirinkimas.\",\"breadcrumb\":{\"@id\":\"https:\\\/\\\/kidsplay.lt\\\/produktas\\\/woopie-badminton-rocket-and-aileron-rinkinys-2-vnt\\\/#breadcrumb\"},\"inLanguage\":\"lv-LV\",\"potentialAction\":[{\"@type\":\"ReadAction\",\"target\":[\"https:\\\/\\\/kidsplay.lt\\\/produktas\\\/woopie-badminton-rocket-and-aileron-rinkinys-2-vnt\\\/\"]}]},{\"@type\":\"ImageObject\",\"inLanguage\":\"lv-LV\",\"@id\":\"https:\\\/\\\/kidsplay.lt\\\/produktas\\\/woopie-badminton-rocket-and-aileron-rinkinys-2-vnt\\\/#primaryimage\",\"url\":\"https:\\\/\\\/kidsplay.lt\\\/wp-content\\\/uploads\\\/2025\\\/10\\\/WOOPIE-Badminton-Rocket-and-Aileron-rinkinys-2-vnt.jpg\",\"contentUrl\":\"https:\\\/\\\/kidsplay.lt\\\/wp-content\\\/uploads\\\/2025\\\/10\\\/WOOPIE-Badminton-Rocket-and-Aileron-rinkinys-2-vnt.jpg\",\"width\":2560,\"height\":2560,\"caption\":\"WOOPIE Badminton Rocket and Aileron rinkinys 2 vnt.\"},{\"@type\":\"BreadcrumbList\",\"@id\":\"https:\\\/\\\/kidsplay.lt\\\/produktas\\\/woopie-badminton-rocket-and-aileron-rinkinys-2-vnt\\\/#breadcrumb\",\"itemListElement\":[{\"@type\":\"ListItem\",\"position\":1,\"name\":\"Pagrindinis\",\"item\":\"https:\\\/\\\/kidsplay.lt\\\/\"},{\"@type\":\"ListItem\",\"position\":2,\"name\":\"Parduotuv\u0117\",\"item\":\"https:\\\/\\\/kidsplay.lt\\\/parduotuve\\\/\"},{\"@type\":\"ListItem\",\"position\":3,\"name\":\"WOOPIE Badminton Rocket and Aileron rinkinys 2 vnt.\"}]},{\"@type\":\"WebSite\",\"@id\":\"https:\\\/\\\/kidsplay.lt\\\/#website\",\"url\":\"https:\\\/\\\/kidsplay.lt\\\/\",\"name\":\"Kidsplay.lt\",\"description\":\"\u012evairios prek\u0117s vaikams\",\"publisher\":{\"@id\":\"https:\\\/\\\/kidsplay.lt\\\/#organization\"},\"alternateName\":\"Kidsplay\",\"potentialAction\":[{\"@type\":\"SearchAction\",\"target\":{\"@type\":\"EntryPoint\",\"urlTemplate\":\"https:\\\/\\\/kidsplay.lt\\\/?s={search_term_string}\"},\"query-input\":{\"@type\":\"PropertyValueSpecification\",\"valueRequired\":true,\"valueName\":\"search_term_string\"}}],\"inLanguage\":\"lv-LV\"},{\"@type\":\"Organization\",\"@id\":\"https:\\\/\\\/kidsplay.lt\\\/#organization\",\"name\":\"KidsPlay\",\"url\":\"https:\\\/\\\/kidsplay.lt\\\/\",\"logo\":{\"@type\":\"ImageObject\",\"inLanguage\":\"lv-LV\",\"@id\":\"https:\\\/\\\/kidsplay.lt\\\/#\\\/schema\\\/logo\\\/image\\\/\",\"url\":\"https:\\\/\\\/kidsplay.lt\\\/wp-content\\\/uploads\\\/2023\\\/07\\\/kidsplay-logo.png\",\"contentUrl\":\"https:\\\/\\\/kidsplay.lt\\\/wp-content\\\/uploads\\\/2023\\\/07\\\/kidsplay-logo.png\",\"width\":451,\"height\":98,\"caption\":\"KidsPlay\"},\"image\":{\"@id\":\"https:\\\/\\\/kidsplay.lt\\\/#\\\/schema\\\/logo\\\/image\\\/\"},\"sameAs\":[\"https:\\\/\\\/www.facebook.com\\\/www.kidsplay.lt\"]}]}<\/script>\n<!-- \/ Yoast SEO plugin. -->","yoast_head_json":{"title":"WOOPIE Badminton Rocket and Aileron rinkinys 2 vnt.","description":"WOOPIE Badminton Rocket and Aileron rinkinys 2 vnt. - KidsPlay. Did\u017eiausias vaik\u0173 \u017eaisl\u0173 pasirinkimas.","robots":{"index":"index","follow":"follow","max-snippet":"max-snippet:-1","max-image-preview":"max-image-preview:large","max-video-preview":"max-video-preview:-1"},"canonical":"https:\/\/kidsplay.lt\/lv\/products\/woopie-badminton-rocket-and-aileron-rinkinys-2-vnt\/","og_locale":"lv_LV","og_type":"article","og_title":"WOOPIE Badminton Rocket and Aileron rinkinys 2 vnt.","og_description":"WOOPIE Badminton Rocket and Aileron rinkinys 2 vnt. - KidsPlay. Did\u017eiausias vaik\u0173 \u017eaisl\u0173 pasirinkimas.","og_url":"https:\/\/kidsplay.lt\/lv\/products\/woopie-badminton-rocket-and-aileron-rinkinys-2-vnt\/","og_site_name":"KidsPlay","article_publisher":"https:\/\/www.facebook.com\/www.kidsplay.lt","article_modified_time":"2026-04-13T11:29:48+00:00","og_image":[{"width":2560,"height":2560,"url":"https:\/\/kidsplay.lt\/wp-content\/uploads\/2025\/10\/WOOPIE-Badminton-Rocket-and-Aileron-rinkinys-2-vnt.jpg","type":"image\/jpeg"}],"twitter_card":"summary_large_image","schema":{"@context":"https:\/\/schema.org","@graph":[{"@type":"WebPage","@id":"https:\/\/kidsplay.lt\/produktas\/woopie-badminton-rocket-and-aileron-rinkinys-2-vnt\/","url":"https:\/\/kidsplay.lt\/produktas\/woopie-badminton-rocket-and-aileron-rinkinys-2-vnt\/","name":"WOOPIE Badminton Rocket and Aileron rinkinys 2 vnt.","isPartOf":{"@id":"https:\/\/kidsplay.lt\/#website"},"primaryImageOfPage":{"@id":"https:\/\/kidsplay.lt\/produktas\/woopie-badminton-rocket-and-aileron-rinkinys-2-vnt\/#primaryimage"},"image":{"@id":"https:\/\/kidsplay.lt\/produktas\/woopie-badminton-rocket-and-aileron-rinkinys-2-vnt\/#primaryimage"},"thumbnailUrl":"https:\/\/kidsplay.lt\/wp-content\/uploads\/2025\/10\/WOOPIE-Badminton-Rocket-and-Aileron-rinkinys-2-vnt.jpg","datePublished":"2026-02-24T18:31:52+00:00","dateModified":"2026-04-13T11:29:48+00:00","description":"WOOPIE Badminton Rocket and Aileron rinkinys 2 vnt. - KidsPlay. Did\u017eiausias vaik\u0173 \u017eaisl\u0173 pasirinkimas.","breadcrumb":{"@id":"https:\/\/kidsplay.lt\/produktas\/woopie-badminton-rocket-and-aileron-rinkinys-2-vnt\/#breadcrumb"},"inLanguage":"lv-LV","potentialAction":[{"@type":"ReadAction","target":["https:\/\/kidsplay.lt\/produktas\/woopie-badminton-rocket-and-aileron-rinkinys-2-vnt\/"]}]},{"@type":"ImageObject","inLanguage":"lv-LV","@id":"https:\/\/kidsplay.lt\/produktas\/woopie-badminton-rocket-and-aileron-rinkinys-2-vnt\/#primaryimage","url":"https:\/\/kidsplay.lt\/wp-content\/uploads\/2025\/10\/WOOPIE-Badminton-Rocket-and-Aileron-rinkinys-2-vnt.jpg","contentUrl":"https:\/\/kidsplay.lt\/wp-content\/uploads\/2025\/10\/WOOPIE-Badminton-Rocket-and-Aileron-rinkinys-2-vnt.jpg","width":2560,"height":2560,"caption":"WOOPIE Badminton Rocket and Aileron rinkinys 2 vnt."},{"@type":"BreadcrumbList","@id":"https:\/\/kidsplay.lt\/produktas\/woopie-badminton-rocket-and-aileron-rinkinys-2-vnt\/#breadcrumb","itemListElement":[{"@type":"ListItem","position":1,"name":"Pagrindinis","item":"https:\/\/kidsplay.lt\/"},{"@type":"ListItem","position":2,"name":"Parduotuv\u0117","item":"https:\/\/kidsplay.lt\/parduotuve\/"},{"@type":"ListItem","position":3,"name":"WOOPIE Badminton Rocket and Aileron rinkinys 2 vnt."}]},{"@type":"WebSite","@id":"https:\/\/kidsplay.lt\/#website","url":"https:\/\/kidsplay.lt\/","name":"B\u0113rnu sp\u0113les.lv","description":"\u012evairios prek\u0117s vaikams","publisher":{"@id":"https:\/\/kidsplay.lt\/#organization"},"alternateName":"Kidsplay","potentialAction":[{"@type":"SearchAction","target":{"@type":"EntryPoint","urlTemplate":"https:\/\/kidsplay.lt\/?s={search_term_string}"},"query-input":{"@type":"PropertyValueSpecification","valueRequired":true,"valueName":"search_term_string"}}],"inLanguage":"lv-LV"},{"@type":"Organization","@id":"https:\/\/kidsplay.lt\/#organization","name":"B\u0113rnu sp\u0113le","url":"https:\/\/kidsplay.lt\/","logo":{"@type":"ImageObject","inLanguage":"lv-LV","@id":"https:\/\/kidsplay.lt\/#\/schema\/logo\/image\/","url":"https:\/\/kidsplay.lt\/wp-content\/uploads\/2023\/07\/kidsplay-logo.png","contentUrl":"https:\/\/kidsplay.lt\/wp-content\/uploads\/2023\/07\/kidsplay-logo.png","width":451,"height":98,"caption":"KidsPlay"},"image":{"@id":"https:\/\/kidsplay.lt\/#\/schema\/logo\/image\/"},"sameAs":["https:\/\/www.facebook.com\/www.kidsplay.lt"]}]}},"_links":{"self":[{"href":"https:\/\/kidsplay.lt\/lv\/wp-json\/wp\/v2\/product\/87572","targetHints":{"allow":["GET"]}}],"collection":[{"href":"https:\/\/kidsplay.lt\/lv\/wp-json\/wp\/v2\/product"}],"about":[{"href":"https:\/\/kidsplay.lt\/lv\/wp-json\/wp\/v2\/types\/product"}],"version-history":[{"count":1,"href":"https:\/\/kidsplay.lt\/lv\/wp-json\/wp\/v2\/product\/87572\/revisions"}],"predecessor-version":[{"id":87573,"href":"https:\/\/kidsplay.lt\/lv\/wp-json\/wp\/v2\/product\/87572\/revisions\/87573"}],"wp:featuredmedia":[{"embeddable":true,"href":"https:\/\/kidsplay.lt\/lv\/wp-json\/wp\/v2\/media\/75139"}],"wp:attachment":[{"href":"https:\/\/kidsplay.lt\/lv\/wp-json\/wp\/v2\/media?parent=87572"}],"wp:term":[{"taxonomy":"product_brand","embeddable":true,"href":"https:\/\/kidsplay.lt\/lv\/wp-json\/wp\/v2\/product_brand?post=87572"},{"taxonomy":"product_cat","embeddable":true,"href":"https:\/\/kidsplay.lt\/lv\/wp-json\/wp\/v2\/product_cat?post=87572"},{"taxonomy":"product_tag","embeddable":true,"href":"https:\/\/kidsplay.lt\/lv\/wp-json\/wp\/v2\/product_tag?post=87572"}],"curies":[{"name":"wp","href":"https:\/\/api.w.org\/{rel}","templated":true}]}}