{"id":87622,"date":"2026-02-24T20:35:13","date_gmt":"2026-02-24T18:35:13","guid":{"rendered":"https:\/\/kidsplay.lt\/produktas\/viga-polarb-mediniai-leliu-namu-baldai-vonios-kambarys\/"},"modified":"2026-04-13T14:30:25","modified_gmt":"2026-04-13T11:30:25","slug":"viga-polarb-mediniai-leliu-namu-baldai-vonios-kambarys","status":"publish","type":"product","link":"https:\/\/kidsplay.lt\/lv\/products\/viga-polarb-mediniai-leliu-namu-baldai-vonios-kambarys\/","title":{"rendered":"VIGA PolarB koka le\u013c\u013cu nami\u0146a m\u0113beles \u2013 vannas istabai"},"content":{"rendered":"<p>VIGA l\u0117li\u0173 nam\u0173 bald\u0173 serija \u2014 tai puikus pasirinkimas vaikams, kurie m\u0117gsta kurti savo pasaul\u012f, statyti namus ir dekoruoti juos pagal savo fantazij\u0105. \u0160is vonios kambario rinkinys yra vienas i\u0161 penki\u0173 kolekcijos komplekt\u0173, leid\u017eiantis vaikui susikurti unikal\u0173 l\u0117li\u0173 nam\u0105 ir laisvai komponuoti skirtingas erdves.<\/p>\n<p>Rinkinys pagamintas i\u0161 auk\u0161tos kokyb\u0117s med\u017eio, pasi\u017eymi \u0161velnia pastelini\u0173 spalv\u0173 palete ir kruop\u0161\u010diai apdirbtomis detal\u0117mis. Tai \u017eaislas, kuris ne tik d\u017eiugina ak\u012f, bet ir skatina k\u016brybi\u0161kum\u0105, vaidmen\u0173 \u017eaidimus bei socialini\u0173 \u012fg\u016bd\u017ei\u0173 vystym\u0105si.<\/p>\n<p>Raksturojums<\/p>\n<p> \tKomplekt\u0101 ietilpst:<\/p>\n<p> \tdu\u0161as<br \/>\n \ttualetas<br \/>\n \tradiatorius<br \/>\n \tspintel\u0117<br \/>\n \tkilim\u0117lis<br \/>\n \tvonia<br \/>\n \tpraustuvas<\/p>\n<p> \tGalima papildomai \u012fsigyti kitus serijos komplektus: miegamasis, vaik\u0173 kambarys, svetain\u0117, virtuv\u0117<br \/>\n \tPagaminta i\u0161 auk\u0161tos kokyb\u0117s, tvirto med\u017eio<br \/>\n \tKruop\u0161\u010diai i\u0161dirbtos detal\u0117s<br \/>\n \tDa\u017eyta netoksi\u0161kais, vaikams saugiais da\u017eais<br \/>\n \t\u0160velni, rami spalv\u0173 palet\u0117<\/p>\n<p>Bald\u0173 i\u0161matavimai<\/p>\n<p> \tPraustuvas: 3 \u00d7 3 \u00d7 6 cm<br \/>\n \tSpintel\u0117: 2 \u00d7 3 \u00d7 2,8 cm<br \/>\n \tDu\u0161as: 4 \u00d7 4,5 \u00d7 7,22 cm<\/p>\n<p>Rota\u013clietu lav\u012bna<\/p>\n<p> \tvaizduot\u0119<br \/>\n \tk\u016brybi\u0161kum\u0105<br \/>\n \tlogin\u012f m\u0105stym\u0105<br \/>\n \tkomunikacij\u0105 ir socialinius \u012fg\u016bd\u017eius<br \/>\n \tsmulki\u0105j\u0105 motorik\u0105<br \/>\n \tvaidmen\u0173 \u017eaidimo geb\u0117jimus<\/p>","protected":false},"excerpt":{"rendered":"<p>VIGA l\u0117li\u0173 nam\u0173 bald\u0173 serija \u2014 tai puikus pasirinkimas vaikams, kurie m\u0117gsta kurti savo pasaul\u012f, statyti namus ir dekoruoti juos<\/p>","protected":false},"featured_media":55917,"template":"","meta":{"_acf_changed":false,"_glsr_average":0,"_glsr_ranking":0,"_glsr_reviews":0},"product_brand":[],"product_cat":[443,229],"product_tag":[],"class_list":{"0":"post-87622","1":"product","2":"type-product","3":"status-publish","4":"has-post-thumbnail","6":"product_cat-leles-ir-priedai","7":"product_cat-zaislai-vaikams","8":"\"style=\"background-color: #2ecc711c;\"","10":"first","11":"instock","12":"purchasable","13":"product-type-simple"},"acf":[],"yoast_head":"<!-- This site is optimized with the Yoast SEO plugin v27.3 - https:\/\/yoast.com\/product\/yoast-seo-wordpress\/ -->\n<title>VIGA PolarB Mediniai L\u0117li\u0173 Nam\u0173 Baldai \u2013 Vonios Kambarys<\/title>\n<meta name=\"description\" content=\"VIGA PolarB Mediniai L\u0117li\u0173 Nam\u0173 Baldai \u2013 Vonios Kambarys - KidsPlay. Did\u017eiausias vaik\u0173 \u017eaisl\u0173 pasirinkimas.\" \/>\n<meta name=\"robots\" content=\"index, follow, max-snippet:-1, max-image-preview:large, max-video-preview:-1\" \/>\n<link rel=\"canonical\" href=\"https:\/\/kidsplay.lt\/lv\/products\/viga-polarb-mediniai-leliu-namu-baldai-vonios-kambarys\/\" \/>\n<meta property=\"og:locale\" content=\"lv_LV\" \/>\n<meta property=\"og:type\" content=\"article\" \/>\n<meta property=\"og:title\" content=\"VIGA PolarB Mediniai L\u0117li\u0173 Nam\u0173 Baldai \u2013 Vonios Kambarys\" \/>\n<meta property=\"og:description\" content=\"VIGA PolarB Mediniai L\u0117li\u0173 Nam\u0173 Baldai \u2013 Vonios Kambarys - KidsPlay. Did\u017eiausias vaik\u0173 \u017eaisl\u0173 pasirinkimas.\" \/>\n<meta property=\"og:url\" content=\"https:\/\/kidsplay.lt\/lv\/products\/viga-polarb-mediniai-leliu-namu-baldai-vonios-kambarys\/\" \/>\n<meta property=\"og:site_name\" content=\"KidsPlay\" \/>\n<meta property=\"article:publisher\" content=\"https:\/\/www.facebook.com\/www.kidsplay.lt\" \/>\n<meta property=\"article:modified_time\" content=\"2026-04-13T11:30:25+00:00\" \/>\n<meta property=\"og:image\" content=\"https:\/\/kidsplay.lt\/wp-content\/uploads\/2024\/09\/Baldu-komplektas-leliu-nameliui-vonios-kambariui.jpg\" \/>\n\t<meta property=\"og:image:width\" content=\"2279\" \/>\n\t<meta property=\"og:image:height\" content=\"2279\" \/>\n\t<meta property=\"og:image:type\" content=\"image\/jpeg\" \/>\n<meta name=\"twitter:card\" content=\"summary_large_image\" \/>\n<meta name=\"twitter:label1\" content=\"Est. reading time\" \/>\n\t<meta name=\"twitter:data1\" content=\"1 min\u016bte\" \/>\n<script type=\"application\/ld+json\" class=\"yoast-schema-graph\">{\"@context\":\"https:\\\/\\\/schema.org\",\"@graph\":[{\"@type\":\"WebPage\",\"@id\":\"https:\\\/\\\/kidsplay.lt\\\/produktas\\\/viga-polarb-mediniai-leliu-namu-baldai-vonios-kambarys\\\/\",\"url\":\"https:\\\/\\\/kidsplay.lt\\\/produktas\\\/viga-polarb-mediniai-leliu-namu-baldai-vonios-kambarys\\\/\",\"name\":\"VIGA PolarB Mediniai L\u0117li\u0173 Nam\u0173 Baldai \u2013 Vonios Kambarys\",\"isPartOf\":{\"@id\":\"https:\\\/\\\/kidsplay.lt\\\/#website\"},\"primaryImageOfPage\":{\"@id\":\"https:\\\/\\\/kidsplay.lt\\\/produktas\\\/viga-polarb-mediniai-leliu-namu-baldai-vonios-kambarys\\\/#primaryimage\"},\"image\":{\"@id\":\"https:\\\/\\\/kidsplay.lt\\\/produktas\\\/viga-polarb-mediniai-leliu-namu-baldai-vonios-kambarys\\\/#primaryimage\"},\"thumbnailUrl\":\"https:\\\/\\\/kidsplay.lt\\\/wp-content\\\/uploads\\\/2024\\\/09\\\/Baldu-komplektas-leliu-nameliui-vonios-kambariui.jpg\",\"datePublished\":\"2026-02-24T18:35:13+00:00\",\"dateModified\":\"2026-04-13T11:30:25+00:00\",\"description\":\"VIGA PolarB Mediniai L\u0117li\u0173 Nam\u0173 Baldai \u2013 Vonios Kambarys - KidsPlay. Did\u017eiausias vaik\u0173 \u017eaisl\u0173 pasirinkimas.\",\"breadcrumb\":{\"@id\":\"https:\\\/\\\/kidsplay.lt\\\/produktas\\\/viga-polarb-mediniai-leliu-namu-baldai-vonios-kambarys\\\/#breadcrumb\"},\"inLanguage\":\"lv-LV\",\"potentialAction\":[{\"@type\":\"ReadAction\",\"target\":[\"https:\\\/\\\/kidsplay.lt\\\/produktas\\\/viga-polarb-mediniai-leliu-namu-baldai-vonios-kambarys\\\/\"]}]},{\"@type\":\"ImageObject\",\"inLanguage\":\"lv-LV\",\"@id\":\"https:\\\/\\\/kidsplay.lt\\\/produktas\\\/viga-polarb-mediniai-leliu-namu-baldai-vonios-kambarys\\\/#primaryimage\",\"url\":\"https:\\\/\\\/kidsplay.lt\\\/wp-content\\\/uploads\\\/2024\\\/09\\\/Baldu-komplektas-leliu-nameliui-vonios-kambariui.jpg\",\"contentUrl\":\"https:\\\/\\\/kidsplay.lt\\\/wp-content\\\/uploads\\\/2024\\\/09\\\/Baldu-komplektas-leliu-nameliui-vonios-kambariui.jpg\",\"width\":2279,\"height\":2279,\"caption\":\"VIGA PolarB Mediniai L\u0117li\u0173 Nam\u0173 Baldai \u2013 Vonios Kambarys\"},{\"@type\":\"BreadcrumbList\",\"@id\":\"https:\\\/\\\/kidsplay.lt\\\/produktas\\\/viga-polarb-mediniai-leliu-namu-baldai-vonios-kambarys\\\/#breadcrumb\",\"itemListElement\":[{\"@type\":\"ListItem\",\"position\":1,\"name\":\"Pagrindinis\",\"item\":\"https:\\\/\\\/kidsplay.lt\\\/\"},{\"@type\":\"ListItem\",\"position\":2,\"name\":\"Parduotuv\u0117\",\"item\":\"https:\\\/\\\/kidsplay.lt\\\/parduotuve\\\/\"},{\"@type\":\"ListItem\",\"position\":3,\"name\":\"VIGA PolarB Mediniai L\u0117li\u0173 Nam\u0173 Baldai \u2013 Vonios Kambarys\"}]},{\"@type\":\"WebSite\",\"@id\":\"https:\\\/\\\/kidsplay.lt\\\/#website\",\"url\":\"https:\\\/\\\/kidsplay.lt\\\/\",\"name\":\"Kidsplay.lt\",\"description\":\"\u012evairios prek\u0117s vaikams\",\"publisher\":{\"@id\":\"https:\\\/\\\/kidsplay.lt\\\/#organization\"},\"alternateName\":\"Kidsplay\",\"potentialAction\":[{\"@type\":\"SearchAction\",\"target\":{\"@type\":\"EntryPoint\",\"urlTemplate\":\"https:\\\/\\\/kidsplay.lt\\\/?s={search_term_string}\"},\"query-input\":{\"@type\":\"PropertyValueSpecification\",\"valueRequired\":true,\"valueName\":\"search_term_string\"}}],\"inLanguage\":\"lv-LV\"},{\"@type\":\"Organization\",\"@id\":\"https:\\\/\\\/kidsplay.lt\\\/#organization\",\"name\":\"KidsPlay\",\"url\":\"https:\\\/\\\/kidsplay.lt\\\/\",\"logo\":{\"@type\":\"ImageObject\",\"inLanguage\":\"lv-LV\",\"@id\":\"https:\\\/\\\/kidsplay.lt\\\/#\\\/schema\\\/logo\\\/image\\\/\",\"url\":\"https:\\\/\\\/kidsplay.lt\\\/wp-content\\\/uploads\\\/2023\\\/07\\\/kidsplay-logo.png\",\"contentUrl\":\"https:\\\/\\\/kidsplay.lt\\\/wp-content\\\/uploads\\\/2023\\\/07\\\/kidsplay-logo.png\",\"width\":451,\"height\":98,\"caption\":\"KidsPlay\"},\"image\":{\"@id\":\"https:\\\/\\\/kidsplay.lt\\\/#\\\/schema\\\/logo\\\/image\\\/\"},\"sameAs\":[\"https:\\\/\\\/www.facebook.com\\\/www.kidsplay.lt\"]}]}<\/script>\n<!-- \/ Yoast SEO plugin. -->","yoast_head_json":{"title":"VIGA PolarB koka le\u013c\u013cu nami\u0146a m\u0113beles \u2013 vannas istabai","description":"VIGA PolarB Mediniai L\u0117li\u0173 Nam\u0173 Baldai \u2013 Vonios Kambarys - KidsPlay. Did\u017eiausias vaik\u0173 \u017eaisl\u0173 pasirinkimas.","robots":{"index":"index","follow":"follow","max-snippet":"max-snippet:-1","max-image-preview":"max-image-preview:large","max-video-preview":"max-video-preview:-1"},"canonical":"https:\/\/kidsplay.lt\/lv\/products\/viga-polarb-mediniai-leliu-namu-baldai-vonios-kambarys\/","og_locale":"lv_LV","og_type":"article","og_title":"VIGA PolarB Mediniai L\u0117li\u0173 Nam\u0173 Baldai \u2013 Vonios Kambarys","og_description":"VIGA PolarB Mediniai L\u0117li\u0173 Nam\u0173 Baldai \u2013 Vonios Kambarys - KidsPlay. Did\u017eiausias vaik\u0173 \u017eaisl\u0173 pasirinkimas.","og_url":"https:\/\/kidsplay.lt\/lv\/products\/viga-polarb-mediniai-leliu-namu-baldai-vonios-kambarys\/","og_site_name":"KidsPlay","article_publisher":"https:\/\/www.facebook.com\/www.kidsplay.lt","article_modified_time":"2026-04-13T11:30:25+00:00","og_image":[{"width":2279,"height":2279,"url":"https:\/\/kidsplay.lt\/wp-content\/uploads\/2024\/09\/Baldu-komplektas-leliu-nameliui-vonios-kambariui.jpg","type":"image\/jpeg"}],"twitter_card":"summary_large_image","twitter_misc":{"Est. reading time":"1 min\u016bte"},"schema":{"@context":"https:\/\/schema.org","@graph":[{"@type":"WebPage","@id":"https:\/\/kidsplay.lt\/produktas\/viga-polarb-mediniai-leliu-namu-baldai-vonios-kambarys\/","url":"https:\/\/kidsplay.lt\/produktas\/viga-polarb-mediniai-leliu-namu-baldai-vonios-kambarys\/","name":"VIGA PolarB koka le\u013c\u013cu nami\u0146a m\u0113beles \u2013 vannas istabai","isPartOf":{"@id":"https:\/\/kidsplay.lt\/#website"},"primaryImageOfPage":{"@id":"https:\/\/kidsplay.lt\/produktas\/viga-polarb-mediniai-leliu-namu-baldai-vonios-kambarys\/#primaryimage"},"image":{"@id":"https:\/\/kidsplay.lt\/produktas\/viga-polarb-mediniai-leliu-namu-baldai-vonios-kambarys\/#primaryimage"},"thumbnailUrl":"https:\/\/kidsplay.lt\/wp-content\/uploads\/2024\/09\/Baldu-komplektas-leliu-nameliui-vonios-kambariui.jpg","datePublished":"2026-02-24T18:35:13+00:00","dateModified":"2026-04-13T11:30:25+00:00","description":"VIGA PolarB Mediniai L\u0117li\u0173 Nam\u0173 Baldai \u2013 Vonios Kambarys - KidsPlay. Did\u017eiausias vaik\u0173 \u017eaisl\u0173 pasirinkimas.","breadcrumb":{"@id":"https:\/\/kidsplay.lt\/produktas\/viga-polarb-mediniai-leliu-namu-baldai-vonios-kambarys\/#breadcrumb"},"inLanguage":"lv-LV","potentialAction":[{"@type":"ReadAction","target":["https:\/\/kidsplay.lt\/produktas\/viga-polarb-mediniai-leliu-namu-baldai-vonios-kambarys\/"]}]},{"@type":"ImageObject","inLanguage":"lv-LV","@id":"https:\/\/kidsplay.lt\/produktas\/viga-polarb-mediniai-leliu-namu-baldai-vonios-kambarys\/#primaryimage","url":"https:\/\/kidsplay.lt\/wp-content\/uploads\/2024\/09\/Baldu-komplektas-leliu-nameliui-vonios-kambariui.jpg","contentUrl":"https:\/\/kidsplay.lt\/wp-content\/uploads\/2024\/09\/Baldu-komplektas-leliu-nameliui-vonios-kambariui.jpg","width":2279,"height":2279,"caption":"VIGA PolarB Mediniai L\u0117li\u0173 Nam\u0173 Baldai \u2013 Vonios Kambarys"},{"@type":"BreadcrumbList","@id":"https:\/\/kidsplay.lt\/produktas\/viga-polarb-mediniai-leliu-namu-baldai-vonios-kambarys\/#breadcrumb","itemListElement":[{"@type":"ListItem","position":1,"name":"Pagrindinis","item":"https:\/\/kidsplay.lt\/"},{"@type":"ListItem","position":2,"name":"Parduotuv\u0117","item":"https:\/\/kidsplay.lt\/parduotuve\/"},{"@type":"ListItem","position":3,"name":"VIGA PolarB Mediniai L\u0117li\u0173 Nam\u0173 Baldai \u2013 Vonios Kambarys"}]},{"@type":"WebSite","@id":"https:\/\/kidsplay.lt\/#website","url":"https:\/\/kidsplay.lt\/","name":"B\u0113rnu sp\u0113les.lv","description":"\u012evairios prek\u0117s vaikams","publisher":{"@id":"https:\/\/kidsplay.lt\/#organization"},"alternateName":"Kidsplay","potentialAction":[{"@type":"SearchAction","target":{"@type":"EntryPoint","urlTemplate":"https:\/\/kidsplay.lt\/?s={search_term_string}"},"query-input":{"@type":"PropertyValueSpecification","valueRequired":true,"valueName":"search_term_string"}}],"inLanguage":"lv-LV"},{"@type":"Organization","@id":"https:\/\/kidsplay.lt\/#organization","name":"B\u0113rnu sp\u0113le","url":"https:\/\/kidsplay.lt\/","logo":{"@type":"ImageObject","inLanguage":"lv-LV","@id":"https:\/\/kidsplay.lt\/#\/schema\/logo\/image\/","url":"https:\/\/kidsplay.lt\/wp-content\/uploads\/2023\/07\/kidsplay-logo.png","contentUrl":"https:\/\/kidsplay.lt\/wp-content\/uploads\/2023\/07\/kidsplay-logo.png","width":451,"height":98,"caption":"KidsPlay"},"image":{"@id":"https:\/\/kidsplay.lt\/#\/schema\/logo\/image\/"},"sameAs":["https:\/\/www.facebook.com\/www.kidsplay.lt"]}]}},"_links":{"self":[{"href":"https:\/\/kidsplay.lt\/lv\/wp-json\/wp\/v2\/product\/87622","targetHints":{"allow":["GET"]}}],"collection":[{"href":"https:\/\/kidsplay.lt\/lv\/wp-json\/wp\/v2\/product"}],"about":[{"href":"https:\/\/kidsplay.lt\/lv\/wp-json\/wp\/v2\/types\/product"}],"version-history":[{"count":1,"href":"https:\/\/kidsplay.lt\/lv\/wp-json\/wp\/v2\/product\/87622\/revisions"}],"predecessor-version":[{"id":87623,"href":"https:\/\/kidsplay.lt\/lv\/wp-json\/wp\/v2\/product\/87622\/revisions\/87623"}],"wp:featuredmedia":[{"embeddable":true,"href":"https:\/\/kidsplay.lt\/lv\/wp-json\/wp\/v2\/media\/55917"}],"wp:attachment":[{"href":"https:\/\/kidsplay.lt\/lv\/wp-json\/wp\/v2\/media?parent=87622"}],"wp:term":[{"taxonomy":"product_brand","embeddable":true,"href":"https:\/\/kidsplay.lt\/lv\/wp-json\/wp\/v2\/product_brand?post=87622"},{"taxonomy":"product_cat","embeddable":true,"href":"https:\/\/kidsplay.lt\/lv\/wp-json\/wp\/v2\/product_cat?post=87622"},{"taxonomy":"product_tag","embeddable":true,"href":"https:\/\/kidsplay.lt\/lv\/wp-json\/wp\/v2\/product_tag?post=87622"}],"curies":[{"name":"wp","href":"https:\/\/api.w.org\/{rel}","templated":true}]}}