{"id":87624,"date":"2026-02-24T20:35:20","date_gmt":"2026-02-24T18:35:20","guid":{"rendered":"https:\/\/kidsplay.lt\/produktas\/masterkidz-edukacine-sviecianti-saules-sistemos-lenta\/"},"modified":"2026-04-07T10:10:03","modified_gmt":"2026-04-07T07:10:03","slug":"masterkidz-edukacine-sviecianti-saules-sistemos-lenta","status":"publish","type":"product","link":"https:\/\/kidsplay.lt\/lv\/products\/masterkidz-edukacine-sviecianti-saules-sistemos-lenta\/","title":{"rendered":"MASTERKIDZ Edukacin\u0117 \u0160vie\u010dianti Saul\u0117s Sistemos Lenta"},"content":{"rendered":"<p>Masterkidz edukacin\u0117 Saul\u0117s sistemos lenta leid\u017eia vaikams atrasti kosmos\u0105 per interaktyvi\u0105, \u012ftraukian\u010di\u0105 veikl\u0105. Tai dalis modulini\u0173 edukacini\u0173 lent\u0173 sistemos \u2014 jas galima lengvai keisti specialiose sienin\u0117se r\u0117mel\u0117se arba naudoti atskirai ant stalo ar grind\u0173.<\/p>\n<p>Lenta supa\u017eindina vaikus su pagrindin\u0117mis kosmoso s\u0105vokomis: planet\u0173 orbita, \u017dem\u0117s, Saul\u0117s ir M\u0117nulio ry\u0161iu, planet\u0173 i\u0161sid\u0117stymu ir dyd\u017ei\u0173 skirtumais. Paspaudus bet kuri\u0105 planet\u0105 apa\u010dioje, ji u\u017esidega lentos centre \u2014 taip vaikas i\u0161kart supranta, kur ji yra Saul\u0117s sistemoje.<\/p>\n<p>Palietus \u017dem\u0119, \u012fsijungia animuotas \u0161viesos efektas, rodantis \u017dem\u0117s jud\u0117jim\u0105 aplink Saul\u0119 ir M\u0117nulio jud\u0117jim\u0105 aplink \u017dem\u0119. Tai vizualiai ai\u0161kus ir vaikams labai suprantamas b\u016bdas suvokti orbitas.<\/p>\n<p>Raksturojums<\/p>\n<p> \tGalima naudoti su sieniniais r\u0117meliais arba be j\u0173<br \/>\n \tTinka naudoti ant stalo, grind\u0173 ar edukacin\u0117je sienel\u0117je<br \/>\n \tSupa\u017eindina su:<\/p>\n<p> \tkosmoso s\u0105vokomis<br \/>\n \tplanet\u0173 orbitomis<br \/>\n \t\u017dem\u0117s, Saul\u0117s ir M\u0117nulio tarpusavio ry\u0161iu<\/p>\n<p> \tVaikas su\u017eino 8 planet\u0173 pavadinimus (angl\u0173 kalba), j\u0173 dyd\u017eius ir atstumus nuo Saul\u0117s<br \/>\n \t\u0160viesos efektai demonstruoja orbitas ir planet\u0173 pad\u0117tis<br \/>\n \tPaspaudus planet\u0105 apa\u010dioje, ji u\u017esidega lentos centre<br \/>\n \tReikalingos baterijos<\/p>\n<p>Rota\u013clietu lav\u012bna<\/p>\n<p> \tsmulki\u0105j\u0105 motorik\u0105<br \/>\n \tsensorik\u0105<br \/>\n \trank\u0173\u2013aki\u0173 koordinacij\u0105<br \/>\n \tkoncentracij\u0105<br \/>\n \tvaizduot\u0119<br \/>\n \tsmalsum\u0105 ir nor\u0105 tyrin\u0117ti<\/p>","protected":false},"excerpt":{"rendered":"<p>Masterkidz edukacin\u0117 Saul\u0117s sistemos lenta leid\u017eia vaikams atrasti kosmos\u0105 per interaktyvi\u0105, \u012ftraukian\u010di\u0105 veikl\u0105. Tai dalis modulini\u0173 edukacini\u0173 lent\u0173 sistemos \u2014<\/p>","protected":false},"featured_media":87626,"template":"","meta":{"_acf_changed":false,"_glsr_average":0,"_glsr_ranking":0,"_glsr_reviews":0},"product_brand":[],"product_cat":[673,229],"product_tag":[],"class_list":{"0":"post-87624","1":"product","2":"type-product","3":"status-publish","4":"has-post-thumbnail","6":"product_cat-ugdomosios-priemones","7":"product_cat-zaislai-vaikams","8":"\"style=\"background-color: #2ecc711c;\"","10":"first","11":"instock","12":"purchasable","13":"product-type-simple"},"acf":[],"yoast_head":"<!-- This site is optimized with the Yoast SEO plugin v27.3 - https:\/\/yoast.com\/product\/yoast-seo-wordpress\/ -->\n<title>MASTERKIDZ Edukacin\u0117 \u0160vie\u010dianti Saul\u0117s Sistemos Lenta<\/title>\n<meta name=\"description\" content=\"MASTERKIDZ Edukacin\u0117 \u0160vie\u010dianti Saul\u0117s Sistemos Lenta - KidsPlay. Did\u017eiausias vaik\u0173 \u017eaisl\u0173 pasirinkimas.\" \/>\n<meta name=\"robots\" content=\"index, follow, max-snippet:-1, max-image-preview:large, max-video-preview:-1\" \/>\n<link rel=\"canonical\" href=\"https:\/\/kidsplay.lt\/lv\/products\/masterkidz-edukacine-sviecianti-saules-sistemos-lenta\/\" \/>\n<meta property=\"og:locale\" content=\"lv_LV\" \/>\n<meta property=\"og:type\" content=\"article\" \/>\n<meta property=\"og:title\" content=\"MASTERKIDZ Edukacin\u0117 \u0160vie\u010dianti Saul\u0117s Sistemos Lenta\" \/>\n<meta property=\"og:description\" content=\"MASTERKIDZ Edukacin\u0117 \u0160vie\u010dianti Saul\u0117s Sistemos Lenta - KidsPlay. Did\u017eiausias vaik\u0173 \u017eaisl\u0173 pasirinkimas.\" \/>\n<meta property=\"og:url\" content=\"https:\/\/kidsplay.lt\/lv\/products\/masterkidz-edukacine-sviecianti-saules-sistemos-lenta\/\" \/>\n<meta property=\"og:site_name\" content=\"KidsPlay\" \/>\n<meta property=\"article:publisher\" content=\"https:\/\/www.facebook.com\/www.kidsplay.lt\" \/>\n<meta property=\"article:modified_time\" content=\"2026-04-07T07:10:03+00:00\" \/>\n<meta property=\"og:image\" content=\"https:\/\/kidsplay.lt\/wp-content\/uploads\/2026\/02\/MASTERKIDZ-Edukacine-Sviecianti-Saules-Sistemos-Lenta.jpg\" \/>\n\t<meta property=\"og:image:width\" content=\"2560\" \/>\n\t<meta property=\"og:image:height\" content=\"2560\" \/>\n\t<meta property=\"og:image:type\" content=\"image\/jpeg\" \/>\n<meta name=\"twitter:card\" content=\"summary_large_image\" \/>\n<meta name=\"twitter:label1\" content=\"Est. reading time\" \/>\n\t<meta name=\"twitter:data1\" content=\"1 min\u016bte\" \/>\n<script type=\"application\/ld+json\" class=\"yoast-schema-graph\">{\"@context\":\"https:\\\/\\\/schema.org\",\"@graph\":[{\"@type\":\"WebPage\",\"@id\":\"https:\\\/\\\/kidsplay.lt\\\/produktas\\\/masterkidz-edukacine-sviecianti-saules-sistemos-lenta\\\/\",\"url\":\"https:\\\/\\\/kidsplay.lt\\\/produktas\\\/masterkidz-edukacine-sviecianti-saules-sistemos-lenta\\\/\",\"name\":\"MASTERKIDZ Edukacin\u0117 \u0160vie\u010dianti Saul\u0117s Sistemos Lenta\",\"isPartOf\":{\"@id\":\"https:\\\/\\\/kidsplay.lt\\\/#website\"},\"primaryImageOfPage\":{\"@id\":\"https:\\\/\\\/kidsplay.lt\\\/produktas\\\/masterkidz-edukacine-sviecianti-saules-sistemos-lenta\\\/#primaryimage\"},\"image\":{\"@id\":\"https:\\\/\\\/kidsplay.lt\\\/produktas\\\/masterkidz-edukacine-sviecianti-saules-sistemos-lenta\\\/#primaryimage\"},\"thumbnailUrl\":\"https:\\\/\\\/kidsplay.lt\\\/wp-content\\\/uploads\\\/2026\\\/02\\\/MASTERKIDZ-Edukacine-Sviecianti-Saules-Sistemos-Lenta.jpg\",\"datePublished\":\"2026-02-24T18:35:20+00:00\",\"dateModified\":\"2026-04-07T07:10:03+00:00\",\"description\":\"MASTERKIDZ Edukacin\u0117 \u0160vie\u010dianti Saul\u0117s Sistemos Lenta - KidsPlay. Did\u017eiausias vaik\u0173 \u017eaisl\u0173 pasirinkimas.\",\"breadcrumb\":{\"@id\":\"https:\\\/\\\/kidsplay.lt\\\/produktas\\\/masterkidz-edukacine-sviecianti-saules-sistemos-lenta\\\/#breadcrumb\"},\"inLanguage\":\"lv-LV\",\"potentialAction\":[{\"@type\":\"ReadAction\",\"target\":[\"https:\\\/\\\/kidsplay.lt\\\/produktas\\\/masterkidz-edukacine-sviecianti-saules-sistemos-lenta\\\/\"]}]},{\"@type\":\"ImageObject\",\"inLanguage\":\"lv-LV\",\"@id\":\"https:\\\/\\\/kidsplay.lt\\\/produktas\\\/masterkidz-edukacine-sviecianti-saules-sistemos-lenta\\\/#primaryimage\",\"url\":\"https:\\\/\\\/kidsplay.lt\\\/wp-content\\\/uploads\\\/2026\\\/02\\\/MASTERKIDZ-Edukacine-Sviecianti-Saules-Sistemos-Lenta.jpg\",\"contentUrl\":\"https:\\\/\\\/kidsplay.lt\\\/wp-content\\\/uploads\\\/2026\\\/02\\\/MASTERKIDZ-Edukacine-Sviecianti-Saules-Sistemos-Lenta.jpg\",\"width\":2560,\"height\":2560,\"caption\":\"MASTERKIDZ Edukacin\u0117 \u0160vie\u010dianti Saul\u0117s Sistemos Lenta\"},{\"@type\":\"BreadcrumbList\",\"@id\":\"https:\\\/\\\/kidsplay.lt\\\/produktas\\\/masterkidz-edukacine-sviecianti-saules-sistemos-lenta\\\/#breadcrumb\",\"itemListElement\":[{\"@type\":\"ListItem\",\"position\":1,\"name\":\"Pagrindinis\",\"item\":\"https:\\\/\\\/kidsplay.lt\\\/\"},{\"@type\":\"ListItem\",\"position\":2,\"name\":\"Parduotuv\u0117\",\"item\":\"https:\\\/\\\/kidsplay.lt\\\/parduotuve\\\/\"},{\"@type\":\"ListItem\",\"position\":3,\"name\":\"MASTERKIDZ Edukacin\u0117 \u0160vie\u010dianti Saul\u0117s Sistemos Lenta\"}]},{\"@type\":\"WebSite\",\"@id\":\"https:\\\/\\\/kidsplay.lt\\\/#website\",\"url\":\"https:\\\/\\\/kidsplay.lt\\\/\",\"name\":\"Kidsplay.lt\",\"description\":\"\u012evairios prek\u0117s vaikams\",\"publisher\":{\"@id\":\"https:\\\/\\\/kidsplay.lt\\\/#organization\"},\"alternateName\":\"Kidsplay\",\"potentialAction\":[{\"@type\":\"SearchAction\",\"target\":{\"@type\":\"EntryPoint\",\"urlTemplate\":\"https:\\\/\\\/kidsplay.lt\\\/?s={search_term_string}\"},\"query-input\":{\"@type\":\"PropertyValueSpecification\",\"valueRequired\":true,\"valueName\":\"search_term_string\"}}],\"inLanguage\":\"lv-LV\"},{\"@type\":\"Organization\",\"@id\":\"https:\\\/\\\/kidsplay.lt\\\/#organization\",\"name\":\"KidsPlay\",\"url\":\"https:\\\/\\\/kidsplay.lt\\\/\",\"logo\":{\"@type\":\"ImageObject\",\"inLanguage\":\"lv-LV\",\"@id\":\"https:\\\/\\\/kidsplay.lt\\\/#\\\/schema\\\/logo\\\/image\\\/\",\"url\":\"https:\\\/\\\/kidsplay.lt\\\/wp-content\\\/uploads\\\/2023\\\/07\\\/kidsplay-logo.png\",\"contentUrl\":\"https:\\\/\\\/kidsplay.lt\\\/wp-content\\\/uploads\\\/2023\\\/07\\\/kidsplay-logo.png\",\"width\":451,\"height\":98,\"caption\":\"KidsPlay\"},\"image\":{\"@id\":\"https:\\\/\\\/kidsplay.lt\\\/#\\\/schema\\\/logo\\\/image\\\/\"},\"sameAs\":[\"https:\\\/\\\/www.facebook.com\\\/www.kidsplay.lt\"]}]}<\/script>\n<!-- \/ Yoast SEO plugin. -->","yoast_head_json":{"title":"MASTERKIDZ Edukacin\u0117 \u0160vie\u010dianti Saul\u0117s Sistemos Lenta","description":"MASTERKIDZ Edukacin\u0117 \u0160vie\u010dianti Saul\u0117s Sistemos Lenta - KidsPlay. Did\u017eiausias vaik\u0173 \u017eaisl\u0173 pasirinkimas.","robots":{"index":"index","follow":"follow","max-snippet":"max-snippet:-1","max-image-preview":"max-image-preview:large","max-video-preview":"max-video-preview:-1"},"canonical":"https:\/\/kidsplay.lt\/lv\/products\/masterkidz-edukacine-sviecianti-saules-sistemos-lenta\/","og_locale":"lv_LV","og_type":"article","og_title":"MASTERKIDZ Edukacin\u0117 \u0160vie\u010dianti Saul\u0117s Sistemos Lenta","og_description":"MASTERKIDZ Edukacin\u0117 \u0160vie\u010dianti Saul\u0117s Sistemos Lenta - KidsPlay. Did\u017eiausias vaik\u0173 \u017eaisl\u0173 pasirinkimas.","og_url":"https:\/\/kidsplay.lt\/lv\/products\/masterkidz-edukacine-sviecianti-saules-sistemos-lenta\/","og_site_name":"KidsPlay","article_publisher":"https:\/\/www.facebook.com\/www.kidsplay.lt","article_modified_time":"2026-04-07T07:10:03+00:00","og_image":[{"width":2560,"height":2560,"url":"https:\/\/kidsplay.lt\/wp-content\/uploads\/2026\/02\/MASTERKIDZ-Edukacine-Sviecianti-Saules-Sistemos-Lenta.jpg","type":"image\/jpeg"}],"twitter_card":"summary_large_image","twitter_misc":{"Est. reading time":"1 min\u016bte"},"schema":{"@context":"https:\/\/schema.org","@graph":[{"@type":"WebPage","@id":"https:\/\/kidsplay.lt\/produktas\/masterkidz-edukacine-sviecianti-saules-sistemos-lenta\/","url":"https:\/\/kidsplay.lt\/produktas\/masterkidz-edukacine-sviecianti-saules-sistemos-lenta\/","name":"MASTERKIDZ Edukacin\u0117 \u0160vie\u010dianti Saul\u0117s Sistemos Lenta","isPartOf":{"@id":"https:\/\/kidsplay.lt\/#website"},"primaryImageOfPage":{"@id":"https:\/\/kidsplay.lt\/produktas\/masterkidz-edukacine-sviecianti-saules-sistemos-lenta\/#primaryimage"},"image":{"@id":"https:\/\/kidsplay.lt\/produktas\/masterkidz-edukacine-sviecianti-saules-sistemos-lenta\/#primaryimage"},"thumbnailUrl":"https:\/\/kidsplay.lt\/wp-content\/uploads\/2026\/02\/MASTERKIDZ-Edukacine-Sviecianti-Saules-Sistemos-Lenta.jpg","datePublished":"2026-02-24T18:35:20+00:00","dateModified":"2026-04-07T07:10:03+00:00","description":"MASTERKIDZ Edukacin\u0117 \u0160vie\u010dianti Saul\u0117s Sistemos Lenta - KidsPlay. Did\u017eiausias vaik\u0173 \u017eaisl\u0173 pasirinkimas.","breadcrumb":{"@id":"https:\/\/kidsplay.lt\/produktas\/masterkidz-edukacine-sviecianti-saules-sistemos-lenta\/#breadcrumb"},"inLanguage":"lv-LV","potentialAction":[{"@type":"ReadAction","target":["https:\/\/kidsplay.lt\/produktas\/masterkidz-edukacine-sviecianti-saules-sistemos-lenta\/"]}]},{"@type":"ImageObject","inLanguage":"lv-LV","@id":"https:\/\/kidsplay.lt\/produktas\/masterkidz-edukacine-sviecianti-saules-sistemos-lenta\/#primaryimage","url":"https:\/\/kidsplay.lt\/wp-content\/uploads\/2026\/02\/MASTERKIDZ-Edukacine-Sviecianti-Saules-Sistemos-Lenta.jpg","contentUrl":"https:\/\/kidsplay.lt\/wp-content\/uploads\/2026\/02\/MASTERKIDZ-Edukacine-Sviecianti-Saules-Sistemos-Lenta.jpg","width":2560,"height":2560,"caption":"MASTERKIDZ Edukacin\u0117 \u0160vie\u010dianti Saul\u0117s Sistemos Lenta"},{"@type":"BreadcrumbList","@id":"https:\/\/kidsplay.lt\/produktas\/masterkidz-edukacine-sviecianti-saules-sistemos-lenta\/#breadcrumb","itemListElement":[{"@type":"ListItem","position":1,"name":"Pagrindinis","item":"https:\/\/kidsplay.lt\/"},{"@type":"ListItem","position":2,"name":"Parduotuv\u0117","item":"https:\/\/kidsplay.lt\/parduotuve\/"},{"@type":"ListItem","position":3,"name":"MASTERKIDZ Edukacin\u0117 \u0160vie\u010dianti Saul\u0117s Sistemos Lenta"}]},{"@type":"WebSite","@id":"https:\/\/kidsplay.lt\/#website","url":"https:\/\/kidsplay.lt\/","name":"B\u0113rnu sp\u0113les.lv","description":"\u012evairios prek\u0117s vaikams","publisher":{"@id":"https:\/\/kidsplay.lt\/#organization"},"alternateName":"Kidsplay","potentialAction":[{"@type":"SearchAction","target":{"@type":"EntryPoint","urlTemplate":"https:\/\/kidsplay.lt\/?s={search_term_string}"},"query-input":{"@type":"PropertyValueSpecification","valueRequired":true,"valueName":"search_term_string"}}],"inLanguage":"lv-LV"},{"@type":"Organization","@id":"https:\/\/kidsplay.lt\/#organization","name":"B\u0113rnu sp\u0113le","url":"https:\/\/kidsplay.lt\/","logo":{"@type":"ImageObject","inLanguage":"lv-LV","@id":"https:\/\/kidsplay.lt\/#\/schema\/logo\/image\/","url":"https:\/\/kidsplay.lt\/wp-content\/uploads\/2023\/07\/kidsplay-logo.png","contentUrl":"https:\/\/kidsplay.lt\/wp-content\/uploads\/2023\/07\/kidsplay-logo.png","width":451,"height":98,"caption":"KidsPlay"},"image":{"@id":"https:\/\/kidsplay.lt\/#\/schema\/logo\/image\/"},"sameAs":["https:\/\/www.facebook.com\/www.kidsplay.lt"]}]}},"_links":{"self":[{"href":"https:\/\/kidsplay.lt\/lv\/wp-json\/wp\/v2\/product\/87624","targetHints":{"allow":["GET"]}}],"collection":[{"href":"https:\/\/kidsplay.lt\/lv\/wp-json\/wp\/v2\/product"}],"about":[{"href":"https:\/\/kidsplay.lt\/lv\/wp-json\/wp\/v2\/types\/product"}],"version-history":[{"count":1,"href":"https:\/\/kidsplay.lt\/lv\/wp-json\/wp\/v2\/product\/87624\/revisions"}],"predecessor-version":[{"id":87625,"href":"https:\/\/kidsplay.lt\/lv\/wp-json\/wp\/v2\/product\/87624\/revisions\/87625"}],"wp:featuredmedia":[{"embeddable":true,"href":"https:\/\/kidsplay.lt\/lv\/wp-json\/wp\/v2\/media\/87626"}],"wp:attachment":[{"href":"https:\/\/kidsplay.lt\/lv\/wp-json\/wp\/v2\/media?parent=87624"}],"wp:term":[{"taxonomy":"product_brand","embeddable":true,"href":"https:\/\/kidsplay.lt\/lv\/wp-json\/wp\/v2\/product_brand?post=87624"},{"taxonomy":"product_cat","embeddable":true,"href":"https:\/\/kidsplay.lt\/lv\/wp-json\/wp\/v2\/product_cat?post=87624"},{"taxonomy":"product_tag","embeddable":true,"href":"https:\/\/kidsplay.lt\/lv\/wp-json\/wp\/v2\/product_tag?post=87624"}],"curies":[{"name":"wp","href":"https:\/\/api.w.org\/{rel}","templated":true}]}}