{"id":87681,"date":"2026-02-24T20:40:05","date_gmt":"2026-02-24T18:40:05","guid":{"rendered":"https:\/\/kidsplay.lt\/produktas\/moby-rozinis-skuteris\/"},"modified":"2026-04-20T08:01:59","modified_gmt":"2026-04-20T05:01:59","slug":"moby-rozinis-skuteris","status":"publish","type":"product","link":"https:\/\/kidsplay.lt\/lv\/products\/moby-rozinis-skuteris\/","title":{"rendered":"MOBY roz\u0101 skrejritenis"},"content":{"rendered":"<p>Ro\u017einis Smoby retro stiliaus skuteris \u2013 tai \u017eavingas ir funkcionalus pirmasis vaiko transportas, sukurtas taip, kad lyd\u0117t\u0173 ma\u017eyl\u012f nuo pirm\u0173j\u0173 m\u0117nesi\u0173 iki savaranki\u0161ko va\u017ein\u0117jimo. Jis lavina pusiausvyr\u0105, stiprina raumenis ir suteikia vaikui pasitik\u0117jimo judant savaranki\u0161kai.<\/p>\n<p>Patogi s\u0117dyn\u0117 turi schowek \u017eaislams, o mechaninis raktelio garsas suteikia \u017eaidimui dar daugiau realisti\u0161kumo. Tai puikus pasirinkimas ma\u017eiems keliautojams, m\u0117gstantiems jud\u0117ti ir tyrin\u0117ti.<\/p>\n<p>Raksturojums<\/p>\n<p> \t4\u2011in\u20111 funkcijos:<\/p>\n<p> \tnuo 6 m\u0117n. \u2013 t\u0117v\u0173 stumiamas je\u017adzik<br \/>\n \tnuo 10 m\u0117n. \u2013 chodzik \/ pchacz<br \/>\n \tnuo 12 m\u0117n. \u2013 savaranki\u0161kas je\u017adzik<br \/>\n \tpapildoma funkcija \u2013 transporto priemon\u0117 su saugiu s\u0117d\u0117jimu ir atrama<\/p>\n<p> \tDro\u0161\u012bba:<\/p>\n<p> \tsaugos dir\u017eai<br \/>\n \tt\u0117v\u0173 rankena stumti<\/p>\n<p> \tPapildomos funkcijos:<\/p>\n<p> \telektroninis klaksonas su 3 melodijomis<br \/>\n \tjudan\u010dios akyt\u0117s, kurias valdo vaikas<br \/>\n \tpatogi s\u0117dyn\u0117 su vidiniu schowku<\/p>\n<p> \tMaksimali vaiko mas\u0117: 50 kg<br \/>\n \tPagaminta Pranc\u016bzijoje<\/p>\n<p>Rota\u013clietu lav\u012bna<\/p>\n<p> \tpusiausvyr\u0105 ir koordinacij\u0105<br \/>\n \tkoj\u0173 ir liemens raumen\u0173 stiprum\u0105<br \/>\n \tmotorik\u0105 ir judesi\u0173 kontrole\u0119<br \/>\n \tk\u016brybi\u0161kum\u0105 ir vaidmen\u0173 \u017eaidimus<br \/>\n \tsavaranki\u0161kum\u0105 ir pasitik\u0117jim\u0105 savimi<\/p>","protected":false},"excerpt":{"rendered":"<p>Ro\u017einis Smoby retro stiliaus skuteris \u2013 tai \u017eavingas ir funkcionalus pirmasis vaiko transportas, sukurtas taip, kad lyd\u0117t\u0173 ma\u017eyl\u012f nuo pirm\u0173j\u0173<\/p>","protected":false},"featured_media":87683,"template":"","meta":{"_acf_changed":false,"_glsr_average":0,"_glsr_ranking":0,"_glsr_reviews":0},"product_brand":[],"product_cat":[240,237],"product_tag":[],"class_list":{"0":"post-87681","1":"product","2":"type-product","3":"status-publish","4":"has-post-thumbnail","6":"product_cat-balansiniai-dviratukai","7":"product_cat-judejimo-priemones","8":"\"style=\"background-color: #2ecc711c;\"","10":"first","11":"instock","12":"purchasable","13":"product-type-simple"},"acf":[],"yoast_head":"<!-- This site is optimized with the Yoast SEO plugin v27.4 - https:\/\/yoast.com\/product\/yoast-seo-wordpress\/ -->\n<title>MOBY Ro\u017einis Skuteris<\/title>\n<meta name=\"description\" content=\"MOBY Ro\u017einis Skuteris - KidsPlay. Did\u017eiausias vaik\u0173 \u017eaisl\u0173 pasirinkimas.\" \/>\n<meta name=\"robots\" content=\"index, follow, max-snippet:-1, max-image-preview:large, max-video-preview:-1\" \/>\n<link rel=\"canonical\" href=\"https:\/\/kidsplay.lt\/lv\/products\/moby-rozinis-skuteris\/\" \/>\n<meta property=\"og:locale\" content=\"lv_LV\" \/>\n<meta property=\"og:type\" content=\"article\" \/>\n<meta property=\"og:title\" content=\"MOBY Ro\u017einis Skuteris\" \/>\n<meta property=\"og:description\" content=\"MOBY Ro\u017einis Skuteris - KidsPlay. Did\u017eiausias vaik\u0173 \u017eaisl\u0173 pasirinkimas.\" \/>\n<meta property=\"og:url\" content=\"https:\/\/kidsplay.lt\/lv\/products\/moby-rozinis-skuteris\/\" \/>\n<meta property=\"og:site_name\" content=\"KidsPlay\" \/>\n<meta property=\"article:publisher\" content=\"https:\/\/www.facebook.com\/www.kidsplay.lt\" \/>\n<meta property=\"article:modified_time\" content=\"2026-04-20T05:01:59+00:00\" \/>\n<meta property=\"og:image\" content=\"https:\/\/kidsplay.lt\/wp-content\/uploads\/2026\/02\/MOBY-Rozinis-Skuteris.jpg\" \/>\n\t<meta property=\"og:image:width\" content=\"2560\" \/>\n\t<meta property=\"og:image:height\" content=\"2560\" \/>\n\t<meta property=\"og:image:type\" content=\"image\/jpeg\" \/>\n<meta name=\"twitter:card\" content=\"summary_large_image\" \/>\n<meta name=\"twitter:label1\" content=\"Est. reading time\" \/>\n\t<meta name=\"twitter:data1\" content=\"1 min\u016bte\" \/>\n<script type=\"application\/ld+json\" class=\"yoast-schema-graph\">{\"@context\":\"https:\\\/\\\/schema.org\",\"@graph\":[{\"@type\":\"WebPage\",\"@id\":\"https:\\\/\\\/kidsplay.lt\\\/produktas\\\/moby-rozinis-skuteris\\\/\",\"url\":\"https:\\\/\\\/kidsplay.lt\\\/produktas\\\/moby-rozinis-skuteris\\\/\",\"name\":\"MOBY Ro\u017einis Skuteris\",\"isPartOf\":{\"@id\":\"https:\\\/\\\/kidsplay.lt\\\/#website\"},\"primaryImageOfPage\":{\"@id\":\"https:\\\/\\\/kidsplay.lt\\\/produktas\\\/moby-rozinis-skuteris\\\/#primaryimage\"},\"image\":{\"@id\":\"https:\\\/\\\/kidsplay.lt\\\/produktas\\\/moby-rozinis-skuteris\\\/#primaryimage\"},\"thumbnailUrl\":\"https:\\\/\\\/kidsplay.lt\\\/wp-content\\\/uploads\\\/2026\\\/02\\\/MOBY-Rozinis-Skuteris.jpg\",\"datePublished\":\"2026-02-24T18:40:05+00:00\",\"dateModified\":\"2026-04-20T05:01:59+00:00\",\"description\":\"MOBY Ro\u017einis Skuteris - KidsPlay. Did\u017eiausias vaik\u0173 \u017eaisl\u0173 pasirinkimas.\",\"breadcrumb\":{\"@id\":\"https:\\\/\\\/kidsplay.lt\\\/produktas\\\/moby-rozinis-skuteris\\\/#breadcrumb\"},\"inLanguage\":\"lv-LV\",\"potentialAction\":[{\"@type\":\"ReadAction\",\"target\":[\"https:\\\/\\\/kidsplay.lt\\\/produktas\\\/moby-rozinis-skuteris\\\/\"]}]},{\"@type\":\"ImageObject\",\"inLanguage\":\"lv-LV\",\"@id\":\"https:\\\/\\\/kidsplay.lt\\\/produktas\\\/moby-rozinis-skuteris\\\/#primaryimage\",\"url\":\"https:\\\/\\\/kidsplay.lt\\\/wp-content\\\/uploads\\\/2026\\\/02\\\/MOBY-Rozinis-Skuteris.jpg\",\"contentUrl\":\"https:\\\/\\\/kidsplay.lt\\\/wp-content\\\/uploads\\\/2026\\\/02\\\/MOBY-Rozinis-Skuteris.jpg\",\"width\":2560,\"height\":2560,\"caption\":\"MOBY Ro\u017einis Skuteris\"},{\"@type\":\"BreadcrumbList\",\"@id\":\"https:\\\/\\\/kidsplay.lt\\\/produktas\\\/moby-rozinis-skuteris\\\/#breadcrumb\",\"itemListElement\":[{\"@type\":\"ListItem\",\"position\":1,\"name\":\"Pagrindinis\",\"item\":\"https:\\\/\\\/kidsplay.lt\\\/\"},{\"@type\":\"ListItem\",\"position\":2,\"name\":\"Parduotuv\u0117\",\"item\":\"https:\\\/\\\/kidsplay.lt\\\/parduotuve\\\/\"},{\"@type\":\"ListItem\",\"position\":3,\"name\":\"MOBY Ro\u017einis Skuteris\"}]},{\"@type\":\"WebSite\",\"@id\":\"https:\\\/\\\/kidsplay.lt\\\/#website\",\"url\":\"https:\\\/\\\/kidsplay.lt\\\/\",\"name\":\"Kidsplay.lt\",\"description\":\"\u012evairios prek\u0117s vaikams\",\"publisher\":{\"@id\":\"https:\\\/\\\/kidsplay.lt\\\/#organization\"},\"alternateName\":\"Kidsplay\",\"potentialAction\":[{\"@type\":\"SearchAction\",\"target\":{\"@type\":\"EntryPoint\",\"urlTemplate\":\"https:\\\/\\\/kidsplay.lt\\\/?s={search_term_string}\"},\"query-input\":{\"@type\":\"PropertyValueSpecification\",\"valueRequired\":true,\"valueName\":\"search_term_string\"}}],\"inLanguage\":\"lv-LV\"},{\"@type\":\"Organization\",\"@id\":\"https:\\\/\\\/kidsplay.lt\\\/#organization\",\"name\":\"KidsPlay\",\"url\":\"https:\\\/\\\/kidsplay.lt\\\/\",\"logo\":{\"@type\":\"ImageObject\",\"inLanguage\":\"lv-LV\",\"@id\":\"https:\\\/\\\/kidsplay.lt\\\/#\\\/schema\\\/logo\\\/image\\\/\",\"url\":\"https:\\\/\\\/kidsplay.lt\\\/wp-content\\\/uploads\\\/2023\\\/07\\\/kidsplay-logo.png\",\"contentUrl\":\"https:\\\/\\\/kidsplay.lt\\\/wp-content\\\/uploads\\\/2023\\\/07\\\/kidsplay-logo.png\",\"width\":451,\"height\":98,\"caption\":\"KidsPlay\"},\"image\":{\"@id\":\"https:\\\/\\\/kidsplay.lt\\\/#\\\/schema\\\/logo\\\/image\\\/\"},\"sameAs\":[\"https:\\\/\\\/www.facebook.com\\\/www.kidsplay.lt\"]}]}<\/script>\n<!-- \/ Yoast SEO plugin. -->","yoast_head_json":{"title":"MOBY roz\u0101 skrejritenis","description":"MOBY Ro\u017einis Skuteris - KidsPlay. Did\u017eiausias vaik\u0173 \u017eaisl\u0173 pasirinkimas.","robots":{"index":"index","follow":"follow","max-snippet":"max-snippet:-1","max-image-preview":"max-image-preview:large","max-video-preview":"max-video-preview:-1"},"canonical":"https:\/\/kidsplay.lt\/lv\/products\/moby-rozinis-skuteris\/","og_locale":"lv_LV","og_type":"article","og_title":"MOBY Ro\u017einis Skuteris","og_description":"MOBY Ro\u017einis Skuteris - KidsPlay. Did\u017eiausias vaik\u0173 \u017eaisl\u0173 pasirinkimas.","og_url":"https:\/\/kidsplay.lt\/lv\/products\/moby-rozinis-skuteris\/","og_site_name":"KidsPlay","article_publisher":"https:\/\/www.facebook.com\/www.kidsplay.lt","article_modified_time":"2026-04-20T05:01:59+00:00","og_image":[{"width":2560,"height":2560,"url":"https:\/\/kidsplay.lt\/wp-content\/uploads\/2026\/02\/MOBY-Rozinis-Skuteris.jpg","type":"image\/jpeg"}],"twitter_card":"summary_large_image","twitter_misc":{"Est. reading time":"1 min\u016bte"},"schema":{"@context":"https:\/\/schema.org","@graph":[{"@type":"WebPage","@id":"https:\/\/kidsplay.lt\/produktas\/moby-rozinis-skuteris\/","url":"https:\/\/kidsplay.lt\/produktas\/moby-rozinis-skuteris\/","name":"MOBY roz\u0101 skrejritenis","isPartOf":{"@id":"https:\/\/kidsplay.lt\/#website"},"primaryImageOfPage":{"@id":"https:\/\/kidsplay.lt\/produktas\/moby-rozinis-skuteris\/#primaryimage"},"image":{"@id":"https:\/\/kidsplay.lt\/produktas\/moby-rozinis-skuteris\/#primaryimage"},"thumbnailUrl":"https:\/\/kidsplay.lt\/wp-content\/uploads\/2026\/02\/MOBY-Rozinis-Skuteris.jpg","datePublished":"2026-02-24T18:40:05+00:00","dateModified":"2026-04-20T05:01:59+00:00","description":"MOBY Ro\u017einis Skuteris - KidsPlay. Did\u017eiausias vaik\u0173 \u017eaisl\u0173 pasirinkimas.","breadcrumb":{"@id":"https:\/\/kidsplay.lt\/produktas\/moby-rozinis-skuteris\/#breadcrumb"},"inLanguage":"lv-LV","potentialAction":[{"@type":"ReadAction","target":["https:\/\/kidsplay.lt\/produktas\/moby-rozinis-skuteris\/"]}]},{"@type":"ImageObject","inLanguage":"lv-LV","@id":"https:\/\/kidsplay.lt\/produktas\/moby-rozinis-skuteris\/#primaryimage","url":"https:\/\/kidsplay.lt\/wp-content\/uploads\/2026\/02\/MOBY-Rozinis-Skuteris.jpg","contentUrl":"https:\/\/kidsplay.lt\/wp-content\/uploads\/2026\/02\/MOBY-Rozinis-Skuteris.jpg","width":2560,"height":2560,"caption":"MOBY Ro\u017einis Skuteris"},{"@type":"BreadcrumbList","@id":"https:\/\/kidsplay.lt\/produktas\/moby-rozinis-skuteris\/#breadcrumb","itemListElement":[{"@type":"ListItem","position":1,"name":"Pagrindinis","item":"https:\/\/kidsplay.lt\/"},{"@type":"ListItem","position":2,"name":"Parduotuv\u0117","item":"https:\/\/kidsplay.lt\/parduotuve\/"},{"@type":"ListItem","position":3,"name":"MOBY Ro\u017einis Skuteris"}]},{"@type":"WebSite","@id":"https:\/\/kidsplay.lt\/#website","url":"https:\/\/kidsplay.lt\/","name":"B\u0113rnu sp\u0113les.lv","description":"\u012evairios prek\u0117s vaikams","publisher":{"@id":"https:\/\/kidsplay.lt\/#organization"},"alternateName":"Kidsplay","potentialAction":[{"@type":"SearchAction","target":{"@type":"EntryPoint","urlTemplate":"https:\/\/kidsplay.lt\/?s={search_term_string}"},"query-input":{"@type":"PropertyValueSpecification","valueRequired":true,"valueName":"search_term_string"}}],"inLanguage":"lv-LV"},{"@type":"Organization","@id":"https:\/\/kidsplay.lt\/#organization","name":"B\u0113rnu sp\u0113le","url":"https:\/\/kidsplay.lt\/","logo":{"@type":"ImageObject","inLanguage":"lv-LV","@id":"https:\/\/kidsplay.lt\/#\/schema\/logo\/image\/","url":"https:\/\/kidsplay.lt\/wp-content\/uploads\/2023\/07\/kidsplay-logo.png","contentUrl":"https:\/\/kidsplay.lt\/wp-content\/uploads\/2023\/07\/kidsplay-logo.png","width":451,"height":98,"caption":"KidsPlay"},"image":{"@id":"https:\/\/kidsplay.lt\/#\/schema\/logo\/image\/"},"sameAs":["https:\/\/www.facebook.com\/www.kidsplay.lt"]}]}},"_links":{"self":[{"href":"https:\/\/kidsplay.lt\/lv\/wp-json\/wp\/v2\/product\/87681","targetHints":{"allow":["GET"]}}],"collection":[{"href":"https:\/\/kidsplay.lt\/lv\/wp-json\/wp\/v2\/product"}],"about":[{"href":"https:\/\/kidsplay.lt\/lv\/wp-json\/wp\/v2\/types\/product"}],"version-history":[{"count":1,"href":"https:\/\/kidsplay.lt\/lv\/wp-json\/wp\/v2\/product\/87681\/revisions"}],"predecessor-version":[{"id":87682,"href":"https:\/\/kidsplay.lt\/lv\/wp-json\/wp\/v2\/product\/87681\/revisions\/87682"}],"wp:featuredmedia":[{"embeddable":true,"href":"https:\/\/kidsplay.lt\/lv\/wp-json\/wp\/v2\/media\/87683"}],"wp:attachment":[{"href":"https:\/\/kidsplay.lt\/lv\/wp-json\/wp\/v2\/media?parent=87681"}],"wp:term":[{"taxonomy":"product_brand","embeddable":true,"href":"https:\/\/kidsplay.lt\/lv\/wp-json\/wp\/v2\/product_brand?post=87681"},{"taxonomy":"product_cat","embeddable":true,"href":"https:\/\/kidsplay.lt\/lv\/wp-json\/wp\/v2\/product_cat?post=87681"},{"taxonomy":"product_tag","embeddable":true,"href":"https:\/\/kidsplay.lt\/lv\/wp-json\/wp\/v2\/product_tag?post=87681"}],"curies":[{"name":"wp","href":"https:\/\/api.w.org\/{rel}","templated":true}]}}