{"id":87735,"date":"2026-02-24T20:44:50","date_gmt":"2026-02-24T18:44:50","guid":{"rendered":"https:\/\/kidsplay.lt\/produktas\/rolly-toys-john-deere-sejamoji-2in1\/"},"modified":"2026-03-26T12:29:32","modified_gmt":"2026-03-26T10:29:32","slug":"rolly-toys-john-deere-sejamoji-2in1","status":"publish","type":"product","link":"https:\/\/kidsplay.lt\/lv\/products\/rolly-toys-john-deere-sejamoji-2in1\/","title":{"rendered":"Rolly Toys John Deere s\u0117jamoji 2in1"},"content":{"rendered":"<p>\u0160i Rolly Toys John Deere licencijuota s\u0117jamoji yra puikus priedas ma\u017eajam \u016bkininkui, norin\u010diam atlikti tikrovi\u0161kus darbus lauke. Tai 2\u2011in\u20111 funkcionalus aksesuaras: prijungta prie traktoriuko, ji gali veikti kaip s\u0117jamoji, o \u017eiem\u0105 ar \u017eaid\u017eiant ant slid\u017eios dangos \u2013 kaip sm\u0117lio barstytuvas.<\/p>\n<p>Grandinin\u0117 pavara \u012fsijungia automati\u0161kai, kai priekaba juda, o speciali i\u0161jungimo svirtis leid\u017eia vaikui lengvai sustabdyti barstym\u0105. Nuimamas dangtis suteikia patogumo pripildant ir pri\u017ei\u016brint priekab\u0105. Modelis tinka visiems Rolly Toys pedaliniams traktoriukams.<\/p>","protected":false},"excerpt":{"rendered":"<p>\u0160i Rolly Toys John Deere licencijuota s\u0117jamoji yra puikus priedas ma\u017eajam \u016bkininkui, norin\u010diam atlikti tikrovi\u0161kus darbus lauke. Tai 2\u2011in\u20111 funkcionalus<\/p>","protected":false},"featured_media":87737,"template":"","meta":{"_acf_changed":false,"_glsr_average":0,"_glsr_ranking":0,"_glsr_reviews":0},"product_brand":[],"product_cat":[237,433],"product_tag":[],"class_list":{"0":"post-87735","1":"product","2":"type-product","3":"status-publish","4":"has-post-thumbnail","6":"product_cat-judejimo-priemones","7":"product_cat-priedai-judejimo-priemones","8":"\"style=\"background-color: #2ecc711c;\"","10":"first","11":"outofstock","12":"purchasable","13":"product-type-simple"},"acf":[],"yoast_head":"<!-- This site is optimized with the Yoast SEO plugin v27.4 - https:\/\/yoast.com\/product\/yoast-seo-wordpress\/ -->\n<title>Rolly Toys John Deere s\u0117jamoji 2in1<\/title>\n<meta name=\"description\" content=\"Rolly Toys John Deere s\u0117jamoji 2in1 - KidsPlay. Did\u017eiausias vaik\u0173 \u017eaisl\u0173 pasirinkimas.\" \/>\n<meta name=\"robots\" content=\"index, follow, max-snippet:-1, max-image-preview:large, max-video-preview:-1\" \/>\n<link rel=\"canonical\" href=\"https:\/\/kidsplay.lt\/lv\/products\/rolly-toys-john-deere-sejamoji-2in1\/\" \/>\n<meta property=\"og:locale\" content=\"lv_LV\" \/>\n<meta property=\"og:type\" content=\"article\" \/>\n<meta property=\"og:title\" content=\"Rolly Toys John Deere s\u0117jamoji 2in1\" \/>\n<meta property=\"og:description\" content=\"Rolly Toys John Deere s\u0117jamoji 2in1 - KidsPlay. Did\u017eiausias vaik\u0173 \u017eaisl\u0173 pasirinkimas.\" \/>\n<meta property=\"og:url\" content=\"https:\/\/kidsplay.lt\/lv\/products\/rolly-toys-john-deere-sejamoji-2in1\/\" \/>\n<meta property=\"og:site_name\" content=\"KidsPlay\" \/>\n<meta property=\"article:publisher\" content=\"https:\/\/www.facebook.com\/www.kidsplay.lt\" \/>\n<meta property=\"article:modified_time\" content=\"2026-03-26T10:29:32+00:00\" \/>\n<meta property=\"og:image\" content=\"https:\/\/kidsplay.lt\/wp-content\/uploads\/2026\/02\/Rolly-Toys-John-Deere-sejamoji-2in1.jpg\" \/>\n\t<meta property=\"og:image:width\" content=\"2560\" \/>\n\t<meta property=\"og:image:height\" content=\"2560\" \/>\n\t<meta property=\"og:image:type\" content=\"image\/jpeg\" \/>\n<meta name=\"twitter:card\" content=\"summary_large_image\" \/>\n<script type=\"application\/ld+json\" class=\"yoast-schema-graph\">{\"@context\":\"https:\\\/\\\/schema.org\",\"@graph\":[{\"@type\":\"WebPage\",\"@id\":\"https:\\\/\\\/kidsplay.lt\\\/produktas\\\/rolly-toys-john-deere-sejamoji-2in1\\\/\",\"url\":\"https:\\\/\\\/kidsplay.lt\\\/produktas\\\/rolly-toys-john-deere-sejamoji-2in1\\\/\",\"name\":\"Rolly Toys John Deere s\u0117jamoji 2in1\",\"isPartOf\":{\"@id\":\"https:\\\/\\\/kidsplay.lt\\\/#website\"},\"primaryImageOfPage\":{\"@id\":\"https:\\\/\\\/kidsplay.lt\\\/produktas\\\/rolly-toys-john-deere-sejamoji-2in1\\\/#primaryimage\"},\"image\":{\"@id\":\"https:\\\/\\\/kidsplay.lt\\\/produktas\\\/rolly-toys-john-deere-sejamoji-2in1\\\/#primaryimage\"},\"thumbnailUrl\":\"https:\\\/\\\/kidsplay.lt\\\/wp-content\\\/uploads\\\/2026\\\/02\\\/Rolly-Toys-John-Deere-sejamoji-2in1.jpg\",\"datePublished\":\"2026-02-24T18:44:50+00:00\",\"dateModified\":\"2026-03-26T10:29:32+00:00\",\"description\":\"Rolly Toys John Deere s\u0117jamoji 2in1 - KidsPlay. Did\u017eiausias vaik\u0173 \u017eaisl\u0173 pasirinkimas.\",\"breadcrumb\":{\"@id\":\"https:\\\/\\\/kidsplay.lt\\\/produktas\\\/rolly-toys-john-deere-sejamoji-2in1\\\/#breadcrumb\"},\"inLanguage\":\"lv-LV\",\"potentialAction\":[{\"@type\":\"ReadAction\",\"target\":[\"https:\\\/\\\/kidsplay.lt\\\/produktas\\\/rolly-toys-john-deere-sejamoji-2in1\\\/\"]}]},{\"@type\":\"ImageObject\",\"inLanguage\":\"lv-LV\",\"@id\":\"https:\\\/\\\/kidsplay.lt\\\/produktas\\\/rolly-toys-john-deere-sejamoji-2in1\\\/#primaryimage\",\"url\":\"https:\\\/\\\/kidsplay.lt\\\/wp-content\\\/uploads\\\/2026\\\/02\\\/Rolly-Toys-John-Deere-sejamoji-2in1.jpg\",\"contentUrl\":\"https:\\\/\\\/kidsplay.lt\\\/wp-content\\\/uploads\\\/2026\\\/02\\\/Rolly-Toys-John-Deere-sejamoji-2in1.jpg\",\"width\":2560,\"height\":2560,\"caption\":\"Rolly Toys John Deere s\u0117jamoji 2in1\"},{\"@type\":\"BreadcrumbList\",\"@id\":\"https:\\\/\\\/kidsplay.lt\\\/produktas\\\/rolly-toys-john-deere-sejamoji-2in1\\\/#breadcrumb\",\"itemListElement\":[{\"@type\":\"ListItem\",\"position\":1,\"name\":\"Pagrindinis\",\"item\":\"https:\\\/\\\/kidsplay.lt\\\/\"},{\"@type\":\"ListItem\",\"position\":2,\"name\":\"Parduotuv\u0117\",\"item\":\"https:\\\/\\\/kidsplay.lt\\\/parduotuve\\\/\"},{\"@type\":\"ListItem\",\"position\":3,\"name\":\"Rolly Toys John Deere s\u0117jamoji 2in1\"}]},{\"@type\":\"WebSite\",\"@id\":\"https:\\\/\\\/kidsplay.lt\\\/#website\",\"url\":\"https:\\\/\\\/kidsplay.lt\\\/\",\"name\":\"Kidsplay.lt\",\"description\":\"\u012evairios prek\u0117s vaikams\",\"publisher\":{\"@id\":\"https:\\\/\\\/kidsplay.lt\\\/#organization\"},\"alternateName\":\"Kidsplay\",\"potentialAction\":[{\"@type\":\"SearchAction\",\"target\":{\"@type\":\"EntryPoint\",\"urlTemplate\":\"https:\\\/\\\/kidsplay.lt\\\/?s={search_term_string}\"},\"query-input\":{\"@type\":\"PropertyValueSpecification\",\"valueRequired\":true,\"valueName\":\"search_term_string\"}}],\"inLanguage\":\"lv-LV\"},{\"@type\":\"Organization\",\"@id\":\"https:\\\/\\\/kidsplay.lt\\\/#organization\",\"name\":\"KidsPlay\",\"url\":\"https:\\\/\\\/kidsplay.lt\\\/\",\"logo\":{\"@type\":\"ImageObject\",\"inLanguage\":\"lv-LV\",\"@id\":\"https:\\\/\\\/kidsplay.lt\\\/#\\\/schema\\\/logo\\\/image\\\/\",\"url\":\"https:\\\/\\\/kidsplay.lt\\\/wp-content\\\/uploads\\\/2023\\\/07\\\/kidsplay-logo.png\",\"contentUrl\":\"https:\\\/\\\/kidsplay.lt\\\/wp-content\\\/uploads\\\/2023\\\/07\\\/kidsplay-logo.png\",\"width\":451,\"height\":98,\"caption\":\"KidsPlay\"},\"image\":{\"@id\":\"https:\\\/\\\/kidsplay.lt\\\/#\\\/schema\\\/logo\\\/image\\\/\"},\"sameAs\":[\"https:\\\/\\\/www.facebook.com\\\/www.kidsplay.lt\"]}]}<\/script>\n<!-- \/ Yoast SEO plugin. -->","yoast_head_json":{"title":"Rolly Toys John Deere s\u0117jamoji 2in1","description":"Rolly Toys John Deere s\u0117jamoji 2in1 - KidsPlay. Did\u017eiausias vaik\u0173 \u017eaisl\u0173 pasirinkimas.","robots":{"index":"index","follow":"follow","max-snippet":"max-snippet:-1","max-image-preview":"max-image-preview:large","max-video-preview":"max-video-preview:-1"},"canonical":"https:\/\/kidsplay.lt\/lv\/products\/rolly-toys-john-deere-sejamoji-2in1\/","og_locale":"lv_LV","og_type":"article","og_title":"Rolly Toys John Deere s\u0117jamoji 2in1","og_description":"Rolly Toys John Deere s\u0117jamoji 2in1 - KidsPlay. Did\u017eiausias vaik\u0173 \u017eaisl\u0173 pasirinkimas.","og_url":"https:\/\/kidsplay.lt\/lv\/products\/rolly-toys-john-deere-sejamoji-2in1\/","og_site_name":"KidsPlay","article_publisher":"https:\/\/www.facebook.com\/www.kidsplay.lt","article_modified_time":"2026-03-26T10:29:32+00:00","og_image":[{"width":2560,"height":2560,"url":"https:\/\/kidsplay.lt\/wp-content\/uploads\/2026\/02\/Rolly-Toys-John-Deere-sejamoji-2in1.jpg","type":"image\/jpeg"}],"twitter_card":"summary_large_image","schema":{"@context":"https:\/\/schema.org","@graph":[{"@type":"WebPage","@id":"https:\/\/kidsplay.lt\/produktas\/rolly-toys-john-deere-sejamoji-2in1\/","url":"https:\/\/kidsplay.lt\/produktas\/rolly-toys-john-deere-sejamoji-2in1\/","name":"Rolly Toys John Deere s\u0117jamoji 2in1","isPartOf":{"@id":"https:\/\/kidsplay.lt\/#website"},"primaryImageOfPage":{"@id":"https:\/\/kidsplay.lt\/produktas\/rolly-toys-john-deere-sejamoji-2in1\/#primaryimage"},"image":{"@id":"https:\/\/kidsplay.lt\/produktas\/rolly-toys-john-deere-sejamoji-2in1\/#primaryimage"},"thumbnailUrl":"https:\/\/kidsplay.lt\/wp-content\/uploads\/2026\/02\/Rolly-Toys-John-Deere-sejamoji-2in1.jpg","datePublished":"2026-02-24T18:44:50+00:00","dateModified":"2026-03-26T10:29:32+00:00","description":"Rolly Toys John Deere s\u0117jamoji 2in1 - KidsPlay. Did\u017eiausias vaik\u0173 \u017eaisl\u0173 pasirinkimas.","breadcrumb":{"@id":"https:\/\/kidsplay.lt\/produktas\/rolly-toys-john-deere-sejamoji-2in1\/#breadcrumb"},"inLanguage":"lv-LV","potentialAction":[{"@type":"ReadAction","target":["https:\/\/kidsplay.lt\/produktas\/rolly-toys-john-deere-sejamoji-2in1\/"]}]},{"@type":"ImageObject","inLanguage":"lv-LV","@id":"https:\/\/kidsplay.lt\/produktas\/rolly-toys-john-deere-sejamoji-2in1\/#primaryimage","url":"https:\/\/kidsplay.lt\/wp-content\/uploads\/2026\/02\/Rolly-Toys-John-Deere-sejamoji-2in1.jpg","contentUrl":"https:\/\/kidsplay.lt\/wp-content\/uploads\/2026\/02\/Rolly-Toys-John-Deere-sejamoji-2in1.jpg","width":2560,"height":2560,"caption":"Rolly Toys John Deere s\u0117jamoji 2in1"},{"@type":"BreadcrumbList","@id":"https:\/\/kidsplay.lt\/produktas\/rolly-toys-john-deere-sejamoji-2in1\/#breadcrumb","itemListElement":[{"@type":"ListItem","position":1,"name":"Pagrindinis","item":"https:\/\/kidsplay.lt\/"},{"@type":"ListItem","position":2,"name":"Parduotuv\u0117","item":"https:\/\/kidsplay.lt\/parduotuve\/"},{"@type":"ListItem","position":3,"name":"Rolly Toys John Deere s\u0117jamoji 2in1"}]},{"@type":"WebSite","@id":"https:\/\/kidsplay.lt\/#website","url":"https:\/\/kidsplay.lt\/","name":"B\u0113rnu sp\u0113les.lv","description":"\u012evairios prek\u0117s vaikams","publisher":{"@id":"https:\/\/kidsplay.lt\/#organization"},"alternateName":"Kidsplay","potentialAction":[{"@type":"SearchAction","target":{"@type":"EntryPoint","urlTemplate":"https:\/\/kidsplay.lt\/?s={search_term_string}"},"query-input":{"@type":"PropertyValueSpecification","valueRequired":true,"valueName":"search_term_string"}}],"inLanguage":"lv-LV"},{"@type":"Organization","@id":"https:\/\/kidsplay.lt\/#organization","name":"B\u0113rnu sp\u0113le","url":"https:\/\/kidsplay.lt\/","logo":{"@type":"ImageObject","inLanguage":"lv-LV","@id":"https:\/\/kidsplay.lt\/#\/schema\/logo\/image\/","url":"https:\/\/kidsplay.lt\/wp-content\/uploads\/2023\/07\/kidsplay-logo.png","contentUrl":"https:\/\/kidsplay.lt\/wp-content\/uploads\/2023\/07\/kidsplay-logo.png","width":451,"height":98,"caption":"KidsPlay"},"image":{"@id":"https:\/\/kidsplay.lt\/#\/schema\/logo\/image\/"},"sameAs":["https:\/\/www.facebook.com\/www.kidsplay.lt"]}]}},"_links":{"self":[{"href":"https:\/\/kidsplay.lt\/lv\/wp-json\/wp\/v2\/product\/87735","targetHints":{"allow":["GET"]}}],"collection":[{"href":"https:\/\/kidsplay.lt\/lv\/wp-json\/wp\/v2\/product"}],"about":[{"href":"https:\/\/kidsplay.lt\/lv\/wp-json\/wp\/v2\/types\/product"}],"version-history":[{"count":1,"href":"https:\/\/kidsplay.lt\/lv\/wp-json\/wp\/v2\/product\/87735\/revisions"}],"predecessor-version":[{"id":87736,"href":"https:\/\/kidsplay.lt\/lv\/wp-json\/wp\/v2\/product\/87735\/revisions\/87736"}],"wp:featuredmedia":[{"embeddable":true,"href":"https:\/\/kidsplay.lt\/lv\/wp-json\/wp\/v2\/media\/87737"}],"wp:attachment":[{"href":"https:\/\/kidsplay.lt\/lv\/wp-json\/wp\/v2\/media?parent=87735"}],"wp:term":[{"taxonomy":"product_brand","embeddable":true,"href":"https:\/\/kidsplay.lt\/lv\/wp-json\/wp\/v2\/product_brand?post=87735"},{"taxonomy":"product_cat","embeddable":true,"href":"https:\/\/kidsplay.lt\/lv\/wp-json\/wp\/v2\/product_cat?post=87735"},{"taxonomy":"product_tag","embeddable":true,"href":"https:\/\/kidsplay.lt\/lv\/wp-json\/wp\/v2\/product_tag?post=87735"}],"curies":[{"name":"wp","href":"https:\/\/api.w.org\/{rel}","templated":true}]}}