{"id":87748,"date":"2026-02-24T20:45:19","date_gmt":"2026-02-24T18:45:19","guid":{"rendered":"https:\/\/kidsplay.lt\/produktas\/rolly-toys-rollyscraper-metalinis-daugiaeilis-plugas-traktoriukams\/"},"modified":"2026-04-07T10:12:50","modified_gmt":"2026-04-07T07:12:50","slug":"rolly-toys-rollyscraper-metalinis-daugiaeilis-plugas-traktoriukams","status":"publish","type":"product","link":"https:\/\/kidsplay.lt\/lv\/products\/rolly-toys-rollyscraper-metalinis-daugiaeilis-plugas-traktoriukams\/","title":{"rendered":"Rolly Toys RollyScraper \u2013 metalinis daugiaeilis pl\u016bgas traktoriukams"},"content":{"rendered":"<p>RollyScraper daugiaeilis pl\u016bgas \u2013 tai idealus priedas ma\u017eajam \u016bkininkui, norin\u010diam atlikti tikrovi\u0161kus lauko darbus. \u0160is pl\u016bgas puikiai papildo bet kur\u012f Rolly Toys pedalini\u0173 traktoriuk\u0173 rinkin\u012f ir suteikia vaikui galimyb\u0119 kurti begal\u0119 \u017eaidimo scenarij\u0173: nuo \u017eem\u0117s arimo iki \u016bkio darb\u0173 imitacijos.<\/p>\n<p>Tvirta metalin\u0117 konstrukcija ir kokybi\u0161kos med\u017eiagos u\u017etikrina, kad pl\u016bgas atlaikys net intensyviausius nuotykius. Sukamas metalinis r\u0117mas, \u0161e\u0161i pl\u016bgo noragai ir du stabil\u016bs ratukai leid\u017eia vaikui lengvai manevruoti ir atlikti \u201edarbus\u201c taip, kaip tikras \u016bkininkas.<\/p>\n<p>Pl\u016bgas tinka visiems Rolly Toys traktoriukams, turintiems galin\u012f prikabinimo ta\u0161k\u0105.<\/p>\n<p>Raksturojums<\/p>\n<p> \tMetalinis, pasukamas r\u0117mas \u2013 tikrovi\u0161kas veikimas<br \/>\n \t\u0160e\u0161i pl\u016bgo noragai \u2013 efektingas \u201e\u017eem\u0117s arimas\u201c \u017eaidimo metu<br \/>\n \tDu ratukai \u2013 stabilumui ir lengvam manevravimui<br \/>\n \tSkatina aktyv\u0173 \u017eaidim\u0105 lauke<br \/>\n \tSuderinamas su visais Rolly Toys traktoriukais, turin\u010diais galin\u012f prikabinimo ta\u0161k\u0105<br \/>\n \tTvirta, ilgaam\u017e\u0117 konstrukcija, atspari intensyviam naudojimui<\/p>\n<p>Lavina<\/p>\n<p> \trank\u0173\u2013aki\u0173 koordinacij\u0105<br \/>\n \tmotorinius \u012fg\u016bd\u017eius<br \/>\n \tk\u016brybi\u0161kum\u0105 ir temin\u012f \u017eaidim\u0105<br \/>\n \tlogin\u012f m\u0105stym\u0105 planuojant \u201e\u016bkio darbus\u201c<\/p>","protected":false},"excerpt":{"rendered":"<p>RollyScraper daugiaeilis pl\u016bgas \u2013 tai idealus priedas ma\u017eajam \u016bkininkui, norin\u010diam atlikti tikrovi\u0161kus lauko darbus. \u0160is pl\u016bgas puikiai papildo bet kur\u012f<\/p>","protected":false},"featured_media":87750,"template":"","meta":{"_acf_changed":false,"_glsr_average":0,"_glsr_ranking":0,"_glsr_reviews":0},"product_brand":[],"product_cat":[237,433],"product_tag":[],"class_list":{"0":"post-87748","1":"product","2":"type-product","3":"status-publish","4":"has-post-thumbnail","6":"product_cat-judejimo-priemones","7":"product_cat-priedai-judejimo-priemones","8":"\"style=\"background-color: #2ecc711c;\"","10":"first","11":"instock","12":"purchasable","13":"product-type-simple"},"acf":[],"yoast_head":"<!-- This site is optimized with the Yoast SEO plugin v27.3 - https:\/\/yoast.com\/product\/yoast-seo-wordpress\/ -->\n<title>Rolly Toys RollyScraper \u2013 metalinis daugiaeilis pl\u016bgas traktoriukams<\/title>\n<meta name=\"description\" content=\"Rolly Toys RollyScraper \u2013 metalinis daugiaeilis pl\u016bgas traktoriukams - KidsPlay. Did\u017eiausias vaik\u0173 \u017eaisl\u0173 pasirinkimas.\" \/>\n<meta name=\"robots\" content=\"index, follow, max-snippet:-1, max-image-preview:large, max-video-preview:-1\" \/>\n<link rel=\"canonical\" href=\"https:\/\/kidsplay.lt\/lv\/products\/rolly-toys-rollyscraper-metalinis-daugiaeilis-plugas-traktoriukams\/\" \/>\n<meta property=\"og:locale\" content=\"lv_LV\" \/>\n<meta property=\"og:type\" content=\"article\" \/>\n<meta property=\"og:title\" content=\"Rolly Toys RollyScraper \u2013 metalinis daugiaeilis pl\u016bgas traktoriukams\" \/>\n<meta property=\"og:description\" content=\"Rolly Toys RollyScraper \u2013 metalinis daugiaeilis pl\u016bgas traktoriukams - KidsPlay. Did\u017eiausias vaik\u0173 \u017eaisl\u0173 pasirinkimas.\" \/>\n<meta property=\"og:url\" content=\"https:\/\/kidsplay.lt\/lv\/products\/rolly-toys-rollyscraper-metalinis-daugiaeilis-plugas-traktoriukams\/\" \/>\n<meta property=\"og:site_name\" content=\"KidsPlay\" \/>\n<meta property=\"article:publisher\" content=\"https:\/\/www.facebook.com\/www.kidsplay.lt\" \/>\n<meta property=\"article:modified_time\" content=\"2026-04-07T07:12:50+00:00\" \/>\n<meta property=\"og:image\" content=\"https:\/\/kidsplay.lt\/wp-content\/uploads\/2026\/02\/Rolly-Toys-RollyScraper-\u2013-metalinis-daugiaeilis-plugas-traktoriukams.jpg\" \/>\n\t<meta property=\"og:image:width\" content=\"1128\" \/>\n\t<meta property=\"og:image:height\" content=\"831\" \/>\n\t<meta property=\"og:image:type\" content=\"image\/jpeg\" \/>\n<meta name=\"twitter:card\" content=\"summary_large_image\" \/>\n<meta name=\"twitter:label1\" content=\"Est. reading time\" \/>\n\t<meta name=\"twitter:data1\" content=\"1 min\u016bte\" \/>\n<script type=\"application\/ld+json\" class=\"yoast-schema-graph\">{\"@context\":\"https:\\\/\\\/schema.org\",\"@graph\":[{\"@type\":\"WebPage\",\"@id\":\"https:\\\/\\\/kidsplay.lt\\\/produktas\\\/rolly-toys-rollyscraper-metalinis-daugiaeilis-plugas-traktoriukams\\\/\",\"url\":\"https:\\\/\\\/kidsplay.lt\\\/produktas\\\/rolly-toys-rollyscraper-metalinis-daugiaeilis-plugas-traktoriukams\\\/\",\"name\":\"Rolly Toys RollyScraper \u2013 metalinis daugiaeilis pl\u016bgas traktoriukams\",\"isPartOf\":{\"@id\":\"https:\\\/\\\/kidsplay.lt\\\/#website\"},\"primaryImageOfPage\":{\"@id\":\"https:\\\/\\\/kidsplay.lt\\\/produktas\\\/rolly-toys-rollyscraper-metalinis-daugiaeilis-plugas-traktoriukams\\\/#primaryimage\"},\"image\":{\"@id\":\"https:\\\/\\\/kidsplay.lt\\\/produktas\\\/rolly-toys-rollyscraper-metalinis-daugiaeilis-plugas-traktoriukams\\\/#primaryimage\"},\"thumbnailUrl\":\"https:\\\/\\\/kidsplay.lt\\\/wp-content\\\/uploads\\\/2026\\\/02\\\/Rolly-Toys-RollyScraper-\u2013-metalinis-daugiaeilis-plugas-traktoriukams.jpg\",\"datePublished\":\"2026-02-24T18:45:19+00:00\",\"dateModified\":\"2026-04-07T07:12:50+00:00\",\"description\":\"Rolly Toys RollyScraper \u2013 metalinis daugiaeilis pl\u016bgas traktoriukams - KidsPlay. Did\u017eiausias vaik\u0173 \u017eaisl\u0173 pasirinkimas.\",\"breadcrumb\":{\"@id\":\"https:\\\/\\\/kidsplay.lt\\\/produktas\\\/rolly-toys-rollyscraper-metalinis-daugiaeilis-plugas-traktoriukams\\\/#breadcrumb\"},\"inLanguage\":\"lv-LV\",\"potentialAction\":[{\"@type\":\"ReadAction\",\"target\":[\"https:\\\/\\\/kidsplay.lt\\\/produktas\\\/rolly-toys-rollyscraper-metalinis-daugiaeilis-plugas-traktoriukams\\\/\"]}]},{\"@type\":\"ImageObject\",\"inLanguage\":\"lv-LV\",\"@id\":\"https:\\\/\\\/kidsplay.lt\\\/produktas\\\/rolly-toys-rollyscraper-metalinis-daugiaeilis-plugas-traktoriukams\\\/#primaryimage\",\"url\":\"https:\\\/\\\/kidsplay.lt\\\/wp-content\\\/uploads\\\/2026\\\/02\\\/Rolly-Toys-RollyScraper-\u2013-metalinis-daugiaeilis-plugas-traktoriukams.jpg\",\"contentUrl\":\"https:\\\/\\\/kidsplay.lt\\\/wp-content\\\/uploads\\\/2026\\\/02\\\/Rolly-Toys-RollyScraper-\u2013-metalinis-daugiaeilis-plugas-traktoriukams.jpg\",\"width\":1128,\"height\":831,\"caption\":\"Rolly Toys RollyScraper \u2013 metalinis daugiaeilis pl\u016bgas traktoriukams\"},{\"@type\":\"BreadcrumbList\",\"@id\":\"https:\\\/\\\/kidsplay.lt\\\/produktas\\\/rolly-toys-rollyscraper-metalinis-daugiaeilis-plugas-traktoriukams\\\/#breadcrumb\",\"itemListElement\":[{\"@type\":\"ListItem\",\"position\":1,\"name\":\"Pagrindinis\",\"item\":\"https:\\\/\\\/kidsplay.lt\\\/\"},{\"@type\":\"ListItem\",\"position\":2,\"name\":\"Parduotuv\u0117\",\"item\":\"https:\\\/\\\/kidsplay.lt\\\/parduotuve\\\/\"},{\"@type\":\"ListItem\",\"position\":3,\"name\":\"Rolly Toys RollyScraper \u2013 metalinis daugiaeilis pl\u016bgas traktoriukams\"}]},{\"@type\":\"WebSite\",\"@id\":\"https:\\\/\\\/kidsplay.lt\\\/#website\",\"url\":\"https:\\\/\\\/kidsplay.lt\\\/\",\"name\":\"Kidsplay.lt\",\"description\":\"\u012evairios prek\u0117s vaikams\",\"publisher\":{\"@id\":\"https:\\\/\\\/kidsplay.lt\\\/#organization\"},\"alternateName\":\"Kidsplay\",\"potentialAction\":[{\"@type\":\"SearchAction\",\"target\":{\"@type\":\"EntryPoint\",\"urlTemplate\":\"https:\\\/\\\/kidsplay.lt\\\/?s={search_term_string}\"},\"query-input\":{\"@type\":\"PropertyValueSpecification\",\"valueRequired\":true,\"valueName\":\"search_term_string\"}}],\"inLanguage\":\"lv-LV\"},{\"@type\":\"Organization\",\"@id\":\"https:\\\/\\\/kidsplay.lt\\\/#organization\",\"name\":\"KidsPlay\",\"url\":\"https:\\\/\\\/kidsplay.lt\\\/\",\"logo\":{\"@type\":\"ImageObject\",\"inLanguage\":\"lv-LV\",\"@id\":\"https:\\\/\\\/kidsplay.lt\\\/#\\\/schema\\\/logo\\\/image\\\/\",\"url\":\"https:\\\/\\\/kidsplay.lt\\\/wp-content\\\/uploads\\\/2023\\\/07\\\/kidsplay-logo.png\",\"contentUrl\":\"https:\\\/\\\/kidsplay.lt\\\/wp-content\\\/uploads\\\/2023\\\/07\\\/kidsplay-logo.png\",\"width\":451,\"height\":98,\"caption\":\"KidsPlay\"},\"image\":{\"@id\":\"https:\\\/\\\/kidsplay.lt\\\/#\\\/schema\\\/logo\\\/image\\\/\"},\"sameAs\":[\"https:\\\/\\\/www.facebook.com\\\/www.kidsplay.lt\"]}]}<\/script>\n<!-- \/ Yoast SEO plugin. -->","yoast_head_json":{"title":"Rolly Toys RollyScraper \u2013 metalinis daugiaeilis pl\u016bgas traktoriukams","description":"Rolly Toys RollyScraper \u2013 metalinis daugiaeilis pl\u016bgas traktoriukams - KidsPlay. Did\u017eiausias vaik\u0173 \u017eaisl\u0173 pasirinkimas.","robots":{"index":"index","follow":"follow","max-snippet":"max-snippet:-1","max-image-preview":"max-image-preview:large","max-video-preview":"max-video-preview:-1"},"canonical":"https:\/\/kidsplay.lt\/lv\/products\/rolly-toys-rollyscraper-metalinis-daugiaeilis-plugas-traktoriukams\/","og_locale":"lv_LV","og_type":"article","og_title":"Rolly Toys RollyScraper \u2013 metalinis daugiaeilis pl\u016bgas traktoriukams","og_description":"Rolly Toys RollyScraper \u2013 metalinis daugiaeilis pl\u016bgas traktoriukams - KidsPlay. Did\u017eiausias vaik\u0173 \u017eaisl\u0173 pasirinkimas.","og_url":"https:\/\/kidsplay.lt\/lv\/products\/rolly-toys-rollyscraper-metalinis-daugiaeilis-plugas-traktoriukams\/","og_site_name":"KidsPlay","article_publisher":"https:\/\/www.facebook.com\/www.kidsplay.lt","article_modified_time":"2026-04-07T07:12:50+00:00","og_image":[{"width":1128,"height":831,"url":"https:\/\/kidsplay.lt\/wp-content\/uploads\/2026\/02\/Rolly-Toys-RollyScraper-\u2013-metalinis-daugiaeilis-plugas-traktoriukams.jpg","type":"image\/jpeg"}],"twitter_card":"summary_large_image","twitter_misc":{"Est. reading time":"1 min\u016bte"},"schema":{"@context":"https:\/\/schema.org","@graph":[{"@type":"WebPage","@id":"https:\/\/kidsplay.lt\/produktas\/rolly-toys-rollyscraper-metalinis-daugiaeilis-plugas-traktoriukams\/","url":"https:\/\/kidsplay.lt\/produktas\/rolly-toys-rollyscraper-metalinis-daugiaeilis-plugas-traktoriukams\/","name":"Rolly Toys RollyScraper \u2013 metalinis daugiaeilis pl\u016bgas traktoriukams","isPartOf":{"@id":"https:\/\/kidsplay.lt\/#website"},"primaryImageOfPage":{"@id":"https:\/\/kidsplay.lt\/produktas\/rolly-toys-rollyscraper-metalinis-daugiaeilis-plugas-traktoriukams\/#primaryimage"},"image":{"@id":"https:\/\/kidsplay.lt\/produktas\/rolly-toys-rollyscraper-metalinis-daugiaeilis-plugas-traktoriukams\/#primaryimage"},"thumbnailUrl":"https:\/\/kidsplay.lt\/wp-content\/uploads\/2026\/02\/Rolly-Toys-RollyScraper-\u2013-metalinis-daugiaeilis-plugas-traktoriukams.jpg","datePublished":"2026-02-24T18:45:19+00:00","dateModified":"2026-04-07T07:12:50+00:00","description":"Rolly Toys RollyScraper \u2013 metalinis daugiaeilis pl\u016bgas traktoriukams - KidsPlay. Did\u017eiausias vaik\u0173 \u017eaisl\u0173 pasirinkimas.","breadcrumb":{"@id":"https:\/\/kidsplay.lt\/produktas\/rolly-toys-rollyscraper-metalinis-daugiaeilis-plugas-traktoriukams\/#breadcrumb"},"inLanguage":"lv-LV","potentialAction":[{"@type":"ReadAction","target":["https:\/\/kidsplay.lt\/produktas\/rolly-toys-rollyscraper-metalinis-daugiaeilis-plugas-traktoriukams\/"]}]},{"@type":"ImageObject","inLanguage":"lv-LV","@id":"https:\/\/kidsplay.lt\/produktas\/rolly-toys-rollyscraper-metalinis-daugiaeilis-plugas-traktoriukams\/#primaryimage","url":"https:\/\/kidsplay.lt\/wp-content\/uploads\/2026\/02\/Rolly-Toys-RollyScraper-\u2013-metalinis-daugiaeilis-plugas-traktoriukams.jpg","contentUrl":"https:\/\/kidsplay.lt\/wp-content\/uploads\/2026\/02\/Rolly-Toys-RollyScraper-\u2013-metalinis-daugiaeilis-plugas-traktoriukams.jpg","width":1128,"height":831,"caption":"Rolly Toys RollyScraper \u2013 metalinis daugiaeilis pl\u016bgas traktoriukams"},{"@type":"BreadcrumbList","@id":"https:\/\/kidsplay.lt\/produktas\/rolly-toys-rollyscraper-metalinis-daugiaeilis-plugas-traktoriukams\/#breadcrumb","itemListElement":[{"@type":"ListItem","position":1,"name":"Pagrindinis","item":"https:\/\/kidsplay.lt\/"},{"@type":"ListItem","position":2,"name":"Parduotuv\u0117","item":"https:\/\/kidsplay.lt\/parduotuve\/"},{"@type":"ListItem","position":3,"name":"Rolly Toys RollyScraper \u2013 metalinis daugiaeilis pl\u016bgas traktoriukams"}]},{"@type":"WebSite","@id":"https:\/\/kidsplay.lt\/#website","url":"https:\/\/kidsplay.lt\/","name":"B\u0113rnu sp\u0113les.lv","description":"\u012evairios prek\u0117s vaikams","publisher":{"@id":"https:\/\/kidsplay.lt\/#organization"},"alternateName":"Kidsplay","potentialAction":[{"@type":"SearchAction","target":{"@type":"EntryPoint","urlTemplate":"https:\/\/kidsplay.lt\/?s={search_term_string}"},"query-input":{"@type":"PropertyValueSpecification","valueRequired":true,"valueName":"search_term_string"}}],"inLanguage":"lv-LV"},{"@type":"Organization","@id":"https:\/\/kidsplay.lt\/#organization","name":"B\u0113rnu sp\u0113le","url":"https:\/\/kidsplay.lt\/","logo":{"@type":"ImageObject","inLanguage":"lv-LV","@id":"https:\/\/kidsplay.lt\/#\/schema\/logo\/image\/","url":"https:\/\/kidsplay.lt\/wp-content\/uploads\/2023\/07\/kidsplay-logo.png","contentUrl":"https:\/\/kidsplay.lt\/wp-content\/uploads\/2023\/07\/kidsplay-logo.png","width":451,"height":98,"caption":"KidsPlay"},"image":{"@id":"https:\/\/kidsplay.lt\/#\/schema\/logo\/image\/"},"sameAs":["https:\/\/www.facebook.com\/www.kidsplay.lt"]}]}},"_links":{"self":[{"href":"https:\/\/kidsplay.lt\/lv\/wp-json\/wp\/v2\/product\/87748","targetHints":{"allow":["GET"]}}],"collection":[{"href":"https:\/\/kidsplay.lt\/lv\/wp-json\/wp\/v2\/product"}],"about":[{"href":"https:\/\/kidsplay.lt\/lv\/wp-json\/wp\/v2\/types\/product"}],"version-history":[{"count":1,"href":"https:\/\/kidsplay.lt\/lv\/wp-json\/wp\/v2\/product\/87748\/revisions"}],"predecessor-version":[{"id":87749,"href":"https:\/\/kidsplay.lt\/lv\/wp-json\/wp\/v2\/product\/87748\/revisions\/87749"}],"wp:featuredmedia":[{"embeddable":true,"href":"https:\/\/kidsplay.lt\/lv\/wp-json\/wp\/v2\/media\/87750"}],"wp:attachment":[{"href":"https:\/\/kidsplay.lt\/lv\/wp-json\/wp\/v2\/media?parent=87748"}],"wp:term":[{"taxonomy":"product_brand","embeddable":true,"href":"https:\/\/kidsplay.lt\/lv\/wp-json\/wp\/v2\/product_brand?post=87748"},{"taxonomy":"product_cat","embeddable":true,"href":"https:\/\/kidsplay.lt\/lv\/wp-json\/wp\/v2\/product_cat?post=87748"},{"taxonomy":"product_tag","embeddable":true,"href":"https:\/\/kidsplay.lt\/lv\/wp-json\/wp\/v2\/product_tag?post=87748"}],"curies":[{"name":"wp","href":"https:\/\/api.w.org\/{rel}","templated":true}]}}