{"id":87781,"date":"2026-02-24T20:47:35","date_gmt":"2026-02-24T18:47:35","guid":{"rendered":"https:\/\/kidsplay.lt\/produktas\/woopie-nuotoliniu-budu-valdomas-keleivinis-lektuvas\/"},"modified":"2026-04-07T10:13:01","modified_gmt":"2026-04-07T07:13:01","slug":"woopie-nuotoliniu-budu-valdomas-keleivinis-lektuvas","status":"publish","type":"product","link":"https:\/\/kidsplay.lt\/lv\/products\/woopie-nuotoliniu-budu-valdomas-keleivinis-lektuvas\/","title":{"rendered":"Woopie t\u0101lvad\u012bbas pasa\u017eieru lidma\u0161\u012bna"},"content":{"rendered":"<p>Leisk vaikui pasijusti tikru pilotu su Woopie AIRLINE nuotoliniu b\u016bdu valdomu keleiviniu l\u0117ktuvu! Tai puiki \u017eaislin\u0117 transporto priemon\u0117, skirta k\u016brybi\u0161kam \u017eaidimui namuose ir kelion\u0117se. L\u0117ktuvas pasi\u017eymi ry\u0161kiu baltai\u2011raudonu dizainu, tvirta konstrukcija ir paprastu valdymu, tod\u0117l suteikia daug d\u017eiaugsmo tiek ma\u017eiesiems, tiek j\u0173 t\u0117vams.<br \/>\nSvarbu: \u017eaislas ne skrenda, tai va\u017eiuojantis modelis, valdomas pulteliu.<br \/>\nPagamintas i\u0161 auk\u0161tos kokyb\u0117s, saugi\u0173 med\u017eiag\u0173, l\u0117ktuvas puikiai tinka vaidmen\u0173 \u017eaidimams: vaikai gali kurti savo oro linijas, imituoti skryd\u017eius, keleivi\u0173 ve\u017eim\u0105 ar oro uosto darb\u0105.<\/p>\n<p>Raksturojums<\/p>\n<p> \tB\u0113rniem no 3 gadu vecuma<br \/>\n \tPagamintas i\u0161 tvirto, netoksi\u0161komis med\u017eiagomis da\u017eyto plastiko<br \/>\n \tPuikiai tinka k\u016brybi\u0161kiems \u017eaidimams apie pilotus ir oro linijas<br \/>\n \tNuotolinis valdymas \u2013 paprastas ir intuityvus<br \/>\n \tStabilus, saugus ir atsparus \u017eaidimui<br \/>\n \tRy\u0161kus, patrauklus dizainas<\/p>\n<p>Komplekts sast\u0101v no<\/p>\n<p> \tNuotoliniu b\u016bdu valdomas keleivinis l\u0117ktuvas AIRLINE<br \/>\n \tValdymo pultelis (reikalingos 2\u00d7AA baterijos, n\u0117ra rinkinyje)<br \/>\n \tL\u0117ktuvo akumuliatorius<br \/>\n \t\u012ekrovimo kabelis<\/p>\n<p>Rota\u013clietu lav\u012bna<\/p>\n<p> \tk\u016brybi\u0161kum\u0105 ir vaizduot\u0119<br \/>\n \tvaidmen\u0173 \u017eaidimo \u012fg\u016bd\u017eius<br \/>\n \trank\u0173\u2013aki\u0173 koordinacij\u0105<br \/>\n \tmotorik\u0105 ir reakcij\u0105<\/p>","protected":false},"excerpt":{"rendered":"<p>Leisk vaikui pasijusti tikru pilotu su Woopie AIRLINE nuotoliniu b\u016bdu valdomu keleiviniu l\u0117ktuvu! Tai puiki \u017eaislin\u0117 transporto priemon\u0117, skirta k\u016brybi\u0161kam<\/p>","protected":false},"featured_media":87783,"template":"","meta":{"_acf_changed":false,"_glsr_average":0,"_glsr_ranking":0,"_glsr_reviews":0},"product_brand":[],"product_cat":[447,229],"product_tag":[],"class_list":{"0":"post-87781","1":"product","2":"type-product","3":"status-publish","4":"has-post-thumbnail","6":"product_cat-rc-zaislai","7":"product_cat-zaislai-vaikams","8":"\"style=\"background-color: #2ecc711c;\"","10":"first","11":"instock","12":"purchasable","13":"product-type-simple"},"acf":[],"yoast_head":"<!-- This site is optimized with the Yoast SEO plugin v27.3 - https:\/\/yoast.com\/product\/yoast-seo-wordpress\/ -->\n<title>Woopie nuotoliniu b\u016bdu valdomas keleivinis l\u0117ktuvas<\/title>\n<meta name=\"description\" content=\"Woopie nuotoliniu b\u016bdu valdomas keleivinis l\u0117ktuvas - KidsPlay. Did\u017eiausias vaik\u0173 \u017eaisl\u0173 pasirinkimas.\" \/>\n<meta name=\"robots\" content=\"index, follow, max-snippet:-1, max-image-preview:large, max-video-preview:-1\" \/>\n<link rel=\"canonical\" href=\"https:\/\/kidsplay.lt\/lv\/products\/woopie-nuotoliniu-budu-valdomas-keleivinis-lektuvas\/\" \/>\n<meta property=\"og:locale\" content=\"lv_LV\" \/>\n<meta property=\"og:type\" content=\"article\" \/>\n<meta property=\"og:title\" content=\"Woopie nuotoliniu b\u016bdu valdomas keleivinis l\u0117ktuvas\" \/>\n<meta property=\"og:description\" content=\"Woopie nuotoliniu b\u016bdu valdomas keleivinis l\u0117ktuvas - KidsPlay. Did\u017eiausias vaik\u0173 \u017eaisl\u0173 pasirinkimas.\" \/>\n<meta property=\"og:url\" content=\"https:\/\/kidsplay.lt\/lv\/products\/woopie-nuotoliniu-budu-valdomas-keleivinis-lektuvas\/\" \/>\n<meta property=\"og:site_name\" content=\"KidsPlay\" \/>\n<meta property=\"article:publisher\" content=\"https:\/\/www.facebook.com\/www.kidsplay.lt\" \/>\n<meta property=\"article:modified_time\" content=\"2026-04-07T07:13:01+00:00\" \/>\n<meta property=\"og:image\" content=\"https:\/\/kidsplay.lt\/wp-content\/uploads\/2026\/02\/Woopie-nuotoliniu-budu-valdomas-keleivinis-lektuvas.jpg\" \/>\n\t<meta property=\"og:image:width\" content=\"1000\" \/>\n\t<meta property=\"og:image:height\" content=\"1000\" \/>\n\t<meta property=\"og:image:type\" content=\"image\/jpeg\" \/>\n<meta name=\"twitter:card\" content=\"summary_large_image\" \/>\n<meta name=\"twitter:label1\" content=\"Est. reading time\" \/>\n\t<meta name=\"twitter:data1\" content=\"1 min\u016bte\" \/>\n<script type=\"application\/ld+json\" class=\"yoast-schema-graph\">{\"@context\":\"https:\\\/\\\/schema.org\",\"@graph\":[{\"@type\":\"WebPage\",\"@id\":\"https:\\\/\\\/kidsplay.lt\\\/produktas\\\/woopie-nuotoliniu-budu-valdomas-keleivinis-lektuvas\\\/\",\"url\":\"https:\\\/\\\/kidsplay.lt\\\/produktas\\\/woopie-nuotoliniu-budu-valdomas-keleivinis-lektuvas\\\/\",\"name\":\"Woopie nuotoliniu b\u016bdu valdomas keleivinis l\u0117ktuvas\",\"isPartOf\":{\"@id\":\"https:\\\/\\\/kidsplay.lt\\\/#website\"},\"primaryImageOfPage\":{\"@id\":\"https:\\\/\\\/kidsplay.lt\\\/produktas\\\/woopie-nuotoliniu-budu-valdomas-keleivinis-lektuvas\\\/#primaryimage\"},\"image\":{\"@id\":\"https:\\\/\\\/kidsplay.lt\\\/produktas\\\/woopie-nuotoliniu-budu-valdomas-keleivinis-lektuvas\\\/#primaryimage\"},\"thumbnailUrl\":\"https:\\\/\\\/kidsplay.lt\\\/wp-content\\\/uploads\\\/2026\\\/02\\\/Woopie-nuotoliniu-budu-valdomas-keleivinis-lektuvas.jpg\",\"datePublished\":\"2026-02-24T18:47:35+00:00\",\"dateModified\":\"2026-04-07T07:13:01+00:00\",\"description\":\"Woopie nuotoliniu b\u016bdu valdomas keleivinis l\u0117ktuvas - KidsPlay. Did\u017eiausias vaik\u0173 \u017eaisl\u0173 pasirinkimas.\",\"breadcrumb\":{\"@id\":\"https:\\\/\\\/kidsplay.lt\\\/produktas\\\/woopie-nuotoliniu-budu-valdomas-keleivinis-lektuvas\\\/#breadcrumb\"},\"inLanguage\":\"lv-LV\",\"potentialAction\":[{\"@type\":\"ReadAction\",\"target\":[\"https:\\\/\\\/kidsplay.lt\\\/produktas\\\/woopie-nuotoliniu-budu-valdomas-keleivinis-lektuvas\\\/\"]}]},{\"@type\":\"ImageObject\",\"inLanguage\":\"lv-LV\",\"@id\":\"https:\\\/\\\/kidsplay.lt\\\/produktas\\\/woopie-nuotoliniu-budu-valdomas-keleivinis-lektuvas\\\/#primaryimage\",\"url\":\"https:\\\/\\\/kidsplay.lt\\\/wp-content\\\/uploads\\\/2026\\\/02\\\/Woopie-nuotoliniu-budu-valdomas-keleivinis-lektuvas.jpg\",\"contentUrl\":\"https:\\\/\\\/kidsplay.lt\\\/wp-content\\\/uploads\\\/2026\\\/02\\\/Woopie-nuotoliniu-budu-valdomas-keleivinis-lektuvas.jpg\",\"width\":1000,\"height\":1000,\"caption\":\"Woopie nuotoliniu b\u016bdu valdomas keleivinis l\u0117ktuvas\"},{\"@type\":\"BreadcrumbList\",\"@id\":\"https:\\\/\\\/kidsplay.lt\\\/produktas\\\/woopie-nuotoliniu-budu-valdomas-keleivinis-lektuvas\\\/#breadcrumb\",\"itemListElement\":[{\"@type\":\"ListItem\",\"position\":1,\"name\":\"Pagrindinis\",\"item\":\"https:\\\/\\\/kidsplay.lt\\\/\"},{\"@type\":\"ListItem\",\"position\":2,\"name\":\"Parduotuv\u0117\",\"item\":\"https:\\\/\\\/kidsplay.lt\\\/parduotuve\\\/\"},{\"@type\":\"ListItem\",\"position\":3,\"name\":\"Woopie nuotoliniu b\u016bdu valdomas keleivinis l\u0117ktuvas\"}]},{\"@type\":\"WebSite\",\"@id\":\"https:\\\/\\\/kidsplay.lt\\\/#website\",\"url\":\"https:\\\/\\\/kidsplay.lt\\\/\",\"name\":\"Kidsplay.lt\",\"description\":\"\u012evairios prek\u0117s vaikams\",\"publisher\":{\"@id\":\"https:\\\/\\\/kidsplay.lt\\\/#organization\"},\"alternateName\":\"Kidsplay\",\"potentialAction\":[{\"@type\":\"SearchAction\",\"target\":{\"@type\":\"EntryPoint\",\"urlTemplate\":\"https:\\\/\\\/kidsplay.lt\\\/?s={search_term_string}\"},\"query-input\":{\"@type\":\"PropertyValueSpecification\",\"valueRequired\":true,\"valueName\":\"search_term_string\"}}],\"inLanguage\":\"lv-LV\"},{\"@type\":\"Organization\",\"@id\":\"https:\\\/\\\/kidsplay.lt\\\/#organization\",\"name\":\"KidsPlay\",\"url\":\"https:\\\/\\\/kidsplay.lt\\\/\",\"logo\":{\"@type\":\"ImageObject\",\"inLanguage\":\"lv-LV\",\"@id\":\"https:\\\/\\\/kidsplay.lt\\\/#\\\/schema\\\/logo\\\/image\\\/\",\"url\":\"https:\\\/\\\/kidsplay.lt\\\/wp-content\\\/uploads\\\/2023\\\/07\\\/kidsplay-logo.png\",\"contentUrl\":\"https:\\\/\\\/kidsplay.lt\\\/wp-content\\\/uploads\\\/2023\\\/07\\\/kidsplay-logo.png\",\"width\":451,\"height\":98,\"caption\":\"KidsPlay\"},\"image\":{\"@id\":\"https:\\\/\\\/kidsplay.lt\\\/#\\\/schema\\\/logo\\\/image\\\/\"},\"sameAs\":[\"https:\\\/\\\/www.facebook.com\\\/www.kidsplay.lt\"]}]}<\/script>\n<!-- \/ Yoast SEO plugin. -->","yoast_head_json":{"title":"Woopie t\u0101lvad\u012bbas pasa\u017eieru lidma\u0161\u012bna","description":"Woopie nuotoliniu b\u016bdu valdomas keleivinis l\u0117ktuvas - KidsPlay. Did\u017eiausias vaik\u0173 \u017eaisl\u0173 pasirinkimas.","robots":{"index":"index","follow":"follow","max-snippet":"max-snippet:-1","max-image-preview":"max-image-preview:large","max-video-preview":"max-video-preview:-1"},"canonical":"https:\/\/kidsplay.lt\/lv\/products\/woopie-nuotoliniu-budu-valdomas-keleivinis-lektuvas\/","og_locale":"lv_LV","og_type":"article","og_title":"Woopie nuotoliniu b\u016bdu valdomas keleivinis l\u0117ktuvas","og_description":"Woopie nuotoliniu b\u016bdu valdomas keleivinis l\u0117ktuvas - KidsPlay. Did\u017eiausias vaik\u0173 \u017eaisl\u0173 pasirinkimas.","og_url":"https:\/\/kidsplay.lt\/lv\/products\/woopie-nuotoliniu-budu-valdomas-keleivinis-lektuvas\/","og_site_name":"KidsPlay","article_publisher":"https:\/\/www.facebook.com\/www.kidsplay.lt","article_modified_time":"2026-04-07T07:13:01+00:00","og_image":[{"width":1000,"height":1000,"url":"https:\/\/kidsplay.lt\/wp-content\/uploads\/2026\/02\/Woopie-nuotoliniu-budu-valdomas-keleivinis-lektuvas.jpg","type":"image\/jpeg"}],"twitter_card":"summary_large_image","twitter_misc":{"Est. reading time":"1 min\u016bte"},"schema":{"@context":"https:\/\/schema.org","@graph":[{"@type":"WebPage","@id":"https:\/\/kidsplay.lt\/produktas\/woopie-nuotoliniu-budu-valdomas-keleivinis-lektuvas\/","url":"https:\/\/kidsplay.lt\/produktas\/woopie-nuotoliniu-budu-valdomas-keleivinis-lektuvas\/","name":"Woopie t\u0101lvad\u012bbas pasa\u017eieru lidma\u0161\u012bna","isPartOf":{"@id":"https:\/\/kidsplay.lt\/#website"},"primaryImageOfPage":{"@id":"https:\/\/kidsplay.lt\/produktas\/woopie-nuotoliniu-budu-valdomas-keleivinis-lektuvas\/#primaryimage"},"image":{"@id":"https:\/\/kidsplay.lt\/produktas\/woopie-nuotoliniu-budu-valdomas-keleivinis-lektuvas\/#primaryimage"},"thumbnailUrl":"https:\/\/kidsplay.lt\/wp-content\/uploads\/2026\/02\/Woopie-nuotoliniu-budu-valdomas-keleivinis-lektuvas.jpg","datePublished":"2026-02-24T18:47:35+00:00","dateModified":"2026-04-07T07:13:01+00:00","description":"Woopie nuotoliniu b\u016bdu valdomas keleivinis l\u0117ktuvas - KidsPlay. Did\u017eiausias vaik\u0173 \u017eaisl\u0173 pasirinkimas.","breadcrumb":{"@id":"https:\/\/kidsplay.lt\/produktas\/woopie-nuotoliniu-budu-valdomas-keleivinis-lektuvas\/#breadcrumb"},"inLanguage":"lv-LV","potentialAction":[{"@type":"ReadAction","target":["https:\/\/kidsplay.lt\/produktas\/woopie-nuotoliniu-budu-valdomas-keleivinis-lektuvas\/"]}]},{"@type":"ImageObject","inLanguage":"lv-LV","@id":"https:\/\/kidsplay.lt\/produktas\/woopie-nuotoliniu-budu-valdomas-keleivinis-lektuvas\/#primaryimage","url":"https:\/\/kidsplay.lt\/wp-content\/uploads\/2026\/02\/Woopie-nuotoliniu-budu-valdomas-keleivinis-lektuvas.jpg","contentUrl":"https:\/\/kidsplay.lt\/wp-content\/uploads\/2026\/02\/Woopie-nuotoliniu-budu-valdomas-keleivinis-lektuvas.jpg","width":1000,"height":1000,"caption":"Woopie nuotoliniu b\u016bdu valdomas keleivinis l\u0117ktuvas"},{"@type":"BreadcrumbList","@id":"https:\/\/kidsplay.lt\/produktas\/woopie-nuotoliniu-budu-valdomas-keleivinis-lektuvas\/#breadcrumb","itemListElement":[{"@type":"ListItem","position":1,"name":"Pagrindinis","item":"https:\/\/kidsplay.lt\/"},{"@type":"ListItem","position":2,"name":"Parduotuv\u0117","item":"https:\/\/kidsplay.lt\/parduotuve\/"},{"@type":"ListItem","position":3,"name":"Woopie nuotoliniu b\u016bdu valdomas keleivinis l\u0117ktuvas"}]},{"@type":"WebSite","@id":"https:\/\/kidsplay.lt\/#website","url":"https:\/\/kidsplay.lt\/","name":"B\u0113rnu sp\u0113les.lv","description":"\u012evairios prek\u0117s vaikams","publisher":{"@id":"https:\/\/kidsplay.lt\/#organization"},"alternateName":"Kidsplay","potentialAction":[{"@type":"SearchAction","target":{"@type":"EntryPoint","urlTemplate":"https:\/\/kidsplay.lt\/?s={search_term_string}"},"query-input":{"@type":"PropertyValueSpecification","valueRequired":true,"valueName":"search_term_string"}}],"inLanguage":"lv-LV"},{"@type":"Organization","@id":"https:\/\/kidsplay.lt\/#organization","name":"B\u0113rnu sp\u0113le","url":"https:\/\/kidsplay.lt\/","logo":{"@type":"ImageObject","inLanguage":"lv-LV","@id":"https:\/\/kidsplay.lt\/#\/schema\/logo\/image\/","url":"https:\/\/kidsplay.lt\/wp-content\/uploads\/2023\/07\/kidsplay-logo.png","contentUrl":"https:\/\/kidsplay.lt\/wp-content\/uploads\/2023\/07\/kidsplay-logo.png","width":451,"height":98,"caption":"KidsPlay"},"image":{"@id":"https:\/\/kidsplay.lt\/#\/schema\/logo\/image\/"},"sameAs":["https:\/\/www.facebook.com\/www.kidsplay.lt"]}]}},"_links":{"self":[{"href":"https:\/\/kidsplay.lt\/lv\/wp-json\/wp\/v2\/product\/87781","targetHints":{"allow":["GET"]}}],"collection":[{"href":"https:\/\/kidsplay.lt\/lv\/wp-json\/wp\/v2\/product"}],"about":[{"href":"https:\/\/kidsplay.lt\/lv\/wp-json\/wp\/v2\/types\/product"}],"version-history":[{"count":1,"href":"https:\/\/kidsplay.lt\/lv\/wp-json\/wp\/v2\/product\/87781\/revisions"}],"predecessor-version":[{"id":87782,"href":"https:\/\/kidsplay.lt\/lv\/wp-json\/wp\/v2\/product\/87781\/revisions\/87782"}],"wp:featuredmedia":[{"embeddable":true,"href":"https:\/\/kidsplay.lt\/lv\/wp-json\/wp\/v2\/media\/87783"}],"wp:attachment":[{"href":"https:\/\/kidsplay.lt\/lv\/wp-json\/wp\/v2\/media?parent=87781"}],"wp:term":[{"taxonomy":"product_brand","embeddable":true,"href":"https:\/\/kidsplay.lt\/lv\/wp-json\/wp\/v2\/product_brand?post=87781"},{"taxonomy":"product_cat","embeddable":true,"href":"https:\/\/kidsplay.lt\/lv\/wp-json\/wp\/v2\/product_cat?post=87781"},{"taxonomy":"product_tag","embeddable":true,"href":"https:\/\/kidsplay.lt\/lv\/wp-json\/wp\/v2\/product_tag?post=87781"}],"curies":[{"name":"wp","href":"https:\/\/api.w.org\/{rel}","templated":true}]}}