{"id":87829,"date":"2026-02-24T20:50:42","date_gmt":"2026-02-24T18:50:42","guid":{"rendered":"https:\/\/kidsplay.lt\/produktas\/classic-world-didelis-medinis-leliu-namelis-su-baldais\/"},"modified":"2026-04-13T14:34:39","modified_gmt":"2026-04-13T11:34:39","slug":"classic-world-didelis-medinis-leliu-namelis-su-baldais","status":"publish","type":"product","link":"https:\/\/kidsplay.lt\/lv\/products\/classic-world-didelis-medinis-leliu-namelis-su-baldais\/","title":{"rendered":"KLASISK\u0100 PASAULE Liela koka le\u013c\u013cu m\u0101ja ar m\u0113bel\u0113m"},"content":{"rendered":"<p>Medinis l\u0117li\u0173 namelis su \u012franga \u2013\u00a0Classic World!<\/p>\n<p>\u0160is gra\u017eus, dviej\u0173 auk\u0161t\u0173 namelis su pal\u0117pe yra tikras lobis ma\u017eiesiems k\u016brybi\u0161kos \u017eaidimo myl\u0117tojams. Pilnas \u017eavesio, spalv\u0173 ir funkcionali\u0173 detali\u0173, jis leid\u017eia vaikams kurti savo istorijas ir kasdienio gyvenimo scenas. Kruop\u0161\u010diai pagaminti baldai, i\u0161baigti interjerai bei prid\u0117tos fig\u016br\u0117l\u0117s skatina ilgalaik\u012f vaidmen\u0173 \u017eaidim\u0105.<\/p>\n<p>Raksturojums:<\/p>\n<p> \t\u017eaislas vaikams nuo 3 met\u0173<br \/>\n \tpastelin\u0117s spalvos ir eleganti\u0161kas dizainas<br \/>\n \tdviej\u0173 auk\u0161t\u0173 konstrukcija su atviru pri\u0117jimu prie kambari\u0173<br \/>\n \tstogas su \u017evaig\u017ed\u017ei\u0173 motyvu \u2013 pasaki\u0161ka atmosfera pal\u0117p\u0117je<br \/>\n \tlavina vaizduot\u0119, smulki\u0105j\u0105 motorik\u0105 ir socialinius \u012fg\u016bd\u017eius<br \/>\n \tidealus tiek savaranki\u0161kam, tiek bendram \u017eaidimui<\/p>\n<p>Rota\u013clietu lav\u012bna:<\/p>\n<p> \tk\u016brybi\u0161kum\u0105 ir vaizduot\u0119<br \/>\n \tsocialinius \u012fg\u016bd\u017eius ir komandinius geb\u0117jimus<br \/>\n \tmotorinius \u012fg\u016bd\u017eius<br \/>\n \tregos ir judesi\u0173 koordinacij\u0105<\/p>\n<p>Rinkin\u012f sudaro:<\/p>\n<p> \t2 fig\u016br\u0117l\u0117s<br \/>\n \t2 gyv\u016bn\u0117liai<br \/>\n \tbaldai<\/p>","protected":false},"excerpt":{"rendered":"<p>Medinis l\u0117li\u0173 namelis su \u012franga \u2013\u00a0Classic World! \u0160is gra\u017eus, dviej\u0173 auk\u0161t\u0173 namelis su pal\u0117pe yra tikras lobis ma\u017eiesiems k\u016brybi\u0161kos \u017eaidimo<\/p>","protected":false},"featured_media":87831,"template":"","meta":{"_acf_changed":false,"_glsr_average":0,"_glsr_ranking":0,"_glsr_reviews":0},"product_brand":[],"product_cat":[443,229],"product_tag":[],"class_list":{"0":"post-87829","1":"product","2":"type-product","3":"status-publish","4":"has-post-thumbnail","6":"product_cat-leles-ir-priedai","7":"product_cat-zaislai-vaikams","8":"\"style=\"background-color: #2ecc711c;\"","10":"first","11":"instock","12":"purchasable","13":"product-type-simple"},"acf":[],"yoast_head":"<!-- This site is optimized with the Yoast SEO plugin v27.4 - https:\/\/yoast.com\/product\/yoast-seo-wordpress\/ -->\n<title>CLASSIC WORLD Didelis medinis l\u0117li\u0173 namelis su baldais<\/title>\n<meta name=\"description\" content=\"CLASSIC WORLD Didelis medinis l\u0117li\u0173 namelis su baldais - KidsPlay. Did\u017eiausias vaik\u0173 \u017eaisl\u0173 pasirinkimas.\" \/>\n<meta name=\"robots\" content=\"index, follow, max-snippet:-1, max-image-preview:large, max-video-preview:-1\" \/>\n<link rel=\"canonical\" href=\"https:\/\/kidsplay.lt\/lv\/products\/classic-world-didelis-medinis-leliu-namelis-su-baldais\/\" \/>\n<meta property=\"og:locale\" content=\"lv_LV\" \/>\n<meta property=\"og:type\" content=\"article\" \/>\n<meta property=\"og:title\" content=\"CLASSIC WORLD Didelis medinis l\u0117li\u0173 namelis su baldais\" \/>\n<meta property=\"og:description\" content=\"CLASSIC WORLD Didelis medinis l\u0117li\u0173 namelis su baldais - KidsPlay. Did\u017eiausias vaik\u0173 \u017eaisl\u0173 pasirinkimas.\" \/>\n<meta property=\"og:url\" content=\"https:\/\/kidsplay.lt\/lv\/products\/classic-world-didelis-medinis-leliu-namelis-su-baldais\/\" \/>\n<meta property=\"og:site_name\" content=\"KidsPlay\" \/>\n<meta property=\"article:publisher\" content=\"https:\/\/www.facebook.com\/www.kidsplay.lt\" \/>\n<meta property=\"article:modified_time\" content=\"2026-04-13T11:34:39+00:00\" \/>\n<meta property=\"og:image\" content=\"https:\/\/kidsplay.lt\/wp-content\/uploads\/2026\/02\/CLASSIC-WORLD-Didelis-medinis-leliu-namelis-su-baldais.jpg\" \/>\n\t<meta property=\"og:image:width\" content=\"2500\" \/>\n\t<meta property=\"og:image:height\" content=\"2500\" \/>\n\t<meta property=\"og:image:type\" content=\"image\/jpeg\" \/>\n<meta name=\"twitter:card\" content=\"summary_large_image\" \/>\n<meta name=\"twitter:label1\" content=\"Est. reading time\" \/>\n\t<meta name=\"twitter:data1\" content=\"1 min\u016bte\" \/>\n<script type=\"application\/ld+json\" class=\"yoast-schema-graph\">{\"@context\":\"https:\\\/\\\/schema.org\",\"@graph\":[{\"@type\":\"WebPage\",\"@id\":\"https:\\\/\\\/kidsplay.lt\\\/produktas\\\/classic-world-didelis-medinis-leliu-namelis-su-baldais\\\/\",\"url\":\"https:\\\/\\\/kidsplay.lt\\\/produktas\\\/classic-world-didelis-medinis-leliu-namelis-su-baldais\\\/\",\"name\":\"CLASSIC WORLD Didelis medinis l\u0117li\u0173 namelis su baldais\",\"isPartOf\":{\"@id\":\"https:\\\/\\\/kidsplay.lt\\\/#website\"},\"primaryImageOfPage\":{\"@id\":\"https:\\\/\\\/kidsplay.lt\\\/produktas\\\/classic-world-didelis-medinis-leliu-namelis-su-baldais\\\/#primaryimage\"},\"image\":{\"@id\":\"https:\\\/\\\/kidsplay.lt\\\/produktas\\\/classic-world-didelis-medinis-leliu-namelis-su-baldais\\\/#primaryimage\"},\"thumbnailUrl\":\"https:\\\/\\\/kidsplay.lt\\\/wp-content\\\/uploads\\\/2026\\\/02\\\/CLASSIC-WORLD-Didelis-medinis-leliu-namelis-su-baldais.jpg\",\"datePublished\":\"2026-02-24T18:50:42+00:00\",\"dateModified\":\"2026-04-13T11:34:39+00:00\",\"description\":\"CLASSIC WORLD Didelis medinis l\u0117li\u0173 namelis su baldais - KidsPlay. Did\u017eiausias vaik\u0173 \u017eaisl\u0173 pasirinkimas.\",\"breadcrumb\":{\"@id\":\"https:\\\/\\\/kidsplay.lt\\\/produktas\\\/classic-world-didelis-medinis-leliu-namelis-su-baldais\\\/#breadcrumb\"},\"inLanguage\":\"lv-LV\",\"potentialAction\":[{\"@type\":\"ReadAction\",\"target\":[\"https:\\\/\\\/kidsplay.lt\\\/produktas\\\/classic-world-didelis-medinis-leliu-namelis-su-baldais\\\/\"]}]},{\"@type\":\"ImageObject\",\"inLanguage\":\"lv-LV\",\"@id\":\"https:\\\/\\\/kidsplay.lt\\\/produktas\\\/classic-world-didelis-medinis-leliu-namelis-su-baldais\\\/#primaryimage\",\"url\":\"https:\\\/\\\/kidsplay.lt\\\/wp-content\\\/uploads\\\/2026\\\/02\\\/CLASSIC-WORLD-Didelis-medinis-leliu-namelis-su-baldais.jpg\",\"contentUrl\":\"https:\\\/\\\/kidsplay.lt\\\/wp-content\\\/uploads\\\/2026\\\/02\\\/CLASSIC-WORLD-Didelis-medinis-leliu-namelis-su-baldais.jpg\",\"width\":2500,\"height\":2500,\"caption\":\"CLASSIC WORLD Didelis medinis l\u0117li\u0173 namelis su baldais\"},{\"@type\":\"BreadcrumbList\",\"@id\":\"https:\\\/\\\/kidsplay.lt\\\/produktas\\\/classic-world-didelis-medinis-leliu-namelis-su-baldais\\\/#breadcrumb\",\"itemListElement\":[{\"@type\":\"ListItem\",\"position\":1,\"name\":\"Pagrindinis\",\"item\":\"https:\\\/\\\/kidsplay.lt\\\/\"},{\"@type\":\"ListItem\",\"position\":2,\"name\":\"Parduotuv\u0117\",\"item\":\"https:\\\/\\\/kidsplay.lt\\\/parduotuve\\\/\"},{\"@type\":\"ListItem\",\"position\":3,\"name\":\"CLASSIC WORLD Didelis medinis l\u0117li\u0173 namelis su baldais\"}]},{\"@type\":\"WebSite\",\"@id\":\"https:\\\/\\\/kidsplay.lt\\\/#website\",\"url\":\"https:\\\/\\\/kidsplay.lt\\\/\",\"name\":\"Kidsplay.lt\",\"description\":\"\u012evairios prek\u0117s vaikams\",\"publisher\":{\"@id\":\"https:\\\/\\\/kidsplay.lt\\\/#organization\"},\"alternateName\":\"Kidsplay\",\"potentialAction\":[{\"@type\":\"SearchAction\",\"target\":{\"@type\":\"EntryPoint\",\"urlTemplate\":\"https:\\\/\\\/kidsplay.lt\\\/?s={search_term_string}\"},\"query-input\":{\"@type\":\"PropertyValueSpecification\",\"valueRequired\":true,\"valueName\":\"search_term_string\"}}],\"inLanguage\":\"lv-LV\"},{\"@type\":\"Organization\",\"@id\":\"https:\\\/\\\/kidsplay.lt\\\/#organization\",\"name\":\"KidsPlay\",\"url\":\"https:\\\/\\\/kidsplay.lt\\\/\",\"logo\":{\"@type\":\"ImageObject\",\"inLanguage\":\"lv-LV\",\"@id\":\"https:\\\/\\\/kidsplay.lt\\\/#\\\/schema\\\/logo\\\/image\\\/\",\"url\":\"https:\\\/\\\/kidsplay.lt\\\/wp-content\\\/uploads\\\/2023\\\/07\\\/kidsplay-logo.png\",\"contentUrl\":\"https:\\\/\\\/kidsplay.lt\\\/wp-content\\\/uploads\\\/2023\\\/07\\\/kidsplay-logo.png\",\"width\":451,\"height\":98,\"caption\":\"KidsPlay\"},\"image\":{\"@id\":\"https:\\\/\\\/kidsplay.lt\\\/#\\\/schema\\\/logo\\\/image\\\/\"},\"sameAs\":[\"https:\\\/\\\/www.facebook.com\\\/www.kidsplay.lt\"]}]}<\/script>\n<!-- \/ Yoast SEO plugin. -->","yoast_head_json":{"title":"KLASISK\u0100 PASAULE Liela koka le\u013c\u013cu m\u0101ja ar m\u0113bel\u0113m","description":"CLASSIC WORLD Didelis medinis l\u0117li\u0173 namelis su baldais - KidsPlay. Did\u017eiausias vaik\u0173 \u017eaisl\u0173 pasirinkimas.","robots":{"index":"index","follow":"follow","max-snippet":"max-snippet:-1","max-image-preview":"max-image-preview:large","max-video-preview":"max-video-preview:-1"},"canonical":"https:\/\/kidsplay.lt\/lv\/products\/classic-world-didelis-medinis-leliu-namelis-su-baldais\/","og_locale":"lv_LV","og_type":"article","og_title":"CLASSIC WORLD Didelis medinis l\u0117li\u0173 namelis su baldais","og_description":"CLASSIC WORLD Didelis medinis l\u0117li\u0173 namelis su baldais - KidsPlay. Did\u017eiausias vaik\u0173 \u017eaisl\u0173 pasirinkimas.","og_url":"https:\/\/kidsplay.lt\/lv\/products\/classic-world-didelis-medinis-leliu-namelis-su-baldais\/","og_site_name":"KidsPlay","article_publisher":"https:\/\/www.facebook.com\/www.kidsplay.lt","article_modified_time":"2026-04-13T11:34:39+00:00","og_image":[{"width":2500,"height":2500,"url":"https:\/\/kidsplay.lt\/wp-content\/uploads\/2026\/02\/CLASSIC-WORLD-Didelis-medinis-leliu-namelis-su-baldais.jpg","type":"image\/jpeg"}],"twitter_card":"summary_large_image","twitter_misc":{"Est. reading time":"1 min\u016bte"},"schema":{"@context":"https:\/\/schema.org","@graph":[{"@type":"WebPage","@id":"https:\/\/kidsplay.lt\/produktas\/classic-world-didelis-medinis-leliu-namelis-su-baldais\/","url":"https:\/\/kidsplay.lt\/produktas\/classic-world-didelis-medinis-leliu-namelis-su-baldais\/","name":"KLASISK\u0100 PASAULE Liela koka le\u013c\u013cu m\u0101ja ar m\u0113bel\u0113m","isPartOf":{"@id":"https:\/\/kidsplay.lt\/#website"},"primaryImageOfPage":{"@id":"https:\/\/kidsplay.lt\/produktas\/classic-world-didelis-medinis-leliu-namelis-su-baldais\/#primaryimage"},"image":{"@id":"https:\/\/kidsplay.lt\/produktas\/classic-world-didelis-medinis-leliu-namelis-su-baldais\/#primaryimage"},"thumbnailUrl":"https:\/\/kidsplay.lt\/wp-content\/uploads\/2026\/02\/CLASSIC-WORLD-Didelis-medinis-leliu-namelis-su-baldais.jpg","datePublished":"2026-02-24T18:50:42+00:00","dateModified":"2026-04-13T11:34:39+00:00","description":"CLASSIC WORLD Didelis medinis l\u0117li\u0173 namelis su baldais - KidsPlay. Did\u017eiausias vaik\u0173 \u017eaisl\u0173 pasirinkimas.","breadcrumb":{"@id":"https:\/\/kidsplay.lt\/produktas\/classic-world-didelis-medinis-leliu-namelis-su-baldais\/#breadcrumb"},"inLanguage":"lv-LV","potentialAction":[{"@type":"ReadAction","target":["https:\/\/kidsplay.lt\/produktas\/classic-world-didelis-medinis-leliu-namelis-su-baldais\/"]}]},{"@type":"ImageObject","inLanguage":"lv-LV","@id":"https:\/\/kidsplay.lt\/produktas\/classic-world-didelis-medinis-leliu-namelis-su-baldais\/#primaryimage","url":"https:\/\/kidsplay.lt\/wp-content\/uploads\/2026\/02\/CLASSIC-WORLD-Didelis-medinis-leliu-namelis-su-baldais.jpg","contentUrl":"https:\/\/kidsplay.lt\/wp-content\/uploads\/2026\/02\/CLASSIC-WORLD-Didelis-medinis-leliu-namelis-su-baldais.jpg","width":2500,"height":2500,"caption":"CLASSIC WORLD Didelis medinis l\u0117li\u0173 namelis su baldais"},{"@type":"BreadcrumbList","@id":"https:\/\/kidsplay.lt\/produktas\/classic-world-didelis-medinis-leliu-namelis-su-baldais\/#breadcrumb","itemListElement":[{"@type":"ListItem","position":1,"name":"Pagrindinis","item":"https:\/\/kidsplay.lt\/"},{"@type":"ListItem","position":2,"name":"Parduotuv\u0117","item":"https:\/\/kidsplay.lt\/parduotuve\/"},{"@type":"ListItem","position":3,"name":"CLASSIC WORLD Didelis medinis l\u0117li\u0173 namelis su baldais"}]},{"@type":"WebSite","@id":"https:\/\/kidsplay.lt\/#website","url":"https:\/\/kidsplay.lt\/","name":"B\u0113rnu sp\u0113les.lv","description":"\u012evairios prek\u0117s vaikams","publisher":{"@id":"https:\/\/kidsplay.lt\/#organization"},"alternateName":"Kidsplay","potentialAction":[{"@type":"SearchAction","target":{"@type":"EntryPoint","urlTemplate":"https:\/\/kidsplay.lt\/?s={search_term_string}"},"query-input":{"@type":"PropertyValueSpecification","valueRequired":true,"valueName":"search_term_string"}}],"inLanguage":"lv-LV"},{"@type":"Organization","@id":"https:\/\/kidsplay.lt\/#organization","name":"B\u0113rnu sp\u0113le","url":"https:\/\/kidsplay.lt\/","logo":{"@type":"ImageObject","inLanguage":"lv-LV","@id":"https:\/\/kidsplay.lt\/#\/schema\/logo\/image\/","url":"https:\/\/kidsplay.lt\/wp-content\/uploads\/2023\/07\/kidsplay-logo.png","contentUrl":"https:\/\/kidsplay.lt\/wp-content\/uploads\/2023\/07\/kidsplay-logo.png","width":451,"height":98,"caption":"KidsPlay"},"image":{"@id":"https:\/\/kidsplay.lt\/#\/schema\/logo\/image\/"},"sameAs":["https:\/\/www.facebook.com\/www.kidsplay.lt"]}]}},"_links":{"self":[{"href":"https:\/\/kidsplay.lt\/lv\/wp-json\/wp\/v2\/product\/87829","targetHints":{"allow":["GET"]}}],"collection":[{"href":"https:\/\/kidsplay.lt\/lv\/wp-json\/wp\/v2\/product"}],"about":[{"href":"https:\/\/kidsplay.lt\/lv\/wp-json\/wp\/v2\/types\/product"}],"version-history":[{"count":1,"href":"https:\/\/kidsplay.lt\/lv\/wp-json\/wp\/v2\/product\/87829\/revisions"}],"predecessor-version":[{"id":87830,"href":"https:\/\/kidsplay.lt\/lv\/wp-json\/wp\/v2\/product\/87829\/revisions\/87830"}],"wp:featuredmedia":[{"embeddable":true,"href":"https:\/\/kidsplay.lt\/lv\/wp-json\/wp\/v2\/media\/87831"}],"wp:attachment":[{"href":"https:\/\/kidsplay.lt\/lv\/wp-json\/wp\/v2\/media?parent=87829"}],"wp:term":[{"taxonomy":"product_brand","embeddable":true,"href":"https:\/\/kidsplay.lt\/lv\/wp-json\/wp\/v2\/product_brand?post=87829"},{"taxonomy":"product_cat","embeddable":true,"href":"https:\/\/kidsplay.lt\/lv\/wp-json\/wp\/v2\/product_cat?post=87829"},{"taxonomy":"product_tag","embeddable":true,"href":"https:\/\/kidsplay.lt\/lv\/wp-json\/wp\/v2\/product_tag?post=87829"}],"curies":[{"name":"wp","href":"https:\/\/api.w.org\/{rel}","templated":true}]}}