{"id":87834,"date":"2026-02-24T20:51:07","date_gmt":"2026-02-24T18:51:07","guid":{"rendered":"https:\/\/kidsplay.lt\/produktas\/smoby-blackdecker-vaikiska-zoliapjove-su-garsu\/"},"modified":"2026-04-13T14:34:53","modified_gmt":"2026-04-13T11:34:53","slug":"smoby-blackdecker-vaikiska-zoliapjove-su-garsu","status":"publish","type":"product","link":"https:\/\/kidsplay.lt\/lv\/products\/smoby-blackdecker-vaikiska-zoliapjove-su-garsu\/","title":{"rendered":"Smoby Black&amp;Decker b\u0113rnu z\u0101les p\u013c\u0101v\u0113js ar ska\u0146u"},"content":{"rendered":"<p>Leisk vaikui pasijusti tikru kiemo pagalbininku su Smoby Black&amp;Decker \u017eoliapjove! Tai lengva, saugi ir realisti\u0161ka \u017eaislin\u0117 kosiarka, kuri puikiai tinka aktyviam \u017eaidimui lauke. Stumiant ji skleid\u017eia terk\u0161\u0117jimo gars\u0105, imituojant\u012f tikros \u017eoliapjov\u0117s veikim\u0105, o priekyje esantis sukamas reguliavimo ratukas suteikia dar daugiau \u017eaidybinio realizmo.<\/p>\n<p>Pagaminta i\u0161 auk\u0161tos kokyb\u0117s, vaikams saugi\u0173 med\u017eiag\u0173, \u0161i \u017eoliapjov\u0117 yra tvirta, patogi ir ilgaam\u017e\u0117. Tai puikus \u017eaislas ma\u017eiesiems, kurie m\u0117gsta imituoti suaugusi\u0173j\u0173 darbus ir aktyviai leisti laik\u0105 lauke.<\/p>\n<p>Raksturojums<\/p>\n<p> \tB\u0113rniem no 3 gadu vecuma<br \/>\n \tRy\u0161ki oran\u017ein\u0117 Black&amp;Decker stilistika<br \/>\n \tStumiant skleid\u017eia terk\u0161\u0117jimo gars\u0105<br \/>\n \tSukamas ratukas imituoja apsuk\u0173 reguliavim\u0105<br \/>\n \tPagaminta i\u0161 auk\u0161tos kokyb\u0117s, saugaus plastiko<br \/>\n \tTvirta ir lengva konstrukcija<br \/>\n \tRankenos auk\u0161tis \u2013 apie 54 cm<br \/>\n \tPagaminta Pranc\u016bzijoje<\/p>","protected":false},"excerpt":{"rendered":"<p>Leisk vaikui pasijusti tikru kiemo pagalbininku su Smoby Black&amp;Decker \u017eoliapjove! Tai lengva, saugi ir realisti\u0161ka \u017eaislin\u0117 kosiarka, kuri puikiai tinka<\/p>","protected":false},"featured_media":87836,"template":"","meta":{"_acf_changed":false,"_glsr_average":0,"_glsr_ranking":0,"_glsr_reviews":0},"product_brand":[],"product_cat":[896,399],"product_tag":[],"class_list":{"0":"post-87834","1":"product","2":"type-product","3":"status-publish","4":"has-post-thumbnail","6":"product_cat-namu-ukis-vaidmenu-zaidimai","7":"product_cat-vaidmenu-zaidimai-2","8":"\"style=\"background-color: #2ecc711c;\"","10":"first","11":"instock","12":"purchasable","13":"product-type-simple"},"acf":[],"yoast_head":"<!-- This site is optimized with the Yoast SEO plugin v27.4 - https:\/\/yoast.com\/product\/yoast-seo-wordpress\/ -->\n<title>Smoby Black&#038;Decker vaiki\u0161ka \u017eoliapjov\u0117 su garsu<\/title>\n<meta name=\"description\" content=\"Smoby Black&#038;Decker vaiki\u0161ka \u017eoliapjov\u0117 su garsu - KidsPlay. Did\u017eiausias vaik\u0173 \u017eaisl\u0173 pasirinkimas.\" \/>\n<meta name=\"robots\" content=\"index, follow, max-snippet:-1, max-image-preview:large, max-video-preview:-1\" \/>\n<link rel=\"canonical\" href=\"https:\/\/kidsplay.lt\/lv\/products\/smoby-blackdecker-vaikiska-zoliapjove-su-garsu\/\" \/>\n<meta property=\"og:locale\" content=\"lv_LV\" \/>\n<meta property=\"og:type\" content=\"article\" \/>\n<meta property=\"og:title\" content=\"Smoby Black&#038;Decker vaiki\u0161ka \u017eoliapjov\u0117 su garsu\" \/>\n<meta property=\"og:description\" content=\"Smoby Black&#038;Decker vaiki\u0161ka \u017eoliapjov\u0117 su garsu - KidsPlay. Did\u017eiausias vaik\u0173 \u017eaisl\u0173 pasirinkimas.\" \/>\n<meta property=\"og:url\" content=\"https:\/\/kidsplay.lt\/lv\/products\/smoby-blackdecker-vaikiska-zoliapjove-su-garsu\/\" \/>\n<meta property=\"og:site_name\" content=\"KidsPlay\" \/>\n<meta property=\"article:publisher\" content=\"https:\/\/www.facebook.com\/www.kidsplay.lt\" \/>\n<meta property=\"article:modified_time\" content=\"2026-04-13T11:34:53+00:00\" \/>\n<meta property=\"og:image\" content=\"https:\/\/kidsplay.lt\/wp-content\/uploads\/2026\/02\/Smoby-Black038Decker-vaikiska-zoliapjove-su-garsu.jpg\" \/>\n\t<meta property=\"og:image:width\" content=\"1659\" \/>\n\t<meta property=\"og:image:height\" content=\"2362\" \/>\n\t<meta property=\"og:image:type\" content=\"image\/jpeg\" \/>\n<meta name=\"twitter:card\" content=\"summary_large_image\" \/>\n<meta name=\"twitter:label1\" content=\"Est. reading time\" \/>\n\t<meta name=\"twitter:data1\" content=\"1 min\u016bte\" \/>\n<script type=\"application\/ld+json\" class=\"yoast-schema-graph\">{\"@context\":\"https:\\\/\\\/schema.org\",\"@graph\":[{\"@type\":\"WebPage\",\"@id\":\"https:\\\/\\\/kidsplay.lt\\\/produktas\\\/smoby-blackdecker-vaikiska-zoliapjove-su-garsu\\\/\",\"url\":\"https:\\\/\\\/kidsplay.lt\\\/produktas\\\/smoby-blackdecker-vaikiska-zoliapjove-su-garsu\\\/\",\"name\":\"Smoby Black&#038;Decker vaiki\u0161ka \u017eoliapjov\u0117 su garsu\",\"isPartOf\":{\"@id\":\"https:\\\/\\\/kidsplay.lt\\\/#website\"},\"primaryImageOfPage\":{\"@id\":\"https:\\\/\\\/kidsplay.lt\\\/produktas\\\/smoby-blackdecker-vaikiska-zoliapjove-su-garsu\\\/#primaryimage\"},\"image\":{\"@id\":\"https:\\\/\\\/kidsplay.lt\\\/produktas\\\/smoby-blackdecker-vaikiska-zoliapjove-su-garsu\\\/#primaryimage\"},\"thumbnailUrl\":\"https:\\\/\\\/kidsplay.lt\\\/wp-content\\\/uploads\\\/2026\\\/02\\\/Smoby-Black038Decker-vaikiska-zoliapjove-su-garsu.jpg\",\"datePublished\":\"2026-02-24T18:51:07+00:00\",\"dateModified\":\"2026-04-13T11:34:53+00:00\",\"description\":\"Smoby Black&#038;Decker vaiki\u0161ka \u017eoliapjov\u0117 su garsu - KidsPlay. Did\u017eiausias vaik\u0173 \u017eaisl\u0173 pasirinkimas.\",\"breadcrumb\":{\"@id\":\"https:\\\/\\\/kidsplay.lt\\\/produktas\\\/smoby-blackdecker-vaikiska-zoliapjove-su-garsu\\\/#breadcrumb\"},\"inLanguage\":\"lv-LV\",\"potentialAction\":[{\"@type\":\"ReadAction\",\"target\":[\"https:\\\/\\\/kidsplay.lt\\\/produktas\\\/smoby-blackdecker-vaikiska-zoliapjove-su-garsu\\\/\"]}]},{\"@type\":\"ImageObject\",\"inLanguage\":\"lv-LV\",\"@id\":\"https:\\\/\\\/kidsplay.lt\\\/produktas\\\/smoby-blackdecker-vaikiska-zoliapjove-su-garsu\\\/#primaryimage\",\"url\":\"https:\\\/\\\/kidsplay.lt\\\/wp-content\\\/uploads\\\/2026\\\/02\\\/Smoby-Black038Decker-vaikiska-zoliapjove-su-garsu.jpg\",\"contentUrl\":\"https:\\\/\\\/kidsplay.lt\\\/wp-content\\\/uploads\\\/2026\\\/02\\\/Smoby-Black038Decker-vaikiska-zoliapjove-su-garsu.jpg\",\"width\":1659,\"height\":2362,\"caption\":\"Smoby Black&#038;Decker vaiki\u0161ka \u017eoliapjov\u0117 su garsu\"},{\"@type\":\"BreadcrumbList\",\"@id\":\"https:\\\/\\\/kidsplay.lt\\\/produktas\\\/smoby-blackdecker-vaikiska-zoliapjove-su-garsu\\\/#breadcrumb\",\"itemListElement\":[{\"@type\":\"ListItem\",\"position\":1,\"name\":\"Pagrindinis\",\"item\":\"https:\\\/\\\/kidsplay.lt\\\/\"},{\"@type\":\"ListItem\",\"position\":2,\"name\":\"Parduotuv\u0117\",\"item\":\"https:\\\/\\\/kidsplay.lt\\\/parduotuve\\\/\"},{\"@type\":\"ListItem\",\"position\":3,\"name\":\"Smoby Black&#038;Decker vaiki\u0161ka \u017eoliapjov\u0117 su garsu\"}]},{\"@type\":\"WebSite\",\"@id\":\"https:\\\/\\\/kidsplay.lt\\\/#website\",\"url\":\"https:\\\/\\\/kidsplay.lt\\\/\",\"name\":\"Kidsplay.lt\",\"description\":\"\u012evairios prek\u0117s vaikams\",\"publisher\":{\"@id\":\"https:\\\/\\\/kidsplay.lt\\\/#organization\"},\"alternateName\":\"Kidsplay\",\"potentialAction\":[{\"@type\":\"SearchAction\",\"target\":{\"@type\":\"EntryPoint\",\"urlTemplate\":\"https:\\\/\\\/kidsplay.lt\\\/?s={search_term_string}\"},\"query-input\":{\"@type\":\"PropertyValueSpecification\",\"valueRequired\":true,\"valueName\":\"search_term_string\"}}],\"inLanguage\":\"lv-LV\"},{\"@type\":\"Organization\",\"@id\":\"https:\\\/\\\/kidsplay.lt\\\/#organization\",\"name\":\"KidsPlay\",\"url\":\"https:\\\/\\\/kidsplay.lt\\\/\",\"logo\":{\"@type\":\"ImageObject\",\"inLanguage\":\"lv-LV\",\"@id\":\"https:\\\/\\\/kidsplay.lt\\\/#\\\/schema\\\/logo\\\/image\\\/\",\"url\":\"https:\\\/\\\/kidsplay.lt\\\/wp-content\\\/uploads\\\/2023\\\/07\\\/kidsplay-logo.png\",\"contentUrl\":\"https:\\\/\\\/kidsplay.lt\\\/wp-content\\\/uploads\\\/2023\\\/07\\\/kidsplay-logo.png\",\"width\":451,\"height\":98,\"caption\":\"KidsPlay\"},\"image\":{\"@id\":\"https:\\\/\\\/kidsplay.lt\\\/#\\\/schema\\\/logo\\\/image\\\/\"},\"sameAs\":[\"https:\\\/\\\/www.facebook.com\\\/www.kidsplay.lt\"]}]}<\/script>\n<!-- \/ Yoast SEO plugin. -->","yoast_head_json":{"title":"Smoby Black&amp;Decker b\u0113rnu z\u0101les p\u013c\u0101v\u0113js ar ska\u0146u","description":"Smoby Black&#038;Decker vaiki\u0161ka \u017eoliapjov\u0117 su garsu - KidsPlay. Did\u017eiausias vaik\u0173 \u017eaisl\u0173 pasirinkimas.","robots":{"index":"index","follow":"follow","max-snippet":"max-snippet:-1","max-image-preview":"max-image-preview:large","max-video-preview":"max-video-preview:-1"},"canonical":"https:\/\/kidsplay.lt\/lv\/products\/smoby-blackdecker-vaikiska-zoliapjove-su-garsu\/","og_locale":"lv_LV","og_type":"article","og_title":"Smoby Black&#038;Decker vaiki\u0161ka \u017eoliapjov\u0117 su garsu","og_description":"Smoby Black&#038;Decker vaiki\u0161ka \u017eoliapjov\u0117 su garsu - KidsPlay. Did\u017eiausias vaik\u0173 \u017eaisl\u0173 pasirinkimas.","og_url":"https:\/\/kidsplay.lt\/lv\/products\/smoby-blackdecker-vaikiska-zoliapjove-su-garsu\/","og_site_name":"KidsPlay","article_publisher":"https:\/\/www.facebook.com\/www.kidsplay.lt","article_modified_time":"2026-04-13T11:34:53+00:00","og_image":[{"width":1659,"height":2362,"url":"https:\/\/kidsplay.lt\/wp-content\/uploads\/2026\/02\/Smoby-Black038Decker-vaikiska-zoliapjove-su-garsu.jpg","type":"image\/jpeg"}],"twitter_card":"summary_large_image","twitter_misc":{"Est. reading time":"1 min\u016bte"},"schema":{"@context":"https:\/\/schema.org","@graph":[{"@type":"WebPage","@id":"https:\/\/kidsplay.lt\/produktas\/smoby-blackdecker-vaikiska-zoliapjove-su-garsu\/","url":"https:\/\/kidsplay.lt\/produktas\/smoby-blackdecker-vaikiska-zoliapjove-su-garsu\/","name":"Smoby Black&amp;Decker b\u0113rnu z\u0101les p\u013c\u0101v\u0113js ar ska\u0146u","isPartOf":{"@id":"https:\/\/kidsplay.lt\/#website"},"primaryImageOfPage":{"@id":"https:\/\/kidsplay.lt\/produktas\/smoby-blackdecker-vaikiska-zoliapjove-su-garsu\/#primaryimage"},"image":{"@id":"https:\/\/kidsplay.lt\/produktas\/smoby-blackdecker-vaikiska-zoliapjove-su-garsu\/#primaryimage"},"thumbnailUrl":"https:\/\/kidsplay.lt\/wp-content\/uploads\/2026\/02\/Smoby-Black038Decker-vaikiska-zoliapjove-su-garsu.jpg","datePublished":"2026-02-24T18:51:07+00:00","dateModified":"2026-04-13T11:34:53+00:00","description":"Smoby Black&#038;Decker vaiki\u0161ka \u017eoliapjov\u0117 su garsu - KidsPlay. Did\u017eiausias vaik\u0173 \u017eaisl\u0173 pasirinkimas.","breadcrumb":{"@id":"https:\/\/kidsplay.lt\/produktas\/smoby-blackdecker-vaikiska-zoliapjove-su-garsu\/#breadcrumb"},"inLanguage":"lv-LV","potentialAction":[{"@type":"ReadAction","target":["https:\/\/kidsplay.lt\/produktas\/smoby-blackdecker-vaikiska-zoliapjove-su-garsu\/"]}]},{"@type":"ImageObject","inLanguage":"lv-LV","@id":"https:\/\/kidsplay.lt\/produktas\/smoby-blackdecker-vaikiska-zoliapjove-su-garsu\/#primaryimage","url":"https:\/\/kidsplay.lt\/wp-content\/uploads\/2026\/02\/Smoby-Black038Decker-vaikiska-zoliapjove-su-garsu.jpg","contentUrl":"https:\/\/kidsplay.lt\/wp-content\/uploads\/2026\/02\/Smoby-Black038Decker-vaikiska-zoliapjove-su-garsu.jpg","width":1659,"height":2362,"caption":"Smoby Black&#038;Decker vaiki\u0161ka \u017eoliapjov\u0117 su garsu"},{"@type":"BreadcrumbList","@id":"https:\/\/kidsplay.lt\/produktas\/smoby-blackdecker-vaikiska-zoliapjove-su-garsu\/#breadcrumb","itemListElement":[{"@type":"ListItem","position":1,"name":"Pagrindinis","item":"https:\/\/kidsplay.lt\/"},{"@type":"ListItem","position":2,"name":"Parduotuv\u0117","item":"https:\/\/kidsplay.lt\/parduotuve\/"},{"@type":"ListItem","position":3,"name":"Smoby Black&#038;Decker vaiki\u0161ka \u017eoliapjov\u0117 su garsu"}]},{"@type":"WebSite","@id":"https:\/\/kidsplay.lt\/#website","url":"https:\/\/kidsplay.lt\/","name":"B\u0113rnu sp\u0113les.lv","description":"\u012evairios prek\u0117s vaikams","publisher":{"@id":"https:\/\/kidsplay.lt\/#organization"},"alternateName":"Kidsplay","potentialAction":[{"@type":"SearchAction","target":{"@type":"EntryPoint","urlTemplate":"https:\/\/kidsplay.lt\/?s={search_term_string}"},"query-input":{"@type":"PropertyValueSpecification","valueRequired":true,"valueName":"search_term_string"}}],"inLanguage":"lv-LV"},{"@type":"Organization","@id":"https:\/\/kidsplay.lt\/#organization","name":"B\u0113rnu sp\u0113le","url":"https:\/\/kidsplay.lt\/","logo":{"@type":"ImageObject","inLanguage":"lv-LV","@id":"https:\/\/kidsplay.lt\/#\/schema\/logo\/image\/","url":"https:\/\/kidsplay.lt\/wp-content\/uploads\/2023\/07\/kidsplay-logo.png","contentUrl":"https:\/\/kidsplay.lt\/wp-content\/uploads\/2023\/07\/kidsplay-logo.png","width":451,"height":98,"caption":"KidsPlay"},"image":{"@id":"https:\/\/kidsplay.lt\/#\/schema\/logo\/image\/"},"sameAs":["https:\/\/www.facebook.com\/www.kidsplay.lt"]}]}},"_links":{"self":[{"href":"https:\/\/kidsplay.lt\/lv\/wp-json\/wp\/v2\/product\/87834","targetHints":{"allow":["GET"]}}],"collection":[{"href":"https:\/\/kidsplay.lt\/lv\/wp-json\/wp\/v2\/product"}],"about":[{"href":"https:\/\/kidsplay.lt\/lv\/wp-json\/wp\/v2\/types\/product"}],"version-history":[{"count":1,"href":"https:\/\/kidsplay.lt\/lv\/wp-json\/wp\/v2\/product\/87834\/revisions"}],"predecessor-version":[{"id":87835,"href":"https:\/\/kidsplay.lt\/lv\/wp-json\/wp\/v2\/product\/87834\/revisions\/87835"}],"wp:featuredmedia":[{"embeddable":true,"href":"https:\/\/kidsplay.lt\/lv\/wp-json\/wp\/v2\/media\/87836"}],"wp:attachment":[{"href":"https:\/\/kidsplay.lt\/lv\/wp-json\/wp\/v2\/media?parent=87834"}],"wp:term":[{"taxonomy":"product_brand","embeddable":true,"href":"https:\/\/kidsplay.lt\/lv\/wp-json\/wp\/v2\/product_brand?post=87834"},{"taxonomy":"product_cat","embeddable":true,"href":"https:\/\/kidsplay.lt\/lv\/wp-json\/wp\/v2\/product_cat?post=87834"},{"taxonomy":"product_tag","embeddable":true,"href":"https:\/\/kidsplay.lt\/lv\/wp-json\/wp\/v2\/product_tag?post=87834"}],"curies":[{"name":"wp","href":"https:\/\/api.w.org\/{rel}","templated":true}]}}