{"id":87897,"date":"2026-02-24T20:55:31","date_gmt":"2026-02-24T18:55:31","guid":{"rendered":"https:\/\/kidsplay.lt\/produktas\/tooky-toy-medinis-baby-gym-su-3-sensoriniais-zaislais\/"},"modified":"2026-04-07T10:14:35","modified_gmt":"2026-04-07T07:14:35","slug":"tooky-toy-medinis-baby-gym-su-3-sensoriniais-zaislais","status":"publish","type":"product","link":"https:\/\/kidsplay.lt\/lv\/products\/tooky-toy-medinis-baby-gym-su-3-sensoriniais-zaislais\/","title":{"rendered":"Tooky Toy koka b\u0113rnu vingro\u0161anas komplekts ar 3 sensor\u0101m rota\u013cliet\u0101m"},"content":{"rendered":"<p>Tooky Toy medinis baby gym sukurtas taip, kad nuo pat pirm\u0173j\u0173 gyvenimo dien\u0173 \u0161velniai stimuliuot\u0173 k\u016bdikio poj\u016b\u010dius ir skatint\u0173 ankstyv\u0105j\u012f vystym\u0105si. Stovas turi tris pakabinamus sensorinius \u017eaislus, kurie traukia ma\u017eylio \u017evilgsn\u012f, skatina siekti, liesti ir klausytis.<\/p>\n<p>Eglut\u0117 \u017eavi ry\u0161kiomis spalvomis ir \u0161velniu \u0161iurenimu, kuris pasigirsta j\u0105 palietus. Li\u016btukas yra mink\u0161tas, malonus liesti ir lengvai bar\u0161kantis \u2014 viduje pasl\u0117ptas \u0161velnus varpelis. Tre\u010dias pakabukas turi tris ma\u017eesnius elementus su skirtingomis tekst\u016bromis, o paspaudus skleid\u017eia \u0161veln\u0173 cyptel\u0117jim\u0105.<\/p>\n<p>Tai \u017eaislas, kuris nat\u016braliai skatina k\u016bdik\u012f jud\u0117ti, tyrin\u0117ti ir lavinti poj\u016b\u010dius.<\/p>\n<p>Raksturojums<\/p>\n<p> \tTinka k\u016bdikiams nuo gimimo<br \/>\n \tRinkin\u012f sudaro stovas ir 3 pakabinami \u017eaislai<br \/>\n \tPastelin\u0117s, k\u016bdikiams draugi\u0161kos spalvos<br \/>\n \tNuda\u017eyta saugiais, netoksi\u0161kais da\u017eais<br \/>\n \tSkirtingos tekst\u016bros, garsai ir formos<\/p>\n<p>Rota\u013clietu lav\u012bna<\/p>\n<p> \tRoku-acu koordin\u0101cija<br \/>\n \tKlaus\u0105, reg\u0105 ir lyt\u0117jim\u0105<br \/>\n \tSmulki\u0105j\u0105 motorik\u0105 ir judesi\u0173 tikslum\u0105<br \/>\n \tSensorin\u012f suvokim\u0105<\/p>","protected":false},"excerpt":{"rendered":"<p>Tooky Toy medinis baby gym sukurtas taip, kad nuo pat pirm\u0173j\u0173 gyvenimo dien\u0173 \u0161velniai stimuliuot\u0173 k\u016bdikio poj\u016b\u010dius ir skatint\u0173 ankstyv\u0105j\u012f<\/p>","protected":false},"featured_media":87899,"template":"","meta":{"_acf_changed":false,"_glsr_average":0,"_glsr_ranking":0,"_glsr_reviews":0},"product_brand":[],"product_cat":[396,229],"product_tag":[],"class_list":{"0":"post-87897","1":"product","2":"type-product","3":"status-publish","4":"has-post-thumbnail","6":"product_cat-kudikiu-zaislai-vaikams2","7":"product_cat-zaislai-vaikams","8":"\"style=\"background-color: #2ecc711c;\"","10":"first","11":"instock","12":"purchasable","13":"product-type-simple"},"acf":[],"yoast_head":"<!-- This site is optimized with the Yoast SEO plugin v27.3 - https:\/\/yoast.com\/product\/yoast-seo-wordpress\/ -->\n<title>Tooky Toy medinis baby gym su 3 sensoriniais \u017eaislais<\/title>\n<meta name=\"description\" content=\"Tooky Toy medinis baby gym su 3 sensoriniais \u017eaislais - KidsPlay. Did\u017eiausias vaik\u0173 \u017eaisl\u0173 pasirinkimas.\" \/>\n<meta name=\"robots\" content=\"index, follow, max-snippet:-1, max-image-preview:large, max-video-preview:-1\" \/>\n<link rel=\"canonical\" href=\"https:\/\/kidsplay.lt\/lv\/products\/tooky-toy-medinis-baby-gym-su-3-sensoriniais-zaislais\/\" \/>\n<meta property=\"og:locale\" content=\"lv_LV\" \/>\n<meta property=\"og:type\" content=\"article\" \/>\n<meta property=\"og:title\" content=\"Tooky Toy medinis baby gym su 3 sensoriniais \u017eaislais\" \/>\n<meta property=\"og:description\" content=\"Tooky Toy medinis baby gym su 3 sensoriniais \u017eaislais - KidsPlay. Did\u017eiausias vaik\u0173 \u017eaisl\u0173 pasirinkimas.\" \/>\n<meta property=\"og:url\" content=\"https:\/\/kidsplay.lt\/lv\/products\/tooky-toy-medinis-baby-gym-su-3-sensoriniais-zaislais\/\" \/>\n<meta property=\"og:site_name\" content=\"KidsPlay\" \/>\n<meta property=\"article:publisher\" content=\"https:\/\/www.facebook.com\/www.kidsplay.lt\" \/>\n<meta property=\"article:modified_time\" content=\"2026-04-07T07:14:35+00:00\" \/>\n<meta property=\"og:image\" content=\"https:\/\/kidsplay.lt\/wp-content\/uploads\/2026\/02\/Tooky-Toy-medinis-baby-gym-su-3-sensoriniais-zaislais.jpg\" \/>\n\t<meta property=\"og:image:width\" content=\"2500\" \/>\n\t<meta property=\"og:image:height\" content=\"2500\" \/>\n\t<meta property=\"og:image:type\" content=\"image\/jpeg\" \/>\n<meta name=\"twitter:card\" content=\"summary_large_image\" \/>\n<meta name=\"twitter:label1\" content=\"Est. reading time\" \/>\n\t<meta name=\"twitter:data1\" content=\"1 min\u016bte\" \/>\n<script type=\"application\/ld+json\" class=\"yoast-schema-graph\">{\"@context\":\"https:\\\/\\\/schema.org\",\"@graph\":[{\"@type\":\"WebPage\",\"@id\":\"https:\\\/\\\/kidsplay.lt\\\/produktas\\\/tooky-toy-medinis-baby-gym-su-3-sensoriniais-zaislais\\\/\",\"url\":\"https:\\\/\\\/kidsplay.lt\\\/produktas\\\/tooky-toy-medinis-baby-gym-su-3-sensoriniais-zaislais\\\/\",\"name\":\"Tooky Toy medinis baby gym su 3 sensoriniais \u017eaislais\",\"isPartOf\":{\"@id\":\"https:\\\/\\\/kidsplay.lt\\\/#website\"},\"primaryImageOfPage\":{\"@id\":\"https:\\\/\\\/kidsplay.lt\\\/produktas\\\/tooky-toy-medinis-baby-gym-su-3-sensoriniais-zaislais\\\/#primaryimage\"},\"image\":{\"@id\":\"https:\\\/\\\/kidsplay.lt\\\/produktas\\\/tooky-toy-medinis-baby-gym-su-3-sensoriniais-zaislais\\\/#primaryimage\"},\"thumbnailUrl\":\"https:\\\/\\\/kidsplay.lt\\\/wp-content\\\/uploads\\\/2026\\\/02\\\/Tooky-Toy-medinis-baby-gym-su-3-sensoriniais-zaislais.jpg\",\"datePublished\":\"2026-02-24T18:55:31+00:00\",\"dateModified\":\"2026-04-07T07:14:35+00:00\",\"description\":\"Tooky Toy medinis baby gym su 3 sensoriniais \u017eaislais - KidsPlay. Did\u017eiausias vaik\u0173 \u017eaisl\u0173 pasirinkimas.\",\"breadcrumb\":{\"@id\":\"https:\\\/\\\/kidsplay.lt\\\/produktas\\\/tooky-toy-medinis-baby-gym-su-3-sensoriniais-zaislais\\\/#breadcrumb\"},\"inLanguage\":\"lv-LV\",\"potentialAction\":[{\"@type\":\"ReadAction\",\"target\":[\"https:\\\/\\\/kidsplay.lt\\\/produktas\\\/tooky-toy-medinis-baby-gym-su-3-sensoriniais-zaislais\\\/\"]}]},{\"@type\":\"ImageObject\",\"inLanguage\":\"lv-LV\",\"@id\":\"https:\\\/\\\/kidsplay.lt\\\/produktas\\\/tooky-toy-medinis-baby-gym-su-3-sensoriniais-zaislais\\\/#primaryimage\",\"url\":\"https:\\\/\\\/kidsplay.lt\\\/wp-content\\\/uploads\\\/2026\\\/02\\\/Tooky-Toy-medinis-baby-gym-su-3-sensoriniais-zaislais.jpg\",\"contentUrl\":\"https:\\\/\\\/kidsplay.lt\\\/wp-content\\\/uploads\\\/2026\\\/02\\\/Tooky-Toy-medinis-baby-gym-su-3-sensoriniais-zaislais.jpg\",\"width\":2500,\"height\":2500,\"caption\":\"Tooky Toy medinis baby gym su 3 sensoriniais \u017eaislais\"},{\"@type\":\"BreadcrumbList\",\"@id\":\"https:\\\/\\\/kidsplay.lt\\\/produktas\\\/tooky-toy-medinis-baby-gym-su-3-sensoriniais-zaislais\\\/#breadcrumb\",\"itemListElement\":[{\"@type\":\"ListItem\",\"position\":1,\"name\":\"Pagrindinis\",\"item\":\"https:\\\/\\\/kidsplay.lt\\\/\"},{\"@type\":\"ListItem\",\"position\":2,\"name\":\"Parduotuv\u0117\",\"item\":\"https:\\\/\\\/kidsplay.lt\\\/parduotuve\\\/\"},{\"@type\":\"ListItem\",\"position\":3,\"name\":\"Tooky Toy medinis baby gym su 3 sensoriniais \u017eaislais\"}]},{\"@type\":\"WebSite\",\"@id\":\"https:\\\/\\\/kidsplay.lt\\\/#website\",\"url\":\"https:\\\/\\\/kidsplay.lt\\\/\",\"name\":\"Kidsplay.lt\",\"description\":\"\u012evairios prek\u0117s vaikams\",\"publisher\":{\"@id\":\"https:\\\/\\\/kidsplay.lt\\\/#organization\"},\"alternateName\":\"Kidsplay\",\"potentialAction\":[{\"@type\":\"SearchAction\",\"target\":{\"@type\":\"EntryPoint\",\"urlTemplate\":\"https:\\\/\\\/kidsplay.lt\\\/?s={search_term_string}\"},\"query-input\":{\"@type\":\"PropertyValueSpecification\",\"valueRequired\":true,\"valueName\":\"search_term_string\"}}],\"inLanguage\":\"lv-LV\"},{\"@type\":\"Organization\",\"@id\":\"https:\\\/\\\/kidsplay.lt\\\/#organization\",\"name\":\"KidsPlay\",\"url\":\"https:\\\/\\\/kidsplay.lt\\\/\",\"logo\":{\"@type\":\"ImageObject\",\"inLanguage\":\"lv-LV\",\"@id\":\"https:\\\/\\\/kidsplay.lt\\\/#\\\/schema\\\/logo\\\/image\\\/\",\"url\":\"https:\\\/\\\/kidsplay.lt\\\/wp-content\\\/uploads\\\/2023\\\/07\\\/kidsplay-logo.png\",\"contentUrl\":\"https:\\\/\\\/kidsplay.lt\\\/wp-content\\\/uploads\\\/2023\\\/07\\\/kidsplay-logo.png\",\"width\":451,\"height\":98,\"caption\":\"KidsPlay\"},\"image\":{\"@id\":\"https:\\\/\\\/kidsplay.lt\\\/#\\\/schema\\\/logo\\\/image\\\/\"},\"sameAs\":[\"https:\\\/\\\/www.facebook.com\\\/www.kidsplay.lt\"]}]}<\/script>\n<!-- \/ Yoast SEO plugin. -->","yoast_head_json":{"title":"Tooky Toy koka b\u0113rnu vingro\u0161anas komplekts ar 3 sensor\u0101m rota\u013cliet\u0101m","description":"Tooky Toy medinis baby gym su 3 sensoriniais \u017eaislais - KidsPlay. Did\u017eiausias vaik\u0173 \u017eaisl\u0173 pasirinkimas.","robots":{"index":"index","follow":"follow","max-snippet":"max-snippet:-1","max-image-preview":"max-image-preview:large","max-video-preview":"max-video-preview:-1"},"canonical":"https:\/\/kidsplay.lt\/lv\/products\/tooky-toy-medinis-baby-gym-su-3-sensoriniais-zaislais\/","og_locale":"lv_LV","og_type":"article","og_title":"Tooky Toy medinis baby gym su 3 sensoriniais \u017eaislais","og_description":"Tooky Toy medinis baby gym su 3 sensoriniais \u017eaislais - KidsPlay. Did\u017eiausias vaik\u0173 \u017eaisl\u0173 pasirinkimas.","og_url":"https:\/\/kidsplay.lt\/lv\/products\/tooky-toy-medinis-baby-gym-su-3-sensoriniais-zaislais\/","og_site_name":"KidsPlay","article_publisher":"https:\/\/www.facebook.com\/www.kidsplay.lt","article_modified_time":"2026-04-07T07:14:35+00:00","og_image":[{"width":2500,"height":2500,"url":"https:\/\/kidsplay.lt\/wp-content\/uploads\/2026\/02\/Tooky-Toy-medinis-baby-gym-su-3-sensoriniais-zaislais.jpg","type":"image\/jpeg"}],"twitter_card":"summary_large_image","twitter_misc":{"Est. reading time":"1 min\u016bte"},"schema":{"@context":"https:\/\/schema.org","@graph":[{"@type":"WebPage","@id":"https:\/\/kidsplay.lt\/produktas\/tooky-toy-medinis-baby-gym-su-3-sensoriniais-zaislais\/","url":"https:\/\/kidsplay.lt\/produktas\/tooky-toy-medinis-baby-gym-su-3-sensoriniais-zaislais\/","name":"Tooky Toy koka b\u0113rnu vingro\u0161anas komplekts ar 3 sensor\u0101m rota\u013cliet\u0101m","isPartOf":{"@id":"https:\/\/kidsplay.lt\/#website"},"primaryImageOfPage":{"@id":"https:\/\/kidsplay.lt\/produktas\/tooky-toy-medinis-baby-gym-su-3-sensoriniais-zaislais\/#primaryimage"},"image":{"@id":"https:\/\/kidsplay.lt\/produktas\/tooky-toy-medinis-baby-gym-su-3-sensoriniais-zaislais\/#primaryimage"},"thumbnailUrl":"https:\/\/kidsplay.lt\/wp-content\/uploads\/2026\/02\/Tooky-Toy-medinis-baby-gym-su-3-sensoriniais-zaislais.jpg","datePublished":"2026-02-24T18:55:31+00:00","dateModified":"2026-04-07T07:14:35+00:00","description":"Tooky Toy medinis baby gym su 3 sensoriniais \u017eaislais - KidsPlay. Did\u017eiausias vaik\u0173 \u017eaisl\u0173 pasirinkimas.","breadcrumb":{"@id":"https:\/\/kidsplay.lt\/produktas\/tooky-toy-medinis-baby-gym-su-3-sensoriniais-zaislais\/#breadcrumb"},"inLanguage":"lv-LV","potentialAction":[{"@type":"ReadAction","target":["https:\/\/kidsplay.lt\/produktas\/tooky-toy-medinis-baby-gym-su-3-sensoriniais-zaislais\/"]}]},{"@type":"ImageObject","inLanguage":"lv-LV","@id":"https:\/\/kidsplay.lt\/produktas\/tooky-toy-medinis-baby-gym-su-3-sensoriniais-zaislais\/#primaryimage","url":"https:\/\/kidsplay.lt\/wp-content\/uploads\/2026\/02\/Tooky-Toy-medinis-baby-gym-su-3-sensoriniais-zaislais.jpg","contentUrl":"https:\/\/kidsplay.lt\/wp-content\/uploads\/2026\/02\/Tooky-Toy-medinis-baby-gym-su-3-sensoriniais-zaislais.jpg","width":2500,"height":2500,"caption":"Tooky Toy medinis baby gym su 3 sensoriniais \u017eaislais"},{"@type":"BreadcrumbList","@id":"https:\/\/kidsplay.lt\/produktas\/tooky-toy-medinis-baby-gym-su-3-sensoriniais-zaislais\/#breadcrumb","itemListElement":[{"@type":"ListItem","position":1,"name":"Pagrindinis","item":"https:\/\/kidsplay.lt\/"},{"@type":"ListItem","position":2,"name":"Parduotuv\u0117","item":"https:\/\/kidsplay.lt\/parduotuve\/"},{"@type":"ListItem","position":3,"name":"Tooky Toy medinis baby gym su 3 sensoriniais \u017eaislais"}]},{"@type":"WebSite","@id":"https:\/\/kidsplay.lt\/#website","url":"https:\/\/kidsplay.lt\/","name":"B\u0113rnu sp\u0113les.lv","description":"\u012evairios prek\u0117s vaikams","publisher":{"@id":"https:\/\/kidsplay.lt\/#organization"},"alternateName":"Kidsplay","potentialAction":[{"@type":"SearchAction","target":{"@type":"EntryPoint","urlTemplate":"https:\/\/kidsplay.lt\/?s={search_term_string}"},"query-input":{"@type":"PropertyValueSpecification","valueRequired":true,"valueName":"search_term_string"}}],"inLanguage":"lv-LV"},{"@type":"Organization","@id":"https:\/\/kidsplay.lt\/#organization","name":"B\u0113rnu sp\u0113le","url":"https:\/\/kidsplay.lt\/","logo":{"@type":"ImageObject","inLanguage":"lv-LV","@id":"https:\/\/kidsplay.lt\/#\/schema\/logo\/image\/","url":"https:\/\/kidsplay.lt\/wp-content\/uploads\/2023\/07\/kidsplay-logo.png","contentUrl":"https:\/\/kidsplay.lt\/wp-content\/uploads\/2023\/07\/kidsplay-logo.png","width":451,"height":98,"caption":"KidsPlay"},"image":{"@id":"https:\/\/kidsplay.lt\/#\/schema\/logo\/image\/"},"sameAs":["https:\/\/www.facebook.com\/www.kidsplay.lt"]}]}},"_links":{"self":[{"href":"https:\/\/kidsplay.lt\/lv\/wp-json\/wp\/v2\/product\/87897","targetHints":{"allow":["GET"]}}],"collection":[{"href":"https:\/\/kidsplay.lt\/lv\/wp-json\/wp\/v2\/product"}],"about":[{"href":"https:\/\/kidsplay.lt\/lv\/wp-json\/wp\/v2\/types\/product"}],"version-history":[{"count":1,"href":"https:\/\/kidsplay.lt\/lv\/wp-json\/wp\/v2\/product\/87897\/revisions"}],"predecessor-version":[{"id":87898,"href":"https:\/\/kidsplay.lt\/lv\/wp-json\/wp\/v2\/product\/87897\/revisions\/87898"}],"wp:featuredmedia":[{"embeddable":true,"href":"https:\/\/kidsplay.lt\/lv\/wp-json\/wp\/v2\/media\/87899"}],"wp:attachment":[{"href":"https:\/\/kidsplay.lt\/lv\/wp-json\/wp\/v2\/media?parent=87897"}],"wp:term":[{"taxonomy":"product_brand","embeddable":true,"href":"https:\/\/kidsplay.lt\/lv\/wp-json\/wp\/v2\/product_brand?post=87897"},{"taxonomy":"product_cat","embeddable":true,"href":"https:\/\/kidsplay.lt\/lv\/wp-json\/wp\/v2\/product_cat?post=87897"},{"taxonomy":"product_tag","embeddable":true,"href":"https:\/\/kidsplay.lt\/lv\/wp-json\/wp\/v2\/product_tag?post=87897"}],"curies":[{"name":"wp","href":"https:\/\/api.w.org\/{rel}","templated":true}]}}