{"id":87902,"date":"2026-02-24T20:56:23","date_gmt":"2026-02-24T18:56:23","guid":{"rendered":"https:\/\/kidsplay.lt\/produktas\/masterkidz-mokslas-apie-laiko-skaitymo-valandas-edukacine-valdyba\/"},"modified":"2026-04-07T10:14:47","modified_gmt":"2026-04-07T07:14:47","slug":"masterkidz-mokslas-apie-laiko-skaitymo-valandas-edukacine-valdyba","status":"publish","type":"product","link":"https:\/\/kidsplay.lt\/lv\/products\/masterkidz-mokslas-apie-laiko-skaitymo-valandas-edukacine-valdyba\/","title":{"rendered":"MASTERKIDZ Mokslas Apie Laiko Skaitymo Valandas &#8211; Edukacin\u0117 Valdyba"},"content":{"rendered":"<p>Fantasti\u0161ka Masterkidz mokomoji lenta, kuri\u0105 galima montuoti tiesiai ant sienos arba Masterkidz Flex sistemoje &#8211; tiek montuojama prie sienos, tiek laisvai stovinti.<\/p>\n<p>\u017daislas naudojamas i\u0161mokti skaityti valandas i\u0161 klasikini\u0173 laikrod\u017ei\u0173. Ant lentos yra laikrod\u017eio ciferblatas su rankomis, kurias vaikas gali laisvai suktis. Mokytojas gali diktuoti valandas, o tada vaikui pavedama rankas nustatyti taip, kad laikrodis rodyt\u0173 diktuojam\u0105 laik\u0105. Vaikas taip pat gali \u017eaisti savaranki\u0161kai, nes rinkinyje yra u\u017era\u0161\u0173 knygel\u0117 su skirtingomis valandomis. Vaikas ver\u010dia puslapius ir nustato valandas, kurios yra.<\/p>\n<p>Lentel\u0117je taip pat apra\u0161omi laiko vienet\u0173 ry\u0161iai &#8211; kiek sekund\u017ei\u0173 yra minut\u0117, kiek minu\u010di\u0173 yra ketvirtis valandos, kiek minu\u010di\u0173 yra valanda, kiek valand\u0173 yra diena ir pan. \u0160ios informacijos d\u0117ka vaikas gali i\u0161mokti daug nauding\u0173 dalyk\u0173.<\/p>\n<p>Kitas \u017eaislo elementas &#8211; du sm\u0117lio laikrod\u017eiai, kuri\u0173 d\u0117ka ma\u017eylis gali suvokti, kiek trunka minut\u0117 ir 5 minut\u0117s.<\/p>","protected":false},"excerpt":{"rendered":"<p>Fantasti\u0161ka Masterkidz mokomoji lenta, kuri\u0105 galima montuoti tiesiai ant sienos arba Masterkidz Flex sistemoje &#8211; tiek montuojama prie sienos, tiek<\/p>","protected":false},"featured_media":75283,"template":"","meta":{"_acf_changed":false,"_glsr_average":0,"_glsr_ranking":0,"_glsr_reviews":0},"product_brand":[],"product_cat":[229],"product_tag":[],"class_list":{"0":"post-87902","1":"product","2":"type-product","3":"status-publish","4":"has-post-thumbnail","6":"product_cat-zaislai-vaikams","7":"\"style=\"background-color: #2ecc711c;\"","9":"first","10":"instock","11":"purchasable","12":"product-type-simple"},"acf":[],"yoast_head":"<!-- This site is optimized with the Yoast SEO plugin v27.3 - https:\/\/yoast.com\/product\/yoast-seo-wordpress\/ -->\n<title>MASTERKIDZ Mokslas Apie Laiko Skaitymo Valandas &#8211; Edukacin\u0117 Valdyba<\/title>\n<meta name=\"description\" content=\"MASTERKIDZ Mokslas Apie Laiko Skaitymo Valandas &#8211; Edukacin\u0117 Valdyba - KidsPlay. Did\u017eiausias vaik\u0173 \u017eaisl\u0173 pasirinkimas.\" \/>\n<meta name=\"robots\" content=\"index, follow, max-snippet:-1, max-image-preview:large, max-video-preview:-1\" \/>\n<link rel=\"canonical\" href=\"https:\/\/kidsplay.lt\/lv\/products\/masterkidz-mokslas-apie-laiko-skaitymo-valandas-edukacine-valdyba\/\" \/>\n<meta property=\"og:locale\" content=\"lv_LV\" \/>\n<meta property=\"og:type\" content=\"article\" \/>\n<meta property=\"og:title\" content=\"MASTERKIDZ Mokslas Apie Laiko Skaitymo Valandas &#8211; Edukacin\u0117 Valdyba\" \/>\n<meta property=\"og:description\" content=\"MASTERKIDZ Mokslas Apie Laiko Skaitymo Valandas &#8211; Edukacin\u0117 Valdyba - KidsPlay. Did\u017eiausias vaik\u0173 \u017eaisl\u0173 pasirinkimas.\" \/>\n<meta property=\"og:url\" content=\"https:\/\/kidsplay.lt\/lv\/products\/masterkidz-mokslas-apie-laiko-skaitymo-valandas-edukacine-valdyba\/\" \/>\n<meta property=\"og:site_name\" content=\"KidsPlay\" \/>\n<meta property=\"article:publisher\" content=\"https:\/\/www.facebook.com\/www.kidsplay.lt\" \/>\n<meta property=\"article:modified_time\" content=\"2026-04-07T07:14:47+00:00\" \/>\n<meta property=\"og:image\" content=\"https:\/\/kidsplay.lt\/wp-content\/uploads\/2025\/10\/MASTERKIDZ-Mokslas-Apie-Laiko-Skaitymo-Valandas-8211-Edukacine-Valdyba.jpg\" \/>\n\t<meta property=\"og:image:width\" content=\"2343\" \/>\n\t<meta property=\"og:image:height\" content=\"2560\" \/>\n\t<meta property=\"og:image:type\" content=\"image\/jpeg\" \/>\n<meta name=\"twitter:card\" content=\"summary_large_image\" \/>\n<meta name=\"twitter:label1\" content=\"Est. reading time\" \/>\n\t<meta name=\"twitter:data1\" content=\"1 min\u016bte\" \/>\n<script type=\"application\/ld+json\" class=\"yoast-schema-graph\">{\"@context\":\"https:\\\/\\\/schema.org\",\"@graph\":[{\"@type\":\"WebPage\",\"@id\":\"https:\\\/\\\/kidsplay.lt\\\/produktas\\\/masterkidz-mokslas-apie-laiko-skaitymo-valandas-edukacine-valdyba\\\/\",\"url\":\"https:\\\/\\\/kidsplay.lt\\\/produktas\\\/masterkidz-mokslas-apie-laiko-skaitymo-valandas-edukacine-valdyba\\\/\",\"name\":\"MASTERKIDZ Mokslas Apie Laiko Skaitymo Valandas &#8211; Edukacin\u0117 Valdyba\",\"isPartOf\":{\"@id\":\"https:\\\/\\\/kidsplay.lt\\\/#website\"},\"primaryImageOfPage\":{\"@id\":\"https:\\\/\\\/kidsplay.lt\\\/produktas\\\/masterkidz-mokslas-apie-laiko-skaitymo-valandas-edukacine-valdyba\\\/#primaryimage\"},\"image\":{\"@id\":\"https:\\\/\\\/kidsplay.lt\\\/produktas\\\/masterkidz-mokslas-apie-laiko-skaitymo-valandas-edukacine-valdyba\\\/#primaryimage\"},\"thumbnailUrl\":\"https:\\\/\\\/kidsplay.lt\\\/wp-content\\\/uploads\\\/2025\\\/10\\\/MASTERKIDZ-Mokslas-Apie-Laiko-Skaitymo-Valandas-8211-Edukacine-Valdyba.jpg\",\"datePublished\":\"2026-02-24T18:56:23+00:00\",\"dateModified\":\"2026-04-07T07:14:47+00:00\",\"description\":\"MASTERKIDZ Mokslas Apie Laiko Skaitymo Valandas &#8211; Edukacin\u0117 Valdyba - KidsPlay. Did\u017eiausias vaik\u0173 \u017eaisl\u0173 pasirinkimas.\",\"breadcrumb\":{\"@id\":\"https:\\\/\\\/kidsplay.lt\\\/produktas\\\/masterkidz-mokslas-apie-laiko-skaitymo-valandas-edukacine-valdyba\\\/#breadcrumb\"},\"inLanguage\":\"lv-LV\",\"potentialAction\":[{\"@type\":\"ReadAction\",\"target\":[\"https:\\\/\\\/kidsplay.lt\\\/produktas\\\/masterkidz-mokslas-apie-laiko-skaitymo-valandas-edukacine-valdyba\\\/\"]}]},{\"@type\":\"ImageObject\",\"inLanguage\":\"lv-LV\",\"@id\":\"https:\\\/\\\/kidsplay.lt\\\/produktas\\\/masterkidz-mokslas-apie-laiko-skaitymo-valandas-edukacine-valdyba\\\/#primaryimage\",\"url\":\"https:\\\/\\\/kidsplay.lt\\\/wp-content\\\/uploads\\\/2025\\\/10\\\/MASTERKIDZ-Mokslas-Apie-Laiko-Skaitymo-Valandas-8211-Edukacine-Valdyba.jpg\",\"contentUrl\":\"https:\\\/\\\/kidsplay.lt\\\/wp-content\\\/uploads\\\/2025\\\/10\\\/MASTERKIDZ-Mokslas-Apie-Laiko-Skaitymo-Valandas-8211-Edukacine-Valdyba.jpg\",\"width\":2343,\"height\":2560,\"caption\":\"MASTERKIDZ Mokslas Apie Laiko Skaitymo Valandas &#8211; Edukacin\u0117 Valdyba\"},{\"@type\":\"BreadcrumbList\",\"@id\":\"https:\\\/\\\/kidsplay.lt\\\/produktas\\\/masterkidz-mokslas-apie-laiko-skaitymo-valandas-edukacine-valdyba\\\/#breadcrumb\",\"itemListElement\":[{\"@type\":\"ListItem\",\"position\":1,\"name\":\"Pagrindinis\",\"item\":\"https:\\\/\\\/kidsplay.lt\\\/\"},{\"@type\":\"ListItem\",\"position\":2,\"name\":\"Parduotuv\u0117\",\"item\":\"https:\\\/\\\/kidsplay.lt\\\/parduotuve\\\/\"},{\"@type\":\"ListItem\",\"position\":3,\"name\":\"MASTERKIDZ Mokslas Apie Laiko Skaitymo Valandas &#8211; Edukacin\u0117 Valdyba\"}]},{\"@type\":\"WebSite\",\"@id\":\"https:\\\/\\\/kidsplay.lt\\\/#website\",\"url\":\"https:\\\/\\\/kidsplay.lt\\\/\",\"name\":\"Kidsplay.lt\",\"description\":\"\u012evairios prek\u0117s vaikams\",\"publisher\":{\"@id\":\"https:\\\/\\\/kidsplay.lt\\\/#organization\"},\"alternateName\":\"Kidsplay\",\"potentialAction\":[{\"@type\":\"SearchAction\",\"target\":{\"@type\":\"EntryPoint\",\"urlTemplate\":\"https:\\\/\\\/kidsplay.lt\\\/?s={search_term_string}\"},\"query-input\":{\"@type\":\"PropertyValueSpecification\",\"valueRequired\":true,\"valueName\":\"search_term_string\"}}],\"inLanguage\":\"lv-LV\"},{\"@type\":\"Organization\",\"@id\":\"https:\\\/\\\/kidsplay.lt\\\/#organization\",\"name\":\"KidsPlay\",\"url\":\"https:\\\/\\\/kidsplay.lt\\\/\",\"logo\":{\"@type\":\"ImageObject\",\"inLanguage\":\"lv-LV\",\"@id\":\"https:\\\/\\\/kidsplay.lt\\\/#\\\/schema\\\/logo\\\/image\\\/\",\"url\":\"https:\\\/\\\/kidsplay.lt\\\/wp-content\\\/uploads\\\/2023\\\/07\\\/kidsplay-logo.png\",\"contentUrl\":\"https:\\\/\\\/kidsplay.lt\\\/wp-content\\\/uploads\\\/2023\\\/07\\\/kidsplay-logo.png\",\"width\":451,\"height\":98,\"caption\":\"KidsPlay\"},\"image\":{\"@id\":\"https:\\\/\\\/kidsplay.lt\\\/#\\\/schema\\\/logo\\\/image\\\/\"},\"sameAs\":[\"https:\\\/\\\/www.facebook.com\\\/www.kidsplay.lt\"]}]}<\/script>\n<!-- \/ Yoast SEO plugin. -->","yoast_head_json":{"title":"MASTERKIDZ Mokslas Apie Laiko Skaitymo Valandas &#8211; Edukacin\u0117 Valdyba","description":"MASTERKIDZ Mokslas Apie Laiko Skaitymo Valandas &#8211; Edukacin\u0117 Valdyba - KidsPlay. Did\u017eiausias vaik\u0173 \u017eaisl\u0173 pasirinkimas.","robots":{"index":"index","follow":"follow","max-snippet":"max-snippet:-1","max-image-preview":"max-image-preview:large","max-video-preview":"max-video-preview:-1"},"canonical":"https:\/\/kidsplay.lt\/lv\/products\/masterkidz-mokslas-apie-laiko-skaitymo-valandas-edukacine-valdyba\/","og_locale":"lv_LV","og_type":"article","og_title":"MASTERKIDZ Mokslas Apie Laiko Skaitymo Valandas &#8211; Edukacin\u0117 Valdyba","og_description":"MASTERKIDZ Mokslas Apie Laiko Skaitymo Valandas &#8211; Edukacin\u0117 Valdyba - KidsPlay. Did\u017eiausias vaik\u0173 \u017eaisl\u0173 pasirinkimas.","og_url":"https:\/\/kidsplay.lt\/lv\/products\/masterkidz-mokslas-apie-laiko-skaitymo-valandas-edukacine-valdyba\/","og_site_name":"KidsPlay","article_publisher":"https:\/\/www.facebook.com\/www.kidsplay.lt","article_modified_time":"2026-04-07T07:14:47+00:00","og_image":[{"width":2343,"height":2560,"url":"https:\/\/kidsplay.lt\/wp-content\/uploads\/2025\/10\/MASTERKIDZ-Mokslas-Apie-Laiko-Skaitymo-Valandas-8211-Edukacine-Valdyba.jpg","type":"image\/jpeg"}],"twitter_card":"summary_large_image","twitter_misc":{"Est. reading time":"1 min\u016bte"},"schema":{"@context":"https:\/\/schema.org","@graph":[{"@type":"WebPage","@id":"https:\/\/kidsplay.lt\/produktas\/masterkidz-mokslas-apie-laiko-skaitymo-valandas-edukacine-valdyba\/","url":"https:\/\/kidsplay.lt\/produktas\/masterkidz-mokslas-apie-laiko-skaitymo-valandas-edukacine-valdyba\/","name":"MASTERKIDZ Mokslas Apie Laiko Skaitymo Valandas &#8211; Edukacin\u0117 Valdyba","isPartOf":{"@id":"https:\/\/kidsplay.lt\/#website"},"primaryImageOfPage":{"@id":"https:\/\/kidsplay.lt\/produktas\/masterkidz-mokslas-apie-laiko-skaitymo-valandas-edukacine-valdyba\/#primaryimage"},"image":{"@id":"https:\/\/kidsplay.lt\/produktas\/masterkidz-mokslas-apie-laiko-skaitymo-valandas-edukacine-valdyba\/#primaryimage"},"thumbnailUrl":"https:\/\/kidsplay.lt\/wp-content\/uploads\/2025\/10\/MASTERKIDZ-Mokslas-Apie-Laiko-Skaitymo-Valandas-8211-Edukacine-Valdyba.jpg","datePublished":"2026-02-24T18:56:23+00:00","dateModified":"2026-04-07T07:14:47+00:00","description":"MASTERKIDZ Mokslas Apie Laiko Skaitymo Valandas &#8211; Edukacin\u0117 Valdyba - KidsPlay. Did\u017eiausias vaik\u0173 \u017eaisl\u0173 pasirinkimas.","breadcrumb":{"@id":"https:\/\/kidsplay.lt\/produktas\/masterkidz-mokslas-apie-laiko-skaitymo-valandas-edukacine-valdyba\/#breadcrumb"},"inLanguage":"lv-LV","potentialAction":[{"@type":"ReadAction","target":["https:\/\/kidsplay.lt\/produktas\/masterkidz-mokslas-apie-laiko-skaitymo-valandas-edukacine-valdyba\/"]}]},{"@type":"ImageObject","inLanguage":"lv-LV","@id":"https:\/\/kidsplay.lt\/produktas\/masterkidz-mokslas-apie-laiko-skaitymo-valandas-edukacine-valdyba\/#primaryimage","url":"https:\/\/kidsplay.lt\/wp-content\/uploads\/2025\/10\/MASTERKIDZ-Mokslas-Apie-Laiko-Skaitymo-Valandas-8211-Edukacine-Valdyba.jpg","contentUrl":"https:\/\/kidsplay.lt\/wp-content\/uploads\/2025\/10\/MASTERKIDZ-Mokslas-Apie-Laiko-Skaitymo-Valandas-8211-Edukacine-Valdyba.jpg","width":2343,"height":2560,"caption":"MASTERKIDZ Mokslas Apie Laiko Skaitymo Valandas &#8211; Edukacin\u0117 Valdyba"},{"@type":"BreadcrumbList","@id":"https:\/\/kidsplay.lt\/produktas\/masterkidz-mokslas-apie-laiko-skaitymo-valandas-edukacine-valdyba\/#breadcrumb","itemListElement":[{"@type":"ListItem","position":1,"name":"Pagrindinis","item":"https:\/\/kidsplay.lt\/"},{"@type":"ListItem","position":2,"name":"Parduotuv\u0117","item":"https:\/\/kidsplay.lt\/parduotuve\/"},{"@type":"ListItem","position":3,"name":"MASTERKIDZ Mokslas Apie Laiko Skaitymo Valandas &#8211; Edukacin\u0117 Valdyba"}]},{"@type":"WebSite","@id":"https:\/\/kidsplay.lt\/#website","url":"https:\/\/kidsplay.lt\/","name":"B\u0113rnu sp\u0113les.lv","description":"\u012evairios prek\u0117s vaikams","publisher":{"@id":"https:\/\/kidsplay.lt\/#organization"},"alternateName":"Kidsplay","potentialAction":[{"@type":"SearchAction","target":{"@type":"EntryPoint","urlTemplate":"https:\/\/kidsplay.lt\/?s={search_term_string}"},"query-input":{"@type":"PropertyValueSpecification","valueRequired":true,"valueName":"search_term_string"}}],"inLanguage":"lv-LV"},{"@type":"Organization","@id":"https:\/\/kidsplay.lt\/#organization","name":"B\u0113rnu sp\u0113le","url":"https:\/\/kidsplay.lt\/","logo":{"@type":"ImageObject","inLanguage":"lv-LV","@id":"https:\/\/kidsplay.lt\/#\/schema\/logo\/image\/","url":"https:\/\/kidsplay.lt\/wp-content\/uploads\/2023\/07\/kidsplay-logo.png","contentUrl":"https:\/\/kidsplay.lt\/wp-content\/uploads\/2023\/07\/kidsplay-logo.png","width":451,"height":98,"caption":"KidsPlay"},"image":{"@id":"https:\/\/kidsplay.lt\/#\/schema\/logo\/image\/"},"sameAs":["https:\/\/www.facebook.com\/www.kidsplay.lt"]}]}},"_links":{"self":[{"href":"https:\/\/kidsplay.lt\/lv\/wp-json\/wp\/v2\/product\/87902","targetHints":{"allow":["GET"]}}],"collection":[{"href":"https:\/\/kidsplay.lt\/lv\/wp-json\/wp\/v2\/product"}],"about":[{"href":"https:\/\/kidsplay.lt\/lv\/wp-json\/wp\/v2\/types\/product"}],"version-history":[{"count":1,"href":"https:\/\/kidsplay.lt\/lv\/wp-json\/wp\/v2\/product\/87902\/revisions"}],"predecessor-version":[{"id":87903,"href":"https:\/\/kidsplay.lt\/lv\/wp-json\/wp\/v2\/product\/87902\/revisions\/87903"}],"wp:featuredmedia":[{"embeddable":true,"href":"https:\/\/kidsplay.lt\/lv\/wp-json\/wp\/v2\/media\/75283"}],"wp:attachment":[{"href":"https:\/\/kidsplay.lt\/lv\/wp-json\/wp\/v2\/media?parent=87902"}],"wp:term":[{"taxonomy":"product_brand","embeddable":true,"href":"https:\/\/kidsplay.lt\/lv\/wp-json\/wp\/v2\/product_brand?post=87902"},{"taxonomy":"product_cat","embeddable":true,"href":"https:\/\/kidsplay.lt\/lv\/wp-json\/wp\/v2\/product_cat?post=87902"},{"taxonomy":"product_tag","embeddable":true,"href":"https:\/\/kidsplay.lt\/lv\/wp-json\/wp\/v2\/product_tag?post=87902"}],"curies":[{"name":"wp","href":"https:\/\/api.w.org\/{rel}","templated":true}]}}