{"id":87920,"date":"2026-02-24T21:06:03","date_gmt":"2026-02-24T19:06:03","guid":{"rendered":"https:\/\/kidsplay.lt\/?post_type=product&#038;p=87920"},"modified":"2026-02-26T08:13:05","modified_gmt":"2026-02-26T06:13:05","slug":"fisher-price-mokymosi-ir-juoko-muzikos-dj-stalas","status":"publish","type":"product","link":"https:\/\/kidsplay.lt\/lv\/products\/fisher-price-mokymosi-ir-juoko-muzikos-dj-stalas\/","title":{"rendered":"FISHER PRICE mokymosi ir juoko muzikos DJ stalas"},"content":{"rendered":"<p>Muzikinis DJ staliukas \u2013 tai nuostabus interaktyvus \u017eaislas su daugybe funkcij\u0173 ir \u017eaidimo re\u017eim\u0173, sukurtas ma\u017eyli\u0173 smalsumui ir lavinimui. Staliuk\u0105 galima pastatyti ant keturi\u0173 kojeli\u0173, kad vaikui b\u016bt\u0173 patogu \u017eaisti. Turkio spalvos pavir\u0161iuje \u012fmontuota daugyb\u0117 mygtuk\u0173, jungikli\u0173 ir \u017eaisming\u0173 element\u0173, kurie, paspaudus, aktyvuoja vis naujas funkcijas.<\/p>\n<p>\u017daislas turi <strong>tris interaktyvius mokymosi lygius<\/strong>, kuri\u0173 kiekvienas supa\u017eindina su naujais \u012fg\u016bd\u017eiais. \u017daisdamas vaikas mokosi <strong>ab\u0117c\u0117l\u0117s raid\u017ei\u0173, pirm\u0173j\u0173 skai\u010di\u0173, form\u0173 ir spalv\u0173<\/strong>, lavina miklum\u0105, pusiausvyr\u0105 ir koordinacij\u0105. Kalba parenkama atsitiktinai (Angl\u0173, Lenk\u0173 arba Vokie\u010di\u0173)<\/p>\n<p>DJ staliukas turi net <strong>100 melodij\u0173, gars\u0173 ir frazi\u0173<\/strong>, kurios skatina jud\u0117ti, tyrin\u0117ti ir kurti. Dar daugiau \u2013 \u017eaislas leid\u017eia <strong>\u012fra\u0161yti savo bals\u0105 ar daineles<\/strong> ir v\u0117liau jas \u201emiksuoti\u201c tarsi tikrame DJ pultelyje.<\/p>\n<p>\u0160is interaktyvus \u201eFisher-Price\u201c \u017eaislas skirtas vaikams nuo <strong>6 iki 36 m\u0117n.<\/strong> Veikia su <strong>3 AA baterijomis<\/strong> (pridedamos bandomosios).<\/p>","protected":false},"excerpt":{"rendered":"<div style=\"padding: 18px; background: #ffffff; border: 1px solid #e5e5e5; border-radius: 12px; box-shadow: 0 2px 8px rgba(0,0,0,0.05); margin-bottom: 22px; text-align: center;\">\n<div style=\"font-size: 16px; font-weight: 600; color: #333; margin-bottom: 6px;\">\u0160ios prek\u0117s \u0161iuo metu neturime, ta\u010diau galime pasi\u016blyti puiki\u0105 alternatyv\u0105:<\/div>\n<div style=\"font-size: 15px; font-weight: 600; color: #333; margin-bottom: 16px;\">VEVOR mokymosi ir juoko muzikos DJ stalas \u2014 <span style=\"color: #333;\">89,99\u20ac<\/span><\/div>\n<p><!-- Nuotrauka + mygtukas vienoje eil\u0117je --><\/p>\n<div style=\"display: flex; justify-content: center; align-items: center; gap: 18px;\">\n<p><a href=\"https:\/\/kidsplay.lt\/lv\/products\/vevor-mokymosi-ir-juoko-muzikos-dj-stalas\/\"><br \/>\n<img decoding=\"async\" style=\"width: 140px; height: auto; border-radius: 10px; border: 1px solid #ddd;\" src=\"https:\/\/kidsplay.lt\/wp-content\/uploads\/2026\/02\/Screenshot_3.png\" alt=\"VEVOR mokymosi ir juoko muzikos DJ stalas\" \/><br \/>\n<\/a><\/p>\n<p><a style=\"display: inline-flex; justify-content: center; align-items: center; background: #558297; color: #fff; padding: 6px 14px; border-radius: 6px; text-decoration: none; font-weight: bold; font-size: 17px; white-space: nowrap;\" href=\"https:\/\/kidsplay.lt\/lv\/products\/vevor-mokymosi-ir-juoko-muzikos-dj-stalas\/\"><br \/>\nPer\u017ei\u016br\u0117ti prek\u0119<br \/>\n<\/a><\/p>\n<\/div>\n<\/div>","protected":false},"featured_media":87948,"template":"","meta":{"_acf_changed":false,"_glsr_average":0,"_glsr_ranking":0,"_glsr_reviews":0},"product_brand":[],"product_cat":[396,229],"product_tag":[],"class_list":{"0":"post-87920","1":"product","2":"type-product","3":"status-publish","4":"has-post-thumbnail","6":"product_cat-kudikiu-zaislai-vaikams2","7":"product_cat-zaislai-vaikams","8":"\"style=\"background-color: #e74c3c52;\"","10":"first","11":"outofstock","12":"shipping-taxable","13":"purchasable","14":"product-type-simple"},"acf":[],"yoast_head":"<!-- This site is optimized with the Yoast SEO plugin v27.3 - https:\/\/yoast.com\/product\/yoast-seo-wordpress\/ -->\n<title>FISHER PRICE mokymosi ir juoko muzikos DJ stalas - KidsPlay<\/title>\n<meta name=\"description\" content=\"FISHER PRICE mokymosi ir juoko muzikos DJ stalas - KidsPlay. Did\u017eiausias vaik\u0173 \u017eaisl\u0173 pasirinkimas.\" \/>\n<meta name=\"robots\" content=\"index, follow, max-snippet:-1, max-image-preview:large, max-video-preview:-1\" \/>\n<link rel=\"canonical\" href=\"https:\/\/kidsplay.lt\/lv\/products\/fisher-price-mokymosi-ir-juoko-muzikos-dj-stalas\/\" \/>\n<meta property=\"og:locale\" content=\"lv_LV\" \/>\n<meta property=\"og:type\" content=\"article\" \/>\n<meta property=\"og:title\" content=\"FISHER PRICE mokymosi ir juoko muzikos DJ stalas - KidsPlay\" \/>\n<meta property=\"og:description\" content=\"FISHER PRICE mokymosi ir juoko muzikos DJ stalas - KidsPlay. Did\u017eiausias vaik\u0173 \u017eaisl\u0173 pasirinkimas.\" \/>\n<meta property=\"og:url\" content=\"https:\/\/kidsplay.lt\/lv\/products\/fisher-price-mokymosi-ir-juoko-muzikos-dj-stalas\/\" \/>\n<meta property=\"og:site_name\" content=\"KidsPlay\" \/>\n<meta property=\"article:publisher\" content=\"https:\/\/www.facebook.com\/www.kidsplay.lt\" \/>\n<meta property=\"article:modified_time\" content=\"2026-02-26T06:13:05+00:00\" \/>\n<meta property=\"og:image\" content=\"https:\/\/kidsplay.lt\/wp-content\/uploads\/2026\/02\/51FhSxk1woL._AC_SX679_-1.jpg\" \/>\n\t<meta property=\"og:image:width\" content=\"679\" \/>\n\t<meta property=\"og:image:height\" content=\"1125\" \/>\n\t<meta property=\"og:image:type\" content=\"image\/jpeg\" \/>\n<meta name=\"twitter:card\" content=\"summary_large_image\" \/>\n<meta name=\"twitter:label1\" content=\"Est. reading time\" \/>\n\t<meta name=\"twitter:data1\" content=\"1 min\u016bte\" \/>\n<script type=\"application\/ld+json\" class=\"yoast-schema-graph\">{\"@context\":\"https:\\\/\\\/schema.org\",\"@graph\":[{\"@type\":\"WebPage\",\"@id\":\"https:\\\/\\\/kidsplay.lt\\\/produktas\\\/fisher-price-mokymosi-ir-juoko-muzikos-dj-stalas\\\/\",\"url\":\"https:\\\/\\\/kidsplay.lt\\\/produktas\\\/fisher-price-mokymosi-ir-juoko-muzikos-dj-stalas\\\/\",\"name\":\"FISHER PRICE mokymosi ir juoko muzikos DJ stalas - KidsPlay\",\"isPartOf\":{\"@id\":\"https:\\\/\\\/kidsplay.lt\\\/#website\"},\"primaryImageOfPage\":{\"@id\":\"https:\\\/\\\/kidsplay.lt\\\/produktas\\\/fisher-price-mokymosi-ir-juoko-muzikos-dj-stalas\\\/#primaryimage\"},\"image\":{\"@id\":\"https:\\\/\\\/kidsplay.lt\\\/produktas\\\/fisher-price-mokymosi-ir-juoko-muzikos-dj-stalas\\\/#primaryimage\"},\"thumbnailUrl\":\"https:\\\/\\\/kidsplay.lt\\\/wp-content\\\/uploads\\\/2026\\\/02\\\/51FhSxk1woL._AC_SX679_-1.jpg\",\"datePublished\":\"2026-02-24T19:06:03+00:00\",\"dateModified\":\"2026-02-26T06:13:05+00:00\",\"description\":\"FISHER PRICE mokymosi ir juoko muzikos DJ stalas - KidsPlay. Did\u017eiausias vaik\u0173 \u017eaisl\u0173 pasirinkimas.\",\"breadcrumb\":{\"@id\":\"https:\\\/\\\/kidsplay.lt\\\/produktas\\\/fisher-price-mokymosi-ir-juoko-muzikos-dj-stalas\\\/#breadcrumb\"},\"inLanguage\":\"lv-LV\",\"potentialAction\":[{\"@type\":\"ReadAction\",\"target\":[\"https:\\\/\\\/kidsplay.lt\\\/produktas\\\/fisher-price-mokymosi-ir-juoko-muzikos-dj-stalas\\\/\"]}]},{\"@type\":\"ImageObject\",\"inLanguage\":\"lv-LV\",\"@id\":\"https:\\\/\\\/kidsplay.lt\\\/produktas\\\/fisher-price-mokymosi-ir-juoko-muzikos-dj-stalas\\\/#primaryimage\",\"url\":\"https:\\\/\\\/kidsplay.lt\\\/wp-content\\\/uploads\\\/2026\\\/02\\\/51FhSxk1woL._AC_SX679_-1.jpg\",\"contentUrl\":\"https:\\\/\\\/kidsplay.lt\\\/wp-content\\\/uploads\\\/2026\\\/02\\\/51FhSxk1woL._AC_SX679_-1.jpg\",\"width\":679,\"height\":1125,\"caption\":\"FISHER PRICE mokymosi ir juoko muzikos DJ stalas\"},{\"@type\":\"BreadcrumbList\",\"@id\":\"https:\\\/\\\/kidsplay.lt\\\/produktas\\\/fisher-price-mokymosi-ir-juoko-muzikos-dj-stalas\\\/#breadcrumb\",\"itemListElement\":[{\"@type\":\"ListItem\",\"position\":1,\"name\":\"Pagrindinis\",\"item\":\"https:\\\/\\\/kidsplay.lt\\\/\"},{\"@type\":\"ListItem\",\"position\":2,\"name\":\"Parduotuv\u0117\",\"item\":\"https:\\\/\\\/kidsplay.lt\\\/parduotuve\\\/\"},{\"@type\":\"ListItem\",\"position\":3,\"name\":\"FISHER PRICE mokymosi ir juoko muzikos DJ stalas\"}]},{\"@type\":\"WebSite\",\"@id\":\"https:\\\/\\\/kidsplay.lt\\\/#website\",\"url\":\"https:\\\/\\\/kidsplay.lt\\\/\",\"name\":\"Kidsplay.lt\",\"description\":\"\u012evairios prek\u0117s vaikams\",\"publisher\":{\"@id\":\"https:\\\/\\\/kidsplay.lt\\\/#organization\"},\"alternateName\":\"Kidsplay\",\"potentialAction\":[{\"@type\":\"SearchAction\",\"target\":{\"@type\":\"EntryPoint\",\"urlTemplate\":\"https:\\\/\\\/kidsplay.lt\\\/?s={search_term_string}\"},\"query-input\":{\"@type\":\"PropertyValueSpecification\",\"valueRequired\":true,\"valueName\":\"search_term_string\"}}],\"inLanguage\":\"lv-LV\"},{\"@type\":\"Organization\",\"@id\":\"https:\\\/\\\/kidsplay.lt\\\/#organization\",\"name\":\"KidsPlay\",\"url\":\"https:\\\/\\\/kidsplay.lt\\\/\",\"logo\":{\"@type\":\"ImageObject\",\"inLanguage\":\"lv-LV\",\"@id\":\"https:\\\/\\\/kidsplay.lt\\\/#\\\/schema\\\/logo\\\/image\\\/\",\"url\":\"https:\\\/\\\/kidsplay.lt\\\/wp-content\\\/uploads\\\/2023\\\/07\\\/kidsplay-logo.png\",\"contentUrl\":\"https:\\\/\\\/kidsplay.lt\\\/wp-content\\\/uploads\\\/2023\\\/07\\\/kidsplay-logo.png\",\"width\":451,\"height\":98,\"caption\":\"KidsPlay\"},\"image\":{\"@id\":\"https:\\\/\\\/kidsplay.lt\\\/#\\\/schema\\\/logo\\\/image\\\/\"},\"sameAs\":[\"https:\\\/\\\/www.facebook.com\\\/www.kidsplay.lt\"]}]}<\/script>\n<!-- \/ Yoast SEO plugin. -->","yoast_head_json":{"title":"FISHER PRICE mokymosi ir juoko muzikos DJ stalas - KidsPlay","description":"FISHER PRICE mokymosi ir juoko muzikos DJ stalas - KidsPlay. Did\u017eiausias vaik\u0173 \u017eaisl\u0173 pasirinkimas.","robots":{"index":"index","follow":"follow","max-snippet":"max-snippet:-1","max-image-preview":"max-image-preview:large","max-video-preview":"max-video-preview:-1"},"canonical":"https:\/\/kidsplay.lt\/lv\/products\/fisher-price-mokymosi-ir-juoko-muzikos-dj-stalas\/","og_locale":"lv_LV","og_type":"article","og_title":"FISHER PRICE mokymosi ir juoko muzikos DJ stalas - KidsPlay","og_description":"FISHER PRICE mokymosi ir juoko muzikos DJ stalas - KidsPlay. Did\u017eiausias vaik\u0173 \u017eaisl\u0173 pasirinkimas.","og_url":"https:\/\/kidsplay.lt\/lv\/products\/fisher-price-mokymosi-ir-juoko-muzikos-dj-stalas\/","og_site_name":"KidsPlay","article_publisher":"https:\/\/www.facebook.com\/www.kidsplay.lt","article_modified_time":"2026-02-26T06:13:05+00:00","og_image":[{"width":679,"height":1125,"url":"https:\/\/kidsplay.lt\/wp-content\/uploads\/2026\/02\/51FhSxk1woL._AC_SX679_-1.jpg","type":"image\/jpeg"}],"twitter_card":"summary_large_image","twitter_misc":{"Est. reading time":"1 min\u016bte"},"schema":{"@context":"https:\/\/schema.org","@graph":[{"@type":"WebPage","@id":"https:\/\/kidsplay.lt\/produktas\/fisher-price-mokymosi-ir-juoko-muzikos-dj-stalas\/","url":"https:\/\/kidsplay.lt\/produktas\/fisher-price-mokymosi-ir-juoko-muzikos-dj-stalas\/","name":"FISHER PRICE mokymosi ir juoko muzikos DJ stalas - KidsPlay","isPartOf":{"@id":"https:\/\/kidsplay.lt\/#website"},"primaryImageOfPage":{"@id":"https:\/\/kidsplay.lt\/produktas\/fisher-price-mokymosi-ir-juoko-muzikos-dj-stalas\/#primaryimage"},"image":{"@id":"https:\/\/kidsplay.lt\/produktas\/fisher-price-mokymosi-ir-juoko-muzikos-dj-stalas\/#primaryimage"},"thumbnailUrl":"https:\/\/kidsplay.lt\/wp-content\/uploads\/2026\/02\/51FhSxk1woL._AC_SX679_-1.jpg","datePublished":"2026-02-24T19:06:03+00:00","dateModified":"2026-02-26T06:13:05+00:00","description":"FISHER PRICE mokymosi ir juoko muzikos DJ stalas - KidsPlay. Did\u017eiausias vaik\u0173 \u017eaisl\u0173 pasirinkimas.","breadcrumb":{"@id":"https:\/\/kidsplay.lt\/produktas\/fisher-price-mokymosi-ir-juoko-muzikos-dj-stalas\/#breadcrumb"},"inLanguage":"lv-LV","potentialAction":[{"@type":"ReadAction","target":["https:\/\/kidsplay.lt\/produktas\/fisher-price-mokymosi-ir-juoko-muzikos-dj-stalas\/"]}]},{"@type":"ImageObject","inLanguage":"lv-LV","@id":"https:\/\/kidsplay.lt\/produktas\/fisher-price-mokymosi-ir-juoko-muzikos-dj-stalas\/#primaryimage","url":"https:\/\/kidsplay.lt\/wp-content\/uploads\/2026\/02\/51FhSxk1woL._AC_SX679_-1.jpg","contentUrl":"https:\/\/kidsplay.lt\/wp-content\/uploads\/2026\/02\/51FhSxk1woL._AC_SX679_-1.jpg","width":679,"height":1125,"caption":"FISHER PRICE mokymosi ir juoko muzikos DJ stalas"},{"@type":"BreadcrumbList","@id":"https:\/\/kidsplay.lt\/produktas\/fisher-price-mokymosi-ir-juoko-muzikos-dj-stalas\/#breadcrumb","itemListElement":[{"@type":"ListItem","position":1,"name":"Pagrindinis","item":"https:\/\/kidsplay.lt\/"},{"@type":"ListItem","position":2,"name":"Parduotuv\u0117","item":"https:\/\/kidsplay.lt\/parduotuve\/"},{"@type":"ListItem","position":3,"name":"FISHER PRICE mokymosi ir juoko muzikos DJ stalas"}]},{"@type":"WebSite","@id":"https:\/\/kidsplay.lt\/#website","url":"https:\/\/kidsplay.lt\/","name":"B\u0113rnu sp\u0113les.lv","description":"\u012evairios prek\u0117s vaikams","publisher":{"@id":"https:\/\/kidsplay.lt\/#organization"},"alternateName":"Kidsplay","potentialAction":[{"@type":"SearchAction","target":{"@type":"EntryPoint","urlTemplate":"https:\/\/kidsplay.lt\/?s={search_term_string}"},"query-input":{"@type":"PropertyValueSpecification","valueRequired":true,"valueName":"search_term_string"}}],"inLanguage":"lv-LV"},{"@type":"Organization","@id":"https:\/\/kidsplay.lt\/#organization","name":"B\u0113rnu sp\u0113le","url":"https:\/\/kidsplay.lt\/","logo":{"@type":"ImageObject","inLanguage":"lv-LV","@id":"https:\/\/kidsplay.lt\/#\/schema\/logo\/image\/","url":"https:\/\/kidsplay.lt\/wp-content\/uploads\/2023\/07\/kidsplay-logo.png","contentUrl":"https:\/\/kidsplay.lt\/wp-content\/uploads\/2023\/07\/kidsplay-logo.png","width":451,"height":98,"caption":"KidsPlay"},"image":{"@id":"https:\/\/kidsplay.lt\/#\/schema\/logo\/image\/"},"sameAs":["https:\/\/www.facebook.com\/www.kidsplay.lt"]}]}},"_links":{"self":[{"href":"https:\/\/kidsplay.lt\/lv\/wp-json\/wp\/v2\/product\/87920","targetHints":{"allow":["GET"]}}],"collection":[{"href":"https:\/\/kidsplay.lt\/lv\/wp-json\/wp\/v2\/product"}],"about":[{"href":"https:\/\/kidsplay.lt\/lv\/wp-json\/wp\/v2\/types\/product"}],"version-history":[{"count":1,"href":"https:\/\/kidsplay.lt\/lv\/wp-json\/wp\/v2\/product\/87920\/revisions"}],"predecessor-version":[{"id":88033,"href":"https:\/\/kidsplay.lt\/lv\/wp-json\/wp\/v2\/product\/87920\/revisions\/88033"}],"wp:featuredmedia":[{"embeddable":true,"href":"https:\/\/kidsplay.lt\/lv\/wp-json\/wp\/v2\/media\/87948"}],"wp:attachment":[{"href":"https:\/\/kidsplay.lt\/lv\/wp-json\/wp\/v2\/media?parent=87920"}],"wp:term":[{"taxonomy":"product_brand","embeddable":true,"href":"https:\/\/kidsplay.lt\/lv\/wp-json\/wp\/v2\/product_brand?post=87920"},{"taxonomy":"product_cat","embeddable":true,"href":"https:\/\/kidsplay.lt\/lv\/wp-json\/wp\/v2\/product_cat?post=87920"},{"taxonomy":"product_tag","embeddable":true,"href":"https:\/\/kidsplay.lt\/lv\/wp-json\/wp\/v2\/product_tag?post=87920"}],"curies":[{"name":"wp","href":"https:\/\/api.w.org\/{rel}","templated":true}]}}