{"id":87976,"date":"2026-02-24T21:03:50","date_gmt":"2026-02-24T19:03:50","guid":{"rendered":"https:\/\/kidsplay.lt\/produktas\/woopie-smelio-ir-vandens-rinkinys-laivas-su-aksesuarais\/"},"modified":"2026-04-13T14:37:55","modified_gmt":"2026-04-13T11:37:55","slug":"woopie-smelio-ir-vandens-rinkinys-laivas-su-aksesuarais","status":"publish","type":"product","link":"https:\/\/kidsplay.lt\/lv\/products\/woopie-smelio-ir-vandens-rinkinys-laivas-su-aksesuarais\/","title":{"rendered":"Woopie sm\u0117lio ir vandens rinkinys \u201eLaivas\u201c su aksesuarais"},"content":{"rendered":"<p>Leisk vaikui leistis \u012f smagi\u0105 kelion\u0119 po sm\u0117lio ir vandens pasaul\u012f! Woopie laivas su aksesuarais pavers kiekvien\u0105 i\u0161vyk\u0105 \u012f papl\u016bdim\u012f ar sm\u0117lio d\u0117\u017e\u0119 tikra nuotyki\u0173 ekspedicija. Didelis, talpus laivas su judan\u010diu vandens ratu ir spalvingais priedais leid\u017eia kurti \u012fvairius \u017eaidim\u0173 scenarijus, lavina vaizduot\u0119 ir skatina aktyv\u0173 \u017eaidim\u0105 lauke.<\/p>\n<p>Laivas taip pat tarnauja kaip patogus konteineris visiems priedams susid\u0117ti, tod\u0117l \u017eaislus lengva transportuoti ir laikyti. Ry\u0161kios spalvos, saugi konstrukcija ir patvarios med\u017eiagos u\u017etikrina, kad \u017eaidimas b\u016bt\u0173 ne tik smagus, bet ir ilgaam\u017eis.<\/p>\n<p>Raksturojums<\/p>\n<p> \tB\u0113rniem no 3 gadu vecuma<br \/>\n \tPagaminta i\u0161 auk\u0161tos kokyb\u0117s, saugi\u0173 med\u017eiag\u0173<br \/>\n \tDidelis laivas su judan\u010diu vandens ratu ir talpia vidine erdve<br \/>\n \tRy\u0161kios, \u017eaismingos spalvos<br \/>\n \tPuikiai tinka papl\u016bdimiui, sm\u0117lio d\u0117\u017eei ir vandens \u017eaidimams<br \/>\n \tLengva valyti<br \/>\n \tPaprasta konstrukcija \u2013 \u017eaidimui paruo\u0161iama akimirksniu<br \/>\n \tLaivas veikia kaip d\u0117\u017e\u0117 priedams laikyti<\/p>\n<p>Komplekts sast\u0101v no<\/p>\n<p> \tLaivas<br \/>\n \tVandens ratas su piltuv\u0117liu<br \/>\n \tKibir\u0117lis<br \/>\n \t4 formel\u0117s<br \/>\n \tGr\u0101bek\u013ci<br \/>\n \tSietelis<br \/>\n \tKastuv\u0117lis<\/p>\n<p>Rota\u013clietu lav\u012bna<\/p>\n<p> \tMotorik\u0105 \u2013 kasimas, pylimas, ridenimas, semimas<br \/>\n \tSocialinius \u012fg\u016bd\u017eius \u2013 \u017eaidimas kartu su kitais vaikais<br \/>\n \tVaizduot\u0119 \u2013 kuriant \u017eaidim\u0173 scenarijus<br \/>\n \tK\u016brybi\u0161kum\u0105<br \/>\n \tLogin\u012f m\u0105stym\u0105 \u2013 eksperimentuojant su vandeniu ir sm\u0117liu<br \/>\n \tSavaranki\u0161kum\u0105<\/p>","protected":false},"excerpt":{"rendered":"<p>Leisk vaikui leistis \u012f smagi\u0105 kelion\u0119 po sm\u0117lio ir vandens pasaul\u012f! Woopie laivas su aksesuarais pavers kiekvien\u0105 i\u0161vyk\u0105 \u012f papl\u016bdim\u012f<\/p>","protected":false},"featured_media":87978,"template":"","meta":{"_acf_changed":false,"_glsr_average":0,"_glsr_ranking":0,"_glsr_reviews":0},"product_brand":[],"product_cat":[233,327],"product_tag":[],"class_list":{"0":"post-87976","1":"product","2":"type-product","3":"status-publish","4":"has-post-thumbnail","6":"product_cat-lauko-pramogos","7":"product_cat-smelio-dezes-ir-priedai","8":"\"style=\"background-color: #2ecc711c;\"","10":"first","11":"instock","12":"purchasable","13":"product-type-simple"},"acf":[],"yoast_head":"<!-- This site is optimized with the Yoast SEO plugin v27.3 - https:\/\/yoast.com\/product\/yoast-seo-wordpress\/ -->\n<title>Woopie sm\u0117lio ir vandens rinkinys \u201eLaivas\u201c su aksesuarais<\/title>\n<meta name=\"description\" content=\"Woopie sm\u0117lio ir vandens rinkinys \u201eLaivas\u201c su aksesuarais - KidsPlay. Did\u017eiausias vaik\u0173 \u017eaisl\u0173 pasirinkimas.\" \/>\n<meta name=\"robots\" content=\"index, follow, max-snippet:-1, max-image-preview:large, max-video-preview:-1\" \/>\n<link rel=\"canonical\" href=\"https:\/\/kidsplay.lt\/lv\/products\/woopie-smelio-ir-vandens-rinkinys-laivas-su-aksesuarais\/\" \/>\n<meta property=\"og:locale\" content=\"lv_LV\" \/>\n<meta property=\"og:type\" content=\"article\" \/>\n<meta property=\"og:title\" content=\"Woopie sm\u0117lio ir vandens rinkinys \u201eLaivas\u201c su aksesuarais\" \/>\n<meta property=\"og:description\" content=\"Woopie sm\u0117lio ir vandens rinkinys \u201eLaivas\u201c su aksesuarais - KidsPlay. Did\u017eiausias vaik\u0173 \u017eaisl\u0173 pasirinkimas.\" \/>\n<meta property=\"og:url\" content=\"https:\/\/kidsplay.lt\/lv\/products\/woopie-smelio-ir-vandens-rinkinys-laivas-su-aksesuarais\/\" \/>\n<meta property=\"og:site_name\" content=\"KidsPlay\" \/>\n<meta property=\"article:publisher\" content=\"https:\/\/www.facebook.com\/www.kidsplay.lt\" \/>\n<meta property=\"article:modified_time\" content=\"2026-04-13T11:37:55+00:00\" \/>\n<meta property=\"og:image\" content=\"https:\/\/kidsplay.lt\/wp-content\/uploads\/2026\/02\/Woopie-smelio-ir-vandens-rinkinys-\u201eLaivas-su-aksesuarais.jpg\" \/>\n\t<meta property=\"og:image:width\" content=\"1000\" \/>\n\t<meta property=\"og:image:height\" content=\"1000\" \/>\n\t<meta property=\"og:image:type\" content=\"image\/jpeg\" \/>\n<meta name=\"twitter:card\" content=\"summary_large_image\" \/>\n<meta name=\"twitter:label1\" content=\"Est. reading time\" \/>\n\t<meta name=\"twitter:data1\" content=\"1 min\u016bte\" \/>\n<script type=\"application\/ld+json\" class=\"yoast-schema-graph\">{\"@context\":\"https:\\\/\\\/schema.org\",\"@graph\":[{\"@type\":\"WebPage\",\"@id\":\"https:\\\/\\\/kidsplay.lt\\\/produktas\\\/woopie-smelio-ir-vandens-rinkinys-laivas-su-aksesuarais\\\/\",\"url\":\"https:\\\/\\\/kidsplay.lt\\\/produktas\\\/woopie-smelio-ir-vandens-rinkinys-laivas-su-aksesuarais\\\/\",\"name\":\"Woopie sm\u0117lio ir vandens rinkinys \u201eLaivas\u201c su aksesuarais\",\"isPartOf\":{\"@id\":\"https:\\\/\\\/kidsplay.lt\\\/#website\"},\"primaryImageOfPage\":{\"@id\":\"https:\\\/\\\/kidsplay.lt\\\/produktas\\\/woopie-smelio-ir-vandens-rinkinys-laivas-su-aksesuarais\\\/#primaryimage\"},\"image\":{\"@id\":\"https:\\\/\\\/kidsplay.lt\\\/produktas\\\/woopie-smelio-ir-vandens-rinkinys-laivas-su-aksesuarais\\\/#primaryimage\"},\"thumbnailUrl\":\"https:\\\/\\\/kidsplay.lt\\\/wp-content\\\/uploads\\\/2026\\\/02\\\/Woopie-smelio-ir-vandens-rinkinys-\u201eLaivas-su-aksesuarais.jpg\",\"datePublished\":\"2026-02-24T19:03:50+00:00\",\"dateModified\":\"2026-04-13T11:37:55+00:00\",\"description\":\"Woopie sm\u0117lio ir vandens rinkinys \u201eLaivas\u201c su aksesuarais - KidsPlay. Did\u017eiausias vaik\u0173 \u017eaisl\u0173 pasirinkimas.\",\"breadcrumb\":{\"@id\":\"https:\\\/\\\/kidsplay.lt\\\/produktas\\\/woopie-smelio-ir-vandens-rinkinys-laivas-su-aksesuarais\\\/#breadcrumb\"},\"inLanguage\":\"lv-LV\",\"potentialAction\":[{\"@type\":\"ReadAction\",\"target\":[\"https:\\\/\\\/kidsplay.lt\\\/produktas\\\/woopie-smelio-ir-vandens-rinkinys-laivas-su-aksesuarais\\\/\"]}]},{\"@type\":\"ImageObject\",\"inLanguage\":\"lv-LV\",\"@id\":\"https:\\\/\\\/kidsplay.lt\\\/produktas\\\/woopie-smelio-ir-vandens-rinkinys-laivas-su-aksesuarais\\\/#primaryimage\",\"url\":\"https:\\\/\\\/kidsplay.lt\\\/wp-content\\\/uploads\\\/2026\\\/02\\\/Woopie-smelio-ir-vandens-rinkinys-\u201eLaivas-su-aksesuarais.jpg\",\"contentUrl\":\"https:\\\/\\\/kidsplay.lt\\\/wp-content\\\/uploads\\\/2026\\\/02\\\/Woopie-smelio-ir-vandens-rinkinys-\u201eLaivas-su-aksesuarais.jpg\",\"width\":1000,\"height\":1000,\"caption\":\"Woopie sm\u0117lio ir vandens rinkinys \u201eLaivas\u201c su aksesuarais\"},{\"@type\":\"BreadcrumbList\",\"@id\":\"https:\\\/\\\/kidsplay.lt\\\/produktas\\\/woopie-smelio-ir-vandens-rinkinys-laivas-su-aksesuarais\\\/#breadcrumb\",\"itemListElement\":[{\"@type\":\"ListItem\",\"position\":1,\"name\":\"Pagrindinis\",\"item\":\"https:\\\/\\\/kidsplay.lt\\\/\"},{\"@type\":\"ListItem\",\"position\":2,\"name\":\"Parduotuv\u0117\",\"item\":\"https:\\\/\\\/kidsplay.lt\\\/parduotuve\\\/\"},{\"@type\":\"ListItem\",\"position\":3,\"name\":\"Woopie sm\u0117lio ir vandens rinkinys \u201eLaivas\u201c su aksesuarais\"}]},{\"@type\":\"WebSite\",\"@id\":\"https:\\\/\\\/kidsplay.lt\\\/#website\",\"url\":\"https:\\\/\\\/kidsplay.lt\\\/\",\"name\":\"Kidsplay.lt\",\"description\":\"\u012evairios prek\u0117s vaikams\",\"publisher\":{\"@id\":\"https:\\\/\\\/kidsplay.lt\\\/#organization\"},\"alternateName\":\"Kidsplay\",\"potentialAction\":[{\"@type\":\"SearchAction\",\"target\":{\"@type\":\"EntryPoint\",\"urlTemplate\":\"https:\\\/\\\/kidsplay.lt\\\/?s={search_term_string}\"},\"query-input\":{\"@type\":\"PropertyValueSpecification\",\"valueRequired\":true,\"valueName\":\"search_term_string\"}}],\"inLanguage\":\"lv-LV\"},{\"@type\":\"Organization\",\"@id\":\"https:\\\/\\\/kidsplay.lt\\\/#organization\",\"name\":\"KidsPlay\",\"url\":\"https:\\\/\\\/kidsplay.lt\\\/\",\"logo\":{\"@type\":\"ImageObject\",\"inLanguage\":\"lv-LV\",\"@id\":\"https:\\\/\\\/kidsplay.lt\\\/#\\\/schema\\\/logo\\\/image\\\/\",\"url\":\"https:\\\/\\\/kidsplay.lt\\\/wp-content\\\/uploads\\\/2023\\\/07\\\/kidsplay-logo.png\",\"contentUrl\":\"https:\\\/\\\/kidsplay.lt\\\/wp-content\\\/uploads\\\/2023\\\/07\\\/kidsplay-logo.png\",\"width\":451,\"height\":98,\"caption\":\"KidsPlay\"},\"image\":{\"@id\":\"https:\\\/\\\/kidsplay.lt\\\/#\\\/schema\\\/logo\\\/image\\\/\"},\"sameAs\":[\"https:\\\/\\\/www.facebook.com\\\/www.kidsplay.lt\"]}]}<\/script>\n<!-- \/ Yoast SEO plugin. -->","yoast_head_json":{"title":"Woopie sm\u0117lio ir vandens rinkinys \u201eLaivas\u201c su aksesuarais","description":"Woopie sm\u0117lio ir vandens rinkinys \u201eLaivas\u201c su aksesuarais - KidsPlay. Did\u017eiausias vaik\u0173 \u017eaisl\u0173 pasirinkimas.","robots":{"index":"index","follow":"follow","max-snippet":"max-snippet:-1","max-image-preview":"max-image-preview:large","max-video-preview":"max-video-preview:-1"},"canonical":"https:\/\/kidsplay.lt\/lv\/products\/woopie-smelio-ir-vandens-rinkinys-laivas-su-aksesuarais\/","og_locale":"lv_LV","og_type":"article","og_title":"Woopie sm\u0117lio ir vandens rinkinys \u201eLaivas\u201c su aksesuarais","og_description":"Woopie sm\u0117lio ir vandens rinkinys \u201eLaivas\u201c su aksesuarais - KidsPlay. Did\u017eiausias vaik\u0173 \u017eaisl\u0173 pasirinkimas.","og_url":"https:\/\/kidsplay.lt\/lv\/products\/woopie-smelio-ir-vandens-rinkinys-laivas-su-aksesuarais\/","og_site_name":"KidsPlay","article_publisher":"https:\/\/www.facebook.com\/www.kidsplay.lt","article_modified_time":"2026-04-13T11:37:55+00:00","og_image":[{"width":1000,"height":1000,"url":"https:\/\/kidsplay.lt\/wp-content\/uploads\/2026\/02\/Woopie-smelio-ir-vandens-rinkinys-\u201eLaivas-su-aksesuarais.jpg","type":"image\/jpeg"}],"twitter_card":"summary_large_image","twitter_misc":{"Est. reading time":"1 min\u016bte"},"schema":{"@context":"https:\/\/schema.org","@graph":[{"@type":"WebPage","@id":"https:\/\/kidsplay.lt\/produktas\/woopie-smelio-ir-vandens-rinkinys-laivas-su-aksesuarais\/","url":"https:\/\/kidsplay.lt\/produktas\/woopie-smelio-ir-vandens-rinkinys-laivas-su-aksesuarais\/","name":"Woopie sm\u0117lio ir vandens rinkinys \u201eLaivas\u201c su aksesuarais","isPartOf":{"@id":"https:\/\/kidsplay.lt\/#website"},"primaryImageOfPage":{"@id":"https:\/\/kidsplay.lt\/produktas\/woopie-smelio-ir-vandens-rinkinys-laivas-su-aksesuarais\/#primaryimage"},"image":{"@id":"https:\/\/kidsplay.lt\/produktas\/woopie-smelio-ir-vandens-rinkinys-laivas-su-aksesuarais\/#primaryimage"},"thumbnailUrl":"https:\/\/kidsplay.lt\/wp-content\/uploads\/2026\/02\/Woopie-smelio-ir-vandens-rinkinys-\u201eLaivas-su-aksesuarais.jpg","datePublished":"2026-02-24T19:03:50+00:00","dateModified":"2026-04-13T11:37:55+00:00","description":"Woopie sm\u0117lio ir vandens rinkinys \u201eLaivas\u201c su aksesuarais - KidsPlay. Did\u017eiausias vaik\u0173 \u017eaisl\u0173 pasirinkimas.","breadcrumb":{"@id":"https:\/\/kidsplay.lt\/produktas\/woopie-smelio-ir-vandens-rinkinys-laivas-su-aksesuarais\/#breadcrumb"},"inLanguage":"lv-LV","potentialAction":[{"@type":"ReadAction","target":["https:\/\/kidsplay.lt\/produktas\/woopie-smelio-ir-vandens-rinkinys-laivas-su-aksesuarais\/"]}]},{"@type":"ImageObject","inLanguage":"lv-LV","@id":"https:\/\/kidsplay.lt\/produktas\/woopie-smelio-ir-vandens-rinkinys-laivas-su-aksesuarais\/#primaryimage","url":"https:\/\/kidsplay.lt\/wp-content\/uploads\/2026\/02\/Woopie-smelio-ir-vandens-rinkinys-\u201eLaivas-su-aksesuarais.jpg","contentUrl":"https:\/\/kidsplay.lt\/wp-content\/uploads\/2026\/02\/Woopie-smelio-ir-vandens-rinkinys-\u201eLaivas-su-aksesuarais.jpg","width":1000,"height":1000,"caption":"Woopie sm\u0117lio ir vandens rinkinys \u201eLaivas\u201c su aksesuarais"},{"@type":"BreadcrumbList","@id":"https:\/\/kidsplay.lt\/produktas\/woopie-smelio-ir-vandens-rinkinys-laivas-su-aksesuarais\/#breadcrumb","itemListElement":[{"@type":"ListItem","position":1,"name":"Pagrindinis","item":"https:\/\/kidsplay.lt\/"},{"@type":"ListItem","position":2,"name":"Parduotuv\u0117","item":"https:\/\/kidsplay.lt\/parduotuve\/"},{"@type":"ListItem","position":3,"name":"Woopie sm\u0117lio ir vandens rinkinys \u201eLaivas\u201c su aksesuarais"}]},{"@type":"WebSite","@id":"https:\/\/kidsplay.lt\/#website","url":"https:\/\/kidsplay.lt\/","name":"B\u0113rnu sp\u0113les.lv","description":"\u012evairios prek\u0117s vaikams","publisher":{"@id":"https:\/\/kidsplay.lt\/#organization"},"alternateName":"Kidsplay","potentialAction":[{"@type":"SearchAction","target":{"@type":"EntryPoint","urlTemplate":"https:\/\/kidsplay.lt\/?s={search_term_string}"},"query-input":{"@type":"PropertyValueSpecification","valueRequired":true,"valueName":"search_term_string"}}],"inLanguage":"lv-LV"},{"@type":"Organization","@id":"https:\/\/kidsplay.lt\/#organization","name":"B\u0113rnu sp\u0113le","url":"https:\/\/kidsplay.lt\/","logo":{"@type":"ImageObject","inLanguage":"lv-LV","@id":"https:\/\/kidsplay.lt\/#\/schema\/logo\/image\/","url":"https:\/\/kidsplay.lt\/wp-content\/uploads\/2023\/07\/kidsplay-logo.png","contentUrl":"https:\/\/kidsplay.lt\/wp-content\/uploads\/2023\/07\/kidsplay-logo.png","width":451,"height":98,"caption":"KidsPlay"},"image":{"@id":"https:\/\/kidsplay.lt\/#\/schema\/logo\/image\/"},"sameAs":["https:\/\/www.facebook.com\/www.kidsplay.lt"]}]}},"_links":{"self":[{"href":"https:\/\/kidsplay.lt\/lv\/wp-json\/wp\/v2\/product\/87976","targetHints":{"allow":["GET"]}}],"collection":[{"href":"https:\/\/kidsplay.lt\/lv\/wp-json\/wp\/v2\/product"}],"about":[{"href":"https:\/\/kidsplay.lt\/lv\/wp-json\/wp\/v2\/types\/product"}],"version-history":[{"count":1,"href":"https:\/\/kidsplay.lt\/lv\/wp-json\/wp\/v2\/product\/87976\/revisions"}],"predecessor-version":[{"id":87977,"href":"https:\/\/kidsplay.lt\/lv\/wp-json\/wp\/v2\/product\/87976\/revisions\/87977"}],"wp:featuredmedia":[{"embeddable":true,"href":"https:\/\/kidsplay.lt\/lv\/wp-json\/wp\/v2\/media\/87978"}],"wp:attachment":[{"href":"https:\/\/kidsplay.lt\/lv\/wp-json\/wp\/v2\/media?parent=87976"}],"wp:term":[{"taxonomy":"product_brand","embeddable":true,"href":"https:\/\/kidsplay.lt\/lv\/wp-json\/wp\/v2\/product_brand?post=87976"},{"taxonomy":"product_cat","embeddable":true,"href":"https:\/\/kidsplay.lt\/lv\/wp-json\/wp\/v2\/product_cat?post=87976"},{"taxonomy":"product_tag","embeddable":true,"href":"https:\/\/kidsplay.lt\/lv\/wp-json\/wp\/v2\/product_tag?post=87976"}],"curies":[{"name":"wp","href":"https:\/\/api.w.org\/{rel}","templated":true}]}}