{"id":88078,"date":"2026-02-24T21:08:05","date_gmt":"2026-02-24T19:08:05","guid":{"rendered":"https:\/\/kidsplay.lt\/produktas\/woopie-vienaragio-formos-taiklumo-zaidimas\/"},"modified":"2026-04-07T10:18:19","modified_gmt":"2026-04-07T07:18:19","slug":"woopie-vienaragio-formos-taiklumo-zaidimas","status":"publish","type":"product","link":"https:\/\/kidsplay.lt\/lv\/products\/woopie-vienaragio-formos-taiklumo-zaidimas\/","title":{"rendered":"V\u016bpija vienrad\u017ea formas m\u0113r\u0137a sp\u0113le"},"content":{"rendered":"<p>Leisk vaikui pasinerti \u012f magi\u0161k\u0105 var\u017eyb\u0173 ir taiklumo pasaul\u012f su Woopie vienaragio taiklumo \u017eaidimu! \u0160is \u017eavingas rinkinys lavina koordinacij\u0105, tikslum\u0105 ir susikaupim\u0105, o kartu suteikia daug juoko ir sveikos konkurencijos.<\/p>\n<p>Vienaragio formos \u0161audykl\u0117 i\u0161\u0161auna mink\u0161tas, saugias kulkas, kurios prilimpa prie taikinio d\u0117l speciali\u0173 lipni\u0173 pavir\u0161i\u0173. Didel\u0117, ai\u0161kiai su\u017eym\u0117ta taikinio lentel\u0117 skatina skai\u010diuoti ta\u0161kus ir tobulinti taiklum\u0105. \u017daidimas puikiai tinka tiek namams, tiek laukui.<\/p>\n<p>Raksturojums<\/p>\n<p> \tB\u0113rniem no 3 gadu vecuma<br \/>\n \t\u017davingos vienaragio formos \u0161audykl\u0117s<br \/>\n \tPagaminta i\u0161 ekologi\u0161k\u0173, saugi\u0173 med\u017eiag\u0173<br \/>\n \tMink\u0161tos kulkos prilimpa prie taikinio \u2014 lengva pataikyti ir skai\u010diuoti ta\u0161kus<br \/>\n \tDidelis taikinys su ai\u0161kia punktacija skatina var\u017eytis<br \/>\n \tVisi elementai saug\u016bs, be a\u0161tri\u0173 briaun\u0173<\/p>\n<p>Pastaba: vienaragio \u0161audykl\u0117 gali b\u016bti ro\u017ein\u0117 arba balta. Spalva parenkama atsitiktinai.<\/p>\n<p>Komplekts sast\u0101v no<\/p>\n<p> \tVienaragio formos kamuoliuk\u0173 \u0161audykl\u0117<br \/>\n \tDidelis taikinys su ta\u0161kais<br \/>\n \t6 mink\u0161tos lipnios kulkos<\/p>\n<p>Rota\u013clietu lav\u012bna<\/p>\n<p> \tRoku-acu koordin\u0101cija<br \/>\n \tTikslum\u0105 ir judesi\u0173 kontrol\u0119<br \/>\n \tKoncentracij\u0105 ir susikaupim\u0105<br \/>\n \tSmalk\u0101s motorikas prasmes<br \/>\n \tS\u0105\u017eining\u0105 konkurencij\u0105 ir \u017eaidimo taisykli\u0173 supratim\u0105<\/p>","protected":false},"excerpt":{"rendered":"<p>Leisk vaikui pasinerti \u012f magi\u0161k\u0105 var\u017eyb\u0173 ir taiklumo pasaul\u012f su Woopie vienaragio taiklumo \u017eaidimu! \u0160is \u017eavingas rinkinys lavina koordinacij\u0105, tikslum\u0105<\/p>","protected":false},"featured_media":88080,"template":"","meta":{"_acf_changed":false,"_glsr_average":0,"_glsr_ranking":0,"_glsr_reviews":0},"product_brand":[],"product_cat":[388,229],"product_tag":[],"class_list":{"0":"post-88078","1":"product","2":"type-product","3":"status-publish","4":"has-post-thumbnail","6":"product_cat-edukaciniai-lavinamieji-zaislai","7":"product_cat-zaislai-vaikams","8":"\"style=\"background-color: #2ecc711c;\"","10":"first","11":"instock","12":"purchasable","13":"product-type-simple"},"acf":[],"yoast_head":"<!-- This site is optimized with the Yoast SEO plugin v27.3 - https:\/\/yoast.com\/product\/yoast-seo-wordpress\/ -->\n<title>Woopie vienaragio formos taiklumo \u017eaidimas<\/title>\n<meta name=\"description\" content=\"Woopie vienaragio formos taiklumo \u017eaidimas - KidsPlay. Did\u017eiausias vaik\u0173 \u017eaisl\u0173 pasirinkimas.\" \/>\n<meta name=\"robots\" content=\"index, follow, max-snippet:-1, max-image-preview:large, max-video-preview:-1\" \/>\n<link rel=\"canonical\" href=\"https:\/\/kidsplay.lt\/lv\/products\/woopie-vienaragio-formos-taiklumo-zaidimas\/\" \/>\n<meta property=\"og:locale\" content=\"lv_LV\" \/>\n<meta property=\"og:type\" content=\"article\" \/>\n<meta property=\"og:title\" content=\"Woopie vienaragio formos taiklumo \u017eaidimas\" \/>\n<meta property=\"og:description\" content=\"Woopie vienaragio formos taiklumo \u017eaidimas - KidsPlay. Did\u017eiausias vaik\u0173 \u017eaisl\u0173 pasirinkimas.\" \/>\n<meta property=\"og:url\" content=\"https:\/\/kidsplay.lt\/lv\/products\/woopie-vienaragio-formos-taiklumo-zaidimas\/\" \/>\n<meta property=\"og:site_name\" content=\"KidsPlay\" \/>\n<meta property=\"article:publisher\" content=\"https:\/\/www.facebook.com\/www.kidsplay.lt\" \/>\n<meta property=\"article:modified_time\" content=\"2026-04-07T07:18:19+00:00\" \/>\n<meta property=\"og:image\" content=\"https:\/\/kidsplay.lt\/wp-content\/uploads\/2026\/02\/Woopie-vienaragio-formos-taiklumo-zaidimas.jpg\" \/>\n\t<meta property=\"og:image:width\" content=\"1000\" \/>\n\t<meta property=\"og:image:height\" content=\"1000\" \/>\n\t<meta property=\"og:image:type\" content=\"image\/jpeg\" \/>\n<meta name=\"twitter:card\" content=\"summary_large_image\" \/>\n<meta name=\"twitter:label1\" content=\"Est. reading time\" \/>\n\t<meta name=\"twitter:data1\" content=\"1 min\u016bte\" \/>\n<script type=\"application\/ld+json\" class=\"yoast-schema-graph\">{\"@context\":\"https:\\\/\\\/schema.org\",\"@graph\":[{\"@type\":\"WebPage\",\"@id\":\"https:\\\/\\\/kidsplay.lt\\\/produktas\\\/woopie-vienaragio-formos-taiklumo-zaidimas\\\/\",\"url\":\"https:\\\/\\\/kidsplay.lt\\\/produktas\\\/woopie-vienaragio-formos-taiklumo-zaidimas\\\/\",\"name\":\"Woopie vienaragio formos taiklumo \u017eaidimas\",\"isPartOf\":{\"@id\":\"https:\\\/\\\/kidsplay.lt\\\/#website\"},\"primaryImageOfPage\":{\"@id\":\"https:\\\/\\\/kidsplay.lt\\\/produktas\\\/woopie-vienaragio-formos-taiklumo-zaidimas\\\/#primaryimage\"},\"image\":{\"@id\":\"https:\\\/\\\/kidsplay.lt\\\/produktas\\\/woopie-vienaragio-formos-taiklumo-zaidimas\\\/#primaryimage\"},\"thumbnailUrl\":\"https:\\\/\\\/kidsplay.lt\\\/wp-content\\\/uploads\\\/2026\\\/02\\\/Woopie-vienaragio-formos-taiklumo-zaidimas.jpg\",\"datePublished\":\"2026-02-24T19:08:05+00:00\",\"dateModified\":\"2026-04-07T07:18:19+00:00\",\"description\":\"Woopie vienaragio formos taiklumo \u017eaidimas - KidsPlay. Did\u017eiausias vaik\u0173 \u017eaisl\u0173 pasirinkimas.\",\"breadcrumb\":{\"@id\":\"https:\\\/\\\/kidsplay.lt\\\/produktas\\\/woopie-vienaragio-formos-taiklumo-zaidimas\\\/#breadcrumb\"},\"inLanguage\":\"lv-LV\",\"potentialAction\":[{\"@type\":\"ReadAction\",\"target\":[\"https:\\\/\\\/kidsplay.lt\\\/produktas\\\/woopie-vienaragio-formos-taiklumo-zaidimas\\\/\"]}]},{\"@type\":\"ImageObject\",\"inLanguage\":\"lv-LV\",\"@id\":\"https:\\\/\\\/kidsplay.lt\\\/produktas\\\/woopie-vienaragio-formos-taiklumo-zaidimas\\\/#primaryimage\",\"url\":\"https:\\\/\\\/kidsplay.lt\\\/wp-content\\\/uploads\\\/2026\\\/02\\\/Woopie-vienaragio-formos-taiklumo-zaidimas.jpg\",\"contentUrl\":\"https:\\\/\\\/kidsplay.lt\\\/wp-content\\\/uploads\\\/2026\\\/02\\\/Woopie-vienaragio-formos-taiklumo-zaidimas.jpg\",\"width\":1000,\"height\":1000,\"caption\":\"Woopie vienaragio formos taiklumo \u017eaidimas\"},{\"@type\":\"BreadcrumbList\",\"@id\":\"https:\\\/\\\/kidsplay.lt\\\/produktas\\\/woopie-vienaragio-formos-taiklumo-zaidimas\\\/#breadcrumb\",\"itemListElement\":[{\"@type\":\"ListItem\",\"position\":1,\"name\":\"Pagrindinis\",\"item\":\"https:\\\/\\\/kidsplay.lt\\\/\"},{\"@type\":\"ListItem\",\"position\":2,\"name\":\"Parduotuv\u0117\",\"item\":\"https:\\\/\\\/kidsplay.lt\\\/parduotuve\\\/\"},{\"@type\":\"ListItem\",\"position\":3,\"name\":\"Woopie vienaragio formos taiklumo \u017eaidimas\"}]},{\"@type\":\"WebSite\",\"@id\":\"https:\\\/\\\/kidsplay.lt\\\/#website\",\"url\":\"https:\\\/\\\/kidsplay.lt\\\/\",\"name\":\"Kidsplay.lt\",\"description\":\"\u012evairios prek\u0117s vaikams\",\"publisher\":{\"@id\":\"https:\\\/\\\/kidsplay.lt\\\/#organization\"},\"alternateName\":\"Kidsplay\",\"potentialAction\":[{\"@type\":\"SearchAction\",\"target\":{\"@type\":\"EntryPoint\",\"urlTemplate\":\"https:\\\/\\\/kidsplay.lt\\\/?s={search_term_string}\"},\"query-input\":{\"@type\":\"PropertyValueSpecification\",\"valueRequired\":true,\"valueName\":\"search_term_string\"}}],\"inLanguage\":\"lv-LV\"},{\"@type\":\"Organization\",\"@id\":\"https:\\\/\\\/kidsplay.lt\\\/#organization\",\"name\":\"KidsPlay\",\"url\":\"https:\\\/\\\/kidsplay.lt\\\/\",\"logo\":{\"@type\":\"ImageObject\",\"inLanguage\":\"lv-LV\",\"@id\":\"https:\\\/\\\/kidsplay.lt\\\/#\\\/schema\\\/logo\\\/image\\\/\",\"url\":\"https:\\\/\\\/kidsplay.lt\\\/wp-content\\\/uploads\\\/2023\\\/07\\\/kidsplay-logo.png\",\"contentUrl\":\"https:\\\/\\\/kidsplay.lt\\\/wp-content\\\/uploads\\\/2023\\\/07\\\/kidsplay-logo.png\",\"width\":451,\"height\":98,\"caption\":\"KidsPlay\"},\"image\":{\"@id\":\"https:\\\/\\\/kidsplay.lt\\\/#\\\/schema\\\/logo\\\/image\\\/\"},\"sameAs\":[\"https:\\\/\\\/www.facebook.com\\\/www.kidsplay.lt\"]}]}<\/script>\n<!-- \/ Yoast SEO plugin. -->","yoast_head_json":{"title":"V\u016bpija vienrad\u017ea formas m\u0113r\u0137a sp\u0113le","description":"Woopie vienaragio formos taiklumo \u017eaidimas - KidsPlay. Did\u017eiausias vaik\u0173 \u017eaisl\u0173 pasirinkimas.","robots":{"index":"index","follow":"follow","max-snippet":"max-snippet:-1","max-image-preview":"max-image-preview:large","max-video-preview":"max-video-preview:-1"},"canonical":"https:\/\/kidsplay.lt\/lv\/products\/woopie-vienaragio-formos-taiklumo-zaidimas\/","og_locale":"lv_LV","og_type":"article","og_title":"Woopie vienaragio formos taiklumo \u017eaidimas","og_description":"Woopie vienaragio formos taiklumo \u017eaidimas - KidsPlay. Did\u017eiausias vaik\u0173 \u017eaisl\u0173 pasirinkimas.","og_url":"https:\/\/kidsplay.lt\/lv\/products\/woopie-vienaragio-formos-taiklumo-zaidimas\/","og_site_name":"KidsPlay","article_publisher":"https:\/\/www.facebook.com\/www.kidsplay.lt","article_modified_time":"2026-04-07T07:18:19+00:00","og_image":[{"width":1000,"height":1000,"url":"https:\/\/kidsplay.lt\/wp-content\/uploads\/2026\/02\/Woopie-vienaragio-formos-taiklumo-zaidimas.jpg","type":"image\/jpeg"}],"twitter_card":"summary_large_image","twitter_misc":{"Est. reading time":"1 min\u016bte"},"schema":{"@context":"https:\/\/schema.org","@graph":[{"@type":"WebPage","@id":"https:\/\/kidsplay.lt\/produktas\/woopie-vienaragio-formos-taiklumo-zaidimas\/","url":"https:\/\/kidsplay.lt\/produktas\/woopie-vienaragio-formos-taiklumo-zaidimas\/","name":"V\u016bpija vienrad\u017ea formas m\u0113r\u0137a sp\u0113le","isPartOf":{"@id":"https:\/\/kidsplay.lt\/#website"},"primaryImageOfPage":{"@id":"https:\/\/kidsplay.lt\/produktas\/woopie-vienaragio-formos-taiklumo-zaidimas\/#primaryimage"},"image":{"@id":"https:\/\/kidsplay.lt\/produktas\/woopie-vienaragio-formos-taiklumo-zaidimas\/#primaryimage"},"thumbnailUrl":"https:\/\/kidsplay.lt\/wp-content\/uploads\/2026\/02\/Woopie-vienaragio-formos-taiklumo-zaidimas.jpg","datePublished":"2026-02-24T19:08:05+00:00","dateModified":"2026-04-07T07:18:19+00:00","description":"Woopie vienaragio formos taiklumo \u017eaidimas - KidsPlay. Did\u017eiausias vaik\u0173 \u017eaisl\u0173 pasirinkimas.","breadcrumb":{"@id":"https:\/\/kidsplay.lt\/produktas\/woopie-vienaragio-formos-taiklumo-zaidimas\/#breadcrumb"},"inLanguage":"lv-LV","potentialAction":[{"@type":"ReadAction","target":["https:\/\/kidsplay.lt\/produktas\/woopie-vienaragio-formos-taiklumo-zaidimas\/"]}]},{"@type":"ImageObject","inLanguage":"lv-LV","@id":"https:\/\/kidsplay.lt\/produktas\/woopie-vienaragio-formos-taiklumo-zaidimas\/#primaryimage","url":"https:\/\/kidsplay.lt\/wp-content\/uploads\/2026\/02\/Woopie-vienaragio-formos-taiklumo-zaidimas.jpg","contentUrl":"https:\/\/kidsplay.lt\/wp-content\/uploads\/2026\/02\/Woopie-vienaragio-formos-taiklumo-zaidimas.jpg","width":1000,"height":1000,"caption":"Woopie vienaragio formos taiklumo \u017eaidimas"},{"@type":"BreadcrumbList","@id":"https:\/\/kidsplay.lt\/produktas\/woopie-vienaragio-formos-taiklumo-zaidimas\/#breadcrumb","itemListElement":[{"@type":"ListItem","position":1,"name":"Pagrindinis","item":"https:\/\/kidsplay.lt\/"},{"@type":"ListItem","position":2,"name":"Parduotuv\u0117","item":"https:\/\/kidsplay.lt\/parduotuve\/"},{"@type":"ListItem","position":3,"name":"Woopie vienaragio formos taiklumo \u017eaidimas"}]},{"@type":"WebSite","@id":"https:\/\/kidsplay.lt\/#website","url":"https:\/\/kidsplay.lt\/","name":"B\u0113rnu sp\u0113les.lv","description":"\u012evairios prek\u0117s vaikams","publisher":{"@id":"https:\/\/kidsplay.lt\/#organization"},"alternateName":"Kidsplay","potentialAction":[{"@type":"SearchAction","target":{"@type":"EntryPoint","urlTemplate":"https:\/\/kidsplay.lt\/?s={search_term_string}"},"query-input":{"@type":"PropertyValueSpecification","valueRequired":true,"valueName":"search_term_string"}}],"inLanguage":"lv-LV"},{"@type":"Organization","@id":"https:\/\/kidsplay.lt\/#organization","name":"B\u0113rnu sp\u0113le","url":"https:\/\/kidsplay.lt\/","logo":{"@type":"ImageObject","inLanguage":"lv-LV","@id":"https:\/\/kidsplay.lt\/#\/schema\/logo\/image\/","url":"https:\/\/kidsplay.lt\/wp-content\/uploads\/2023\/07\/kidsplay-logo.png","contentUrl":"https:\/\/kidsplay.lt\/wp-content\/uploads\/2023\/07\/kidsplay-logo.png","width":451,"height":98,"caption":"KidsPlay"},"image":{"@id":"https:\/\/kidsplay.lt\/#\/schema\/logo\/image\/"},"sameAs":["https:\/\/www.facebook.com\/www.kidsplay.lt"]}]}},"_links":{"self":[{"href":"https:\/\/kidsplay.lt\/lv\/wp-json\/wp\/v2\/product\/88078","targetHints":{"allow":["GET"]}}],"collection":[{"href":"https:\/\/kidsplay.lt\/lv\/wp-json\/wp\/v2\/product"}],"about":[{"href":"https:\/\/kidsplay.lt\/lv\/wp-json\/wp\/v2\/types\/product"}],"version-history":[{"count":1,"href":"https:\/\/kidsplay.lt\/lv\/wp-json\/wp\/v2\/product\/88078\/revisions"}],"predecessor-version":[{"id":88079,"href":"https:\/\/kidsplay.lt\/lv\/wp-json\/wp\/v2\/product\/88078\/revisions\/88079"}],"wp:featuredmedia":[{"embeddable":true,"href":"https:\/\/kidsplay.lt\/lv\/wp-json\/wp\/v2\/media\/88080"}],"wp:attachment":[{"href":"https:\/\/kidsplay.lt\/lv\/wp-json\/wp\/v2\/media?parent=88078"}],"wp:term":[{"taxonomy":"product_brand","embeddable":true,"href":"https:\/\/kidsplay.lt\/lv\/wp-json\/wp\/v2\/product_brand?post=88078"},{"taxonomy":"product_cat","embeddable":true,"href":"https:\/\/kidsplay.lt\/lv\/wp-json\/wp\/v2\/product_cat?post=88078"},{"taxonomy":"product_tag","embeddable":true,"href":"https:\/\/kidsplay.lt\/lv\/wp-json\/wp\/v2\/product_tag?post=88078"}],"curies":[{"name":"wp","href":"https:\/\/api.w.org\/{rel}","templated":true}]}}