{"id":88087,"date":"2026-02-24T21:10:44","date_gmt":"2026-02-24T19:10:44","guid":{"rendered":"https:\/\/kidsplay.lt\/produktas\/woopie-green-ekologiskas-smelio-rinkinys-kibirelyje-7-vnt\/"},"modified":"2026-04-13T14:51:20","modified_gmt":"2026-04-13T11:51:20","slug":"woopie-green-ekologiskas-smelio-rinkinys-kibirelyje-7-vnt","status":"publish","type":"product","link":"https:\/\/kidsplay.lt\/lv\/products\/woopie-green-ekologiskas-smelio-rinkinys-kibirelyje-7-vnt\/","title":{"rendered":"Woopie GREEN ekolo\u0123iski draudz\u012bgs smil\u0161u komplekts spain\u012b (7 gab.)"},"content":{"rendered":"<p>\u0160is Woopie GREEN sm\u0117lio rinkinys kibir\u0117lyje \u2014 tai puikus pasirinkimas ma\u017eiesiems tyrin\u0117tojams, m\u0117gstantiems \u017eaisti sm\u0117lio d\u0117\u017e\u0117je, papl\u016bdimyje ar net sode. Rinkinys pagamintas i\u0161 organinio, visi\u0161kai biodegraduojan\u010dio kvie\u010di\u0173 pluo\u0161to, kuris nat\u016braliai suyra ir yra draugi\u0161kas aplinkai.<\/p>\n<p>Pastelinis dizainas, saugios formos ir kruop\u0161\u010diai parinkti priedai suteikia vaikams daug k\u016brybin\u0117s laisv\u0117s, o t\u0117vams \u2014 ramyb\u0119 d\u0117l saugios ir tvarios \u017eaislo sud\u0117ties. Produktas dezinfekuojamas 120 \u00b0C temperat\u016broje, tod\u0117l yra higieni\u0161kas ir tinkamas net patiems ma\u017eiausiems.<\/p>\n<p>Raksturojums<\/p>\n<p> \tB\u0113rniem no 3 gadu vecuma<br \/>\n \tPagaminta i\u0161 organinio kvie\u010di\u0173 pluo\u0161to<br \/>\n \tVisi\u0161kai biologi\u0161kai suyrantis ir kompostuojamas<br \/>\n \tDraugi\u0161kas aplinkai, tvarus pasirinkimas<br \/>\n \tDezinfekuotas 120 \u00b0C temperat\u016broje<br \/>\n \tPastelinis, modernus dizainas<br \/>\n \tPuikiai tinka \u017eaidimams sm\u0117lio d\u0117\u017e\u0117je, papl\u016bdimyje ar sode<\/p>\n<p>Komplekts sast\u0101v no<\/p>\n<p> \tKibir\u0117lis su patogiu laikikliu<br \/>\n \tLaistytuvas<br \/>\n \t2 formel\u0117s<br \/>\n \tKastuv\u0117lis<br \/>\n \tGr\u0101bek\u013ci<br \/>\n \tMa\u0161in\u0117l\u0117<\/p>\n<p>Woopie GREEN serija<br \/>\nWoopie GREEN \u2014 tai linija, sukurta galvojant apie gamt\u0105. Kuo daugiau produkt\u0173 gaminama i\u0161 biodegraduojam\u0173 ir ekologi\u0161k\u0173 med\u017eiag\u0173, tuo ma\u017eesnis poveikis aplinkai. Tai puikus pasirinkimas t\u0117vams, kurie nori derinti \u017eaidim\u0105 ir tvarum\u0105.<\/p>","protected":false},"excerpt":{"rendered":"<p>\u0160is Woopie GREEN sm\u0117lio rinkinys kibir\u0117lyje \u2014 tai puikus pasirinkimas ma\u017eiesiems tyrin\u0117tojams, m\u0117gstantiems \u017eaisti sm\u0117lio d\u0117\u017e\u0117je, papl\u016bdimyje ar net sode.<\/p>","protected":false},"featured_media":88089,"template":"","meta":{"_acf_changed":false,"_glsr_average":0,"_glsr_ranking":0,"_glsr_reviews":0},"product_brand":[],"product_cat":[233,327],"product_tag":[],"class_list":{"0":"post-88087","1":"product","2":"type-product","3":"status-publish","4":"has-post-thumbnail","6":"product_cat-lauko-pramogos","7":"product_cat-smelio-dezes-ir-priedai","8":"\"style=\"background-color: #2ecc711c;\"","10":"first","11":"instock","12":"purchasable","13":"product-type-simple"},"acf":[],"yoast_head":"<!-- This site is optimized with the Yoast SEO plugin v27.4 - https:\/\/yoast.com\/product\/yoast-seo-wordpress\/ -->\n<title>Woopie GREEN ekologi\u0161kas sm\u0117lio rinkinys kibir\u0117lyje (7 vnt.)<\/title>\n<meta name=\"description\" content=\"Woopie GREEN ekologi\u0161kas sm\u0117lio rinkinys kibir\u0117lyje (7 vnt.) - KidsPlay. Did\u017eiausias vaik\u0173 \u017eaisl\u0173 pasirinkimas.\" \/>\n<meta name=\"robots\" content=\"index, follow, max-snippet:-1, max-image-preview:large, max-video-preview:-1\" \/>\n<link rel=\"canonical\" href=\"https:\/\/kidsplay.lt\/lv\/products\/woopie-green-ekologiskas-smelio-rinkinys-kibirelyje-7-vnt\/\" \/>\n<meta property=\"og:locale\" content=\"lv_LV\" \/>\n<meta property=\"og:type\" content=\"article\" \/>\n<meta property=\"og:title\" content=\"Woopie GREEN ekologi\u0161kas sm\u0117lio rinkinys kibir\u0117lyje (7 vnt.)\" \/>\n<meta property=\"og:description\" content=\"Woopie GREEN ekologi\u0161kas sm\u0117lio rinkinys kibir\u0117lyje (7 vnt.) - KidsPlay. Did\u017eiausias vaik\u0173 \u017eaisl\u0173 pasirinkimas.\" \/>\n<meta property=\"og:url\" content=\"https:\/\/kidsplay.lt\/lv\/products\/woopie-green-ekologiskas-smelio-rinkinys-kibirelyje-7-vnt\/\" \/>\n<meta property=\"og:site_name\" content=\"KidsPlay\" \/>\n<meta property=\"article:publisher\" content=\"https:\/\/www.facebook.com\/www.kidsplay.lt\" \/>\n<meta property=\"article:modified_time\" content=\"2026-04-13T11:51:20+00:00\" \/>\n<meta property=\"og:image\" content=\"https:\/\/kidsplay.lt\/wp-content\/uploads\/2026\/02\/Woopie-GREEN-ekologiskas-smelio-rinkinys-kibirelyje-7-vnt.jpg\" \/>\n\t<meta property=\"og:image:width\" content=\"2560\" \/>\n\t<meta property=\"og:image:height\" content=\"2560\" \/>\n\t<meta property=\"og:image:type\" content=\"image\/jpeg\" \/>\n<meta name=\"twitter:card\" content=\"summary_large_image\" \/>\n<meta name=\"twitter:label1\" content=\"Est. reading time\" \/>\n\t<meta name=\"twitter:data1\" content=\"1 min\u016bte\" \/>\n<script type=\"application\/ld+json\" class=\"yoast-schema-graph\">{\"@context\":\"https:\\\/\\\/schema.org\",\"@graph\":[{\"@type\":\"WebPage\",\"@id\":\"https:\\\/\\\/kidsplay.lt\\\/produktas\\\/woopie-green-ekologiskas-smelio-rinkinys-kibirelyje-7-vnt\\\/\",\"url\":\"https:\\\/\\\/kidsplay.lt\\\/produktas\\\/woopie-green-ekologiskas-smelio-rinkinys-kibirelyje-7-vnt\\\/\",\"name\":\"Woopie GREEN ekologi\u0161kas sm\u0117lio rinkinys kibir\u0117lyje (7 vnt.)\",\"isPartOf\":{\"@id\":\"https:\\\/\\\/kidsplay.lt\\\/#website\"},\"primaryImageOfPage\":{\"@id\":\"https:\\\/\\\/kidsplay.lt\\\/produktas\\\/woopie-green-ekologiskas-smelio-rinkinys-kibirelyje-7-vnt\\\/#primaryimage\"},\"image\":{\"@id\":\"https:\\\/\\\/kidsplay.lt\\\/produktas\\\/woopie-green-ekologiskas-smelio-rinkinys-kibirelyje-7-vnt\\\/#primaryimage\"},\"thumbnailUrl\":\"https:\\\/\\\/kidsplay.lt\\\/wp-content\\\/uploads\\\/2026\\\/02\\\/Woopie-GREEN-ekologiskas-smelio-rinkinys-kibirelyje-7-vnt.jpg\",\"datePublished\":\"2026-02-24T19:10:44+00:00\",\"dateModified\":\"2026-04-13T11:51:20+00:00\",\"description\":\"Woopie GREEN ekologi\u0161kas sm\u0117lio rinkinys kibir\u0117lyje (7 vnt.) - KidsPlay. Did\u017eiausias vaik\u0173 \u017eaisl\u0173 pasirinkimas.\",\"breadcrumb\":{\"@id\":\"https:\\\/\\\/kidsplay.lt\\\/produktas\\\/woopie-green-ekologiskas-smelio-rinkinys-kibirelyje-7-vnt\\\/#breadcrumb\"},\"inLanguage\":\"lv-LV\",\"potentialAction\":[{\"@type\":\"ReadAction\",\"target\":[\"https:\\\/\\\/kidsplay.lt\\\/produktas\\\/woopie-green-ekologiskas-smelio-rinkinys-kibirelyje-7-vnt\\\/\"]}]},{\"@type\":\"ImageObject\",\"inLanguage\":\"lv-LV\",\"@id\":\"https:\\\/\\\/kidsplay.lt\\\/produktas\\\/woopie-green-ekologiskas-smelio-rinkinys-kibirelyje-7-vnt\\\/#primaryimage\",\"url\":\"https:\\\/\\\/kidsplay.lt\\\/wp-content\\\/uploads\\\/2026\\\/02\\\/Woopie-GREEN-ekologiskas-smelio-rinkinys-kibirelyje-7-vnt.jpg\",\"contentUrl\":\"https:\\\/\\\/kidsplay.lt\\\/wp-content\\\/uploads\\\/2026\\\/02\\\/Woopie-GREEN-ekologiskas-smelio-rinkinys-kibirelyje-7-vnt.jpg\",\"width\":2560,\"height\":2560,\"caption\":\"Woopie GREEN ekologi\u0161kas sm\u0117lio rinkinys kibir\u0117lyje (7 vnt.)\"},{\"@type\":\"BreadcrumbList\",\"@id\":\"https:\\\/\\\/kidsplay.lt\\\/produktas\\\/woopie-green-ekologiskas-smelio-rinkinys-kibirelyje-7-vnt\\\/#breadcrumb\",\"itemListElement\":[{\"@type\":\"ListItem\",\"position\":1,\"name\":\"Pagrindinis\",\"item\":\"https:\\\/\\\/kidsplay.lt\\\/\"},{\"@type\":\"ListItem\",\"position\":2,\"name\":\"Parduotuv\u0117\",\"item\":\"https:\\\/\\\/kidsplay.lt\\\/parduotuve\\\/\"},{\"@type\":\"ListItem\",\"position\":3,\"name\":\"Woopie GREEN ekologi\u0161kas sm\u0117lio rinkinys kibir\u0117lyje (7 vnt.)\"}]},{\"@type\":\"WebSite\",\"@id\":\"https:\\\/\\\/kidsplay.lt\\\/#website\",\"url\":\"https:\\\/\\\/kidsplay.lt\\\/\",\"name\":\"Kidsplay.lt\",\"description\":\"\u012evairios prek\u0117s vaikams\",\"publisher\":{\"@id\":\"https:\\\/\\\/kidsplay.lt\\\/#organization\"},\"alternateName\":\"Kidsplay\",\"potentialAction\":[{\"@type\":\"SearchAction\",\"target\":{\"@type\":\"EntryPoint\",\"urlTemplate\":\"https:\\\/\\\/kidsplay.lt\\\/?s={search_term_string}\"},\"query-input\":{\"@type\":\"PropertyValueSpecification\",\"valueRequired\":true,\"valueName\":\"search_term_string\"}}],\"inLanguage\":\"lv-LV\"},{\"@type\":\"Organization\",\"@id\":\"https:\\\/\\\/kidsplay.lt\\\/#organization\",\"name\":\"KidsPlay\",\"url\":\"https:\\\/\\\/kidsplay.lt\\\/\",\"logo\":{\"@type\":\"ImageObject\",\"inLanguage\":\"lv-LV\",\"@id\":\"https:\\\/\\\/kidsplay.lt\\\/#\\\/schema\\\/logo\\\/image\\\/\",\"url\":\"https:\\\/\\\/kidsplay.lt\\\/wp-content\\\/uploads\\\/2023\\\/07\\\/kidsplay-logo.png\",\"contentUrl\":\"https:\\\/\\\/kidsplay.lt\\\/wp-content\\\/uploads\\\/2023\\\/07\\\/kidsplay-logo.png\",\"width\":451,\"height\":98,\"caption\":\"KidsPlay\"},\"image\":{\"@id\":\"https:\\\/\\\/kidsplay.lt\\\/#\\\/schema\\\/logo\\\/image\\\/\"},\"sameAs\":[\"https:\\\/\\\/www.facebook.com\\\/www.kidsplay.lt\"]}]}<\/script>\n<!-- \/ Yoast SEO plugin. -->","yoast_head_json":{"title":"Woopie GREEN ekolo\u0123iski draudz\u012bgs smil\u0161u komplekts spain\u012b (7 gab.)","description":"Woopie GREEN ekologi\u0161kas sm\u0117lio rinkinys kibir\u0117lyje (7 vnt.) - KidsPlay. Did\u017eiausias vaik\u0173 \u017eaisl\u0173 pasirinkimas.","robots":{"index":"index","follow":"follow","max-snippet":"max-snippet:-1","max-image-preview":"max-image-preview:large","max-video-preview":"max-video-preview:-1"},"canonical":"https:\/\/kidsplay.lt\/lv\/products\/woopie-green-ekologiskas-smelio-rinkinys-kibirelyje-7-vnt\/","og_locale":"lv_LV","og_type":"article","og_title":"Woopie GREEN ekologi\u0161kas sm\u0117lio rinkinys kibir\u0117lyje (7 vnt.)","og_description":"Woopie GREEN ekologi\u0161kas sm\u0117lio rinkinys kibir\u0117lyje (7 vnt.) - KidsPlay. Did\u017eiausias vaik\u0173 \u017eaisl\u0173 pasirinkimas.","og_url":"https:\/\/kidsplay.lt\/lv\/products\/woopie-green-ekologiskas-smelio-rinkinys-kibirelyje-7-vnt\/","og_site_name":"KidsPlay","article_publisher":"https:\/\/www.facebook.com\/www.kidsplay.lt","article_modified_time":"2026-04-13T11:51:20+00:00","og_image":[{"width":2560,"height":2560,"url":"https:\/\/kidsplay.lt\/wp-content\/uploads\/2026\/02\/Woopie-GREEN-ekologiskas-smelio-rinkinys-kibirelyje-7-vnt.jpg","type":"image\/jpeg"}],"twitter_card":"summary_large_image","twitter_misc":{"Est. reading time":"1 min\u016bte"},"schema":{"@context":"https:\/\/schema.org","@graph":[{"@type":"WebPage","@id":"https:\/\/kidsplay.lt\/produktas\/woopie-green-ekologiskas-smelio-rinkinys-kibirelyje-7-vnt\/","url":"https:\/\/kidsplay.lt\/produktas\/woopie-green-ekologiskas-smelio-rinkinys-kibirelyje-7-vnt\/","name":"Woopie GREEN ekolo\u0123iski draudz\u012bgs smil\u0161u komplekts spain\u012b (7 gab.)","isPartOf":{"@id":"https:\/\/kidsplay.lt\/#website"},"primaryImageOfPage":{"@id":"https:\/\/kidsplay.lt\/produktas\/woopie-green-ekologiskas-smelio-rinkinys-kibirelyje-7-vnt\/#primaryimage"},"image":{"@id":"https:\/\/kidsplay.lt\/produktas\/woopie-green-ekologiskas-smelio-rinkinys-kibirelyje-7-vnt\/#primaryimage"},"thumbnailUrl":"https:\/\/kidsplay.lt\/wp-content\/uploads\/2026\/02\/Woopie-GREEN-ekologiskas-smelio-rinkinys-kibirelyje-7-vnt.jpg","datePublished":"2026-02-24T19:10:44+00:00","dateModified":"2026-04-13T11:51:20+00:00","description":"Woopie GREEN ekologi\u0161kas sm\u0117lio rinkinys kibir\u0117lyje (7 vnt.) - KidsPlay. Did\u017eiausias vaik\u0173 \u017eaisl\u0173 pasirinkimas.","breadcrumb":{"@id":"https:\/\/kidsplay.lt\/produktas\/woopie-green-ekologiskas-smelio-rinkinys-kibirelyje-7-vnt\/#breadcrumb"},"inLanguage":"lv-LV","potentialAction":[{"@type":"ReadAction","target":["https:\/\/kidsplay.lt\/produktas\/woopie-green-ekologiskas-smelio-rinkinys-kibirelyje-7-vnt\/"]}]},{"@type":"ImageObject","inLanguage":"lv-LV","@id":"https:\/\/kidsplay.lt\/produktas\/woopie-green-ekologiskas-smelio-rinkinys-kibirelyje-7-vnt\/#primaryimage","url":"https:\/\/kidsplay.lt\/wp-content\/uploads\/2026\/02\/Woopie-GREEN-ekologiskas-smelio-rinkinys-kibirelyje-7-vnt.jpg","contentUrl":"https:\/\/kidsplay.lt\/wp-content\/uploads\/2026\/02\/Woopie-GREEN-ekologiskas-smelio-rinkinys-kibirelyje-7-vnt.jpg","width":2560,"height":2560,"caption":"Woopie GREEN ekologi\u0161kas sm\u0117lio rinkinys kibir\u0117lyje (7 vnt.)"},{"@type":"BreadcrumbList","@id":"https:\/\/kidsplay.lt\/produktas\/woopie-green-ekologiskas-smelio-rinkinys-kibirelyje-7-vnt\/#breadcrumb","itemListElement":[{"@type":"ListItem","position":1,"name":"Pagrindinis","item":"https:\/\/kidsplay.lt\/"},{"@type":"ListItem","position":2,"name":"Parduotuv\u0117","item":"https:\/\/kidsplay.lt\/parduotuve\/"},{"@type":"ListItem","position":3,"name":"Woopie GREEN ekologi\u0161kas sm\u0117lio rinkinys kibir\u0117lyje (7 vnt.)"}]},{"@type":"WebSite","@id":"https:\/\/kidsplay.lt\/#website","url":"https:\/\/kidsplay.lt\/","name":"B\u0113rnu sp\u0113les.lv","description":"\u012evairios prek\u0117s vaikams","publisher":{"@id":"https:\/\/kidsplay.lt\/#organization"},"alternateName":"Kidsplay","potentialAction":[{"@type":"SearchAction","target":{"@type":"EntryPoint","urlTemplate":"https:\/\/kidsplay.lt\/?s={search_term_string}"},"query-input":{"@type":"PropertyValueSpecification","valueRequired":true,"valueName":"search_term_string"}}],"inLanguage":"lv-LV"},{"@type":"Organization","@id":"https:\/\/kidsplay.lt\/#organization","name":"B\u0113rnu sp\u0113le","url":"https:\/\/kidsplay.lt\/","logo":{"@type":"ImageObject","inLanguage":"lv-LV","@id":"https:\/\/kidsplay.lt\/#\/schema\/logo\/image\/","url":"https:\/\/kidsplay.lt\/wp-content\/uploads\/2023\/07\/kidsplay-logo.png","contentUrl":"https:\/\/kidsplay.lt\/wp-content\/uploads\/2023\/07\/kidsplay-logo.png","width":451,"height":98,"caption":"KidsPlay"},"image":{"@id":"https:\/\/kidsplay.lt\/#\/schema\/logo\/image\/"},"sameAs":["https:\/\/www.facebook.com\/www.kidsplay.lt"]}]}},"_links":{"self":[{"href":"https:\/\/kidsplay.lt\/lv\/wp-json\/wp\/v2\/product\/88087","targetHints":{"allow":["GET"]}}],"collection":[{"href":"https:\/\/kidsplay.lt\/lv\/wp-json\/wp\/v2\/product"}],"about":[{"href":"https:\/\/kidsplay.lt\/lv\/wp-json\/wp\/v2\/types\/product"}],"version-history":[{"count":1,"href":"https:\/\/kidsplay.lt\/lv\/wp-json\/wp\/v2\/product\/88087\/revisions"}],"predecessor-version":[{"id":88088,"href":"https:\/\/kidsplay.lt\/lv\/wp-json\/wp\/v2\/product\/88087\/revisions\/88088"}],"wp:featuredmedia":[{"embeddable":true,"href":"https:\/\/kidsplay.lt\/lv\/wp-json\/wp\/v2\/media\/88089"}],"wp:attachment":[{"href":"https:\/\/kidsplay.lt\/lv\/wp-json\/wp\/v2\/media?parent=88087"}],"wp:term":[{"taxonomy":"product_brand","embeddable":true,"href":"https:\/\/kidsplay.lt\/lv\/wp-json\/wp\/v2\/product_brand?post=88087"},{"taxonomy":"product_cat","embeddable":true,"href":"https:\/\/kidsplay.lt\/lv\/wp-json\/wp\/v2\/product_cat?post=88087"},{"taxonomy":"product_tag","embeddable":true,"href":"https:\/\/kidsplay.lt\/lv\/wp-json\/wp\/v2\/product_tag?post=88087"}],"curies":[{"name":"wp","href":"https:\/\/api.w.org\/{rel}","templated":true}]}}