{"id":88110,"date":"2026-02-24T21:12:55","date_gmt":"2026-02-24T19:12:55","guid":{"rendered":"https:\/\/kidsplay.lt\/produktas\/woopie-edukacinis-rusiuoklis-gyvunai-44-el\/"},"modified":"2026-03-30T19:55:31","modified_gmt":"2026-03-30T16:55:31","slug":"woopie-edukacinis-rusiuoklis-gyvunai-44-el","status":"publish","type":"product","link":"https:\/\/kidsplay.lt\/lv\/products\/woopie-edukacinis-rusiuoklis-gyvunai-44-el\/","title":{"rendered":"Woopie izgl\u012btojo\u0161ais \u0161\u0137irot\u0101js &quot;Dz\u012bvnieki&quot; (44 gabali)"},"content":{"rendered":"<p>Woopie edukacinis r\u016b\u0161iuoklis \u201eGyv\u016bnai\u201c \u2013 tai paprastas, bet itin veiksmingas mokomasis \u017eaidimas, padedantis vaikams pa\u017einti spalvas, skai\u010dius ir lavinti smulki\u0105j\u0105 motorik\u0105. \u017daidimo tikslas \u2013 pincetu perkelti gumines gyv\u016bn\u0117li\u0173 fig\u016br\u0117les \u012f atitinkamos spalvos duben\u0117lius.<\/p>\n<p>Rinkinys suteikia daug edukacini\u0173 galimybi\u0173: vaikai gali mokytis r\u016b\u0161iuoti, skai\u010diuoti, \u017eaisti lenktynes, dirbti poroje ar lavinti koncentracij\u0105 individualiai. Tai puikus b\u016bdas mokytis per \u017eaidim\u0105, kuris nat\u016braliai \u012ftraukia ir motyvuoja.<\/p>\n<p>Raksturojums<\/p>\n<p> \tB\u0113rniem no 3 gadu vecuma<br \/>\n \tRinkin\u012f sudaro 44 elementai<br \/>\n \tTinka \u017eaidimui vienam arba dviem vaikams<br \/>\n \tPadeda mokytis spalv\u0173 ir skai\u010diavimo<br \/>\n \t\u017daidimo esm\u0117 \u2013 r\u016b\u0161iuoti fig\u016br\u0117les \u012f spalvotus duben\u0117lius<br \/>\n \tGumin\u0117s fig\u016br\u0117l\u0117s \u2013 mink\u0161tos, saugios ir malonios liesti<br \/>\n \tLavina smulki\u0105j\u0105 motorik\u0105, bendradarbiavim\u0105, dalijim\u0105si ir sveik\u0105 konkurencij\u0105<\/p>\n<p>Komplekts sast\u0101v no<\/p>\n<p> \t36 gyv\u016bn\u0117li\u0173 fig\u016br\u0117l\u0117s (6 skirtingi tipai)<br \/>\n \t6 spalvoti duben\u0117liai<br \/>\n \t2 pincetai \/ \u017enyplut\u0117s<\/p>","protected":false},"excerpt":{"rendered":"<p>Woopie edukacinis r\u016b\u0161iuoklis \u201eGyv\u016bnai\u201c \u2013 tai paprastas, bet itin veiksmingas mokomasis \u017eaidimas, padedantis vaikams pa\u017einti spalvas, skai\u010dius ir lavinti smulki\u0105j\u0105<\/p>","protected":false},"featured_media":88112,"template":"","meta":{"_acf_changed":false,"_glsr_average":0,"_glsr_ranking":0,"_glsr_reviews":0},"product_brand":[],"product_cat":[388,229],"product_tag":[],"class_list":{"0":"post-88110","1":"product","2":"type-product","3":"status-publish","4":"has-post-thumbnail","6":"product_cat-edukaciniai-lavinamieji-zaislai","7":"product_cat-zaislai-vaikams","8":"\"style=\"background-color: #2ecc711c;\"","10":"first","11":"outofstock","12":"purchasable","13":"product-type-simple"},"acf":[],"yoast_head":"<!-- This site is optimized with the Yoast SEO plugin v27.4 - https:\/\/yoast.com\/product\/yoast-seo-wordpress\/ -->\n<title>Woopie edukacinis r\u016b\u0161iuoklis \u201eGyv\u016bnai\u201c (44 el.)<\/title>\n<meta name=\"description\" content=\"Woopie edukacinis r\u016b\u0161iuoklis \u201eGyv\u016bnai\u201c (44 el.) - KidsPlay. Did\u017eiausias vaik\u0173 \u017eaisl\u0173 pasirinkimas.\" \/>\n<meta name=\"robots\" content=\"index, follow, max-snippet:-1, max-image-preview:large, max-video-preview:-1\" \/>\n<link rel=\"canonical\" href=\"https:\/\/kidsplay.lt\/lv\/products\/woopie-edukacinis-rusiuoklis-gyvunai-44-el\/\" \/>\n<meta property=\"og:locale\" content=\"lv_LV\" \/>\n<meta property=\"og:type\" content=\"article\" \/>\n<meta property=\"og:title\" content=\"Woopie edukacinis r\u016b\u0161iuoklis \u201eGyv\u016bnai\u201c (44 el.)\" \/>\n<meta property=\"og:description\" content=\"Woopie edukacinis r\u016b\u0161iuoklis \u201eGyv\u016bnai\u201c (44 el.) - KidsPlay. Did\u017eiausias vaik\u0173 \u017eaisl\u0173 pasirinkimas.\" \/>\n<meta property=\"og:url\" content=\"https:\/\/kidsplay.lt\/lv\/products\/woopie-edukacinis-rusiuoklis-gyvunai-44-el\/\" \/>\n<meta property=\"og:site_name\" content=\"KidsPlay\" \/>\n<meta property=\"article:publisher\" content=\"https:\/\/www.facebook.com\/www.kidsplay.lt\" \/>\n<meta property=\"article:modified_time\" content=\"2026-03-30T16:55:31+00:00\" \/>\n<meta property=\"og:image\" content=\"https:\/\/kidsplay.lt\/wp-content\/uploads\/2026\/02\/Woopie-edukacinis-rusiuoklis-\u201eGyvunai-44-el-800x800.jpg\" \/>\n\t<meta property=\"og:image:width\" content=\"800\" \/>\n\t<meta property=\"og:image:height\" content=\"800\" \/>\n\t<meta property=\"og:image:type\" content=\"image\/png\" \/>\n<meta name=\"twitter:card\" content=\"summary_large_image\" \/>\n<meta name=\"twitter:label1\" content=\"Est. reading time\" \/>\n\t<meta name=\"twitter:data1\" content=\"1 min\u016bte\" \/>\n<script type=\"application\/ld+json\" class=\"yoast-schema-graph\">{\"@context\":\"https:\\\/\\\/schema.org\",\"@graph\":[{\"@type\":\"WebPage\",\"@id\":\"https:\\\/\\\/kidsplay.lt\\\/produktas\\\/woopie-edukacinis-rusiuoklis-gyvunai-44-el\\\/\",\"url\":\"https:\\\/\\\/kidsplay.lt\\\/produktas\\\/woopie-edukacinis-rusiuoklis-gyvunai-44-el\\\/\",\"name\":\"Woopie edukacinis r\u016b\u0161iuoklis \u201eGyv\u016bnai\u201c (44 el.)\",\"isPartOf\":{\"@id\":\"https:\\\/\\\/kidsplay.lt\\\/#website\"},\"primaryImageOfPage\":{\"@id\":\"https:\\\/\\\/kidsplay.lt\\\/produktas\\\/woopie-edukacinis-rusiuoklis-gyvunai-44-el\\\/#primaryimage\"},\"image\":{\"@id\":\"https:\\\/\\\/kidsplay.lt\\\/produktas\\\/woopie-edukacinis-rusiuoklis-gyvunai-44-el\\\/#primaryimage\"},\"thumbnailUrl\":\"https:\\\/\\\/kidsplay.lt\\\/wp-content\\\/uploads\\\/2026\\\/02\\\/Woopie-edukacinis-rusiuoklis-\u201eGyvunai-44-el.jpg\",\"datePublished\":\"2026-02-24T19:12:55+00:00\",\"dateModified\":\"2026-03-30T16:55:31+00:00\",\"description\":\"Woopie edukacinis r\u016b\u0161iuoklis \u201eGyv\u016bnai\u201c (44 el.) - KidsPlay. Did\u017eiausias vaik\u0173 \u017eaisl\u0173 pasirinkimas.\",\"breadcrumb\":{\"@id\":\"https:\\\/\\\/kidsplay.lt\\\/produktas\\\/woopie-edukacinis-rusiuoklis-gyvunai-44-el\\\/#breadcrumb\"},\"inLanguage\":\"lv-LV\",\"potentialAction\":[{\"@type\":\"ReadAction\",\"target\":[\"https:\\\/\\\/kidsplay.lt\\\/produktas\\\/woopie-edukacinis-rusiuoklis-gyvunai-44-el\\\/\"]}]},{\"@type\":\"ImageObject\",\"inLanguage\":\"lv-LV\",\"@id\":\"https:\\\/\\\/kidsplay.lt\\\/produktas\\\/woopie-edukacinis-rusiuoklis-gyvunai-44-el\\\/#primaryimage\",\"url\":\"https:\\\/\\\/kidsplay.lt\\\/wp-content\\\/uploads\\\/2026\\\/02\\\/Woopie-edukacinis-rusiuoklis-\u201eGyvunai-44-el.jpg\",\"contentUrl\":\"https:\\\/\\\/kidsplay.lt\\\/wp-content\\\/uploads\\\/2026\\\/02\\\/Woopie-edukacinis-rusiuoklis-\u201eGyvunai-44-el.jpg\",\"width\":2560,\"height\":2560,\"caption\":\"Woopie edukacinis r\u016b\u0161iuoklis \u201eGyv\u016bnai\u201c (44 el.)\"},{\"@type\":\"BreadcrumbList\",\"@id\":\"https:\\\/\\\/kidsplay.lt\\\/produktas\\\/woopie-edukacinis-rusiuoklis-gyvunai-44-el\\\/#breadcrumb\",\"itemListElement\":[{\"@type\":\"ListItem\",\"position\":1,\"name\":\"Pagrindinis\",\"item\":\"https:\\\/\\\/kidsplay.lt\\\/\"},{\"@type\":\"ListItem\",\"position\":2,\"name\":\"Parduotuv\u0117\",\"item\":\"https:\\\/\\\/kidsplay.lt\\\/parduotuve\\\/\"},{\"@type\":\"ListItem\",\"position\":3,\"name\":\"Woopie edukacinis r\u016b\u0161iuoklis \u201eGyv\u016bnai\u201c (44 el.)\"}]},{\"@type\":\"WebSite\",\"@id\":\"https:\\\/\\\/kidsplay.lt\\\/#website\",\"url\":\"https:\\\/\\\/kidsplay.lt\\\/\",\"name\":\"Kidsplay.lt\",\"description\":\"\u012evairios prek\u0117s vaikams\",\"publisher\":{\"@id\":\"https:\\\/\\\/kidsplay.lt\\\/#organization\"},\"alternateName\":\"Kidsplay\",\"potentialAction\":[{\"@type\":\"SearchAction\",\"target\":{\"@type\":\"EntryPoint\",\"urlTemplate\":\"https:\\\/\\\/kidsplay.lt\\\/?s={search_term_string}\"},\"query-input\":{\"@type\":\"PropertyValueSpecification\",\"valueRequired\":true,\"valueName\":\"search_term_string\"}}],\"inLanguage\":\"lv-LV\"},{\"@type\":\"Organization\",\"@id\":\"https:\\\/\\\/kidsplay.lt\\\/#organization\",\"name\":\"KidsPlay\",\"url\":\"https:\\\/\\\/kidsplay.lt\\\/\",\"logo\":{\"@type\":\"ImageObject\",\"inLanguage\":\"lv-LV\",\"@id\":\"https:\\\/\\\/kidsplay.lt\\\/#\\\/schema\\\/logo\\\/image\\\/\",\"url\":\"https:\\\/\\\/kidsplay.lt\\\/wp-content\\\/uploads\\\/2023\\\/07\\\/kidsplay-logo.png\",\"contentUrl\":\"https:\\\/\\\/kidsplay.lt\\\/wp-content\\\/uploads\\\/2023\\\/07\\\/kidsplay-logo.png\",\"width\":451,\"height\":98,\"caption\":\"KidsPlay\"},\"image\":{\"@id\":\"https:\\\/\\\/kidsplay.lt\\\/#\\\/schema\\\/logo\\\/image\\\/\"},\"sameAs\":[\"https:\\\/\\\/www.facebook.com\\\/www.kidsplay.lt\"]}]}<\/script>\n<!-- \/ Yoast SEO plugin. -->","yoast_head_json":{"title":"Woopie izgl\u012btojo\u0161ais \u0161\u0137irot\u0101js &quot;Dz\u012bvnieki&quot; (44 gabali)","description":"Woopie edukacinis r\u016b\u0161iuoklis \u201eGyv\u016bnai\u201c (44 el.) - KidsPlay. Did\u017eiausias vaik\u0173 \u017eaisl\u0173 pasirinkimas.","robots":{"index":"index","follow":"follow","max-snippet":"max-snippet:-1","max-image-preview":"max-image-preview:large","max-video-preview":"max-video-preview:-1"},"canonical":"https:\/\/kidsplay.lt\/lv\/products\/woopie-edukacinis-rusiuoklis-gyvunai-44-el\/","og_locale":"lv_LV","og_type":"article","og_title":"Woopie edukacinis r\u016b\u0161iuoklis \u201eGyv\u016bnai\u201c (44 el.)","og_description":"Woopie edukacinis r\u016b\u0161iuoklis \u201eGyv\u016bnai\u201c (44 el.) - KidsPlay. Did\u017eiausias vaik\u0173 \u017eaisl\u0173 pasirinkimas.","og_url":"https:\/\/kidsplay.lt\/lv\/products\/woopie-edukacinis-rusiuoklis-gyvunai-44-el\/","og_site_name":"KidsPlay","article_publisher":"https:\/\/www.facebook.com\/www.kidsplay.lt","article_modified_time":"2026-03-30T16:55:31+00:00","og_image":[{"width":800,"height":800,"url":"https:\/\/kidsplay.lt\/wp-content\/uploads\/2026\/02\/Woopie-edukacinis-rusiuoklis-\u201eGyvunai-44-el-800x800.jpg","type":"image\/png"}],"twitter_card":"summary_large_image","twitter_misc":{"Est. reading time":"1 min\u016bte"},"schema":{"@context":"https:\/\/schema.org","@graph":[{"@type":"WebPage","@id":"https:\/\/kidsplay.lt\/produktas\/woopie-edukacinis-rusiuoklis-gyvunai-44-el\/","url":"https:\/\/kidsplay.lt\/produktas\/woopie-edukacinis-rusiuoklis-gyvunai-44-el\/","name":"Woopie izgl\u012btojo\u0161ais \u0161\u0137irot\u0101js &quot;Dz\u012bvnieki&quot; (44 gabali)","isPartOf":{"@id":"https:\/\/kidsplay.lt\/#website"},"primaryImageOfPage":{"@id":"https:\/\/kidsplay.lt\/produktas\/woopie-edukacinis-rusiuoklis-gyvunai-44-el\/#primaryimage"},"image":{"@id":"https:\/\/kidsplay.lt\/produktas\/woopie-edukacinis-rusiuoklis-gyvunai-44-el\/#primaryimage"},"thumbnailUrl":"https:\/\/kidsplay.lt\/wp-content\/uploads\/2026\/02\/Woopie-edukacinis-rusiuoklis-\u201eGyvunai-44-el.jpg","datePublished":"2026-02-24T19:12:55+00:00","dateModified":"2026-03-30T16:55:31+00:00","description":"Woopie edukacinis r\u016b\u0161iuoklis \u201eGyv\u016bnai\u201c (44 el.) - KidsPlay. Did\u017eiausias vaik\u0173 \u017eaisl\u0173 pasirinkimas.","breadcrumb":{"@id":"https:\/\/kidsplay.lt\/produktas\/woopie-edukacinis-rusiuoklis-gyvunai-44-el\/#breadcrumb"},"inLanguage":"lv-LV","potentialAction":[{"@type":"ReadAction","target":["https:\/\/kidsplay.lt\/produktas\/woopie-edukacinis-rusiuoklis-gyvunai-44-el\/"]}]},{"@type":"ImageObject","inLanguage":"lv-LV","@id":"https:\/\/kidsplay.lt\/produktas\/woopie-edukacinis-rusiuoklis-gyvunai-44-el\/#primaryimage","url":"https:\/\/kidsplay.lt\/wp-content\/uploads\/2026\/02\/Woopie-edukacinis-rusiuoklis-\u201eGyvunai-44-el.jpg","contentUrl":"https:\/\/kidsplay.lt\/wp-content\/uploads\/2026\/02\/Woopie-edukacinis-rusiuoklis-\u201eGyvunai-44-el.jpg","width":2560,"height":2560,"caption":"Woopie edukacinis r\u016b\u0161iuoklis \u201eGyv\u016bnai\u201c (44 el.)"},{"@type":"BreadcrumbList","@id":"https:\/\/kidsplay.lt\/produktas\/woopie-edukacinis-rusiuoklis-gyvunai-44-el\/#breadcrumb","itemListElement":[{"@type":"ListItem","position":1,"name":"Pagrindinis","item":"https:\/\/kidsplay.lt\/"},{"@type":"ListItem","position":2,"name":"Parduotuv\u0117","item":"https:\/\/kidsplay.lt\/parduotuve\/"},{"@type":"ListItem","position":3,"name":"Woopie edukacinis r\u016b\u0161iuoklis \u201eGyv\u016bnai\u201c (44 el.)"}]},{"@type":"WebSite","@id":"https:\/\/kidsplay.lt\/#website","url":"https:\/\/kidsplay.lt\/","name":"B\u0113rnu sp\u0113les.lv","description":"\u012evairios prek\u0117s vaikams","publisher":{"@id":"https:\/\/kidsplay.lt\/#organization"},"alternateName":"Kidsplay","potentialAction":[{"@type":"SearchAction","target":{"@type":"EntryPoint","urlTemplate":"https:\/\/kidsplay.lt\/?s={search_term_string}"},"query-input":{"@type":"PropertyValueSpecification","valueRequired":true,"valueName":"search_term_string"}}],"inLanguage":"lv-LV"},{"@type":"Organization","@id":"https:\/\/kidsplay.lt\/#organization","name":"B\u0113rnu sp\u0113le","url":"https:\/\/kidsplay.lt\/","logo":{"@type":"ImageObject","inLanguage":"lv-LV","@id":"https:\/\/kidsplay.lt\/#\/schema\/logo\/image\/","url":"https:\/\/kidsplay.lt\/wp-content\/uploads\/2023\/07\/kidsplay-logo.png","contentUrl":"https:\/\/kidsplay.lt\/wp-content\/uploads\/2023\/07\/kidsplay-logo.png","width":451,"height":98,"caption":"KidsPlay"},"image":{"@id":"https:\/\/kidsplay.lt\/#\/schema\/logo\/image\/"},"sameAs":["https:\/\/www.facebook.com\/www.kidsplay.lt"]}]}},"_links":{"self":[{"href":"https:\/\/kidsplay.lt\/lv\/wp-json\/wp\/v2\/product\/88110","targetHints":{"allow":["GET"]}}],"collection":[{"href":"https:\/\/kidsplay.lt\/lv\/wp-json\/wp\/v2\/product"}],"about":[{"href":"https:\/\/kidsplay.lt\/lv\/wp-json\/wp\/v2\/types\/product"}],"version-history":[{"count":1,"href":"https:\/\/kidsplay.lt\/lv\/wp-json\/wp\/v2\/product\/88110\/revisions"}],"predecessor-version":[{"id":88111,"href":"https:\/\/kidsplay.lt\/lv\/wp-json\/wp\/v2\/product\/88110\/revisions\/88111"}],"wp:featuredmedia":[{"embeddable":true,"href":"https:\/\/kidsplay.lt\/lv\/wp-json\/wp\/v2\/media\/88112"}],"wp:attachment":[{"href":"https:\/\/kidsplay.lt\/lv\/wp-json\/wp\/v2\/media?parent=88110"}],"wp:term":[{"taxonomy":"product_brand","embeddable":true,"href":"https:\/\/kidsplay.lt\/lv\/wp-json\/wp\/v2\/product_brand?post=88110"},{"taxonomy":"product_cat","embeddable":true,"href":"https:\/\/kidsplay.lt\/lv\/wp-json\/wp\/v2\/product_cat?post=88110"},{"taxonomy":"product_tag","embeddable":true,"href":"https:\/\/kidsplay.lt\/lv\/wp-json\/wp\/v2\/product_tag?post=88110"}],"curies":[{"name":"wp","href":"https:\/\/api.w.org\/{rel}","templated":true}]}}