{"id":88130,"date":"2026-02-24T21:16:02","date_gmt":"2026-02-24T19:16:02","guid":{"rendered":"https:\/\/kidsplay.lt\/produktas\/woopie-zaidimas-zirafa-bokstas-is-puodeliu\/"},"modified":"2026-04-13T14:54:29","modified_gmt":"2026-04-13T11:54:29","slug":"woopie-zaidimas-zirafa-bokstas-is-puodeliu","status":"publish","type":"product","link":"https:\/\/kidsplay.lt\/lv\/products\/woopie-zaidimas-zirafa-bokstas-is-puodeliu\/","title":{"rendered":"Woopie \u017eaidimas \u201e\u017dirafa \u2013 bok\u0161tas i\u0161 puodeli\u0173\u201c"},"content":{"rendered":"<p>Woopie \u201e\u017dirafa \u2013 puodelis ant puodelio\u201c \u2013 tai linksmas ir azarti\u0161kas \u017eaidimas, kuriame svarbiausia i\u0161lieka tikslumas, susikaupimas ir \u0161iek tiek s\u0117km\u0117s. \u017daid\u0117jai stato vis auk\u0161tesn\u0119 \u017eirafos kaklo \u201ebok\u0161t\u0105\u201c, d\u0117dami puodelius vien\u0105 ant kito pagal tai, k\u0105 nurodo sukamas fort\u016bnos ratas.<\/p>\n<p>Kiekvienas neatsargus judesys gali nuversti vis\u0105 konstrukcij\u0105, tod\u0117l \u017eaidimas sukelia daug juoko ir \u012ftampos tiek vaikams, tiek suaugusiems. Tai puikus pasirinkimas \u0161eimos vakarams, draug\u0173 susib\u016brimams ar \u017eaidimams su vaikais.<\/p>\n<p>Raksturojums<\/p>\n<p> \tSkirta vaikams nuo 4 met\u0173<br \/>\n \tPuikiai tinka visai \u0161eimai<br \/>\n \tLavina koncentracij\u0105, susikaupim\u0105 ir login\u012f m\u0105stym\u0105<br \/>\n \t\u012etraukia tiek vaikus, tiek suaugusiuosius<br \/>\n \tPaprastos taisykl\u0117s, greitai perprantamas \u017eaidimas<\/p>\n<p>\u017daidimo taisykl\u0117s<br \/>\n\u017daid\u0117jai suka fort\u016bnos rat\u0105, kuris nurodo, kiek puodeli\u0173 reikia prid\u0117ti prie \u017eirafos kaklo. Tikslas \u2013 pastatyti kuo auk\u0161tesn\u0119 bok\u0161to konstrukcij\u0105, jos nenugriaunant. \u017daidimas baigiasi tada, kai vienas i\u0161 \u017eaid\u0117j\u0173 nuver\u010dia \u017eiraf\u0105.<\/p>\n<p>Rota\u013clietu lav\u012bna<\/p>\n<p> \tSmalk\u0101s motorikas prasmes<br \/>\n \tLogin\u012f m\u0105stym\u0105<br \/>\n \tRefleksus ir reakcij\u0105<br \/>\n \tRoku-acu koordin\u0101cija<\/p>\n<p>Komplekts sast\u0101v no<\/p>\n<p> \t\u017dirafos galva ir k\u016bno pagrindas<br \/>\n \t12 puodeli\u0173<br \/>\n \tFort\u016bnos ratas<\/p>","protected":false},"excerpt":{"rendered":"<p>Woopie \u201e\u017dirafa \u2013 puodelis ant puodelio\u201c \u2013 tai linksmas ir azarti\u0161kas \u017eaidimas, kuriame svarbiausia i\u0161lieka tikslumas, susikaupimas ir \u0161iek tiek<\/p>","protected":false},"featured_media":88132,"template":"","meta":{"_acf_changed":false,"_glsr_average":0,"_glsr_ranking":0,"_glsr_reviews":0},"product_brand":[],"product_cat":[445,229],"product_tag":[],"class_list":{"0":"post-88130","1":"product","2":"type-product","3":"status-publish","4":"has-post-thumbnail","6":"product_cat-stalo-zaidimai","7":"product_cat-zaislai-vaikams","8":"\"style=\"background-color: #2ecc711c;\"","10":"first","11":"instock","12":"purchasable","13":"product-type-simple"},"acf":[],"yoast_head":"<!-- This site is optimized with the Yoast SEO plugin v27.4 - https:\/\/yoast.com\/product\/yoast-seo-wordpress\/ -->\n<title>Woopie \u017eaidimas \u201e\u017dirafa \u2013 bok\u0161tas i\u0161 puodeli\u0173\u201c<\/title>\n<meta name=\"description\" content=\"Woopie \u017eaidimas \u201e\u017dirafa \u2013 bok\u0161tas i\u0161 puodeli\u0173\u201c - KidsPlay. Did\u017eiausias vaik\u0173 \u017eaisl\u0173 pasirinkimas.\" \/>\n<meta name=\"robots\" content=\"index, follow, max-snippet:-1, max-image-preview:large, max-video-preview:-1\" \/>\n<link rel=\"canonical\" href=\"https:\/\/kidsplay.lt\/lv\/products\/woopie-zaidimas-zirafa-bokstas-is-puodeliu\/\" \/>\n<meta property=\"og:locale\" content=\"lv_LV\" \/>\n<meta property=\"og:type\" content=\"article\" \/>\n<meta property=\"og:title\" content=\"Woopie \u017eaidimas \u201e\u017dirafa \u2013 bok\u0161tas i\u0161 puodeli\u0173\u201c\" \/>\n<meta property=\"og:description\" content=\"Woopie \u017eaidimas \u201e\u017dirafa \u2013 bok\u0161tas i\u0161 puodeli\u0173\u201c - KidsPlay. Did\u017eiausias vaik\u0173 \u017eaisl\u0173 pasirinkimas.\" \/>\n<meta property=\"og:url\" content=\"https:\/\/kidsplay.lt\/lv\/products\/woopie-zaidimas-zirafa-bokstas-is-puodeliu\/\" \/>\n<meta property=\"og:site_name\" content=\"KidsPlay\" \/>\n<meta property=\"article:publisher\" content=\"https:\/\/www.facebook.com\/www.kidsplay.lt\" \/>\n<meta property=\"article:modified_time\" content=\"2026-04-13T11:54:29+00:00\" \/>\n<meta property=\"og:image\" content=\"https:\/\/kidsplay.lt\/wp-content\/uploads\/2026\/02\/Woopie-zaidimas-\u201eZirafa-\u2013-bokstas-is-puodeliu.jpg\" \/>\n\t<meta property=\"og:image:width\" content=\"1000\" \/>\n\t<meta property=\"og:image:height\" content=\"1000\" \/>\n\t<meta property=\"og:image:type\" content=\"image\/jpeg\" \/>\n<meta name=\"twitter:card\" content=\"summary_large_image\" \/>\n<meta name=\"twitter:label1\" content=\"Est. reading time\" \/>\n\t<meta name=\"twitter:data1\" content=\"1 min\u016bte\" \/>\n<script type=\"application\/ld+json\" class=\"yoast-schema-graph\">{\"@context\":\"https:\\\/\\\/schema.org\",\"@graph\":[{\"@type\":\"WebPage\",\"@id\":\"https:\\\/\\\/kidsplay.lt\\\/produktas\\\/woopie-zaidimas-zirafa-bokstas-is-puodeliu\\\/\",\"url\":\"https:\\\/\\\/kidsplay.lt\\\/produktas\\\/woopie-zaidimas-zirafa-bokstas-is-puodeliu\\\/\",\"name\":\"Woopie \u017eaidimas \u201e\u017dirafa \u2013 bok\u0161tas i\u0161 puodeli\u0173\u201c\",\"isPartOf\":{\"@id\":\"https:\\\/\\\/kidsplay.lt\\\/#website\"},\"primaryImageOfPage\":{\"@id\":\"https:\\\/\\\/kidsplay.lt\\\/produktas\\\/woopie-zaidimas-zirafa-bokstas-is-puodeliu\\\/#primaryimage\"},\"image\":{\"@id\":\"https:\\\/\\\/kidsplay.lt\\\/produktas\\\/woopie-zaidimas-zirafa-bokstas-is-puodeliu\\\/#primaryimage\"},\"thumbnailUrl\":\"https:\\\/\\\/kidsplay.lt\\\/wp-content\\\/uploads\\\/2026\\\/02\\\/Woopie-zaidimas-\u201eZirafa-\u2013-bokstas-is-puodeliu.jpg\",\"datePublished\":\"2026-02-24T19:16:02+00:00\",\"dateModified\":\"2026-04-13T11:54:29+00:00\",\"description\":\"Woopie \u017eaidimas \u201e\u017dirafa \u2013 bok\u0161tas i\u0161 puodeli\u0173\u201c - KidsPlay. Did\u017eiausias vaik\u0173 \u017eaisl\u0173 pasirinkimas.\",\"breadcrumb\":{\"@id\":\"https:\\\/\\\/kidsplay.lt\\\/produktas\\\/woopie-zaidimas-zirafa-bokstas-is-puodeliu\\\/#breadcrumb\"},\"inLanguage\":\"lv-LV\",\"potentialAction\":[{\"@type\":\"ReadAction\",\"target\":[\"https:\\\/\\\/kidsplay.lt\\\/produktas\\\/woopie-zaidimas-zirafa-bokstas-is-puodeliu\\\/\"]}]},{\"@type\":\"ImageObject\",\"inLanguage\":\"lv-LV\",\"@id\":\"https:\\\/\\\/kidsplay.lt\\\/produktas\\\/woopie-zaidimas-zirafa-bokstas-is-puodeliu\\\/#primaryimage\",\"url\":\"https:\\\/\\\/kidsplay.lt\\\/wp-content\\\/uploads\\\/2026\\\/02\\\/Woopie-zaidimas-\u201eZirafa-\u2013-bokstas-is-puodeliu.jpg\",\"contentUrl\":\"https:\\\/\\\/kidsplay.lt\\\/wp-content\\\/uploads\\\/2026\\\/02\\\/Woopie-zaidimas-\u201eZirafa-\u2013-bokstas-is-puodeliu.jpg\",\"width\":1000,\"height\":1000,\"caption\":\"Woopie \u017eaidimas \u201e\u017dirafa \u2013 bok\u0161tas i\u0161 puodeli\u0173\u201c\"},{\"@type\":\"BreadcrumbList\",\"@id\":\"https:\\\/\\\/kidsplay.lt\\\/produktas\\\/woopie-zaidimas-zirafa-bokstas-is-puodeliu\\\/#breadcrumb\",\"itemListElement\":[{\"@type\":\"ListItem\",\"position\":1,\"name\":\"Pagrindinis\",\"item\":\"https:\\\/\\\/kidsplay.lt\\\/\"},{\"@type\":\"ListItem\",\"position\":2,\"name\":\"Parduotuv\u0117\",\"item\":\"https:\\\/\\\/kidsplay.lt\\\/parduotuve\\\/\"},{\"@type\":\"ListItem\",\"position\":3,\"name\":\"Woopie \u017eaidimas \u201e\u017dirafa \u2013 bok\u0161tas i\u0161 puodeli\u0173\u201c\"}]},{\"@type\":\"WebSite\",\"@id\":\"https:\\\/\\\/kidsplay.lt\\\/#website\",\"url\":\"https:\\\/\\\/kidsplay.lt\\\/\",\"name\":\"Kidsplay.lt\",\"description\":\"\u012evairios prek\u0117s vaikams\",\"publisher\":{\"@id\":\"https:\\\/\\\/kidsplay.lt\\\/#organization\"},\"alternateName\":\"Kidsplay\",\"potentialAction\":[{\"@type\":\"SearchAction\",\"target\":{\"@type\":\"EntryPoint\",\"urlTemplate\":\"https:\\\/\\\/kidsplay.lt\\\/?s={search_term_string}\"},\"query-input\":{\"@type\":\"PropertyValueSpecification\",\"valueRequired\":true,\"valueName\":\"search_term_string\"}}],\"inLanguage\":\"lv-LV\"},{\"@type\":\"Organization\",\"@id\":\"https:\\\/\\\/kidsplay.lt\\\/#organization\",\"name\":\"KidsPlay\",\"url\":\"https:\\\/\\\/kidsplay.lt\\\/\",\"logo\":{\"@type\":\"ImageObject\",\"inLanguage\":\"lv-LV\",\"@id\":\"https:\\\/\\\/kidsplay.lt\\\/#\\\/schema\\\/logo\\\/image\\\/\",\"url\":\"https:\\\/\\\/kidsplay.lt\\\/wp-content\\\/uploads\\\/2023\\\/07\\\/kidsplay-logo.png\",\"contentUrl\":\"https:\\\/\\\/kidsplay.lt\\\/wp-content\\\/uploads\\\/2023\\\/07\\\/kidsplay-logo.png\",\"width\":451,\"height\":98,\"caption\":\"KidsPlay\"},\"image\":{\"@id\":\"https:\\\/\\\/kidsplay.lt\\\/#\\\/schema\\\/logo\\\/image\\\/\"},\"sameAs\":[\"https:\\\/\\\/www.facebook.com\\\/www.kidsplay.lt\"]}]}<\/script>\n<!-- \/ Yoast SEO plugin. -->","yoast_head_json":{"title":"Woopie \u017eaidimas \u201e\u017dirafa \u2013 bok\u0161tas i\u0161 puodeli\u0173\u201c","description":"Woopie \u017eaidimas \u201e\u017dirafa \u2013 bok\u0161tas i\u0161 puodeli\u0173\u201c - KidsPlay. Did\u017eiausias vaik\u0173 \u017eaisl\u0173 pasirinkimas.","robots":{"index":"index","follow":"follow","max-snippet":"max-snippet:-1","max-image-preview":"max-image-preview:large","max-video-preview":"max-video-preview:-1"},"canonical":"https:\/\/kidsplay.lt\/lv\/products\/woopie-zaidimas-zirafa-bokstas-is-puodeliu\/","og_locale":"lv_LV","og_type":"article","og_title":"Woopie \u017eaidimas \u201e\u017dirafa \u2013 bok\u0161tas i\u0161 puodeli\u0173\u201c","og_description":"Woopie \u017eaidimas \u201e\u017dirafa \u2013 bok\u0161tas i\u0161 puodeli\u0173\u201c - KidsPlay. Did\u017eiausias vaik\u0173 \u017eaisl\u0173 pasirinkimas.","og_url":"https:\/\/kidsplay.lt\/lv\/products\/woopie-zaidimas-zirafa-bokstas-is-puodeliu\/","og_site_name":"KidsPlay","article_publisher":"https:\/\/www.facebook.com\/www.kidsplay.lt","article_modified_time":"2026-04-13T11:54:29+00:00","og_image":[{"width":1000,"height":1000,"url":"https:\/\/kidsplay.lt\/wp-content\/uploads\/2026\/02\/Woopie-zaidimas-\u201eZirafa-\u2013-bokstas-is-puodeliu.jpg","type":"image\/jpeg"}],"twitter_card":"summary_large_image","twitter_misc":{"Est. reading time":"1 min\u016bte"},"schema":{"@context":"https:\/\/schema.org","@graph":[{"@type":"WebPage","@id":"https:\/\/kidsplay.lt\/produktas\/woopie-zaidimas-zirafa-bokstas-is-puodeliu\/","url":"https:\/\/kidsplay.lt\/produktas\/woopie-zaidimas-zirafa-bokstas-is-puodeliu\/","name":"Woopie \u017eaidimas \u201e\u017dirafa \u2013 bok\u0161tas i\u0161 puodeli\u0173\u201c","isPartOf":{"@id":"https:\/\/kidsplay.lt\/#website"},"primaryImageOfPage":{"@id":"https:\/\/kidsplay.lt\/produktas\/woopie-zaidimas-zirafa-bokstas-is-puodeliu\/#primaryimage"},"image":{"@id":"https:\/\/kidsplay.lt\/produktas\/woopie-zaidimas-zirafa-bokstas-is-puodeliu\/#primaryimage"},"thumbnailUrl":"https:\/\/kidsplay.lt\/wp-content\/uploads\/2026\/02\/Woopie-zaidimas-\u201eZirafa-\u2013-bokstas-is-puodeliu.jpg","datePublished":"2026-02-24T19:16:02+00:00","dateModified":"2026-04-13T11:54:29+00:00","description":"Woopie \u017eaidimas \u201e\u017dirafa \u2013 bok\u0161tas i\u0161 puodeli\u0173\u201c - KidsPlay. Did\u017eiausias vaik\u0173 \u017eaisl\u0173 pasirinkimas.","breadcrumb":{"@id":"https:\/\/kidsplay.lt\/produktas\/woopie-zaidimas-zirafa-bokstas-is-puodeliu\/#breadcrumb"},"inLanguage":"lv-LV","potentialAction":[{"@type":"ReadAction","target":["https:\/\/kidsplay.lt\/produktas\/woopie-zaidimas-zirafa-bokstas-is-puodeliu\/"]}]},{"@type":"ImageObject","inLanguage":"lv-LV","@id":"https:\/\/kidsplay.lt\/produktas\/woopie-zaidimas-zirafa-bokstas-is-puodeliu\/#primaryimage","url":"https:\/\/kidsplay.lt\/wp-content\/uploads\/2026\/02\/Woopie-zaidimas-\u201eZirafa-\u2013-bokstas-is-puodeliu.jpg","contentUrl":"https:\/\/kidsplay.lt\/wp-content\/uploads\/2026\/02\/Woopie-zaidimas-\u201eZirafa-\u2013-bokstas-is-puodeliu.jpg","width":1000,"height":1000,"caption":"Woopie \u017eaidimas \u201e\u017dirafa \u2013 bok\u0161tas i\u0161 puodeli\u0173\u201c"},{"@type":"BreadcrumbList","@id":"https:\/\/kidsplay.lt\/produktas\/woopie-zaidimas-zirafa-bokstas-is-puodeliu\/#breadcrumb","itemListElement":[{"@type":"ListItem","position":1,"name":"Pagrindinis","item":"https:\/\/kidsplay.lt\/"},{"@type":"ListItem","position":2,"name":"Parduotuv\u0117","item":"https:\/\/kidsplay.lt\/parduotuve\/"},{"@type":"ListItem","position":3,"name":"Woopie \u017eaidimas \u201e\u017dirafa \u2013 bok\u0161tas i\u0161 puodeli\u0173\u201c"}]},{"@type":"WebSite","@id":"https:\/\/kidsplay.lt\/#website","url":"https:\/\/kidsplay.lt\/","name":"B\u0113rnu sp\u0113les.lv","description":"\u012evairios prek\u0117s vaikams","publisher":{"@id":"https:\/\/kidsplay.lt\/#organization"},"alternateName":"Kidsplay","potentialAction":[{"@type":"SearchAction","target":{"@type":"EntryPoint","urlTemplate":"https:\/\/kidsplay.lt\/?s={search_term_string}"},"query-input":{"@type":"PropertyValueSpecification","valueRequired":true,"valueName":"search_term_string"}}],"inLanguage":"lv-LV"},{"@type":"Organization","@id":"https:\/\/kidsplay.lt\/#organization","name":"B\u0113rnu sp\u0113le","url":"https:\/\/kidsplay.lt\/","logo":{"@type":"ImageObject","inLanguage":"lv-LV","@id":"https:\/\/kidsplay.lt\/#\/schema\/logo\/image\/","url":"https:\/\/kidsplay.lt\/wp-content\/uploads\/2023\/07\/kidsplay-logo.png","contentUrl":"https:\/\/kidsplay.lt\/wp-content\/uploads\/2023\/07\/kidsplay-logo.png","width":451,"height":98,"caption":"KidsPlay"},"image":{"@id":"https:\/\/kidsplay.lt\/#\/schema\/logo\/image\/"},"sameAs":["https:\/\/www.facebook.com\/www.kidsplay.lt"]}]}},"_links":{"self":[{"href":"https:\/\/kidsplay.lt\/lv\/wp-json\/wp\/v2\/product\/88130","targetHints":{"allow":["GET"]}}],"collection":[{"href":"https:\/\/kidsplay.lt\/lv\/wp-json\/wp\/v2\/product"}],"about":[{"href":"https:\/\/kidsplay.lt\/lv\/wp-json\/wp\/v2\/types\/product"}],"version-history":[{"count":1,"href":"https:\/\/kidsplay.lt\/lv\/wp-json\/wp\/v2\/product\/88130\/revisions"}],"predecessor-version":[{"id":88131,"href":"https:\/\/kidsplay.lt\/lv\/wp-json\/wp\/v2\/product\/88130\/revisions\/88131"}],"wp:featuredmedia":[{"embeddable":true,"href":"https:\/\/kidsplay.lt\/lv\/wp-json\/wp\/v2\/media\/88132"}],"wp:attachment":[{"href":"https:\/\/kidsplay.lt\/lv\/wp-json\/wp\/v2\/media?parent=88130"}],"wp:term":[{"taxonomy":"product_brand","embeddable":true,"href":"https:\/\/kidsplay.lt\/lv\/wp-json\/wp\/v2\/product_brand?post=88130"},{"taxonomy":"product_cat","embeddable":true,"href":"https:\/\/kidsplay.lt\/lv\/wp-json\/wp\/v2\/product_cat?post=88130"},{"taxonomy":"product_tag","embeddable":true,"href":"https:\/\/kidsplay.lt\/lv\/wp-json\/wp\/v2\/product_tag?post=88130"}],"curies":[{"name":"wp","href":"https:\/\/api.w.org\/{rel}","templated":true}]}}