{"id":88176,"date":"2026-02-25T07:33:13","date_gmt":"2026-02-25T05:33:13","guid":{"rendered":"https:\/\/kidsplay.lt\/produktas\/vaikiska-kuprine-su-kaspinu-ir-dekoratyvine-kisenele-25-l\/"},"modified":"2026-04-10T09:13:18","modified_gmt":"2026-04-10T06:13:18","slug":"vaikiska-kuprine-su-kaspinu-ir-dekoratyvine-kisenele-25-l","status":"publish","type":"product","link":"https:\/\/kidsplay.lt\/lv\/products\/vaikiska-kuprine-su-kaspinu-ir-dekoratyvine-kisenele-25-l\/","title":{"rendered":"Vaiki\u0161ka kuprin\u0117 su kaspinu ir dekoratyvine ki\u0161en\u0117le, 2,5 l"},"content":{"rendered":"<p>\u0160i stilinga vaiki\u0161ka kuprin\u0117 \u2013 puikus pasirinkimas ma\u017eosioms, m\u0117gstan\u010dioms eleganti\u0161kus ir i\u0161skirtinius aksesuarus. Pagaminta i\u0161 subtiliai reljefinio audinio, ji i\u0161siskiria \u0161viesiu, \u0161velniu dizainu ir \u017eavingomis detal\u0117mis. Dekoratyvinis kaspinas su tiuliu ir p\u016bkuotu pomponu suteikia kuprinei i\u0161skirtin\u012f \u017eaves\u012f, o spalvotais karoliukais puo\u0161ta priekin\u0117 ki\u0161en\u0117l\u0117 paver\u010dia j\u0105 tikru akcentu.<\/p>\n<p>Kuprin\u0117 turi pagrindin\u012f u\u017etrauktuku u\u017esegam\u0105 skyri\u0173, kuriame telpa ma\u017eyl\u0117s \u017eaisliukai, u\u017ekand\u017eiai ar kitos smulkmenos. Priekin\u0117 ki\u0161en\u0117l\u0117 ne tik prakti\u0161ka, bet ir dekoratyvi \u2013 ji suteikia kuprinei unikalumo ir \u017eaismingumo.<\/p>\n<p>D\u0117l kompakti\u0161k\u0173 18 \u00d7 20 \u00d7 7 cm matmen\u0173 ir ma\u017edaug 2,5 l talpos, \u0161i kuprin\u0117 puikiai tinka pasivaik\u0161\u010diojimams, dar\u017eeliui ar kaip miela, dekoratyvi dovana.<\/p>\n<p>Specifik\u0101cijas<\/p>\n<p> \tI\u0161matavimai: 18 \u00d7 20 \u00d7 7 cm<br \/>\n \tTalpa: apie 2,5 l<br \/>\n \tMed\u017eiaga: sintetin\u0117 med\u017eiaga su reljefiniu ra\u0161tu<br \/>\n \tKi\u0161en\u0117s: 1 pagrindinis skyrius + 1 priekin\u0117 ki\u0161en\u0117l\u0117<\/p>\n<p>Komplekta saturs<\/p>\n<p> \tVaiki\u0161ka kuprin\u0117 su dekoratyviniu kaspinu<\/p>","protected":false},"excerpt":{"rendered":"<p>\u0160i stilinga vaiki\u0161ka kuprin\u0117 \u2013 puikus pasirinkimas ma\u017eosioms, m\u0117gstan\u010dioms eleganti\u0161kus ir i\u0161skirtinius aksesuarus. Pagaminta i\u0161 subtiliai reljefinio audinio, ji i\u0161siskiria<\/p>","protected":false},"featured_media":88178,"template":"","meta":{"_acf_changed":false,"_glsr_average":0,"_glsr_ranking":0,"_glsr_reviews":0},"product_brand":[],"product_cat":[338,337],"product_tag":[],"class_list":{"0":"post-88176","1":"product","2":"type-product","3":"status-publish","4":"has-post-thumbnail","6":"product_cat-ikimokyklines-kuprines","7":"product_cat-mokyklines-prekes","8":"\"style=\"background-color: #2ecc711c;\"","10":"first","11":"instock","12":"purchasable","13":"product-type-simple"},"acf":[],"yoast_head":"<!-- This site is optimized with the Yoast SEO plugin v27.3 - https:\/\/yoast.com\/product\/yoast-seo-wordpress\/ -->\n<title>Vaiki\u0161ka kuprin\u0117 su kaspinu ir dekoratyvine ki\u0161en\u0117le, 2,5 l<\/title>\n<meta name=\"description\" content=\"Vaiki\u0161ka kuprin\u0117 su kaspinu ir dekoratyvine ki\u0161en\u0117le, 2,5 l - KidsPlay. Did\u017eiausias vaik\u0173 \u017eaisl\u0173 pasirinkimas.\" \/>\n<meta name=\"robots\" content=\"index, follow, max-snippet:-1, max-image-preview:large, max-video-preview:-1\" \/>\n<link rel=\"canonical\" href=\"https:\/\/kidsplay.lt\/lv\/products\/vaikiska-kuprine-su-kaspinu-ir-dekoratyvine-kisenele-25-l\/\" \/>\n<meta property=\"og:locale\" content=\"lv_LV\" \/>\n<meta property=\"og:type\" content=\"article\" \/>\n<meta property=\"og:title\" content=\"Vaiki\u0161ka kuprin\u0117 su kaspinu ir dekoratyvine ki\u0161en\u0117le, 2,5 l\" \/>\n<meta property=\"og:description\" content=\"Vaiki\u0161ka kuprin\u0117 su kaspinu ir dekoratyvine ki\u0161en\u0117le, 2,5 l - KidsPlay. Did\u017eiausias vaik\u0173 \u017eaisl\u0173 pasirinkimas.\" \/>\n<meta property=\"og:url\" content=\"https:\/\/kidsplay.lt\/lv\/products\/vaikiska-kuprine-su-kaspinu-ir-dekoratyvine-kisenele-25-l\/\" \/>\n<meta property=\"og:site_name\" content=\"KidsPlay\" \/>\n<meta property=\"article:publisher\" content=\"https:\/\/www.facebook.com\/www.kidsplay.lt\" \/>\n<meta property=\"article:modified_time\" content=\"2026-04-10T06:13:18+00:00\" \/>\n<meta property=\"og:image\" content=\"https:\/\/kidsplay.lt\/wp-content\/uploads\/2026\/02\/Vaikiska-kuprine-su-kaspinu-ir-dekoratyvine-kisenele-25-l.jpg\" \/>\n\t<meta property=\"og:image:width\" content=\"1000\" \/>\n\t<meta property=\"og:image:height\" content=\"1000\" \/>\n\t<meta property=\"og:image:type\" content=\"image\/jpeg\" \/>\n<meta name=\"twitter:card\" content=\"summary_large_image\" \/>\n<meta name=\"twitter:label1\" content=\"Est. reading time\" \/>\n\t<meta name=\"twitter:data1\" content=\"1 min\u016bte\" \/>\n<script type=\"application\/ld+json\" class=\"yoast-schema-graph\">{\"@context\":\"https:\\\/\\\/schema.org\",\"@graph\":[{\"@type\":\"WebPage\",\"@id\":\"https:\\\/\\\/kidsplay.lt\\\/produktas\\\/vaikiska-kuprine-su-kaspinu-ir-dekoratyvine-kisenele-25-l\\\/\",\"url\":\"https:\\\/\\\/kidsplay.lt\\\/produktas\\\/vaikiska-kuprine-su-kaspinu-ir-dekoratyvine-kisenele-25-l\\\/\",\"name\":\"Vaiki\u0161ka kuprin\u0117 su kaspinu ir dekoratyvine ki\u0161en\u0117le, 2,5 l\",\"isPartOf\":{\"@id\":\"https:\\\/\\\/kidsplay.lt\\\/#website\"},\"primaryImageOfPage\":{\"@id\":\"https:\\\/\\\/kidsplay.lt\\\/produktas\\\/vaikiska-kuprine-su-kaspinu-ir-dekoratyvine-kisenele-25-l\\\/#primaryimage\"},\"image\":{\"@id\":\"https:\\\/\\\/kidsplay.lt\\\/produktas\\\/vaikiska-kuprine-su-kaspinu-ir-dekoratyvine-kisenele-25-l\\\/#primaryimage\"},\"thumbnailUrl\":\"https:\\\/\\\/kidsplay.lt\\\/wp-content\\\/uploads\\\/2026\\\/02\\\/Vaikiska-kuprine-su-kaspinu-ir-dekoratyvine-kisenele-25-l.jpg\",\"datePublished\":\"2026-02-25T05:33:13+00:00\",\"dateModified\":\"2026-04-10T06:13:18+00:00\",\"description\":\"Vaiki\u0161ka kuprin\u0117 su kaspinu ir dekoratyvine ki\u0161en\u0117le, 2,5 l - KidsPlay. Did\u017eiausias vaik\u0173 \u017eaisl\u0173 pasirinkimas.\",\"breadcrumb\":{\"@id\":\"https:\\\/\\\/kidsplay.lt\\\/produktas\\\/vaikiska-kuprine-su-kaspinu-ir-dekoratyvine-kisenele-25-l\\\/#breadcrumb\"},\"inLanguage\":\"lv-LV\",\"potentialAction\":[{\"@type\":\"ReadAction\",\"target\":[\"https:\\\/\\\/kidsplay.lt\\\/produktas\\\/vaikiska-kuprine-su-kaspinu-ir-dekoratyvine-kisenele-25-l\\\/\"]}]},{\"@type\":\"ImageObject\",\"inLanguage\":\"lv-LV\",\"@id\":\"https:\\\/\\\/kidsplay.lt\\\/produktas\\\/vaikiska-kuprine-su-kaspinu-ir-dekoratyvine-kisenele-25-l\\\/#primaryimage\",\"url\":\"https:\\\/\\\/kidsplay.lt\\\/wp-content\\\/uploads\\\/2026\\\/02\\\/Vaikiska-kuprine-su-kaspinu-ir-dekoratyvine-kisenele-25-l.jpg\",\"contentUrl\":\"https:\\\/\\\/kidsplay.lt\\\/wp-content\\\/uploads\\\/2026\\\/02\\\/Vaikiska-kuprine-su-kaspinu-ir-dekoratyvine-kisenele-25-l.jpg\",\"width\":1000,\"height\":1000,\"caption\":\"Vaiki\u0161ka kuprin\u0117 su kaspinu ir dekoratyvine ki\u0161en\u0117le\"},{\"@type\":\"BreadcrumbList\",\"@id\":\"https:\\\/\\\/kidsplay.lt\\\/produktas\\\/vaikiska-kuprine-su-kaspinu-ir-dekoratyvine-kisenele-25-l\\\/#breadcrumb\",\"itemListElement\":[{\"@type\":\"ListItem\",\"position\":1,\"name\":\"Pagrindinis\",\"item\":\"https:\\\/\\\/kidsplay.lt\\\/\"},{\"@type\":\"ListItem\",\"position\":2,\"name\":\"Parduotuv\u0117\",\"item\":\"https:\\\/\\\/kidsplay.lt\\\/parduotuve\\\/\"},{\"@type\":\"ListItem\",\"position\":3,\"name\":\"Vaiki\u0161ka kuprin\u0117 su kaspinu ir dekoratyvine ki\u0161en\u0117le, 2,5 l\"}]},{\"@type\":\"WebSite\",\"@id\":\"https:\\\/\\\/kidsplay.lt\\\/#website\",\"url\":\"https:\\\/\\\/kidsplay.lt\\\/\",\"name\":\"Kidsplay.lt\",\"description\":\"\u012evairios prek\u0117s vaikams\",\"publisher\":{\"@id\":\"https:\\\/\\\/kidsplay.lt\\\/#organization\"},\"alternateName\":\"Kidsplay\",\"potentialAction\":[{\"@type\":\"SearchAction\",\"target\":{\"@type\":\"EntryPoint\",\"urlTemplate\":\"https:\\\/\\\/kidsplay.lt\\\/?s={search_term_string}\"},\"query-input\":{\"@type\":\"PropertyValueSpecification\",\"valueRequired\":true,\"valueName\":\"search_term_string\"}}],\"inLanguage\":\"lv-LV\"},{\"@type\":\"Organization\",\"@id\":\"https:\\\/\\\/kidsplay.lt\\\/#organization\",\"name\":\"KidsPlay\",\"url\":\"https:\\\/\\\/kidsplay.lt\\\/\",\"logo\":{\"@type\":\"ImageObject\",\"inLanguage\":\"lv-LV\",\"@id\":\"https:\\\/\\\/kidsplay.lt\\\/#\\\/schema\\\/logo\\\/image\\\/\",\"url\":\"https:\\\/\\\/kidsplay.lt\\\/wp-content\\\/uploads\\\/2023\\\/07\\\/kidsplay-logo.png\",\"contentUrl\":\"https:\\\/\\\/kidsplay.lt\\\/wp-content\\\/uploads\\\/2023\\\/07\\\/kidsplay-logo.png\",\"width\":451,\"height\":98,\"caption\":\"KidsPlay\"},\"image\":{\"@id\":\"https:\\\/\\\/kidsplay.lt\\\/#\\\/schema\\\/logo\\\/image\\\/\"},\"sameAs\":[\"https:\\\/\\\/www.facebook.com\\\/www.kidsplay.lt\"]}]}<\/script>\n<!-- \/ Yoast SEO plugin. -->","yoast_head_json":{"title":"Vaiki\u0161ka kuprin\u0117 su kaspinu ir dekoratyvine ki\u0161en\u0117le, 2,5 l","description":"Vaiki\u0161ka kuprin\u0117 su kaspinu ir dekoratyvine ki\u0161en\u0117le, 2,5 l - KidsPlay. Did\u017eiausias vaik\u0173 \u017eaisl\u0173 pasirinkimas.","robots":{"index":"index","follow":"follow","max-snippet":"max-snippet:-1","max-image-preview":"max-image-preview:large","max-video-preview":"max-video-preview:-1"},"canonical":"https:\/\/kidsplay.lt\/lv\/products\/vaikiska-kuprine-su-kaspinu-ir-dekoratyvine-kisenele-25-l\/","og_locale":"lv_LV","og_type":"article","og_title":"Vaiki\u0161ka kuprin\u0117 su kaspinu ir dekoratyvine ki\u0161en\u0117le, 2,5 l","og_description":"Vaiki\u0161ka kuprin\u0117 su kaspinu ir dekoratyvine ki\u0161en\u0117le, 2,5 l - KidsPlay. Did\u017eiausias vaik\u0173 \u017eaisl\u0173 pasirinkimas.","og_url":"https:\/\/kidsplay.lt\/lv\/products\/vaikiska-kuprine-su-kaspinu-ir-dekoratyvine-kisenele-25-l\/","og_site_name":"KidsPlay","article_publisher":"https:\/\/www.facebook.com\/www.kidsplay.lt","article_modified_time":"2026-04-10T06:13:18+00:00","og_image":[{"width":1000,"height":1000,"url":"https:\/\/kidsplay.lt\/wp-content\/uploads\/2026\/02\/Vaikiska-kuprine-su-kaspinu-ir-dekoratyvine-kisenele-25-l.jpg","type":"image\/jpeg"}],"twitter_card":"summary_large_image","twitter_misc":{"Est. reading time":"1 min\u016bte"},"schema":{"@context":"https:\/\/schema.org","@graph":[{"@type":"WebPage","@id":"https:\/\/kidsplay.lt\/produktas\/vaikiska-kuprine-su-kaspinu-ir-dekoratyvine-kisenele-25-l\/","url":"https:\/\/kidsplay.lt\/produktas\/vaikiska-kuprine-su-kaspinu-ir-dekoratyvine-kisenele-25-l\/","name":"Vaiki\u0161ka kuprin\u0117 su kaspinu ir dekoratyvine ki\u0161en\u0117le, 2,5 l","isPartOf":{"@id":"https:\/\/kidsplay.lt\/#website"},"primaryImageOfPage":{"@id":"https:\/\/kidsplay.lt\/produktas\/vaikiska-kuprine-su-kaspinu-ir-dekoratyvine-kisenele-25-l\/#primaryimage"},"image":{"@id":"https:\/\/kidsplay.lt\/produktas\/vaikiska-kuprine-su-kaspinu-ir-dekoratyvine-kisenele-25-l\/#primaryimage"},"thumbnailUrl":"https:\/\/kidsplay.lt\/wp-content\/uploads\/2026\/02\/Vaikiska-kuprine-su-kaspinu-ir-dekoratyvine-kisenele-25-l.jpg","datePublished":"2026-02-25T05:33:13+00:00","dateModified":"2026-04-10T06:13:18+00:00","description":"Vaiki\u0161ka kuprin\u0117 su kaspinu ir dekoratyvine ki\u0161en\u0117le, 2,5 l - KidsPlay. Did\u017eiausias vaik\u0173 \u017eaisl\u0173 pasirinkimas.","breadcrumb":{"@id":"https:\/\/kidsplay.lt\/produktas\/vaikiska-kuprine-su-kaspinu-ir-dekoratyvine-kisenele-25-l\/#breadcrumb"},"inLanguage":"lv-LV","potentialAction":[{"@type":"ReadAction","target":["https:\/\/kidsplay.lt\/produktas\/vaikiska-kuprine-su-kaspinu-ir-dekoratyvine-kisenele-25-l\/"]}]},{"@type":"ImageObject","inLanguage":"lv-LV","@id":"https:\/\/kidsplay.lt\/produktas\/vaikiska-kuprine-su-kaspinu-ir-dekoratyvine-kisenele-25-l\/#primaryimage","url":"https:\/\/kidsplay.lt\/wp-content\/uploads\/2026\/02\/Vaikiska-kuprine-su-kaspinu-ir-dekoratyvine-kisenele-25-l.jpg","contentUrl":"https:\/\/kidsplay.lt\/wp-content\/uploads\/2026\/02\/Vaikiska-kuprine-su-kaspinu-ir-dekoratyvine-kisenele-25-l.jpg","width":1000,"height":1000,"caption":"Vaiki\u0161ka kuprin\u0117 su kaspinu ir dekoratyvine ki\u0161en\u0117le"},{"@type":"BreadcrumbList","@id":"https:\/\/kidsplay.lt\/produktas\/vaikiska-kuprine-su-kaspinu-ir-dekoratyvine-kisenele-25-l\/#breadcrumb","itemListElement":[{"@type":"ListItem","position":1,"name":"Pagrindinis","item":"https:\/\/kidsplay.lt\/"},{"@type":"ListItem","position":2,"name":"Parduotuv\u0117","item":"https:\/\/kidsplay.lt\/parduotuve\/"},{"@type":"ListItem","position":3,"name":"Vaiki\u0161ka kuprin\u0117 su kaspinu ir dekoratyvine ki\u0161en\u0117le, 2,5 l"}]},{"@type":"WebSite","@id":"https:\/\/kidsplay.lt\/#website","url":"https:\/\/kidsplay.lt\/","name":"B\u0113rnu sp\u0113les.lv","description":"\u012evairios prek\u0117s vaikams","publisher":{"@id":"https:\/\/kidsplay.lt\/#organization"},"alternateName":"Kidsplay","potentialAction":[{"@type":"SearchAction","target":{"@type":"EntryPoint","urlTemplate":"https:\/\/kidsplay.lt\/?s={search_term_string}"},"query-input":{"@type":"PropertyValueSpecification","valueRequired":true,"valueName":"search_term_string"}}],"inLanguage":"lv-LV"},{"@type":"Organization","@id":"https:\/\/kidsplay.lt\/#organization","name":"B\u0113rnu sp\u0113le","url":"https:\/\/kidsplay.lt\/","logo":{"@type":"ImageObject","inLanguage":"lv-LV","@id":"https:\/\/kidsplay.lt\/#\/schema\/logo\/image\/","url":"https:\/\/kidsplay.lt\/wp-content\/uploads\/2023\/07\/kidsplay-logo.png","contentUrl":"https:\/\/kidsplay.lt\/wp-content\/uploads\/2023\/07\/kidsplay-logo.png","width":451,"height":98,"caption":"KidsPlay"},"image":{"@id":"https:\/\/kidsplay.lt\/#\/schema\/logo\/image\/"},"sameAs":["https:\/\/www.facebook.com\/www.kidsplay.lt"]}]}},"_links":{"self":[{"href":"https:\/\/kidsplay.lt\/lv\/wp-json\/wp\/v2\/product\/88176","targetHints":{"allow":["GET"]}}],"collection":[{"href":"https:\/\/kidsplay.lt\/lv\/wp-json\/wp\/v2\/product"}],"about":[{"href":"https:\/\/kidsplay.lt\/lv\/wp-json\/wp\/v2\/types\/product"}],"version-history":[{"count":1,"href":"https:\/\/kidsplay.lt\/lv\/wp-json\/wp\/v2\/product\/88176\/revisions"}],"predecessor-version":[{"id":88177,"href":"https:\/\/kidsplay.lt\/lv\/wp-json\/wp\/v2\/product\/88176\/revisions\/88177"}],"wp:featuredmedia":[{"embeddable":true,"href":"https:\/\/kidsplay.lt\/lv\/wp-json\/wp\/v2\/media\/88178"}],"wp:attachment":[{"href":"https:\/\/kidsplay.lt\/lv\/wp-json\/wp\/v2\/media?parent=88176"}],"wp:term":[{"taxonomy":"product_brand","embeddable":true,"href":"https:\/\/kidsplay.lt\/lv\/wp-json\/wp\/v2\/product_brand?post=88176"},{"taxonomy":"product_cat","embeddable":true,"href":"https:\/\/kidsplay.lt\/lv\/wp-json\/wp\/v2\/product_cat?post=88176"},{"taxonomy":"product_tag","embeddable":true,"href":"https:\/\/kidsplay.lt\/lv\/wp-json\/wp\/v2\/product_tag?post=88176"}],"curies":[{"name":"wp","href":"https:\/\/api.w.org\/{rel}","templated":true}]}}