{"id":88259,"date":"2026-02-25T07:35:20","date_gmt":"2026-02-25T05:35:20","guid":{"rendered":"https:\/\/kidsplay.lt\/produktas\/purpurine-rozine-pukuota-vaikiska-kuprine-su-ausytemis-ir-zvaigzdutemis-24-x-22-cm\/"},"modified":"2026-04-15T14:39:46","modified_gmt":"2026-04-15T11:39:46","slug":"purpurine-rozine-pukuota-vaikiska-kuprine-su-ausytemis-ir-zvaigzdutemis-24-x-22-cm","status":"publish","type":"product","link":"https:\/\/kidsplay.lt\/lv\/products\/purpurine-rozine-pukuota-vaikiska-kuprine-su-ausytemis-ir-zvaigzdutemis-24-x-22-cm\/","title":{"rendered":"Violeti roz\u0101 p\u016bkaina b\u0113rnu mugursoma ar aus\u012bm un zvaigzn\u0113m, 24 \u00d7 22 cm"},"content":{"rendered":"<p>\u0160\u012b burv\u012bg\u0101, m\u012bkst\u0101 b\u0113rnu mugursoma violet\u0101 un roz\u0101 kr\u0101su kombin\u0101cij\u0101 ir sap\u0146a piepild\u012bjums mazajiem, kuri dievina mirdzumu, m\u0101j\u012bgumu un ekskluz\u012bvus aksesu\u0101rus. Izgatavota no m\u012bksta, p\u016bkaina auduma, dekor\u0113ta ar sp\u012bd\u012bg\u0101m zelta un meln\u0101m zvaigzn\u0113m un jautr\u0101m pl\u012b\u0161a aus\u012bm, t\u0101 uzreiz piesaista uzman\u012bbu un pie\u0161\u0137ir pasakainu \u0161armu.<\/p>\n<p>Mugursomai ir galvenais nodal\u012bjums ar r\u0101v\u0113jsl\u0113dz\u0113ju un priek\u0161\u0113j\u0101 kabata, kur\u0101 \u0113rti var ievietot visus j\u016bsu mazu\u013ca &quot;d\u0101rgumus&quot; - iecien\u012bt\u0101ko rota\u013clietu, pudel\u012bti, uzkodas vai citus mazus priek\u0161metus.<\/p>\n<p>Regul\u0113jamas tekstila siksnas, kas atbilst mugursomas kr\u0101s\u0101m, \u013cauj viegli piel\u0101got garumu b\u0113rna augumam, padarot mugursomu \u0113rtu valk\u0101\u0161anai gan ikdien\u0101, gan ce\u013cojumos.<\/p>\n<p>Mugursoma ar izm\u0113ru 24 \u00d7 22 cm ir kompakta, bet pietiekami ietilp\u012bga, lai apmierin\u0101tu j\u016bsu mazu\u013ca ikdienas vajadz\u012bbas. T\u0101 ir lieliska izv\u0113le b\u0113rniem, kuriem pat\u012bk m\u012bksti, sp\u012bd\u012bgi un ori\u0123in\u0101li aksesu\u0101ri.<\/p>\n<p>Specifik\u0101cijas<\/p>\n<p> \tTips: b\u0113rnu mugursoma<br \/>\n \tMot\u012bvs: zvaigznes + ausis<br \/>\n \tKr\u0101sa: violeta-roz\u0101<br \/>\n \tIzm\u0113ri: aptuveni 24 \u00d7 22 cm<br \/>\n \tMateri\u0101ls: p\u016bkains sint\u0113tisks materi\u0101ls<br \/>\n \tBik\u0161turi: regul\u0113jami, tekstila<br \/>\n \tStils: pasakains, b\u0113rni\u0161\u0137\u012bgs<\/p>\n<p>Komplekta saturs<\/p>\n<p> \t1 \u00d7 p\u016bkaina mugursoma ar aus\u012bm<\/p>","protected":false},"excerpt":{"rendered":"<p>\u0160i \u017eavinga, mink\u0161ta vaiki\u0161ka kuprin\u0117 purpurin\u0117s ir ro\u017ein\u0117s spalv\u0173 derinyje \u2013 tikra svajon\u0117 ma\u017eiesiems, dievinantiems \u017evilges\u012f, jaukum\u0105 ir i\u0161skirtinius aksesuarus.<\/p>","protected":false},"featured_media":88261,"template":"","meta":{"_acf_changed":false,"_glsr_average":0,"_glsr_ranking":0,"_glsr_reviews":0},"product_brand":[],"product_cat":[338,337],"product_tag":[],"class_list":{"0":"post-88259","1":"product","2":"type-product","3":"status-publish","4":"has-post-thumbnail","6":"product_cat-ikimokyklines-kuprines","7":"product_cat-mokyklines-prekes","8":"\"style=\"background-color: #2ecc711c;\"","10":"first","11":"instock","12":"purchasable","13":"product-type-simple"},"acf":[],"yoast_head":"<!-- This site is optimized with the Yoast SEO plugin v27.4 - https:\/\/yoast.com\/product\/yoast-seo-wordpress\/ -->\n<title>Purpurin\u0117\u2013ro\u017ein\u0117 p\u016bkuota vaiki\u0161ka kuprin\u0117 su ausyt\u0117mis ir \u017evaig\u017edut\u0117mis, 24 \u00d7 22 cm<\/title>\n<meta name=\"description\" content=\"Purpurin\u0117\u2013ro\u017ein\u0117 p\u016bkuota vaiki\u0161ka kuprin\u0117 su ausyt\u0117mis ir \u017evaig\u017edut\u0117mis, 24 \u00d7 22 cm - KidsPlay. Did\u017eiausias vaik\u0173 \u017eaisl\u0173 pasirinkimas.\" \/>\n<meta name=\"robots\" content=\"index, follow, max-snippet:-1, max-image-preview:large, max-video-preview:-1\" \/>\n<link rel=\"canonical\" href=\"https:\/\/kidsplay.lt\/lv\/products\/purpurine-rozine-pukuota-vaikiska-kuprine-su-ausytemis-ir-zvaigzdutemis-24-x-22-cm\/\" \/>\n<meta property=\"og:locale\" content=\"lv_LV\" \/>\n<meta property=\"og:type\" content=\"article\" \/>\n<meta property=\"og:title\" content=\"Purpurin\u0117\u2013ro\u017ein\u0117 p\u016bkuota vaiki\u0161ka kuprin\u0117 su ausyt\u0117mis ir \u017evaig\u017edut\u0117mis, 24 \u00d7 22 cm\" \/>\n<meta property=\"og:description\" content=\"Purpurin\u0117\u2013ro\u017ein\u0117 p\u016bkuota vaiki\u0161ka kuprin\u0117 su ausyt\u0117mis ir \u017evaig\u017edut\u0117mis, 24 \u00d7 22 cm - KidsPlay. Did\u017eiausias vaik\u0173 \u017eaisl\u0173 pasirinkimas.\" \/>\n<meta property=\"og:url\" content=\"https:\/\/kidsplay.lt\/lv\/products\/purpurine-rozine-pukuota-vaikiska-kuprine-su-ausytemis-ir-zvaigzdutemis-24-x-22-cm\/\" \/>\n<meta property=\"og:site_name\" content=\"KidsPlay\" \/>\n<meta property=\"article:publisher\" content=\"https:\/\/www.facebook.com\/www.kidsplay.lt\" \/>\n<meta property=\"article:modified_time\" content=\"2026-04-15T11:39:46+00:00\" \/>\n<meta property=\"og:image\" content=\"https:\/\/kidsplay.lt\/wp-content\/uploads\/2026\/02\/Purpurine\u2013rozine-pukuota-vaikiska-kuprine-su-ausytemis-ir-zvaigzdutemis-24-\u00d7-22-cm.jpg\" \/>\n\t<meta property=\"og:image:width\" content=\"1000\" \/>\n\t<meta property=\"og:image:height\" content=\"1000\" \/>\n\t<meta property=\"og:image:type\" content=\"image\/jpeg\" \/>\n<meta name=\"twitter:card\" content=\"summary_large_image\" \/>\n<meta name=\"twitter:label1\" content=\"Est. reading time\" \/>\n\t<meta name=\"twitter:data1\" content=\"1 min\u016bte\" \/>\n<script type=\"application\/ld+json\" class=\"yoast-schema-graph\">{\"@context\":\"https:\\\/\\\/schema.org\",\"@graph\":[{\"@type\":\"WebPage\",\"@id\":\"https:\\\/\\\/kidsplay.lt\\\/produktas\\\/purpurine-rozine-pukuota-vaikiska-kuprine-su-ausytemis-ir-zvaigzdutemis-24-x-22-cm\\\/\",\"url\":\"https:\\\/\\\/kidsplay.lt\\\/produktas\\\/purpurine-rozine-pukuota-vaikiska-kuprine-su-ausytemis-ir-zvaigzdutemis-24-x-22-cm\\\/\",\"name\":\"Purpurin\u0117\u2013ro\u017ein\u0117 p\u016bkuota vaiki\u0161ka kuprin\u0117 su ausyt\u0117mis ir \u017evaig\u017edut\u0117mis, 24 \u00d7 22 cm\",\"isPartOf\":{\"@id\":\"https:\\\/\\\/kidsplay.lt\\\/#website\"},\"primaryImageOfPage\":{\"@id\":\"https:\\\/\\\/kidsplay.lt\\\/produktas\\\/purpurine-rozine-pukuota-vaikiska-kuprine-su-ausytemis-ir-zvaigzdutemis-24-x-22-cm\\\/#primaryimage\"},\"image\":{\"@id\":\"https:\\\/\\\/kidsplay.lt\\\/produktas\\\/purpurine-rozine-pukuota-vaikiska-kuprine-su-ausytemis-ir-zvaigzdutemis-24-x-22-cm\\\/#primaryimage\"},\"thumbnailUrl\":\"https:\\\/\\\/kidsplay.lt\\\/wp-content\\\/uploads\\\/2026\\\/02\\\/Purpurine\u2013rozine-pukuota-vaikiska-kuprine-su-ausytemis-ir-zvaigzdutemis-24-\u00d7-22-cm.jpg\",\"datePublished\":\"2026-02-25T05:35:20+00:00\",\"dateModified\":\"2026-04-15T11:39:46+00:00\",\"description\":\"Purpurin\u0117\u2013ro\u017ein\u0117 p\u016bkuota vaiki\u0161ka kuprin\u0117 su ausyt\u0117mis ir \u017evaig\u017edut\u0117mis, 24 \u00d7 22 cm - KidsPlay. Did\u017eiausias vaik\u0173 \u017eaisl\u0173 pasirinkimas.\",\"breadcrumb\":{\"@id\":\"https:\\\/\\\/kidsplay.lt\\\/produktas\\\/purpurine-rozine-pukuota-vaikiska-kuprine-su-ausytemis-ir-zvaigzdutemis-24-x-22-cm\\\/#breadcrumb\"},\"inLanguage\":\"lv-LV\",\"potentialAction\":[{\"@type\":\"ReadAction\",\"target\":[\"https:\\\/\\\/kidsplay.lt\\\/produktas\\\/purpurine-rozine-pukuota-vaikiska-kuprine-su-ausytemis-ir-zvaigzdutemis-24-x-22-cm\\\/\"]}]},{\"@type\":\"ImageObject\",\"inLanguage\":\"lv-LV\",\"@id\":\"https:\\\/\\\/kidsplay.lt\\\/produktas\\\/purpurine-rozine-pukuota-vaikiska-kuprine-su-ausytemis-ir-zvaigzdutemis-24-x-22-cm\\\/#primaryimage\",\"url\":\"https:\\\/\\\/kidsplay.lt\\\/wp-content\\\/uploads\\\/2026\\\/02\\\/Purpurine\u2013rozine-pukuota-vaikiska-kuprine-su-ausytemis-ir-zvaigzdutemis-24-\u00d7-22-cm.jpg\",\"contentUrl\":\"https:\\\/\\\/kidsplay.lt\\\/wp-content\\\/uploads\\\/2026\\\/02\\\/Purpurine\u2013rozine-pukuota-vaikiska-kuprine-su-ausytemis-ir-zvaigzdutemis-24-\u00d7-22-cm.jpg\",\"width\":1000,\"height\":1000,\"caption\":\"Purpurin\u0117\u2013ro\u017ein\u0117 p\u016bkuota vaiki\u0161ka kuprin\u0117 su ausyt\u0117mis ir \u017evaig\u017edut\u0117mis\"},{\"@type\":\"BreadcrumbList\",\"@id\":\"https:\\\/\\\/kidsplay.lt\\\/produktas\\\/purpurine-rozine-pukuota-vaikiska-kuprine-su-ausytemis-ir-zvaigzdutemis-24-x-22-cm\\\/#breadcrumb\",\"itemListElement\":[{\"@type\":\"ListItem\",\"position\":1,\"name\":\"Pagrindinis\",\"item\":\"https:\\\/\\\/kidsplay.lt\\\/\"},{\"@type\":\"ListItem\",\"position\":2,\"name\":\"Parduotuv\u0117\",\"item\":\"https:\\\/\\\/kidsplay.lt\\\/parduotuve\\\/\"},{\"@type\":\"ListItem\",\"position\":3,\"name\":\"Purpurin\u0117\u2013ro\u017ein\u0117 p\u016bkuota vaiki\u0161ka kuprin\u0117 su ausyt\u0117mis ir \u017evaig\u017edut\u0117mis, 24 \u00d7 22 cm\"}]},{\"@type\":\"WebSite\",\"@id\":\"https:\\\/\\\/kidsplay.lt\\\/#website\",\"url\":\"https:\\\/\\\/kidsplay.lt\\\/\",\"name\":\"Kidsplay.lt\",\"description\":\"\u012evairios prek\u0117s vaikams\",\"publisher\":{\"@id\":\"https:\\\/\\\/kidsplay.lt\\\/#organization\"},\"alternateName\":\"Kidsplay\",\"potentialAction\":[{\"@type\":\"SearchAction\",\"target\":{\"@type\":\"EntryPoint\",\"urlTemplate\":\"https:\\\/\\\/kidsplay.lt\\\/?s={search_term_string}\"},\"query-input\":{\"@type\":\"PropertyValueSpecification\",\"valueRequired\":true,\"valueName\":\"search_term_string\"}}],\"inLanguage\":\"lv-LV\"},{\"@type\":\"Organization\",\"@id\":\"https:\\\/\\\/kidsplay.lt\\\/#organization\",\"name\":\"KidsPlay\",\"url\":\"https:\\\/\\\/kidsplay.lt\\\/\",\"logo\":{\"@type\":\"ImageObject\",\"inLanguage\":\"lv-LV\",\"@id\":\"https:\\\/\\\/kidsplay.lt\\\/#\\\/schema\\\/logo\\\/image\\\/\",\"url\":\"https:\\\/\\\/kidsplay.lt\\\/wp-content\\\/uploads\\\/2023\\\/07\\\/kidsplay-logo.png\",\"contentUrl\":\"https:\\\/\\\/kidsplay.lt\\\/wp-content\\\/uploads\\\/2023\\\/07\\\/kidsplay-logo.png\",\"width\":451,\"height\":98,\"caption\":\"KidsPlay\"},\"image\":{\"@id\":\"https:\\\/\\\/kidsplay.lt\\\/#\\\/schema\\\/logo\\\/image\\\/\"},\"sameAs\":[\"https:\\\/\\\/www.facebook.com\\\/www.kidsplay.lt\"]}]}<\/script>\n<!-- \/ Yoast SEO plugin. -->","yoast_head_json":{"title":"Violeti roz\u0101 p\u016bkaina b\u0113rnu mugursoma ar aus\u012bm un zvaigzn\u0113m, 24 \u00d7 22 cm","description":"Purpurin\u0117\u2013ro\u017ein\u0117 p\u016bkuota vaiki\u0161ka kuprin\u0117 su ausyt\u0117mis ir \u017evaig\u017edut\u0117mis, 24 \u00d7 22 cm - KidsPlay. Did\u017eiausias vaik\u0173 \u017eaisl\u0173 pasirinkimas.","robots":{"index":"index","follow":"follow","max-snippet":"max-snippet:-1","max-image-preview":"max-image-preview:large","max-video-preview":"max-video-preview:-1"},"canonical":"https:\/\/kidsplay.lt\/lv\/products\/purpurine-rozine-pukuota-vaikiska-kuprine-su-ausytemis-ir-zvaigzdutemis-24-x-22-cm\/","og_locale":"lv_LV","og_type":"article","og_title":"Purpurin\u0117\u2013ro\u017ein\u0117 p\u016bkuota vaiki\u0161ka kuprin\u0117 su ausyt\u0117mis ir \u017evaig\u017edut\u0117mis, 24 \u00d7 22 cm","og_description":"Purpurin\u0117\u2013ro\u017ein\u0117 p\u016bkuota vaiki\u0161ka kuprin\u0117 su ausyt\u0117mis ir \u017evaig\u017edut\u0117mis, 24 \u00d7 22 cm - KidsPlay. Did\u017eiausias vaik\u0173 \u017eaisl\u0173 pasirinkimas.","og_url":"https:\/\/kidsplay.lt\/lv\/products\/purpurine-rozine-pukuota-vaikiska-kuprine-su-ausytemis-ir-zvaigzdutemis-24-x-22-cm\/","og_site_name":"KidsPlay","article_publisher":"https:\/\/www.facebook.com\/www.kidsplay.lt","article_modified_time":"2026-04-15T11:39:46+00:00","og_image":[{"width":1000,"height":1000,"url":"https:\/\/kidsplay.lt\/wp-content\/uploads\/2026\/02\/Purpurine\u2013rozine-pukuota-vaikiska-kuprine-su-ausytemis-ir-zvaigzdutemis-24-\u00d7-22-cm.jpg","type":"image\/jpeg"}],"twitter_card":"summary_large_image","twitter_misc":{"Est. reading time":"1 min\u016bte"},"schema":{"@context":"https:\/\/schema.org","@graph":[{"@type":"WebPage","@id":"https:\/\/kidsplay.lt\/produktas\/purpurine-rozine-pukuota-vaikiska-kuprine-su-ausytemis-ir-zvaigzdutemis-24-x-22-cm\/","url":"https:\/\/kidsplay.lt\/produktas\/purpurine-rozine-pukuota-vaikiska-kuprine-su-ausytemis-ir-zvaigzdutemis-24-x-22-cm\/","name":"Violeti roz\u0101 p\u016bkaina b\u0113rnu mugursoma ar aus\u012bm un zvaigzn\u0113m, 24 \u00d7 22 cm","isPartOf":{"@id":"https:\/\/kidsplay.lt\/#website"},"primaryImageOfPage":{"@id":"https:\/\/kidsplay.lt\/produktas\/purpurine-rozine-pukuota-vaikiska-kuprine-su-ausytemis-ir-zvaigzdutemis-24-x-22-cm\/#primaryimage"},"image":{"@id":"https:\/\/kidsplay.lt\/produktas\/purpurine-rozine-pukuota-vaikiska-kuprine-su-ausytemis-ir-zvaigzdutemis-24-x-22-cm\/#primaryimage"},"thumbnailUrl":"https:\/\/kidsplay.lt\/wp-content\/uploads\/2026\/02\/Purpurine\u2013rozine-pukuota-vaikiska-kuprine-su-ausytemis-ir-zvaigzdutemis-24-\u00d7-22-cm.jpg","datePublished":"2026-02-25T05:35:20+00:00","dateModified":"2026-04-15T11:39:46+00:00","description":"Purpurin\u0117\u2013ro\u017ein\u0117 p\u016bkuota vaiki\u0161ka kuprin\u0117 su ausyt\u0117mis ir \u017evaig\u017edut\u0117mis, 24 \u00d7 22 cm - KidsPlay. Did\u017eiausias vaik\u0173 \u017eaisl\u0173 pasirinkimas.","breadcrumb":{"@id":"https:\/\/kidsplay.lt\/produktas\/purpurine-rozine-pukuota-vaikiska-kuprine-su-ausytemis-ir-zvaigzdutemis-24-x-22-cm\/#breadcrumb"},"inLanguage":"lv-LV","potentialAction":[{"@type":"ReadAction","target":["https:\/\/kidsplay.lt\/produktas\/purpurine-rozine-pukuota-vaikiska-kuprine-su-ausytemis-ir-zvaigzdutemis-24-x-22-cm\/"]}]},{"@type":"ImageObject","inLanguage":"lv-LV","@id":"https:\/\/kidsplay.lt\/produktas\/purpurine-rozine-pukuota-vaikiska-kuprine-su-ausytemis-ir-zvaigzdutemis-24-x-22-cm\/#primaryimage","url":"https:\/\/kidsplay.lt\/wp-content\/uploads\/2026\/02\/Purpurine\u2013rozine-pukuota-vaikiska-kuprine-su-ausytemis-ir-zvaigzdutemis-24-\u00d7-22-cm.jpg","contentUrl":"https:\/\/kidsplay.lt\/wp-content\/uploads\/2026\/02\/Purpurine\u2013rozine-pukuota-vaikiska-kuprine-su-ausytemis-ir-zvaigzdutemis-24-\u00d7-22-cm.jpg","width":1000,"height":1000,"caption":"Purpurin\u0117\u2013ro\u017ein\u0117 p\u016bkuota vaiki\u0161ka kuprin\u0117 su ausyt\u0117mis ir \u017evaig\u017edut\u0117mis"},{"@type":"BreadcrumbList","@id":"https:\/\/kidsplay.lt\/produktas\/purpurine-rozine-pukuota-vaikiska-kuprine-su-ausytemis-ir-zvaigzdutemis-24-x-22-cm\/#breadcrumb","itemListElement":[{"@type":"ListItem","position":1,"name":"Pagrindinis","item":"https:\/\/kidsplay.lt\/"},{"@type":"ListItem","position":2,"name":"Parduotuv\u0117","item":"https:\/\/kidsplay.lt\/parduotuve\/"},{"@type":"ListItem","position":3,"name":"Purpurin\u0117\u2013ro\u017ein\u0117 p\u016bkuota vaiki\u0161ka kuprin\u0117 su ausyt\u0117mis ir \u017evaig\u017edut\u0117mis, 24 \u00d7 22 cm"}]},{"@type":"WebSite","@id":"https:\/\/kidsplay.lt\/#website","url":"https:\/\/kidsplay.lt\/","name":"B\u0113rnu sp\u0113les.lv","description":"\u012evairios prek\u0117s vaikams","publisher":{"@id":"https:\/\/kidsplay.lt\/#organization"},"alternateName":"Kidsplay","potentialAction":[{"@type":"SearchAction","target":{"@type":"EntryPoint","urlTemplate":"https:\/\/kidsplay.lt\/?s={search_term_string}"},"query-input":{"@type":"PropertyValueSpecification","valueRequired":true,"valueName":"search_term_string"}}],"inLanguage":"lv-LV"},{"@type":"Organization","@id":"https:\/\/kidsplay.lt\/#organization","name":"B\u0113rnu sp\u0113le","url":"https:\/\/kidsplay.lt\/","logo":{"@type":"ImageObject","inLanguage":"lv-LV","@id":"https:\/\/kidsplay.lt\/#\/schema\/logo\/image\/","url":"https:\/\/kidsplay.lt\/wp-content\/uploads\/2023\/07\/kidsplay-logo.png","contentUrl":"https:\/\/kidsplay.lt\/wp-content\/uploads\/2023\/07\/kidsplay-logo.png","width":451,"height":98,"caption":"KidsPlay"},"image":{"@id":"https:\/\/kidsplay.lt\/#\/schema\/logo\/image\/"},"sameAs":["https:\/\/www.facebook.com\/www.kidsplay.lt"]}]}},"_links":{"self":[{"href":"https:\/\/kidsplay.lt\/lv\/wp-json\/wp\/v2\/product\/88259","targetHints":{"allow":["GET"]}}],"collection":[{"href":"https:\/\/kidsplay.lt\/lv\/wp-json\/wp\/v2\/product"}],"about":[{"href":"https:\/\/kidsplay.lt\/lv\/wp-json\/wp\/v2\/types\/product"}],"version-history":[{"count":1,"href":"https:\/\/kidsplay.lt\/lv\/wp-json\/wp\/v2\/product\/88259\/revisions"}],"predecessor-version":[{"id":88260,"href":"https:\/\/kidsplay.lt\/lv\/wp-json\/wp\/v2\/product\/88259\/revisions\/88260"}],"wp:featuredmedia":[{"embeddable":true,"href":"https:\/\/kidsplay.lt\/lv\/wp-json\/wp\/v2\/media\/88261"}],"wp:attachment":[{"href":"https:\/\/kidsplay.lt\/lv\/wp-json\/wp\/v2\/media?parent=88259"}],"wp:term":[{"taxonomy":"product_brand","embeddable":true,"href":"https:\/\/kidsplay.lt\/lv\/wp-json\/wp\/v2\/product_brand?post=88259"},{"taxonomy":"product_cat","embeddable":true,"href":"https:\/\/kidsplay.lt\/lv\/wp-json\/wp\/v2\/product_cat?post=88259"},{"taxonomy":"product_tag","embeddable":true,"href":"https:\/\/kidsplay.lt\/lv\/wp-json\/wp\/v2\/product_tag?post=88259"}],"curies":[{"name":"wp","href":"https:\/\/api.w.org\/{rel}","templated":true}]}}