{"id":88435,"date":"2026-02-25T07:40:33","date_gmt":"2026-02-25T05:40:33","guid":{"rendered":"https:\/\/kidsplay.lt\/produktas\/paspiriamoji-masinele-mercedes-actros-3316ta-melyna\/"},"modified":"2026-04-15T14:44:34","modified_gmt":"2026-04-15T11:44:34","slug":"paspiriamoji-masinele-mercedes-actros-3316ta-melyna","status":"publish","type":"product","link":"https:\/\/kidsplay.lt\/lv\/products\/paspiriamoji-masinele-mercedes-actros-3316ta-melyna\/","title":{"rendered":"Paspiriamoji Ma\u0161in\u0117l\u0117 Mercedes Actros 3316TA \u2013 M\u0117lyna"},"content":{"rendered":"<p>Mercedes Actros 3316TA paspiriamoji ma\u0161in\u0117l\u0117 \u2014 tai universali ir saugi transporto priemon\u0117 ma\u017eyliams, kurie jau geba atsispirti kojomis nuo \u017eem\u0117s. Ji \u201eauga\u201c kartu su vaiku ir jo \u012fg\u016bd\u017eiais, tod\u0117l puikiai tinka tiek namuose, tiek kieme ar sode.<\/p>\n<p>Modelis sukurtas itin kruop\u0161\u010diai, atkreipiant d\u0117mes\u012f \u012f detales: tikrovi\u0161kai atkartoti ratlankiai, \u017eibintai ir grotel\u0117s suteikia ma\u0161in\u0117lei realisti\u0161k\u0105, patraukli\u0105 i\u0161vaizd\u0105. Lengva, bet tvirta plastikin\u0117 konstrukcija u\u017etikrina ilgaam\u017ei\u0161kum\u0105 ir atsparum\u0105 kasdieniam naudojimui.<\/p>\n<p>Va\u017ein\u0117jimas \u0161ia ma\u0161in\u0117le lavina vaiko koordinacij\u0105, stiprina raumenis ir padeda suprasti grei\u010dio, krypties bei atstumo poj\u016bt\u012f.<\/p>\n<p>Ma\u0161in\u0117l\u0117s matmenys<\/p>\n<p> \tbendri matmenys: 48,8 \u00d7 24,4 \u00d7 37,2 cm<br \/>\n \tmaksimali apkrova: 23 kg<br \/>\n \tsvoris: 2 kg<\/p>\n<p>Pakuot\u0117<\/p>\n<p> \tpakuot\u0117s matmenys: 49 \u00d7 23 \u00d7 25,5 cm<\/p>","protected":false},"excerpt":{"rendered":"<p>Mercedes Actros 3316TA paspiriamoji ma\u0161in\u0117l\u0117 \u2014 tai universali ir saugi transporto priemon\u0117 ma\u017eyliams, kurie jau geba atsispirti kojomis nuo \u017eem\u0117s.<\/p>","protected":false},"featured_media":88437,"template":"","meta":{"_acf_changed":false,"_glsr_average":0,"_glsr_ranking":0,"_glsr_reviews":0},"product_brand":[],"product_cat":[237,238],"product_tag":[],"class_list":{"0":"post-88435","1":"product","2":"type-product","3":"status-publish","4":"has-post-thumbnail","6":"product_cat-judejimo-priemones","7":"product_cat-stumdomos-masineles","8":"\"style=\"background-color: #2ecc711c;\"","10":"first","11":"instock","12":"purchasable","13":"product-type-simple"},"acf":[],"yoast_head":"<!-- This site is optimized with the Yoast SEO plugin v27.4 - https:\/\/yoast.com\/product\/yoast-seo-wordpress\/ -->\n<title>Paspiriamoji Ma\u0161in\u0117l\u0117 Mercedes Actros 3316TA \u2013 M\u0117lyna<\/title>\n<meta name=\"description\" content=\"Paspiriamoji Ma\u0161in\u0117l\u0117 Mercedes Actros 3316TA \u2013 M\u0117lyna - KidsPlay. Did\u017eiausias vaik\u0173 \u017eaisl\u0173 pasirinkimas.\" \/>\n<meta name=\"robots\" content=\"index, follow, max-snippet:-1, max-image-preview:large, max-video-preview:-1\" \/>\n<link rel=\"canonical\" href=\"https:\/\/kidsplay.lt\/lv\/products\/paspiriamoji-masinele-mercedes-actros-3316ta-melyna\/\" \/>\n<meta property=\"og:locale\" content=\"lv_LV\" \/>\n<meta property=\"og:type\" content=\"article\" \/>\n<meta property=\"og:title\" content=\"Paspiriamoji Ma\u0161in\u0117l\u0117 Mercedes Actros 3316TA \u2013 M\u0117lyna\" \/>\n<meta property=\"og:description\" content=\"Paspiriamoji Ma\u0161in\u0117l\u0117 Mercedes Actros 3316TA \u2013 M\u0117lyna - KidsPlay. Did\u017eiausias vaik\u0173 \u017eaisl\u0173 pasirinkimas.\" \/>\n<meta property=\"og:url\" content=\"https:\/\/kidsplay.lt\/lv\/products\/paspiriamoji-masinele-mercedes-actros-3316ta-melyna\/\" \/>\n<meta property=\"og:site_name\" content=\"KidsPlay\" \/>\n<meta property=\"article:publisher\" content=\"https:\/\/www.facebook.com\/www.kidsplay.lt\" \/>\n<meta property=\"article:modified_time\" content=\"2026-04-15T11:44:34+00:00\" \/>\n<meta property=\"og:image\" content=\"https:\/\/kidsplay.lt\/wp-content\/uploads\/2026\/02\/Paspiriamoji-Masinele-Mercedes-Actros-3316TA-\u2013-Melyna.jpg\" \/>\n\t<meta property=\"og:image:width\" content=\"1000\" \/>\n\t<meta property=\"og:image:height\" content=\"856\" \/>\n\t<meta property=\"og:image:type\" content=\"image\/jpeg\" \/>\n<meta name=\"twitter:card\" content=\"summary_large_image\" \/>\n<meta name=\"twitter:label1\" content=\"Est. reading time\" \/>\n\t<meta name=\"twitter:data1\" content=\"1 min\u016bte\" \/>\n<script type=\"application\/ld+json\" class=\"yoast-schema-graph\">{\"@context\":\"https:\\\/\\\/schema.org\",\"@graph\":[{\"@type\":\"WebPage\",\"@id\":\"https:\\\/\\\/kidsplay.lt\\\/produktas\\\/paspiriamoji-masinele-mercedes-actros-3316ta-melyna\\\/\",\"url\":\"https:\\\/\\\/kidsplay.lt\\\/produktas\\\/paspiriamoji-masinele-mercedes-actros-3316ta-melyna\\\/\",\"name\":\"Paspiriamoji Ma\u0161in\u0117l\u0117 Mercedes Actros 3316TA \u2013 M\u0117lyna\",\"isPartOf\":{\"@id\":\"https:\\\/\\\/kidsplay.lt\\\/#website\"},\"primaryImageOfPage\":{\"@id\":\"https:\\\/\\\/kidsplay.lt\\\/produktas\\\/paspiriamoji-masinele-mercedes-actros-3316ta-melyna\\\/#primaryimage\"},\"image\":{\"@id\":\"https:\\\/\\\/kidsplay.lt\\\/produktas\\\/paspiriamoji-masinele-mercedes-actros-3316ta-melyna\\\/#primaryimage\"},\"thumbnailUrl\":\"https:\\\/\\\/kidsplay.lt\\\/wp-content\\\/uploads\\\/2026\\\/02\\\/Paspiriamoji-Masinele-Mercedes-Actros-3316TA-\u2013-Melyna.jpg\",\"datePublished\":\"2026-02-25T05:40:33+00:00\",\"dateModified\":\"2026-04-15T11:44:34+00:00\",\"description\":\"Paspiriamoji Ma\u0161in\u0117l\u0117 Mercedes Actros 3316TA \u2013 M\u0117lyna - KidsPlay. Did\u017eiausias vaik\u0173 \u017eaisl\u0173 pasirinkimas.\",\"breadcrumb\":{\"@id\":\"https:\\\/\\\/kidsplay.lt\\\/produktas\\\/paspiriamoji-masinele-mercedes-actros-3316ta-melyna\\\/#breadcrumb\"},\"inLanguage\":\"lv-LV\",\"potentialAction\":[{\"@type\":\"ReadAction\",\"target\":[\"https:\\\/\\\/kidsplay.lt\\\/produktas\\\/paspiriamoji-masinele-mercedes-actros-3316ta-melyna\\\/\"]}]},{\"@type\":\"ImageObject\",\"inLanguage\":\"lv-LV\",\"@id\":\"https:\\\/\\\/kidsplay.lt\\\/produktas\\\/paspiriamoji-masinele-mercedes-actros-3316ta-melyna\\\/#primaryimage\",\"url\":\"https:\\\/\\\/kidsplay.lt\\\/wp-content\\\/uploads\\\/2026\\\/02\\\/Paspiriamoji-Masinele-Mercedes-Actros-3316TA-\u2013-Melyna.jpg\",\"contentUrl\":\"https:\\\/\\\/kidsplay.lt\\\/wp-content\\\/uploads\\\/2026\\\/02\\\/Paspiriamoji-Masinele-Mercedes-Actros-3316TA-\u2013-Melyna.jpg\",\"width\":1000,\"height\":856,\"caption\":\"Paspiriamoji Ma\u0161in\u0117l\u0117 Mercedes Actros 3316TA \u2013 M\u0117lyna\"},{\"@type\":\"BreadcrumbList\",\"@id\":\"https:\\\/\\\/kidsplay.lt\\\/produktas\\\/paspiriamoji-masinele-mercedes-actros-3316ta-melyna\\\/#breadcrumb\",\"itemListElement\":[{\"@type\":\"ListItem\",\"position\":1,\"name\":\"Pagrindinis\",\"item\":\"https:\\\/\\\/kidsplay.lt\\\/\"},{\"@type\":\"ListItem\",\"position\":2,\"name\":\"Parduotuv\u0117\",\"item\":\"https:\\\/\\\/kidsplay.lt\\\/parduotuve\\\/\"},{\"@type\":\"ListItem\",\"position\":3,\"name\":\"Paspiriamoji Ma\u0161in\u0117l\u0117 Mercedes Actros 3316TA \u2013 M\u0117lyna\"}]},{\"@type\":\"WebSite\",\"@id\":\"https:\\\/\\\/kidsplay.lt\\\/#website\",\"url\":\"https:\\\/\\\/kidsplay.lt\\\/\",\"name\":\"Kidsplay.lt\",\"description\":\"\u012evairios prek\u0117s vaikams\",\"publisher\":{\"@id\":\"https:\\\/\\\/kidsplay.lt\\\/#organization\"},\"alternateName\":\"Kidsplay\",\"potentialAction\":[{\"@type\":\"SearchAction\",\"target\":{\"@type\":\"EntryPoint\",\"urlTemplate\":\"https:\\\/\\\/kidsplay.lt\\\/?s={search_term_string}\"},\"query-input\":{\"@type\":\"PropertyValueSpecification\",\"valueRequired\":true,\"valueName\":\"search_term_string\"}}],\"inLanguage\":\"lv-LV\"},{\"@type\":\"Organization\",\"@id\":\"https:\\\/\\\/kidsplay.lt\\\/#organization\",\"name\":\"KidsPlay\",\"url\":\"https:\\\/\\\/kidsplay.lt\\\/\",\"logo\":{\"@type\":\"ImageObject\",\"inLanguage\":\"lv-LV\",\"@id\":\"https:\\\/\\\/kidsplay.lt\\\/#\\\/schema\\\/logo\\\/image\\\/\",\"url\":\"https:\\\/\\\/kidsplay.lt\\\/wp-content\\\/uploads\\\/2023\\\/07\\\/kidsplay-logo.png\",\"contentUrl\":\"https:\\\/\\\/kidsplay.lt\\\/wp-content\\\/uploads\\\/2023\\\/07\\\/kidsplay-logo.png\",\"width\":451,\"height\":98,\"caption\":\"KidsPlay\"},\"image\":{\"@id\":\"https:\\\/\\\/kidsplay.lt\\\/#\\\/schema\\\/logo\\\/image\\\/\"},\"sameAs\":[\"https:\\\/\\\/www.facebook.com\\\/www.kidsplay.lt\"]}]}<\/script>\n<!-- \/ Yoast SEO plugin. -->","yoast_head_json":{"title":"Paspiriamoji Ma\u0161in\u0117l\u0117 Mercedes Actros 3316TA \u2013 M\u0117lyna","description":"Paspiriamoji Ma\u0161in\u0117l\u0117 Mercedes Actros 3316TA \u2013 M\u0117lyna - KidsPlay. Did\u017eiausias vaik\u0173 \u017eaisl\u0173 pasirinkimas.","robots":{"index":"index","follow":"follow","max-snippet":"max-snippet:-1","max-image-preview":"max-image-preview:large","max-video-preview":"max-video-preview:-1"},"canonical":"https:\/\/kidsplay.lt\/lv\/products\/paspiriamoji-masinele-mercedes-actros-3316ta-melyna\/","og_locale":"lv_LV","og_type":"article","og_title":"Paspiriamoji Ma\u0161in\u0117l\u0117 Mercedes Actros 3316TA \u2013 M\u0117lyna","og_description":"Paspiriamoji Ma\u0161in\u0117l\u0117 Mercedes Actros 3316TA \u2013 M\u0117lyna - KidsPlay. Did\u017eiausias vaik\u0173 \u017eaisl\u0173 pasirinkimas.","og_url":"https:\/\/kidsplay.lt\/lv\/products\/paspiriamoji-masinele-mercedes-actros-3316ta-melyna\/","og_site_name":"KidsPlay","article_publisher":"https:\/\/www.facebook.com\/www.kidsplay.lt","article_modified_time":"2026-04-15T11:44:34+00:00","og_image":[{"width":1000,"height":856,"url":"https:\/\/kidsplay.lt\/wp-content\/uploads\/2026\/02\/Paspiriamoji-Masinele-Mercedes-Actros-3316TA-\u2013-Melyna.jpg","type":"image\/jpeg"}],"twitter_card":"summary_large_image","twitter_misc":{"Est. reading time":"1 min\u016bte"},"schema":{"@context":"https:\/\/schema.org","@graph":[{"@type":"WebPage","@id":"https:\/\/kidsplay.lt\/produktas\/paspiriamoji-masinele-mercedes-actros-3316ta-melyna\/","url":"https:\/\/kidsplay.lt\/produktas\/paspiriamoji-masinele-mercedes-actros-3316ta-melyna\/","name":"Paspiriamoji Ma\u0161in\u0117l\u0117 Mercedes Actros 3316TA \u2013 M\u0117lyna","isPartOf":{"@id":"https:\/\/kidsplay.lt\/#website"},"primaryImageOfPage":{"@id":"https:\/\/kidsplay.lt\/produktas\/paspiriamoji-masinele-mercedes-actros-3316ta-melyna\/#primaryimage"},"image":{"@id":"https:\/\/kidsplay.lt\/produktas\/paspiriamoji-masinele-mercedes-actros-3316ta-melyna\/#primaryimage"},"thumbnailUrl":"https:\/\/kidsplay.lt\/wp-content\/uploads\/2026\/02\/Paspiriamoji-Masinele-Mercedes-Actros-3316TA-\u2013-Melyna.jpg","datePublished":"2026-02-25T05:40:33+00:00","dateModified":"2026-04-15T11:44:34+00:00","description":"Paspiriamoji Ma\u0161in\u0117l\u0117 Mercedes Actros 3316TA \u2013 M\u0117lyna - KidsPlay. Did\u017eiausias vaik\u0173 \u017eaisl\u0173 pasirinkimas.","breadcrumb":{"@id":"https:\/\/kidsplay.lt\/produktas\/paspiriamoji-masinele-mercedes-actros-3316ta-melyna\/#breadcrumb"},"inLanguage":"lv-LV","potentialAction":[{"@type":"ReadAction","target":["https:\/\/kidsplay.lt\/produktas\/paspiriamoji-masinele-mercedes-actros-3316ta-melyna\/"]}]},{"@type":"ImageObject","inLanguage":"lv-LV","@id":"https:\/\/kidsplay.lt\/produktas\/paspiriamoji-masinele-mercedes-actros-3316ta-melyna\/#primaryimage","url":"https:\/\/kidsplay.lt\/wp-content\/uploads\/2026\/02\/Paspiriamoji-Masinele-Mercedes-Actros-3316TA-\u2013-Melyna.jpg","contentUrl":"https:\/\/kidsplay.lt\/wp-content\/uploads\/2026\/02\/Paspiriamoji-Masinele-Mercedes-Actros-3316TA-\u2013-Melyna.jpg","width":1000,"height":856,"caption":"Paspiriamoji Ma\u0161in\u0117l\u0117 Mercedes Actros 3316TA \u2013 M\u0117lyna"},{"@type":"BreadcrumbList","@id":"https:\/\/kidsplay.lt\/produktas\/paspiriamoji-masinele-mercedes-actros-3316ta-melyna\/#breadcrumb","itemListElement":[{"@type":"ListItem","position":1,"name":"Pagrindinis","item":"https:\/\/kidsplay.lt\/"},{"@type":"ListItem","position":2,"name":"Parduotuv\u0117","item":"https:\/\/kidsplay.lt\/parduotuve\/"},{"@type":"ListItem","position":3,"name":"Paspiriamoji Ma\u0161in\u0117l\u0117 Mercedes Actros 3316TA \u2013 M\u0117lyna"}]},{"@type":"WebSite","@id":"https:\/\/kidsplay.lt\/#website","url":"https:\/\/kidsplay.lt\/","name":"B\u0113rnu sp\u0113les.lv","description":"\u012evairios prek\u0117s vaikams","publisher":{"@id":"https:\/\/kidsplay.lt\/#organization"},"alternateName":"Kidsplay","potentialAction":[{"@type":"SearchAction","target":{"@type":"EntryPoint","urlTemplate":"https:\/\/kidsplay.lt\/?s={search_term_string}"},"query-input":{"@type":"PropertyValueSpecification","valueRequired":true,"valueName":"search_term_string"}}],"inLanguage":"lv-LV"},{"@type":"Organization","@id":"https:\/\/kidsplay.lt\/#organization","name":"B\u0113rnu sp\u0113le","url":"https:\/\/kidsplay.lt\/","logo":{"@type":"ImageObject","inLanguage":"lv-LV","@id":"https:\/\/kidsplay.lt\/#\/schema\/logo\/image\/","url":"https:\/\/kidsplay.lt\/wp-content\/uploads\/2023\/07\/kidsplay-logo.png","contentUrl":"https:\/\/kidsplay.lt\/wp-content\/uploads\/2023\/07\/kidsplay-logo.png","width":451,"height":98,"caption":"KidsPlay"},"image":{"@id":"https:\/\/kidsplay.lt\/#\/schema\/logo\/image\/"},"sameAs":["https:\/\/www.facebook.com\/www.kidsplay.lt"]}]}},"_links":{"self":[{"href":"https:\/\/kidsplay.lt\/lv\/wp-json\/wp\/v2\/product\/88435","targetHints":{"allow":["GET"]}}],"collection":[{"href":"https:\/\/kidsplay.lt\/lv\/wp-json\/wp\/v2\/product"}],"about":[{"href":"https:\/\/kidsplay.lt\/lv\/wp-json\/wp\/v2\/types\/product"}],"version-history":[{"count":1,"href":"https:\/\/kidsplay.lt\/lv\/wp-json\/wp\/v2\/product\/88435\/revisions"}],"predecessor-version":[{"id":88436,"href":"https:\/\/kidsplay.lt\/lv\/wp-json\/wp\/v2\/product\/88435\/revisions\/88436"}],"wp:featuredmedia":[{"embeddable":true,"href":"https:\/\/kidsplay.lt\/lv\/wp-json\/wp\/v2\/media\/88437"}],"wp:attachment":[{"href":"https:\/\/kidsplay.lt\/lv\/wp-json\/wp\/v2\/media?parent=88435"}],"wp:term":[{"taxonomy":"product_brand","embeddable":true,"href":"https:\/\/kidsplay.lt\/lv\/wp-json\/wp\/v2\/product_brand?post=88435"},{"taxonomy":"product_cat","embeddable":true,"href":"https:\/\/kidsplay.lt\/lv\/wp-json\/wp\/v2\/product_cat?post=88435"},{"taxonomy":"product_tag","embeddable":true,"href":"https:\/\/kidsplay.lt\/lv\/wp-json\/wp\/v2\/product_tag?post=88435"}],"curies":[{"name":"wp","href":"https:\/\/api.w.org\/{rel}","templated":true}]}}