{"id":88603,"date":"2026-02-25T14:13:43","date_gmt":"2026-02-25T12:13:43","guid":{"rendered":"https:\/\/kidsplay.lt\/produktas\/meninis-rinkinys-lagamine-antis-84-vnt\/"},"modified":"2026-04-10T09:24:25","modified_gmt":"2026-04-10T06:24:25","slug":"meninis-rinkinys-lagamine-antis-84-vnt","status":"publish","type":"product","link":"https:\/\/kidsplay.lt\/lv\/products\/meninis-rinkinys-lagamine-antis-84-vnt\/","title":{"rendered":"Meninis rinkinys lagamine antis 84 vnt"},"content":{"rendered":"<p>\u0160is 84 dali\u0173 meninis rinkinys \u2013 puikus pasirinkimas kiekvienam ma\u017eajam menininkui, norin\u010diam lavinti k\u016brybi\u0161kum\u0105 ir kurti nuostabius darbus. Visos priemon\u0117s atrinktos taip, kad atitikt\u0173 vaik\u0173 poreikius ir leist\u0173 i\u0161bandyti \u012fvairias meno technikas.<\/p>\n<p>Rinkinys supakuotas \u012f \u017eaving\u0105 gelton\u0105 lagamin\u0105 su an\u010diuko motyvu. Ry\u0161ki spalva ir linksmas dizainas suteikia rinkiniui \u017eaismingumo ir tikrai taps m\u0117gstamu k\u016brybos palydovu.<\/p>\n<p>Lagamine vaikas ras visk\u0105, ko reikia pie\u0161imui, spalvinimui ir eksperimentams: spalvotus pie\u0161tukus, pastelinius kreidelius, dvipusius sm\u0117lius, da\u017eus, du teptukus, trintuk\u0105 ir dro\u017etuk\u0105. Tai universalus rinkinys, suteikiantis valand\u0173 valandas k\u016brybinio d\u017eiaugsmo.<\/p>\n<p>\u0160is rinkinys ne tik \u012fkvepia kurti, bet ir padeda lavinti smulki\u0105j\u0105 motorik\u0105, vaizduot\u0119 ir estetin\u012f poj\u016bt\u012f. Tai puiki dovana vaikams, m\u0117gstantiems men\u0105 ir norintiems i\u0161bandyti \u012fvairias technikas.<\/p>\n<p>Specifik\u0101cijas<\/p>\n<p> \tLagamino i\u0161matavimai: 34,5 \u00d7 28,5 \u00d7 4,5 cm<br \/>\n \tSertifik\u0101ti: CE, atbilst EN71 standartam<br \/>\n \tVecums: no 3 gadiem<\/p>\n<p>Komplekta saturs<\/p>\n<p> \tSpalvoti pie\u0161tukai<br \/>\n \tPastelin\u0117s kreidel\u0117s<br \/>\n \tDvipusiai sm\u0117liai<br \/>\n \tDa\u017eai<br \/>\n \t2 teptukai<br \/>\n \tTrintukas<br \/>\n \tDro\u017etukas<br \/>\n \tGeltonas lagaminas su an\u010diuko motyvu<\/p>","protected":false},"excerpt":{"rendered":"<p>\u0160is 84 dali\u0173 meninis rinkinys \u2013 puikus pasirinkimas kiekvienam ma\u017eajam menininkui, norin\u010diam lavinti k\u016brybi\u0161kum\u0105 ir kurti nuostabius darbus. Visos priemon\u0117s<\/p>","protected":false},"featured_media":88605,"template":"","meta":{"_acf_changed":false,"_glsr_average":0,"_glsr_ranking":0,"_glsr_reviews":0},"product_brand":[],"product_cat":[337,345],"product_tag":[],"class_list":{"0":"post-88603","1":"product","2":"type-product","3":"status-publish","4":"has-post-thumbnail","6":"product_cat-mokyklines-prekes","7":"product_cat-piesimo-reikmenys","8":"\"style=\"background-color: #2ecc711c;\"","10":"first","11":"instock","12":"purchasable","13":"product-type-simple"},"acf":[],"yoast_head":"<!-- This site is optimized with the Yoast SEO plugin v27.3 - https:\/\/yoast.com\/product\/yoast-seo-wordpress\/ -->\n<title>Meninis rinkinys lagamine antis 84 vnt<\/title>\n<meta name=\"description\" content=\"Meninis rinkinys lagamine antis 84 vnt - KidsPlay. Did\u017eiausias vaik\u0173 \u017eaisl\u0173 pasirinkimas.\" \/>\n<meta name=\"robots\" content=\"index, follow, max-snippet:-1, max-image-preview:large, max-video-preview:-1\" \/>\n<link rel=\"canonical\" href=\"https:\/\/kidsplay.lt\/lv\/products\/meninis-rinkinys-lagamine-antis-84-vnt\/\" \/>\n<meta property=\"og:locale\" content=\"lv_LV\" \/>\n<meta property=\"og:type\" content=\"article\" \/>\n<meta property=\"og:title\" content=\"Meninis rinkinys lagamine antis 84 vnt\" \/>\n<meta property=\"og:description\" content=\"Meninis rinkinys lagamine antis 84 vnt - KidsPlay. Did\u017eiausias vaik\u0173 \u017eaisl\u0173 pasirinkimas.\" \/>\n<meta property=\"og:url\" content=\"https:\/\/kidsplay.lt\/lv\/products\/meninis-rinkinys-lagamine-antis-84-vnt\/\" \/>\n<meta property=\"og:site_name\" content=\"KidsPlay\" \/>\n<meta property=\"article:publisher\" content=\"https:\/\/www.facebook.com\/www.kidsplay.lt\" \/>\n<meta property=\"article:modified_time\" content=\"2026-04-10T06:24:25+00:00\" \/>\n<meta property=\"og:image\" content=\"https:\/\/kidsplay.lt\/wp-content\/uploads\/2026\/02\/Meninis-rinkinys-lagamine-antis-84-vnt.png\" \/>\n\t<meta property=\"og:image:width\" content=\"1000\" \/>\n\t<meta property=\"og:image:height\" content=\"707\" \/>\n\t<meta property=\"og:image:type\" content=\"image\/png\" \/>\n<meta name=\"twitter:card\" content=\"summary_large_image\" \/>\n<meta name=\"twitter:label1\" content=\"Est. reading time\" \/>\n\t<meta name=\"twitter:data1\" content=\"1 min\u016bte\" \/>\n<script type=\"application\/ld+json\" class=\"yoast-schema-graph\">{\"@context\":\"https:\\\/\\\/schema.org\",\"@graph\":[{\"@type\":\"WebPage\",\"@id\":\"https:\\\/\\\/kidsplay.lt\\\/produktas\\\/meninis-rinkinys-lagamine-antis-84-vnt\\\/\",\"url\":\"https:\\\/\\\/kidsplay.lt\\\/produktas\\\/meninis-rinkinys-lagamine-antis-84-vnt\\\/\",\"name\":\"Meninis rinkinys lagamine antis 84 vnt\",\"isPartOf\":{\"@id\":\"https:\\\/\\\/kidsplay.lt\\\/#website\"},\"primaryImageOfPage\":{\"@id\":\"https:\\\/\\\/kidsplay.lt\\\/produktas\\\/meninis-rinkinys-lagamine-antis-84-vnt\\\/#primaryimage\"},\"image\":{\"@id\":\"https:\\\/\\\/kidsplay.lt\\\/produktas\\\/meninis-rinkinys-lagamine-antis-84-vnt\\\/#primaryimage\"},\"thumbnailUrl\":\"https:\\\/\\\/kidsplay.lt\\\/wp-content\\\/uploads\\\/2026\\\/02\\\/Meninis-rinkinys-lagamine-antis-84-vnt.png\",\"datePublished\":\"2026-02-25T12:13:43+00:00\",\"dateModified\":\"2026-04-10T06:24:25+00:00\",\"description\":\"Meninis rinkinys lagamine antis 84 vnt - KidsPlay. Did\u017eiausias vaik\u0173 \u017eaisl\u0173 pasirinkimas.\",\"breadcrumb\":{\"@id\":\"https:\\\/\\\/kidsplay.lt\\\/produktas\\\/meninis-rinkinys-lagamine-antis-84-vnt\\\/#breadcrumb\"},\"inLanguage\":\"lv-LV\",\"potentialAction\":[{\"@type\":\"ReadAction\",\"target\":[\"https:\\\/\\\/kidsplay.lt\\\/produktas\\\/meninis-rinkinys-lagamine-antis-84-vnt\\\/\"]}]},{\"@type\":\"ImageObject\",\"inLanguage\":\"lv-LV\",\"@id\":\"https:\\\/\\\/kidsplay.lt\\\/produktas\\\/meninis-rinkinys-lagamine-antis-84-vnt\\\/#primaryimage\",\"url\":\"https:\\\/\\\/kidsplay.lt\\\/wp-content\\\/uploads\\\/2026\\\/02\\\/Meninis-rinkinys-lagamine-antis-84-vnt.png\",\"contentUrl\":\"https:\\\/\\\/kidsplay.lt\\\/wp-content\\\/uploads\\\/2026\\\/02\\\/Meninis-rinkinys-lagamine-antis-84-vnt.png\",\"width\":1000,\"height\":707,\"caption\":\"Meninis rinkinys lagamine antis 84 vnt\"},{\"@type\":\"BreadcrumbList\",\"@id\":\"https:\\\/\\\/kidsplay.lt\\\/produktas\\\/meninis-rinkinys-lagamine-antis-84-vnt\\\/#breadcrumb\",\"itemListElement\":[{\"@type\":\"ListItem\",\"position\":1,\"name\":\"Pagrindinis\",\"item\":\"https:\\\/\\\/kidsplay.lt\\\/\"},{\"@type\":\"ListItem\",\"position\":2,\"name\":\"Parduotuv\u0117\",\"item\":\"https:\\\/\\\/kidsplay.lt\\\/parduotuve\\\/\"},{\"@type\":\"ListItem\",\"position\":3,\"name\":\"Meninis rinkinys lagamine antis 84 vnt\"}]},{\"@type\":\"WebSite\",\"@id\":\"https:\\\/\\\/kidsplay.lt\\\/#website\",\"url\":\"https:\\\/\\\/kidsplay.lt\\\/\",\"name\":\"Kidsplay.lt\",\"description\":\"\u012evairios prek\u0117s vaikams\",\"publisher\":{\"@id\":\"https:\\\/\\\/kidsplay.lt\\\/#organization\"},\"alternateName\":\"Kidsplay\",\"potentialAction\":[{\"@type\":\"SearchAction\",\"target\":{\"@type\":\"EntryPoint\",\"urlTemplate\":\"https:\\\/\\\/kidsplay.lt\\\/?s={search_term_string}\"},\"query-input\":{\"@type\":\"PropertyValueSpecification\",\"valueRequired\":true,\"valueName\":\"search_term_string\"}}],\"inLanguage\":\"lv-LV\"},{\"@type\":\"Organization\",\"@id\":\"https:\\\/\\\/kidsplay.lt\\\/#organization\",\"name\":\"KidsPlay\",\"url\":\"https:\\\/\\\/kidsplay.lt\\\/\",\"logo\":{\"@type\":\"ImageObject\",\"inLanguage\":\"lv-LV\",\"@id\":\"https:\\\/\\\/kidsplay.lt\\\/#\\\/schema\\\/logo\\\/image\\\/\",\"url\":\"https:\\\/\\\/kidsplay.lt\\\/wp-content\\\/uploads\\\/2023\\\/07\\\/kidsplay-logo.png\",\"contentUrl\":\"https:\\\/\\\/kidsplay.lt\\\/wp-content\\\/uploads\\\/2023\\\/07\\\/kidsplay-logo.png\",\"width\":451,\"height\":98,\"caption\":\"KidsPlay\"},\"image\":{\"@id\":\"https:\\\/\\\/kidsplay.lt\\\/#\\\/schema\\\/logo\\\/image\\\/\"},\"sameAs\":[\"https:\\\/\\\/www.facebook.com\\\/www.kidsplay.lt\"]}]}<\/script>\n<!-- \/ Yoast SEO plugin. -->","yoast_head_json":{"title":"Meninis rinkinys lagamine antis 84 vnt","description":"Meninis rinkinys lagamine antis 84 vnt - KidsPlay. Did\u017eiausias vaik\u0173 \u017eaisl\u0173 pasirinkimas.","robots":{"index":"index","follow":"follow","max-snippet":"max-snippet:-1","max-image-preview":"max-image-preview:large","max-video-preview":"max-video-preview:-1"},"canonical":"https:\/\/kidsplay.lt\/lv\/products\/meninis-rinkinys-lagamine-antis-84-vnt\/","og_locale":"lv_LV","og_type":"article","og_title":"Meninis rinkinys lagamine antis 84 vnt","og_description":"Meninis rinkinys lagamine antis 84 vnt - KidsPlay. Did\u017eiausias vaik\u0173 \u017eaisl\u0173 pasirinkimas.","og_url":"https:\/\/kidsplay.lt\/lv\/products\/meninis-rinkinys-lagamine-antis-84-vnt\/","og_site_name":"KidsPlay","article_publisher":"https:\/\/www.facebook.com\/www.kidsplay.lt","article_modified_time":"2026-04-10T06:24:25+00:00","og_image":[{"width":1000,"height":707,"url":"https:\/\/kidsplay.lt\/wp-content\/uploads\/2026\/02\/Meninis-rinkinys-lagamine-antis-84-vnt.png","type":"image\/png"}],"twitter_card":"summary_large_image","twitter_misc":{"Est. reading time":"1 min\u016bte"},"schema":{"@context":"https:\/\/schema.org","@graph":[{"@type":"WebPage","@id":"https:\/\/kidsplay.lt\/produktas\/meninis-rinkinys-lagamine-antis-84-vnt\/","url":"https:\/\/kidsplay.lt\/produktas\/meninis-rinkinys-lagamine-antis-84-vnt\/","name":"Meninis rinkinys lagamine antis 84 vnt","isPartOf":{"@id":"https:\/\/kidsplay.lt\/#website"},"primaryImageOfPage":{"@id":"https:\/\/kidsplay.lt\/produktas\/meninis-rinkinys-lagamine-antis-84-vnt\/#primaryimage"},"image":{"@id":"https:\/\/kidsplay.lt\/produktas\/meninis-rinkinys-lagamine-antis-84-vnt\/#primaryimage"},"thumbnailUrl":"https:\/\/kidsplay.lt\/wp-content\/uploads\/2026\/02\/Meninis-rinkinys-lagamine-antis-84-vnt.png","datePublished":"2026-02-25T12:13:43+00:00","dateModified":"2026-04-10T06:24:25+00:00","description":"Meninis rinkinys lagamine antis 84 vnt - KidsPlay. Did\u017eiausias vaik\u0173 \u017eaisl\u0173 pasirinkimas.","breadcrumb":{"@id":"https:\/\/kidsplay.lt\/produktas\/meninis-rinkinys-lagamine-antis-84-vnt\/#breadcrumb"},"inLanguage":"lv-LV","potentialAction":[{"@type":"ReadAction","target":["https:\/\/kidsplay.lt\/produktas\/meninis-rinkinys-lagamine-antis-84-vnt\/"]}]},{"@type":"ImageObject","inLanguage":"lv-LV","@id":"https:\/\/kidsplay.lt\/produktas\/meninis-rinkinys-lagamine-antis-84-vnt\/#primaryimage","url":"https:\/\/kidsplay.lt\/wp-content\/uploads\/2026\/02\/Meninis-rinkinys-lagamine-antis-84-vnt.png","contentUrl":"https:\/\/kidsplay.lt\/wp-content\/uploads\/2026\/02\/Meninis-rinkinys-lagamine-antis-84-vnt.png","width":1000,"height":707,"caption":"Meninis rinkinys lagamine antis 84 vnt"},{"@type":"BreadcrumbList","@id":"https:\/\/kidsplay.lt\/produktas\/meninis-rinkinys-lagamine-antis-84-vnt\/#breadcrumb","itemListElement":[{"@type":"ListItem","position":1,"name":"Pagrindinis","item":"https:\/\/kidsplay.lt\/"},{"@type":"ListItem","position":2,"name":"Parduotuv\u0117","item":"https:\/\/kidsplay.lt\/parduotuve\/"},{"@type":"ListItem","position":3,"name":"Meninis rinkinys lagamine antis 84 vnt"}]},{"@type":"WebSite","@id":"https:\/\/kidsplay.lt\/#website","url":"https:\/\/kidsplay.lt\/","name":"B\u0113rnu sp\u0113les.lv","description":"\u012evairios prek\u0117s vaikams","publisher":{"@id":"https:\/\/kidsplay.lt\/#organization"},"alternateName":"Kidsplay","potentialAction":[{"@type":"SearchAction","target":{"@type":"EntryPoint","urlTemplate":"https:\/\/kidsplay.lt\/?s={search_term_string}"},"query-input":{"@type":"PropertyValueSpecification","valueRequired":true,"valueName":"search_term_string"}}],"inLanguage":"lv-LV"},{"@type":"Organization","@id":"https:\/\/kidsplay.lt\/#organization","name":"B\u0113rnu sp\u0113le","url":"https:\/\/kidsplay.lt\/","logo":{"@type":"ImageObject","inLanguage":"lv-LV","@id":"https:\/\/kidsplay.lt\/#\/schema\/logo\/image\/","url":"https:\/\/kidsplay.lt\/wp-content\/uploads\/2023\/07\/kidsplay-logo.png","contentUrl":"https:\/\/kidsplay.lt\/wp-content\/uploads\/2023\/07\/kidsplay-logo.png","width":451,"height":98,"caption":"KidsPlay"},"image":{"@id":"https:\/\/kidsplay.lt\/#\/schema\/logo\/image\/"},"sameAs":["https:\/\/www.facebook.com\/www.kidsplay.lt"]}]}},"_links":{"self":[{"href":"https:\/\/kidsplay.lt\/lv\/wp-json\/wp\/v2\/product\/88603","targetHints":{"allow":["GET"]}}],"collection":[{"href":"https:\/\/kidsplay.lt\/lv\/wp-json\/wp\/v2\/product"}],"about":[{"href":"https:\/\/kidsplay.lt\/lv\/wp-json\/wp\/v2\/types\/product"}],"version-history":[{"count":1,"href":"https:\/\/kidsplay.lt\/lv\/wp-json\/wp\/v2\/product\/88603\/revisions"}],"predecessor-version":[{"id":88604,"href":"https:\/\/kidsplay.lt\/lv\/wp-json\/wp\/v2\/product\/88603\/revisions\/88604"}],"wp:featuredmedia":[{"embeddable":true,"href":"https:\/\/kidsplay.lt\/lv\/wp-json\/wp\/v2\/media\/88605"}],"wp:attachment":[{"href":"https:\/\/kidsplay.lt\/lv\/wp-json\/wp\/v2\/media?parent=88603"}],"wp:term":[{"taxonomy":"product_brand","embeddable":true,"href":"https:\/\/kidsplay.lt\/lv\/wp-json\/wp\/v2\/product_brand?post=88603"},{"taxonomy":"product_cat","embeddable":true,"href":"https:\/\/kidsplay.lt\/lv\/wp-json\/wp\/v2\/product_cat?post=88603"},{"taxonomy":"product_tag","embeddable":true,"href":"https:\/\/kidsplay.lt\/lv\/wp-json\/wp\/v2\/product_tag?post=88603"}],"curies":[{"name":"wp","href":"https:\/\/api.w.org\/{rel}","templated":true}]}}