{"id":88674,"date":"2026-02-25T14:19:02","date_gmt":"2026-02-25T12:19:02","guid":{"rendered":"https:\/\/kidsplay.lt\/produktas\/lankstoma-kudikio-vonele-melyna-neslystanti\/"},"modified":"2026-04-10T09:30:29","modified_gmt":"2026-04-10T06:30:29","slug":"lankstoma-kudikio-vonele-melyna-neslystanti","status":"publish","type":"product","link":"https:\/\/kidsplay.lt\/lv\/products\/lankstoma-kudikio-vonele-melyna-neslystanti\/","title":{"rendered":"Lankstoma k\u016bdikio vonel\u0117 m\u0117lyna neslystanti"},"content":{"rendered":"<p>M\u0117lyna k\u016bdikio vonel\u0117 \u2013 tai prakti\u0161kas ir saugus sprendimas t\u0117vams, ie\u0161kantiems patogaus b\u016bdo maudyti ma\u017eyl\u012f tiek namuose, tiek kelion\u0117se. D\u0117l lankstomos konstrukcijos vonel\u0117 u\u017eima labai ma\u017eai vietos, j\u0105 lengva laikyti net ma\u017eame vonios kambaryje. Sulanks\u010dius galima pakabinti ant integruoto kabliuko \u2013 taip ji greitai i\u0161d\u017ei\u016bsta ir neu\u017eima vietos.<\/p>\n<p>Vonel\u0117 pagaminta i\u0161 auk\u0161tos kokyb\u0117s, ftalat\u0173 neturin\u010di\u0173 med\u017eiag\u0173, kurios yra visi\u0161kai saugios k\u016bdikio odai. \u0160velni ir maloni med\u017eiaga suteikia komfort\u0105 maudyni\u0173 metu.<\/p>\n<p>Papildom\u0105 saugum\u0105 suteikia neslystan\u010dios, sulankstomos kojel\u0117s, kurios stabiliai laiko vonel\u0119 ant bet kokio lygaus pavir\u0161iaus. Tai u\u017etikrina, kad vonel\u0117 neslankios ir nesvyruos, o t\u0117vai gal\u0117s jaustis ramiau.<\/p>\n<p>Specifik\u0101cijas<\/p>\n<p> \tDydis: 75 \u00d7 46 cm<br \/>\n \tPakuot\u0117s i\u0161matavimai: 78 \u00d7 47 \u00d7 10 cm<br \/>\n \tSpalva: m\u0117lyna<br \/>\n \tMed\u017eiagos: ftalat\u0173 neturin\u010dios, saugios k\u016bdikio odai<br \/>\n \tSertifikatai: CE<\/p>\n<p>Komplekta saturs<\/p>\n<p> \tLankstoma k\u016bdikio vonel\u0117 (m\u0117lyna)<\/p>","protected":false},"excerpt":{"rendered":"<p>M\u0117lyna k\u016bdikio vonel\u0117 \u2013 tai prakti\u0161kas ir saugus sprendimas t\u0117vams, ie\u0161kantiems patogaus b\u016bdo maudyti ma\u017eyl\u012f tiek namuose, tiek kelion\u0117se. D\u0117l<\/p>","protected":false},"featured_media":88676,"template":"","meta":{"_acf_changed":false,"_glsr_average":0,"_glsr_ranking":0,"_glsr_reviews":0},"product_brand":[],"product_cat":[882,284],"product_tag":[],"class_list":{"0":"post-88674","1":"product","2":"type-product","3":"status-publish","4":"has-post-thumbnail","6":"product_cat-kudikiu-prieziura","7":"product_cat-vonios-reikmenys","8":"\"style=\"background-color: #2ecc711c;\"","10":"first","11":"instock","12":"purchasable","13":"product-type-simple"},"acf":[],"yoast_head":"<!-- This site is optimized with the Yoast SEO plugin v27.3 - https:\/\/yoast.com\/product\/yoast-seo-wordpress\/ -->\n<title>Lankstoma k\u016bdikio vonel\u0117 m\u0117lyna neslystanti<\/title>\n<meta name=\"description\" content=\"Lankstoma k\u016bdikio vonel\u0117 m\u0117lyna neslystanti - KidsPlay. Did\u017eiausias vaik\u0173 \u017eaisl\u0173 pasirinkimas.\" \/>\n<meta name=\"robots\" content=\"index, follow, max-snippet:-1, max-image-preview:large, max-video-preview:-1\" \/>\n<link rel=\"canonical\" href=\"https:\/\/kidsplay.lt\/lv\/products\/lankstoma-kudikio-vonele-melyna-neslystanti\/\" \/>\n<meta property=\"og:locale\" content=\"lv_LV\" \/>\n<meta property=\"og:type\" content=\"article\" \/>\n<meta property=\"og:title\" content=\"Lankstoma k\u016bdikio vonel\u0117 m\u0117lyna neslystanti\" \/>\n<meta property=\"og:description\" content=\"Lankstoma k\u016bdikio vonel\u0117 m\u0117lyna neslystanti - KidsPlay. Did\u017eiausias vaik\u0173 \u017eaisl\u0173 pasirinkimas.\" \/>\n<meta property=\"og:url\" content=\"https:\/\/kidsplay.lt\/lv\/products\/lankstoma-kudikio-vonele-melyna-neslystanti\/\" \/>\n<meta property=\"og:site_name\" content=\"KidsPlay\" \/>\n<meta property=\"article:publisher\" content=\"https:\/\/www.facebook.com\/www.kidsplay.lt\" \/>\n<meta property=\"article:modified_time\" content=\"2026-04-10T06:30:29+00:00\" \/>\n<meta property=\"og:image\" content=\"https:\/\/kidsplay.lt\/wp-content\/uploads\/2026\/02\/Lankstoma-kudikio-vonele-melyna-neslystanti.jpg\" \/>\n\t<meta property=\"og:image:width\" content=\"1000\" \/>\n\t<meta property=\"og:image:height\" content=\"1000\" \/>\n\t<meta property=\"og:image:type\" content=\"image\/jpeg\" \/>\n<meta name=\"twitter:card\" content=\"summary_large_image\" \/>\n<meta name=\"twitter:label1\" content=\"Est. reading time\" \/>\n\t<meta name=\"twitter:data1\" content=\"1 min\u016bte\" \/>\n<script type=\"application\/ld+json\" class=\"yoast-schema-graph\">{\"@context\":\"https:\\\/\\\/schema.org\",\"@graph\":[{\"@type\":\"WebPage\",\"@id\":\"https:\\\/\\\/kidsplay.lt\\\/produktas\\\/lankstoma-kudikio-vonele-melyna-neslystanti\\\/\",\"url\":\"https:\\\/\\\/kidsplay.lt\\\/produktas\\\/lankstoma-kudikio-vonele-melyna-neslystanti\\\/\",\"name\":\"Lankstoma k\u016bdikio vonel\u0117 m\u0117lyna neslystanti\",\"isPartOf\":{\"@id\":\"https:\\\/\\\/kidsplay.lt\\\/#website\"},\"primaryImageOfPage\":{\"@id\":\"https:\\\/\\\/kidsplay.lt\\\/produktas\\\/lankstoma-kudikio-vonele-melyna-neslystanti\\\/#primaryimage\"},\"image\":{\"@id\":\"https:\\\/\\\/kidsplay.lt\\\/produktas\\\/lankstoma-kudikio-vonele-melyna-neslystanti\\\/#primaryimage\"},\"thumbnailUrl\":\"https:\\\/\\\/kidsplay.lt\\\/wp-content\\\/uploads\\\/2026\\\/02\\\/Lankstoma-kudikio-vonele-melyna-neslystanti.jpg\",\"datePublished\":\"2026-02-25T12:19:02+00:00\",\"dateModified\":\"2026-04-10T06:30:29+00:00\",\"description\":\"Lankstoma k\u016bdikio vonel\u0117 m\u0117lyna neslystanti - KidsPlay. Did\u017eiausias vaik\u0173 \u017eaisl\u0173 pasirinkimas.\",\"breadcrumb\":{\"@id\":\"https:\\\/\\\/kidsplay.lt\\\/produktas\\\/lankstoma-kudikio-vonele-melyna-neslystanti\\\/#breadcrumb\"},\"inLanguage\":\"lv-LV\",\"potentialAction\":[{\"@type\":\"ReadAction\",\"target\":[\"https:\\\/\\\/kidsplay.lt\\\/produktas\\\/lankstoma-kudikio-vonele-melyna-neslystanti\\\/\"]}]},{\"@type\":\"ImageObject\",\"inLanguage\":\"lv-LV\",\"@id\":\"https:\\\/\\\/kidsplay.lt\\\/produktas\\\/lankstoma-kudikio-vonele-melyna-neslystanti\\\/#primaryimage\",\"url\":\"https:\\\/\\\/kidsplay.lt\\\/wp-content\\\/uploads\\\/2026\\\/02\\\/Lankstoma-kudikio-vonele-melyna-neslystanti.jpg\",\"contentUrl\":\"https:\\\/\\\/kidsplay.lt\\\/wp-content\\\/uploads\\\/2026\\\/02\\\/Lankstoma-kudikio-vonele-melyna-neslystanti.jpg\",\"width\":1000,\"height\":1000,\"caption\":\"Lankstoma k\u016bdikio vonel\u0117 m\u0117lyna neslystanti\"},{\"@type\":\"BreadcrumbList\",\"@id\":\"https:\\\/\\\/kidsplay.lt\\\/produktas\\\/lankstoma-kudikio-vonele-melyna-neslystanti\\\/#breadcrumb\",\"itemListElement\":[{\"@type\":\"ListItem\",\"position\":1,\"name\":\"Pagrindinis\",\"item\":\"https:\\\/\\\/kidsplay.lt\\\/\"},{\"@type\":\"ListItem\",\"position\":2,\"name\":\"Parduotuv\u0117\",\"item\":\"https:\\\/\\\/kidsplay.lt\\\/parduotuve\\\/\"},{\"@type\":\"ListItem\",\"position\":3,\"name\":\"Lankstoma k\u016bdikio vonel\u0117 m\u0117lyna neslystanti\"}]},{\"@type\":\"WebSite\",\"@id\":\"https:\\\/\\\/kidsplay.lt\\\/#website\",\"url\":\"https:\\\/\\\/kidsplay.lt\\\/\",\"name\":\"Kidsplay.lt\",\"description\":\"\u012evairios prek\u0117s vaikams\",\"publisher\":{\"@id\":\"https:\\\/\\\/kidsplay.lt\\\/#organization\"},\"alternateName\":\"Kidsplay\",\"potentialAction\":[{\"@type\":\"SearchAction\",\"target\":{\"@type\":\"EntryPoint\",\"urlTemplate\":\"https:\\\/\\\/kidsplay.lt\\\/?s={search_term_string}\"},\"query-input\":{\"@type\":\"PropertyValueSpecification\",\"valueRequired\":true,\"valueName\":\"search_term_string\"}}],\"inLanguage\":\"lv-LV\"},{\"@type\":\"Organization\",\"@id\":\"https:\\\/\\\/kidsplay.lt\\\/#organization\",\"name\":\"KidsPlay\",\"url\":\"https:\\\/\\\/kidsplay.lt\\\/\",\"logo\":{\"@type\":\"ImageObject\",\"inLanguage\":\"lv-LV\",\"@id\":\"https:\\\/\\\/kidsplay.lt\\\/#\\\/schema\\\/logo\\\/image\\\/\",\"url\":\"https:\\\/\\\/kidsplay.lt\\\/wp-content\\\/uploads\\\/2023\\\/07\\\/kidsplay-logo.png\",\"contentUrl\":\"https:\\\/\\\/kidsplay.lt\\\/wp-content\\\/uploads\\\/2023\\\/07\\\/kidsplay-logo.png\",\"width\":451,\"height\":98,\"caption\":\"KidsPlay\"},\"image\":{\"@id\":\"https:\\\/\\\/kidsplay.lt\\\/#\\\/schema\\\/logo\\\/image\\\/\"},\"sameAs\":[\"https:\\\/\\\/www.facebook.com\\\/www.kidsplay.lt\"]}]}<\/script>\n<!-- \/ Yoast SEO plugin. -->","yoast_head_json":{"title":"Lankstoma k\u016bdikio vonel\u0117 m\u0117lyna neslystanti","description":"Lankstoma k\u016bdikio vonel\u0117 m\u0117lyna neslystanti - KidsPlay. Did\u017eiausias vaik\u0173 \u017eaisl\u0173 pasirinkimas.","robots":{"index":"index","follow":"follow","max-snippet":"max-snippet:-1","max-image-preview":"max-image-preview:large","max-video-preview":"max-video-preview:-1"},"canonical":"https:\/\/kidsplay.lt\/lv\/products\/lankstoma-kudikio-vonele-melyna-neslystanti\/","og_locale":"lv_LV","og_type":"article","og_title":"Lankstoma k\u016bdikio vonel\u0117 m\u0117lyna neslystanti","og_description":"Lankstoma k\u016bdikio vonel\u0117 m\u0117lyna neslystanti - KidsPlay. Did\u017eiausias vaik\u0173 \u017eaisl\u0173 pasirinkimas.","og_url":"https:\/\/kidsplay.lt\/lv\/products\/lankstoma-kudikio-vonele-melyna-neslystanti\/","og_site_name":"KidsPlay","article_publisher":"https:\/\/www.facebook.com\/www.kidsplay.lt","article_modified_time":"2026-04-10T06:30:29+00:00","og_image":[{"width":1000,"height":1000,"url":"https:\/\/kidsplay.lt\/wp-content\/uploads\/2026\/02\/Lankstoma-kudikio-vonele-melyna-neslystanti.jpg","type":"image\/jpeg"}],"twitter_card":"summary_large_image","twitter_misc":{"Est. reading time":"1 min\u016bte"},"schema":{"@context":"https:\/\/schema.org","@graph":[{"@type":"WebPage","@id":"https:\/\/kidsplay.lt\/produktas\/lankstoma-kudikio-vonele-melyna-neslystanti\/","url":"https:\/\/kidsplay.lt\/produktas\/lankstoma-kudikio-vonele-melyna-neslystanti\/","name":"Lankstoma k\u016bdikio vonel\u0117 m\u0117lyna neslystanti","isPartOf":{"@id":"https:\/\/kidsplay.lt\/#website"},"primaryImageOfPage":{"@id":"https:\/\/kidsplay.lt\/produktas\/lankstoma-kudikio-vonele-melyna-neslystanti\/#primaryimage"},"image":{"@id":"https:\/\/kidsplay.lt\/produktas\/lankstoma-kudikio-vonele-melyna-neslystanti\/#primaryimage"},"thumbnailUrl":"https:\/\/kidsplay.lt\/wp-content\/uploads\/2026\/02\/Lankstoma-kudikio-vonele-melyna-neslystanti.jpg","datePublished":"2026-02-25T12:19:02+00:00","dateModified":"2026-04-10T06:30:29+00:00","description":"Lankstoma k\u016bdikio vonel\u0117 m\u0117lyna neslystanti - KidsPlay. Did\u017eiausias vaik\u0173 \u017eaisl\u0173 pasirinkimas.","breadcrumb":{"@id":"https:\/\/kidsplay.lt\/produktas\/lankstoma-kudikio-vonele-melyna-neslystanti\/#breadcrumb"},"inLanguage":"lv-LV","potentialAction":[{"@type":"ReadAction","target":["https:\/\/kidsplay.lt\/produktas\/lankstoma-kudikio-vonele-melyna-neslystanti\/"]}]},{"@type":"ImageObject","inLanguage":"lv-LV","@id":"https:\/\/kidsplay.lt\/produktas\/lankstoma-kudikio-vonele-melyna-neslystanti\/#primaryimage","url":"https:\/\/kidsplay.lt\/wp-content\/uploads\/2026\/02\/Lankstoma-kudikio-vonele-melyna-neslystanti.jpg","contentUrl":"https:\/\/kidsplay.lt\/wp-content\/uploads\/2026\/02\/Lankstoma-kudikio-vonele-melyna-neslystanti.jpg","width":1000,"height":1000,"caption":"Lankstoma k\u016bdikio vonel\u0117 m\u0117lyna neslystanti"},{"@type":"BreadcrumbList","@id":"https:\/\/kidsplay.lt\/produktas\/lankstoma-kudikio-vonele-melyna-neslystanti\/#breadcrumb","itemListElement":[{"@type":"ListItem","position":1,"name":"Pagrindinis","item":"https:\/\/kidsplay.lt\/"},{"@type":"ListItem","position":2,"name":"Parduotuv\u0117","item":"https:\/\/kidsplay.lt\/parduotuve\/"},{"@type":"ListItem","position":3,"name":"Lankstoma k\u016bdikio vonel\u0117 m\u0117lyna neslystanti"}]},{"@type":"WebSite","@id":"https:\/\/kidsplay.lt\/#website","url":"https:\/\/kidsplay.lt\/","name":"B\u0113rnu sp\u0113les.lv","description":"\u012evairios prek\u0117s vaikams","publisher":{"@id":"https:\/\/kidsplay.lt\/#organization"},"alternateName":"Kidsplay","potentialAction":[{"@type":"SearchAction","target":{"@type":"EntryPoint","urlTemplate":"https:\/\/kidsplay.lt\/?s={search_term_string}"},"query-input":{"@type":"PropertyValueSpecification","valueRequired":true,"valueName":"search_term_string"}}],"inLanguage":"lv-LV"},{"@type":"Organization","@id":"https:\/\/kidsplay.lt\/#organization","name":"B\u0113rnu sp\u0113le","url":"https:\/\/kidsplay.lt\/","logo":{"@type":"ImageObject","inLanguage":"lv-LV","@id":"https:\/\/kidsplay.lt\/#\/schema\/logo\/image\/","url":"https:\/\/kidsplay.lt\/wp-content\/uploads\/2023\/07\/kidsplay-logo.png","contentUrl":"https:\/\/kidsplay.lt\/wp-content\/uploads\/2023\/07\/kidsplay-logo.png","width":451,"height":98,"caption":"KidsPlay"},"image":{"@id":"https:\/\/kidsplay.lt\/#\/schema\/logo\/image\/"},"sameAs":["https:\/\/www.facebook.com\/www.kidsplay.lt"]}]}},"_links":{"self":[{"href":"https:\/\/kidsplay.lt\/lv\/wp-json\/wp\/v2\/product\/88674","targetHints":{"allow":["GET"]}}],"collection":[{"href":"https:\/\/kidsplay.lt\/lv\/wp-json\/wp\/v2\/product"}],"about":[{"href":"https:\/\/kidsplay.lt\/lv\/wp-json\/wp\/v2\/types\/product"}],"version-history":[{"count":1,"href":"https:\/\/kidsplay.lt\/lv\/wp-json\/wp\/v2\/product\/88674\/revisions"}],"predecessor-version":[{"id":88675,"href":"https:\/\/kidsplay.lt\/lv\/wp-json\/wp\/v2\/product\/88674\/revisions\/88675"}],"wp:featuredmedia":[{"embeddable":true,"href":"https:\/\/kidsplay.lt\/lv\/wp-json\/wp\/v2\/media\/88676"}],"wp:attachment":[{"href":"https:\/\/kidsplay.lt\/lv\/wp-json\/wp\/v2\/media?parent=88674"}],"wp:term":[{"taxonomy":"product_brand","embeddable":true,"href":"https:\/\/kidsplay.lt\/lv\/wp-json\/wp\/v2\/product_brand?post=88674"},{"taxonomy":"product_cat","embeddable":true,"href":"https:\/\/kidsplay.lt\/lv\/wp-json\/wp\/v2\/product_cat?post=88674"},{"taxonomy":"product_tag","embeddable":true,"href":"https:\/\/kidsplay.lt\/lv\/wp-json\/wp\/v2\/product_tag?post=88674"}],"curies":[{"name":"wp","href":"https:\/\/api.w.org\/{rel}","templated":true}]}}