{"id":88701,"date":"2026-02-25T14:22:10","date_gmt":"2026-02-25T12:22:10","guid":{"rendered":"https:\/\/kidsplay.lt\/produktas\/oranzinis-elektrinis-vaikiskas-motociklas-jt568\/"},"modified":"2026-04-15T15:35:28","modified_gmt":"2026-04-15T12:35:28","slug":"oranzinis-elektrinis-vaikiskas-motociklas-jt568","status":"publish","type":"product","link":"https:\/\/kidsplay.lt\/lv\/products\/oranzinis-elektrinis-vaikiskas-motociklas-jt568\/","title":{"rendered":"Oran\u017es elektriskais b\u0113rnu motocikls JT568"},"content":{"rendered":"<p>Nuo \u0161iol j\u016bs\u0173 vaikas gali tur\u0117ti savo nuosav\u0105 motocikl\u0105! \u012egyvendinkite ma\u017eylio svajon\u0119 pirkdami patog\u0173 elektrin\u012f motocikl\u0105 JT568 ak\u012f traukian\u010dios oran\u017ein\u0117s spalvos. Ugdykite vaiko aistr\u0105 automobiliams jau dabar \u2013 ateityje gal\u0117site kartu leistis \u012f pla\u010dius nuotykius ir dalintis laisv\u0117s bei savaranki\u0161ko vairavimo d\u017eiaugsmu.<br \/>\nVaiki\u0161kas elektrinis motociklas atrodo kaip tikras \u2013 skirtumas tik tas, kad jis pritaikytas keli\u0173 met\u0173 vaikui. Tvirta ir patikima konstrukcija i\u0161 auk\u0161tos kokyb\u0117s med\u017eiag\u0173 u\u017etikrina ilgamet\u012f linksmybi\u0173 malonum\u0105. JT568 motociklas sukurtas moderniu stiliumi, kuris patiks ne tik ma\u017eiausiems automobili\u0173 \u017eaisl\u0173 m\u0117g\u0117jams, bet ir j\u0173 t\u0117vams. Interjeras, detales imituojan\u010dios tikras dalis, leis vaikui jaustis tarsi tikrame motocikle.<br \/>\n\u0160is vaiki\u0161kas elektrinis motociklas skirtas visiems vaikams nuo 3 met\u0173, ta\u010diau pri\u017ei\u016brint t\u0117vams j\u012f gali naudoti ir jaunesni. Produktas turi CE sertifikat\u0105, o surinkimas yra paprastas ir greitas \u2013 u\u017etruks apie 30 minu\u010di\u0173.<br \/>\nTehniskie dati:<br \/>\nGamintojas: LEAN CARS \/ Leantoys<br \/>\nModelis: Motor JT568<br \/>\nSpalva: oran\u017ein\u0117<br \/>\nVariklis: 1 x 35W<br \/>\nBaterija: 1 x 6V 4Ah<br \/>\nPavar\u0173 d\u0117\u017e\u0117: 2 (pirmyn \/ atgal)<br \/>\nMatmenys: 80 cm x 43 cm x 55 cm<br \/>\nMaksimalus greitis: 3 km\/h<br \/>\nSvoris: 8 kg<br \/>\nMaksimali apkrova: 25 kg<br \/>\n\u012ekrovimo laikas: 8 valandos<br \/>\nVa\u017eiavimo trukm\u0117: iki 1 valandos<br \/>\nApr\u012bkojums:<br \/>\nSaugos dir\u017eai: n\u0117ra<br \/>\nAtidaromos durys: n\u0117ra<br \/>\nRakteliai: n\u0117ra<br \/>\nS\u0117dyn\u0117: plastikin\u0117<br \/>\nRatai: plastikas su gumin\u0117mis juostel\u0117mis<br \/>\nNuotolinio valdymo pultas: n\u0117ra<br \/>\nApgaismojums: priek\u0161\u0113jie lukturi<\/p>","protected":false},"excerpt":{"rendered":"<p>Nuo \u0161iol j\u016bs\u0173 vaikas gali tur\u0117ti savo nuosav\u0105 motocikl\u0105! \u012egyvendinkite ma\u017eylio svajon\u0119 pirkdami patog\u0173 elektrin\u012f motocikl\u0105 JT568 ak\u012f traukian\u010dios oran\u017ein\u0117s<\/p>","protected":false},"featured_media":88703,"template":"","meta":{"_acf_changed":false,"_glsr_average":0,"_glsr_ranking":0,"_glsr_reviews":0},"product_brand":[],"product_cat":[310,237],"product_tag":[],"class_list":{"0":"post-88701","1":"product","2":"type-product","3":"status-publish","4":"has-post-thumbnail","6":"product_cat-akumuliatorines-transporto-priemones","7":"product_cat-judejimo-priemones","8":"\"style=\"background-color: #2ecc711c;\"","10":"first","11":"instock","12":"purchasable","13":"product-type-simple"},"acf":[],"yoast_head":"<!-- This site is optimized with the Yoast SEO plugin v27.4 - https:\/\/yoast.com\/product\/yoast-seo-wordpress\/ -->\n<title>Oran\u017einis elektrinis vaiki\u0161kas motociklas JT568<\/title>\n<meta name=\"description\" content=\"Oran\u017einis elektrinis vaiki\u0161kas motociklas JT568 - KidsPlay. Did\u017eiausias vaik\u0173 \u017eaisl\u0173 pasirinkimas.\" \/>\n<meta name=\"robots\" content=\"index, follow, max-snippet:-1, max-image-preview:large, max-video-preview:-1\" \/>\n<link rel=\"canonical\" href=\"https:\/\/kidsplay.lt\/lv\/products\/oranzinis-elektrinis-vaikiskas-motociklas-jt568\/\" \/>\n<meta property=\"og:locale\" content=\"lv_LV\" \/>\n<meta property=\"og:type\" content=\"article\" \/>\n<meta property=\"og:title\" content=\"Oran\u017einis elektrinis vaiki\u0161kas motociklas JT568\" \/>\n<meta property=\"og:description\" content=\"Oran\u017einis elektrinis vaiki\u0161kas motociklas JT568 - KidsPlay. Did\u017eiausias vaik\u0173 \u017eaisl\u0173 pasirinkimas.\" \/>\n<meta property=\"og:url\" content=\"https:\/\/kidsplay.lt\/lv\/products\/oranzinis-elektrinis-vaikiskas-motociklas-jt568\/\" \/>\n<meta property=\"og:site_name\" content=\"KidsPlay\" \/>\n<meta property=\"article:publisher\" content=\"https:\/\/www.facebook.com\/www.kidsplay.lt\" \/>\n<meta property=\"article:modified_time\" content=\"2026-04-15T12:35:28+00:00\" \/>\n<meta property=\"og:image\" content=\"https:\/\/kidsplay.lt\/wp-content\/uploads\/2026\/02\/Oranzinis-elektrinis-vaikiskas-motociklas-JT568.jpg\" \/>\n\t<meta property=\"og:image:width\" content=\"826\" \/>\n\t<meta property=\"og:image:height\" content=\"578\" \/>\n\t<meta property=\"og:image:type\" content=\"image\/jpeg\" \/>\n<meta name=\"twitter:card\" content=\"summary_large_image\" \/>\n<meta name=\"twitter:label1\" content=\"Est. reading time\" \/>\n\t<meta name=\"twitter:data1\" content=\"2 min\u016btes\" \/>\n<script type=\"application\/ld+json\" class=\"yoast-schema-graph\">{\"@context\":\"https:\\\/\\\/schema.org\",\"@graph\":[{\"@type\":\"WebPage\",\"@id\":\"https:\\\/\\\/kidsplay.lt\\\/produktas\\\/oranzinis-elektrinis-vaikiskas-motociklas-jt568\\\/\",\"url\":\"https:\\\/\\\/kidsplay.lt\\\/produktas\\\/oranzinis-elektrinis-vaikiskas-motociklas-jt568\\\/\",\"name\":\"Oran\u017einis elektrinis vaiki\u0161kas motociklas JT568\",\"isPartOf\":{\"@id\":\"https:\\\/\\\/kidsplay.lt\\\/#website\"},\"primaryImageOfPage\":{\"@id\":\"https:\\\/\\\/kidsplay.lt\\\/produktas\\\/oranzinis-elektrinis-vaikiskas-motociklas-jt568\\\/#primaryimage\"},\"image\":{\"@id\":\"https:\\\/\\\/kidsplay.lt\\\/produktas\\\/oranzinis-elektrinis-vaikiskas-motociklas-jt568\\\/#primaryimage\"},\"thumbnailUrl\":\"https:\\\/\\\/kidsplay.lt\\\/wp-content\\\/uploads\\\/2026\\\/02\\\/Oranzinis-elektrinis-vaikiskas-motociklas-JT568.jpg\",\"datePublished\":\"2026-02-25T12:22:10+00:00\",\"dateModified\":\"2026-04-15T12:35:28+00:00\",\"description\":\"Oran\u017einis elektrinis vaiki\u0161kas motociklas JT568 - KidsPlay. Did\u017eiausias vaik\u0173 \u017eaisl\u0173 pasirinkimas.\",\"breadcrumb\":{\"@id\":\"https:\\\/\\\/kidsplay.lt\\\/produktas\\\/oranzinis-elektrinis-vaikiskas-motociklas-jt568\\\/#breadcrumb\"},\"inLanguage\":\"lv-LV\",\"potentialAction\":[{\"@type\":\"ReadAction\",\"target\":[\"https:\\\/\\\/kidsplay.lt\\\/produktas\\\/oranzinis-elektrinis-vaikiskas-motociklas-jt568\\\/\"]}]},{\"@type\":\"ImageObject\",\"inLanguage\":\"lv-LV\",\"@id\":\"https:\\\/\\\/kidsplay.lt\\\/produktas\\\/oranzinis-elektrinis-vaikiskas-motociklas-jt568\\\/#primaryimage\",\"url\":\"https:\\\/\\\/kidsplay.lt\\\/wp-content\\\/uploads\\\/2026\\\/02\\\/Oranzinis-elektrinis-vaikiskas-motociklas-JT568.jpg\",\"contentUrl\":\"https:\\\/\\\/kidsplay.lt\\\/wp-content\\\/uploads\\\/2026\\\/02\\\/Oranzinis-elektrinis-vaikiskas-motociklas-JT568.jpg\",\"width\":826,\"height\":578,\"caption\":\"Oran\u017einis elektrinis vaiki\u0161kas motociklas JT568\"},{\"@type\":\"BreadcrumbList\",\"@id\":\"https:\\\/\\\/kidsplay.lt\\\/produktas\\\/oranzinis-elektrinis-vaikiskas-motociklas-jt568\\\/#breadcrumb\",\"itemListElement\":[{\"@type\":\"ListItem\",\"position\":1,\"name\":\"Pagrindinis\",\"item\":\"https:\\\/\\\/kidsplay.lt\\\/\"},{\"@type\":\"ListItem\",\"position\":2,\"name\":\"Parduotuv\u0117\",\"item\":\"https:\\\/\\\/kidsplay.lt\\\/parduotuve\\\/\"},{\"@type\":\"ListItem\",\"position\":3,\"name\":\"Oran\u017einis elektrinis vaiki\u0161kas motociklas JT568\"}]},{\"@type\":\"WebSite\",\"@id\":\"https:\\\/\\\/kidsplay.lt\\\/#website\",\"url\":\"https:\\\/\\\/kidsplay.lt\\\/\",\"name\":\"Kidsplay.lt\",\"description\":\"\u012evairios prek\u0117s vaikams\",\"publisher\":{\"@id\":\"https:\\\/\\\/kidsplay.lt\\\/#organization\"},\"alternateName\":\"Kidsplay\",\"potentialAction\":[{\"@type\":\"SearchAction\",\"target\":{\"@type\":\"EntryPoint\",\"urlTemplate\":\"https:\\\/\\\/kidsplay.lt\\\/?s={search_term_string}\"},\"query-input\":{\"@type\":\"PropertyValueSpecification\",\"valueRequired\":true,\"valueName\":\"search_term_string\"}}],\"inLanguage\":\"lv-LV\"},{\"@type\":\"Organization\",\"@id\":\"https:\\\/\\\/kidsplay.lt\\\/#organization\",\"name\":\"KidsPlay\",\"url\":\"https:\\\/\\\/kidsplay.lt\\\/\",\"logo\":{\"@type\":\"ImageObject\",\"inLanguage\":\"lv-LV\",\"@id\":\"https:\\\/\\\/kidsplay.lt\\\/#\\\/schema\\\/logo\\\/image\\\/\",\"url\":\"https:\\\/\\\/kidsplay.lt\\\/wp-content\\\/uploads\\\/2023\\\/07\\\/kidsplay-logo.png\",\"contentUrl\":\"https:\\\/\\\/kidsplay.lt\\\/wp-content\\\/uploads\\\/2023\\\/07\\\/kidsplay-logo.png\",\"width\":451,\"height\":98,\"caption\":\"KidsPlay\"},\"image\":{\"@id\":\"https:\\\/\\\/kidsplay.lt\\\/#\\\/schema\\\/logo\\\/image\\\/\"},\"sameAs\":[\"https:\\\/\\\/www.facebook.com\\\/www.kidsplay.lt\"]}]}<\/script>\n<!-- \/ Yoast SEO plugin. -->","yoast_head_json":{"title":"Oran\u017es elektriskais b\u0113rnu motocikls JT568","description":"Oran\u017einis elektrinis vaiki\u0161kas motociklas JT568 - KidsPlay. Did\u017eiausias vaik\u0173 \u017eaisl\u0173 pasirinkimas.","robots":{"index":"index","follow":"follow","max-snippet":"max-snippet:-1","max-image-preview":"max-image-preview:large","max-video-preview":"max-video-preview:-1"},"canonical":"https:\/\/kidsplay.lt\/lv\/products\/oranzinis-elektrinis-vaikiskas-motociklas-jt568\/","og_locale":"lv_LV","og_type":"article","og_title":"Oran\u017einis elektrinis vaiki\u0161kas motociklas JT568","og_description":"Oran\u017einis elektrinis vaiki\u0161kas motociklas JT568 - KidsPlay. Did\u017eiausias vaik\u0173 \u017eaisl\u0173 pasirinkimas.","og_url":"https:\/\/kidsplay.lt\/lv\/products\/oranzinis-elektrinis-vaikiskas-motociklas-jt568\/","og_site_name":"KidsPlay","article_publisher":"https:\/\/www.facebook.com\/www.kidsplay.lt","article_modified_time":"2026-04-15T12:35:28+00:00","og_image":[{"width":826,"height":578,"url":"https:\/\/kidsplay.lt\/wp-content\/uploads\/2026\/02\/Oranzinis-elektrinis-vaikiskas-motociklas-JT568.jpg","type":"image\/jpeg"}],"twitter_card":"summary_large_image","twitter_misc":{"Est. reading time":"2 min\u016btes"},"schema":{"@context":"https:\/\/schema.org","@graph":[{"@type":"WebPage","@id":"https:\/\/kidsplay.lt\/produktas\/oranzinis-elektrinis-vaikiskas-motociklas-jt568\/","url":"https:\/\/kidsplay.lt\/produktas\/oranzinis-elektrinis-vaikiskas-motociklas-jt568\/","name":"Oran\u017es elektriskais b\u0113rnu motocikls JT568","isPartOf":{"@id":"https:\/\/kidsplay.lt\/#website"},"primaryImageOfPage":{"@id":"https:\/\/kidsplay.lt\/produktas\/oranzinis-elektrinis-vaikiskas-motociklas-jt568\/#primaryimage"},"image":{"@id":"https:\/\/kidsplay.lt\/produktas\/oranzinis-elektrinis-vaikiskas-motociklas-jt568\/#primaryimage"},"thumbnailUrl":"https:\/\/kidsplay.lt\/wp-content\/uploads\/2026\/02\/Oranzinis-elektrinis-vaikiskas-motociklas-JT568.jpg","datePublished":"2026-02-25T12:22:10+00:00","dateModified":"2026-04-15T12:35:28+00:00","description":"Oran\u017einis elektrinis vaiki\u0161kas motociklas JT568 - KidsPlay. Did\u017eiausias vaik\u0173 \u017eaisl\u0173 pasirinkimas.","breadcrumb":{"@id":"https:\/\/kidsplay.lt\/produktas\/oranzinis-elektrinis-vaikiskas-motociklas-jt568\/#breadcrumb"},"inLanguage":"lv-LV","potentialAction":[{"@type":"ReadAction","target":["https:\/\/kidsplay.lt\/produktas\/oranzinis-elektrinis-vaikiskas-motociklas-jt568\/"]}]},{"@type":"ImageObject","inLanguage":"lv-LV","@id":"https:\/\/kidsplay.lt\/produktas\/oranzinis-elektrinis-vaikiskas-motociklas-jt568\/#primaryimage","url":"https:\/\/kidsplay.lt\/wp-content\/uploads\/2026\/02\/Oranzinis-elektrinis-vaikiskas-motociklas-JT568.jpg","contentUrl":"https:\/\/kidsplay.lt\/wp-content\/uploads\/2026\/02\/Oranzinis-elektrinis-vaikiskas-motociklas-JT568.jpg","width":826,"height":578,"caption":"Oran\u017einis elektrinis vaiki\u0161kas motociklas JT568"},{"@type":"BreadcrumbList","@id":"https:\/\/kidsplay.lt\/produktas\/oranzinis-elektrinis-vaikiskas-motociklas-jt568\/#breadcrumb","itemListElement":[{"@type":"ListItem","position":1,"name":"Pagrindinis","item":"https:\/\/kidsplay.lt\/"},{"@type":"ListItem","position":2,"name":"Parduotuv\u0117","item":"https:\/\/kidsplay.lt\/parduotuve\/"},{"@type":"ListItem","position":3,"name":"Oran\u017einis elektrinis vaiki\u0161kas motociklas JT568"}]},{"@type":"WebSite","@id":"https:\/\/kidsplay.lt\/#website","url":"https:\/\/kidsplay.lt\/","name":"B\u0113rnu sp\u0113les.lv","description":"\u012evairios prek\u0117s vaikams","publisher":{"@id":"https:\/\/kidsplay.lt\/#organization"},"alternateName":"Kidsplay","potentialAction":[{"@type":"SearchAction","target":{"@type":"EntryPoint","urlTemplate":"https:\/\/kidsplay.lt\/?s={search_term_string}"},"query-input":{"@type":"PropertyValueSpecification","valueRequired":true,"valueName":"search_term_string"}}],"inLanguage":"lv-LV"},{"@type":"Organization","@id":"https:\/\/kidsplay.lt\/#organization","name":"B\u0113rnu sp\u0113le","url":"https:\/\/kidsplay.lt\/","logo":{"@type":"ImageObject","inLanguage":"lv-LV","@id":"https:\/\/kidsplay.lt\/#\/schema\/logo\/image\/","url":"https:\/\/kidsplay.lt\/wp-content\/uploads\/2023\/07\/kidsplay-logo.png","contentUrl":"https:\/\/kidsplay.lt\/wp-content\/uploads\/2023\/07\/kidsplay-logo.png","width":451,"height":98,"caption":"KidsPlay"},"image":{"@id":"https:\/\/kidsplay.lt\/#\/schema\/logo\/image\/"},"sameAs":["https:\/\/www.facebook.com\/www.kidsplay.lt"]}]}},"_links":{"self":[{"href":"https:\/\/kidsplay.lt\/lv\/wp-json\/wp\/v2\/product\/88701","targetHints":{"allow":["GET"]}}],"collection":[{"href":"https:\/\/kidsplay.lt\/lv\/wp-json\/wp\/v2\/product"}],"about":[{"href":"https:\/\/kidsplay.lt\/lv\/wp-json\/wp\/v2\/types\/product"}],"version-history":[{"count":3,"href":"https:\/\/kidsplay.lt\/lv\/wp-json\/wp\/v2\/product\/88701\/revisions"}],"predecessor-version":[{"id":88778,"href":"https:\/\/kidsplay.lt\/lv\/wp-json\/wp\/v2\/product\/88701\/revisions\/88778"}],"wp:featuredmedia":[{"embeddable":true,"href":"https:\/\/kidsplay.lt\/lv\/wp-json\/wp\/v2\/media\/88703"}],"wp:attachment":[{"href":"https:\/\/kidsplay.lt\/lv\/wp-json\/wp\/v2\/media?parent=88701"}],"wp:term":[{"taxonomy":"product_brand","embeddable":true,"href":"https:\/\/kidsplay.lt\/lv\/wp-json\/wp\/v2\/product_brand?post=88701"},{"taxonomy":"product_cat","embeddable":true,"href":"https:\/\/kidsplay.lt\/lv\/wp-json\/wp\/v2\/product_cat?post=88701"},{"taxonomy":"product_tag","embeddable":true,"href":"https:\/\/kidsplay.lt\/lv\/wp-json\/wp\/v2\/product_tag?post=88701"}],"curies":[{"name":"wp","href":"https:\/\/api.w.org\/{rel}","templated":true}]}}