{"id":88805,"date":"2026-02-25T20:42:45","date_gmt":"2026-02-25T18:42:45","guid":{"rendered":"https:\/\/kidsplay.lt\/produktas\/hl1638-elektrinis-vaikiskas-automobilis-baltas\/"},"modified":"2026-04-10T10:03:03","modified_gmt":"2026-04-10T07:03:03","slug":"hl1638-elektrinis-vaikiskas-automobilis-baltas","status":"publish","type":"product","link":"https:\/\/kidsplay.lt\/lv\/products\/hl1638-elektrinis-vaikiskas-automobilis-baltas\/","title":{"rendered":"HL1638 elektrinis vaiki\u0161kas automobilis baltas"},"content":{"rendered":"<p>Nuo \u0161iol j\u016bs\u0173 vaikas gali tur\u0117ti savo automobil\u012f! \u012egyvendinkite savo ma\u017eylio svajon\u0119, pasirinkdami patog\u0173 HL1638 elektrin\u012f automobil\u012f i\u0161skirtin\u0117s baltos spalvos. Ugdykite jo aistr\u0105 automobiliams jau dabar \u2013 ateityje gal\u0117site ja d\u017eiaugtis kartu, \u012fveikdami vis naujus kelius. Leiskite jam pajusti vairavimo d\u017eiaugsm\u0105 ir laisv\u0119 savaranki\u0161kai valdant savo automobil\u012f.<br \/>\nVaiki\u0161kas automobilis atrodo kaip tikras \u2013 tik pritaikytas ma\u017eam vaikui. Tvirta ir kokybi\u0161ka konstrukcija i\u0161 auk\u0161tos kokyb\u0117s med\u017eiag\u0173 u\u017etikrina ilgalaik\u012f ir saug\u0173 naudojim\u0105. Modernus dizainas patiks ne tik vaikams, bet ir j\u0173 t\u0117vams. Kruop\u0161\u010diai i\u0161baigtas interjeras ir detal\u0117s, imituojan\u010dios tikro automobilio elementus, leis vaikui pasijusti lyg tikrame automobilyje \u2013 kuris, \u017einoma, gali va\u017eiuoti pats.<br \/>\nAutomobilis skirtas vaikams nuo 3 met\u0173, ta\u010diau su suaugusi\u0173j\u0173 prie\u017ei\u016bra juo gali naudotis ir jaunesni vaikai. Modelis turi CE sertifikat\u0105, o surinkimas paprastas ir greitas \u2013 u\u017etruks apie 30 minu\u010di\u0173.<\/p>\n<p>Tehniskie dati:<br \/>\nVariklis: 2x45W<br \/>\nBaterija: 2x6V 4,5Ah<br \/>\nPavaros: 2 pavaros (pirmyn \/ atgal), 2 grei\u010dio re\u017eimai (l\u0117tas \/ greitas)<br \/>\nMatmenys: 93 x 58 x 49 cm<br \/>\nMaksimalus greitis: 3\u20136 km\/h<br \/>\nSvoris: 20 kg<br \/>\nMaksimali apkrova: 30 kg<br \/>\n\u012ekrovimo laikas: 8 valandos<br \/>\nVa\u017eiavimo trukm\u0117: 1\u20132 valandos<br \/>\nStabdys: automatinis atleidus pedal\u0105; avarinis stabdis per nuotolin\u012f valdym\u0105<\/p>\n<p>\u012eranga:<br \/>\nDro\u0161\u012bbas jostas<br \/>\nAtidaromos durys<br \/>\nS\u0117dyn\u0117: plastikin\u0117<br \/>\nRatai: plastikiniai su gumine juosta<br \/>\nNuotolinis valdymas: 2.4G<br \/>\n3 grei\u010di\u0173 pasirinkimai (l\u0117tas, normalus, greitas)<br \/>\n\u0160viesos: priekiniai \u017eibintai, LED prietais\u0173 skydelisGarso sistema: FM radijas, USB, SD, MP3, AUX<br \/>\nRekomenduojamas am\u017eius: nuo 3 met\u0173<\/p>","protected":false},"excerpt":{"rendered":"<p>Nuo \u0161iol j\u016bs\u0173 vaikas gali tur\u0117ti savo automobil\u012f! \u012egyvendinkite savo ma\u017eylio svajon\u0119, pasirinkdami patog\u0173 HL1638 elektrin\u012f automobil\u012f i\u0161skirtin\u0117s baltos spalvos.<\/p>","protected":false},"featured_media":88807,"template":"","meta":{"_acf_changed":false,"_glsr_average":0,"_glsr_ranking":0,"_glsr_reviews":0},"product_brand":[],"product_cat":[310,237],"product_tag":[],"class_list":{"0":"post-88805","1":"product","2":"type-product","3":"status-publish","4":"has-post-thumbnail","6":"product_cat-akumuliatorines-transporto-priemones","7":"product_cat-judejimo-priemones","8":"\"style=\"background-color: #2ecc711c;\"","10":"first","11":"instock","12":"purchasable","13":"product-type-simple"},"acf":[],"yoast_head":"<!-- This site is optimized with the Yoast SEO plugin v27.3 - https:\/\/yoast.com\/product\/yoast-seo-wordpress\/ -->\n<title>HL1638 elektrinis vaiki\u0161kas automobilis baltas<\/title>\n<meta name=\"description\" content=\"HL1638 elektrinis vaiki\u0161kas automobilis baltas - KidsPlay. Did\u017eiausias vaik\u0173 \u017eaisl\u0173 pasirinkimas.\" \/>\n<meta name=\"robots\" content=\"index, follow, max-snippet:-1, max-image-preview:large, max-video-preview:-1\" \/>\n<link rel=\"canonical\" href=\"https:\/\/kidsplay.lt\/lv\/products\/hl1638-elektrinis-vaikiskas-automobilis-baltas\/\" \/>\n<meta property=\"og:locale\" content=\"lv_LV\" \/>\n<meta property=\"og:type\" content=\"article\" \/>\n<meta property=\"og:title\" content=\"HL1638 elektrinis vaiki\u0161kas automobilis baltas\" \/>\n<meta property=\"og:description\" content=\"HL1638 elektrinis vaiki\u0161kas automobilis baltas - KidsPlay. Did\u017eiausias vaik\u0173 \u017eaisl\u0173 pasirinkimas.\" \/>\n<meta property=\"og:url\" content=\"https:\/\/kidsplay.lt\/lv\/products\/hl1638-elektrinis-vaikiskas-automobilis-baltas\/\" \/>\n<meta property=\"og:site_name\" content=\"KidsPlay\" \/>\n<meta property=\"article:publisher\" content=\"https:\/\/www.facebook.com\/www.kidsplay.lt\" \/>\n<meta property=\"article:modified_time\" content=\"2026-04-10T07:03:03+00:00\" \/>\n<meta property=\"og:image\" content=\"https:\/\/kidsplay.lt\/wp-content\/uploads\/2026\/02\/HL1638-elektrinis-vaikiskas-automobilis-baltas.jpg\" \/>\n\t<meta property=\"og:image:width\" content=\"826\" \/>\n\t<meta property=\"og:image:height\" content=\"578\" \/>\n\t<meta property=\"og:image:type\" content=\"image\/jpeg\" \/>\n<meta name=\"twitter:card\" content=\"summary_large_image\" \/>\n<meta name=\"twitter:label1\" content=\"Est. reading time\" \/>\n\t<meta name=\"twitter:data1\" content=\"2 min\u016btes\" \/>\n<script type=\"application\/ld+json\" class=\"yoast-schema-graph\">{\"@context\":\"https:\\\/\\\/schema.org\",\"@graph\":[{\"@type\":\"WebPage\",\"@id\":\"https:\\\/\\\/kidsplay.lt\\\/produktas\\\/hl1638-elektrinis-vaikiskas-automobilis-baltas\\\/\",\"url\":\"https:\\\/\\\/kidsplay.lt\\\/produktas\\\/hl1638-elektrinis-vaikiskas-automobilis-baltas\\\/\",\"name\":\"HL1638 elektrinis vaiki\u0161kas automobilis baltas\",\"isPartOf\":{\"@id\":\"https:\\\/\\\/kidsplay.lt\\\/#website\"},\"primaryImageOfPage\":{\"@id\":\"https:\\\/\\\/kidsplay.lt\\\/produktas\\\/hl1638-elektrinis-vaikiskas-automobilis-baltas\\\/#primaryimage\"},\"image\":{\"@id\":\"https:\\\/\\\/kidsplay.lt\\\/produktas\\\/hl1638-elektrinis-vaikiskas-automobilis-baltas\\\/#primaryimage\"},\"thumbnailUrl\":\"https:\\\/\\\/kidsplay.lt\\\/wp-content\\\/uploads\\\/2026\\\/02\\\/HL1638-elektrinis-vaikiskas-automobilis-baltas.jpg\",\"datePublished\":\"2026-02-25T18:42:45+00:00\",\"dateModified\":\"2026-04-10T07:03:03+00:00\",\"description\":\"HL1638 elektrinis vaiki\u0161kas automobilis baltas - KidsPlay. Did\u017eiausias vaik\u0173 \u017eaisl\u0173 pasirinkimas.\",\"breadcrumb\":{\"@id\":\"https:\\\/\\\/kidsplay.lt\\\/produktas\\\/hl1638-elektrinis-vaikiskas-automobilis-baltas\\\/#breadcrumb\"},\"inLanguage\":\"lv-LV\",\"potentialAction\":[{\"@type\":\"ReadAction\",\"target\":[\"https:\\\/\\\/kidsplay.lt\\\/produktas\\\/hl1638-elektrinis-vaikiskas-automobilis-baltas\\\/\"]}]},{\"@type\":\"ImageObject\",\"inLanguage\":\"lv-LV\",\"@id\":\"https:\\\/\\\/kidsplay.lt\\\/produktas\\\/hl1638-elektrinis-vaikiskas-automobilis-baltas\\\/#primaryimage\",\"url\":\"https:\\\/\\\/kidsplay.lt\\\/wp-content\\\/uploads\\\/2026\\\/02\\\/HL1638-elektrinis-vaikiskas-automobilis-baltas.jpg\",\"contentUrl\":\"https:\\\/\\\/kidsplay.lt\\\/wp-content\\\/uploads\\\/2026\\\/02\\\/HL1638-elektrinis-vaikiskas-automobilis-baltas.jpg\",\"width\":826,\"height\":578,\"caption\":\"HL1638 elektrinis vaiki\u0161kas automobilis baltas\"},{\"@type\":\"BreadcrumbList\",\"@id\":\"https:\\\/\\\/kidsplay.lt\\\/produktas\\\/hl1638-elektrinis-vaikiskas-automobilis-baltas\\\/#breadcrumb\",\"itemListElement\":[{\"@type\":\"ListItem\",\"position\":1,\"name\":\"Pagrindinis\",\"item\":\"https:\\\/\\\/kidsplay.lt\\\/\"},{\"@type\":\"ListItem\",\"position\":2,\"name\":\"Parduotuv\u0117\",\"item\":\"https:\\\/\\\/kidsplay.lt\\\/parduotuve\\\/\"},{\"@type\":\"ListItem\",\"position\":3,\"name\":\"HL1638 elektrinis vaiki\u0161kas automobilis baltas\"}]},{\"@type\":\"WebSite\",\"@id\":\"https:\\\/\\\/kidsplay.lt\\\/#website\",\"url\":\"https:\\\/\\\/kidsplay.lt\\\/\",\"name\":\"Kidsplay.lt\",\"description\":\"\u012evairios prek\u0117s vaikams\",\"publisher\":{\"@id\":\"https:\\\/\\\/kidsplay.lt\\\/#organization\"},\"alternateName\":\"Kidsplay\",\"potentialAction\":[{\"@type\":\"SearchAction\",\"target\":{\"@type\":\"EntryPoint\",\"urlTemplate\":\"https:\\\/\\\/kidsplay.lt\\\/?s={search_term_string}\"},\"query-input\":{\"@type\":\"PropertyValueSpecification\",\"valueRequired\":true,\"valueName\":\"search_term_string\"}}],\"inLanguage\":\"lv-LV\"},{\"@type\":\"Organization\",\"@id\":\"https:\\\/\\\/kidsplay.lt\\\/#organization\",\"name\":\"KidsPlay\",\"url\":\"https:\\\/\\\/kidsplay.lt\\\/\",\"logo\":{\"@type\":\"ImageObject\",\"inLanguage\":\"lv-LV\",\"@id\":\"https:\\\/\\\/kidsplay.lt\\\/#\\\/schema\\\/logo\\\/image\\\/\",\"url\":\"https:\\\/\\\/kidsplay.lt\\\/wp-content\\\/uploads\\\/2023\\\/07\\\/kidsplay-logo.png\",\"contentUrl\":\"https:\\\/\\\/kidsplay.lt\\\/wp-content\\\/uploads\\\/2023\\\/07\\\/kidsplay-logo.png\",\"width\":451,\"height\":98,\"caption\":\"KidsPlay\"},\"image\":{\"@id\":\"https:\\\/\\\/kidsplay.lt\\\/#\\\/schema\\\/logo\\\/image\\\/\"},\"sameAs\":[\"https:\\\/\\\/www.facebook.com\\\/www.kidsplay.lt\"]}]}<\/script>\n<!-- \/ Yoast SEO plugin. -->","yoast_head_json":{"title":"HL1638 elektrinis vaiki\u0161kas automobilis baltas","description":"HL1638 elektrinis vaiki\u0161kas automobilis baltas - KidsPlay. Did\u017eiausias vaik\u0173 \u017eaisl\u0173 pasirinkimas.","robots":{"index":"index","follow":"follow","max-snippet":"max-snippet:-1","max-image-preview":"max-image-preview:large","max-video-preview":"max-video-preview:-1"},"canonical":"https:\/\/kidsplay.lt\/lv\/products\/hl1638-elektrinis-vaikiskas-automobilis-baltas\/","og_locale":"lv_LV","og_type":"article","og_title":"HL1638 elektrinis vaiki\u0161kas automobilis baltas","og_description":"HL1638 elektrinis vaiki\u0161kas automobilis baltas - KidsPlay. Did\u017eiausias vaik\u0173 \u017eaisl\u0173 pasirinkimas.","og_url":"https:\/\/kidsplay.lt\/lv\/products\/hl1638-elektrinis-vaikiskas-automobilis-baltas\/","og_site_name":"KidsPlay","article_publisher":"https:\/\/www.facebook.com\/www.kidsplay.lt","article_modified_time":"2026-04-10T07:03:03+00:00","og_image":[{"width":826,"height":578,"url":"https:\/\/kidsplay.lt\/wp-content\/uploads\/2026\/02\/HL1638-elektrinis-vaikiskas-automobilis-baltas.jpg","type":"image\/jpeg"}],"twitter_card":"summary_large_image","twitter_misc":{"Est. reading time":"2 min\u016btes"},"schema":{"@context":"https:\/\/schema.org","@graph":[{"@type":"WebPage","@id":"https:\/\/kidsplay.lt\/produktas\/hl1638-elektrinis-vaikiskas-automobilis-baltas\/","url":"https:\/\/kidsplay.lt\/produktas\/hl1638-elektrinis-vaikiskas-automobilis-baltas\/","name":"HL1638 elektrinis vaiki\u0161kas automobilis baltas","isPartOf":{"@id":"https:\/\/kidsplay.lt\/#website"},"primaryImageOfPage":{"@id":"https:\/\/kidsplay.lt\/produktas\/hl1638-elektrinis-vaikiskas-automobilis-baltas\/#primaryimage"},"image":{"@id":"https:\/\/kidsplay.lt\/produktas\/hl1638-elektrinis-vaikiskas-automobilis-baltas\/#primaryimage"},"thumbnailUrl":"https:\/\/kidsplay.lt\/wp-content\/uploads\/2026\/02\/HL1638-elektrinis-vaikiskas-automobilis-baltas.jpg","datePublished":"2026-02-25T18:42:45+00:00","dateModified":"2026-04-10T07:03:03+00:00","description":"HL1638 elektrinis vaiki\u0161kas automobilis baltas - KidsPlay. Did\u017eiausias vaik\u0173 \u017eaisl\u0173 pasirinkimas.","breadcrumb":{"@id":"https:\/\/kidsplay.lt\/produktas\/hl1638-elektrinis-vaikiskas-automobilis-baltas\/#breadcrumb"},"inLanguage":"lv-LV","potentialAction":[{"@type":"ReadAction","target":["https:\/\/kidsplay.lt\/produktas\/hl1638-elektrinis-vaikiskas-automobilis-baltas\/"]}]},{"@type":"ImageObject","inLanguage":"lv-LV","@id":"https:\/\/kidsplay.lt\/produktas\/hl1638-elektrinis-vaikiskas-automobilis-baltas\/#primaryimage","url":"https:\/\/kidsplay.lt\/wp-content\/uploads\/2026\/02\/HL1638-elektrinis-vaikiskas-automobilis-baltas.jpg","contentUrl":"https:\/\/kidsplay.lt\/wp-content\/uploads\/2026\/02\/HL1638-elektrinis-vaikiskas-automobilis-baltas.jpg","width":826,"height":578,"caption":"HL1638 elektrinis vaiki\u0161kas automobilis baltas"},{"@type":"BreadcrumbList","@id":"https:\/\/kidsplay.lt\/produktas\/hl1638-elektrinis-vaikiskas-automobilis-baltas\/#breadcrumb","itemListElement":[{"@type":"ListItem","position":1,"name":"Pagrindinis","item":"https:\/\/kidsplay.lt\/"},{"@type":"ListItem","position":2,"name":"Parduotuv\u0117","item":"https:\/\/kidsplay.lt\/parduotuve\/"},{"@type":"ListItem","position":3,"name":"HL1638 elektrinis vaiki\u0161kas automobilis baltas"}]},{"@type":"WebSite","@id":"https:\/\/kidsplay.lt\/#website","url":"https:\/\/kidsplay.lt\/","name":"B\u0113rnu sp\u0113les.lv","description":"\u012evairios prek\u0117s vaikams","publisher":{"@id":"https:\/\/kidsplay.lt\/#organization"},"alternateName":"Kidsplay","potentialAction":[{"@type":"SearchAction","target":{"@type":"EntryPoint","urlTemplate":"https:\/\/kidsplay.lt\/?s={search_term_string}"},"query-input":{"@type":"PropertyValueSpecification","valueRequired":true,"valueName":"search_term_string"}}],"inLanguage":"lv-LV"},{"@type":"Organization","@id":"https:\/\/kidsplay.lt\/#organization","name":"B\u0113rnu sp\u0113le","url":"https:\/\/kidsplay.lt\/","logo":{"@type":"ImageObject","inLanguage":"lv-LV","@id":"https:\/\/kidsplay.lt\/#\/schema\/logo\/image\/","url":"https:\/\/kidsplay.lt\/wp-content\/uploads\/2023\/07\/kidsplay-logo.png","contentUrl":"https:\/\/kidsplay.lt\/wp-content\/uploads\/2023\/07\/kidsplay-logo.png","width":451,"height":98,"caption":"KidsPlay"},"image":{"@id":"https:\/\/kidsplay.lt\/#\/schema\/logo\/image\/"},"sameAs":["https:\/\/www.facebook.com\/www.kidsplay.lt"]}]}},"_links":{"self":[{"href":"https:\/\/kidsplay.lt\/lv\/wp-json\/wp\/v2\/product\/88805","targetHints":{"allow":["GET"]}}],"collection":[{"href":"https:\/\/kidsplay.lt\/lv\/wp-json\/wp\/v2\/product"}],"about":[{"href":"https:\/\/kidsplay.lt\/lv\/wp-json\/wp\/v2\/types\/product"}],"version-history":[{"count":3,"href":"https:\/\/kidsplay.lt\/lv\/wp-json\/wp\/v2\/product\/88805\/revisions"}],"predecessor-version":[{"id":88817,"href":"https:\/\/kidsplay.lt\/lv\/wp-json\/wp\/v2\/product\/88805\/revisions\/88817"}],"wp:featuredmedia":[{"embeddable":true,"href":"https:\/\/kidsplay.lt\/lv\/wp-json\/wp\/v2\/media\/88807"}],"wp:attachment":[{"href":"https:\/\/kidsplay.lt\/lv\/wp-json\/wp\/v2\/media?parent=88805"}],"wp:term":[{"taxonomy":"product_brand","embeddable":true,"href":"https:\/\/kidsplay.lt\/lv\/wp-json\/wp\/v2\/product_brand?post=88805"},{"taxonomy":"product_cat","embeddable":true,"href":"https:\/\/kidsplay.lt\/lv\/wp-json\/wp\/v2\/product_cat?post=88805"},{"taxonomy":"product_tag","embeddable":true,"href":"https:\/\/kidsplay.lt\/lv\/wp-json\/wp\/v2\/product_tag?post=88805"}],"curies":[{"name":"wp","href":"https:\/\/api.w.org\/{rel}","templated":true}]}}